{"id":10,"date":"2010-09-06T10:50:01","date_gmt":"2010-09-06T10:50:01","guid":{"rendered":"http:\/\/internacional.umh.es\/becas-y-movilidad\/erasmus\/"},"modified":"2025-12-05T14:34:40","modified_gmt":"2025-12-05T13:34:40","slug":"erasmus","status":"publish","type":"page","link":"https:\/\/internacional.umh.es\/ca\/movilidad\/estudiantes\/erasmus\/","title":{"rendered":"ERASMUS"},"content":{"rendered":"<p><img loading=\"lazy\" class=\"alignnone wp-image-17289\" title=\"Les sessions informatives i programa Erasmus+ formen part de l'oferta del Servei de Relacions Internacionals de la UMH\" src=\"https:\/\/internacional.umh.es\/files\/2020\/11\/logo-erasmus-plus-300x61.png\" alt=\"Logo Erasmus+\" width=\"266\" height=\"54\" srcset=\"https:\/\/internacional.umh.es\/files\/2020\/11\/logo-erasmus-plus-300x61.png 300w, https:\/\/internacional.umh.es\/files\/2020\/11\/logo-erasmus-plus-768x156.png 768w, https:\/\/internacional.umh.es\/files\/2020\/11\/logo-erasmus-plus-1024x209.png 1024w, https:\/\/internacional.umh.es\/files\/2020\/11\/logo-erasmus-plus.png 1758w\" sizes=\"(max-width: 266px) 100vw, 266px\" \/><img loading=\"lazy\" class=\"alignnone wp-image-17766\" title=\"La Uni\u00f3 Europea cofinan\u00e7a alguns dels programes Erasmus+ de la UMH actualment\" src=\"https:\/\/internacional.umh.es\/files\/2021\/01\/logo-cofinanciado-ue-300x69.png\" alt=\"Cofinan\u00e7at pel programa Erasmus+ de la Uni\u00f3 Europea programa bot\u00f3\" width=\"283\" height=\"65\" srcset=\"https:\/\/internacional.umh.es\/files\/2021\/01\/logo-cofinanciado-ue-300x69.png 300w, https:\/\/internacional.umh.es\/files\/2021\/01\/logo-cofinanciado-ue.png 512w\" sizes=\"(max-width: 283px) 100vw, 283px\" \/><\/p>\n<hr>\n<ul>\n<li><a title=\"Desc\u00e0rrega el pdf en una nova finestra\" href=\"https:\/\/internacional.umh.es\/files\/2021\/05\/Erasmus-Charter-for-Higher-Education.pdf\" target=\"_blank\" rel=\"noopener noreferrer\">Carta Erasmus 2021-2027 (710Kb angl\u00e9s .pdf)<\/a><\/li>\n<li><a href=\"https:\/\/internacional.umh.es\/ca\/files\/2016\/01\/UMH-international-policy-statement.pdf\" target=\"_blank\" rel=\"noopener noreferrer\">UMH International Policy Statement (40Kb angl\u00e9s .pdf)<\/a><\/li>\n<\/ul>\n<hr>\n<p>Tria modalitat per a m\u00e9s informaci\u00f3:<\/p>\n<p><a href=\"https:\/\/internacional.umh.es\/ca\/movilidad\/estudiantes\/erasmus\/erasmus-estudios-2024-2025\/\" rel=\"noopener noreferrer\"><img loading=\"lazy\" class=\"alignnone wp-image-17394\" title=\"Accedeix ara totes les novetats relacionada amb Erasmus+ Estudis\" src=\"https:\/\/internacional.umh.es\/files\/2022\/06\/Erasmus-Estudis-boto-1.png\" alt=\"Erasmus+ estudis bot\u00f3\" width=\"217\" height=\"122\"><\/a>&nbsp;<a href=\"https:\/\/internacional.umh.es\/ca\/movilidad\/estudiantes\/erasmus\/erasmuspracticas\/\" rel=\"noopener noreferrer\"><img loading=\"lazy\" class=\"alignnone wp-image-17393\" title=\"Accedeix ara totes les novetats relacionada amb Erasmus+ Pr\u00e0ctiques\" src=\"https:\/\/internacional.umh.es\/files\/2022\/06\/Erasmus-Practiques-boto.png\" alt=\"Erasmus+ Pr\u00e0ctiques bot\u00f3\" width=\"217\" height=\"122\"><\/a>&nbsp;<a href=\"https:\/\/internacional.umh.es\/ca\/movilidad\/estudiantes\/erasmus\/movilidad-internacional-erasmus-con-paises-asociados\/\" rel=\"noopener noreferrer\"><img loading=\"lazy\" class=\"alignnone wp-image-17396\" title=\"Accedeix ara totes les novetats relacionada amb Erasmus+ amb pa\u00efsos associats (K107)\" src=\"https:\/\/internacional.umh.es\/files\/2022\/06\/Erasmus-Paissos-Associats-boto.png\" alt=\"Erasmus+ amb pa\u00efsos associats (K107) bot\u00f3\" width=\"217\" height=\"123\"><\/a><\/p>\n<hr>\n<h3><strong>2n Test de nivell per a programa Erasmus+<\/strong><\/h3>\n<p style=\"text-align: justify\"><strong>(28\/02\/23):<\/strong> El <strong>Centre d&#8217;Idiomes de la Universitat Miguel Hern\u00e1ndez d&#8217;Elx organitza al mar\u00e7 les proves de nivell <\/strong>per als idiomes <strong>angl\u00e9s, franc\u00e9s, itali\u00e0 i\/o alemany<\/strong>.<\/p>\n<p style=\"text-align: justify\">Podran presentar-se tant estudiants com professors, o membres del Personal d&#8217;Administraci\u00f3 i Serveis (PAS) de la UMH que vulguen participar en el programa Erasmus+ o programa de mobilitat durant el curs 2023\/2024 i que no puguen acreditar el seu nivell amb un t\u00edtol oficial. El <strong>termini de matr\u00edcula<\/strong> per a angl\u00e9s, franc\u00e9s i alemany \u00e9s <strong>fins al 2 de mar\u00e7 a les 14:00h.<\/strong> (<u>places limitades<\/u>).<\/p>\n<ul>\n<li><a title=\"Ho veur\u00e0s en una nova finestra\" href=\"https:\/\/www.idiomasumh.es\/es\/test-de-nivel\/erasmus\" target=\"_blank\" rel=\"noopener noreferrer\">Consulta tota la informaci\u00f3 en la web del Centre d&#8217;Idiomes de la UMH<\/a><\/li>\n<\/ul>\n<hr>\n<h3><strong>Test de nivell per a programa Erasmus+<\/strong><\/h3>\n<p style=\"text-align: justify\"><strong>(29\/11\/21): <\/strong>El <strong>Centre d&#8217;Idiomes de la UMH organitza les proves de nivell <\/strong>per als idiomes <strong>angl\u00e9s, franc\u00e9s, itali\u00e0 i\/o alemany<\/strong>.<\/p>\n<p style=\"text-align: justify\">Podran presentar-se tant estudiants com professors de la UMH o membres del Personal d&#8217;Administraci\u00f3 i Serveis (PAS) de la UMH que vulguen participar en el programa Erasmus o programa de mobilitat durant el curs 2022\/2023 i que no puguen acreditar el seu nivell amb un t\u00edtol oficial.<\/p>\n<ul>\n<li><a title=\"Ho veur\u00e0s en una nova finestra\" href=\"https:\/\/www.idiomasumh.es\/es\/test-de-nivel\/erasmus\" target=\"_blank\" rel=\"noopener noreferrer\">Consulta tota la informaci\u00f3 en la web del Centre d&#8217;Idiomes de la UMH<\/a><\/li>\n<\/ul>\n<hr>\n<h3><strong>Sessions informatives<\/strong><\/h3>\n<p style=\"text-align: justify\">El <strong>dijous 5 de novembre de 2020 <\/strong>el Servei de Relacions Internacionals, Cooperaci\u00f3 al Desenvolupament i Voluntariat ha desenvolupat les sessions informatives en l\u00ednia sobre els programes de mobilitat ERASMUS, SICUE i DEST\u00cd per al curs 2021\/2022.<\/p>\n<ul>\n<li><a title=\"Ho veur\u00e0s en una nova finestra\" href=\"https:\/\/internacional.umh.es\/files\/2021\/02\/Programas-de-movilidad-curso-21-22.pptx\" target=\"_blank\" rel=\"noopener noreferrer\">Desc\u00e0rrega la presentaci\u00f3 que es va exposar durant les sessions informatives sobre programes de mobilitat curs 21-22 (871Kb Castell\u00e0 .pdf)<\/a><\/li>\n<\/ul>\n<p style=\"text-align: justify\">D&#8217;ac\u00ed a poc compartirem un document de preguntes i respostes per a aclarir tots els dubtes plantejats en les sessions.<\/p>\n<hr>\n<p><a href=\"https:\/\/internacional.umh.es\/ca\/quienes-somos\/coordinadores-de-movilidad\/\"><img loading=\"lazy\" class=\"alignnone wp-image-16358\" title=\"Coneix amb m\u00e9s detall als coordinadors de mobilitat de la UMH\" src=\"https:\/\/internacional.umh.es\/files\/2020\/08\/COORDINADORES-DE-MOVILIDAD-11-150x150.png\" alt=\"Coordinadors de mobilitat UMH bot\u00f3\" width=\"142\" height=\"142\" srcset=\"https:\/\/internacional.umh.es\/files\/2020\/08\/COORDINADORES-DE-MOVILIDAD-11-150x150.png 150w, https:\/\/internacional.umh.es\/files\/2020\/08\/COORDINADORES-DE-MOVILIDAD-11-300x300.png 300w, https:\/\/internacional.umh.es\/files\/2020\/08\/COORDINADORES-DE-MOVILIDAD-11-32x32.png 32w, https:\/\/internacional.umh.es\/files\/2020\/08\/COORDINADORES-DE-MOVILIDAD-11-64x64.png 64w, https:\/\/internacional.umh.es\/files\/2020\/08\/COORDINADORES-DE-MOVILIDAD-11-96x96.png 96w, https:\/\/internacional.umh.es\/files\/2020\/08\/COORDINADORES-DE-MOVILIDAD-11-128x128.png 128w, https:\/\/internacional.umh.es\/files\/2020\/08\/COORDINADORES-DE-MOVILIDAD-11.png 591w\" sizes=\"(max-width: 142px) 100vw, 142px\" \/><\/a><a href=\"https:\/\/internacional.umh.es\/files\/2016\/11\/FAQ-Programa-ERASMUS-1.pdf\" target=\"_blank\" rel=\"noopener noreferrer\"><img loading=\"lazy\" class=\"alignnone wp-image-16355\" title=\"Desc\u00e0rrega el document FAQ de preguntes precuentes sobre el Programa ERASMUS en pdf (140Kb .pdf)\" src=\"https:\/\/internacional.umh.es\/files\/2020\/08\/COORDINADORES-DE-MOVILIDAD-13-150x150.png\" alt=\"Preguntes freq\u00fcents UMH bot\u00f3\" width=\"143\" height=\"143\" srcset=\"https:\/\/internacional.umh.es\/files\/2020\/08\/COORDINADORES-DE-MOVILIDAD-13-150x150.png 150w, https:\/\/internacional.umh.es\/files\/2020\/08\/COORDINADORES-DE-MOVILIDAD-13-300x300.png 300w, https:\/\/internacional.umh.es\/files\/2020\/08\/COORDINADORES-DE-MOVILIDAD-13-32x32.png 32w, https:\/\/internacional.umh.es\/files\/2020\/08\/COORDINADORES-DE-MOVILIDAD-13-64x64.png 64w, https:\/\/internacional.umh.es\/files\/2020\/08\/COORDINADORES-DE-MOVILIDAD-13-96x96.png 96w, https:\/\/internacional.umh.es\/files\/2020\/08\/COORDINADORES-DE-MOVILIDAD-13-128x128.png 128w, https:\/\/internacional.umh.es\/files\/2020\/08\/COORDINADORES-DE-MOVILIDAD-13.png 591w\" sizes=\"(max-width: 143px) 100vw, 143px\" \/><\/a><a href=\"https:\/\/internacional.umh.es\/ca\/movilidad\/estudiantes\/erasmus\/convocatorias-anteriores\"><img loading=\"lazy\" class=\"alignnone wp-image-16356\" title=\"Accedeix ara al llistat de convocat\u00f2ries anteriors Erasmus+ de la UMH\" src=\"https:\/\/internacional.umh.es\/files\/2020\/08\/COORDINADORES-DE-MOVILIDAD-12-150x150.png\" alt=\"Convocat\u00f2ries anteriors UMH bot\u00f3\" width=\"146\" height=\"146\" srcset=\"https:\/\/internacional.umh.es\/files\/2020\/08\/COORDINADORES-DE-MOVILIDAD-12-150x150.png 150w, https:\/\/internacional.umh.es\/files\/2020\/08\/COORDINADORES-DE-MOVILIDAD-12-300x300.png 300w, https:\/\/internacional.umh.es\/files\/2020\/08\/COORDINADORES-DE-MOVILIDAD-12-32x32.png 32w, https:\/\/internacional.umh.es\/files\/2020\/08\/COORDINADORES-DE-MOVILIDAD-12-64x64.png 64w, https:\/\/internacional.umh.es\/files\/2020\/08\/COORDINADORES-DE-MOVILIDAD-12-96x96.png 96w, https:\/\/internacional.umh.es\/files\/2020\/08\/COORDINADORES-DE-MOVILIDAD-12-128x128.png 128w, https:\/\/internacional.umh.es\/files\/2020\/08\/COORDINADORES-DE-MOVILIDAD-12.png 591w\" sizes=\"(max-width: 146px) 100vw, 146px\" \/><\/a><a href=\"http:\/\/www.idiomasumh.es\/es\/test-de-nivel\/erasmus\" target=\"_blank\" rel=\"noopener noreferrer\"><img loading=\"lazy\" class=\"alignnone wp-image-16352\" title=\"Ho veur\u00e0s en una nova finestra\" src=\"https:\/\/internacional.umh.es\/files\/2020\/08\/COORDINADORES-DE-MOVILIDAD-14-150x150.png\" alt=\"Prova de nivell UMH bot\u00f3\" width=\"144\" height=\"144\" srcset=\"https:\/\/internacional.umh.es\/files\/2020\/08\/COORDINADORES-DE-MOVILIDAD-14-150x150.png 150w, https:\/\/internacional.umh.es\/files\/2020\/08\/COORDINADORES-DE-MOVILIDAD-14-300x300.png 300w, https:\/\/internacional.umh.es\/files\/2020\/08\/COORDINADORES-DE-MOVILIDAD-14-32x32.png 32w, https:\/\/internacional.umh.es\/files\/2020\/08\/COORDINADORES-DE-MOVILIDAD-14-64x64.png 64w, https:\/\/internacional.umh.es\/files\/2020\/08\/COORDINADORES-DE-MOVILIDAD-14-96x96.png 96w, https:\/\/internacional.umh.es\/files\/2020\/08\/COORDINADORES-DE-MOVILIDAD-14-128x128.png 128w, https:\/\/internacional.umh.es\/files\/2020\/08\/COORDINADORES-DE-MOVILIDAD-14.png 591w\" sizes=\"(max-width: 144px) 100vw, 144px\" \/><\/a> <a href=\"https:\/\/internacional.umh.es\/category\/experiencias\/\"><img loading=\"lazy\" class=\"alignnone wp-image-16359\" title=\"Descobreix ara les interessants experi\u00e8ncies d'estudiants, PAS i PDI UMH\" src=\"https:\/\/internacional.umh.es\/files\/2020\/08\/COORDINADORES-DE-MOVILIDAD-16-150x150.png\" alt=\"Experi\u00e8ncies UMH bot\u00f3\" width=\"138\" height=\"138\"><\/a><\/p>\n<p style=\"text-align: justify\">El <strong>Programa LLP\/ERASMUS<\/strong> possibilita la realitzaci\u00f3 d&#8217;un per\u00edode d&#8217;estudis, de 3 a 9 mesos de duraci\u00f3, en una altra universitat europea, amb el reconeixement autom\u00e0tic de les qualificacions i estudis realitzats. Per a aix\u00f2, l&#8217;estudiant haur\u00e0 d&#8217;emplenar un contracte acad\u00e8mic en el qual detallar\u00e0 les assignatures a cursar en destinaci\u00f3 i que ha de ser acceptat per la instituci\u00f3 d&#8217;origen i la de destinaci\u00f3, abans que l&#8217;estudiant realitze l&#8217;estada. <a title=\"Accedeix ara a informaci\u00f3 sobre els coordinadors de mobilitat en els diferents campus de la UMH\" href=\"https:\/\/internacional.umh.es\/ca\/quienes-somos\/coordinadores-de-movilidad\/\"><strong>Accedeix al llistat de coordinadors de mobilitat de la UMH.<\/strong><\/a><\/p>\n<p style=\"text-align: justify\">Una vegada es trobe en la universitat estrangera, l&#8217;estudiant pot sol\u00b7licitar el canvi d&#8217;aquest contracte acad\u00e8mic en el cas que tinga problemes amb les assignatures, els horaris, les dates d&#8217;impartici\u00f3, etc.<\/p>\n<p style=\"text-align: justify\">Al final de l&#8217;estada a l&#8217;estranger, la instituci\u00f3 d&#8217;acolliment ha de remetre a l&#8217;estudiant Erasmus i a la seua instituci\u00f3 d&#8217;origen un certificat que ha completat el programa acordat i un informe dels seus resultats, aix\u00ed com un certificat d&#8217;estada amb les dates d&#8217;incorporaci\u00f3 i de partida de la instituci\u00f3 d&#8217;acolliment.<\/p>\n<p><a href=\"https:\/\/www.google.com\/maps\/d\/embed?mid=1TgS4v5i6EGEjIi9bHpyamuY6imo&amp;ehbc=2E312F\" target=\"_blank\" title=\"Ho veur\u00e0s en una nova finestra\" rel=\"noopener\">Amplia el mapa de convenis Erasmus<\/a><br \/>\n\n<!-- iframe plugin v.4.5 wordpress.org\/plugins\/iframe\/ -->\n<iframe src=\"https:\/\/www.google.com\/maps\/d\/embed?mid=1TgS4v5i6EGEjIi9bHpyamuY6imo&#038;ehbc=2E312F\" width=\"100%\" height=\"480\" scrolling=\"yes\" class=\"iframe-class\" frameborder=\"0\"><\/iframe>\n<\/p>\n<p style=\"text-align: justify\">Consulta el mapa per a localitzar els acords de la teua facultat amb universitats estrangeres o accedeix a la llista completa (ordenat per facultats).<\/p>\n<p style=\"text-align: justify\">A m\u00e9s d&#8217;aquesta modalitat, tamb\u00e9 \u00e9s possible la realitzaci\u00f3 de <strong>pr\u00e0ctiques en empreses estrangeres <\/strong>per un per\u00edode de 3 a 6 mesos. <a title=\"Coneix ara les novetats d'Erasmus pr\u00e0ctiques en empreses\" href=\"https:\/\/internacional.umh.es\/ca\/movilidad\/estudiantes\/erasmus\/erasmuspracticas\/\">Per a m\u00e9s informaci\u00f3 pots visitar l&#8217;entrada ERASMUS pr\u00e0ctiques en empreses d&#8217;aquesta web.<\/a><\/p>\n<p style=\"text-align: justify\">Les ajudes als estudiants Erasmus s\u00f3n compatibles amb qualsevol altra beca o pr\u00e9stec nacional. Els pagaments es realitzen abans d&#8217;iniciar l&#8217;estada (70%) i una vegada finalitzada la mateixa (30% restant), quan s&#8217;aporte la documentaci\u00f3 requerida.<\/p>\n<p style=\"text-align: justify\">Per a participar en aquest programa, la sol\u00b7licitud ha de <strong>realitzar-se en l\u00ednia des de l&#8217;acc\u00e9s personalitzat<\/strong> de l&#8217;estudiant, disponible \u00fanicament quan est\u00e0 oberta la convocat\u00f2ria.<\/p>\n<p style=\"text-align: justify\">Tots aquells estudiants que estiguen interessats a sol\u00b7licitar una pla\u00e7a ERASMUS, hauran de realitzar la <strong>prova de nivell d&#8217;idiomes<\/strong> per a acreditar el seu coneixement de l&#8217;idioma corresponent.<\/p>\n<ul>\n<li><a href=\"https:\/\/internacional.umh.es\/files\/2015\/10\/Programas-de-movilidad-version-reducida.pptx\" target=\"_blank\" title=\"Ho veur\u00e0s en una nova finestra\" rel=\"noopener\">Desc\u00e0rrega ara la presentaci\u00f3 utilitzada en les sessions informatives sobre Programes de mobilitat (629kb Castell\u00e0 .pdf)<\/a><\/li>\n<li><a title=\"Desc\u00e0rrega ara les recomanacions del Ministeri d'Afers exteriors i Cooperaci\u00f3 per a estudiants Erasmus en pdf\" href=\"https:\/\/internacional.umh.es\/files\/2013\/07\/RECOMENDACIONES-ERASMUS.pdf\" target=\"_blank\" rel=\"noopener noreferrer\">Desc\u00e0rrega ara les Recomanacions si t&#8217;anir\u00e0s d&#8217;ERASMUS (1,64Mb Castell\u00e0 .pdf)<\/a><\/li>\n<\/ul>\n<hr>\n<h3><strong>Requisits:<\/strong><\/h3>\n<ol>\n<li>Ser nacional o resident permanent en algun estat membre de la UE. L&#8217;estudiant ha de posseir la nacionalitat d&#8217;un dels pa\u00efsos participants en el programa, o estar reconeguts pel pa\u00eds en el qual resideix, com a resident permanent, refugiat o ap\u00e0trida.<\/li>\n<li>Ser estudiant de la UMH durant el curs acad\u00e8mic de la sol\u00b7licitud i el del gaudi de l&#8217;ajuda.<\/li>\n<li>No haver realitzat una altra estada Erasmus amb finalitats d&#8217;estudi.<\/li>\n<li>Superar la prova de nivell de coneixement d&#8217;idiomes.<\/p>\n<\/li>\n<\/ol>\n<p style=\"text-align: justify\">Tindran prefer\u00e8ncia en l&#8217;assignaci\u00f3 de places aquells estudiants que hagen superat el 75% dels cr\u00e8dits del 1r curs de la titulaci\u00f3 que estudie.<\/p>\n<h6><strong>Enlla\u00e7os d&#8217;inter\u00e9s:<\/strong><\/h6>\n<ul>\n<li style=\"text-align: justify\"><a title=\"Accedeix ara a m\u00e9s informaci\u00f3 sobre el Club Erasmus UMH\" href=\"https:\/\/internacional.umh.es\/ca\/incoming\/welcome-office\/umh-club-erasmus-experience\/\">Club Erasmus UMH<\/a><\/li>\n<li style=\"text-align: justify\"><a title=\"Ho veur\u00e0s en una nova finestra\" href=\"https:\/\/europedirect.gva.es\/es\/oportunitats-de-formacio-i-ocupacio\" target=\"_blank\" rel=\"noopener noreferrer\">Guia &#8220;Europa. Oportunitats de treball i formaci\u00f3&#8221; de Europe Direct Val\u00e8ncia<\/a><\/li>\n<li style=\"text-align: justify\"><a title=\"Ho veur\u00e0s en una nova finestra\" href=\"https:\/\/esn.org\/studentguidebook\" target=\"_blank\" rel=\"noopener noreferrer\">Student Guidebook ESN<\/a><\/li>\n<li style=\"text-align: justify\"><a title=\"Ho veur\u00e0s en una nova finestra\" href=\"http:\/\/www.european-funding-guide.eu\/\" target=\"_blank\" rel=\"noopener noreferrer\">European Funding Guide<\/a><\/li>\n<\/ul>\n<p>&nbsp;<\/p>","protected":false},"excerpt":{"rendered":"<p>Carta Erasmus 2021-2027 (710Kb angl\u00e9s .pdf)<br \/>\nUMH International Policy Statement (40Kb angl\u00e9s .pdf)<\/p>\n<p>Tria modalitat per a m\u00e9s informaci\u00f3:<br \/>\n&nbsp;&nbsp;<\/p>\n<p>2n Test de nivell per a programa Erasmus+<br \/>\n(28\/02\/23): El Centre d&#8217;Idiomes de la Universitat Miguel Hern\u00e1ndez d&#8217;Elx organitza al mar\u00e7 les proves de nivell per als idiomes angl\u00e9s, franc\u00e9s, itali\u00e0 i\/o alemany.<br \/>\nPodran presentar-se tant estudiants com professors, o membres [&#8230;]<\/p>\n","protected":false},"author":30,"featured_media":0,"parent":169,"menu_order":1,"comment_status":"closed","ping_status":"closed","template":"","meta":{"ngg_post_thumbnail":0,"_links_to":"","_links_to_target":""},"yoast_head":"<!-- This site is optimized with the Yoast SEO plugin v17.5 - https:\/\/yoast.com\/wordpress\/plugins\/seo\/ -->\n<meta name=\"description\" content=\"El Programa Erasmus UMH posibilita realizar un per\u00edodo de estudios de 3 a 9 meses en otra universidad europea reconociendo las calificaciones\" \/>\n<meta name=\"robots\" content=\"index, follow, max-snippet:-1, max-image-preview:large, max-video-preview:-1\" \/>\n<link rel=\"canonical\" href=\"https:\/\/internacional.umh.es\/ca\/movilidad\/estudiantes\/erasmus\/\" \/>\n<meta property=\"og:locale\" content=\"ca_ES\" \/>\n<meta property=\"og:type\" content=\"article\" \/>\n<meta property=\"og:title\" content=\"ERASMUS - Internacionalitzaci\u00f3 i Cooperaci\u00f3\" \/>\n<meta property=\"og:description\" content=\"El Programa Erasmus UMH posibilita realizar un per\u00edodo de estudios de 3 a 9 meses en otra universidad europea reconociendo las calificaciones\" \/>\n<meta property=\"og:url\" content=\"https:\/\/internacional.umh.es\/movilidad\/estudiantes\/erasmus\/\" \/>\n<meta property=\"og:site_name\" content=\"Internacionalitzaci\u00f3 i Cooperaci\u00f3\" \/>\n<meta property=\"article:modified_time\" content=\"2025-12-05T13:34:40+00:00\" \/>\n<meta property=\"og:image\" content=\"https:\/\/internacional.umh.es\/files\/2020\/11\/logo-erasmus-plus-300x61.png\" \/>\n<meta name=\"twitter:card\" content=\"summary_large_image\" \/>\n<meta name=\"twitter:label1\" content=\"Est. reading time\" \/>\n\t<meta name=\"twitter:data1\" content=\"7 minuts\" \/>\n<script type=\"application\/ld+json\" class=\"yoast-schema-graph\">{\"@context\":\"https:\/\/schema.org\",\"@graph\":[{\"@type\":\"WebSite\",\"@id\":\"https:\/\/internacional.umh.es\/en\/#website\",\"url\":\"https:\/\/internacional.umh.es\/en\/\",\"name\":\"Internacionalitzaci\\u00f3 i Cooperaci\\u00f3\",\"description\":\"Universitat Miguel Hern\\u00e1ndez d&#039;Elx\",\"potentialAction\":[{\"@type\":\"SearchAction\",\"target\":{\"@type\":\"EntryPoint\",\"urlTemplate\":\"https:\/\/internacional.umh.es\/en\/?s={search_term_string}\"},\"query-input\":\"required name=search_term_string\"}],\"inLanguage\":\"ca\"},{\"@type\":\"ImageObject\",\"@id\":\"https:\/\/internacional.umh.es\/movilidad\/estudiantes\/erasmus\/#primaryimage\",\"inLanguage\":\"ca\",\"url\":\"https:\/\/internacional.umh.es\/files\/2020\/11\/logo-erasmus-plus.png\",\"contentUrl\":\"https:\/\/internacional.umh.es\/files\/2020\/11\/logo-erasmus-plus.png\",\"width\":1758,\"height\":358,\"caption\":\"Logo Erasmus+\"},{\"@type\":\"WebPage\",\"@id\":\"https:\/\/internacional.umh.es\/movilidad\/estudiantes\/erasmus\/#webpage\",\"url\":\"https:\/\/internacional.umh.es\/movilidad\/estudiantes\/erasmus\/\",\"name\":\"ERASMUS - Internacionalitzaci\\u00f3 i Cooperaci\\u00f3\",\"isPartOf\":{\"@id\":\"https:\/\/internacional.umh.es\/en\/#website\"},\"primaryImageOfPage\":{\"@id\":\"https:\/\/internacional.umh.es\/movilidad\/estudiantes\/erasmus\/#primaryimage\"},\"datePublished\":\"2010-09-06T10:50:01+00:00\",\"dateModified\":\"2025-12-05T13:34:40+00:00\",\"description\":\"El Programa Erasmus UMH posibilita realizar un per\\u00edodo de estudios de 3 a 9 meses en otra universidad europea reconociendo las calificaciones\",\"breadcrumb\":{\"@id\":\"https:\/\/internacional.umh.es\/movilidad\/estudiantes\/erasmus\/#breadcrumb\"},\"inLanguage\":\"ca\",\"potentialAction\":[{\"@type\":\"ReadAction\",\"target\":[\"https:\/\/internacional.umh.es\/movilidad\/estudiantes\/erasmus\/\"]}]},{\"@type\":\"BreadcrumbList\",\"@id\":\"https:\/\/internacional.umh.es\/movilidad\/estudiantes\/erasmus\/#breadcrumb\",\"itemListElement\":[{\"@type\":\"ListItem\",\"position\":1,\"name\":\"Home\",\"item\":\"https:\/\/internacional.umh.es\/en\/\"},{\"@type\":\"ListItem\",\"position\":2,\"name\":\"MOBILITY\",\"item\":\"https:\/\/internacional.umh.es\/en\/movilidad\/\"},{\"@type\":\"ListItem\",\"position\":3,\"name\":\"Estudiantes\",\"item\":\"https:\/\/internacional.umh.es\/movilidad\/estudiantes\/\"},{\"@type\":\"ListItem\",\"position\":4,\"name\":\"ERASMUS\"}]}]}<\/script>\n<!-- \/ Yoast SEO plugin. -->","yoast_head_json":{"description":"El Programa Erasmus UMH posibilita realizar un per\u00edodo de estudios de 3 a 9 meses en otra universidad europea reconociendo las calificaciones","robots":{"index":"index","follow":"follow","max-snippet":"max-snippet:-1","max-image-preview":"max-image-preview:large","max-video-preview":"max-video-preview:-1"},"canonical":"https:\/\/internacional.umh.es\/ca\/movilidad\/estudiantes\/erasmus\/","og_locale":"ca_ES","og_type":"article","og_title":"ERASMUS - Internacionalitzaci\u00f3 i Cooperaci\u00f3","og_description":"El Programa Erasmus UMH posibilita realizar un per\u00edodo de estudios de 3 a 9 meses en otra universidad europea reconociendo las calificaciones","og_url":"https:\/\/internacional.umh.es\/movilidad\/estudiantes\/erasmus\/","og_site_name":"Internacionalitzaci\u00f3 i Cooperaci\u00f3","article_modified_time":"2025-12-05T13:34:40+00:00","og_image":[{"url":"https:\/\/internacional.umh.es\/files\/2020\/11\/logo-erasmus-plus-300x61.png"}],"twitter_card":"summary_large_image","twitter_misc":{"Est. reading time":"7 minuts"},"schema":{"@context":"https:\/\/schema.org","@graph":[{"@type":"WebSite","@id":"https:\/\/internacional.umh.es\/en\/#website","url":"https:\/\/internacional.umh.es\/en\/","name":"Internacionalitzaci\u00f3 i Cooperaci\u00f3","description":"Universitat Miguel Hern\u00e1ndez d&#039;Elx","potentialAction":[{"@type":"SearchAction","target":{"@type":"EntryPoint","urlTemplate":"https:\/\/internacional.umh.es\/en\/?s={search_term_string}"},"query-input":"required name=search_term_string"}],"inLanguage":"ca"},{"@type":"ImageObject","@id":"https:\/\/internacional.umh.es\/movilidad\/estudiantes\/erasmus\/#primaryimage","inLanguage":"ca","url":"https:\/\/internacional.umh.es\/files\/2020\/11\/logo-erasmus-plus.png","contentUrl":"https:\/\/internacional.umh.es\/files\/2020\/11\/logo-erasmus-plus.png","width":1758,"height":358,"caption":"Logo Erasmus+"},{"@type":"WebPage","@id":"https:\/\/internacional.umh.es\/movilidad\/estudiantes\/erasmus\/#webpage","url":"https:\/\/internacional.umh.es\/movilidad\/estudiantes\/erasmus\/","name":"ERASMUS - Internacionalitzaci\u00f3 i Cooperaci\u00f3","isPartOf":{"@id":"https:\/\/internacional.umh.es\/en\/#website"},"primaryImageOfPage":{"@id":"https:\/\/internacional.umh.es\/movilidad\/estudiantes\/erasmus\/#primaryimage"},"datePublished":"2010-09-06T10:50:01+00:00","dateModified":"2025-12-05T13:34:40+00:00","description":"El Programa Erasmus UMH posibilita realizar un per\u00edodo de estudios de 3 a 9 meses en otra universidad europea reconociendo las calificaciones","breadcrumb":{"@id":"https:\/\/internacional.umh.es\/movilidad\/estudiantes\/erasmus\/#breadcrumb"},"inLanguage":"ca","potentialAction":[{"@type":"ReadAction","target":["https:\/\/internacional.umh.es\/movilidad\/estudiantes\/erasmus\/"]}]},{"@type":"BreadcrumbList","@id":"https:\/\/internacional.umh.es\/movilidad\/estudiantes\/erasmus\/#breadcrumb","itemListElement":[{"@type":"ListItem","position":1,"name":"Home","item":"https:\/\/internacional.umh.es\/en\/"},{"@type":"ListItem","position":2,"name":"MOBILITY","item":"https:\/\/internacional.umh.es\/en\/movilidad\/"},{"@type":"ListItem","position":3,"name":"Estudiantes","item":"https:\/\/internacional.umh.es\/movilidad\/estudiantes\/"},{"@type":"ListItem","position":4,"name":"ERASMUS"}]}]}},"_links":{"self":[{"href":"https:\/\/internacional.umh.es\/ca\/wp-json\/wp\/v2\/pages\/10"}],"collection":[{"href":"https:\/\/internacional.umh.es\/ca\/wp-json\/wp\/v2\/pages"}],"about":[{"href":"https:\/\/internacional.umh.es\/ca\/wp-json\/wp\/v2\/types\/page"}],"author":[{"embeddable":true,"href":"https:\/\/internacional.umh.es\/ca\/wp-json\/wp\/v2\/users\/30"}],"replies":[{"embeddable":true,"href":"https:\/\/internacional.umh.es\/ca\/wp-json\/wp\/v2\/comments?post=10"}],"version-history":[{"count":0,"href":"https:\/\/internacional.umh.es\/ca\/wp-json\/wp\/v2\/pages\/10\/revisions"}],"up":[{"embeddable":true,"href":"https:\/\/internacional.umh.es\/ca\/wp-json\/wp\/v2\/pages\/169"}],"wp:attachment":[{"href":"https:\/\/internacional.umh.es\/ca\/wp-json\/wp\/v2\/media?parent=10"}],"curies":[{"name":"wp","href":"https:\/\/api.w.org\/{rel}","templated":true}]}}