{"id":10271,"date":"2019-03-28T10:15:23","date_gmt":"2019-03-28T09:15:23","guid":{"rendered":"https:\/\/internacional.umh.es\/?page_id=10271"},"modified":"2024-01-22T09:29:42","modified_gmt":"2024-01-22T08:29:42","slug":"formacion-en-voluntariado","status":"publish","type":"page","link":"https:\/\/internacional.umh.es\/ca\/cooperacion-y-voluntariado\/formacion-en-voluntariado\/","title":{"rendered":"Formaci\u00f3 i esdeveniments"},"content":{"rendered":"<p><\/p>\n<p style=\"text-align: justify\">Les universitats exerceixen un paper fonamental en la formaci\u00f3 d&#8217;una ciutadania socialment responsable, que reconega i es comprometa amb els reptes i desafiaments d&#8217;un m\u00f3n global. En conseq\u00fc\u00e8ncia, <b> l&#8217;\u00c0rea de Cooperaci\u00f3 al Desenvolupament i Voluntariat de la UMH,<\/b> t\u00e9 com a objectiu facilitar als membres de la comunitat universit\u00e0ria i molt especialment als seus estudiants, aix\u00ed com a la a la societat en general, la <b>formaci\u00f3<\/b> en cooperaci\u00f3 universit\u00e0ria al desenvolupament, i la participaci\u00f3 com a voluntaris\/as en programes propis o en programes d&#8217;altres organitzacions del tercer sector.<\/p>\n<p style=\"text-align: justify\"> La UMH, a trav\u00e9s de la seua \u00c0rea de Cooperaci\u00f3 al Desenvolupament i Voluntariat t\u00e9 com un dels seus compromisos b\u00e0sics la <b>sensibilitzaci\u00f3<\/b>, no sols de la comunitat universit\u00e0ria, sin\u00f3 tamb\u00e9 del seu entorn en mat\u00e8ria de participaci\u00f3 social i cooperaci\u00f3 al Desenvolupament. En aquesta secci\u00f3 es poden consultar totes les <b>activitats, jornades, tallers i esdeveniments formatius<\/b> propis de l&#8217;\u00c0rea de Cooperaci\u00f3 al Desenvolupament i Voluntariat de la nostra universitat, aix\u00ed com de fundacions, associacions, ONGs i ONGD, a trav\u00e9s de les que la comunitat universit\u00e0ria i no universit\u00e0ria, podr\u00e0 descobrir, con\u00e9ixer, formar-se i participar en aquestes activitats.<\/p>\n<p><a href=\"https:\/\/internacional.umh.es\/ca\/cooperacion-y-voluntariado\/formacion-en-voluntariado\/eventos\/\" title=\"Accedeix ara a esdeveniments relacionats amb formaci\u00f3 en voluntariat realitzats per la UMH\"><img loading=\"lazy\" class=\"wp-image-16593 alignnone\" src=\"https:\/\/internacional.umh.es\/files\/2020\/09\/COORDINADORES-DE-MOVILIDAD-1-300x300.png\" alt=\"Esdeveniments CUD bot\u00f3 UMH\" width=\"199\" height=\"199\" srcset=\"https:\/\/internacional.umh.es\/files\/2020\/09\/COORDINADORES-DE-MOVILIDAD-1-300x300.png 300w, https:\/\/internacional.umh.es\/files\/2020\/09\/COORDINADORES-DE-MOVILIDAD-1-150x150.png 150w, https:\/\/internacional.umh.es\/files\/2020\/09\/COORDINADORES-DE-MOVILIDAD-1-32x32.png 32w, https:\/\/internacional.umh.es\/files\/2020\/09\/COORDINADORES-DE-MOVILIDAD-1-64x64.png 64w, https:\/\/internacional.umh.es\/files\/2020\/09\/COORDINADORES-DE-MOVILIDAD-1-96x96.png 96w, https:\/\/internacional.umh.es\/files\/2020\/09\/COORDINADORES-DE-MOVILIDAD-1-128x128.png 128w, https:\/\/internacional.umh.es\/files\/2020\/09\/COORDINADORES-DE-MOVILIDAD-1.png 591w\" sizes=\"(max-width: 199px) 100vw, 199px\" \/><\/a><a href=\"https:\/\/internacional.umh.es\/ca\/cooperacion-y-voluntariado\/formacion-en-voluntariado\/formacion\/\" title=\"Accedeix ara a activitats de formaci\u00f3 en cooperaci\u00f3 i voluntariat realitzades per la UMH\"><img loading=\"lazy\" class=\"wp-image-16590 alignleft\" src=\"https:\/\/internacional.umh.es\/files\/2020\/09\/COORDINADORES-DE-MOVILIDAD-300x300.png\" alt=\"Formaci\u00f3 en Cooperaci\u00f3 Universit\u00e0ria al Desenvolupament bot\u00f3 UMH\" title=\"Accedeix ara a activitats de formaci\u00f3 en cooperaci\u00f3 i voluntariat realitzades per la UMH\" width=\"197\" height=\"197\" srcset=\"https:\/\/internacional.umh.es\/files\/2020\/09\/COORDINADORES-DE-MOVILIDAD-300x300.png 300w, https:\/\/internacional.umh.es\/files\/2020\/09\/COORDINADORES-DE-MOVILIDAD-150x150.png 150w, https:\/\/internacional.umh.es\/files\/2020\/09\/COORDINADORES-DE-MOVILIDAD-32x32.png 32w, https:\/\/internacional.umh.es\/files\/2020\/09\/COORDINADORES-DE-MOVILIDAD-64x64.png 64w, https:\/\/internacional.umh.es\/files\/2020\/09\/COORDINADORES-DE-MOVILIDAD-96x96.png 96w, https:\/\/internacional.umh.es\/files\/2020\/09\/COORDINADORES-DE-MOVILIDAD-128x128.png 128w, https:\/\/internacional.umh.es\/files\/2020\/09\/COORDINADORES-DE-MOVILIDAD.png 591w\" sizes=\"(max-width: 197px) 100vw, 197px\" \/><\/a><br \/>\n&nbsp;<\/p>","protected":false},"excerpt":{"rendered":"<p>Les universitats exerceixen un paper fonamental en la formaci\u00f3 d&#8217;una ciutadania socialment responsable, que reconega i es comprometa amb els reptes i desafiaments d&#8217;un m\u00f3n global. En conseq\u00fc\u00e8ncia,  l&#8217;\u00c0rea de Cooperaci\u00f3 al Desenvolupament i Voluntariat de la UMH, t\u00e9 com a objectiu facilitar als membres de la comunitat universit\u00e0ria i molt especialment als seus [&#8230;]<\/p>\n","protected":false},"author":32,"featured_media":0,"parent":3982,"menu_order":4,"comment_status":"closed","ping_status":"closed","template":"","meta":{"ngg_post_thumbnail":0,"_links_to":"","_links_to_target":""},"yoast_head":"<!-- This site is optimized with the Yoast SEO plugin v17.5 - https:\/\/yoast.com\/wordpress\/plugins\/seo\/ -->\n<meta name=\"description\" content=\"El \u00c1rea de Cooperaci\u00f3n al Desarrollo y Voluntariado UMH facilita formaci\u00f3n en cooperaci\u00f3n universitaria al desarrollo y voluntariado.\" \/>\n<meta name=\"robots\" content=\"index, follow, max-snippet:-1, max-image-preview:large, max-video-preview:-1\" \/>\n<link rel=\"canonical\" href=\"https:\/\/internacional.umh.es\/ca\/cooperacion-y-voluntariado\/formacion-en-voluntariado\/\" \/>\n<meta property=\"og:locale\" content=\"ca_ES\" \/>\n<meta property=\"og:type\" content=\"article\" \/>\n<meta property=\"og:title\" content=\"Formaci\u00f3 i esdeveniments - Internacionalitzaci\u00f3 i Cooperaci\u00f3\" \/>\n<meta property=\"og:description\" content=\"El \u00c1rea de Cooperaci\u00f3n al Desarrollo y Voluntariado UMH facilita formaci\u00f3n en cooperaci\u00f3n universitaria al desarrollo y voluntariado.\" \/>\n<meta property=\"og:url\" content=\"https:\/\/internacional.umh.es\/ca\/cooperacion-y-voluntariado\/formacion-en-voluntariado\/\" \/>\n<meta property=\"og:site_name\" content=\"Internacionalitzaci\u00f3 i Cooperaci\u00f3\" \/>\n<meta property=\"article:modified_time\" content=\"2024-01-22T08:29:42+00:00\" \/>\n<meta property=\"og:image\" content=\"https:\/\/internacional.umh.es\/files\/2020\/09\/COORDINADORES-DE-MOVILIDAD-1-300x300.png\" \/>\n<meta name=\"twitter:card\" content=\"summary_large_image\" \/>\n<meta name=\"twitter:label1\" content=\"Est. reading time\" \/>\n\t<meta name=\"twitter:data1\" content=\"3 minuts\" \/>\n<script type=\"application\/ld+json\" class=\"yoast-schema-graph\">{\"@context\":\"https:\/\/schema.org\",\"@graph\":[{\"@type\":\"WebSite\",\"@id\":\"https:\/\/internacional.umh.es\/en\/#website\",\"url\":\"https:\/\/internacional.umh.es\/en\/\",\"name\":\"Internacionalitzaci\\u00f3 i Cooperaci\\u00f3\",\"description\":\"Universitat Miguel Hern\\u00e1ndez d&#039;Elx\",\"potentialAction\":[{\"@type\":\"SearchAction\",\"target\":{\"@type\":\"EntryPoint\",\"urlTemplate\":\"https:\/\/internacional.umh.es\/en\/?s={search_term_string}\"},\"query-input\":\"required name=search_term_string\"}],\"inLanguage\":\"ca\"},{\"@type\":\"ImageObject\",\"@id\":\"https:\/\/internacional.umh.es\/ca\/cooperacion-y-voluntariado\/formacion-en-voluntariado\/#primaryimage\",\"inLanguage\":\"ca\",\"url\":\"https:\/\/internacional.umh.es\/files\/2020\/09\/COORDINADORES-DE-MOVILIDAD-1.png\",\"contentUrl\":\"https:\/\/internacional.umh.es\/files\/2020\/09\/COORDINADORES-DE-MOVILIDAD-1.png\",\"width\":591,\"height\":591,\"caption\":\"Eventos CUD bot\\u00f3n UMH\"},{\"@type\":\"WebPage\",\"@id\":\"https:\/\/internacional.umh.es\/ca\/cooperacion-y-voluntariado\/formacion-en-voluntariado\/#webpage\",\"url\":\"https:\/\/internacional.umh.es\/ca\/cooperacion-y-voluntariado\/formacion-en-voluntariado\/\",\"name\":\"Formaci\\u00f3 i esdeveniments - Internacionalitzaci\\u00f3 i Cooperaci\\u00f3\",\"isPartOf\":{\"@id\":\"https:\/\/internacional.umh.es\/en\/#website\"},\"primaryImageOfPage\":{\"@id\":\"https:\/\/internacional.umh.es\/ca\/cooperacion-y-voluntariado\/formacion-en-voluntariado\/#primaryimage\"},\"datePublished\":\"2019-03-28T09:15:23+00:00\",\"dateModified\":\"2024-01-22T08:29:42+00:00\",\"description\":\"El \\u00c1rea de Cooperaci\\u00f3n al Desarrollo y Voluntariado UMH facilita formaci\\u00f3n en cooperaci\\u00f3n universitaria al desarrollo y voluntariado.\",\"breadcrumb\":{\"@id\":\"https:\/\/internacional.umh.es\/ca\/cooperacion-y-voluntariado\/formacion-en-voluntariado\/#breadcrumb\"},\"inLanguage\":\"ca\",\"potentialAction\":[{\"@type\":\"ReadAction\",\"target\":[\"https:\/\/internacional.umh.es\/ca\/cooperacion-y-voluntariado\/formacion-en-voluntariado\/\"]}]},{\"@type\":\"BreadcrumbList\",\"@id\":\"https:\/\/internacional.umh.es\/ca\/cooperacion-y-voluntariado\/formacion-en-voluntariado\/#breadcrumb\",\"itemListElement\":[{\"@type\":\"ListItem\",\"position\":1,\"name\":\"Home\",\"item\":\"https:\/\/internacional.umh.es\/en\/\"},{\"@type\":\"ListItem\",\"position\":2,\"name\":\"COOPERACI\\u00d3 I VOLUNTARIAT\",\"item\":\"https:\/\/internacional.umh.es\/ca\/cooperacion-y-voluntariado\/\"},{\"@type\":\"ListItem\",\"position\":3,\"name\":\"Formaci\\u00f3 i esdeveniments\"}]}]}<\/script>\n<!-- \/ Yoast SEO plugin. -->","yoast_head_json":{"description":"El \u00c1rea de Cooperaci\u00f3n al Desarrollo y Voluntariado UMH facilita formaci\u00f3n en cooperaci\u00f3n universitaria al desarrollo y voluntariado.","robots":{"index":"index","follow":"follow","max-snippet":"max-snippet:-1","max-image-preview":"max-image-preview:large","max-video-preview":"max-video-preview:-1"},"canonical":"https:\/\/internacional.umh.es\/ca\/cooperacion-y-voluntariado\/formacion-en-voluntariado\/","og_locale":"ca_ES","og_type":"article","og_title":"Formaci\u00f3 i esdeveniments - Internacionalitzaci\u00f3 i Cooperaci\u00f3","og_description":"El \u00c1rea de Cooperaci\u00f3n al Desarrollo y Voluntariado UMH facilita formaci\u00f3n en cooperaci\u00f3n universitaria al desarrollo y voluntariado.","og_url":"https:\/\/internacional.umh.es\/ca\/cooperacion-y-voluntariado\/formacion-en-voluntariado\/","og_site_name":"Internacionalitzaci\u00f3 i Cooperaci\u00f3","article_modified_time":"2024-01-22T08:29:42+00:00","og_image":[{"url":"https:\/\/internacional.umh.es\/files\/2020\/09\/COORDINADORES-DE-MOVILIDAD-1-300x300.png"}],"twitter_card":"summary_large_image","twitter_misc":{"Est. reading time":"3 minuts"},"schema":{"@context":"https:\/\/schema.org","@graph":[{"@type":"WebSite","@id":"https:\/\/internacional.umh.es\/en\/#website","url":"https:\/\/internacional.umh.es\/en\/","name":"Internacionalitzaci\u00f3 i Cooperaci\u00f3","description":"Universitat Miguel Hern\u00e1ndez d&#039;Elx","potentialAction":[{"@type":"SearchAction","target":{"@type":"EntryPoint","urlTemplate":"https:\/\/internacional.umh.es\/en\/?s={search_term_string}"},"query-input":"required name=search_term_string"}],"inLanguage":"ca"},{"@type":"ImageObject","@id":"https:\/\/internacional.umh.es\/ca\/cooperacion-y-voluntariado\/formacion-en-voluntariado\/#primaryimage","inLanguage":"ca","url":"https:\/\/internacional.umh.es\/files\/2020\/09\/COORDINADORES-DE-MOVILIDAD-1.png","contentUrl":"https:\/\/internacional.umh.es\/files\/2020\/09\/COORDINADORES-DE-MOVILIDAD-1.png","width":591,"height":591,"caption":"Eventos CUD bot\u00f3n UMH"},{"@type":"WebPage","@id":"https:\/\/internacional.umh.es\/ca\/cooperacion-y-voluntariado\/formacion-en-voluntariado\/#webpage","url":"https:\/\/internacional.umh.es\/ca\/cooperacion-y-voluntariado\/formacion-en-voluntariado\/","name":"Formaci\u00f3 i esdeveniments - Internacionalitzaci\u00f3 i Cooperaci\u00f3","isPartOf":{"@id":"https:\/\/internacional.umh.es\/en\/#website"},"primaryImageOfPage":{"@id":"https:\/\/internacional.umh.es\/ca\/cooperacion-y-voluntariado\/formacion-en-voluntariado\/#primaryimage"},"datePublished":"2019-03-28T09:15:23+00:00","dateModified":"2024-01-22T08:29:42+00:00","description":"El \u00c1rea de Cooperaci\u00f3n al Desarrollo y Voluntariado UMH facilita formaci\u00f3n en cooperaci\u00f3n universitaria al desarrollo y voluntariado.","breadcrumb":{"@id":"https:\/\/internacional.umh.es\/ca\/cooperacion-y-voluntariado\/formacion-en-voluntariado\/#breadcrumb"},"inLanguage":"ca","potentialAction":[{"@type":"ReadAction","target":["https:\/\/internacional.umh.es\/ca\/cooperacion-y-voluntariado\/formacion-en-voluntariado\/"]}]},{"@type":"BreadcrumbList","@id":"https:\/\/internacional.umh.es\/ca\/cooperacion-y-voluntariado\/formacion-en-voluntariado\/#breadcrumb","itemListElement":[{"@type":"ListItem","position":1,"name":"Home","item":"https:\/\/internacional.umh.es\/en\/"},{"@type":"ListItem","position":2,"name":"COOPERACI\u00d3 I VOLUNTARIAT","item":"https:\/\/internacional.umh.es\/ca\/cooperacion-y-voluntariado\/"},{"@type":"ListItem","position":3,"name":"Formaci\u00f3 i esdeveniments"}]}]}},"_links":{"self":[{"href":"https:\/\/internacional.umh.es\/ca\/wp-json\/wp\/v2\/pages\/10271"}],"collection":[{"href":"https:\/\/internacional.umh.es\/ca\/wp-json\/wp\/v2\/pages"}],"about":[{"href":"https:\/\/internacional.umh.es\/ca\/wp-json\/wp\/v2\/types\/page"}],"author":[{"embeddable":true,"href":"https:\/\/internacional.umh.es\/ca\/wp-json\/wp\/v2\/users\/32"}],"replies":[{"embeddable":true,"href":"https:\/\/internacional.umh.es\/ca\/wp-json\/wp\/v2\/comments?post=10271"}],"version-history":[{"count":0,"href":"https:\/\/internacional.umh.es\/ca\/wp-json\/wp\/v2\/pages\/10271\/revisions"}],"up":[{"embeddable":true,"href":"https:\/\/internacional.umh.es\/ca\/wp-json\/wp\/v2\/pages\/3982"}],"wp:attachment":[{"href":"https:\/\/internacional.umh.es\/ca\/wp-json\/wp\/v2\/media?parent=10271"}],"curies":[{"name":"wp","href":"https:\/\/api.w.org\/{rel}","templated":true}]}}