{"id":10400,"date":"2019-04-04T13:37:47","date_gmt":"2019-04-04T11:37:47","guid":{"rendered":"https:\/\/internacional.umh.es\/?page_id=10400"},"modified":"2026-03-26T13:39:14","modified_gmt":"2026-03-26T12:39:14","slug":"movilidad-internacional-erasmus-con-paises-no-asociados-ka171","status":"publish","type":"page","link":"https:\/\/internacional.umh.es\/ca\/movilidad\/pdi\/erasmus\/movilidad-internacional-erasmus-con-paises-no-asociados-ka171\/","title":{"rendered":"Mobilitat internacional Erasmus+ amb pa\u00efsos no associats (KA107) 2020\/2021"},"content":{"rendered":"<p><\/p>\n<p style=\"text-align: justify\"><img loading=\"lazy\" class=\" wp-image-17289\" title=\"Consulta les convocat\u00f2ries Erasmus+ per a PDI amb pa\u00efsos no associats KA171 de la UMH\" src=\"https:\/\/internacional.umh.es\/files\/2020\/11\/logo-erasmus-plus-300x61.png\" alt=\"Erasmus+ PDI pa\u00efsos no associats KA171 logo\" width=\"266\" height=\"54\" srcset=\"https:\/\/internacional.umh.es\/files\/2020\/11\/logo-erasmus-plus-300x61.png 300w, https:\/\/internacional.umh.es\/files\/2020\/11\/logo-erasmus-plus-768x156.png 768w, https:\/\/internacional.umh.es\/files\/2020\/11\/logo-erasmus-plus-1024x209.png 1024w, https:\/\/internacional.umh.es\/files\/2020\/11\/logo-erasmus-plus.png 1758w\" sizes=\"(max-width: 266px) 100vw, 266px\" \/><img loading=\"lazy\" class=\" wp-image-17766 alignnone\" title=\"El Programa Erasmus+ de la UE cofinan\u00e7a les seg\u00fcents convocat\u00f2ries Erasmus+ PDI amb pa\u00efsos no associats KA171 per a la UMH\" src=\"https:\/\/internacional.umh.es\/files\/2021\/01\/logo-cofinanciado-ue-300x69.png\" alt=\"Logo Cofinan\u00e7at pel Programa Erasmus+ pa\u00efsos no associats Uni\u00f3 Europea PDI\" width=\"273\" height=\"63\" srcset=\"https:\/\/internacional.umh.es\/files\/2021\/01\/logo-cofinanciado-ue-300x69.png 300w, https:\/\/internacional.umh.es\/files\/2021\/01\/logo-cofinanciado-ue.png 512w\" sizes=\"(max-width: 273px) 100vw, 273px\" \/><\/p>\n<hr>\n<h4><strong>Convocat\u00f2ria 2023\/2024<\/strong><\/h4>\n<p style=\"text-align: justify\"><span style=\"color: #ff0000\"><strong>NOU (08\/09\/2023):<\/strong><\/span> El Vicerectorat d&#8217;Internacionalitzaci\u00f3 i Cooperaci\u00f3 de la Universitat Miguel Hern\u00e1ndez (UMH) d&#8217;Elx convoca el programa de mobilitat internacional ERASMUS + amb tercers pa\u00efsos no associats al programa (acci\u00f3 KA171-Costa Rica) per a Personal docent i investigador (PDI) durant el curs 2023\/2024<\/p>\n<p>Les estades d&#8217;aquesta convocat\u00f2ria KA171 hauran de realitzar-se <strong>fins al 31 de juliol de 2024<\/strong><\/p>\n<p style=\"text-align: justify\">Pots consultar els requisits dels participants, els criteris de valoraci\u00f3 i la resta d&#8217;informaci\u00f3 de la convocat\u00f2ria en el <strong>text complet i en la seua publicaci\u00f3 en el DOGV:<\/strong><\/p>\n<ul>\n<li><a href=\"https:\/\/internacional.umh.es\/files\/2023\/09\/Publicado-BOUMH.-RR_02139_2023.pdf\" target=\"_blank\" title=\"Ho veur\u00e0s en una nova finestra\" rel=\"noopener\"><strong>Text complet de la convocat\u00f2ria (4,1Mb .pdf)<\/strong><\/a><\/li>\n<li><a href=\"https:\/\/internacional.umh.es\/files\/2023\/09\/Publicado-DOGV.-2023_9153.pdf\" target=\"_blank\" title=\"Ho veur\u00e0s en una nova finestra\" rel=\"noopener\"><strong>Publicaci\u00f3 en DOGV (200Kb .pdf)<\/strong><\/a><\/li>\n<\/ul>\n<p>El termini per a <strong>presentar sol\u00b7licituds ser\u00e0 de l&#8217;11 al 22 de setembre de 2023<\/strong><\/p>\n<p><strong>Documents:<\/strong><\/p>\n<ul>\n<li><a href=\"https:\/\/internacional.umh.es\/files\/2023\/09\/Anexo.-Modelo-de-solicitud.docx\" target=\"_blank\" title=\"Ho veur\u00e0s en una nova finestra\" rel=\"noopener\"><strong>Model de sol\u00b7licitud (247Kb .docx)<\/strong><\/a><\/li>\n<li><a href=\"https:\/\/internacional.umh.es\/files\/2023\/09\/2.a-Acuerdo-de-movilidad-para-docencia-educacion-superior-KA171-2022-ES.docx\" target=\"_blank\" rel=\"noopener\"><strong>Staff Mobility for Teaching (75Kb .docx)<\/strong><\/a><\/li>\n<\/ul>\n<p style=\"text-align: justify\">La sol\u00b7licitud juntament amb la documentaci\u00f3 a aportar pot presentar-se <a href=\"https:\/\/sede.umh.es\/ca\/procedimientos\/instancia-general\/\" data-saferedirecturl=\"https:\/\/www.google.com\/url?q=https:\/\/sede.umh.es\/procedimientos\/instancia-general\/&amp;source=gmail&amp;ust=1694246657135000&amp;usg=AOvVaw1-uyX4Z_B_nHAAKzK_UWHS\" target=\"_blank\" title=\"Ho veur\u00e0s en una nova finestra\" rel=\"noopener\"> <strong>a trav\u00e9s de la Seu Electr\u00f2nica<\/strong><\/a> de la UMH dirigida al Servei de Relacions Internacionals, Cooperaci\u00f3 al Desenvolupament i Voluntariat.<\/p>\n<hr>\n<h4 style=\"text-align: justify\"><strong>Convocat\u00f2ries anteriors<\/strong><\/h4>\n<ul>\n<li><a title=\"Accedeix a les novetats de la convocat\u00f2ria Erasmus+ KA107 2022-23\" href=\"https:\/\/internacional.umh.es\/ca\/erasmus-ka107-2022-2023\/\">ERASMUS+ KA107 2022\/2023<\/a><\/li>\n<li><a title=\"Accedeix a les novetats de la convocat\u00f2ria Erasmus+ KA107 2021-22\" href=\"https:\/\/internacional.umh.es\/ca\/erasmus-ka107-2021-2022\/\">ERASMUS+ KA107 2021\/2022<\/a><\/li>\n<li><a title=\"Accedeix a les novetats de la convocat\u00f2ria Erasmus+ KA107 2020-21\" href=\"https:\/\/internacional.umh.es\/ca\/erasmus-ka107-2020-2021\/\">ERASMUS+ KA107 2020\/2021<\/a><\/li>\n<li><a title=\"Accedeix a les novetats de la convocat\u00f2ria Erasmus+ KA107 durante 2019-2020\" href=\"https:\/\/internacional.umh.es\/ca\/erasmus-k107-pdi-2019-2020\/\">ERASMUS+ KA107 2019\/2020<\/a><\/li>\n<\/ul>\n<p>&nbsp;<\/p>","protected":false},"excerpt":{"rendered":"<p>Convocat\u00f2ria 2023\/2024<br \/>\nNOU (08\/09\/2023): El Vicerectorat d&#8217;Internacionalitzaci\u00f3 i Cooperaci\u00f3 de la Universitat Miguel Hern\u00e1ndez (UMH) d&#8217;Elx convoca el programa de mobilitat internacional ERASMUS + amb tercers pa\u00efsos no associats al programa (acci\u00f3 KA171-Costa Rica) per a Personal docent i investigador (PDI) durant el curs 2023\/2024<br \/>\nLes estades d&#8217;aquesta convocat\u00f2ria KA171 hauran de realitzar-se fins al 31 de [&#8230;]<\/p>\n","protected":false},"author":32,"featured_media":0,"parent":67,"menu_order":1,"comment_status":"closed","ping_status":"closed","template":"","meta":{"ngg_post_thumbnail":0,"_links_to":"","_links_to_target":""},"yoast_head":"<!-- This site is optimized with the Yoast SEO plugin v17.5 - https:\/\/yoast.com\/wordpress\/plugins\/seo\/ -->\n<meta name=\"description\" content=\"El Vicerrectorado RR.II. UMH convoca movilidad internacional Erasmus pa\u00edses no asociados KA171 Armenia, Bielorrusia, Bosnia, Per\u00fa, Costa Rica\" \/>\n<meta name=\"robots\" content=\"index, follow, max-snippet:-1, max-image-preview:large, max-video-preview:-1\" \/>\n<link rel=\"canonical\" href=\"https:\/\/internacional.umh.es\/ca\/movilidad\/pdi\/erasmus\/movilidad-internacional-erasmus-con-paises-no-asociados-ka171\/\" \/>\n<meta property=\"og:locale\" content=\"ca_ES\" \/>\n<meta property=\"og:type\" content=\"article\" \/>\n<meta property=\"og:title\" content=\"Mobilitat internacional Erasmus+ amb pa\u00efsos no associats (KA107) 2020\/2021 - Internacionalitzaci\u00f3 i Cooperaci\u00f3\" \/>\n<meta property=\"og:description\" content=\"El Vicerrectorado RR.II. UMH convoca movilidad internacional Erasmus pa\u00edses no asociados KA171 Armenia, Bielorrusia, Bosnia, Per\u00fa, Costa Rica\" \/>\n<meta property=\"og:url\" content=\"https:\/\/internacional.umh.es\/movilidad\/pdi\/erasmus\/movilidad-internacional-erasmus-con-paises-no-asociados-ka171\/\" \/>\n<meta property=\"og:site_name\" content=\"Internacionalitzaci\u00f3 i Cooperaci\u00f3\" \/>\n<meta property=\"article:modified_time\" content=\"2026-03-26T12:39:14+00:00\" \/>\n<meta property=\"og:image\" content=\"https:\/\/internacional.umh.es\/files\/2026\/03\/Plantillas-Puiblicaciones-convocatorias-35-240x300.png\" \/>\n<meta name=\"twitter:card\" content=\"summary_large_image\" \/>\n<meta name=\"twitter:label1\" content=\"Est. reading time\" \/>\n\t<meta name=\"twitter:data1\" content=\"3 minuts\" \/>\n<script type=\"application\/ld+json\" class=\"yoast-schema-graph\">{\"@context\":\"https:\/\/schema.org\",\"@graph\":[{\"@type\":\"WebSite\",\"@id\":\"https:\/\/internacional.umh.es\/en\/#website\",\"url\":\"https:\/\/internacional.umh.es\/en\/\",\"name\":\"Internacionalitzaci\\u00f3 i Cooperaci\\u00f3\",\"description\":\"Universitat Miguel Hern\\u00e1ndez d&#039;Elx\",\"potentialAction\":[{\"@type\":\"SearchAction\",\"target\":{\"@type\":\"EntryPoint\",\"urlTemplate\":\"https:\/\/internacional.umh.es\/en\/?s={search_term_string}\"},\"query-input\":\"required name=search_term_string\"}],\"inLanguage\":\"ca\"},{\"@type\":\"ImageObject\",\"@id\":\"https:\/\/internacional.umh.es\/movilidad\/pdi\/erasmus\/movilidad-internacional-erasmus-con-paises-no-asociados-ka171\/#primaryimage\",\"inLanguage\":\"ca\",\"url\":\"https:\/\/internacional.umh.es\/files\/2026\/03\/Plantillas-Puiblicaciones-convocatorias-35.png\",\"contentUrl\":\"https:\/\/internacional.umh.es\/files\/2026\/03\/Plantillas-Puiblicaciones-convocatorias-35.png\",\"width\":1080,\"height\":1350},{\"@type\":\"WebPage\",\"@id\":\"https:\/\/internacional.umh.es\/movilidad\/pdi\/erasmus\/movilidad-internacional-erasmus-con-paises-no-asociados-ka171\/#webpage\",\"url\":\"https:\/\/internacional.umh.es\/movilidad\/pdi\/erasmus\/movilidad-internacional-erasmus-con-paises-no-asociados-ka171\/\",\"name\":\"Mobilitat internacional Erasmus+ amb pa\\u00efsos no associats (KA107) 2020\/2021 - Internacionalitzaci\\u00f3 i Cooperaci\\u00f3\",\"isPartOf\":{\"@id\":\"https:\/\/internacional.umh.es\/en\/#website\"},\"primaryImageOfPage\":{\"@id\":\"https:\/\/internacional.umh.es\/movilidad\/pdi\/erasmus\/movilidad-internacional-erasmus-con-paises-no-asociados-ka171\/#primaryimage\"},\"datePublished\":\"2019-04-04T11:37:47+00:00\",\"dateModified\":\"2026-03-26T12:39:14+00:00\",\"description\":\"El Vicerrectorado RR.II. UMH convoca movilidad internacional Erasmus pa\\u00edses no asociados KA171 Armenia, Bielorrusia, Bosnia, Per\\u00fa, Costa Rica\",\"breadcrumb\":{\"@id\":\"https:\/\/internacional.umh.es\/movilidad\/pdi\/erasmus\/movilidad-internacional-erasmus-con-paises-no-asociados-ka171\/#breadcrumb\"},\"inLanguage\":\"ca\",\"potentialAction\":[{\"@type\":\"ReadAction\",\"target\":[\"https:\/\/internacional.umh.es\/movilidad\/pdi\/erasmus\/movilidad-internacional-erasmus-con-paises-no-asociados-ka171\/\"]}]},{\"@type\":\"BreadcrumbList\",\"@id\":\"https:\/\/internacional.umh.es\/movilidad\/pdi\/erasmus\/movilidad-internacional-erasmus-con-paises-no-asociados-ka171\/#breadcrumb\",\"itemListElement\":[{\"@type\":\"ListItem\",\"position\":1,\"name\":\"Home\",\"item\":\"https:\/\/internacional.umh.es\/en\/\"},{\"@type\":\"ListItem\",\"position\":2,\"name\":\"MOBILITY\",\"item\":\"https:\/\/internacional.umh.es\/en\/movilidad\/\"},{\"@type\":\"ListItem\",\"position\":3,\"name\":\"Faculty &amp; Research Personnel\",\"item\":\"https:\/\/internacional.umh.es\/en\/movilidad\/pdi\/\"},{\"@type\":\"ListItem\",\"position\":4,\"name\":\"Erasmus for UMH Faculty &amp; Research Personnel\",\"item\":\"https:\/\/internacional.umh.es\/en\/movilidad\/pdi\/erasmus\/\"},{\"@type\":\"ListItem\",\"position\":5,\"name\":\"Movilidad internacional PDI Erasmus+ con pa\\u00edses no asociados (KA171)\"}]}]}<\/script>\n<!-- \/ Yoast SEO plugin. -->","yoast_head_json":{"description":"El Vicerrectorado RR.II. UMH convoca movilidad internacional Erasmus pa\u00edses no asociados KA171 Armenia, Bielorrusia, Bosnia, Per\u00fa, Costa Rica","robots":{"index":"index","follow":"follow","max-snippet":"max-snippet:-1","max-image-preview":"max-image-preview:large","max-video-preview":"max-video-preview:-1"},"canonical":"https:\/\/internacional.umh.es\/ca\/movilidad\/pdi\/erasmus\/movilidad-internacional-erasmus-con-paises-no-asociados-ka171\/","og_locale":"ca_ES","og_type":"article","og_title":"Mobilitat internacional Erasmus+ amb pa\u00efsos no associats (KA107) 2020\/2021 - Internacionalitzaci\u00f3 i Cooperaci\u00f3","og_description":"El Vicerrectorado RR.II. UMH convoca movilidad internacional Erasmus pa\u00edses no asociados KA171 Armenia, Bielorrusia, Bosnia, Per\u00fa, Costa Rica","og_url":"https:\/\/internacional.umh.es\/movilidad\/pdi\/erasmus\/movilidad-internacional-erasmus-con-paises-no-asociados-ka171\/","og_site_name":"Internacionalitzaci\u00f3 i Cooperaci\u00f3","article_modified_time":"2026-03-26T12:39:14+00:00","og_image":[{"url":"https:\/\/internacional.umh.es\/files\/2026\/03\/Plantillas-Puiblicaciones-convocatorias-35-240x300.png"}],"twitter_card":"summary_large_image","twitter_misc":{"Est. reading time":"3 minuts"},"schema":{"@context":"https:\/\/schema.org","@graph":[{"@type":"WebSite","@id":"https:\/\/internacional.umh.es\/en\/#website","url":"https:\/\/internacional.umh.es\/en\/","name":"Internacionalitzaci\u00f3 i Cooperaci\u00f3","description":"Universitat Miguel Hern\u00e1ndez d&#039;Elx","potentialAction":[{"@type":"SearchAction","target":{"@type":"EntryPoint","urlTemplate":"https:\/\/internacional.umh.es\/en\/?s={search_term_string}"},"query-input":"required name=search_term_string"}],"inLanguage":"ca"},{"@type":"ImageObject","@id":"https:\/\/internacional.umh.es\/movilidad\/pdi\/erasmus\/movilidad-internacional-erasmus-con-paises-no-asociados-ka171\/#primaryimage","inLanguage":"ca","url":"https:\/\/internacional.umh.es\/files\/2026\/03\/Plantillas-Puiblicaciones-convocatorias-35.png","contentUrl":"https:\/\/internacional.umh.es\/files\/2026\/03\/Plantillas-Puiblicaciones-convocatorias-35.png","width":1080,"height":1350},{"@type":"WebPage","@id":"https:\/\/internacional.umh.es\/movilidad\/pdi\/erasmus\/movilidad-internacional-erasmus-con-paises-no-asociados-ka171\/#webpage","url":"https:\/\/internacional.umh.es\/movilidad\/pdi\/erasmus\/movilidad-internacional-erasmus-con-paises-no-asociados-ka171\/","name":"Mobilitat internacional Erasmus+ amb pa\u00efsos no associats (KA107) 2020\/2021 - Internacionalitzaci\u00f3 i Cooperaci\u00f3","isPartOf":{"@id":"https:\/\/internacional.umh.es\/en\/#website"},"primaryImageOfPage":{"@id":"https:\/\/internacional.umh.es\/movilidad\/pdi\/erasmus\/movilidad-internacional-erasmus-con-paises-no-asociados-ka171\/#primaryimage"},"datePublished":"2019-04-04T11:37:47+00:00","dateModified":"2026-03-26T12:39:14+00:00","description":"El Vicerrectorado RR.II. UMH convoca movilidad internacional Erasmus pa\u00edses no asociados KA171 Armenia, Bielorrusia, Bosnia, Per\u00fa, Costa Rica","breadcrumb":{"@id":"https:\/\/internacional.umh.es\/movilidad\/pdi\/erasmus\/movilidad-internacional-erasmus-con-paises-no-asociados-ka171\/#breadcrumb"},"inLanguage":"ca","potentialAction":[{"@type":"ReadAction","target":["https:\/\/internacional.umh.es\/movilidad\/pdi\/erasmus\/movilidad-internacional-erasmus-con-paises-no-asociados-ka171\/"]}]},{"@type":"BreadcrumbList","@id":"https:\/\/internacional.umh.es\/movilidad\/pdi\/erasmus\/movilidad-internacional-erasmus-con-paises-no-asociados-ka171\/#breadcrumb","itemListElement":[{"@type":"ListItem","position":1,"name":"Home","item":"https:\/\/internacional.umh.es\/en\/"},{"@type":"ListItem","position":2,"name":"MOBILITY","item":"https:\/\/internacional.umh.es\/en\/movilidad\/"},{"@type":"ListItem","position":3,"name":"Faculty &amp; Research Personnel","item":"https:\/\/internacional.umh.es\/en\/movilidad\/pdi\/"},{"@type":"ListItem","position":4,"name":"Erasmus for UMH Faculty &amp; Research Personnel","item":"https:\/\/internacional.umh.es\/en\/movilidad\/pdi\/erasmus\/"},{"@type":"ListItem","position":5,"name":"Movilidad internacional PDI Erasmus+ con pa\u00edses no asociados (KA171)"}]}]}},"_links":{"self":[{"href":"https:\/\/internacional.umh.es\/ca\/wp-json\/wp\/v2\/pages\/10400"}],"collection":[{"href":"https:\/\/internacional.umh.es\/ca\/wp-json\/wp\/v2\/pages"}],"about":[{"href":"https:\/\/internacional.umh.es\/ca\/wp-json\/wp\/v2\/types\/page"}],"author":[{"embeddable":true,"href":"https:\/\/internacional.umh.es\/ca\/wp-json\/wp\/v2\/users\/32"}],"replies":[{"embeddable":true,"href":"https:\/\/internacional.umh.es\/ca\/wp-json\/wp\/v2\/comments?post=10400"}],"version-history":[{"count":0,"href":"https:\/\/internacional.umh.es\/ca\/wp-json\/wp\/v2\/pages\/10400\/revisions"}],"up":[{"embeddable":true,"href":"https:\/\/internacional.umh.es\/ca\/wp-json\/wp\/v2\/pages\/67"}],"wp:attachment":[{"href":"https:\/\/internacional.umh.es\/ca\/wp-json\/wp\/v2\/media?parent=10400"}],"curies":[{"name":"wp","href":"https:\/\/api.w.org\/{rel}","templated":true}]}}