{"id":10403,"date":"2019-04-04T13:41:07","date_gmt":"2019-04-04T11:41:07","guid":{"rendered":"https:\/\/internacional.umh.es\/?page_id=10403"},"modified":"2023-11-17T14:36:42","modified_gmt":"2023-11-17T13:36:42","slug":"movilidad-internacional-erasmus-con-paises-asociados-ka107-2019","status":"publish","type":"page","link":"https:\/\/internacional.umh.es\/ca\/movilidad\/pas\/erasmus\/movilidad-internacional-erasmus-con-paises-asociados-ka107-2019\/","title":{"rendered":"Mobilitat internacional Erasmus+ amb pa\u00efsos associats (KA107) 2021"},"content":{"rendered":"<p><a href=\"https:\/\/erasmus-plus.ec.europa.eu\/?etrans=es\" target=\"_blank\" title=\"Accedeix a la web de la Uni\u00f3 Europea i descobreix totes les novetats del programa Erasmus plus\" rel=\"noopener\"><img loading=\"lazy\" class=\" wp-image-17289\" src=\"https:\/\/internacional.umh.es\/files\/2020\/11\/logo-erasmus-plus-300x61.png\" title=\"Consulta les convocat\u00f2ries Erasmus+ per a PAS de la UMH\" alt=\"Erasmus PAS logo\" width=\"285\" height=\"58\" srcset=\"https:\/\/internacional.umh.es\/files\/2020\/11\/logo-erasmus-plus-300x61.png 300w, https:\/\/internacional.umh.es\/files\/2020\/11\/logo-erasmus-plus-768x156.png 768w, https:\/\/internacional.umh.es\/files\/2020\/11\/logo-erasmus-plus-1024x209.png 1024w, https:\/\/internacional.umh.es\/files\/2020\/11\/logo-erasmus-plus.png 1758w\" sizes=\"(max-width: 285px) 100vw, 285px\" \/><\/a><img loading=\"lazy\" class=\"wp-image-17766 alignnone\" src=\"https:\/\/internacional.umh.es\/files\/2021\/01\/logo-cofinanciado-ue.png\" title=\"El Programa Erasmus+ de la UE cofinancia les seg\u00fcents convocat\u00f2ries Erasmus+ amb pa\u00efsos associats per a la UMH\" alt=\"Logo Cofinanciat pel Programa Erasmus+ amb pa\u00efsos associats Uni\u00f3 Europea\" width=\"285\" height=\"65\" srcset=\"https:\/\/internacional.umh.es\/files\/2021\/01\/logo-cofinanciado-ue.png 512w, https:\/\/internacional.umh.es\/files\/2021\/01\/logo-cofinanciado-ue-300x69.png 300w\" sizes=\"(max-width: 285px) 100vw, 285px\" \/><\/p>\n<p>&nbsp;<\/p>\n<p style=\"font-weight: 400\"><a href=\"https:\/\/internacional.umh.es\/ca\/movilidad\/pas\/movilidad-internacional-erasmus-con-paises-asociados-ka107-2019\/armenia-2021\/\" title=\"Accede ahora a todas las novedades de la Convocatoria de Movilidad internacional Erasmus+ con pa\u00edses asociados (KA107) Armenia\"><img loading=\"lazy\" src=\"https:\/\/internacional.umh.es\/files\/2022\/03\/Boto_Armenia-300x171.jpg\" alt=\"Erasmus KA107 Arm\u00e8nia pa\u00efsos associats bot\u00f3\" title=\"Accedeix ara a totes les novetats de la Convocat\u00f2ria de Mobilitat internacional Erasmus+ KA107 Arm\u00e8nia\" width=\"211\" height=\"120\" class=\"alignnone  size-medium wp-image-25168\" srcset=\"https:\/\/internacional.umh.es\/files\/2022\/03\/Boto_Armenia-300x171.jpg 300w, https:\/\/internacional.umh.es\/files\/2022\/03\/Boto_Armenia.jpg 413w\" sizes=\"(max-width: 211px) 100vw, 211px\" \/><\/a>&nbsp; &nbsp; &nbsp; &nbsp;<a href=\"https:\/\/internacional.umh.es\/ca\/movilidad\/pas\/movilidad-internacional-erasmus-con-paises-asociados-ka107-2019\/bosnia-2021\/\"><img loading=\"lazy\" src=\"https:\/\/internacional.umh.es\/files\/2022\/03\/Boto_Bosnia.jpg\" title=\"Accedeix ara a totes les novetats de la Convocat\u00f2ria de Mobilitat internacional Erasmus+ KA107 B\u00f2snia\" alt=\"Erasmus KA107 B\u00f2snia pa\u00efsos associats bot\u00f3\" width=\"208\" height=\"118\" class=\"alignnone  size-full wp-image-25171\" \/><\/a><\/p>\n<hr>\n<h4>Convocat\u00f2ries anteriors<\/h4>\n<p><a href=\"https:\/\/internacional.umh.es\/ca\/movilidad\/pas\/movilidad-internacional-erasmus-con-paises-asociados-ka107-2019\/erasmus-k107-pas-2019-2020\/\" title=\"Accedeix ara a la convocat\u00f2ria Erasmus+ K107 per a PAS UMH durant 2019-2020\">ERASMUS+ K107 PAS 2019\/2020<\/a><br \/>\n&nbsp;<\/p>","protected":false},"excerpt":{"rendered":"<p>&nbsp;<br \/>\n&nbsp; &nbsp; &nbsp; &nbsp;<\/p>\n<p>Convocat\u00f2ries anteriors<br \/>\nERASMUS+ K107 PAS 2019\/2020<br \/>\n&nbsp;<\/p>\n","protected":false},"author":32,"featured_media":0,"parent":268,"menu_order":1,"comment_status":"closed","ping_status":"closed","template":"","meta":{"ngg_post_thumbnail":0,"_links_to":"","_links_to_target":""},"yoast_head":"<!-- This site is optimized with the Yoast SEO plugin v17.5 - https:\/\/yoast.com\/wordpress\/plugins\/seo\/ -->\n<meta name=\"description\" content=\"La Universidad Miguel Hern\u00e1ndez realiza la Convocatoria de Movilidad internacional Erasmus+ con pa\u00edses asociados (KA107) Armenia y Bosnia\" \/>\n<meta name=\"robots\" content=\"index, follow, max-snippet:-1, max-image-preview:large, max-video-preview:-1\" \/>\n<link rel=\"canonical\" href=\"https:\/\/internacional.umh.es\/ca\/movilidad\/pas\/erasmus\/movilidad-internacional-erasmus-con-paises-asociados-ka107-2019\/\" \/>\n<meta property=\"og:locale\" content=\"ca_ES\" \/>\n<meta property=\"og:type\" content=\"article\" \/>\n<meta property=\"og:title\" content=\"Mobilitat internacional Erasmus+ amb pa\u00efsos associats (KA107) 2021 - Internacionalitzaci\u00f3 i Cooperaci\u00f3\" \/>\n<meta property=\"og:description\" content=\"La Universidad Miguel Hern\u00e1ndez realiza la Convocatoria de Movilidad internacional Erasmus+ con pa\u00edses asociados (KA107) Armenia y Bosnia\" \/>\n<meta property=\"og:url\" content=\"https:\/\/internacional.umh.es\/movilidad\/pas\/erasmus\/movilidad-internacional-erasmus-con-paises-asociados-ka107-2019\/\" \/>\n<meta property=\"og:site_name\" content=\"Internacionalitzaci\u00f3 i Cooperaci\u00f3\" \/>\n<meta property=\"article:modified_time\" content=\"2023-11-17T13:36:42+00:00\" \/>\n<meta property=\"og:image\" content=\"https:\/\/internacional.umh.es\/files\/2020\/11\/logo-erasmus-plus-300x61.png\" \/>\n<meta name=\"twitter:card\" content=\"summary_large_image\" \/>\n<meta name=\"twitter:label1\" content=\"Est. reading time\" \/>\n\t<meta name=\"twitter:data1\" content=\"3 minuts\" \/>\n<script type=\"application\/ld+json\" class=\"yoast-schema-graph\">{\"@context\":\"https:\/\/schema.org\",\"@graph\":[{\"@type\":\"WebSite\",\"@id\":\"https:\/\/internacional.umh.es\/en\/#website\",\"url\":\"https:\/\/internacional.umh.es\/en\/\",\"name\":\"Internacionalitzaci\\u00f3 i Cooperaci\\u00f3\",\"description\":\"Universitat Miguel Hern\\u00e1ndez d&#039;Elx\",\"potentialAction\":[{\"@type\":\"SearchAction\",\"target\":{\"@type\":\"EntryPoint\",\"urlTemplate\":\"https:\/\/internacional.umh.es\/en\/?s={search_term_string}\"},\"query-input\":\"required name=search_term_string\"}],\"inLanguage\":\"ca\"},{\"@type\":\"ImageObject\",\"@id\":\"https:\/\/internacional.umh.es\/movilidad\/pas\/erasmus\/movilidad-internacional-erasmus-con-paises-asociados-ka107-2019\/#primaryimage\",\"inLanguage\":\"ca\",\"url\":\"https:\/\/internacional.umh.es\/files\/2020\/11\/logo-erasmus-plus.png\",\"contentUrl\":\"https:\/\/internacional.umh.es\/files\/2020\/11\/logo-erasmus-plus.png\",\"width\":1758,\"height\":358,\"caption\":\"Logo Erasmus+\"},{\"@type\":\"WebPage\",\"@id\":\"https:\/\/internacional.umh.es\/movilidad\/pas\/erasmus\/movilidad-internacional-erasmus-con-paises-asociados-ka107-2019\/#webpage\",\"url\":\"https:\/\/internacional.umh.es\/movilidad\/pas\/erasmus\/movilidad-internacional-erasmus-con-paises-asociados-ka107-2019\/\",\"name\":\"Mobilitat internacional Erasmus+ amb pa\\u00efsos associats (KA107) 2021 - Internacionalitzaci\\u00f3 i Cooperaci\\u00f3\",\"isPartOf\":{\"@id\":\"https:\/\/internacional.umh.es\/en\/#website\"},\"primaryImageOfPage\":{\"@id\":\"https:\/\/internacional.umh.es\/movilidad\/pas\/erasmus\/movilidad-internacional-erasmus-con-paises-asociados-ka107-2019\/#primaryimage\"},\"datePublished\":\"2019-04-04T11:41:07+00:00\",\"dateModified\":\"2023-11-17T13:36:42+00:00\",\"description\":\"La Universidad Miguel Hern\\u00e1ndez realiza la Convocatoria de Movilidad internacional Erasmus+ con pa\\u00edses asociados (KA107) Armenia y Bosnia\",\"breadcrumb\":{\"@id\":\"https:\/\/internacional.umh.es\/movilidad\/pas\/erasmus\/movilidad-internacional-erasmus-con-paises-asociados-ka107-2019\/#breadcrumb\"},\"inLanguage\":\"ca\",\"potentialAction\":[{\"@type\":\"ReadAction\",\"target\":[\"https:\/\/internacional.umh.es\/movilidad\/pas\/erasmus\/movilidad-internacional-erasmus-con-paises-asociados-ka107-2019\/\"]}]},{\"@type\":\"BreadcrumbList\",\"@id\":\"https:\/\/internacional.umh.es\/movilidad\/pas\/erasmus\/movilidad-internacional-erasmus-con-paises-asociados-ka107-2019\/#breadcrumb\",\"itemListElement\":[{\"@type\":\"ListItem\",\"position\":1,\"name\":\"Home\",\"item\":\"https:\/\/internacional.umh.es\/en\/\"},{\"@type\":\"ListItem\",\"position\":2,\"name\":\"MOBILITY\",\"item\":\"https:\/\/internacional.umh.es\/en\/movilidad\/\"},{\"@type\":\"ListItem\",\"position\":3,\"name\":\"PTGAS\",\"item\":\"https:\/\/internacional.umh.es\/movilidad\/pas\/\"},{\"@type\":\"ListItem\",\"position\":4,\"name\":\"ERASMUS PTGAS &#8211; Estancias formativas\",\"item\":\"https:\/\/internacional.umh.es\/movilidad\/pas\/erasmus\/\"},{\"@type\":\"ListItem\",\"position\":5,\"name\":\"2021 International Erasmus+ mobility with partner countries (KA107)\"}]}]}<\/script>\n<!-- \/ Yoast SEO plugin. -->","yoast_head_json":{"description":"La Universidad Miguel Hern\u00e1ndez realiza la Convocatoria de Movilidad internacional Erasmus+ con pa\u00edses asociados (KA107) Armenia y Bosnia","robots":{"index":"index","follow":"follow","max-snippet":"max-snippet:-1","max-image-preview":"max-image-preview:large","max-video-preview":"max-video-preview:-1"},"canonical":"https:\/\/internacional.umh.es\/ca\/movilidad\/pas\/erasmus\/movilidad-internacional-erasmus-con-paises-asociados-ka107-2019\/","og_locale":"ca_ES","og_type":"article","og_title":"Mobilitat internacional Erasmus+ amb pa\u00efsos associats (KA107) 2021 - Internacionalitzaci\u00f3 i Cooperaci\u00f3","og_description":"La Universidad Miguel Hern\u00e1ndez realiza la Convocatoria de Movilidad internacional Erasmus+ con pa\u00edses asociados (KA107) Armenia y Bosnia","og_url":"https:\/\/internacional.umh.es\/movilidad\/pas\/erasmus\/movilidad-internacional-erasmus-con-paises-asociados-ka107-2019\/","og_site_name":"Internacionalitzaci\u00f3 i Cooperaci\u00f3","article_modified_time":"2023-11-17T13:36:42+00:00","og_image":[{"url":"https:\/\/internacional.umh.es\/files\/2020\/11\/logo-erasmus-plus-300x61.png"}],"twitter_card":"summary_large_image","twitter_misc":{"Est. reading time":"3 minuts"},"schema":{"@context":"https:\/\/schema.org","@graph":[{"@type":"WebSite","@id":"https:\/\/internacional.umh.es\/en\/#website","url":"https:\/\/internacional.umh.es\/en\/","name":"Internacionalitzaci\u00f3 i Cooperaci\u00f3","description":"Universitat Miguel Hern\u00e1ndez d&#039;Elx","potentialAction":[{"@type":"SearchAction","target":{"@type":"EntryPoint","urlTemplate":"https:\/\/internacional.umh.es\/en\/?s={search_term_string}"},"query-input":"required name=search_term_string"}],"inLanguage":"ca"},{"@type":"ImageObject","@id":"https:\/\/internacional.umh.es\/movilidad\/pas\/erasmus\/movilidad-internacional-erasmus-con-paises-asociados-ka107-2019\/#primaryimage","inLanguage":"ca","url":"https:\/\/internacional.umh.es\/files\/2020\/11\/logo-erasmus-plus.png","contentUrl":"https:\/\/internacional.umh.es\/files\/2020\/11\/logo-erasmus-plus.png","width":1758,"height":358,"caption":"Logo Erasmus+"},{"@type":"WebPage","@id":"https:\/\/internacional.umh.es\/movilidad\/pas\/erasmus\/movilidad-internacional-erasmus-con-paises-asociados-ka107-2019\/#webpage","url":"https:\/\/internacional.umh.es\/movilidad\/pas\/erasmus\/movilidad-internacional-erasmus-con-paises-asociados-ka107-2019\/","name":"Mobilitat internacional Erasmus+ amb pa\u00efsos associats (KA107) 2021 - Internacionalitzaci\u00f3 i Cooperaci\u00f3","isPartOf":{"@id":"https:\/\/internacional.umh.es\/en\/#website"},"primaryImageOfPage":{"@id":"https:\/\/internacional.umh.es\/movilidad\/pas\/erasmus\/movilidad-internacional-erasmus-con-paises-asociados-ka107-2019\/#primaryimage"},"datePublished":"2019-04-04T11:41:07+00:00","dateModified":"2023-11-17T13:36:42+00:00","description":"La Universidad Miguel Hern\u00e1ndez realiza la Convocatoria de Movilidad internacional Erasmus+ con pa\u00edses asociados (KA107) Armenia y Bosnia","breadcrumb":{"@id":"https:\/\/internacional.umh.es\/movilidad\/pas\/erasmus\/movilidad-internacional-erasmus-con-paises-asociados-ka107-2019\/#breadcrumb"},"inLanguage":"ca","potentialAction":[{"@type":"ReadAction","target":["https:\/\/internacional.umh.es\/movilidad\/pas\/erasmus\/movilidad-internacional-erasmus-con-paises-asociados-ka107-2019\/"]}]},{"@type":"BreadcrumbList","@id":"https:\/\/internacional.umh.es\/movilidad\/pas\/erasmus\/movilidad-internacional-erasmus-con-paises-asociados-ka107-2019\/#breadcrumb","itemListElement":[{"@type":"ListItem","position":1,"name":"Home","item":"https:\/\/internacional.umh.es\/en\/"},{"@type":"ListItem","position":2,"name":"MOBILITY","item":"https:\/\/internacional.umh.es\/en\/movilidad\/"},{"@type":"ListItem","position":3,"name":"PTGAS","item":"https:\/\/internacional.umh.es\/movilidad\/pas\/"},{"@type":"ListItem","position":4,"name":"ERASMUS PTGAS &#8211; Estancias formativas","item":"https:\/\/internacional.umh.es\/movilidad\/pas\/erasmus\/"},{"@type":"ListItem","position":5,"name":"2021 International Erasmus+ mobility with partner countries (KA107)"}]}]}},"_links":{"self":[{"href":"https:\/\/internacional.umh.es\/ca\/wp-json\/wp\/v2\/pages\/10403"}],"collection":[{"href":"https:\/\/internacional.umh.es\/ca\/wp-json\/wp\/v2\/pages"}],"about":[{"href":"https:\/\/internacional.umh.es\/ca\/wp-json\/wp\/v2\/types\/page"}],"author":[{"embeddable":true,"href":"https:\/\/internacional.umh.es\/ca\/wp-json\/wp\/v2\/users\/32"}],"replies":[{"embeddable":true,"href":"https:\/\/internacional.umh.es\/ca\/wp-json\/wp\/v2\/comments?post=10403"}],"version-history":[{"count":0,"href":"https:\/\/internacional.umh.es\/ca\/wp-json\/wp\/v2\/pages\/10403\/revisions"}],"up":[{"embeddable":true,"href":"https:\/\/internacional.umh.es\/ca\/wp-json\/wp\/v2\/pages\/268"}],"wp:attachment":[{"href":"https:\/\/internacional.umh.es\/ca\/wp-json\/wp\/v2\/media?parent=10403"}],"curies":[{"name":"wp","href":"https:\/\/api.w.org\/{rel}","templated":true}]}}