{"id":1253,"date":"2013-04-25T09:44:02","date_gmt":"2013-04-25T07:44:02","guid":{"rendered":"http:\/\/internacional.umh.es\/course-catalogue\/"},"modified":"2024-01-16T08:18:55","modified_gmt":"2024-01-16T07:18:55","slug":"informacion-academica","status":"publish","type":"page","link":"https:\/\/internacional.umh.es\/ca\/incoming\/informacion-academica\/","title":{"rendered":"Informaci\u00f3 acad\u00e8mica"},"content":{"rendered":"<p><strong>(07\/07\/2020): <\/strong>Situaci\u00f3 acad\u00e8mica per a la mobilitat internacional durant el curs 2020-2021:<\/p>\n<ul>\n<li><strong><a title=\"Ho veur\u00e0s en una nova finestra\" href=\"https:\/\/internacional.umh.es\/files\/2020\/07\/Letter-to-students-partners-universities-July-2020.pdf\" target=\"_blank\" rel=\"noopener noreferrer\">Carta informativa a universitats col\u00b7laboradores (138Kb Angl\u00e9s .pdf)<\/a><\/strong><\/li>\n<\/ul>\n<p><img loading=\"lazy\" class=\"alignleft wp-image-26856\" style=\"margin-right: 30px\" src=\"https:\/\/internacional.umh.es\/files\/2022\/06\/Graus-disseny_Universitat-Publica-UMH.jpg\" title=\"Estudia m\u00e9s de 24 graus i 2 dobles graus a la UMH\" alt=\"Graus disseny Universitat P\u00fablica UMH\" width=\"200\" height=\"285\" srcset=\"https:\/\/internacional.umh.es\/files\/2022\/06\/Graus-disseny_Universitat-Publica-UMH.jpg 590w, https:\/\/internacional.umh.es\/files\/2022\/06\/Graus-disseny_Universitat-Publica-UMH-210x300.jpg 210w\" sizes=\"(max-width: 200px) 100vw, 200px\" \/><\/p>\n<h3><strong>Informaci\u00f3 acad\u00e8mica sobre la UMH<\/strong><\/h3>\n<ol>\n<li><a title=\"Ho veur\u00e0s en una nova finestra\" href=\"https:\/\/internacional.umh.es\/files\/2013\/05\/Information-on-the-institution.pdf\" target=\"_blank\" rel=\"noopener noreferrer\">Informaci\u00f3 sobre la UMH (106Kb Angl\u00e9s .pdf)<\/a><\/li>\n<p><\/p>\n<li>Informaci\u00f3 sobre graus, m\u00e0sters oficials i doctorats:<br \/>\n<strong><a title=\"Ho veur\u00e0s en una nova finestra\" href=\"http:\/\/www.umh.es\/contenido\/Estudios\/:Grado\/datos_val.html\" target=\"_blank\" rel=\"noopener noreferrer\">&#8211; Graus<\/a><\/strong><br \/>\n<strong><a title=\"Ho veur\u00e0s en una nova finestra\" href=\"https:\/\/www.umh.es\/contenido\/Estudios\/:Master_Oficial\/datos_val.html\" target=\"_blank\" rel=\"noopener noreferrer\">&#8211; M\u00e0sters oficials<\/a><\/strong><br \/>\n<strong><a title=\"Ho veur\u00e0s en una nova finestra\" href=\"http:\/\/www.umh.es\/contenido\/Estudios\/:Doctorado\/datos_val.html\" target=\"_blank\" rel=\"noopener noreferrer\">&#8211; Doctorats<\/a><\/strong><\/li>\n<p><\/p>\n<li><strong><a title=\"Descarrega el document General information for students en una nova finestra\" href=\"https:\/\/internacional.umh.es\/files\/2013\/05\/General-information-for-students.pdf\" target=\"_blank\" rel=\"noopener noreferrer\">General information for students  (165Kb Angl\u00e9s .pdf)<\/a><\/strong><\/li>\n<p><\/p>\n<li><strong><a title=\"Descarrega el document en una nova finestra\" href=\"https:\/\/internacional.umh.es\/files\/2013\/04\/20160601142315109.pdf\" target=\"_blank\" rel=\"noopener noreferrer\">UMH Grading Scale (34Kb Angl\u00e9s .pdf)<\/a><\/strong><\/li>\n<\/ol>\n<p><\/p>","protected":false},"excerpt":{"rendered":"<p>(07\/07\/2020): Situaci\u00f3 acad\u00e8mica per a la mobilitat internacional durant el curs 2020-2021:<\/p>\n<p>Carta informativa a universitats col\u00b7laboradores (138Kb Angl\u00e9s .pdf)<\/p>\n<p>Informaci\u00f3 acad\u00e8mica sobre la UMH<\/p>\n<p>Informaci\u00f3 sobre la UMH (106Kb Angl\u00e9s .pdf)<\/p>\n<p>Informaci\u00f3 sobre graus, m\u00e0sters oficials i doctorats:<br \/>\n&#8211; Graus<br \/>\n&#8211; M\u00e0sters oficials<br \/>\n&#8211; Doctorats<\/p>\n<p>General information for students  (165Kb Angl\u00e9s .pdf)<\/p>\n<p>UMH Grading Scale (34Kb Angl\u00e9s .pdf)<\/p>\n","protected":false},"author":30,"featured_media":0,"parent":8,"menu_order":15,"comment_status":"closed","ping_status":"closed","template":"","meta":{"ngg_post_thumbnail":0,"_links_to":"","_links_to_target":""},"yoast_head":"<!-- This site is optimized with the Yoast SEO plugin v17.5 - https:\/\/yoast.com\/wordpress\/plugins\/seo\/ -->\n<meta name=\"description\" content=\"Informaci\u00f3n acad\u00e9mica para estudiantes internacionales de movilidad en el curso documentaci\u00f3n para estudiantes-universidades colaboradoras\" \/>\n<meta name=\"robots\" content=\"index, follow, max-snippet:-1, max-image-preview:large, max-video-preview:-1\" \/>\n<link rel=\"canonical\" href=\"https:\/\/internacional.umh.es\/ca\/incoming\/informacion-academica\/\" \/>\n<meta property=\"og:locale\" content=\"ca_ES\" \/>\n<meta property=\"og:type\" content=\"article\" \/>\n<meta property=\"og:title\" content=\"Informaci\u00f3 acad\u00e8mica - Internacionalitzaci\u00f3 i Cooperaci\u00f3\" \/>\n<meta property=\"og:description\" content=\"Informaci\u00f3n acad\u00e9mica para estudiantes internacionales de movilidad en el curso documentaci\u00f3n para estudiantes-universidades colaboradoras\" \/>\n<meta property=\"og:url\" content=\"https:\/\/internacional.umh.es\/incoming\/informacion-academica\/\" \/>\n<meta property=\"og:site_name\" content=\"Internacionalitzaci\u00f3 i Cooperaci\u00f3\" \/>\n<meta property=\"article:modified_time\" content=\"2024-01-16T07:18:55+00:00\" \/>\n<meta property=\"og:image\" content=\"https:\/\/internacional.umh.es\/files\/2022\/06\/Grados-disen\u0303o_Universidad-Publica-UMH.jpg\" \/>\n<meta name=\"twitter:card\" content=\"summary_large_image\" \/>\n<meta name=\"twitter:label1\" content=\"Est. reading time\" \/>\n\t<meta name=\"twitter:data1\" content=\"1 minut\" \/>\n<script type=\"application\/ld+json\" class=\"yoast-schema-graph\">{\"@context\":\"https:\/\/schema.org\",\"@graph\":[{\"@type\":\"WebSite\",\"@id\":\"https:\/\/internacional.umh.es\/en\/#website\",\"url\":\"https:\/\/internacional.umh.es\/en\/\",\"name\":\"Internacionalitzaci\\u00f3 i Cooperaci\\u00f3\",\"description\":\"Universitat Miguel Hern\\u00e1ndez d&#039;Elx\",\"potentialAction\":[{\"@type\":\"SearchAction\",\"target\":{\"@type\":\"EntryPoint\",\"urlTemplate\":\"https:\/\/internacional.umh.es\/en\/?s={search_term_string}\"},\"query-input\":\"required name=search_term_string\"}],\"inLanguage\":\"ca\"},{\"@type\":\"ImageObject\",\"@id\":\"https:\/\/internacional.umh.es\/incoming\/informacion-academica\/#primaryimage\",\"inLanguage\":\"ca\",\"url\":\"https:\/\/internacional.umh.es\/files\/2022\/06\/Grados-disen\\u0303o_Universidad-Publica-UMH.jpg\",\"contentUrl\":\"https:\/\/internacional.umh.es\/files\/2022\/06\/Grados-disen\\u0303o_Universidad-Publica-UMH.jpg\",\"width\":590,\"height\":842,\"caption\":\"Grados disen\\u0303o Universidad P\\u00fablica UMH\"},{\"@type\":\"WebPage\",\"@id\":\"https:\/\/internacional.umh.es\/incoming\/informacion-academica\/#webpage\",\"url\":\"https:\/\/internacional.umh.es\/incoming\/informacion-academica\/\",\"name\":\"Informaci\\u00f3 acad\\u00e8mica - Internacionalitzaci\\u00f3 i Cooperaci\\u00f3\",\"isPartOf\":{\"@id\":\"https:\/\/internacional.umh.es\/en\/#website\"},\"primaryImageOfPage\":{\"@id\":\"https:\/\/internacional.umh.es\/incoming\/informacion-academica\/#primaryimage\"},\"datePublished\":\"2013-04-25T07:44:02+00:00\",\"dateModified\":\"2024-01-16T07:18:55+00:00\",\"description\":\"Informaci\\u00f3n acad\\u00e9mica para estudiantes internacionales de movilidad en el curso documentaci\\u00f3n para estudiantes-universidades colaboradoras\",\"breadcrumb\":{\"@id\":\"https:\/\/internacional.umh.es\/incoming\/informacion-academica\/#breadcrumb\"},\"inLanguage\":\"ca\",\"potentialAction\":[{\"@type\":\"ReadAction\",\"target\":[\"https:\/\/internacional.umh.es\/incoming\/informacion-academica\/\"]}]},{\"@type\":\"BreadcrumbList\",\"@id\":\"https:\/\/internacional.umh.es\/incoming\/informacion-academica\/#breadcrumb\",\"itemListElement\":[{\"@type\":\"ListItem\",\"position\":1,\"name\":\"Home\",\"item\":\"https:\/\/internacional.umh.es\/en\/\"},{\"@type\":\"ListItem\",\"position\":2,\"name\":\"INCOMING\",\"item\":\"https:\/\/internacional.umh.es\/incoming\/\"},{\"@type\":\"ListItem\",\"position\":3,\"name\":\"Informaci\\u00f3n acad\\u00e9mica\"}]}]}<\/script>\n<!-- \/ Yoast SEO plugin. -->","yoast_head_json":{"description":"Informaci\u00f3n acad\u00e9mica para estudiantes internacionales de movilidad en el curso documentaci\u00f3n para estudiantes-universidades colaboradoras","robots":{"index":"index","follow":"follow","max-snippet":"max-snippet:-1","max-image-preview":"max-image-preview:large","max-video-preview":"max-video-preview:-1"},"canonical":"https:\/\/internacional.umh.es\/ca\/incoming\/informacion-academica\/","og_locale":"ca_ES","og_type":"article","og_title":"Informaci\u00f3 acad\u00e8mica - Internacionalitzaci\u00f3 i Cooperaci\u00f3","og_description":"Informaci\u00f3n acad\u00e9mica para estudiantes internacionales de movilidad en el curso documentaci\u00f3n para estudiantes-universidades colaboradoras","og_url":"https:\/\/internacional.umh.es\/incoming\/informacion-academica\/","og_site_name":"Internacionalitzaci\u00f3 i Cooperaci\u00f3","article_modified_time":"2024-01-16T07:18:55+00:00","og_image":[{"url":"https:\/\/internacional.umh.es\/files\/2022\/06\/Grados-disen\u0303o_Universidad-Publica-UMH.jpg"}],"twitter_card":"summary_large_image","twitter_misc":{"Est. reading time":"1 minut"},"schema":{"@context":"https:\/\/schema.org","@graph":[{"@type":"WebSite","@id":"https:\/\/internacional.umh.es\/en\/#website","url":"https:\/\/internacional.umh.es\/en\/","name":"Internacionalitzaci\u00f3 i Cooperaci\u00f3","description":"Universitat Miguel Hern\u00e1ndez d&#039;Elx","potentialAction":[{"@type":"SearchAction","target":{"@type":"EntryPoint","urlTemplate":"https:\/\/internacional.umh.es\/en\/?s={search_term_string}"},"query-input":"required name=search_term_string"}],"inLanguage":"ca"},{"@type":"ImageObject","@id":"https:\/\/internacional.umh.es\/incoming\/informacion-academica\/#primaryimage","inLanguage":"ca","url":"https:\/\/internacional.umh.es\/files\/2022\/06\/Grados-disen\u0303o_Universidad-Publica-UMH.jpg","contentUrl":"https:\/\/internacional.umh.es\/files\/2022\/06\/Grados-disen\u0303o_Universidad-Publica-UMH.jpg","width":590,"height":842,"caption":"Grados disen\u0303o Universidad P\u00fablica UMH"},{"@type":"WebPage","@id":"https:\/\/internacional.umh.es\/incoming\/informacion-academica\/#webpage","url":"https:\/\/internacional.umh.es\/incoming\/informacion-academica\/","name":"Informaci\u00f3 acad\u00e8mica - Internacionalitzaci\u00f3 i Cooperaci\u00f3","isPartOf":{"@id":"https:\/\/internacional.umh.es\/en\/#website"},"primaryImageOfPage":{"@id":"https:\/\/internacional.umh.es\/incoming\/informacion-academica\/#primaryimage"},"datePublished":"2013-04-25T07:44:02+00:00","dateModified":"2024-01-16T07:18:55+00:00","description":"Informaci\u00f3n acad\u00e9mica para estudiantes internacionales de movilidad en el curso documentaci\u00f3n para estudiantes-universidades colaboradoras","breadcrumb":{"@id":"https:\/\/internacional.umh.es\/incoming\/informacion-academica\/#breadcrumb"},"inLanguage":"ca","potentialAction":[{"@type":"ReadAction","target":["https:\/\/internacional.umh.es\/incoming\/informacion-academica\/"]}]},{"@type":"BreadcrumbList","@id":"https:\/\/internacional.umh.es\/incoming\/informacion-academica\/#breadcrumb","itemListElement":[{"@type":"ListItem","position":1,"name":"Home","item":"https:\/\/internacional.umh.es\/en\/"},{"@type":"ListItem","position":2,"name":"INCOMING","item":"https:\/\/internacional.umh.es\/incoming\/"},{"@type":"ListItem","position":3,"name":"Informaci\u00f3n acad\u00e9mica"}]}]}},"_links":{"self":[{"href":"https:\/\/internacional.umh.es\/ca\/wp-json\/wp\/v2\/pages\/1253"}],"collection":[{"href":"https:\/\/internacional.umh.es\/ca\/wp-json\/wp\/v2\/pages"}],"about":[{"href":"https:\/\/internacional.umh.es\/ca\/wp-json\/wp\/v2\/types\/page"}],"author":[{"embeddable":true,"href":"https:\/\/internacional.umh.es\/ca\/wp-json\/wp\/v2\/users\/30"}],"replies":[{"embeddable":true,"href":"https:\/\/internacional.umh.es\/ca\/wp-json\/wp\/v2\/comments?post=1253"}],"version-history":[{"count":0,"href":"https:\/\/internacional.umh.es\/ca\/wp-json\/wp\/v2\/pages\/1253\/revisions"}],"up":[{"embeddable":true,"href":"https:\/\/internacional.umh.es\/ca\/wp-json\/wp\/v2\/pages\/8"}],"wp:attachment":[{"href":"https:\/\/internacional.umh.es\/ca\/wp-json\/wp\/v2\/media?parent=1253"}],"curies":[{"name":"wp","href":"https:\/\/api.w.org\/{rel}","templated":true}]}}