{"id":1278,"date":"2013-05-07T09:35:08","date_gmt":"2013-05-07T07:35:08","guid":{"rendered":"http:\/\/internacional.umh.es\/pdi\/programas-study-abroad-de-la-umh\/"},"modified":"2025-11-15T19:52:36","modified_gmt":"2025-11-15T18:52:36","slug":"study-abroad","status":"publish","type":"page","link":"https:\/\/internacional.umh.es\/ca\/internacionalizacion\/study-abroad\/","title":{"rendered":"Study Abroad UMH"},"content":{"rendered":"<p><a title=\"Consulta tota la informaci\u00f3 dels programes Study Abroad en una nova finestra\" href=\"https:\/\/internacional.umh.es\/files\/2020\/05\/STUDY-ABROAD.pdf\" target=\"_blank\" rel=\"noopener\"><img loading=\"lazy\" class=\"alignnone wp-image-16304 size-full\" src=\"https:\/\/internacional.umh.es\/files\/2020\/08\/PrtScr-capture.jpg\" alt=\"Study Abroad Programs banner\" width=\"670\" height=\"165\" srcset=\"https:\/\/internacional.umh.es\/files\/2020\/08\/PrtScr-capture.jpg 670w, https:\/\/internacional.umh.es\/files\/2020\/08\/PrtScr-capture-300x74.jpg 300w\" sizes=\"(max-width: 670px) 100vw, 670px\" \/><\/a><\/p>\n<h3><strong>Qu\u00e8 ofereix el programa Study Abroad?<\/strong><\/h3>\n<ol>\n<li><strong>Contingut acad\u00e8mic multidisciplinari<\/strong>\n<p style=\"text-align: justify\">Estada de formaci\u00f3 en la <strong>Universitat Miguel Hern\u00e1ndez<\/strong> d&#8217;Elx per a completar els estudis superiors cursats al pa\u00eds d&#8217;origen, afavorint aix\u00ed la internacionalitzaci\u00f3 del seu curr\u00edculum.<\/p>\n<\/li>\n<li><strong>Comprensi\u00f3 de la cultura d&#8217;Espanya<\/strong>\n<p style=\"text-align: justify\">Dona a con\u00e9ixer els aspectes culturals, hist\u00f2rics i ling\u00fc\u00edstics de la vida i costums espanyols.<\/p>\n<\/li>\n<li><strong>Formaci\u00f3 i internacionalitzaci\u00f3<\/strong>\n<p style=\"text-align: justify\">Respon a les necessitats dels estudiants, al mateix temps que ofereix l&#8217;oportunitat d&#8217;interactuar amb estudiants, professors i professores d&#8217;altres nacionalitats.<\/p>\n<\/li>\n<\/ol>\n<hr>\n<h4><strong>Quines modalitats pots triar?<\/strong><\/h4>\n<ol>\n<li><strong>Short Courses<\/strong>\n<p style=\"text-align: justify\">Formaci\u00f3 espec\u00edfica aplicada i pr\u00e0ctica, que combina <strong>classes presencials<\/strong> amb <strong>activitats fora de la universitat<\/strong>. La duraci\u00f3 m\u00ednima \u00e9s de dues setmanes. Pots consultar els diferents &#8220;Short Courses&#8221; fent clic sobre les seg\u00fcents imatges:<\/p>\n<p><a title=\"Ho veur\u00e0s en una nova finestra\" href=\"https:\/\/issuu.com\/globalumh\/docs\/study_abroad-mediterranean_culture-\" target=\"_blank\" rel=\"noopener\"><img loading=\"lazy\" class=\"alignleft\" src=\"https:\/\/internacional.umh.es\/files\/2018\/09\/Study-Abroad-Mediterranean-Culture-2-weeks-001-211x300.jpg\" alt=\"Cultura Mediterr\u00e1nea UMH Study abroad in Spain fullet\" width=\"211\" height=\"300\"><\/a><\/p>\n<p><a title=\"Ho veur\u00e0s en una nova finestra\" href=\"https:\/\/issuu.com\/globalumh\/docs\/mediterranean_diet_and_landscapes_s\" target=\"_blank\" rel=\"noopener\"><img loading=\"lazy\" class=\"alignleft\" src=\"https:\/\/internacional.umh.es\/files\/2013\/05\/portadasaepso3-211x300.jpg\" alt=\"Mediterranean Diet and Landscapes UMH Study abroad in Spain fullet\" width=\"211\" height=\"300\"><\/a><\/p>\n<p><a title=\"Ho veur\u00e0s en una nova finestra\" href=\"https:\/\/issuu.com\/globalumh\/docs\/literature_and_civilization\" target=\"_blank\" rel=\"noopener\"><img loading=\"lazy\" class=\"alignleft\" src=\"https:\/\/internacional.umh.es\/files\/2019\/09\/portadaliteratura2-211x300.jpg\" alt=\"Spanish Literature and Civilization UMH Study abroad in Spain fullet\" width=\"211\" height=\"300\"><\/a><\/p>\n<p><a title=\"Ho veur\u00e0s en una nova finestra\" href=\"https:\/\/issuu.com\/globalumh\/docs\/folleto_epse_sa1\" target=\"_blank\" rel=\"noopener\"><img loading=\"lazy\" class=\"alignleft\" src=\"https:\/\/internacional.umh.es\/files\/2013\/05\/portadasaepse2-211x300.jpg\" alt=\"UE in Wireless Sensor Network UMH Study in Spain fullet\" width=\"211\" height=\"300\"><\/a><\/p>\n<p><a title=\"Ho veur\u00e0s en una nova finestra\" href=\"https:\/\/issuu.com\/globalumh\/docs\/ergonomia._study_abroad\" target=\"_blank\" rel=\"noopener\"><img loading=\"lazy\" class=\"alignleft\" src=\"https:\/\/internacional.umh.es\/files\/2019\/09\/Ergonom\u00eda-211x300.png\" alt=\"Ergonom\u00eda y Psicosociolog\u00eda UMH Study abroad in Spain fullet\" width=\"211\" height=\"300\"><\/a><br \/>\n<a title=\"Ho veur\u00e0s en una nova finestra\" href=\"https:\/\/issuu.com\/globalumh\/docs\/folleto_epse_satelites_sa\" target=\"_blank\" rel=\"noopener\"><img loading=\"lazy\" class=\"alignleft\" src=\"https:\/\/internacional.umh.es\/files\/2013\/05\/portadasatelites-211x300.jpg\" alt=\"UE in Electronics for Satellite Communications UMH Study in Spain fullet\" width=\"211\" height=\"300\"><\/a><br \/>\n<a title=\"Ho veur\u00e0s en una nova finestra\" href=\"https:\/\/issuu.com\/globalumh\/docs\/studyabroadumh_english\" target=\"_blank\" rel=\"noopener\"><img loading=\"lazy\" class=\"alignnone\" src=\"https:\/\/internacional.umh.es\/files\/2019\/09\/Mediterranean-211x300.png\" alt=\"Mediterranean Culture UMH Study abroad in Spain fullet\" width=\"211\" height=\"300\"><\/a><\/li>\n<p>&nbsp;<\/p>\n<li><strong>Internship Program<\/strong>\n<p style=\"text-align: justify\">El programa Internship permet a estudiants estrangers tindre una experi\u00e8ncia educativa en un <strong>ambient professional<\/strong> on se&#8217;ls guia a trav\u00e9s de tutors. Aquest programa els permet desenvolupar capacitats de lideratge i compet\u00e8ncies professionals de la seua \u00e0rea d&#8217;estudi.<\/p>\n<p style=\"text-align: justify\">El programa es divideix en<strong> pr\u00e0ctiques internes<\/strong> que es desenvolupen en departaments, institucions i serveis administratius, i en<strong> pr\u00e0ctiques externes<\/strong> les quals es desenvolupen en empreses spin-off o startups del <a title=\"Ho veur\u00e0s en una nova finestra\" href=\"http:\/\/www.parquecientificoumh.es\/\" target=\"_blank\" rel=\"noopener\"> Parc Cient\u00edfic de la UMH<\/a>. El programa de pr\u00e0ctiques externes es realitza al costat del t\u00edtol d&#8217;<a title=\"Ho veur\u00e0s en una nova finestra\" href=\"https:\/\/observatorio.umh.es\/2018\/07\/16\/titulo-de-experto-universitario-en-competencias-profesionales-empleabilidad-y-emprendimiento-2\/\" target=\"_blank\" rel=\"noopener\"> Expert Universitari en Compet\u00e8ncies Professionals, Ocupabilitat i Emprenedoria<\/a> de la UMH.<\/p>\n<p style=\"text-align: justify\">La duraci\u00f3 total del programa \u00e9s de tres mesos en els quals els estudiants realitzaran <strong>visites a les empreses m\u00e9s importants<\/strong> de la prov\u00edncia d&#8217;Alacant, realitzaran un<strong> curs intensiu d&#8217;espanyol<\/strong> i gaudiran de diverses <strong>activitats culturals i l\u00fadiques<\/strong> en m\u00faltiples localitats de la prov\u00edncia.<\/p>\n<\/li>\n<\/ol>\n<div id=\"attachment_7262\" style=\"width: 221px\" class=\"wp-caption aligncenter *\"><a title=\"Ho veur\u00e0s en una nova finestra\" href=\"https:\/\/internacional.umh.es\/files\/2018\/09\/Internships-Brochure.pdf\" target=\"_blank\" rel=\"noopener\"><img aria-describedby=\"caption-attachment-7262\" loading=\"lazy\" class=\"wp-image-7262 size-medium\" title=\"Consulta la informaci\u00f3 completa de tots els programes International Internship que ofereix la UMH\" src=\"https:\/\/internacional.umh.es\/files\/2018\/09\/Internships-Brochure-001-211x300.jpg\" alt=\"International Internships Program UMH fullet\" width=\"211\" height=\"300\" srcset=\"https:\/\/internacional.umh.es\/files\/2018\/09\/Internships-Brochure-001-211x300.jpg 211w, https:\/\/internacional.umh.es\/files\/2018\/09\/Internships-Brochure-001-768x1090.jpg 768w, https:\/\/internacional.umh.es\/files\/2018\/09\/Internships-Brochure-001-721x1024.jpg 721w, https:\/\/internacional.umh.es\/files\/2018\/09\/Internships-Brochure-001.jpg 839w\" sizes=\"(max-width: 211px) 100vw, 211px\" \/><\/a><p id=\"caption-attachment-7262\" class=\"wp-caption-text\"><a title=\"Ho veur\u00e0s en una nova finestra\" href=\"https:\/\/internacional.umh.es\/files\/2018\/09\/Internships-Brochure.pdf\" target=\"_blank\" rel=\"noopener\"><strong>Descarrega (4,75Mb .pdf)<\/strong><\/a><\/p><\/div>\n<ul>\n<li><a title=\"Ho veur\u00e0s en una nova finestra\" href=\"https:\/\/drive.google.com\/file\/d\/1itLf5vG1STo8JDNz82LZ1Dorqeiq7Vi1\/view?usp=sharing\" target=\"_blank\" rel=\"noopener noreferrer\"><strong>Coneix els programes als quals pots optar: Internal Internships Programs (145Kb .pdf)<\/strong><\/a><\/li>\n<li><a title=\"Accedeix a la informaci\u00f3 completa sobre els programes Study Abroad UMH\" href=\"https:\/\/internacional.umh.es\/normativa-study-abroad-umh\/\"><strong>Veure tota la informaci\u00f3 sobre la normativa dels programes Study Abroad<\/strong><\/a><\/li>\n<\/ul>\n<p><\/p>","protected":false},"excerpt":{"rendered":"<p>Qu\u00e8 ofereix el programa Study Abroad?<\/p>\n<p>Contingut acad\u00e8mic multidisciplinari<br \/>\nEstada de formaci\u00f3 en la Universitat Miguel Hern\u00e1ndez d&#8217;Elx per a completar els estudis superiors cursats al pa\u00eds d&#8217;origen, afavorint aix\u00ed la internacionalitzaci\u00f3 del seu curr\u00edculum.<\/p>\n<p>Comprensi\u00f3 de la cultura d&#8217;Espanya<br \/>\nDona a con\u00e9ixer els aspectes culturals, hist\u00f2rics i ling\u00fc\u00edstics de la vida i costums espanyols.<\/p>\n<p>Formaci\u00f3 i internacionalitzaci\u00f3<br \/>\nRespon a les [&#8230;]<\/p>\n","protected":false},"author":30,"featured_media":0,"parent":2740,"menu_order":12,"comment_status":"closed","ping_status":"closed","template":"","meta":{"ngg_post_thumbnail":0,"_links_to":"","_links_to_target":""},"yoast_head":"<!-- This site is optimized with the Yoast SEO plugin v17.5 - https:\/\/yoast.com\/wordpress\/plugins\/seo\/ -->\n<meta name=\"description\" content=\"Study abroad es una estancia de formaci\u00f3n en la UMH para completar estudios superiores cursados en origen favoreciendo la internacionalizaci\u00f3n\" \/>\n<meta name=\"robots\" content=\"index, follow, max-snippet:-1, max-image-preview:large, max-video-preview:-1\" \/>\n<link rel=\"canonical\" href=\"https:\/\/internacional.umh.es\/ca\/internacionalizacion\/study-abroad\/\" \/>\n<meta property=\"og:locale\" content=\"ca_ES\" \/>\n<meta property=\"og:type\" content=\"article\" \/>\n<meta property=\"og:title\" content=\"Study Abroad UMH - Internacionalitzaci\u00f3 i Cooperaci\u00f3\" \/>\n<meta property=\"og:description\" content=\"Study abroad es una estancia de formaci\u00f3n en la UMH para completar estudios superiores cursados en origen favoreciendo la internacionalizaci\u00f3n\" \/>\n<meta property=\"og:url\" content=\"https:\/\/internacional.umh.es\/en\/internacionalizacion\/study-abroad\/\" \/>\n<meta property=\"og:site_name\" content=\"Internacionalitzaci\u00f3 i Cooperaci\u00f3\" \/>\n<meta property=\"article:modified_time\" content=\"2025-11-15T18:52:36+00:00\" \/>\n<meta property=\"og:image\" content=\"https:\/\/internacional.umh.es\/files\/2025\/06\/CARRUSELES-WEB-1.png\" \/>\n<meta name=\"twitter:card\" content=\"summary_large_image\" \/>\n<meta name=\"twitter:label1\" content=\"Est. reading time\" \/>\n\t<meta name=\"twitter:data1\" content=\"3 minuts\" \/>\n<script type=\"application\/ld+json\" class=\"yoast-schema-graph\">{\"@context\":\"https:\/\/schema.org\",\"@graph\":[{\"@type\":\"WebSite\",\"@id\":\"https:\/\/internacional.umh.es\/en\/#website\",\"url\":\"https:\/\/internacional.umh.es\/en\/\",\"name\":\"Internacionalitzaci\\u00f3 i Cooperaci\\u00f3\",\"description\":\"Universitat Miguel Hern\\u00e1ndez d&#039;Elx\",\"potentialAction\":[{\"@type\":\"SearchAction\",\"target\":{\"@type\":\"EntryPoint\",\"urlTemplate\":\"https:\/\/internacional.umh.es\/en\/?s={search_term_string}\"},\"query-input\":\"required name=search_term_string\"}],\"inLanguage\":\"ca\"},{\"@type\":\"ImageObject\",\"@id\":\"https:\/\/internacional.umh.es\/en\/internacionalizacion\/study-abroad\/#primaryimage\",\"inLanguage\":\"ca\",\"url\":\"https:\/\/internacional.umh.es\/files\/2025\/06\/CARRUSELES-WEB-1.png\",\"contentUrl\":\"https:\/\/internacional.umh.es\/files\/2025\/06\/CARRUSELES-WEB-1.png\",\"width\":1920,\"height\":400},{\"@type\":\"WebPage\",\"@id\":\"https:\/\/internacional.umh.es\/en\/internacionalizacion\/study-abroad\/#webpage\",\"url\":\"https:\/\/internacional.umh.es\/en\/internacionalizacion\/study-abroad\/\",\"name\":\"Study Abroad UMH - Internacionalitzaci\\u00f3 i Cooperaci\\u00f3\",\"isPartOf\":{\"@id\":\"https:\/\/internacional.umh.es\/en\/#website\"},\"primaryImageOfPage\":{\"@id\":\"https:\/\/internacional.umh.es\/en\/internacionalizacion\/study-abroad\/#primaryimage\"},\"datePublished\":\"2013-05-07T07:35:08+00:00\",\"dateModified\":\"2025-11-15T18:52:36+00:00\",\"description\":\"Study abroad es una estancia de formaci\\u00f3n en la UMH para completar estudios superiores cursados en origen favoreciendo la internacionalizaci\\u00f3n\",\"breadcrumb\":{\"@id\":\"https:\/\/internacional.umh.es\/en\/internacionalizacion\/study-abroad\/#breadcrumb\"},\"inLanguage\":\"ca\",\"potentialAction\":[{\"@type\":\"ReadAction\",\"target\":[\"https:\/\/internacional.umh.es\/en\/internacionalizacion\/study-abroad\/\"]}]},{\"@type\":\"BreadcrumbList\",\"@id\":\"https:\/\/internacional.umh.es\/en\/internacionalizacion\/study-abroad\/#breadcrumb\",\"itemListElement\":[{\"@type\":\"ListItem\",\"position\":1,\"name\":\"Home\",\"item\":\"https:\/\/internacional.umh.es\/en\/\"},{\"@type\":\"ListItem\",\"position\":2,\"name\":\"INTERNATIONALIZATION\",\"item\":\"https:\/\/internacional.umh.es\/en\/internacionalizacion\/\"},{\"@type\":\"ListItem\",\"position\":3,\"name\":\"UMH Study Abroad Courses and Programs\"}]}]}<\/script>\n<!-- \/ Yoast SEO plugin. -->","yoast_head_json":{"description":"Study abroad es una estancia de formaci\u00f3n en la UMH para completar estudios superiores cursados en origen favoreciendo la internacionalizaci\u00f3n","robots":{"index":"index","follow":"follow","max-snippet":"max-snippet:-1","max-image-preview":"max-image-preview:large","max-video-preview":"max-video-preview:-1"},"canonical":"https:\/\/internacional.umh.es\/ca\/internacionalizacion\/study-abroad\/","og_locale":"ca_ES","og_type":"article","og_title":"Study Abroad UMH - Internacionalitzaci\u00f3 i Cooperaci\u00f3","og_description":"Study abroad es una estancia de formaci\u00f3n en la UMH para completar estudios superiores cursados en origen favoreciendo la internacionalizaci\u00f3n","og_url":"https:\/\/internacional.umh.es\/en\/internacionalizacion\/study-abroad\/","og_site_name":"Internacionalitzaci\u00f3 i Cooperaci\u00f3","article_modified_time":"2025-11-15T18:52:36+00:00","og_image":[{"url":"https:\/\/internacional.umh.es\/files\/2025\/06\/CARRUSELES-WEB-1.png"}],"twitter_card":"summary_large_image","twitter_misc":{"Est. reading time":"3 minuts"},"schema":{"@context":"https:\/\/schema.org","@graph":[{"@type":"WebSite","@id":"https:\/\/internacional.umh.es\/en\/#website","url":"https:\/\/internacional.umh.es\/en\/","name":"Internacionalitzaci\u00f3 i Cooperaci\u00f3","description":"Universitat Miguel Hern\u00e1ndez d&#039;Elx","potentialAction":[{"@type":"SearchAction","target":{"@type":"EntryPoint","urlTemplate":"https:\/\/internacional.umh.es\/en\/?s={search_term_string}"},"query-input":"required name=search_term_string"}],"inLanguage":"ca"},{"@type":"ImageObject","@id":"https:\/\/internacional.umh.es\/en\/internacionalizacion\/study-abroad\/#primaryimage","inLanguage":"ca","url":"https:\/\/internacional.umh.es\/files\/2025\/06\/CARRUSELES-WEB-1.png","contentUrl":"https:\/\/internacional.umh.es\/files\/2025\/06\/CARRUSELES-WEB-1.png","width":1920,"height":400},{"@type":"WebPage","@id":"https:\/\/internacional.umh.es\/en\/internacionalizacion\/study-abroad\/#webpage","url":"https:\/\/internacional.umh.es\/en\/internacionalizacion\/study-abroad\/","name":"Study Abroad UMH - Internacionalitzaci\u00f3 i Cooperaci\u00f3","isPartOf":{"@id":"https:\/\/internacional.umh.es\/en\/#website"},"primaryImageOfPage":{"@id":"https:\/\/internacional.umh.es\/en\/internacionalizacion\/study-abroad\/#primaryimage"},"datePublished":"2013-05-07T07:35:08+00:00","dateModified":"2025-11-15T18:52:36+00:00","description":"Study abroad es una estancia de formaci\u00f3n en la UMH para completar estudios superiores cursados en origen favoreciendo la internacionalizaci\u00f3n","breadcrumb":{"@id":"https:\/\/internacional.umh.es\/en\/internacionalizacion\/study-abroad\/#breadcrumb"},"inLanguage":"ca","potentialAction":[{"@type":"ReadAction","target":["https:\/\/internacional.umh.es\/en\/internacionalizacion\/study-abroad\/"]}]},{"@type":"BreadcrumbList","@id":"https:\/\/internacional.umh.es\/en\/internacionalizacion\/study-abroad\/#breadcrumb","itemListElement":[{"@type":"ListItem","position":1,"name":"Home","item":"https:\/\/internacional.umh.es\/en\/"},{"@type":"ListItem","position":2,"name":"INTERNATIONALIZATION","item":"https:\/\/internacional.umh.es\/en\/internacionalizacion\/"},{"@type":"ListItem","position":3,"name":"UMH Study Abroad Courses and Programs"}]}]}},"_links":{"self":[{"href":"https:\/\/internacional.umh.es\/ca\/wp-json\/wp\/v2\/pages\/1278"}],"collection":[{"href":"https:\/\/internacional.umh.es\/ca\/wp-json\/wp\/v2\/pages"}],"about":[{"href":"https:\/\/internacional.umh.es\/ca\/wp-json\/wp\/v2\/types\/page"}],"author":[{"embeddable":true,"href":"https:\/\/internacional.umh.es\/ca\/wp-json\/wp\/v2\/users\/30"}],"replies":[{"embeddable":true,"href":"https:\/\/internacional.umh.es\/ca\/wp-json\/wp\/v2\/comments?post=1278"}],"version-history":[{"count":0,"href":"https:\/\/internacional.umh.es\/ca\/wp-json\/wp\/v2\/pages\/1278\/revisions"}],"up":[{"embeddable":true,"href":"https:\/\/internacional.umh.es\/ca\/wp-json\/wp\/v2\/pages\/2740"}],"wp:attachment":[{"href":"https:\/\/internacional.umh.es\/ca\/wp-json\/wp\/v2\/media?parent=1278"}],"curies":[{"name":"wp","href":"https:\/\/api.w.org\/{rel}","templated":true}]}}