{"id":1300,"date":"2013-05-29T08:59:44","date_gmt":"2013-05-29T06:59:44","guid":{"rendered":"http:\/\/internacional.umh.es\/espanol\/"},"modified":"2015-10-29T11:10:50","modified_gmt":"2015-10-29T10:10:50","slug":"espanol-2","status":"publish","type":"page","link":"https:\/\/internacional.umh.es\/ca\/espanol-2\/","title":{"rendered":"<span lang=\"es\">(Espa\u00f1ol) Espa\u00f1ol<\/span>"},"content":{"rendered":"<p><b>CURSOS DE ESPA\u00d1OL PARA EXTRANJEROS<\/b><\/p>\n<p><b>1 \u00a0CUATRIMESTRE 2014\/2015<\/b><b><\/b><\/p>\n<p>Estos cursos tendr\u00e1n una duraci\u00f3n de 50 horas (4 horas semanales), y se impartir\u00e1n de septiembre 2014 a enero 2015.<b><\/b><\/p>\n<p>Los grupos se conformar\u00e1n entre las personas matriculadas, no pudiendo ser el n\u00famero de integrantes de los mismos ni inferior a 10, ni superior a 25 personas.<\/p>\n<p><b><span style=\"text-decoration: underline\">\u00a0<\/span><\/b><\/p>\n<p><b><span style=\"text-decoration: underline\">OFERTA DE CURSOS:<\/span><\/b><\/p>\n<div align=\"center\">\n<table width=\"560\" border=\"0\" cellspacing=\"0\" cellpadding=\"0\">\n<tbody>\n<tr>\n<td valign=\"bottom\" nowrap=\"nowrap\" width=\"80\"><b>ELCHE<\/b><\/td>\n<td valign=\"bottom\" nowrap=\"nowrap\" width=\"80\">\u00a0<\/td>\n<td valign=\"bottom\" nowrap=\"nowrap\" width=\"80\">\u00a0<\/td>\n<td valign=\"bottom\" nowrap=\"nowrap\" width=\"135\">\u00a0<\/td>\n<td valign=\"bottom\" nowrap=\"nowrap\" width=\"66\">\u00a0<\/td>\n<td valign=\"top\" width=\"66\">\u00a0<\/td>\n<td valign=\"bottom\" nowrap=\"nowrap\" width=\"53\">\u00a0<\/td>\n<\/tr>\n<tr>\n<td valign=\"bottom\" nowrap=\"nowrap\" width=\"80\">ESPA\u00d1OL<\/td>\n<td valign=\"bottom\" nowrap=\"nowrap\" width=\"80\">\u00a0<\/td>\n<td valign=\"bottom\" nowrap=\"nowrap\" width=\"80\">\u00a0<\/td>\n<td valign=\"bottom\" nowrap=\"nowrap\" width=\"135\">\u00a0<\/td>\n<td valign=\"bottom\" nowrap=\"nowrap\" width=\"66\">\u00a0<\/td>\n<td valign=\"top\" width=\"66\">\u00a0<\/td>\n<td valign=\"bottom\" nowrap=\"nowrap\" width=\"53\">\u00a0<\/td>\n<\/tr>\n<tr>\n<td valign=\"bottom\" nowrap=\"nowrap\" width=\"80\">\u00a0<\/td>\n<td valign=\"bottom\" nowrap=\"nowrap\" width=\"80\">\u00a0<\/td>\n<td valign=\"bottom\" nowrap=\"nowrap\" width=\"80\">\u00a0<\/td>\n<td valign=\"bottom\" nowrap=\"nowrap\" width=\"135\">\u00a0<\/td>\n<td valign=\"bottom\" nowrap=\"nowrap\" width=\"66\"><b>1er CUAT.<\/b><\/td>\n<td valign=\"top\" width=\"66\"><b>\u00a0<\/b><\/p>\n<p><b>2\u00ba CUAT<\/b><\/td>\n<td valign=\"bottom\" nowrap=\"nowrap\" width=\"53\">\u00a0<\/td>\n<\/tr>\n<tr>\n<td width=\"80\"><b>Grupo <\/b><\/td>\n<td width=\"80\"><b>D\u00edas<\/b><\/td>\n<td width=\"80\"><b>Hora<\/b><\/td>\n<td width=\"135\"><b>Aula <\/b><\/td>\n<td width=\"66\"><b>Nivel<\/b><\/td>\n<td width=\"66\"><b>Nivel<\/b><\/td>\n<td width=\"53\"><b>Plazas<\/b><\/td>\n<\/tr>\n<tr>\n<td width=\"80\"><b>\u00a0<\/b><\/td>\n<td width=\"80\"><b>\u00a0S\u00e1bados<\/b><\/td>\n<td width=\"80\"><b>\u00a010-14<\/b><\/td>\n<td width=\"135\"><b>Ed. La Galia; Aula 0.2\u00a0<\/b><\/td>\n<td width=\"66\"><b>B1.1<\/b><\/td>\n<td width=\"66\">\n<p align=\"right\"><b>B1.2<\/b><\/p>\n<\/td>\n<td width=\"53\">\n<p align=\"right\"><b>20<\/b><\/p>\n<\/td>\n<\/tr>\n<tr>\n<td width=\"80\">\u00a0<\/td>\n<td width=\"80\"><b>\u00a0S\u00e1bados<\/b><\/td>\n<td width=\"80\"><b>\u00a010-14<\/b><\/td>\n<td width=\"135\">Ed. La Galia;<br \/>\nAula 2.5A\u00a0<\/td>\n<td width=\"66\"><b>B1.2<\/b><\/td>\n<td width=\"66\">\n<p align=\"right\"><b>B2.1<\/b><\/p>\n<\/td>\n<td width=\"53\">\n<p align=\"right\"><b>20<\/b><\/p>\n<\/td>\n<\/tr>\n<tr>\n<td width=\"80\">\u00a0<\/td>\n<td width=\"80\"><b>\u00a0S\u00e1bados<\/b><\/td>\n<td width=\"80\"><b>\u00a010-14<\/b><\/td>\n<td width=\"135\">Ed. Altabix; Aula 0.2<br \/>\nexcepto: 8\/11 en Altabix 0.6 y 22\/11 en La Galia 2.4\u00a0<\/td>\n<td width=\"66\"><b>B2.1<\/b><\/td>\n<td width=\"66\">\n<p align=\"right\"><b>B2.2<\/b><\/p>\n<\/td>\n<td width=\"53\">\n<p align=\"right\"><b>20<\/b><\/p>\n<\/td>\n<\/tr>\n<tr>\n<td width=\"80\">\u00a0<\/td>\n<td width=\"80\">\u00a0<\/td>\n<td width=\"80\">\u00a0<\/td>\n<td width=\"135\">\u00a0<\/td>\n<td width=\"66\">\u00a0<\/td>\n<td valign=\"top\" width=\"66\">\u00a0<\/td>\n<td width=\"53\">\u00a0<\/td>\n<\/tr>\n<tr>\n<td valign=\"bottom\" nowrap=\"nowrap\" width=\"80\">\u00a0<\/td>\n<td valign=\"bottom\" nowrap=\"nowrap\" width=\"80\">\u00a0<\/td>\n<td valign=\"bottom\" nowrap=\"nowrap\" width=\"80\">\u00a0<\/td>\n<td valign=\"bottom\" nowrap=\"nowrap\" width=\"135\">\u00a0<\/td>\n<td valign=\"bottom\" nowrap=\"nowrap\" width=\"66\">\u00a0<\/td>\n<td valign=\"top\" width=\"66\">\u00a0<\/td>\n<td valign=\"bottom\" nowrap=\"nowrap\" width=\"53\">\u00a0<\/td>\n<\/tr>\n<tr>\n<td valign=\"bottom\" nowrap=\"nowrap\" width=\"80\">SAN JUAN<\/td>\n<td valign=\"bottom\" nowrap=\"nowrap\" width=\"80\">\u00a0<\/td>\n<td valign=\"bottom\" nowrap=\"nowrap\" width=\"80\">\u00a0<\/td>\n<td valign=\"bottom\" nowrap=\"nowrap\" width=\"135\">\u00a0<\/td>\n<td valign=\"bottom\" nowrap=\"nowrap\" width=\"66\">\u00a0<\/td>\n<td valign=\"top\" width=\"66\">\u00a0<\/td>\n<td valign=\"bottom\" nowrap=\"nowrap\" width=\"53\">\u00a0<\/td>\n<\/tr>\n<tr>\n<td valign=\"bottom\" nowrap=\"nowrap\" width=\"80\">ESPA\u00d1OL<\/td>\n<td valign=\"bottom\" nowrap=\"nowrap\" width=\"80\">\u00a0<\/td>\n<td valign=\"bottom\" nowrap=\"nowrap\" width=\"80\">\u00a0<\/td>\n<td valign=\"bottom\" nowrap=\"nowrap\" width=\"135\">\u00a0<\/td>\n<td valign=\"bottom\" nowrap=\"nowrap\" width=\"66\">\u00a0<\/td>\n<td valign=\"top\" width=\"66\">\u00a0<\/td>\n<td valign=\"bottom\" nowrap=\"nowrap\" width=\"53\">\u00a0<\/td>\n<\/tr>\n<tr>\n<td valign=\"bottom\" nowrap=\"nowrap\" width=\"80\">\u00a0<\/td>\n<td valign=\"bottom\" nowrap=\"nowrap\" width=\"80\">\u00a0<\/td>\n<td valign=\"bottom\" nowrap=\"nowrap\" width=\"80\">\u00a0<\/td>\n<td valign=\"bottom\" nowrap=\"nowrap\" width=\"135\">\u00a0<\/td>\n<td valign=\"bottom\" nowrap=\"nowrap\" width=\"66\"><b>1er CUAT.<\/b><\/td>\n<td valign=\"top\" width=\"66\"><b>\u00a0<\/b><\/p>\n<p><b>2\u00ba CUAT.<\/b><\/td>\n<td valign=\"bottom\" nowrap=\"nowrap\" width=\"53\">\u00a0<\/td>\n<\/tr>\n<tr>\n<td width=\"80\"><b>Grupo <\/b><\/td>\n<td width=\"80\"><b>D\u00edas<\/b><\/td>\n<td width=\"80\"><b>Hora<\/b><\/td>\n<td width=\"135\"><b>Aula <\/b><\/td>\n<td width=\"66\"><b>Nivel<\/b><\/td>\n<td width=\"66\"><b>Nivel<\/b><\/td>\n<td width=\"53\"><b>Plazas<\/b><\/td>\n<\/tr>\n<tr>\n<td width=\"80\"><b>\u00a0<\/b><\/td>\n<td width=\"80\"><b>S\u00e1bados<\/b><\/td>\n<td width=\"80\"><b>10-14<\/b><\/td>\n<td width=\"135\"><b>\u00a0<\/b><\/td>\n<td width=\"66\"><b>B1.1<\/b><\/td>\n<td width=\"66\">\n<p align=\"right\"><b>B1.2<\/b><\/p>\n<\/td>\n<td width=\"53\">\n<p align=\"right\"><b>20<\/b><\/p>\n<\/td>\n<\/tr>\n<tr>\n<td width=\"80\"><b>\u00a0<\/b><\/td>\n<td width=\"80\"><b>S\u00e1bados<\/b><\/td>\n<td width=\"80\"><b>10-14<\/b><\/td>\n<td width=\"135\">\u00a0<\/td>\n<td width=\"66\"><b>B1.2<\/b><\/td>\n<td width=\"66\">\n<p align=\"right\"><b>B2.1<\/b><\/p>\n<\/td>\n<td width=\"53\">\n<p align=\"right\"><b>20<\/b><\/p>\n<\/td>\n<\/tr>\n<tr>\n<td width=\"80\">\u00a0<\/td>\n<td width=\"80\"><b>S\u00e1bados<\/b><\/td>\n<td width=\"80\"><b>10-14<\/b><\/td>\n<td width=\"135\">\u00a0<\/td>\n<td width=\"66\"><b>B2.2<\/b><\/td>\n<td width=\"66\">\n<p align=\"right\"><b>C1.1<\/b><\/p>\n<\/td>\n<td width=\"53\">\n<p align=\"right\"><b>20<\/b><\/p>\n<\/td>\n<\/tr>\n<\/tbody>\n<\/table>\n<\/div>\n<p><b><span style=\"text-decoration: underline\">\u00a0<\/span><\/b><\/p>\n<p><b><span style=\"text-decoration: underline\">FECHAS DE INICIO Y FINALIZACI\u00d3N DE LOS CURSOS:<\/span><\/b><\/p>\n<p>Todos los cursos comenzar\u00e1n el \u00a027 de septiembre 2014 y finalizar\u00e1n el 17 de enero 2015 (este \u00faltimo d\u00eda la clase ser\u00e1 de 2 horas).<\/p>\n<p><b><span style=\"text-decoration: underline\">D\u00cdAS NO LECTIVOS:<\/span><\/b><\/p>\n<ul>\n<li>1 de noviembre de 2014: d\u00eda de todos los santos.<\/li>\n<li>6 de diciembre de 2014: Festividad de la Constituci\u00f3n Espa\u00f1ola<\/li>\n<li>Del 24 de diciembre de 2014 al\u00a06 de enero de 2015: Navidad.<\/li>\n<\/ul>\n<p><b><span style=\"text-decoration: underline\">TARIFAS<\/span><\/b><\/p>\n<p>&#8211;\u00a0\u00a0\u00a0\u00a0\u00a0\u00a0\u00a0\u00a0\u00a0 Comunidad universitaria UMH (Alumnos, PDI, PAS y alumni): 120 euros.<\/p>\n<p>&#8211;\u00a0\u00a0\u00a0\u00a0\u00a0\u00a0\u00a0\u00a0\u00a0 Personas ajenas a la UMH: 220 euros<\/p>\n<p><b>\u00a0<\/b><\/p>\n<p><b><span style=\"text-decoration: underline\">REQUISITOS PARA LA MATRICULACI\u00d3N<\/span><\/b><\/p>\n<p>Para matricularse en los cursos los estudiantes deber\u00e1n tener conocimientos de espa\u00f1ol del nivel inmediatamente inferior al nivel del que se quieran matricular. Los interesados deber\u00e1n acreditar su nivel enviando\u00a0una copia (impresi\u00f3n de la pantalla) del resultado de la PRUEBA DE NIVEL del Instituto Cervantes obtenida, que certifique la capacitaci\u00f3n adecuada al nivel en que se inscribe a <a href=\"mailto:apoyolinguistico@umh.es\">apoyolinguistico@umh.es<\/a> . Para realizar la prueba de nivel del Instituto Cervantes:<\/p>\n<p><a href=\"http:\/\/ave.cervantes.es\/prueba_nivel\/registro\/test_de_clasificacion.php\">http:\/\/ave.cervantes.es\/prueba_nivel\/registro\/test_de_clasificacion.php<\/a><\/p>\n<p><span style=\"text-decoration: underline\">\u00a0<\/span><\/p>\n<p><b><span style=\"text-decoration: underline\">MATRICULACI\u00d3N<\/span><\/b><\/p>\n<p>El plazo de matriculaci\u00f3n a los cursos y pago del recibo de tasas ser\u00e1 desde el d\u00eda 1 al 17 de septiembre de 2014. (ambos \u00a0inclusive) independientemente de la fecha de emisi\u00f3n del recibo y de la fecha que figura como \u00faltimo d\u00eda de pago en el mismo.<\/p>\n<p>Para matricularte<a href=\"https:\/\/universite.umh.es\/fpogestion\/aspx\/Preinscripcion\/Preinscripcion.aspx\"> PINCHA AQU\u00cd\u00a0.<\/a><\/p>\n<p><b><span style=\"text-decoration: underline\">DEVOLUCI\u00d3N DE TASAS DE MATR\u00cdCULA<\/span><\/b><\/p>\n<p>\u00danicamente se proceder\u00e1 a la devoluci\u00f3n del 100 % del importe de la matr\u00edcula en el caso de cancelaci\u00f3n del curso.<\/p>\n<p><b><span style=\"text-decoration: underline\">\u00a0<\/span><\/b><\/p>\n<p><b><span style=\"text-decoration: underline\">ACREDITACI\u00d3N<\/span><\/b><\/p>\n<p><b><span style=\"text-decoration: underline\">\u00a0<\/span><\/b><\/p>\n<p>Los alumnos que hayan superado el examen final recibir\u00e1n una certificaci\u00f3n del aprovechamiento del curso. En ning\u00fan caso este documento ser\u00e1 equivalente a los otorgados por\u00a0el Instituto Cervantes, la EOI, etc. \u00a0Esta certificaci\u00f3n s\u00f3lo se consigue mediante la realizaci\u00f3n del examen libre en el centro examinador correspondiente.<\/p>\n<p><b>\u00a0<\/b><\/p>\n<p><b><span style=\"text-decoration: underline\">INFORMACI\u00d3N<\/span><\/b><\/p>\n<p>Oficina de Relaciones Internacionales<br \/>\nAvenida de la Universidad, s\/n \u2013 03202 \u2013 Elche \u2013 Alicante \u2013 Espa\u00f1a<br \/>\nTel\u00e9fono:\u00a0+ 34 966 658 710\u00a0 Fax: + 34 966 658 705<\/p>\n<p>E-mail: <a href=\"mailto:apoyolinguistico@umh.es\">apoyolinguistico@umh.es<\/a><\/p>\n<p>S\u00edguenos en\u00a0<a href=\"https:\/\/www.facebook.com\/pages\/ORI-UMH\/188723034499715\"><img loading=\"lazy\" title=\"facebook\" alt=\"\" src=\"https:\/\/internacional.umh.es\/files\/2013\/01\/facebook.png\" width=\"20\" height=\"20\" \/><\/a><\/p>\n<h2>\u00a0<\/h2>\n<h2>\u00a0<\/h2>\n<p><\/p>","protected":false},"excerpt":{"rendered":"<p>CURSOS DE ESPA\u00d1OL PARA EXTRANJEROS<br \/>\n1 \u00a0CUATRIMESTRE 2014\/2015<br \/>\nEstos cursos tendr\u00e1n una duraci\u00f3n de 50 horas (4 horas semanales), y se impartir\u00e1n de septiembre 2014 a enero 2015.<br \/>\nLos grupos se conformar\u00e1n entre las personas matriculadas, no pudiendo ser el n\u00famero de integrantes de los mismos ni inferior a 10, ni superior a 25 personas.<br \/>\n\u00a0<br \/>\nOFERTA DE CURSOS:<\/p>\n<p>ELCHE<br \/>\n\u00a0<br \/>\n\u00a0<br \/>\n\u00a0<br \/>\n\u00a0<br \/>\n\u00a0<br \/>\n\u00a0<\/p>\n<p>ESPA\u00d1OL<br \/>\n\u00a0<br \/>\n\u00a0<br \/>\n\u00a0<br \/>\n\u00a0<br \/>\n\u00a0<br \/>\n\u00a0<\/p>\n<p>\u00a0<br \/>\n\u00a0<br \/>\n\u00a0<br \/>\n\u00a0<br \/>\n1er CUAT.<br \/>\n\u00a0<br \/>\n2\u00ba [&#8230;]<\/p>\n","protected":false},"author":30,"featured_media":0,"parent":0,"menu_order":3,"comment_status":"closed","ping_status":"closed","template":"","meta":{"ngg_post_thumbnail":0,"_links_to":"","_links_to_target":""},"yoast_head":"<!-- This site is optimized with the Yoast SEO plugin v17.5 - https:\/\/yoast.com\/wordpress\/plugins\/seo\/ -->\n<meta name=\"robots\" content=\"index, follow, max-snippet:-1, max-image-preview:large, max-video-preview:-1\" \/>\n<link rel=\"canonical\" href=\"https:\/\/internacional.umh.es\/ca\/espanol-2\/\" \/>\n<meta property=\"og:locale\" content=\"ca_ES\" \/>\n<meta property=\"og:type\" content=\"article\" \/>\n<meta property=\"og:title\" content=\"Espa\u00f1olSpanish - Internacionalitzaci\u00f3 i Cooperaci\u00f3\" \/>\n<meta property=\"og:description\" content=\"CURSOS DE ESPA\u00d1OL PARA EXTRANJEROS 1 \u00a0CUATRIMESTRE 2014\/2015 Estos cursos tendr\u00e1n una duraci\u00f3n de 50 horas (4 horas semanales), y se impartir\u00e1n de septiembre 2014 a enero 2015. Los grupos se conformar\u00e1n entre las personas matriculadas, no pudiendo ser el n\u00famero de integrantes de los mismos ni inferior a 10, ni superior a 25 personas. \u00a0 OFERTA DE CURSOS:   ELCHE \u00a0 \u00a0 \u00a0 \u00a0 \u00a0 \u00a0  ESPA\u00d1OL \u00a0 \u00a0 \u00a0 \u00a0 \u00a0 \u00a0  \u00a0 \u00a0 \u00a0 \u00a0 1er CUAT. \u00a0 2\u00ba [...]\" \/>\n<meta property=\"og:url\" content=\"https:\/\/internacional.umh.es\/en\/espanol-2\/\" \/>\n<meta property=\"og:site_name\" content=\"Internacionalitzaci\u00f3 i Cooperaci\u00f3\" \/>\n<meta property=\"article:modified_time\" content=\"2015-10-29T10:10:50+00:00\" \/>\n<meta property=\"og:image\" content=\"https:\/\/internacional.umh.es\/files\/2013\/01\/facebook.png\" \/>\n<meta name=\"twitter:card\" content=\"summary_large_image\" \/>\n<meta name=\"twitter:label1\" content=\"Est. reading time\" \/>\n\t<meta name=\"twitter:data1\" content=\"8 minuts\" \/>\n<script type=\"application\/ld+json\" class=\"yoast-schema-graph\">{\"@context\":\"https:\/\/schema.org\",\"@graph\":[{\"@type\":\"WebSite\",\"@id\":\"https:\/\/internacional.umh.es\/en\/#website\",\"url\":\"https:\/\/internacional.umh.es\/en\/\",\"name\":\"Internacionalitzaci\\u00f3 i Cooperaci\\u00f3\",\"description\":\"Universitat Miguel Hern\\u00e1ndez d&#039;Elx\",\"potentialAction\":[{\"@type\":\"SearchAction\",\"target\":{\"@type\":\"EntryPoint\",\"urlTemplate\":\"https:\/\/internacional.umh.es\/en\/?s={search_term_string}\"},\"query-input\":\"required name=search_term_string\"}],\"inLanguage\":\"ca\"},{\"@type\":\"ImageObject\",\"@id\":\"https:\/\/internacional.umh.es\/en\/espanol-2\/#primaryimage\",\"inLanguage\":\"ca\",\"url\":\"https:\/\/internacional.umh.es\/files\/2013\/01\/facebook.png\",\"contentUrl\":\"https:\/\/internacional.umh.es\/files\/2013\/01\/facebook.png\",\"width\":\"16\",\"height\":\"16\",\"caption\":\"Facebook icono\"},{\"@type\":\"WebPage\",\"@id\":\"https:\/\/internacional.umh.es\/en\/espanol-2\/#webpage\",\"url\":\"https:\/\/internacional.umh.es\/en\/espanol-2\/\",\"name\":\"Espa\\u00f1olSpanish - Internacionalitzaci\\u00f3 i Cooperaci\\u00f3\",\"isPartOf\":{\"@id\":\"https:\/\/internacional.umh.es\/en\/#website\"},\"primaryImageOfPage\":{\"@id\":\"https:\/\/internacional.umh.es\/en\/espanol-2\/#primaryimage\"},\"datePublished\":\"2013-05-29T06:59:44+00:00\",\"dateModified\":\"2015-10-29T10:10:50+00:00\",\"breadcrumb\":{\"@id\":\"https:\/\/internacional.umh.es\/en\/espanol-2\/#breadcrumb\"},\"inLanguage\":\"ca\",\"potentialAction\":[{\"@type\":\"ReadAction\",\"target\":[\"https:\/\/internacional.umh.es\/en\/espanol-2\/\"]}]},{\"@type\":\"BreadcrumbList\",\"@id\":\"https:\/\/internacional.umh.es\/en\/espanol-2\/#breadcrumb\",\"itemListElement\":[{\"@type\":\"ListItem\",\"position\":1,\"name\":\"Home\",\"item\":\"https:\/\/internacional.umh.es\/en\/\"},{\"@type\":\"ListItem\",\"position\":2,\"name\":\"Espa\\u00f1ol\"}]}]}<\/script>\n<!-- \/ Yoast SEO plugin. -->","yoast_head_json":{"robots":{"index":"index","follow":"follow","max-snippet":"max-snippet:-1","max-image-preview":"max-image-preview:large","max-video-preview":"max-video-preview:-1"},"canonical":"https:\/\/internacional.umh.es\/ca\/espanol-2\/","og_locale":"ca_ES","og_type":"article","og_title":"Espa\u00f1olSpanish - Internacionalitzaci\u00f3 i Cooperaci\u00f3","og_description":"CURSOS DE ESPA\u00d1OL PARA EXTRANJEROS 1 \u00a0CUATRIMESTRE 2014\/2015 Estos cursos tendr\u00e1n una duraci\u00f3n de 50 horas (4 horas semanales), y se impartir\u00e1n de septiembre 2014 a enero 2015. Los grupos se conformar\u00e1n entre las personas matriculadas, no pudiendo ser el n\u00famero de integrantes de los mismos ni inferior a 10, ni superior a 25 personas. \u00a0 OFERTA DE CURSOS:   ELCHE \u00a0 \u00a0 \u00a0 \u00a0 \u00a0 \u00a0  ESPA\u00d1OL \u00a0 \u00a0 \u00a0 \u00a0 \u00a0 \u00a0  \u00a0 \u00a0 \u00a0 \u00a0 1er CUAT. \u00a0 2\u00ba [...]","og_url":"https:\/\/internacional.umh.es\/en\/espanol-2\/","og_site_name":"Internacionalitzaci\u00f3 i Cooperaci\u00f3","article_modified_time":"2015-10-29T10:10:50+00:00","og_image":[{"url":"https:\/\/internacional.umh.es\/files\/2013\/01\/facebook.png"}],"twitter_card":"summary_large_image","twitter_misc":{"Est. reading time":"8 minuts"},"schema":{"@context":"https:\/\/schema.org","@graph":[{"@type":"WebSite","@id":"https:\/\/internacional.umh.es\/en\/#website","url":"https:\/\/internacional.umh.es\/en\/","name":"Internacionalitzaci\u00f3 i Cooperaci\u00f3","description":"Universitat Miguel Hern\u00e1ndez d&#039;Elx","potentialAction":[{"@type":"SearchAction","target":{"@type":"EntryPoint","urlTemplate":"https:\/\/internacional.umh.es\/en\/?s={search_term_string}"},"query-input":"required name=search_term_string"}],"inLanguage":"ca"},{"@type":"ImageObject","@id":"https:\/\/internacional.umh.es\/en\/espanol-2\/#primaryimage","inLanguage":"ca","url":"https:\/\/internacional.umh.es\/files\/2013\/01\/facebook.png","contentUrl":"https:\/\/internacional.umh.es\/files\/2013\/01\/facebook.png","width":"16","height":"16","caption":"Facebook icono"},{"@type":"WebPage","@id":"https:\/\/internacional.umh.es\/en\/espanol-2\/#webpage","url":"https:\/\/internacional.umh.es\/en\/espanol-2\/","name":"Espa\u00f1olSpanish - Internacionalitzaci\u00f3 i Cooperaci\u00f3","isPartOf":{"@id":"https:\/\/internacional.umh.es\/en\/#website"},"primaryImageOfPage":{"@id":"https:\/\/internacional.umh.es\/en\/espanol-2\/#primaryimage"},"datePublished":"2013-05-29T06:59:44+00:00","dateModified":"2015-10-29T10:10:50+00:00","breadcrumb":{"@id":"https:\/\/internacional.umh.es\/en\/espanol-2\/#breadcrumb"},"inLanguage":"ca","potentialAction":[{"@type":"ReadAction","target":["https:\/\/internacional.umh.es\/en\/espanol-2\/"]}]},{"@type":"BreadcrumbList","@id":"https:\/\/internacional.umh.es\/en\/espanol-2\/#breadcrumb","itemListElement":[{"@type":"ListItem","position":1,"name":"Home","item":"https:\/\/internacional.umh.es\/en\/"},{"@type":"ListItem","position":2,"name":"Espa\u00f1ol"}]}]}},"_links":{"self":[{"href":"https:\/\/internacional.umh.es\/ca\/wp-json\/wp\/v2\/pages\/1300"}],"collection":[{"href":"https:\/\/internacional.umh.es\/ca\/wp-json\/wp\/v2\/pages"}],"about":[{"href":"https:\/\/internacional.umh.es\/ca\/wp-json\/wp\/v2\/types\/page"}],"author":[{"embeddable":true,"href":"https:\/\/internacional.umh.es\/ca\/wp-json\/wp\/v2\/users\/30"}],"replies":[{"embeddable":true,"href":"https:\/\/internacional.umh.es\/ca\/wp-json\/wp\/v2\/comments?post=1300"}],"version-history":[{"count":0,"href":"https:\/\/internacional.umh.es\/ca\/wp-json\/wp\/v2\/pages\/1300\/revisions"}],"wp:attachment":[{"href":"https:\/\/internacional.umh.es\/ca\/wp-json\/wp\/v2\/media?parent=1300"}],"curies":[{"name":"wp","href":"https:\/\/api.w.org\/{rel}","templated":true}]}}