{"id":13797,"date":"2019-11-26T13:54:25","date_gmt":"2019-11-26T12:54:25","guid":{"rendered":"https:\/\/internacional.umh.es\/?page_id=13797"},"modified":"2026-01-15T11:04:48","modified_gmt":"2026-01-15T10:04:48","slug":"otras-oportunidades","status":"publish","type":"page","link":"https:\/\/internacional.umh.es\/ca\/movilidad\/pdi\/otras-oportunidades\/","title":{"rendered":"Altres oportunitats"},"content":{"rendered":"<p><\/p>\n<p style=\"text-align: justify\"><img loading=\"lazy\" class=\"size-full wp-image-17876 alignleft\" src=\"https:\/\/internacional.umh.es\/files\/2021\/01\/tordesillas-300x141.jpg\" title=\"Amplia informaci\u00f3 sobre la convocat\u00f2ria 2021-2022 Beques Grup Tordesillas-Fundaci\u00f3 Carolina\" alt=\"Grup Tordesillas logo\" width=\"300\" height=\"141\"> <strong>(25\/01\/2021):<\/strong> <strong> Convocat\u00f2ria 2021-2022 Beques Grup Tordesillas-Fundaci\u00f3 Carolina<\/strong><\/p>\n<p style=\"text-align: justify\"><strong>El 24 de gener de 2021<\/strong> a les 9.00 hores (Espanya) s&#8217;obri el termini per a sol\u00b7licitar les beques que el Grup Tordesillas i la Fundaci\u00f3 Carolina financen conjuntament per a: <strong>\u201cEstades curtes d&#8217;investigaci\u00f3 per a professors doctors de les universitats brasileres i portugueses del Grup Tordesillas tenint com a dest\u00ed universitats espanyols del Grup Tordesillas\u201d.<\/strong><\/p>\n<p style=\"text-align: justify\">El termini per a sol\u00b7licitar una d&#8217;aquestes beques romandr\u00e0 <strong>obert fins al 5 d&#8217;abril<\/strong> incl\u00f2s (fins a les 24:00 hora espanyola).<\/p>\n<p style=\"text-align: justify\">La documentaci\u00f3 per a sol\u00b7licitar la beca, han d&#8217;enviar-la al correu: <a href=\"mailto:gtordesillas.secretaria@uva.es\" target=\"_blank\" title=\"Ho veur\u00e0s en una nova finestra\" rel=\"noopener\"><strong>gtordesillas.secretaria@uva.es<\/strong><\/a>, <strong>ja que \u00e9s el Grup Tordesillas l&#8217;\u00fanic que pot donar d&#8217;alta als candidats<\/strong> en la web de la Fundaci\u00f3 Carolina. La documentaci\u00f3 \u00e9s la seg\u00fcent:<\/p>\n<p style=\"text-align: justify\">El professorat interessat ha de seguir aquests passos per a sol\u00b7licitar la beca Grup Tordesillas-Fundaci\u00f3 Carolina:<\/p>\n<ol>\n<li>\n<p style=\"text-align: justify\">) Escriure al correu: <a href=\"mailto:gtordesillas.secretaria@uva.es\" title=\"Ho veur\u00e0s en una nova finestra\" target=\"_blank\" rel=\"noopener\">gtordesillas.secretaria@uva.es<\/a> enviant els seg\u00fcents documents del professor\/al fet que sol\u00b7licita la beca:<\/p>\n<ul>\n<li>Nom i cognoms<\/li>\n<li>E-mail<\/li>\n<li>C\u00f2pia escanejada del Document d&#8217;Identitat (Passaport)<\/li>\n<li>C\u00f2pia escanejada del seu T\u00edtol de Doctor\/a<\/li>\n<li>Universitat en la qual treballa com a docent i c\u00f2pia escanejada de document que certifique que \u00e9s professor\/a en aqueixa universitat<\/li>\n<li>Universitat espanyola en la qual vol realitzar l&#8217;estada i carta d&#8217;acceptaci\u00f3 d&#8217;aquesta, <strong>on conste el nombre de mesos<\/strong> de duraci\u00f3 de l&#8217;estada.<\/p>\n<\/li>\n<\/ul>\n<\/li>\n<li>\n<p>) Una vegada hagen enviats les dades i documents del punt 1), el Grup Tordesillas validar\u00e0 la seua candidatura i rebr\u00e0 un e-mail autom\u00e0tic amb unes claus personals i instruccions perqu\u00e8 puguen accedir i completar el formulari de sol\u00b7licitud de beca en la web de la Fundaci\u00f3 Carolina. Quan es troben en la fase 2) els resoldran els seus possibles dubtes en l&#8217;e-mail <a href=\"mailto:movilidadtordesillas_2021@fundacioncarolina.es\" title=\"Ho veur\u00e0s en una nova finestra\" target=\"_blank\" rel=\"noopener\">movilidadtordesillas_2021@fundacioncarolina.es<\/a><\/p>\n<\/li>\n<\/ol>\n<hr>\n<p style=\"text-align: justify\"><img loading=\"lazy\" class=\"wp-image-14546 alignleft\" src=\"https:\/\/internacional.umh.es\/files\/2020\/02\/becas-fundacion-carolina-300x167.jpg\" alt=\"Estudiants Beques Fundaci\u00f3 Carolina altres oportunitats\" title=\"La convocat\u00f2ria de beques de mobilitat de professorat Tordesillas-Fundaci\u00f3 Carolina\" width=\"298\" height=\"166\" srcset=\"https:\/\/internacional.umh.es\/files\/2020\/02\/becas-fundacion-carolina-300x167.jpg 300w, https:\/\/internacional.umh.es\/files\/2020\/02\/becas-fundacion-carolina-768x427.jpg 768w, https:\/\/internacional.umh.es\/files\/2020\/02\/becas-fundacion-carolina-1024x569.jpg 1024w, https:\/\/internacional.umh.es\/files\/2020\/02\/becas-fundacion-carolina.jpg 1200w\" sizes=\"(max-width: 298px) 100vw, 298px\" \/> <strong>Convocat\u00f2ria 2020-2021 de Beques del Grup Tordesillas &#8211; Fundaci\u00f3 Carolina (TANCADA)<\/strong><br \/>\nDes del passat 9 de gener i fins al pr\u00f2xim 27 de mar\u00e7 del 2020 incl\u00f2s (fins a les 24:00 hora espanyola) es troba obert el termini de sol\u00b7licitud de les beques que el Grup Tordesillas i la Fundaci\u00f3 Carolina financen conjuntament per a estades curtes d&#8217;investigaci\u00f3 per a professors doctors de les universitats brasileres i portugueses del Grup Tordesillas tenint com a dest\u00ed universitats espanyols del Grup Tordesillas.<\/p>\n<p style=\"text-align: justify\">La documentaci\u00f3 per a sol\u00b7licitar la beca, haur\u00e0 d&#8217;enviar-se a <a href=\"gtordesillas.secretaria@uva.\u00e9s\" title=\"Ho veur\u00e0s en una nova finestra\" target=\"_*blank\" rel=\"*noopener noopener\">gtordesillas.secretaria@uva.es<\/a>, i el Grup Tordesillas donar\u00e0 d&#8217;alta als candidats en la web de la Fundaci\u00f3 Carolina.<\/p>\n<p style=\"text-align: justify\">Els interessats han de seguir aquests passos per a sol\u00b7licitar la beca Grup Tordesillas-Fundaci\u00f3 Carolina:<\/p>\n<ol>\n<li>\n<p style=\"text-align: justify\">) Escriure al correu: <a href=\"mailto:gtordesillas.secretaria@uva.es\" title=\"Ho veur\u00e0s en una nova finestra\" target=\"_blank\" rel=\"noopener\">gtordesillas.secretaria@uva.es<\/a> enviant els seg\u00fcents documents del professor\/al fet que sol\u00b7licita la beca:<\/p>\n<ul>\n<li>Nom i cognoms<\/li>\n<li>Correu electr\u00f2nic de contacte<\/li>\n<li>C\u00f2pia escanejada del Document d&#8217;Identitat (Passaport)<\/li>\n<li>C\u00f2pia escanejada del seu T\u00edtol de Doctor\/a<\/li>\n<li>Universitat en la qual treballa com a docent i c\u00f2pia escanejada de document que certifique que \u00e9s professor\/a en aqueixa universitat<\/li>\n<li>Universitat espanyola en la qual vol realitzar l&#8217;estada i carta d&#8217;acceptaci\u00f3 d&#8217;aquesta, on conste el nombre de mesos de duraci\u00f3 de l&#8217;estada.<\/li>\n<\/ul>\n<p><\/p>\n<li>\n<p style=\"text-align: justify\">) Una vegada hagen enviats les dades i documents del punt 1), el Grup Tordesillas validar\u00e0 la seua candidatura i rebr\u00e0 un e-mail autom\u00e0tic amb unes claus personals i instruccions perqu\u00e8 puga accedir i completar el formulari de sol\u00b7licitud de beca en la web de la Fundaci\u00f3 Carolina. Possibles dubtes seran resoltes comunicat amb el seg\u00fcent email: <a href=\"mailto:movilidadtordesillas_2020@fundacioncarolina.es\" title=\"Ho veur\u00e0s en una nova finestra\" target=\"_blank\" rel=\"noopener\"> movilidadtordesillas_2020@fundacioncarolina.es<\/a><\/p>\n<\/li>\n<\/ol>\n<p style=\"text-align: justify\"><a href=\"https:\/\/www.grupotordesillas.net\/convocatoria-becas-fundacion-carolina-2020\/\" target=\"_blank\" title=\"Ho veur\u00e0s en una nova finestra\" rel=\"noopener\">Per a qualsevol informaci\u00f3 addicional sobre altres oportunitats, consulta la convocat\u00f2ria<\/a><\/p>\n<hr>\n<p style=\"text-align: justify\"><img loading=\"lazy\" class=\" wp-image-13800 alignleft\" src=\"https:\/\/internacional.umh.es\/files\/2019\/11\/parul_logo-300x110.png\" title=\"La Universitat Parul convoca el Programa \u00abVisiting Professor Fellowship\u00bb en \u00cdndia\" alt=\"Parul University logo\" width=\"281\" height=\"103\" srcset=\"https:\/\/internacional.umh.es\/files\/2019\/11\/parul_logo-300x110.png 300w, https:\/\/internacional.umh.es\/files\/2019\/11\/parul_logo.png 520w\" sizes=\"(max-width: 281px) 100vw, 281px\" \/><br \/>\n<strong>Programa &#8220;Visiting Professor Fellowship&#8221; de la Universitat de Parul a l&#8217;\u00cdndia<\/strong><br \/>\nEl programa ofereix beques per a desenvolupar estades d&#8217;investigaci\u00f3, doc\u00e8ncia, formaci\u00f3 per a professors.<\/p>\n<p style=\"text-align: justify\">La duraci\u00f3 de l&#8217;estades dep\u00e9n de cada sol\u00b7licitant amb un per\u00edode m\u00ednim d&#8217;un mes. No hi ha termini per a la presentaci\u00f3 de sol\u00b7licituds. Les beques inclouen segur, allotjament i honoraris.<\/p>\n<p style=\"text-align: justify\"><a href=\"https:\/\/www.paruluniversity.ac.in\/admission\/admission-process\/scholarships-financial-aid\/\" title=\"Ho veur\u00e0s en una nova finestra\" target=\"_blank\" rel=\"noopener\">Accedeix a tota la informaci\u00f3 en aquest enlla\u00e7<\/a><\/p>\n<p><a href=\"https:\/\/internacional.umh.es\/files\/2019\/11\/ParulUniversity_Visiting_Professor_Fellowship_program.pdf\" title=\"Descarrega el pdf en una nova finestra\" target=\"_blank\" rel=\"noopener\"><img loading=\"lazy\" class=\"alignright wp-image-16484\" src=\"https:\/\/internacional.umh.es\/files\/2020\/08\/PARUL.png\" title=\"Descarrega el fullet de Parul University i amplia informaci\u00f3 sobre la convocat\u00f2ria\" alt=\"Parul University fullet altres oportunitats\" width=\"399\" height=\"425\" srcset=\"https:\/\/internacional.umh.es\/files\/2020\/08\/PARUL.png 521w, https:\/\/internacional.umh.es\/files\/2020\/08\/PARUL-282x300.png 282w\" sizes=\"(max-width: 399px) 100vw, 399px\" \/><\/a><\/p>\n<p><strong>Documentaci\u00f3 necess\u00e0ria:<\/strong><\/p>\n<ul>\n<li>Curriculum vitae<\/li>\n<li>Llista de publicacions<\/li>\n<li>Carta de motivaci\u00f3: Ha de contindre el per\u00edode de duraci\u00f3 de l&#8217;estada (m\u00ednim d&#8217;un mes) i el tipus d&#8217;estada a realitzar:\n<ol>\n<li><strong>Estada docent<\/strong>, al costat de la proposta docent englobats dins d&#8217;un o m\u00e9s de les tres \u00e0rees tem\u00e0tiques de la <strong>Universitat de Parul<\/strong>.<\/li>\n<li><strong>Estada d&#8217;investigaci\u00f3<\/strong>, al costat de la proposta d&#8217;investigaci\u00f3.<\/li>\n<li><strong>Estada formativa<\/strong>, al costat de la proposta de formaci\u00f3.<\/li>\n<\/ol>\n<\/li>\n<\/ul>\n<p><\/p>\n<p>Els documents hauran d&#8217;enviar-se a: <a title=\"Ho veur\u00e0s en una nova finestra\" href=\"mailto:internationalrelations@paruluniversity.ac.in\" rel=\"noopener\" target=\"_blank\"><strong>internationalrelations@paruluniversity.ac.in<\/strong><\/a><\/p>\n<p><\/p>","protected":false},"excerpt":{"rendered":"<p> (25\/01\/2021):  Convocat\u00f2ria 2021-2022 Beques Grup Tordesillas-Fundaci\u00f3 Carolina<br \/>\nEl 24 de gener de 2021 a les 9.00 hores (Espanya) s&#8217;obri el termini per a sol\u00b7licitar les beques que el Grup Tordesillas i la Fundaci\u00f3 Carolina financen conjuntament per a: \u201cEstades curtes d&#8217;investigaci\u00f3 per a professors doctors de les universitats brasileres i portugueses del Grup Tordesillas [&#8230;]<\/p>\n","protected":false},"author":4817,"featured_media":0,"parent":170,"menu_order":7,"comment_status":"closed","ping_status":"closed","template":"","meta":{"ngg_post_thumbnail":0,"_links_to":"","_links_to_target":""},"yoast_head":"<!-- This site is optimized with the Yoast SEO plugin v17.5 - https:\/\/yoast.com\/wordpress\/plugins\/seo\/ -->\n<meta name=\"description\" content=\"Alumnos y profesores de UMH pueden optar por otras oportunidades de convocatorias de Becas Grupo Tordesillas o la Unuiversidad Parul, India\" \/>\n<meta name=\"robots\" content=\"index, follow, max-snippet:-1, max-image-preview:large, max-video-preview:-1\" \/>\n<link rel=\"canonical\" href=\"https:\/\/internacional.umh.es\/ca\/movilidad\/pdi\/otras-oportunidades\/\" \/>\n<meta property=\"og:locale\" content=\"ca_ES\" \/>\n<meta property=\"og:type\" content=\"article\" \/>\n<meta property=\"og:title\" content=\"Altres oportunitats - Internacionalitzaci\u00f3 i Cooperaci\u00f3\" \/>\n<meta property=\"og:description\" content=\"Alumnos y profesores de UMH pueden optar por otras oportunidades de convocatorias de Becas Grupo Tordesillas o la Unuiversidad Parul, India\" \/>\n<meta property=\"og:url\" content=\"https:\/\/internacional.umh.es\/movilidad\/pdi\/otras-oportunidades\/\" \/>\n<meta property=\"og:site_name\" content=\"Internacionalitzaci\u00f3 i Cooperaci\u00f3\" \/>\n<meta property=\"article:modified_time\" content=\"2026-01-15T10:04:48+00:00\" \/>\n<meta property=\"og:image\" content=\"https:\/\/internacional.umh.es\/files\/2019\/11\/parul_logo-300x110.png\" \/>\n<meta name=\"twitter:card\" content=\"summary_large_image\" \/>\n<meta name=\"twitter:label1\" content=\"Est. reading time\" \/>\n\t<meta name=\"twitter:data1\" content=\"4 minuts\" \/>\n<script type=\"application\/ld+json\" class=\"yoast-schema-graph\">{\"@context\":\"https:\/\/schema.org\",\"@graph\":[{\"@type\":\"WebSite\",\"@id\":\"https:\/\/internacional.umh.es\/en\/#website\",\"url\":\"https:\/\/internacional.umh.es\/en\/\",\"name\":\"Internacionalitzaci\\u00f3 i Cooperaci\\u00f3\",\"description\":\"Universitat Miguel Hern\\u00e1ndez d&#039;Elx\",\"potentialAction\":[{\"@type\":\"SearchAction\",\"target\":{\"@type\":\"EntryPoint\",\"urlTemplate\":\"https:\/\/internacional.umh.es\/en\/?s={search_term_string}\"},\"query-input\":\"required name=search_term_string\"}],\"inLanguage\":\"ca\"},{\"@type\":\"ImageObject\",\"@id\":\"https:\/\/internacional.umh.es\/movilidad\/pdi\/otras-oportunidades\/#primaryimage\",\"inLanguage\":\"ca\",\"url\":\"https:\/\/internacional.umh.es\/files\/2019\/11\/parul_logo.png\",\"contentUrl\":\"https:\/\/internacional.umh.es\/files\/2019\/11\/parul_logo.png\",\"width\":520,\"height\":190,\"caption\":\"Parul University logo\"},{\"@type\":\"WebPage\",\"@id\":\"https:\/\/internacional.umh.es\/movilidad\/pdi\/otras-oportunidades\/#webpage\",\"url\":\"https:\/\/internacional.umh.es\/movilidad\/pdi\/otras-oportunidades\/\",\"name\":\"Altres oportunitats - Internacionalitzaci\\u00f3 i Cooperaci\\u00f3\",\"isPartOf\":{\"@id\":\"https:\/\/internacional.umh.es\/en\/#website\"},\"primaryImageOfPage\":{\"@id\":\"https:\/\/internacional.umh.es\/movilidad\/pdi\/otras-oportunidades\/#primaryimage\"},\"datePublished\":\"2019-11-26T12:54:25+00:00\",\"dateModified\":\"2026-01-15T10:04:48+00:00\",\"description\":\"Alumnos y profesores de UMH pueden optar por otras oportunidades de convocatorias de Becas Grupo Tordesillas o la Unuiversidad Parul, India\",\"breadcrumb\":{\"@id\":\"https:\/\/internacional.umh.es\/movilidad\/pdi\/otras-oportunidades\/#breadcrumb\"},\"inLanguage\":\"ca\",\"potentialAction\":[{\"@type\":\"ReadAction\",\"target\":[\"https:\/\/internacional.umh.es\/movilidad\/pdi\/otras-oportunidades\/\"]}]},{\"@type\":\"BreadcrumbList\",\"@id\":\"https:\/\/internacional.umh.es\/movilidad\/pdi\/otras-oportunidades\/#breadcrumb\",\"itemListElement\":[{\"@type\":\"ListItem\",\"position\":1,\"name\":\"Home\",\"item\":\"https:\/\/internacional.umh.es\/en\/\"},{\"@type\":\"ListItem\",\"position\":2,\"name\":\"MOBILITY\",\"item\":\"https:\/\/internacional.umh.es\/en\/movilidad\/\"},{\"@type\":\"ListItem\",\"position\":3,\"name\":\"Faculty &amp; Research Personnel\",\"item\":\"https:\/\/internacional.umh.es\/en\/movilidad\/pdi\/\"},{\"@type\":\"ListItem\",\"position\":4,\"name\":\"Otras oportunidades\"}]}]}<\/script>\n<!-- \/ Yoast SEO plugin. -->","yoast_head_json":{"description":"Alumnos y profesores de UMH pueden optar por otras oportunidades de convocatorias de Becas Grupo Tordesillas o la Unuiversidad Parul, India","robots":{"index":"index","follow":"follow","max-snippet":"max-snippet:-1","max-image-preview":"max-image-preview:large","max-video-preview":"max-video-preview:-1"},"canonical":"https:\/\/internacional.umh.es\/ca\/movilidad\/pdi\/otras-oportunidades\/","og_locale":"ca_ES","og_type":"article","og_title":"Altres oportunitats - Internacionalitzaci\u00f3 i Cooperaci\u00f3","og_description":"Alumnos y profesores de UMH pueden optar por otras oportunidades de convocatorias de Becas Grupo Tordesillas o la Unuiversidad Parul, India","og_url":"https:\/\/internacional.umh.es\/movilidad\/pdi\/otras-oportunidades\/","og_site_name":"Internacionalitzaci\u00f3 i Cooperaci\u00f3","article_modified_time":"2026-01-15T10:04:48+00:00","og_image":[{"url":"https:\/\/internacional.umh.es\/files\/2019\/11\/parul_logo-300x110.png"}],"twitter_card":"summary_large_image","twitter_misc":{"Est. reading time":"4 minuts"},"schema":{"@context":"https:\/\/schema.org","@graph":[{"@type":"WebSite","@id":"https:\/\/internacional.umh.es\/en\/#website","url":"https:\/\/internacional.umh.es\/en\/","name":"Internacionalitzaci\u00f3 i Cooperaci\u00f3","description":"Universitat Miguel Hern\u00e1ndez d&#039;Elx","potentialAction":[{"@type":"SearchAction","target":{"@type":"EntryPoint","urlTemplate":"https:\/\/internacional.umh.es\/en\/?s={search_term_string}"},"query-input":"required name=search_term_string"}],"inLanguage":"ca"},{"@type":"ImageObject","@id":"https:\/\/internacional.umh.es\/movilidad\/pdi\/otras-oportunidades\/#primaryimage","inLanguage":"ca","url":"https:\/\/internacional.umh.es\/files\/2019\/11\/parul_logo.png","contentUrl":"https:\/\/internacional.umh.es\/files\/2019\/11\/parul_logo.png","width":520,"height":190,"caption":"Parul University logo"},{"@type":"WebPage","@id":"https:\/\/internacional.umh.es\/movilidad\/pdi\/otras-oportunidades\/#webpage","url":"https:\/\/internacional.umh.es\/movilidad\/pdi\/otras-oportunidades\/","name":"Altres oportunitats - Internacionalitzaci\u00f3 i Cooperaci\u00f3","isPartOf":{"@id":"https:\/\/internacional.umh.es\/en\/#website"},"primaryImageOfPage":{"@id":"https:\/\/internacional.umh.es\/movilidad\/pdi\/otras-oportunidades\/#primaryimage"},"datePublished":"2019-11-26T12:54:25+00:00","dateModified":"2026-01-15T10:04:48+00:00","description":"Alumnos y profesores de UMH pueden optar por otras oportunidades de convocatorias de Becas Grupo Tordesillas o la Unuiversidad Parul, India","breadcrumb":{"@id":"https:\/\/internacional.umh.es\/movilidad\/pdi\/otras-oportunidades\/#breadcrumb"},"inLanguage":"ca","potentialAction":[{"@type":"ReadAction","target":["https:\/\/internacional.umh.es\/movilidad\/pdi\/otras-oportunidades\/"]}]},{"@type":"BreadcrumbList","@id":"https:\/\/internacional.umh.es\/movilidad\/pdi\/otras-oportunidades\/#breadcrumb","itemListElement":[{"@type":"ListItem","position":1,"name":"Home","item":"https:\/\/internacional.umh.es\/en\/"},{"@type":"ListItem","position":2,"name":"MOBILITY","item":"https:\/\/internacional.umh.es\/en\/movilidad\/"},{"@type":"ListItem","position":3,"name":"Faculty &amp; Research Personnel","item":"https:\/\/internacional.umh.es\/en\/movilidad\/pdi\/"},{"@type":"ListItem","position":4,"name":"Otras oportunidades"}]}]}},"_links":{"self":[{"href":"https:\/\/internacional.umh.es\/ca\/wp-json\/wp\/v2\/pages\/13797"}],"collection":[{"href":"https:\/\/internacional.umh.es\/ca\/wp-json\/wp\/v2\/pages"}],"about":[{"href":"https:\/\/internacional.umh.es\/ca\/wp-json\/wp\/v2\/types\/page"}],"author":[{"embeddable":true,"href":"https:\/\/internacional.umh.es\/ca\/wp-json\/wp\/v2\/users\/4817"}],"replies":[{"embeddable":true,"href":"https:\/\/internacional.umh.es\/ca\/wp-json\/wp\/v2\/comments?post=13797"}],"version-history":[{"count":0,"href":"https:\/\/internacional.umh.es\/ca\/wp-json\/wp\/v2\/pages\/13797\/revisions"}],"up":[{"embeddable":true,"href":"https:\/\/internacional.umh.es\/ca\/wp-json\/wp\/v2\/pages\/170"}],"wp:attachment":[{"href":"https:\/\/internacional.umh.es\/ca\/wp-json\/wp\/v2\/media?parent=13797"}],"curies":[{"name":"wp","href":"https:\/\/api.w.org\/{rel}","templated":true}]}}