{"id":13817,"date":"2020-07-02T14:22:22","date_gmt":"2020-07-02T12:22:22","guid":{"rendered":"https:\/\/internacional.umh.es\/?page_id=13817"},"modified":"2025-09-16T14:20:28","modified_gmt":"2025-09-16T12:20:28","slug":"proyectos","status":"publish","type":"page","link":"https:\/\/internacional.umh.es\/ca\/cooperacion-y-voluntariado\/proyectos\/","title":{"rendered":"Projectes d&#8217;investigaci\u00f3 sobre ODS"},"content":{"rendered":"<p><\/p>\n<p style=\"text-align: justify\">Aquesta convocat\u00f2ria t\u00e9 per objecte finan\u00e7ar projectes d&#8217;investigaci\u00f3 de car\u00e0cter internacional per a la consecuci\u00f3 dels <strong>Objectius de Desenvolupament Sostenible<\/strong> de l&#8217;agenda 2030 de les Nacions Unides i s&#8217;emmarca en la l\u00ednia d&#8217;investigaci\u00f3 del <strong>PROGRAMA DE COOPERACI\u00d3 AL DESENVOLUPAMENT<\/strong> que anualment signa la UMH amb la Generalitat Valenciana a trav\u00e9s de la <strong>Direcci\u00f3 General de Cooperaci\u00f3 Internacional al Desenvolupament de la Conselleria de Participaci\u00f3, Transpar\u00e8ncia, Cooperaci\u00f3 i Qualitat Democr\u00e0tica<\/strong>, d&#8217;acord amb la seua pol\u00edtica per a contribuir a la millora del desenvolupament dels pobles m\u00e9s desfavorits, i el seu comprom\u00eds d&#8217;alinear-se amb les estrat\u00e8gies nacionals i globals en la pol\u00edtica i programes de cooperaci\u00f3 al desenvolupament prenent com a refer\u00e8ncia l&#8217;Agenda 2030.<\/p>\n<h2><strong>CONVOCAT\u00d2RIES ACTUALS<\/strong><\/h2>\n<h3><strong>Programa de Cooperaci\u00f3 al Desenvolupament UMH-Generalitat Valenciana 2022<\/strong><\/h3>\n<ul>\n<li><span style=\"color: #ff0000\"><strong>NOU (04\/10\/23): <\/strong><a href=\"https:\/\/internacional.umh.es\/files\/2023\/10\/RR_02715_2023.pdf\" target=\"_blank\" rel=\"noopener\" data-saferedirecturl=\"https:\/\/www.google.com\/url?q=https:\/\/boumh.umh.es\/files\/2023\/10\/RR_02715_2023.pdf&amp;source=gmail&amp;ust=1696487822387000&amp;usg=AOvVaw3aYCGoeUrWXue0nDfmz0Bq\" title=\"Ho veur\u00e0s en una nova finestra\">Assignaci\u00f3 de cr\u00e8dit a projectes d&#8217;investigaci\u00f3 lligats a la cooperaci\u00f3 internacional al desenvolupament, en el marc dels ODS (826Kb .pdf)<\/a><\/span><\/li>\n<li><strong> (06\/09\/23):<\/strong> <a href=\"https:\/\/internacional.umh.es\/files\/2023\/09\/ES_U05500001_2023_DOCH-0000000000000000000252414.pdf\" target=\"_blank\" title=\"Ho veur\u00e0s en una nova finestra\" rel=\"noopener\">Assignaci\u00f3 provisional de cr\u00e8dit a projectes d&#8217;investigaci\u00f3 lligats a la Cooperaci\u00f3 Internacional al Desenvolupament, en el marc dels ODS (688Kb .pdf)<\/a><\/li>\n<li><strong>(23\/06\/23):<\/strong> <a href=\"https:\/\/internacional.umh.es\/files\/2023\/06\/ES_U05500001_2023_DOCH-0000000000000000000181976-1.pdf\" target=\"_blank\" title=\"Ho veur\u00e0s en una nova finestra\" rel=\"noopener\">Llistat definitiu de sol\u00b7licituds admeses i excloses projectes d&#8217;investigaci\u00f3 CID, en el marc dels ODS (912Kb .pdf)<\/a><\/li>\n<li><strong>(31\/05\/23): <a href=\"https:\/\/internacional.umh.es\/files\/2023\/04\/ES_U05500001_2023_DOCH-0000000000000000000161919.pdf\" target=\"_blank\" rel=\"noopener\" title=\"Ho veur\u00e0s en una nova finestra\">Llistat provisional sol\u00b7licituds admeses i excloses (1,6Mb .pdf)<\/a><\/strong><\/li>\n<li><strong>(19\/04\/23):<\/strong> <a href=\"https:\/\/boumh.umh.es\/files\/2023\/04\/RR_00917_2023.pdf\" target=\"_blank\" rel=\"noopener\" title=\"Ho veur\u00e0s en una nova finestra\">Convocat\u00f2ria interna per a l&#8217;assignaci\u00f3 de cr\u00e8dit a projectes d&#8217;investigaci\u00f3 lligats a la Cooperaci\u00f3 Internacional al Desenvolupament, en el marc dels ODS (569Kb .pdf)<\/a><\/li>\n<li><a href=\"https:\/\/internacional.umh.es\/files\/2023\/04\/anexo-II.docx\" target=\"_blank\" title=\"Ho veur\u00e0s en una nova finestra\" rel=\"noopener\">Model de sol\u00b7licitud. Annex II (356Kb .docx)<\/a><\/li>\n<\/ul>\n<p><\/p>\n<hr>\n<p><\/p>\n<h3><strong>CONVOCAT\u00d2RIES ANTERIORS<\/strong><\/h3>\n<h4><strong>Programa de Cooperaci\u00f3 al Desenvolupament UMH-Generalitat Valenciana 2021<\/strong><\/h4>\n<ul>\n<li><strong>(14\/09\/2022): <\/strong><a href=\"https:\/\/internacional.umh.es\/files\/2022\/09\/RR_02247_2022.pdf\" target=\"_blank\" rel=\"noopener\" title=\"Ho veur\u00e0s en una nova finestra\">Resoluci\u00f3 de la convocat\u00f2ria interna per a l&#8217;assignaci\u00f3 de cr\u00e8dit a projectes d&#8217;investigaci\u00f3 lligats a la CID, en el marc dels ODS (364Kb .pdf)<\/a><\/li>\n<li><strong>(13\/07\/2022):<\/strong> <a href=\"https:\/\/internacional.umh.es\/files\/2022\/07\/ES_U05500001_2022_DOCH-0000000000000000000143548.pdf\" target=\"_blank\" title=\"Ho veur\u00e0s en una nova finestra\" rel=\"noopener\">Llistat definitiu de sol\u00b7licituds admeses i excloses de la <b>convocat\u00f2ria interna per a l&#8217;assignaci\u00f3 de cr\u00e8dit a projectes d&#8217;investigaci\u00f3 lligats a la CID, en el marc dels ODS (257Kb .pdf)<\/b><\/a><\/li>\n<li><strong>(23\/06\/2022): <\/strong><a href=\"https:\/\/internacional.umh.es\/files\/2022\/06\/ES_U05500001_2022_DOCH-0000000000000000000111650.pdf\" target=\"_blank\" title=\"Ho veur\u00e0s en una nova finestra\" rel=\"noopener\">Llistat provisional de sol\u00b7licituds admeses i excloses a la convocat\u00f2ria interna per a l&#8217;assignaci\u00f3 de cr\u00e8dit a projectes d&#8217;investigaci\u00f3 lligats a la Cooperaci\u00f3 Internacional al Desenvolupament, en el marc dels Objectius de Desenvolupament Sostenible (235Kb .pdf)<\/a><\/li>\n<li><strong>(02\/06\/2022)<\/strong>: <a href=\"https:\/\/boumh.umh.es\/files\/2022\/06\/RR_01423_2022.pdf\" target=\"_blank\" rel=\"noopener\" title=\"Ho veur\u00e0s en una nova finestra\"> Correcci\u00f3 d&#8217;errors a la RR 01397\/2022 per la qual es realitza la convocat\u00f2ria interna per a l&#8217;assignaci\u00f3 de cr\u00e8dit a projectes d&#8217;investigaci\u00f3 lligats a la Cooperaci\u00f3 Internacional al Desenvolupament en el marc dels ODS (208Kb .pdf)<\/a><\/li>\n<li><strong>(27\/05\/2022): <\/strong><a href=\"https:\/\/internacional.umh.es\/2022\/05\/27\/publicacion-convocatoria-interna-para-la-asignacion-de-credito-a-proyectos-de-investigacion-ligados-a-la-cooperacion-internacional-al-desarrollo-en-el-marco-de-los-ods\/\" title=\"Accedeix a m\u00e9s informaci\u00f3 sobre la convocat\u00f2ria interna\"> Convocat\u00f2ria interna per a l&#8217;assignaci\u00f3 de cr\u00e8dit a projectes d&#8217;investigaci\u00f3 lligats a la Cooperaci\u00f3 Internacional al Desenvolupament, en el marc dels ODS<\/a><\/li>\n<\/ul>\n<p><\/p>\n<hr>\n<p><\/p>\n<h4><strong>Programa de Cooperaci\u00f3 al Desenvolupament UMH-Generalitat Valenciana 2020<\/strong><\/h4>\n<ul>\n<li><strong>(08\/09\/2021):<\/strong> <a href=\"https:\/\/internacional.umh.es\/files\/2021\/09\/RR_03917_2021.pdf\" target=\"_blank\" title=\"Ho veur\u00e0s en una nova finestra\" rel=\"noopener noreferrer\">Adjudicaci\u00f3 definitiva (291Kb .pdf)<\/a><\/li>\n<li><strong>(30\/07\/2021): <a href=\"https:\/\/internacional.umh.es\/files\/2021\/07\/ES_U05500108_2021_DOCH-1062711740M1627559561420R-1.pdf\" target=\"_blank\" title=\"Ho veur\u00e0s en una nova finestra\" rel=\"noopener noreferrer\">Adjudicaci\u00f3 provisional (311Kb .pdf) <\/a><\/strong><\/li>\n<li><strong>(29\/07\/2021):<\/strong> <strong><a href=\"https:\/\/internacional.umh.es\/files\/2021\/07\/RR_03773_2021.pdf\" target=\"_blank\" title=\"Ho veur\u00e0s en una nova finestra\" rel=\"noopener\">Ampliaci\u00f3 del per\u00edode de realitzaci\u00f3 de l&#8217;activitat (211Kb .pdf)<\/a><\/strong><\/li>\n<li><strong>(23\/07\/2021): <\/strong><strong><a href=\"https:\/\/internacional.umh.es\/files\/2021\/07\/listado.pdf\" target=\"_blank\" title=\"Ho veur\u00e0s en una nova finestra\" rel=\"noopener\">Llistat definitiu sol\u00b7licituds admeses i excloses (272Kb .pdf)<\/a><\/strong><\/li>\n<li><strong>(23\/06\/2021): <a href=\"https:\/\/internacional.umh.es\/files\/2021\/06\/bil-listado-provisional-admitidos-y-excluidos-proyectos-de-investigacin.pdf\" target=\"_blank\" title=\"Ho veur\u00e0s en una nova finestra\" rel=\"noopener noreferrer\">Llistat provisional d&#8217;admesos i exclosos (270Kb .pdf)<\/a><\/strong><\/li>\n<li><strong>(12\/05\/2021):<\/strong><a href=\"https:\/\/internacional.umh.es\/2021\/05\/10\/convocatoria-interna-para-la-asignacion-de-credito-a-proyectos-de-investigacion-internacionales-para-la-consecucion-de-los-ods\/\" title=\"Accedeix a m\u00e9s informaci\u00f3 sobre la convocat\u00f2ria interna de projectes d'investigaci\u00f3\"><strong> Convocat\u00f2ria interna per a l&#8217;assignaci\u00f3 de cr\u00e8dit a projectes d&#8217;investigaci\u00f3 de car\u00e0cter internacional per a la consecuci\u00f3 dels Objectius de Desenvolupament Sostenible de l&#8217;agenda 2030 de les Nacions Unides<\/strong><\/a><\/li>\n<li><b>Sessi\u00f3 informativa sobre com d&#8217;identificar i formular projectes de cooperaci\u00f3 al desenvolupament:<\/b>\n<ul>\n<li><strong><a href=\"https:\/\/internacional.umh.es\/files\/2021\/05\/UMH-Taller-Ayudas-Investigacion-convenio-2020-1.pdf\" target=\"_blank\" title=\"Ho veur\u00e0s en una nova finestra\" rel=\"noopener\">Enlla\u00e7 a la presentaci\u00f3: taller d&#8217;identificaci\u00f3 i formulaci\u00f3 de projectes de cooperaci\u00f3 al desenvolupament (751Kb Castell\u00e0 .pdf)<\/a><\/strong><\/li>\n<\/ul>\n<\/li>\n<\/ul>\n<p><\/p>\n<hr>\n<p><\/p>\n<h4><strong>Programa de Cooperaci\u00f3 al Desenvolupament UMH-Generalitat Valenciana 2019<\/strong><\/h4>\n<ul>\n<li><a href=\"https:\/\/internacional.umh.\u00e9s\/2020\/09\/23\/ajudes-umh-per a-finan\u00e7ar-projectes-de-investigacion-internacionals-per a-la-consecucion-de-els-ods\/\" title=\"Accedeix ara a la informaci\u00f3 sobre a les ajudes a projectes internacionals d'investigaci\u00f3\" rel=\"noopener\"><strong>Llistat definitiu de sol\u00b7licituds admeses i excloses i el llistat definitiu d&#8217;ajudes assignades (<\/strong><strong>Conveni UMH-GVA 2019)<\/strong><\/a><\/li>\n<li><a href=\"https:\/\/internacional.umh.es\/2020\/07\/02\/listado-provisional-de-ayudas-a-proyectos-de-investigacion\/\" title=\"Accedeix ara al llistat provisional d'admesos i exclosos d'ajudes als projectes internacionals d'investigaci\u00f3\" rel=\"noopener\"><strong>Llistat provisional admesos i exclosos<\/strong><\/a><\/li>\n<li><a href=\"https:\/\/internacional.umh.es\/2020\/06\/01\/se-reanuda-el-plazo-de-presentacion-de-solicitudes-para-proyectos-de-investigacion-de-caracter-internacional-para-la-consecucion-de-los-ods\/?preview_id=15890&amp;preview_nonce=ba4e009d0f&amp;preview=true\" title=\"Accedeix ara a la represa del termini de presentaci\u00f3 de sol\u00b7licituds\" rel=\"noopener\"><strong>Es repr\u00e9n el termini de presentaci\u00f3 de sol\u00b7licituds: Fi de termini 11 de juny<\/strong><\/a><\/li>\n<li><a href=\"https:\/\/internacional.umh.es\/2020\/03\/14\/se-suspende-plazo-de-presentacion-de-solicitudes-para-financiar-proyectos-de-investigacion-de-caracter-internacional-para-la-consecucion-de-los-ods\/?preview_id=15887&amp;preview_nonce=979109108d&amp;preview=true\" title=\"Accedeix ara a la informaci\u00f3 sobre la suspensi\u00f3 de termini\" rel=\"noopener\"><strong>Se susp\u00e9n el termini de presentaci\u00f3 de sol\u00b7licituds.<\/strong><\/a><\/li>\n<li><strong><a href=\"https:\/\/internacional.umh.es\/2020\/03\/03\/taller-de-identificacion-y-formulacion-de-proyectos-de-cooperacion-al-desarrollo\/\" title=\"Accedeix ara a informaci\u00f3 sobre tallers d'identificaci\u00f3 i formulaci\u00f3 de projectes CUD\" rel=\"noopener\">Taller d&#8217;identificaci\u00f3 i formulaci\u00f3 de projectes de cooperaci\u00f3 al desenvolupament<\/a><\/strong><\/li>\n<li><strong><a href=\"https:\/\/internacional.umh.es\/2020\/02\/27\/ayudas-para-proyectos-de-investigacion-internacionales-para-la-consecucion-de-los-ods-2\/\" title=\"Accedeix ara a les ajudes als projectes internacionals d'investigaci\u00f3\" rel=\"noopener\">Publicaci\u00f3 en el DOGV d&#8217;ajudes per a projectes d&#8217;investigaci\u00f3 internacionals per a la consecuci\u00f3 dels ODS<\/a><\/strong><\/li>\n<li><strong><a href=\"https:\/\/internacional.umh.es\/2020\/01\/30\/ayudas-para-proyectos-de-investigacion-internacionales-para-la-consecucion-de-los-ods\/\" title=\"Accedeix ara a les ajudes als projectes internacionals d'investigaci\u00f3\" rel=\"noopener\">Convocat\u00f2ria de de ajudes UMH per a finan\u00e7ar projectes d&#8217;investigaci\u00f3 de car\u00e0cter internacional per a la consecuci\u00f3 dels ODS<\/a><\/strong><\/li>\n<\/ul>\n<p><\/p>\n<hr>\n<p><\/p>\n<h4><strong>Programa de Cooperaci\u00f3 al Desenvolupament UMH-Generalitat Valenciana 2018<\/strong><\/h4>\n<ul>\n<li><strong><a href=\"https:\/\/internacional.umh.es\/2019\/04\/09\/programa-de-cooperacion-al-desarrollo-umh-generalitat-valenciana\/\" title=\"Accedeix ara a la convocat\u00f2ria del programa de projectes d'investigaci\u00f3\">Convocat\u00f2ria<\/a><\/strong><\/li>\n<li><strong><a href=\"https:\/\/internacional.umh.es\/2019\/07\/15\/publicado-el-listado-provisional-de-ayudas-para-financiar-proyectos-de-investigacion-para-la-consecucion-de-los-ods\/\" title=\"Accedeix ara al llistat provisional de sol\u00b7licituds admeses per a finan\u00e7ar projectes d'investigaci\u00f3\">Llistat provisional<\/a><\/strong><\/li>\n<li><strong><a href=\"https:\/\/internacional.umh.es\/2019\/07\/01\/publicado-el-listado-definitivo-de-solicitudes-admitidas-para-financiar-proyectos-de-investigacion-para-la-consecucion-de-los-ods\/\" title=\"Accedeix ara al llistat definitiu de sol\u00b7licituds admeses per a finan\u00e7ar projectes d'investigaci\u00f3\" target=\"_blank\" rel=\"noopener\">Resoluci\u00f3 definitiva<\/a><\/strong><\/li>\n<\/ul>\n<p><img loading=\"lazy\" class=\"size-medium wp-image-15884 alignnone\" src=\"https:\/\/internacional.umh.es\/files\/2020\/07\/logo-art-principal-impresion-fondo-blancoexportado-300x99.png\" alt=\"UMH logo\" title=\"Nombrosos PDI participen en convocat\u00f2ries de projectes d'investigaci\u00f3 sobre els ODS\" width=\"300\" height=\"99\"><img loading=\"lazy\" class=\"wp-image-9572 alignnone\" src=\"https:\/\/internacional.umh.es\/files\/2019\/01\/LogoGeneralitatValenciana-300x176.jpg\" alt=\"Generalitat Valenciana logo\" title=\"La Generalitat Valenciana subvenciona nombroses convocat\u00f2ries de Projectes d'investigaci\u00f3 sobre els ODS\" width=\"217\" height=\"127\"><img loading=\"lazy\" class=\"wp-image-10991 alignnone\" src=\"https:\/\/internacional.umh.es\/files\/2019\/05\/ODS-300x300.png\" alt=\"ODS Projectes d'investigaci\u00f3 logo\" title=\"Els Objectius de Desenvolupament Sostenible de l'ONU presentes en nombroses convocat\u00f2ries de la UMH\" width=\"173\" height=\"173\" srcset=\"https:\/\/internacional.umh.es\/files\/2019\/05\/ODS-300x300.png 300w, https:\/\/internacional.umh.es\/files\/2019\/05\/ODS-300x300-150x150.png 150w, https:\/\/internacional.umh.es\/files\/2019\/05\/ODS-300x300-32x32.png 32w, https:\/\/internacional.umh.es\/files\/2019\/05\/ODS-300x300-64x64.png 64w, https:\/\/internacional.umh.es\/files\/2019\/05\/ODS-300x300-96x96.png 96w, https:\/\/internacional.umh.es\/files\/2019\/05\/ODS-300x300-128x128.png 128w\" sizes=\"(max-width: 173px) 100vw, 173px\" \/><\/p>","protected":false},"excerpt":{"rendered":"<p>Aquesta convocat\u00f2ria t\u00e9 per objecte finan\u00e7ar projectes d&#8217;investigaci\u00f3 de car\u00e0cter internacional per a la consecuci\u00f3 dels Objectius de Desenvolupament Sostenible de l&#8217;agenda 2030 de les Nacions Unides i s&#8217;emmarca en la l\u00ednia d&#8217;investigaci\u00f3 del PROGRAMA DE COOPERACI\u00d3 AL DESENVOLUPAMENT que anualment signa la UMH amb la Generalitat Valenciana a trav\u00e9s de la Direcci\u00f3 General de [&#8230;]<\/p>\n","protected":false},"author":4274,"featured_media":0,"parent":3982,"menu_order":3,"comment_status":"closed","ping_status":"closed","template":"","meta":{"ngg_post_thumbnail":0,"_links_to":"","_links_to_target":""},"yoast_head":"<!-- This site is optimized with the Yoast SEO plugin v17.5 - https:\/\/yoast.com\/wordpress\/plugins\/seo\/ -->\n<meta name=\"description\" content=\"La convocatoria financia proyectos de investigaci\u00f3n internacionales para la consecuci\u00f3n de los ODS de la agenda 2030 de la ONU en cooperaci\u00f3n\" \/>\n<meta name=\"robots\" content=\"index, follow, max-snippet:-1, max-image-preview:large, max-video-preview:-1\" \/>\n<link rel=\"canonical\" href=\"https:\/\/internacional.umh.es\/ca\/cooperacion-y-voluntariado\/proyectos\/\" \/>\n<meta property=\"og:locale\" content=\"ca_ES\" \/>\n<meta property=\"og:type\" content=\"article\" \/>\n<meta property=\"og:title\" content=\"Projectes d&#039;investigaci\u00f3 sobre ODS - Internacionalitzaci\u00f3 i Cooperaci\u00f3\" \/>\n<meta property=\"og:description\" content=\"La convocatoria financia proyectos de investigaci\u00f3n internacionales para la consecuci\u00f3n de los ODS de la agenda 2030 de la ONU en cooperaci\u00f3n\" \/>\n<meta property=\"og:url\" content=\"https:\/\/internacional.umh.es\/ca\/cooperacion-y-voluntariado\/proyectos\/\" \/>\n<meta property=\"og:site_name\" content=\"Internacionalitzaci\u00f3 i Cooperaci\u00f3\" \/>\n<meta property=\"article:modified_time\" content=\"2025-09-16T12:20:28+00:00\" \/>\n<meta property=\"og:image\" content=\"https:\/\/internacional.umh.es\/files\/2020\/07\/LOGO-ART-PRINCIPAL-IMPRESION-FONDO-BLANCOexportado-300x99.png\" \/>\n<meta name=\"twitter:card\" content=\"summary_large_image\" \/>\n<meta name=\"twitter:label1\" content=\"Est. reading time\" \/>\n\t<meta name=\"twitter:data1\" content=\"4 minuts\" \/>\n<script type=\"application\/ld+json\" class=\"yoast-schema-graph\">{\"@context\":\"https:\/\/schema.org\",\"@graph\":[{\"@type\":\"WebSite\",\"@id\":\"https:\/\/internacional.umh.es\/en\/#website\",\"url\":\"https:\/\/internacional.umh.es\/en\/\",\"name\":\"Internacionalitzaci\\u00f3 i Cooperaci\\u00f3\",\"description\":\"Universitat Miguel Hern\\u00e1ndez d&#039;Elx\",\"potentialAction\":[{\"@type\":\"SearchAction\",\"target\":{\"@type\":\"EntryPoint\",\"urlTemplate\":\"https:\/\/internacional.umh.es\/en\/?s={search_term_string}\"},\"query-input\":\"required name=search_term_string\"}],\"inLanguage\":\"ca\"},{\"@type\":\"ImageObject\",\"@id\":\"https:\/\/internacional.umh.es\/ca\/cooperacion-y-voluntariado\/proyectos\/#primaryimage\",\"inLanguage\":\"ca\",\"url\":\"https:\/\/internacional.umh.es\/files\/2020\/07\/LOGO-ART-PRINCIPAL-IMPRESION-FONDO-BLANCOexportado-300x99.png\",\"contentUrl\":\"https:\/\/internacional.umh.es\/files\/2020\/07\/LOGO-ART-PRINCIPAL-IMPRESION-FONDO-BLANCOexportado-300x99.png\"},{\"@type\":\"WebPage\",\"@id\":\"https:\/\/internacional.umh.es\/ca\/cooperacion-y-voluntariado\/proyectos\/#webpage\",\"url\":\"https:\/\/internacional.umh.es\/ca\/cooperacion-y-voluntariado\/proyectos\/\",\"name\":\"Projectes d'investigaci\\u00f3 sobre ODS - Internacionalitzaci\\u00f3 i Cooperaci\\u00f3\",\"isPartOf\":{\"@id\":\"https:\/\/internacional.umh.es\/en\/#website\"},\"primaryImageOfPage\":{\"@id\":\"https:\/\/internacional.umh.es\/ca\/cooperacion-y-voluntariado\/proyectos\/#primaryimage\"},\"datePublished\":\"2020-07-02T12:22:22+00:00\",\"dateModified\":\"2025-09-16T12:20:28+00:00\",\"description\":\"La convocatoria financia proyectos de investigaci\\u00f3n internacionales para la consecuci\\u00f3n de los ODS de la agenda 2030 de la ONU en cooperaci\\u00f3n\",\"breadcrumb\":{\"@id\":\"https:\/\/internacional.umh.es\/ca\/cooperacion-y-voluntariado\/proyectos\/#breadcrumb\"},\"inLanguage\":\"ca\",\"potentialAction\":[{\"@type\":\"ReadAction\",\"target\":[\"https:\/\/internacional.umh.es\/ca\/cooperacion-y-voluntariado\/proyectos\/\"]}]},{\"@type\":\"BreadcrumbList\",\"@id\":\"https:\/\/internacional.umh.es\/ca\/cooperacion-y-voluntariado\/proyectos\/#breadcrumb\",\"itemListElement\":[{\"@type\":\"ListItem\",\"position\":1,\"name\":\"Home\",\"item\":\"https:\/\/internacional.umh.es\/en\/\"},{\"@type\":\"ListItem\",\"position\":2,\"name\":\"COOPERACI\\u00d3 I VOLUNTARIAT\",\"item\":\"https:\/\/internacional.umh.es\/ca\/cooperacion-y-voluntariado\/\"},{\"@type\":\"ListItem\",\"position\":3,\"name\":\"Projectes d&#8217;investigaci\\u00f3 sobre ODS\"}]}]}<\/script>\n<!-- \/ Yoast SEO plugin. -->","yoast_head_json":{"description":"La convocatoria financia proyectos de investigaci\u00f3n internacionales para la consecuci\u00f3n de los ODS de la agenda 2030 de la ONU en cooperaci\u00f3n","robots":{"index":"index","follow":"follow","max-snippet":"max-snippet:-1","max-image-preview":"max-image-preview:large","max-video-preview":"max-video-preview:-1"},"canonical":"https:\/\/internacional.umh.es\/ca\/cooperacion-y-voluntariado\/proyectos\/","og_locale":"ca_ES","og_type":"article","og_title":"Projectes d'investigaci\u00f3 sobre ODS - Internacionalitzaci\u00f3 i Cooperaci\u00f3","og_description":"La convocatoria financia proyectos de investigaci\u00f3n internacionales para la consecuci\u00f3n de los ODS de la agenda 2030 de la ONU en cooperaci\u00f3n","og_url":"https:\/\/internacional.umh.es\/ca\/cooperacion-y-voluntariado\/proyectos\/","og_site_name":"Internacionalitzaci\u00f3 i Cooperaci\u00f3","article_modified_time":"2025-09-16T12:20:28+00:00","og_image":[{"url":"https:\/\/internacional.umh.es\/files\/2020\/07\/LOGO-ART-PRINCIPAL-IMPRESION-FONDO-BLANCOexportado-300x99.png"}],"twitter_card":"summary_large_image","twitter_misc":{"Est. reading time":"4 minuts"},"schema":{"@context":"https:\/\/schema.org","@graph":[{"@type":"WebSite","@id":"https:\/\/internacional.umh.es\/en\/#website","url":"https:\/\/internacional.umh.es\/en\/","name":"Internacionalitzaci\u00f3 i Cooperaci\u00f3","description":"Universitat Miguel Hern\u00e1ndez d&#039;Elx","potentialAction":[{"@type":"SearchAction","target":{"@type":"EntryPoint","urlTemplate":"https:\/\/internacional.umh.es\/en\/?s={search_term_string}"},"query-input":"required name=search_term_string"}],"inLanguage":"ca"},{"@type":"ImageObject","@id":"https:\/\/internacional.umh.es\/ca\/cooperacion-y-voluntariado\/proyectos\/#primaryimage","inLanguage":"ca","url":"https:\/\/internacional.umh.es\/files\/2020\/07\/LOGO-ART-PRINCIPAL-IMPRESION-FONDO-BLANCOexportado-300x99.png","contentUrl":"https:\/\/internacional.umh.es\/files\/2020\/07\/LOGO-ART-PRINCIPAL-IMPRESION-FONDO-BLANCOexportado-300x99.png"},{"@type":"WebPage","@id":"https:\/\/internacional.umh.es\/ca\/cooperacion-y-voluntariado\/proyectos\/#webpage","url":"https:\/\/internacional.umh.es\/ca\/cooperacion-y-voluntariado\/proyectos\/","name":"Projectes d'investigaci\u00f3 sobre ODS - Internacionalitzaci\u00f3 i Cooperaci\u00f3","isPartOf":{"@id":"https:\/\/internacional.umh.es\/en\/#website"},"primaryImageOfPage":{"@id":"https:\/\/internacional.umh.es\/ca\/cooperacion-y-voluntariado\/proyectos\/#primaryimage"},"datePublished":"2020-07-02T12:22:22+00:00","dateModified":"2025-09-16T12:20:28+00:00","description":"La convocatoria financia proyectos de investigaci\u00f3n internacionales para la consecuci\u00f3n de los ODS de la agenda 2030 de la ONU en cooperaci\u00f3n","breadcrumb":{"@id":"https:\/\/internacional.umh.es\/ca\/cooperacion-y-voluntariado\/proyectos\/#breadcrumb"},"inLanguage":"ca","potentialAction":[{"@type":"ReadAction","target":["https:\/\/internacional.umh.es\/ca\/cooperacion-y-voluntariado\/proyectos\/"]}]},{"@type":"BreadcrumbList","@id":"https:\/\/internacional.umh.es\/ca\/cooperacion-y-voluntariado\/proyectos\/#breadcrumb","itemListElement":[{"@type":"ListItem","position":1,"name":"Home","item":"https:\/\/internacional.umh.es\/en\/"},{"@type":"ListItem","position":2,"name":"COOPERACI\u00d3 I VOLUNTARIAT","item":"https:\/\/internacional.umh.es\/ca\/cooperacion-y-voluntariado\/"},{"@type":"ListItem","position":3,"name":"Projectes d&#8217;investigaci\u00f3 sobre ODS"}]}]}},"_links":{"self":[{"href":"https:\/\/internacional.umh.es\/ca\/wp-json\/wp\/v2\/pages\/13817"}],"collection":[{"href":"https:\/\/internacional.umh.es\/ca\/wp-json\/wp\/v2\/pages"}],"about":[{"href":"https:\/\/internacional.umh.es\/ca\/wp-json\/wp\/v2\/types\/page"}],"author":[{"embeddable":true,"href":"https:\/\/internacional.umh.es\/ca\/wp-json\/wp\/v2\/users\/4274"}],"replies":[{"embeddable":true,"href":"https:\/\/internacional.umh.es\/ca\/wp-json\/wp\/v2\/comments?post=13817"}],"version-history":[{"count":0,"href":"https:\/\/internacional.umh.es\/ca\/wp-json\/wp\/v2\/pages\/13817\/revisions"}],"up":[{"embeddable":true,"href":"https:\/\/internacional.umh.es\/ca\/wp-json\/wp\/v2\/pages\/3982"}],"wp:attachment":[{"href":"https:\/\/internacional.umh.es\/ca\/wp-json\/wp\/v2\/media?parent=13817"}],"curies":[{"name":"wp","href":"https:\/\/api.w.org\/{rel}","templated":true}]}}