{"id":13911,"date":"2019-12-03T15:01:41","date_gmt":"2019-12-03T14:01:41","guid":{"rendered":"https:\/\/internacional.umh.es\/?page_id=13911"},"modified":"2021-11-02T13:55:14","modified_gmt":"2021-11-02T12:55:14","slug":"entrevistas-global-umh-radio","status":"publish","type":"page","link":"https:\/\/internacional.umh.es\/ca\/global-umh\/global-umh-radio\/entrevistas-global-umh-radio\/","title":{"rendered":"Entrevistes Global UMH"},"content":{"rendered":"<p class=\"qtranxs-available-languages-message qtranxs-available-languages-message-ca\">Ho sent, per\u00f2 aquesta entrada nom\u00e9s est\u00e0 disponible en <a href=\"https:\/\/internacional.umh.es\/es\/wp-json\/wp\/v2\/pages\/13911\" class=\"qtranxs-available-language-link qtranxs-available-language-link-es\" title=\"Espa\u00f1ol\">Espanyol Europeu<\/a>.<\/p>","protected":false},"excerpt":{"rendered":"<p>Ho sent, per\u00f2 aquesta entrada nom\u00e9s est\u00e0 disponible en Espanyol Europeu.<\/p>\n","protected":false},"author":4817,"featured_media":0,"parent":2483,"menu_order":3,"comment_status":"closed","ping_status":"closed","template":"","meta":{"ngg_post_thumbnail":0,"_links_to":"","_links_to_target":""},"yoast_head":"<!-- This site is optimized with the Yoast SEO plugin v17.5 - https:\/\/yoast.com\/wordpress\/plugins\/seo\/ -->\n<meta name=\"robots\" content=\"index, follow, max-snippet:-1, max-image-preview:large, max-video-preview:-1\" \/>\n<link rel=\"canonical\" href=\"https:\/\/internacional.umh.es\/ca\/global-umh\/global-umh-radio\/entrevistas-global-umh-radio\/\" \/>\n<meta property=\"og:locale\" content=\"ca_ES\" \/>\n<meta property=\"og:type\" content=\"article\" \/>\n<meta property=\"og:title\" content=\"Entrevistas Global UMHEntrevistes Global UMHGlobal UMH Interviews - Internacionalitzaci\u00f3 i Cooperaci\u00f3\" \/>\n<meta property=\"og:description\" content=\"Ho sent, per\u00f2 aquesta entrada nom\u00e9s est\u00e0 disponible en Espanyol Europeu.\" \/>\n<meta property=\"og:url\" content=\"https:\/\/internacional.umh.es\/global-umh\/global-umh-radio\/entrevistas-global-umh-radio\/\" \/>\n<meta property=\"og:site_name\" content=\"Internacionalitzaci\u00f3 i Cooperaci\u00f3\" \/>\n<meta property=\"article:modified_time\" content=\"2021-11-02T12:55:14+00:00\" \/>\n<meta property=\"og:image\" content=\"https:\/\/internacional.umh.es\/files\/2019\/12\/031219-entrevista-e1576658172442-300x172.jpg\" \/>\n<meta name=\"twitter:card\" content=\"summary_large_image\" \/>\n<meta name=\"twitter:label1\" content=\"Est. reading time\" \/>\n\t<meta name=\"twitter:data1\" content=\"3 minuts\" \/>\n<script type=\"application\/ld+json\" class=\"yoast-schema-graph\">{\"@context\":\"https:\/\/schema.org\",\"@graph\":[{\"@type\":\"WebSite\",\"@id\":\"https:\/\/internacional.umh.es\/en\/#website\",\"url\":\"https:\/\/internacional.umh.es\/en\/\",\"name\":\"Internacionalitzaci\\u00f3 i Cooperaci\\u00f3\",\"description\":\"Universitat Miguel Hern\\u00e1ndez d&#039;Elx\",\"potentialAction\":[{\"@type\":\"SearchAction\",\"target\":{\"@type\":\"EntryPoint\",\"urlTemplate\":\"https:\/\/internacional.umh.es\/en\/?s={search_term_string}\"},\"query-input\":\"required name=search_term_string\"}],\"inLanguage\":\"ca\"},{\"@type\":\"ImageObject\",\"@id\":\"https:\/\/internacional.umh.es\/global-umh\/global-umh-radio\/entrevistas-global-umh-radio\/#primaryimage\",\"inLanguage\":\"ca\",\"url\":\"https:\/\/internacional.umh.es\/files\/2019\/12\/031219-entrevista-e1576658172442.jpg\",\"contentUrl\":\"https:\/\/internacional.umh.es\/files\/2019\/12\/031219-entrevista-e1576658172442.jpg\",\"width\":4272,\"height\":2456},{\"@type\":\"WebPage\",\"@id\":\"https:\/\/internacional.umh.es\/global-umh\/global-umh-radio\/entrevistas-global-umh-radio\/#webpage\",\"url\":\"https:\/\/internacional.umh.es\/global-umh\/global-umh-radio\/entrevistas-global-umh-radio\/\",\"name\":\"Entrevistas Global UMHEntrevistes Global UMHGlobal UMH Interviews - Internacionalitzaci\\u00f3 i Cooperaci\\u00f3\",\"isPartOf\":{\"@id\":\"https:\/\/internacional.umh.es\/en\/#website\"},\"primaryImageOfPage\":{\"@id\":\"https:\/\/internacional.umh.es\/global-umh\/global-umh-radio\/entrevistas-global-umh-radio\/#primaryimage\"},\"datePublished\":\"2019-12-03T14:01:41+00:00\",\"dateModified\":\"2021-11-02T12:55:14+00:00\",\"breadcrumb\":{\"@id\":\"https:\/\/internacional.umh.es\/global-umh\/global-umh-radio\/entrevistas-global-umh-radio\/#breadcrumb\"},\"inLanguage\":\"ca\",\"potentialAction\":[{\"@type\":\"ReadAction\",\"target\":[\"https:\/\/internacional.umh.es\/global-umh\/global-umh-radio\/entrevistas-global-umh-radio\/\"]}]},{\"@type\":\"BreadcrumbList\",\"@id\":\"https:\/\/internacional.umh.es\/global-umh\/global-umh-radio\/entrevistas-global-umh-radio\/#breadcrumb\",\"itemListElement\":[{\"@type\":\"ListItem\",\"position\":1,\"name\":\"Home\",\"item\":\"https:\/\/internacional.umh.es\/en\/\"},{\"@type\":\"ListItem\",\"position\":2,\"name\":\"Global UMH\",\"item\":\"https:\/\/internacional.umh.es\/en\/global-umh\/\"},{\"@type\":\"ListItem\",\"position\":3,\"name\":\"Global UMH Radio\",\"item\":\"https:\/\/internacional.umh.es\/global-umh\/global-umh-radio\/\"},{\"@type\":\"ListItem\",\"position\":4,\"name\":\"Global UMH Interviews\"}]}]}<\/script>\n<!-- \/ Yoast SEO plugin. -->","yoast_head_json":{"robots":{"index":"index","follow":"follow","max-snippet":"max-snippet:-1","max-image-preview":"max-image-preview:large","max-video-preview":"max-video-preview:-1"},"canonical":"https:\/\/internacional.umh.es\/ca\/global-umh\/global-umh-radio\/entrevistas-global-umh-radio\/","og_locale":"ca_ES","og_type":"article","og_title":"Entrevistas Global UMHEntrevistes Global UMHGlobal UMH Interviews - Internacionalitzaci\u00f3 i Cooperaci\u00f3","og_description":"Ho sent, per\u00f2 aquesta entrada nom\u00e9s est\u00e0 disponible en Espanyol Europeu.","og_url":"https:\/\/internacional.umh.es\/global-umh\/global-umh-radio\/entrevistas-global-umh-radio\/","og_site_name":"Internacionalitzaci\u00f3 i Cooperaci\u00f3","article_modified_time":"2021-11-02T12:55:14+00:00","og_image":[{"url":"https:\/\/internacional.umh.es\/files\/2019\/12\/031219-entrevista-e1576658172442-300x172.jpg"}],"twitter_card":"summary_large_image","twitter_misc":{"Est. reading time":"3 minuts"},"schema":{"@context":"https:\/\/schema.org","@graph":[{"@type":"WebSite","@id":"https:\/\/internacional.umh.es\/en\/#website","url":"https:\/\/internacional.umh.es\/en\/","name":"Internacionalitzaci\u00f3 i Cooperaci\u00f3","description":"Universitat Miguel Hern\u00e1ndez d&#039;Elx","potentialAction":[{"@type":"SearchAction","target":{"@type":"EntryPoint","urlTemplate":"https:\/\/internacional.umh.es\/en\/?s={search_term_string}"},"query-input":"required name=search_term_string"}],"inLanguage":"ca"},{"@type":"ImageObject","@id":"https:\/\/internacional.umh.es\/global-umh\/global-umh-radio\/entrevistas-global-umh-radio\/#primaryimage","inLanguage":"ca","url":"https:\/\/internacional.umh.es\/files\/2019\/12\/031219-entrevista-e1576658172442.jpg","contentUrl":"https:\/\/internacional.umh.es\/files\/2019\/12\/031219-entrevista-e1576658172442.jpg","width":4272,"height":2456},{"@type":"WebPage","@id":"https:\/\/internacional.umh.es\/global-umh\/global-umh-radio\/entrevistas-global-umh-radio\/#webpage","url":"https:\/\/internacional.umh.es\/global-umh\/global-umh-radio\/entrevistas-global-umh-radio\/","name":"Entrevistas Global UMHEntrevistes Global UMHGlobal UMH Interviews - Internacionalitzaci\u00f3 i Cooperaci\u00f3","isPartOf":{"@id":"https:\/\/internacional.umh.es\/en\/#website"},"primaryImageOfPage":{"@id":"https:\/\/internacional.umh.es\/global-umh\/global-umh-radio\/entrevistas-global-umh-radio\/#primaryimage"},"datePublished":"2019-12-03T14:01:41+00:00","dateModified":"2021-11-02T12:55:14+00:00","breadcrumb":{"@id":"https:\/\/internacional.umh.es\/global-umh\/global-umh-radio\/entrevistas-global-umh-radio\/#breadcrumb"},"inLanguage":"ca","potentialAction":[{"@type":"ReadAction","target":["https:\/\/internacional.umh.es\/global-umh\/global-umh-radio\/entrevistas-global-umh-radio\/"]}]},{"@type":"BreadcrumbList","@id":"https:\/\/internacional.umh.es\/global-umh\/global-umh-radio\/entrevistas-global-umh-radio\/#breadcrumb","itemListElement":[{"@type":"ListItem","position":1,"name":"Home","item":"https:\/\/internacional.umh.es\/en\/"},{"@type":"ListItem","position":2,"name":"Global UMH","item":"https:\/\/internacional.umh.es\/en\/global-umh\/"},{"@type":"ListItem","position":3,"name":"Global UMH Radio","item":"https:\/\/internacional.umh.es\/global-umh\/global-umh-radio\/"},{"@type":"ListItem","position":4,"name":"Global UMH Interviews"}]}]}},"_links":{"self":[{"href":"https:\/\/internacional.umh.es\/ca\/wp-json\/wp\/v2\/pages\/13911"}],"collection":[{"href":"https:\/\/internacional.umh.es\/ca\/wp-json\/wp\/v2\/pages"}],"about":[{"href":"https:\/\/internacional.umh.es\/ca\/wp-json\/wp\/v2\/types\/page"}],"author":[{"embeddable":true,"href":"https:\/\/internacional.umh.es\/ca\/wp-json\/wp\/v2\/users\/4817"}],"replies":[{"embeddable":true,"href":"https:\/\/internacional.umh.es\/ca\/wp-json\/wp\/v2\/comments?post=13911"}],"version-history":[{"count":0,"href":"https:\/\/internacional.umh.es\/ca\/wp-json\/wp\/v2\/pages\/13911\/revisions"}],"up":[{"embeddable":true,"href":"https:\/\/internacional.umh.es\/ca\/wp-json\/wp\/v2\/pages\/2483"}],"wp:attachment":[{"href":"https:\/\/internacional.umh.es\/ca\/wp-json\/wp\/v2\/media?parent=13911"}],"curies":[{"name":"wp","href":"https:\/\/api.w.org\/{rel}","templated":true}]}}