{"id":14118,"date":"2020-07-19T17:48:47","date_gmt":"2020-07-19T15:48:47","guid":{"rendered":"https:\/\/internacional.umh.es\/?page_id=14118"},"modified":"2025-05-19T12:48:14","modified_gmt":"2025-05-19T10:48:14","slug":"convenio-cooperacion-universitaria-al-desarrollo","status":"publish","type":"page","link":"https:\/\/internacional.umh.es\/ca\/cooperacion-y-voluntariado\/cooperacion-al-desarrollo\/convenio-cooperacion-universitaria-al-desarrollo\/","title":{"rendered":"Convenis de Cooperaci\u00f3 Universitaria al Desenvolupament"},"content":{"rendered":"<p><\/p>\n<p style=\"text-align: justify\"><a href=\"https:\/\/participacio.gva.es\/va\/\" target=\"_blank\" title=\"Ho veur\u00e0s en una nova finestra\" rel=\"noopener\"><img loading=\"lazy\" class=\"alignleft wp-image-14121\" title=\"La UMH participa al costat de la Generalitat Valenciana en nombrosos projectes i activitats de diversos convenis de cooperaci\u00f3\" src=\"https:\/\/internacional.umh.es\/files\/2019\/12\/gv_conselleria_transparencia_cmyk_cast.png\" alt=\"Generalitat Valenciana convenios logo\" width=\"218\" height=\"148\" srcset=\"https:\/\/internacional.umh.es\/files\/2019\/12\/gv_conselleria_transparencia_cmyk_cast.png 627w, https:\/\/internacional.umh.es\/files\/2019\/12\/gv_conselleria_transparencia_cmyk_cast-300x203.png 300w\" sizes=\"(max-width: 218px) 100vw, 218px\" \/><\/a> La Universitat Miguel Hern\u00e1ndez d&#8217;Elx, com a <strong>agent de cooperaci\u00f3 al desenvolupament<\/strong>, compta amb una \u00e0mplia experi\u00e8ncia en la gesti\u00f3 d&#8217;accions, programes i projectes. D&#8217;aquesta manera, la cooperaci\u00f3 al desenvolupament \u00e9s part essencial del comprom\u00eds <strong> social de la UMH <\/strong>i es projecta cap a la societat contribuint a la millora de les condicions de vida de les persones i en la cooperaci\u00f3 al desenvolupament dels pobles m\u00e9s desfavorits i vulnerables.<\/p>\n<p>&nbsp;<\/p>\n<p style=\"text-align: justify\"><img loading=\"lazy\" class=\"alignleft wp-image-15884\" title=\"La UMH com a agent de cooperaci\u00f3 al desenvolupament i gran comprom\u00eds social realitza activitats i projectes a trav\u00e9s de diversos convenis\" src=\"https:\/\/internacional.umh.es\/files\/2020\/07\/LOGO-ART-PRINCIPAL-IMPRESION-FONDO-BLANCOexportado-300x99.png\" alt=\"UMH convenis logo\" width=\"219\" height=\"72\">La universitat, com a servei p\u00fablic, constitueix un \u00e0mbit privilegiat per a la cooperaci\u00f3 i per a la difusi\u00f3 de valors solidaris com a instituci\u00f3 dotada de recursos t\u00e8cnics i humans altament qualificats. A m\u00e9s, com a lloc de trobada i debat, \u00e9s un espai fonamental per a la promoci\u00f3 del coneixement, l&#8217;intercanvi, l&#8217;enriquiment mutu, la promoci\u00f3 dels drets humans, el respecte a la diversitat, el foment de la solidaritat i la igualtat i la difusi\u00f3 dels problemes i reptes fonamentals del desenvolupament.<\/p>\n<p>Accedeix a les activitats i projectes que s&#8217;han desenvolupat a trav\u00e9s de diversos convenis:<\/p>\n<ul>\n<li><a title=\"Conoce ahora las actividaes, proyectos de investigaci\u00f3n y proyectos CUD del convenio 2023\" href=\"https:\/\/internacional.umh.es\/ca\/cooperacion-y-voluntariado\/cooperacion-al-desarrollo\/convenio-cooperacion-universitaria-al-desarrollo\/convenio-2023\/\"><strong>CONVENI 2023<\/strong><\/a><\/li>\n<li><a href=\"https:\/\/internacional.umh.es\/cooperacion-y-voluntariado\/cooperacionaldesarrollo\/ca\/convenio-cooperacion-universitaria-al-desarrollo\/convenio-2022\/\"><strong>CONVENI 2022<\/strong><\/a><\/li>\n<li><a href=\"https:\/\/internacional.umh.es\/cooperacion-y-voluntariado\/cooperacionaldesarrollo\/ca\/convenio-cooperacion-universitaria-al-desarrollo\/convenio-2021\/\"><strong>CONVENI 2021<\/strong><\/a><\/li>\n<li><a href=\"https:\/\/internacional.umh.es\/cooperacion-y-voluntariado\/cooperacion-al-desarrollo\/ca\/convenio-cooperacion-universitaria-al-desarrollo\/convenio-2020\/\"><strong>CONVENI 2020<\/strong><\/a><\/li>\n<li><a href=\"https:\/\/internacional.umh.es\/cooperacion-y-voluntariado\/cooperacion-al-desarrollo\/ca\/convenio-cooperacion-universitaria-al-desarrollo\/convenio-2019\/\"><strong>CONVENI 2019<\/strong><\/a><\/li>\n<li><a href=\"https:\/\/internacional.umh.es\/cooperacion-y-voluntariado\/cooperacion-al-desarrollo\/ca\/convenio-cooperacion-universitaria-al-desarrollo\/convenio-2018\/\"><strong>CONVENI 2018<\/strong><\/a><\/li>\n<li><a href=\"https:\/\/internacional.umh.es\/cooperacion-y-voluntariado\/cooperacion-al-desarrollo\/ca\/convenio-cooperacion-universitaria-al-desarrollo\/convenio-2017\/\"><strong>CONVENI 2017<\/strong><\/a><\/li>\n<li><a href=\"https:\/\/internacional.umh.es\/cooperacion-y-voluntariado\/cooperacion-al-desarrollo\/ca\/convenio-cooperacion-universitaria-al-desarrollo\/convenio-2016\/\"><strong>CONVENI 2016<\/strong><\/a><\/li>\n<\/ul>\n<p>&nbsp;<\/p>","protected":false},"excerpt":{"rendered":"<p> La Universitat Miguel Hern\u00e1ndez d&#8217;Elx, com a agent de cooperaci\u00f3 al desenvolupament, compta amb una \u00e0mplia experi\u00e8ncia en la gesti\u00f3 d&#8217;accions, programes i projectes. D&#8217;aquesta manera, la cooperaci\u00f3 al desenvolupament \u00e9s part essencial del comprom\u00eds  social de la UMH i es projecta cap a la societat contribuint a la millora de les condicions [&#8230;]<\/p>\n","protected":false},"author":4274,"featured_media":0,"parent":7280,"menu_order":0,"comment_status":"closed","ping_status":"closed","template":"","meta":{"ngg_post_thumbnail":0,"_links_to":"","_links_to_target":""},"yoast_head":"<!-- This site is optimized with the Yoast SEO plugin v17.5 - https:\/\/yoast.com\/wordpress\/plugins\/seo\/ -->\n<meta name=\"description\" content=\"La UMH como agente de cooperaci\u00f3n al desarrollo cuenta con experiencia en gesti\u00f3n de acciones, programas y proyectos a trav\u00e9s de convenio\" \/>\n<meta name=\"robots\" content=\"index, follow, max-snippet:-1, max-image-preview:large, max-video-preview:-1\" \/>\n<link rel=\"canonical\" href=\"https:\/\/internacional.umh.es\/ca\/cooperacion-y-voluntariado\/cooperacion-al-desarrollo\/convenio-cooperacion-universitaria-al-desarrollo\/\" \/>\n<meta property=\"og:locale\" content=\"ca_ES\" \/>\n<meta property=\"og:type\" content=\"article\" \/>\n<meta property=\"og:title\" content=\"Convenis de Cooperaci\u00f3 Universitaria al Desenvolupament - Internacionalitzaci\u00f3 i Cooperaci\u00f3\" \/>\n<meta property=\"og:description\" content=\"La UMH como agente de cooperaci\u00f3n al desarrollo cuenta con experiencia en gesti\u00f3n de acciones, programas y proyectos a trav\u00e9s de convenio\" \/>\n<meta property=\"og:url\" content=\"https:\/\/internacional.umh.es\/ca\/cooperacion-y-voluntariado\/cooperacion-al-desarrollo\/convenio-cooperacion-universitaria-al-desarrollo\/\" \/>\n<meta property=\"og:site_name\" content=\"Internacionalitzaci\u00f3 i Cooperaci\u00f3\" \/>\n<meta property=\"article:modified_time\" content=\"2025-05-19T10:48:14+00:00\" \/>\n<meta property=\"og:image\" content=\"https:\/\/internacional.umh.es\/files\/2025\/05\/PRIMERA-ARTICULACION-recortado-300x83.jpg\" \/>\n<meta name=\"twitter:card\" content=\"summary_large_image\" \/>\n<meta name=\"twitter:label1\" content=\"Est. reading time\" \/>\n\t<meta name=\"twitter:data1\" content=\"2 minuts\" \/>\n<script type=\"application\/ld+json\" class=\"yoast-schema-graph\">{\"@context\":\"https:\/\/schema.org\",\"@graph\":[{\"@type\":\"WebSite\",\"@id\":\"https:\/\/internacional.umh.es\/en\/#website\",\"url\":\"https:\/\/internacional.umh.es\/en\/\",\"name\":\"Internacionalitzaci\\u00f3 i Cooperaci\\u00f3\",\"description\":\"Universitat Miguel Hern\\u00e1ndez d&#039;Elx\",\"potentialAction\":[{\"@type\":\"SearchAction\",\"target\":{\"@type\":\"EntryPoint\",\"urlTemplate\":\"https:\/\/internacional.umh.es\/en\/?s={search_term_string}\"},\"query-input\":\"required name=search_term_string\"}],\"inLanguage\":\"ca\"},{\"@type\":\"ImageObject\",\"@id\":\"https:\/\/internacional.umh.es\/ca\/cooperacion-y-voluntariado\/cooperacion-al-desarrollo\/convenio-cooperacion-universitaria-al-desarrollo\/#primaryimage\",\"inLanguage\":\"ca\",\"url\":\"https:\/\/internacional.umh.es\/files\/2025\/05\/PRIMERA-ARTICULACION-recortado.jpg\",\"contentUrl\":\"https:\/\/internacional.umh.es\/files\/2025\/05\/PRIMERA-ARTICULACION-recortado.jpg\",\"width\":869,\"height\":241},{\"@type\":\"WebPage\",\"@id\":\"https:\/\/internacional.umh.es\/ca\/cooperacion-y-voluntariado\/cooperacion-al-desarrollo\/convenio-cooperacion-universitaria-al-desarrollo\/#webpage\",\"url\":\"https:\/\/internacional.umh.es\/ca\/cooperacion-y-voluntariado\/cooperacion-al-desarrollo\/convenio-cooperacion-universitaria-al-desarrollo\/\",\"name\":\"Convenis de Cooperaci\\u00f3 Universitaria al Desenvolupament - Internacionalitzaci\\u00f3 i Cooperaci\\u00f3\",\"isPartOf\":{\"@id\":\"https:\/\/internacional.umh.es\/en\/#website\"},\"primaryImageOfPage\":{\"@id\":\"https:\/\/internacional.umh.es\/ca\/cooperacion-y-voluntariado\/cooperacion-al-desarrollo\/convenio-cooperacion-universitaria-al-desarrollo\/#primaryimage\"},\"datePublished\":\"2020-07-19T15:48:47+00:00\",\"dateModified\":\"2025-05-19T10:48:14+00:00\",\"description\":\"La UMH como agente de cooperaci\\u00f3n al desarrollo cuenta con experiencia en gesti\\u00f3n de acciones, programas y proyectos a trav\\u00e9s de convenio\",\"breadcrumb\":{\"@id\":\"https:\/\/internacional.umh.es\/ca\/cooperacion-y-voluntariado\/cooperacion-al-desarrollo\/convenio-cooperacion-universitaria-al-desarrollo\/#breadcrumb\"},\"inLanguage\":\"ca\",\"potentialAction\":[{\"@type\":\"ReadAction\",\"target\":[\"https:\/\/internacional.umh.es\/ca\/cooperacion-y-voluntariado\/cooperacion-al-desarrollo\/convenio-cooperacion-universitaria-al-desarrollo\/\"]}]},{\"@type\":\"BreadcrumbList\",\"@id\":\"https:\/\/internacional.umh.es\/ca\/cooperacion-y-voluntariado\/cooperacion-al-desarrollo\/convenio-cooperacion-universitaria-al-desarrollo\/#breadcrumb\",\"itemListElement\":[{\"@type\":\"ListItem\",\"position\":1,\"name\":\"Home\",\"item\":\"https:\/\/internacional.umh.es\/en\/\"},{\"@type\":\"ListItem\",\"position\":2,\"name\":\"COOPERACI\\u00d3 I VOLUNTARIAT\",\"item\":\"https:\/\/internacional.umh.es\/ca\/cooperacion-y-voluntariado\/\"},{\"@type\":\"ListItem\",\"position\":3,\"name\":\"Cooperaci\\u00f3 aI Desenvolupament\",\"item\":\"https:\/\/internacional.umh.es\/ca\/cooperacion-y-voluntariado\/cooperacion-al-desarrollo\/\"},{\"@type\":\"ListItem\",\"position\":4,\"name\":\"Convenis de Cooperaci\\u00f3 Universitaria al Desenvolupament\"}]}]}<\/script>\n<!-- \/ Yoast SEO plugin. -->","yoast_head_json":{"description":"La UMH como agente de cooperaci\u00f3n al desarrollo cuenta con experiencia en gesti\u00f3n de acciones, programas y proyectos a trav\u00e9s de convenio","robots":{"index":"index","follow":"follow","max-snippet":"max-snippet:-1","max-image-preview":"max-image-preview:large","max-video-preview":"max-video-preview:-1"},"canonical":"https:\/\/internacional.umh.es\/ca\/cooperacion-y-voluntariado\/cooperacion-al-desarrollo\/convenio-cooperacion-universitaria-al-desarrollo\/","og_locale":"ca_ES","og_type":"article","og_title":"Convenis de Cooperaci\u00f3 Universitaria al Desenvolupament - Internacionalitzaci\u00f3 i Cooperaci\u00f3","og_description":"La UMH como agente de cooperaci\u00f3n al desarrollo cuenta con experiencia en gesti\u00f3n de acciones, programas y proyectos a trav\u00e9s de convenio","og_url":"https:\/\/internacional.umh.es\/ca\/cooperacion-y-voluntariado\/cooperacion-al-desarrollo\/convenio-cooperacion-universitaria-al-desarrollo\/","og_site_name":"Internacionalitzaci\u00f3 i Cooperaci\u00f3","article_modified_time":"2025-05-19T10:48:14+00:00","og_image":[{"url":"https:\/\/internacional.umh.es\/files\/2025\/05\/PRIMERA-ARTICULACION-recortado-300x83.jpg"}],"twitter_card":"summary_large_image","twitter_misc":{"Est. reading time":"2 minuts"},"schema":{"@context":"https:\/\/schema.org","@graph":[{"@type":"WebSite","@id":"https:\/\/internacional.umh.es\/en\/#website","url":"https:\/\/internacional.umh.es\/en\/","name":"Internacionalitzaci\u00f3 i Cooperaci\u00f3","description":"Universitat Miguel Hern\u00e1ndez d&#039;Elx","potentialAction":[{"@type":"SearchAction","target":{"@type":"EntryPoint","urlTemplate":"https:\/\/internacional.umh.es\/en\/?s={search_term_string}"},"query-input":"required name=search_term_string"}],"inLanguage":"ca"},{"@type":"ImageObject","@id":"https:\/\/internacional.umh.es\/ca\/cooperacion-y-voluntariado\/cooperacion-al-desarrollo\/convenio-cooperacion-universitaria-al-desarrollo\/#primaryimage","inLanguage":"ca","url":"https:\/\/internacional.umh.es\/files\/2025\/05\/PRIMERA-ARTICULACION-recortado.jpg","contentUrl":"https:\/\/internacional.umh.es\/files\/2025\/05\/PRIMERA-ARTICULACION-recortado.jpg","width":869,"height":241},{"@type":"WebPage","@id":"https:\/\/internacional.umh.es\/ca\/cooperacion-y-voluntariado\/cooperacion-al-desarrollo\/convenio-cooperacion-universitaria-al-desarrollo\/#webpage","url":"https:\/\/internacional.umh.es\/ca\/cooperacion-y-voluntariado\/cooperacion-al-desarrollo\/convenio-cooperacion-universitaria-al-desarrollo\/","name":"Convenis de Cooperaci\u00f3 Universitaria al Desenvolupament - Internacionalitzaci\u00f3 i Cooperaci\u00f3","isPartOf":{"@id":"https:\/\/internacional.umh.es\/en\/#website"},"primaryImageOfPage":{"@id":"https:\/\/internacional.umh.es\/ca\/cooperacion-y-voluntariado\/cooperacion-al-desarrollo\/convenio-cooperacion-universitaria-al-desarrollo\/#primaryimage"},"datePublished":"2020-07-19T15:48:47+00:00","dateModified":"2025-05-19T10:48:14+00:00","description":"La UMH como agente de cooperaci\u00f3n al desarrollo cuenta con experiencia en gesti\u00f3n de acciones, programas y proyectos a trav\u00e9s de convenio","breadcrumb":{"@id":"https:\/\/internacional.umh.es\/ca\/cooperacion-y-voluntariado\/cooperacion-al-desarrollo\/convenio-cooperacion-universitaria-al-desarrollo\/#breadcrumb"},"inLanguage":"ca","potentialAction":[{"@type":"ReadAction","target":["https:\/\/internacional.umh.es\/ca\/cooperacion-y-voluntariado\/cooperacion-al-desarrollo\/convenio-cooperacion-universitaria-al-desarrollo\/"]}]},{"@type":"BreadcrumbList","@id":"https:\/\/internacional.umh.es\/ca\/cooperacion-y-voluntariado\/cooperacion-al-desarrollo\/convenio-cooperacion-universitaria-al-desarrollo\/#breadcrumb","itemListElement":[{"@type":"ListItem","position":1,"name":"Home","item":"https:\/\/internacional.umh.es\/en\/"},{"@type":"ListItem","position":2,"name":"COOPERACI\u00d3 I VOLUNTARIAT","item":"https:\/\/internacional.umh.es\/ca\/cooperacion-y-voluntariado\/"},{"@type":"ListItem","position":3,"name":"Cooperaci\u00f3 aI Desenvolupament","item":"https:\/\/internacional.umh.es\/ca\/cooperacion-y-voluntariado\/cooperacion-al-desarrollo\/"},{"@type":"ListItem","position":4,"name":"Convenis de Cooperaci\u00f3 Universitaria al Desenvolupament"}]}]}},"_links":{"self":[{"href":"https:\/\/internacional.umh.es\/ca\/wp-json\/wp\/v2\/pages\/14118"}],"collection":[{"href":"https:\/\/internacional.umh.es\/ca\/wp-json\/wp\/v2\/pages"}],"about":[{"href":"https:\/\/internacional.umh.es\/ca\/wp-json\/wp\/v2\/types\/page"}],"author":[{"embeddable":true,"href":"https:\/\/internacional.umh.es\/ca\/wp-json\/wp\/v2\/users\/4274"}],"replies":[{"embeddable":true,"href":"https:\/\/internacional.umh.es\/ca\/wp-json\/wp\/v2\/comments?post=14118"}],"version-history":[{"count":0,"href":"https:\/\/internacional.umh.es\/ca\/wp-json\/wp\/v2\/pages\/14118\/revisions"}],"up":[{"embeddable":true,"href":"https:\/\/internacional.umh.es\/ca\/wp-json\/wp\/v2\/pages\/7280"}],"wp:attachment":[{"href":"https:\/\/internacional.umh.es\/ca\/wp-json\/wp\/v2\/media?parent=14118"}],"curies":[{"name":"wp","href":"https:\/\/api.w.org\/{rel}","templated":true}]}}