{"id":1448,"date":"2014-04-29T13:33:09","date_gmt":"2014-04-29T11:33:09","guid":{"rendered":"http:\/\/internacional.umh.es\/?page_id=1448"},"modified":"2019-07-03T14:01:50","modified_gmt":"2019-07-03T12:01:50","slug":"intensivo","status":"publish","type":"page","link":"https:\/\/internacional.umh.es\/ca\/intensivo\/","title":{"rendered":"<span lang=\"es\">(Espa\u00f1ol) Intensivo<\/span>"},"content":{"rendered":"<p>INTENSIVE SPANISH COURSES. SEPTEMBER 3 to 19<\/p>\n<p>The Miguel Hern\u00e1ndez University of Elche organizes intensive Spanish language courses for incoming students during September before the start of the academic year.<\/p>\n<p>Those&nbsp;<strong>50-hour courses<\/strong>&nbsp;start on the September 3rd&nbsp;and end on september 19th 2014.<\/p>\n<p>Elche Campus Courses<\/p>\n<ul>\n<li><strong>Level B1.1<\/strong>\n<ul>\n<li>From September 3rd &nbsp;to 18th<\/li>\n<li>Monday to Friday: 10:00 am \u2013 2:00 pm (4 hours per day)<\/li>\n<li>Final test on 19<sup>th<\/sup>&nbsp;September: 10.00 am \u2013 12.00 pm<\/li>\n<\/ul>\n<\/li>\n<li><strong>Level B2.1<\/strong>\n<ul>\n<li>From September 3rd to 18th<\/li>\n<li>Monday to Friday: 4:00 pm \u2013 8:00 pm (4 hours per day)<\/li>\n<li>Final test on 19th September: 4:00 pm &#8211; 6:00 pm<\/li>\n<\/ul>\n<\/li>\n<\/ul>\n<p>Sant Joan d\u2019Alacant Campus Courses<\/p>\n<ul>\n<li><strong>Level B1.1<\/strong>\n<ul>\n<li>From September 3rd to 18th<\/li>\n<li>Monday to Friday:&nbsp;4:00 pm \u2013 8:00 pm (4 hours per day)<\/li>\n<li>Final test on 19th September:&nbsp;4:00 pm &#8211; 6:00 pm<\/li>\n<\/ul>\n<\/li>\n<li><strong>Level B2.1<\/strong>\n<ul>\n<li>From September 3rd to 18th<\/li>\n<li>Monday to Friday:&nbsp;10:00 am \u2013 2:00 pm (4 hours per day)<\/li>\n<li>Final test on 19th September:&nbsp;10.00 am \u2013 12.00 pm<\/li>\n<\/ul>\n<\/li>\n<\/ul>\n<p>Requirements<\/p>\n<ul>\n<li><strong>Level B1.1<\/strong>: Students must be able to demonstrate their knowledge of level A2 of Spanish<\/li>\n<li><strong>Level B2.1<\/strong>: Students must be able to demonstrate their knowledge of level B1 of Spanish<\/li>\n<\/ul>\n<p>Registration, cost and deadline<\/p>\n<p>The&nbsp;<strong>Cost<\/strong>&nbsp;of each of the courses is&nbsp;<strong>120.00 \u20ac<\/strong>.<\/p>\n<p>Students interested in any of the before mentioned courses have to&nbsp;<strong>complete<\/strong>&nbsp;the following&nbsp;<strong>application form before Friday, July 4th<\/strong>, in order to reserve a place in the course.<\/p>\n<p>After the form has been sent, students will receive instructions about&nbsp;<strong>payment<\/strong>, which must be made&nbsp;<strong>before Friday, July 18th.<\/strong><\/p>\n<p><div role=\"form\" class=\"wpcf7\" id=\"wpcf7-f1843-o2\" lang=\"en-US\" dir=\"ltr\">\n<div class=\"screen-reader-response\"><p role=\"status\" aria-live=\"polite\" aria-atomic=\"true\"><\/p> <ul><\/ul><\/div>\n<form action=\"\/ca\/wp-json\/wp\/v2\/pages\/1448#wpcf7-f1843-o2\" method=\"post\" class=\"wpcf7-form init\" novalidate=\"novalidate\" data-status=\"init\">\n<div style=\"display: none;\">\n<input type=\"hidden\" name=\"_wpcf7\" value=\"1843\" \/>\n<input type=\"hidden\" name=\"_wpcf7_version\" value=\"5.5.2\" \/>\n<input type=\"hidden\" name=\"_wpcf7_locale\" value=\"en_US\" \/>\n<input type=\"hidden\" name=\"_wpcf7_unit_tag\" value=\"wpcf7-f1843-o2\" \/>\n<input type=\"hidden\" name=\"_wpcf7_container_post\" value=\"0\" \/>\n<input type=\"hidden\" name=\"_wpcf7_posted_data_hash\" value=\"\" \/>\n<input type=\"hidden\" name=\"_wpcf7_recaptcha_response\" value=\"\" \/>\n<\/div>\n<table>\n<tr>\n<th colspan=\"2\">Spanish intensive course Eform:<\/th>\n<\/tr>\n<tr>\n<th colspan=\"2\">(*) Campos requeridos<\/th>\n<\/tr>\n<tr>\n<td>Select course:<\/td>\n<td>\n<span class=\"wpcf7-form-control-wrap menu-540\"><select name=\"menu-540\" class=\"wpcf7-form-control wpcf7-select wpcf7-validates-as-required\" aria-required=\"true\" aria-invalid=\"false\"><option value=\"Level B.1.1. Elche Campus\">Level B.1.1. Elche Campus<\/option><option value=\"Level B.1.1. Sant Joan Campus\">Level B.1.1. Sant Joan Campus<\/option><option value=\"Level B.2.1. Elche Campus\">Level B.2.1. Elche Campus<\/option><option value=\"Level B.2.1. Sant Joan Campus\">Level B.2.1. Sant Joan Campus<\/option><\/select><\/span><\/td>\n<\/tr>\n<tr>\n<td>Family name (*):<\/td>\n<td>\n    <span class=\"wpcf7-form-control-wrap your-name\"><input type=\"text\" name=\"your-name\" value=\"\" size=\"40\" class=\"wpcf7-form-control wpcf7-text wpcf7-validates-as-required\" aria-required=\"true\" aria-invalid=\"false\" \/><\/span> <\/td>\n<\/tr>\n<tr>\n<td>First name(*):<\/td>\n<td>\n    <span class=\"wpcf7-form-control-wrap first-name\"><input type=\"text\" name=\"first-name\" value=\"\" size=\"40\" class=\"wpcf7-form-control wpcf7-text wpcf7-validates-as-required\" aria-required=\"true\" aria-invalid=\"false\" \/><\/span> <\/td>\n<\/tr>\n<tr>\n<td>Passport number:<\/td>\n<td>\n<span class=\"wpcf7-form-control-wrap Passportnumber\"><input type=\"number\" name=\"Passportnumber\" value=\"\" class=\"wpcf7-form-control wpcf7-number wpcf7-validates-as-number\" aria-invalid=\"false\" \/><\/span><\/td>\n<\/tr>\n<tr>\n<td>Birth date:<\/td>\n<td>\n<span class=\"wpcf7-form-control-wrap fecha\"><input type=\"text\" name=\"fecha\" value=\"\" size=\"40\" class=\"wpcf7-form-control wpcf7-text wpcf7-validates-as-required\" aria-required=\"true\" aria-invalid=\"false\" \/><\/span><\/td>\n<\/tr>\n<tr>\n<td>Your Email (*):<\/td>\n<td>\n    <span class=\"wpcf7-form-control-wrap your-email\"><input type=\"email\" name=\"your-email\" value=\"\" size=\"40\" class=\"wpcf7-form-control wpcf7-text wpcf7-email wpcf7-validates-as-required wpcf7-validates-as-email\" aria-required=\"true\" aria-invalid=\"false\" \/><\/span> <\/td>\n<\/tr>\n<tr>\n<td>Phone:<\/td>\n<td>\n<span class=\"wpcf7-form-control-wrap tel-947\"><input type=\"tel\" name=\"tel-947\" value=\"\" size=\"40\" class=\"wpcf7-form-control wpcf7-text wpcf7-tel wpcf7-validates-as-tel\" aria-invalid=\"false\" \/><\/span><\/td>\n<\/tr>\n<tr>\n<td>Observaciones:<\/td>\n<td>\n    <span class=\"wpcf7-form-control-wrap your-message\"><textarea name=\"your-message\" cols=\"40\" rows=\"10\" class=\"wpcf7-form-control wpcf7-textarea\" aria-invalid=\"false\"><\/textarea><\/span> <\/td>\n<\/tr>\n<tr colspan=\"2\">\n<td  colspan=\"2\">\n<span class=\"wpcf7-form-control-wrap recaptcha\" data-name=\"recaptcha\"><span data-sitekey=\"6LeuwNIqAAAAADJJzruAdMdG26PHcgNP_SeG-JjN\" class=\"wpcf7-form-control g-recaptcha wpcf7-recaptcha\"><\/span>\r\n<noscript>\r\n\t<div class=\"grecaptcha-noscript\">\r\n\t\t<iframe src=\"https:\/\/www.google.com\/recaptcha\/api\/fallback?k=6LeuwNIqAAAAADJJzruAdMdG26PHcgNP_SeG-JjN\" frameborder=\"0\" scrolling=\"no\" width=\"310\" height=\"430\">\r\n\t\t<\/iframe>\r\n\t\t<textarea name=\"g-recaptcha-response\" rows=\"3\" cols=\"40\" placeholder=\"reCaptcha Response Here\">\r\n\t\t<\/textarea>\r\n\t<\/div>\r\n<\/noscript>\r\n<\/span>\n<\/td>\n<\/tr>\n<tr>\n<td colspan=\"2\"><input type=\"submit\" value=\"Send\" class=\"wpcf7-form-control has-spinner wpcf7-submit\" \/><\/td>\n<\/tr>\n<\/table>\n<div class=\"wpcf7-response-output\" aria-hidden=\"true\"><\/div><\/form><\/div><br \/>\n(*) National identity card number (for EU citizens) or Passport number (for non-EU citizens or when ID card is not compulsory in an EU country)<\/p>\n<p>Follow us&nbsp;<a href=\"https:\/\/www.facebook.com\/pages\/ORI-UMH\/188723034499715\"><img loading=\"lazy\" title=\"facebook\" src=\"https:\/\/internacional.umh.es\/files\/2013\/01\/facebook.png\" alt=\"\" width=\"20\" height=\"20\"><\/a><\/p>","protected":false},"excerpt":{"rendered":"<p>INTENSIVE SPANISH COURSES. SEPTEMBER 3 to 19<br \/>\nThe Miguel Hern\u00e1ndez University of Elche organizes intensive Spanish language courses for incoming students during September before the start of the academic year.<br \/>\nThose&nbsp;50-hour courses&nbsp;start on the September 3rd&nbsp;and end on september 19th 2014.<br \/>\nElche Campus Courses<\/p>\n<p>Level B1.1<\/p>\n<p>From September 3rd &nbsp;to 18th<br \/>\nMonday to Friday: 10:00 am \u2013 2:00 pm (4 hours [&#8230;]<\/p>\n","protected":false},"author":30,"featured_media":0,"parent":0,"menu_order":2,"comment_status":"closed","ping_status":"closed","template":"","meta":{"ngg_post_thumbnail":0,"_links_to":"","_links_to_target":""},"yoast_head":"<!-- This site is optimized with the Yoast SEO plugin v17.5 - https:\/\/yoast.com\/wordpress\/plugins\/seo\/ -->\n<meta name=\"robots\" content=\"index, follow, max-snippet:-1, max-image-preview:large, max-video-preview:-1\" \/>\n<link rel=\"canonical\" href=\"https:\/\/internacional.umh.es\/ca\/intensivo\/\" \/>\n<meta property=\"og:locale\" content=\"ca_ES\" \/>\n<meta property=\"og:type\" content=\"article\" \/>\n<meta property=\"og:title\" content=\"IntensivoIntensive course - Internacionalitzaci\u00f3 i Cooperaci\u00f3\" \/>\n<meta property=\"og:description\" content=\"INTENSIVE SPANISH COURSES. SEPTEMBER 3 to 19 The Miguel Hern\u00e1ndez University of Elche organizes intensive Spanish language courses for incoming students during September before the start of the academic year. Those&nbsp;50-hour courses&nbsp;start on the September 3rd&nbsp;and end on september 19th 2014. Elche Campus Courses Level B1.1 From September 3rd &nbsp;to 18th Monday to Friday: 10:00 am \u2013 2:00 pm (4 hours [...]\" \/>\n<meta property=\"og:url\" content=\"https:\/\/internacional.umh.es\/intensivo\/\" \/>\n<meta property=\"og:site_name\" content=\"Internacionalitzaci\u00f3 i Cooperaci\u00f3\" \/>\n<meta property=\"article:modified_time\" content=\"2019-07-03T12:01:50+00:00\" \/>\n<meta property=\"og:image\" content=\"https:\/\/internacional.umh.es\/files\/2013\/01\/facebook.png\" \/>\n<meta name=\"twitter:card\" content=\"summary_large_image\" \/>\n<meta name=\"twitter:label1\" content=\"Est. reading time\" \/>\n\t<meta name=\"twitter:data1\" content=\"5 minuts\" \/>\n<script type=\"application\/ld+json\" class=\"yoast-schema-graph\">{\"@context\":\"https:\/\/schema.org\",\"@graph\":[{\"@type\":\"WebSite\",\"@id\":\"https:\/\/internacional.umh.es\/en\/#website\",\"url\":\"https:\/\/internacional.umh.es\/en\/\",\"name\":\"Internacionalitzaci\\u00f3 i Cooperaci\\u00f3\",\"description\":\"Universitat Miguel Hern\\u00e1ndez d&#039;Elx\",\"potentialAction\":[{\"@type\":\"SearchAction\",\"target\":{\"@type\":\"EntryPoint\",\"urlTemplate\":\"https:\/\/internacional.umh.es\/en\/?s={search_term_string}\"},\"query-input\":\"required name=search_term_string\"}],\"inLanguage\":\"ca\"},{\"@type\":\"ImageObject\",\"@id\":\"https:\/\/internacional.umh.es\/intensivo\/#primaryimage\",\"inLanguage\":\"ca\",\"url\":\"https:\/\/internacional.umh.es\/files\/2013\/01\/facebook.png\",\"contentUrl\":\"https:\/\/internacional.umh.es\/files\/2013\/01\/facebook.png\",\"width\":\"16\",\"height\":\"16\",\"caption\":\"Facebook icono\"},{\"@type\":\"WebPage\",\"@id\":\"https:\/\/internacional.umh.es\/intensivo\/#webpage\",\"url\":\"https:\/\/internacional.umh.es\/intensivo\/\",\"name\":\"IntensivoIntensive course - Internacionalitzaci\\u00f3 i Cooperaci\\u00f3\",\"isPartOf\":{\"@id\":\"https:\/\/internacional.umh.es\/en\/#website\"},\"primaryImageOfPage\":{\"@id\":\"https:\/\/internacional.umh.es\/intensivo\/#primaryimage\"},\"datePublished\":\"2014-04-29T11:33:09+00:00\",\"dateModified\":\"2019-07-03T12:01:50+00:00\",\"breadcrumb\":{\"@id\":\"https:\/\/internacional.umh.es\/intensivo\/#breadcrumb\"},\"inLanguage\":\"ca\",\"potentialAction\":[{\"@type\":\"ReadAction\",\"target\":[\"https:\/\/internacional.umh.es\/intensivo\/\"]}]},{\"@type\":\"BreadcrumbList\",\"@id\":\"https:\/\/internacional.umh.es\/intensivo\/#breadcrumb\",\"itemListElement\":[{\"@type\":\"ListItem\",\"position\":1,\"name\":\"Home\",\"item\":\"https:\/\/internacional.umh.es\/en\/\"},{\"@type\":\"ListItem\",\"position\":2,\"name\":\"Intensivo\"}]}]}<\/script>\n<!-- \/ Yoast SEO plugin. -->","yoast_head_json":{"robots":{"index":"index","follow":"follow","max-snippet":"max-snippet:-1","max-image-preview":"max-image-preview:large","max-video-preview":"max-video-preview:-1"},"canonical":"https:\/\/internacional.umh.es\/ca\/intensivo\/","og_locale":"ca_ES","og_type":"article","og_title":"IntensivoIntensive course - Internacionalitzaci\u00f3 i Cooperaci\u00f3","og_description":"INTENSIVE SPANISH COURSES. SEPTEMBER 3 to 19 The Miguel Hern\u00e1ndez University of Elche organizes intensive Spanish language courses for incoming students during September before the start of the academic year. Those&nbsp;50-hour courses&nbsp;start on the September 3rd&nbsp;and end on september 19th 2014. Elche Campus Courses Level B1.1 From September 3rd &nbsp;to 18th Monday to Friday: 10:00 am \u2013 2:00 pm (4 hours [...]","og_url":"https:\/\/internacional.umh.es\/intensivo\/","og_site_name":"Internacionalitzaci\u00f3 i Cooperaci\u00f3","article_modified_time":"2019-07-03T12:01:50+00:00","og_image":[{"url":"https:\/\/internacional.umh.es\/files\/2013\/01\/facebook.png"}],"twitter_card":"summary_large_image","twitter_misc":{"Est. reading time":"5 minuts"},"schema":{"@context":"https:\/\/schema.org","@graph":[{"@type":"WebSite","@id":"https:\/\/internacional.umh.es\/en\/#website","url":"https:\/\/internacional.umh.es\/en\/","name":"Internacionalitzaci\u00f3 i Cooperaci\u00f3","description":"Universitat Miguel Hern\u00e1ndez d&#039;Elx","potentialAction":[{"@type":"SearchAction","target":{"@type":"EntryPoint","urlTemplate":"https:\/\/internacional.umh.es\/en\/?s={search_term_string}"},"query-input":"required name=search_term_string"}],"inLanguage":"ca"},{"@type":"ImageObject","@id":"https:\/\/internacional.umh.es\/intensivo\/#primaryimage","inLanguage":"ca","url":"https:\/\/internacional.umh.es\/files\/2013\/01\/facebook.png","contentUrl":"https:\/\/internacional.umh.es\/files\/2013\/01\/facebook.png","width":"16","height":"16","caption":"Facebook icono"},{"@type":"WebPage","@id":"https:\/\/internacional.umh.es\/intensivo\/#webpage","url":"https:\/\/internacional.umh.es\/intensivo\/","name":"IntensivoIntensive course - Internacionalitzaci\u00f3 i Cooperaci\u00f3","isPartOf":{"@id":"https:\/\/internacional.umh.es\/en\/#website"},"primaryImageOfPage":{"@id":"https:\/\/internacional.umh.es\/intensivo\/#primaryimage"},"datePublished":"2014-04-29T11:33:09+00:00","dateModified":"2019-07-03T12:01:50+00:00","breadcrumb":{"@id":"https:\/\/internacional.umh.es\/intensivo\/#breadcrumb"},"inLanguage":"ca","potentialAction":[{"@type":"ReadAction","target":["https:\/\/internacional.umh.es\/intensivo\/"]}]},{"@type":"BreadcrumbList","@id":"https:\/\/internacional.umh.es\/intensivo\/#breadcrumb","itemListElement":[{"@type":"ListItem","position":1,"name":"Home","item":"https:\/\/internacional.umh.es\/en\/"},{"@type":"ListItem","position":2,"name":"Intensivo"}]}]}},"_links":{"self":[{"href":"https:\/\/internacional.umh.es\/ca\/wp-json\/wp\/v2\/pages\/1448"}],"collection":[{"href":"https:\/\/internacional.umh.es\/ca\/wp-json\/wp\/v2\/pages"}],"about":[{"href":"https:\/\/internacional.umh.es\/ca\/wp-json\/wp\/v2\/types\/page"}],"author":[{"embeddable":true,"href":"https:\/\/internacional.umh.es\/ca\/wp-json\/wp\/v2\/users\/30"}],"replies":[{"embeddable":true,"href":"https:\/\/internacional.umh.es\/ca\/wp-json\/wp\/v2\/comments?post=1448"}],"version-history":[{"count":0,"href":"https:\/\/internacional.umh.es\/ca\/wp-json\/wp\/v2\/pages\/1448\/revisions"}],"wp:attachment":[{"href":"https:\/\/internacional.umh.es\/ca\/wp-json\/wp\/v2\/media?parent=1448"}],"curies":[{"name":"wp","href":"https:\/\/api.w.org\/{rel}","templated":true}]}}