{"id":1456,"date":"2013-09-19T09:39:41","date_gmt":"2013-09-19T07:39:41","guid":{"rendered":"http:\/\/internacional.umh.es\/?page_id=1456"},"modified":"2024-04-18T13:25:41","modified_gmt":"2024-04-18T11:25:41","slug":"visado","status":"publish","type":"page","link":"https:\/\/internacional.umh.es\/ca\/incoming\/welcome-office\/visado\/","title":{"rendered":"Visat i autoritzaci\u00f3 d&#8217;estada"},"content":{"rendered":"<p><img loading=\"lazy\" class=\"size-medium wp-image-26894 alignleft\" title=\"Els futurs alumnes Erasmus hauran de sol\u00b7licitar el visat (abans de viatjar a Espanya)\" src=\"https:\/\/internacional.umh.es\/files\/2022\/06\/passport-6545010_1280-300x200.jpg\" alt=\"Passaport vissat franc\u00e9s maleta\" width=\"270\" height=\"180\" srcset=\"https:\/\/internacional.umh.es\/files\/2022\/06\/passport-6545010_1280-300x200.jpg 300w, https:\/\/internacional.umh.es\/files\/2022\/06\/passport-6545010_1280-1024x682.jpg 1024w, https:\/\/internacional.umh.es\/files\/2022\/06\/passport-6545010_1280-768x512.jpg 768w, https:\/\/internacional.umh.es\/files\/2022\/06\/passport-6545010_1280.jpg 1280w\" sizes=\"(max-width: 270px) 100vw, 270px\" \/><\/p>\n<p style=\"text-align: justify\">Hauran de sol\u00b7licitar el visat (abans de viatjar a Espanya) i posteriorment l&#8217;autoritzaci\u00f3 d&#8217;estada (en arribar a Espanya), els ciutadans estrangers que hagen sigut autoritzats a romandre a Espanya per un per\u00edode superior a 90 dies amb la fi \u00fanica o principal de dur a terme alguna de les seg\u00fcents activitats de car\u00e0cter no laboral:<\/p>\n<ul>\n<li>Realitzaci\u00f3 o ampliaci\u00f3 d&#8217;estudis en un centre d&#8217;ensenyament autoritzat a Espanya, en un programa de temps complet, que condu\u00efsca a l&#8217;obtenci\u00f3 d&#8217;un t\u00edtol o certificat d&#8217;estudis.<\/li>\n<li>Realitzaci\u00f3 d&#8217;activitats d&#8217;investigaci\u00f3 o formaci\u00f3, sense perjudici del r\u00e8gim especial d&#8217;investigadors.<\/li>\n<li>Participaci\u00f3 en un programa de mobilitat d&#8217;alumnes, per a seguir un programa d&#8217;ensenyament secundari i\/o batxillerat en un centre docent o cient\u00edfic oficialment reconegut.<\/li>\n<li>Realitzaci\u00f3 de pr\u00e0ctiques no laborals en un organisme o entitat p\u00fablica o privada o un centre de formaci\u00f3 professional reconegut oficialment, en el marc d&#8217;un conveni elaborat a tal fi.<\/li>\n<li>Prestaci\u00f3 d&#8217;un servei de voluntariat dins d&#8217;un programa que perseguisca objectius d&#8217;inter\u00e9s general.<\/li>\n<\/ul>\n<p style=\"text-align: justify\"><span style=\"text-align: justify\">Els estudiants procedents dels pa\u00efsos que apareixen a continuaci\u00f3, no necessitaran visat SEMPRE QUE LA SEUA ESTADA DURE MENYS DE 90 DIES. <\/span><\/p>\n<ul>\n<li>Europa: Andorra, M\u00f2naco, San Marino, Santa Seu.<\/li>\n<li>Am\u00e8rica del Nord: els Estats Units i el Canad\u00e0.<\/li>\n<li style=\"text-align: justify\">Sud-am\u00e8rica: l&#8217;Argentina, Bol\u00edvia, el Brasil, Xile, El Salvador, Guatemala, Hondures, M\u00e8xic, Nicaragua, Panam\u00e0, Paraguai, l&#8217;Uruguai i Vene\u00e7uela.<\/li>\n<li style=\"text-align: justify\">Altres: Austr\u00e0lia, Brunei Darussalam, Rep\u00fablica de Corea, Israel, el Jap\u00f3, Mal\u00e0isia, Nova Zelanda, Singapur.<\/li>\n<\/ul>\n<p style=\"text-align: justify\">Si l&#8217;estada a Espanya superar\u00e0 els 180 dies, els estudiants hauran de sol\u00b7licitar un Visat d&#8217;Estudiant i, una vegada a Espanya, hauran de sol\u00b7licitar l&#8217;Autoritzaci\u00f3 d&#8217;estada per estudis, abans que es complisquen 90 dies des de la seua arribada.<\/p>\n<p style=\"text-align: justify\">Si l&#8217;estada a Espanya ser\u00e0 entre 90 i 180 dies, els estudiants hauran de sol\u00b7licitar un Visat d&#8217;Estudiant per\u00f2 no ser\u00e0 necessari sol\u00b7licitar l&#8217;Autoritzaci\u00f3 d&#8217;estada per estudis una vegada arribats a Espanya, ser\u00e0 suficient amb el Visat d&#8217;Estudiant.\u201d<\/p>\n<p style=\"text-align: justify\">Els estudiants procedents de pa\u00efsos que no apareixen en el llistat anterior, hauran de sol\u00b7licitar un Visat d&#8217;Estudiant i, una vegada a Espanya, hauran de sol\u00b7licitar l&#8217;Autoritzaci\u00f3 d&#8217;estada per estudis, abans que es complisquen 90 dies des de la seua arribada.<\/p>\n<hr>\n<h2><strong>Visat<\/strong><\/h2>\n<p style=\"text-align: justify\">Se sol\u00b7licita, exclusivament, en l&#8217;Ambaixada d&#8217;Espanya del pa\u00eds de resid\u00e8ncia o en la Missi\u00f3 Diplom\u00e0tica existent. L&#8217;estudiant interessat haur\u00e0 d&#8217;informar-se del termini necessari per a obtindre el seu visat, a fi de poder obtindre-ho a temps abans de realitzar el seu viatge.<\/p>\n<p style=\"text-align: justify\">Els documents sol\u00b7licitats s\u00f3n:<\/p>\n<ul>\n<li style=\"text-align: justify\">El formulari degudament emplenat en maj\u00fascules (s&#8217;obt\u00e9 en la pr\u00f2pia ambaixada o Consolat).<\/li>\n<li style=\"text-align: justify\">4 fotografies recents grand\u00e0ria passaport, adherides a les 4 fulles del formulari.<\/li>\n<li style=\"text-align: justify\">Passaport amb una vig\u00e8ncia m\u00ednima de 120 dies (original i 1 fotoc\u00f2pia de les 3 primeres p\u00e0gines, i de la p\u00e0gina on conste la renovaci\u00f3 si escau).<\/li>\n<li style=\"text-align: justify\">Documentaci\u00f3 (original i 1 fotoc\u00f2pia) que acredite el compliment dels seg\u00fcents requisits:\n<ul>\n<li style=\"text-align: justify\">Haver sigut reglament\u00e0riament adm\u00e9s i preinscrit en ferm com a alumne, estudiant o investigador, en un centre o establiment p\u00fablic o privat, autoritzat o reconegut per l&#8217;Administraci\u00f3 competent, on haur\u00e0 de cursar els seus estudis o realitzar la seua investigaci\u00f3 com a activitat principal, amb un horari que implique assist\u00e8ncia i durant un per\u00edode no inferior a tres mesos, conformement al pla d&#8217;estudis o investigaci\u00f3 aprovat.<\/li>\n<li style=\"text-align: justify\">Tindre garantits els mitjans econ\u00f2mics necessaris per a sufragar el cost dels seus estudis, aix\u00ed com les despeses d&#8217;estada i retorn al seu pa\u00eds (estalvis, concessi\u00f3 de cr\u00e8dit, suport dels pares o tutors, etc., acreditats mitjan\u00e7ant extractes de comptes bancaris, dep\u00f2sits a termini, boletas de pagament, etc.) o b\u00e9 la carta de nomenament de becari on figuren les condicions econ\u00f2miques de la beca obtinguda.<\/li>\n<li style=\"text-align: justify\">Disposar de cobertura d&#8217;asseguran\u00e7a m\u00e8dica.<\/li>\n<li style=\"text-align: justify\">Certificat m\u00e8dic per un professional habilitat per l&#8217;ambaixada o consolat.<\/li>\n<li style=\"text-align: justify\">Certificat d&#8217;Antecedents Penals.<\/li>\n<\/ul>\n<\/li>\n<\/ul>\n<p style=\"text-align: justify\">Recomanem comprovar aquest llistat amb l&#8217;Ambaixada d&#8217;Espanya corresponent per si s&#8217;hagueren introdu\u00eft canvis en els documents a presentar.<\/p>\n<p style=\"text-align: justify\">Una vegada a Espanya i ABANS QUE TRANSC\u00d3RREGUEN ELS 90 DIES, han d&#8217;acudir a <a href=\"http:\/\/www.consultor.com\/oue\/\" target=\"_blank\" title=\"Ho veur\u00e0s en una nova finestra\" rel=\"noopener noreferrer\">l&#8217;Oficina  d&#8217;Estrangeria d&#8217;Alacant<\/a> i presentar la documentaci\u00f3 necess\u00e0ria per a l&#8217;obtenci\u00f3 de l&#8217;Autoritzaci\u00f3 d&#8217;estada per estudis.<\/p>\n<p><strong>L&#8217;Oficina d&#8217;Estrangeria<\/strong> d&#8217;Alacant es troba en:<br \/>\nCarrer de l&#8217;Ebenisteria, 4 &#8211; 6.<br \/>\n03008 d&#8217;Alacant<br \/>\nTel\u00e8fon: (+ 34) 965 01 93 00<br \/>\n<a href=\"http:\/\/www.consultor.com\/oue\/\" target=\"_blank\" title=\"Ho veur\u00e0s en una nova finestra\" rel=\"noopener noreferrer\"><strong>consultor.com\/oue<\/strong><\/a><\/p>\n<hr>\n<h3><strong>Autoritzaci\u00f3 d&#8217;estada per estudis<\/strong><\/h3>\n<p>La documentaci\u00f3 a presentar en <a href=\"http:\/\/www.consultor.com\/oue\/\" target=\"_blank\" title=\"Ho veur\u00e0s en una nova finestra\" rel=\"noopener noreferrer\">l&#8217;Oficina d&#8217;Estrangeria d&#8217;Alacant<\/a> \u00e9s la seg\u00fcent:<\/p>\n<ol>\n<li><a href=\"https:\/\/internacional.umh.es\/?attachment_id=1458\" target=\"_blank\" title=\"Ho veur\u00e0s en una nova finestra\" rel=\"noopener noreferrer\"><strong>Sol\u00b7licitud oficial d&#8217;estada a Espanya disponible (256Kb Castell\u00e0 .pdf)<\/strong><\/a><\/li>\n<li>Fotoc\u00f2pia del passaport.<\/li>\n<li>Fotoc\u00f2pia del Visat (tipus D).<\/li>\n<li>Carta de matr\u00edcula en el curs (facilita Centre Superior d&#8217;Idiomes, S\u00f2crates, Facultat o el CEDIP &#8220;Centre d&#8217;Estudis de Doctorat i Postgrau&#8221;).<\/li>\n<li style=\"text-align: justify\">Garantia de mitjans econ\u00f2mics: certificat bancari, fotoc\u00f2pia de la targeta de cr\u00e8dit, fotocopia xec de viatge, carta dels pares que van presentar en el consolat, paper de la beca.<\/li>\n<li>Dues fotografies en color i sobre fons blanc.<\/li>\n<li>Garantia d&#8217;assist\u00e8ncia sanit\u00e0ria, c\u00f2pia de la targeta de l&#8217;asseguran\u00e7a.<\/li>\n<\/ol>\n<p style=\"text-align: justify\">L&#8217;Oficina d&#8217;Estrangers d&#8217;Alacant concedir\u00e0 una targeta pel per\u00edode del curs. En cas que despr\u00e9s continue els seus estudis durant un altre per\u00edode m\u00e9s, haur\u00e0 de renovar-se l&#8217;Autoritzaci\u00f3 d&#8217;Estada per Estudis demostrant el correcte aprofitament del curs anterior i mostrant la inscripci\u00f3 o matr\u00edcula del seg\u00fcent curs.<\/p>\n<ul>\n<li><a title=\"Obrir el lloc web del Ministeri de l'Interior en una nova finestra\" href=\"http:\/\/www.interior.gob.es\/web\/servicios-al-ciudadano\/extranjeria\" target=\"_blank\" rel=\"noopener noreferrer\">M\u00e9s informaci\u00f3 en la web del Ministeri de l&#8217;Interior<\/a><\/li>\n<\/ul>\n<p><\/p>","protected":false},"excerpt":{"rendered":"<p>Hauran de sol\u00b7licitar el visat (abans de viatjar a Espanya) i posteriorment l&#8217;autoritzaci\u00f3 d&#8217;estada (en arribar a Espanya), els ciutadans estrangers que hagen sigut autoritzats a romandre a Espanya per un per\u00edode superior a 90 dies amb la fi \u00fanica o principal de dur a terme alguna de les seg\u00fcents activitats de car\u00e0cter no laboral:<\/p>\n<p>Realitzaci\u00f3 [&#8230;]<\/p>\n","protected":false},"author":30,"featured_media":0,"parent":15497,"menu_order":5,"comment_status":"closed","ping_status":"closed","template":"","meta":{"ngg_post_thumbnail":0,"_links_to":"","_links_to_target":""},"yoast_head":"<!-- This site is optimized with the Yoast SEO plugin v17.5 - https:\/\/yoast.com\/wordpress\/plugins\/seo\/ -->\n<meta name=\"description\" content=\"Extranjeros autorizados a permanecer en Espa\u00f1a m\u00e1s de 90 d\u00edas deber\u00e1n solicitar visado antes de su viaje y posterior autorizaci\u00f3n de estancia\" \/>\n<meta name=\"robots\" content=\"index, follow, max-snippet:-1, max-image-preview:large, max-video-preview:-1\" \/>\n<link rel=\"canonical\" href=\"https:\/\/internacional.umh.es\/ca\/incoming\/welcome-office\/visado\/\" \/>\n<meta property=\"og:locale\" content=\"ca_ES\" \/>\n<meta property=\"og:type\" content=\"article\" \/>\n<meta property=\"og:title\" content=\"Visat i autoritzaci\u00f3 d&#039;estada - Internacionalitzaci\u00f3 i Cooperaci\u00f3\" \/>\n<meta property=\"og:description\" content=\"Extranjeros autorizados a permanecer en Espa\u00f1a m\u00e1s de 90 d\u00edas deber\u00e1n solicitar visado antes de su viaje y posterior autorizaci\u00f3n de estancia\" \/>\n<meta property=\"og:url\" content=\"https:\/\/internacional.umh.es\/incoming\/welcome-office\/visado\/\" \/>\n<meta property=\"og:site_name\" content=\"Internacionalitzaci\u00f3 i Cooperaci\u00f3\" \/>\n<meta property=\"article:modified_time\" content=\"2024-04-18T11:25:41+00:00\" \/>\n<meta property=\"og:image\" content=\"https:\/\/internacional.umh.es\/files\/2022\/06\/passport-6545010_1280-300x200.jpg\" \/>\n<meta name=\"twitter:card\" content=\"summary_large_image\" \/>\n<meta name=\"twitter:label1\" content=\"Est. reading time\" \/>\n\t<meta name=\"twitter:data1\" content=\"5 minuts\" \/>\n<script type=\"application\/ld+json\" class=\"yoast-schema-graph\">{\"@context\":\"https:\/\/schema.org\",\"@graph\":[{\"@type\":\"WebSite\",\"@id\":\"https:\/\/internacional.umh.es\/en\/#website\",\"url\":\"https:\/\/internacional.umh.es\/en\/\",\"name\":\"Internacionalitzaci\\u00f3 i Cooperaci\\u00f3\",\"description\":\"Universitat Miguel Hern\\u00e1ndez d&#039;Elx\",\"potentialAction\":[{\"@type\":\"SearchAction\",\"target\":{\"@type\":\"EntryPoint\",\"urlTemplate\":\"https:\/\/internacional.umh.es\/en\/?s={search_term_string}\"},\"query-input\":\"required name=search_term_string\"}],\"inLanguage\":\"ca\"},{\"@type\":\"ImageObject\",\"@id\":\"https:\/\/internacional.umh.es\/incoming\/welcome-office\/visado\/#primaryimage\",\"inLanguage\":\"ca\",\"url\":\"https:\/\/internacional.umh.es\/files\/2022\/06\/passport-6545010_1280.jpg\",\"contentUrl\":\"https:\/\/internacional.umh.es\/files\/2022\/06\/passport-6545010_1280.jpg\",\"width\":1280,\"height\":853,\"caption\":\"Pasaporte franc\\u00e9s maleta\"},{\"@type\":\"WebPage\",\"@id\":\"https:\/\/internacional.umh.es\/incoming\/welcome-office\/visado\/#webpage\",\"url\":\"https:\/\/internacional.umh.es\/incoming\/welcome-office\/visado\/\",\"name\":\"Visat i autoritzaci\\u00f3 d'estada - Internacionalitzaci\\u00f3 i Cooperaci\\u00f3\",\"isPartOf\":{\"@id\":\"https:\/\/internacional.umh.es\/en\/#website\"},\"primaryImageOfPage\":{\"@id\":\"https:\/\/internacional.umh.es\/incoming\/welcome-office\/visado\/#primaryimage\"},\"datePublished\":\"2013-09-19T07:39:41+00:00\",\"dateModified\":\"2024-04-18T11:25:41+00:00\",\"description\":\"Extranjeros autorizados a permanecer en Espa\\u00f1a m\\u00e1s de 90 d\\u00edas deber\\u00e1n solicitar visado antes de su viaje y posterior autorizaci\\u00f3n de estancia\",\"breadcrumb\":{\"@id\":\"https:\/\/internacional.umh.es\/incoming\/welcome-office\/visado\/#breadcrumb\"},\"inLanguage\":\"ca\",\"potentialAction\":[{\"@type\":\"ReadAction\",\"target\":[\"https:\/\/internacional.umh.es\/incoming\/welcome-office\/visado\/\"]}]},{\"@type\":\"BreadcrumbList\",\"@id\":\"https:\/\/internacional.umh.es\/incoming\/welcome-office\/visado\/#breadcrumb\",\"itemListElement\":[{\"@type\":\"ListItem\",\"position\":1,\"name\":\"Home\",\"item\":\"https:\/\/internacional.umh.es\/en\/\"},{\"@type\":\"ListItem\",\"position\":2,\"name\":\"INCOMING\",\"item\":\"https:\/\/internacional.umh.es\/incoming\/\"},{\"@type\":\"ListItem\",\"position\":3,\"name\":\"Welcome Office\",\"item\":\"https:\/\/internacional.umh.es\/incoming\/welcome-office\/\"},{\"@type\":\"ListItem\",\"position\":4,\"name\":\"Visado y autorizaci\\u00f3n de estancia\"}]}]}<\/script>\n<!-- \/ Yoast SEO plugin. -->","yoast_head_json":{"description":"Extranjeros autorizados a permanecer en Espa\u00f1a m\u00e1s de 90 d\u00edas deber\u00e1n solicitar visado antes de su viaje y posterior autorizaci\u00f3n de estancia","robots":{"index":"index","follow":"follow","max-snippet":"max-snippet:-1","max-image-preview":"max-image-preview:large","max-video-preview":"max-video-preview:-1"},"canonical":"https:\/\/internacional.umh.es\/ca\/incoming\/welcome-office\/visado\/","og_locale":"ca_ES","og_type":"article","og_title":"Visat i autoritzaci\u00f3 d'estada - Internacionalitzaci\u00f3 i Cooperaci\u00f3","og_description":"Extranjeros autorizados a permanecer en Espa\u00f1a m\u00e1s de 90 d\u00edas deber\u00e1n solicitar visado antes de su viaje y posterior autorizaci\u00f3n de estancia","og_url":"https:\/\/internacional.umh.es\/incoming\/welcome-office\/visado\/","og_site_name":"Internacionalitzaci\u00f3 i Cooperaci\u00f3","article_modified_time":"2024-04-18T11:25:41+00:00","og_image":[{"url":"https:\/\/internacional.umh.es\/files\/2022\/06\/passport-6545010_1280-300x200.jpg"}],"twitter_card":"summary_large_image","twitter_misc":{"Est. reading time":"5 minuts"},"schema":{"@context":"https:\/\/schema.org","@graph":[{"@type":"WebSite","@id":"https:\/\/internacional.umh.es\/en\/#website","url":"https:\/\/internacional.umh.es\/en\/","name":"Internacionalitzaci\u00f3 i Cooperaci\u00f3","description":"Universitat Miguel Hern\u00e1ndez d&#039;Elx","potentialAction":[{"@type":"SearchAction","target":{"@type":"EntryPoint","urlTemplate":"https:\/\/internacional.umh.es\/en\/?s={search_term_string}"},"query-input":"required name=search_term_string"}],"inLanguage":"ca"},{"@type":"ImageObject","@id":"https:\/\/internacional.umh.es\/incoming\/welcome-office\/visado\/#primaryimage","inLanguage":"ca","url":"https:\/\/internacional.umh.es\/files\/2022\/06\/passport-6545010_1280.jpg","contentUrl":"https:\/\/internacional.umh.es\/files\/2022\/06\/passport-6545010_1280.jpg","width":1280,"height":853,"caption":"Pasaporte franc\u00e9s maleta"},{"@type":"WebPage","@id":"https:\/\/internacional.umh.es\/incoming\/welcome-office\/visado\/#webpage","url":"https:\/\/internacional.umh.es\/incoming\/welcome-office\/visado\/","name":"Visat i autoritzaci\u00f3 d'estada - Internacionalitzaci\u00f3 i Cooperaci\u00f3","isPartOf":{"@id":"https:\/\/internacional.umh.es\/en\/#website"},"primaryImageOfPage":{"@id":"https:\/\/internacional.umh.es\/incoming\/welcome-office\/visado\/#primaryimage"},"datePublished":"2013-09-19T07:39:41+00:00","dateModified":"2024-04-18T11:25:41+00:00","description":"Extranjeros autorizados a permanecer en Espa\u00f1a m\u00e1s de 90 d\u00edas deber\u00e1n solicitar visado antes de su viaje y posterior autorizaci\u00f3n de estancia","breadcrumb":{"@id":"https:\/\/internacional.umh.es\/incoming\/welcome-office\/visado\/#breadcrumb"},"inLanguage":"ca","potentialAction":[{"@type":"ReadAction","target":["https:\/\/internacional.umh.es\/incoming\/welcome-office\/visado\/"]}]},{"@type":"BreadcrumbList","@id":"https:\/\/internacional.umh.es\/incoming\/welcome-office\/visado\/#breadcrumb","itemListElement":[{"@type":"ListItem","position":1,"name":"Home","item":"https:\/\/internacional.umh.es\/en\/"},{"@type":"ListItem","position":2,"name":"INCOMING","item":"https:\/\/internacional.umh.es\/incoming\/"},{"@type":"ListItem","position":3,"name":"Welcome Office","item":"https:\/\/internacional.umh.es\/incoming\/welcome-office\/"},{"@type":"ListItem","position":4,"name":"Visado y autorizaci\u00f3n de estancia"}]}]}},"_links":{"self":[{"href":"https:\/\/internacional.umh.es\/ca\/wp-json\/wp\/v2\/pages\/1456"}],"collection":[{"href":"https:\/\/internacional.umh.es\/ca\/wp-json\/wp\/v2\/pages"}],"about":[{"href":"https:\/\/internacional.umh.es\/ca\/wp-json\/wp\/v2\/types\/page"}],"author":[{"embeddable":true,"href":"https:\/\/internacional.umh.es\/ca\/wp-json\/wp\/v2\/users\/30"}],"replies":[{"embeddable":true,"href":"https:\/\/internacional.umh.es\/ca\/wp-json\/wp\/v2\/comments?post=1456"}],"version-history":[{"count":0,"href":"https:\/\/internacional.umh.es\/ca\/wp-json\/wp\/v2\/pages\/1456\/revisions"}],"up":[{"embeddable":true,"href":"https:\/\/internacional.umh.es\/ca\/wp-json\/wp\/v2\/pages\/15497"}],"wp:attachment":[{"href":"https:\/\/internacional.umh.es\/ca\/wp-json\/wp\/v2\/media?parent=1456"}],"curies":[{"name":"wp","href":"https:\/\/api.w.org\/{rel}","templated":true}]}}