{"id":14678,"date":"2020-02-24T12:43:16","date_gmt":"2020-02-24T11:43:16","guid":{"rendered":"https:\/\/internacional.umh.es\/?page_id=14678"},"modified":"2025-07-29T10:27:48","modified_gmt":"2025-07-29T08:27:48","slug":"programa-destino-iberoamerica-estud-de-grado-santander-universidades-2020-2021","status":"publish","type":"page","link":"https:\/\/internacional.umh.es\/ca\/movilidad\/estudiantes\/destino\/programa-destino-iberoamerica-estud-de-grado-santander-universidades-2020-2021\/","title":{"rendered":"Programa DESTINO \/ Iberoam\u00e8rica \u2013 Estud. de Grau \u2013 Santander Universitats 2020\/2021"},"content":{"rendered":"<p><a href=\"https:\/\/internacional.umh.es\/files\/2020\/02\/Definitiva.-GU\u00cdA-PARA-ESTUDIANTES-DEL-PROGRAMA-DESTINO-2020-2021.pdf\" target=\"_blank\" title=\"Ho veur\u00e0s en una nova finestra\" rel=\"noopener noreferrer\">Guia de bones pr\u00e0ctiques per a estudiants del Programa Destino (283Kb .pdf)<\/a><\/p>\n<p style=\"text-align: justify\"><span style=\"color: #ff0000\"><strong>NOU (07\/07\/2020)<\/strong>: <\/span>El Vicerectorat de Relacions Internacionals de la Universitat Miguel Hern\u00e1ndez (UMH) d&#8217;Elx publica l&#8217;adjudicaci\u00f3 definitiva de la convocat\u00f2ria de places i ajudes dins del <strong>programa de mobilitat internacional Destino-Iberoam\u00e8rica \u2013 Estudiants de Grau \u2013 Santander Universitats<\/strong>, per al curs <strong>2020\/2021.<\/strong><\/p>\n<p style=\"text-align: justify\"><a href=\"https:\/\/boumh.umh.es\/files\/2020\/07\/RR_00977_2020.pdf\" target=\"_blank\" title=\"Ho veur\u00e0s en una nova finestra\" rel=\"noopener noreferrer\">Consulta el llistat complet (299Kb .pdf)<\/a><\/p>\n<hr>\n<p style=\"text-align: justify\"><strong>Anterior (01\/06\/2020):<\/strong> Segons el Reial decret 537\/2020 de 22 de maig (Article 9), a partir de hui 1 de juny es reprenen els terminis administratius.<\/p>\n<p style=\"text-align: justify\">Els estudiants disposen d&#8217;un termini de 10 dies h\u00e0bils per a realitzar al\u00b7legacions, aix\u00ed com <strong>acceptar\/renunciar a la pla\u00e7a assignada<\/strong> a trav\u00e9s de la seu electr\u00f2nica de la UMH. El termini \u00e9s <strong>fins al 12 de juny<\/strong> de 2020.<\/p>\n<hr>\n<p style=\"text-align: justify\"><strong>Anterior (20\/04\/2020):<\/strong> El Vicerectorat de Relacions Internacionals de la Universitat Miguel Hern\u00e1ndez (UMH) d&#8217;Elx publica el llistat de sol\u00b7licituds admeses i excloses i el llistat provisional de beques assignades<strong> en la convocat\u00f2ria del Programa Destino Iberoam\u00e8rica-Estudiants de Grau- Santander Universitats per al curs 2020\/2021<\/strong>.<\/p>\n<ul style=\"text-align: justify\">\n<li><a href=\"https:\/\/internacional.umh.es\/files\/2020\/04\/Listado-definitivo-de-admitidos-y-excluidos.RE_2020_001_2225.pdf\" target=\"_blank\" title=\"Ho veur\u00e0s en una nova finestra\" rel=\"noopener noreferrer\">Llistat de sol\u00b7licituds admeses i excloses (698Kb Castell\u00e0 .pdf)<\/a><\/li>\n<li><a href=\"https:\/\/internacional.umh.es\/files\/2020\/04\/Listado-provisional-ayudas-asignadas.RE_2020_001_2229.pdf\" target=\"_blank\" title=\"Ho veur\u00e0s en una nova finestra\" rel=\"noopener noreferrer\">Llistat provisional de beques assignades (598Kb Castell\u00e0 .pdf)<\/a><\/li>\n<\/ul>\n<p style=\"text-align: justify\">Donada la situaci\u00f3 en la qual estem aquests moments i a tenor del que es disposa en el punt 1 de la <a href=\"https:\/\/www.boe.es\/buscar\/act.php?id=BOE-A-2020-3692#da-3\" target=\"_blank\" title=\"Ho veur\u00e0s en una nova finestra\" rel=\"noopener noreferrer\"><strong>disposici\u00f3 addicional tercera<\/strong><\/a> del <a href=\"https:\/\/www.boe.es\/buscar\/act.php?id=BOE-A-2020-3692\" target=\"_blank\" title=\"Ho veur\u00e0s en una nova finestra\" rel=\"noopener noreferrer\"><strong>Reial decret 463\/2020, de 14 de mar\u00e7, pel qual es declara l&#8217;estat d&#8217;alarma per a la gesti\u00f3 de la situaci\u00f3 de crisi sanit\u00e0ria ocasionada pel COVID-19<\/strong><\/a> se suspenen termes i s&#8217;interrompen els terminis per a la tramitaci\u00f3 dels procediments de les entitats del sector p\u00fablic. El c\u00f2mput dels terminis comen\u00e7ar\u00e0 a comptar en el moment en qu\u00e8 perda vig\u00e8ncia el present reial decret o, en el seu cas, les pr\u00f2rrogues d&#8217;aquest.<\/p>\n<p style=\"text-align: justify\"><strong>Us informem perqu\u00e8 que el normatiu termini de deu dies h\u00e0bils per a presentar Al\u00b7legacions i per a presentar l&#8217;acceptaci\u00f3\/ renuncia <u>no comen\u00e7ar\u00e0 fins que no finalitze el \u201cEstat d&#8217;Alarma\u201d<\/u>. Us avisarem a tots per email quan estiga el termini obert.<\/strong><\/p>\n<hr>\n<p style=\"text-align: justify\"><strong>Anterior (24\/02\/2020):<\/strong> El Vicerectorat de Relacions Internacionals de la Universitat Miguel Hern\u00e1ndez (UMH) d&#8217;Elx ha publicat la Convocat\u00f2ria del Programa de Mobilitat Internacional Destino-Iberoam\u00e8rica \u2013 Estudiants de Grau \u2013 Santander Universitats, per al curs 2020\/2021. El termini de presentaci\u00f3 de sol\u00b7licituds ser\u00e0 fins al <strong>5 de mar\u00e7 de 2020.<\/strong><\/p>\n<hr>\n<h4><strong>Destins i places<\/strong><\/h4>\n<p style=\"text-align: justify\">El Vicerectorat de Relacions Internacionals realitzar\u00e0 l&#8217;oferta <strong>d&#8217;11 beques<\/strong> en les Universitats amb les quals ja existisca conveni, 2 amb destinaci\u00f3 Brasil i 9 amb la resta de destins.<\/p>\n<ul>\n<li><a href=\"https:\/\/internacional.umh.es\/files\/2020\/02\/Listado-universidades_Iberoam%C3%A9rica_20_21.pdf\" target=\"_blank\" title=\"Ho veur\u00e0s en una nova finestra\" rel=\"noopener noreferrer\"><strong>Consulta el llistat d&#8217;universitats d&#8217;aquesta convocat\u00f2ria en l&#8217;Annex II (208Kb Castell\u00e0 .pdf) d&#8217;aquesta convocat\u00f2ria.<\/strong><\/a><\/li>\n<li><a href=\"https:\/\/internacional.umh.es\/files\/2020\/02\/Ultima-versi\u00f3n.-HIST\u00d3RICO-DE-INTERCAMBIOS-EN-EL-PROGRAMA-DESTINO-DE-2011-A-2019-1.pdf\" target=\"_blank\" title=\"Ho veur\u00e0s en una nova finestra\" rel=\"noopener noreferrer\">Hist\u00f2ric d&#8217;intercanvis en el programa DESTINO de 2011 a 2019 (143Kb Castell\u00e0 .pdf)<\/a><\/li>\n<\/ul>\n<p><\/p>\n<h4><strong>Condicions del programa<\/strong><\/h4>\n<p style=\"text-align: justify\">Tot alumne que opte a una \u201cbeca Iberoam\u00e8rica. Estudiants de Grau. Santander Universitats\u201d haur\u00e0 d&#8217;inscriure&#8217;s pr\u00e8viament i de manera obligat\u00f2ria en la p\u00e0gina <a href=\"https:\/\/www.becas-santander.com\/ca\/index.html\" target=\"_blank\" title=\"Ho veur\u00e0s en una nova finestra\" rel=\"noopener noreferrer\">becas-santander.com<\/a><strong> fins al 16 de mar\u00e7 de 2020<\/strong>.<\/p>\n<p style=\"text-align: justify\">L&#8217;estudiant haur\u00e0 de comprovar que la universitat sol\u00b7licitada ofereix estudis superiors presencials equivalents als quals realitza actualment en la UMH i que en el semestre triat per a realitzar l&#8217;intercanvi s&#8217;ofereixen assignatures afins a les del seu pla d&#8217;estudis en la UMH si la intenci\u00f3 \u00e9s convalidar mat\u00e8ries obligat\u00f2ries.<\/p>\n<p style=\"text-align: justify\"><a href=\"https:\/\/internacional.umh.es\/files\/2020\/02\/Publicado.-RE_2020_001_1311.pdf\" target=\"_blank\" title=\"Ho veur\u00e0s en una nova finestra\" rel=\"noopener noreferrer\"><strong>Consulta el text complet de la convocat\u00f2ria (9,56Mb .pdf)<\/strong><\/a><\/p>\n<p style=\"text-align: justify\"><a href=\"https:\/\/internacional.umh.es\/files\/2020\/02\/Modelo-de-solicitud.-Destino-Iberoam%C3%A9rica.-2020-2021-.docx\" target=\"_blank\" title=\"Ho veur\u00e0s en una nova finestra\" rel=\"noopener noreferrer\"><strong>Desc\u00e0rrega la sol\u00b7licitud (273Kb .docx)<\/strong><\/a>, que <u>haur\u00e0 de presentar-se a trav\u00e9s del Registre General de la UMH o dels Auxiliars dels CEGECAS<\/u>,<strong><u> o per qualsevol altre procediment<\/u><\/strong> establit en la Llei 39\/2015, d&#8217;1 d&#8217;octubre, del Procediment Administratiu Com\u00fa de les Administracions P\u00fabliques <strong><u>juntament amb<\/u><\/strong> <u><strong>la seg\u00fcent documentaci\u00f3 dirigida al Servei de Relacions Internacionals, Cooperaci\u00f3 al Desenvolupament i Voluntariat:<\/strong><\/u><\/p>\n<ul>\n<li>Sol\u00b7licitud signada<\/li>\n<li>Fotografia recent en grand\u00e0ria carnet<\/li>\n<li>Fotoc\u00f2pia del DNI<\/li>\n<li>Certificat de coneixement de portugu\u00e9s en cas que el dest\u00ed sol\u00b7licitat siga el Brasil.<\/li>\n<\/ul>\n<p><\/p>\n<h4><strong>Convocat\u00f2ries anteriors<\/strong><\/h4>\n<p><\/p>\n<ul>\n<li><a href=\"https:\/\/internacional.umh.es\/movilidad\/estudiantes\/destino\/programa-destino-becas-iberoamerica-estudiantes-de-grado-santander-universidades-2019-2020\/\" title=\"Accedeix a la informaci\u00f3 sobre la convocat\u00f2ria 2019-20\">DESTINO \/ Iberoam\u00e8rica \u2013 Estudis de Grau \u2013 Santander Universitats 2019\/2020<\/a><\/li>\n<li><a href=\"https:\/\/internacional.umh.es\/becas-iberoamerica-santander-destino-20172018\/\" title=\"Accedeix a la informaci\u00f3 sobre la convocat\u00f2ria 2017-18\">DESTINO \/ Iberoam\u00e8rica \u2013 Estudis de Grau \u2013 Santander Universitats 2017\/2018<\/a><\/li>\n<li><a href=\"https:\/\/internacional.umh.es\/convocatoria-destino-becas-umh-20162017\/\" title=\"Accedeix a la informaci\u00f3 sobre la convocat\u00f2ria 2016-17\">DESTINO \/ Iberoam\u00e8rica \u2013 Estudis de Grau \u2013 Santander Universitats 2016\/2017<\/a><\/li>\n<\/ul>\n<p><img loading=\"lazy\" class=\"aligncenter wp-image-16380\" src=\"https:\/\/internacional.umh.es\/files\/2021\/09\/Beques-Iberoamerica-UMH-DESTINO-boto.jpg\" alt=\"Bot\u00f3 BEQUES IBEROAM\u00c8RICA DESTINO UMH\" title=\"Coneix ara les novetats dels Programes DESTINO IBEROAM\u00c8RICA BEQUES UMH\" width=\"187\" height=\"108\"><\/p>","protected":false},"excerpt":{"rendered":"<p>Guia de bones pr\u00e0ctiques per a estudiants del Programa Destino (283Kb .pdf)<br \/>\nNOU (07\/07\/2020): El Vicerectorat de Relacions Internacionals de la Universitat Miguel Hern\u00e1ndez (UMH) d&#8217;Elx publica l&#8217;adjudicaci\u00f3 definitiva de la convocat\u00f2ria de places i ajudes dins del programa de mobilitat internacional Destino-Iberoam\u00e8rica \u2013 Estudiants de Grau \u2013 Santander Universitats, per al curs 2020\/2021.<br \/>\nConsulta el llistat [&#8230;]<\/p>\n","protected":false},"author":32,"featured_media":0,"parent":18,"menu_order":1,"comment_status":"closed","ping_status":"closed","template":"","meta":{"ngg_post_thumbnail":0,"_links_to":"","_links_to_target":""},"yoast_head":"<!-- This site is optimized with the Yoast SEO plugin v17.5 - https:\/\/yoast.com\/wordpress\/plugins\/seo\/ -->\n<meta name=\"description\" content=\"El Vicerrectorado Relaciones Internacionales UMH publica la convocatoria de movilidad Programa Destino \/ Iberoam\u00e9rica - Grado Santander 20-21\" \/>\n<meta name=\"robots\" content=\"index, follow, max-snippet:-1, max-image-preview:large, max-video-preview:-1\" \/>\n<link rel=\"canonical\" href=\"https:\/\/internacional.umh.es\/ca\/movilidad\/estudiantes\/destino\/programa-destino-iberoamerica-estud-de-grado-santander-universidades-2020-2021\/\" \/>\n<meta property=\"og:locale\" content=\"ca_ES\" \/>\n<meta property=\"og:type\" content=\"article\" \/>\n<meta property=\"og:title\" content=\"Programa DESTINO \/ Iberoam\u00e8rica \u2013 Estud. de Grau \u2013 Santander Universitats 2020\/2021 - Internacionalitzaci\u00f3 i Cooperaci\u00f3\" \/>\n<meta property=\"og:description\" content=\"El Vicerrectorado Relaciones Internacionales UMH publica la convocatoria de movilidad Programa Destino \/ Iberoam\u00e9rica - Grado Santander 20-21\" \/>\n<meta property=\"og:url\" content=\"https:\/\/internacional.umh.es\/movilidad\/estudiantes\/destino\/programa-destino-iberoamerica-estud-de-grado-santander-universidades-2020-2021\/\" \/>\n<meta property=\"og:site_name\" content=\"Internacionalitzaci\u00f3 i Cooperaci\u00f3\" \/>\n<meta property=\"article:modified_time\" content=\"2025-07-29T08:27:48+00:00\" \/>\n<meta property=\"og:image\" content=\"https:\/\/internacional.umh.es\/files\/2021\/09\/Beques-Iberoamerica-UMH-DESTINO-boto.jpg\" \/>\n<meta name=\"twitter:card\" content=\"summary_large_image\" \/>\n<meta name=\"twitter:label1\" content=\"Est. reading time\" \/>\n\t<meta name=\"twitter:data1\" content=\"3 minuts\" \/>\n<script type=\"application\/ld+json\" class=\"yoast-schema-graph\">{\"@context\":\"https:\/\/schema.org\",\"@graph\":[{\"@type\":\"WebSite\",\"@id\":\"https:\/\/internacional.umh.es\/en\/#website\",\"url\":\"https:\/\/internacional.umh.es\/en\/\",\"name\":\"Internacionalitzaci\\u00f3 i Cooperaci\\u00f3\",\"description\":\"Universitat Miguel Hern\\u00e1ndez d&#039;Elx\",\"potentialAction\":[{\"@type\":\"SearchAction\",\"target\":{\"@type\":\"EntryPoint\",\"urlTemplate\":\"https:\/\/internacional.umh.es\/en\/?s={search_term_string}\"},\"query-input\":\"required name=search_term_string\"}],\"inLanguage\":\"ca\"},{\"@type\":\"ImageObject\",\"@id\":\"https:\/\/internacional.umh.es\/movilidad\/estudiantes\/destino\/programa-destino-iberoamerica-estud-de-grado-santander-universidades-2020-2021\/#primaryimage\",\"inLanguage\":\"ca\",\"url\":\"https:\/\/internacional.umh.es\/files\/2021\/09\/Beques-Iberoamerica-UMH-DESTINO-boto.jpg\",\"contentUrl\":\"https:\/\/internacional.umh.es\/files\/2021\/09\/Beques-Iberoamerica-UMH-DESTINO-boto.jpg\",\"width\":300,\"height\":173,\"caption\":\"Bot\\u00f3 BEQUES IBEROAM\\u00c8RICA DESTINO UMH\"},{\"@type\":\"WebPage\",\"@id\":\"https:\/\/internacional.umh.es\/movilidad\/estudiantes\/destino\/programa-destino-iberoamerica-estud-de-grado-santander-universidades-2020-2021\/#webpage\",\"url\":\"https:\/\/internacional.umh.es\/movilidad\/estudiantes\/destino\/programa-destino-iberoamerica-estud-de-grado-santander-universidades-2020-2021\/\",\"name\":\"Programa DESTINO \/ Iberoam\\u00e8rica \\u2013 Estud. de Grau \\u2013 Santander Universitats 2020\/2021 - Internacionalitzaci\\u00f3 i Cooperaci\\u00f3\",\"isPartOf\":{\"@id\":\"https:\/\/internacional.umh.es\/en\/#website\"},\"primaryImageOfPage\":{\"@id\":\"https:\/\/internacional.umh.es\/movilidad\/estudiantes\/destino\/programa-destino-iberoamerica-estud-de-grado-santander-universidades-2020-2021\/#primaryimage\"},\"datePublished\":\"2020-02-24T11:43:16+00:00\",\"dateModified\":\"2025-07-29T08:27:48+00:00\",\"description\":\"El Vicerrectorado Relaciones Internacionales UMH publica la convocatoria de movilidad Programa Destino \/ Iberoam\\u00e9rica - Grado Santander 20-21\",\"breadcrumb\":{\"@id\":\"https:\/\/internacional.umh.es\/movilidad\/estudiantes\/destino\/programa-destino-iberoamerica-estud-de-grado-santander-universidades-2020-2021\/#breadcrumb\"},\"inLanguage\":\"ca\",\"potentialAction\":[{\"@type\":\"ReadAction\",\"target\":[\"https:\/\/internacional.umh.es\/movilidad\/estudiantes\/destino\/programa-destino-iberoamerica-estud-de-grado-santander-universidades-2020-2021\/\"]}]},{\"@type\":\"BreadcrumbList\",\"@id\":\"https:\/\/internacional.umh.es\/movilidad\/estudiantes\/destino\/programa-destino-iberoamerica-estud-de-grado-santander-universidades-2020-2021\/#breadcrumb\",\"itemListElement\":[{\"@type\":\"ListItem\",\"position\":1,\"name\":\"Home\",\"item\":\"https:\/\/internacional.umh.es\/en\/\"},{\"@type\":\"ListItem\",\"position\":2,\"name\":\"MOBILITY\",\"item\":\"https:\/\/internacional.umh.es\/en\/movilidad\/\"},{\"@type\":\"ListItem\",\"position\":3,\"name\":\"Estudiantes\",\"item\":\"https:\/\/internacional.umh.es\/movilidad\/estudiantes\/\"},{\"@type\":\"ListItem\",\"position\":4,\"name\":\"Programa DESTINO\",\"item\":\"https:\/\/internacional.umh.es\/movilidad\/estudiantes\/destino\/\"},{\"@type\":\"ListItem\",\"position\":5,\"name\":\"Destino Program\/Ibero-America Undergraduate Studies \\u2013 2020\/2021 Santander Universities\"}]}]}<\/script>\n<!-- \/ Yoast SEO plugin. -->","yoast_head_json":{"description":"El Vicerrectorado Relaciones Internacionales UMH publica la convocatoria de movilidad Programa Destino \/ Iberoam\u00e9rica - Grado Santander 20-21","robots":{"index":"index","follow":"follow","max-snippet":"max-snippet:-1","max-image-preview":"max-image-preview:large","max-video-preview":"max-video-preview:-1"},"canonical":"https:\/\/internacional.umh.es\/ca\/movilidad\/estudiantes\/destino\/programa-destino-iberoamerica-estud-de-grado-santander-universidades-2020-2021\/","og_locale":"ca_ES","og_type":"article","og_title":"Programa DESTINO \/ Iberoam\u00e8rica \u2013 Estud. de Grau \u2013 Santander Universitats 2020\/2021 - Internacionalitzaci\u00f3 i Cooperaci\u00f3","og_description":"El Vicerrectorado Relaciones Internacionales UMH publica la convocatoria de movilidad Programa Destino \/ Iberoam\u00e9rica - Grado Santander 20-21","og_url":"https:\/\/internacional.umh.es\/movilidad\/estudiantes\/destino\/programa-destino-iberoamerica-estud-de-grado-santander-universidades-2020-2021\/","og_site_name":"Internacionalitzaci\u00f3 i Cooperaci\u00f3","article_modified_time":"2025-07-29T08:27:48+00:00","og_image":[{"url":"https:\/\/internacional.umh.es\/files\/2021\/09\/Beques-Iberoamerica-UMH-DESTINO-boto.jpg"}],"twitter_card":"summary_large_image","twitter_misc":{"Est. reading time":"3 minuts"},"schema":{"@context":"https:\/\/schema.org","@graph":[{"@type":"WebSite","@id":"https:\/\/internacional.umh.es\/en\/#website","url":"https:\/\/internacional.umh.es\/en\/","name":"Internacionalitzaci\u00f3 i Cooperaci\u00f3","description":"Universitat Miguel Hern\u00e1ndez d&#039;Elx","potentialAction":[{"@type":"SearchAction","target":{"@type":"EntryPoint","urlTemplate":"https:\/\/internacional.umh.es\/en\/?s={search_term_string}"},"query-input":"required name=search_term_string"}],"inLanguage":"ca"},{"@type":"ImageObject","@id":"https:\/\/internacional.umh.es\/movilidad\/estudiantes\/destino\/programa-destino-iberoamerica-estud-de-grado-santander-universidades-2020-2021\/#primaryimage","inLanguage":"ca","url":"https:\/\/internacional.umh.es\/files\/2021\/09\/Beques-Iberoamerica-UMH-DESTINO-boto.jpg","contentUrl":"https:\/\/internacional.umh.es\/files\/2021\/09\/Beques-Iberoamerica-UMH-DESTINO-boto.jpg","width":300,"height":173,"caption":"Bot\u00f3 BEQUES IBEROAM\u00c8RICA DESTINO UMH"},{"@type":"WebPage","@id":"https:\/\/internacional.umh.es\/movilidad\/estudiantes\/destino\/programa-destino-iberoamerica-estud-de-grado-santander-universidades-2020-2021\/#webpage","url":"https:\/\/internacional.umh.es\/movilidad\/estudiantes\/destino\/programa-destino-iberoamerica-estud-de-grado-santander-universidades-2020-2021\/","name":"Programa DESTINO \/ Iberoam\u00e8rica \u2013 Estud. de Grau \u2013 Santander Universitats 2020\/2021 - Internacionalitzaci\u00f3 i Cooperaci\u00f3","isPartOf":{"@id":"https:\/\/internacional.umh.es\/en\/#website"},"primaryImageOfPage":{"@id":"https:\/\/internacional.umh.es\/movilidad\/estudiantes\/destino\/programa-destino-iberoamerica-estud-de-grado-santander-universidades-2020-2021\/#primaryimage"},"datePublished":"2020-02-24T11:43:16+00:00","dateModified":"2025-07-29T08:27:48+00:00","description":"El Vicerrectorado Relaciones Internacionales UMH publica la convocatoria de movilidad Programa Destino \/ Iberoam\u00e9rica - Grado Santander 20-21","breadcrumb":{"@id":"https:\/\/internacional.umh.es\/movilidad\/estudiantes\/destino\/programa-destino-iberoamerica-estud-de-grado-santander-universidades-2020-2021\/#breadcrumb"},"inLanguage":"ca","potentialAction":[{"@type":"ReadAction","target":["https:\/\/internacional.umh.es\/movilidad\/estudiantes\/destino\/programa-destino-iberoamerica-estud-de-grado-santander-universidades-2020-2021\/"]}]},{"@type":"BreadcrumbList","@id":"https:\/\/internacional.umh.es\/movilidad\/estudiantes\/destino\/programa-destino-iberoamerica-estud-de-grado-santander-universidades-2020-2021\/#breadcrumb","itemListElement":[{"@type":"ListItem","position":1,"name":"Home","item":"https:\/\/internacional.umh.es\/en\/"},{"@type":"ListItem","position":2,"name":"MOBILITY","item":"https:\/\/internacional.umh.es\/en\/movilidad\/"},{"@type":"ListItem","position":3,"name":"Estudiantes","item":"https:\/\/internacional.umh.es\/movilidad\/estudiantes\/"},{"@type":"ListItem","position":4,"name":"Programa DESTINO","item":"https:\/\/internacional.umh.es\/movilidad\/estudiantes\/destino\/"},{"@type":"ListItem","position":5,"name":"Destino Program\/Ibero-America Undergraduate Studies \u2013 2020\/2021 Santander Universities"}]}]}},"_links":{"self":[{"href":"https:\/\/internacional.umh.es\/ca\/wp-json\/wp\/v2\/pages\/14678"}],"collection":[{"href":"https:\/\/internacional.umh.es\/ca\/wp-json\/wp\/v2\/pages"}],"about":[{"href":"https:\/\/internacional.umh.es\/ca\/wp-json\/wp\/v2\/types\/page"}],"author":[{"embeddable":true,"href":"https:\/\/internacional.umh.es\/ca\/wp-json\/wp\/v2\/users\/32"}],"replies":[{"embeddable":true,"href":"https:\/\/internacional.umh.es\/ca\/wp-json\/wp\/v2\/comments?post=14678"}],"version-history":[{"count":0,"href":"https:\/\/internacional.umh.es\/ca\/wp-json\/wp\/v2\/pages\/14678\/revisions"}],"up":[{"embeddable":true,"href":"https:\/\/internacional.umh.es\/ca\/wp-json\/wp\/v2\/pages\/18"}],"wp:attachment":[{"href":"https:\/\/internacional.umh.es\/ca\/wp-json\/wp\/v2\/media?parent=14678"}],"curies":[{"name":"wp","href":"https:\/\/api.w.org\/{rel}","templated":true}]}}