{"id":14754,"date":"2020-03-02T09:22:20","date_gmt":"2020-03-02T08:22:20","guid":{"rendered":"https:\/\/internacional.umh.es\/?page_id=14754"},"modified":"2025-07-29T10:32:52","modified_gmt":"2025-07-29T08:32:52","slug":"programa-destino-becas-umh-2020-2021","status":"publish","type":"page","link":"https:\/\/internacional.umh.es\/ca\/programa-destino-becas-umh-2020-2021\/","title":{"rendered":"Programa DESTINO \u2013 Beques UMH 2020\/2021"},"content":{"rendered":"<p><a href=\"https:\/\/internacional.umh.es\/files\/2020\/02\/Definitiva.-GU\u00cdA-PARA-ESTUDIANTES-DEL-PROGRAMA-DESTINO-2020-2021.pdf\" target=\"_blank\" title=\"Ho veur\u00e0s en una nova finestra\" rel=\"noopener noreferrer\">Guia de bones pr\u00e0ctiques per a estudiants del Programa Dest\u00ed (283Kb Castell\u00e0 .pdf)<\/a><\/p>\n<p style=\"text-align: justify\"><span style=\"color: #ff0000\"><strong>Nou (07\/07\/2020): <\/strong><span style=\"color: #000000\">El Vicerectorat de Relacions Internacionals publica el <strong>llistat definitiu de sol\u00b7licituds admeses i excloses<\/strong>, aix\u00ed com el <strong>llistat definitiu de beques UMH assignades per a estudiants beneficiaris del programa DEST\u00cd-UMH estudiants de grau per al curs 2020\/2021<\/strong>.<\/p>\n<p><a href=\"https:\/\/boumh.umh.es\/files\/2020\/07\/RR_00981_2020.pdf\" target=\"_blank\" title=\"Ho veur\u00e0s en una nova finestra\" rel=\"noopener noreferrer\">Consulta el llistat complet (257Kb .pdf)<\/a><\/p>\n<hr>\n<p style=\"text-align: justify\"><span style=\"color: #000000\"><strong>Anterior (01\/06\/2020)<\/strong>:<\/span> Segons el Reial decret 537\/2020 de 22 de maig (Article 9), a partir de hui 1 de juny es reprenen els terminis administratius. Els estudiants disposen d&#8217;un termini de 10 dies h\u00e0bils per a realitzar al\u00b7legacions, aix\u00ed com <strong>acceptar\/ renunciar a la pla\u00e7a assignada<\/strong> a trav\u00e9s de la seu electr\u00f2nica de la UMH. El termini \u00e9s <strong>fins al 12 de juny<\/strong> de 2020.<\/p>\n<hr>\n<p style=\"text-align: justify\"><strong>Anterior (20\/04\/2020)<\/strong>: El Vicerectorat de Relacions Internacionals de la Universitat Miguel Hern\u00e1ndez (UMH) d&#8217;Elx publica el llistat de sol\u00b7licituds admeses i excloses i el llistat provisional de beques assignes <strong>en la convocat\u00f2ria del Programa Dest\u00ed UMH en el curs 2020\/2021<\/strong>.<\/p>\n<ul>\n<li><a href=\"https:\/\/internacional.umh.es\/files\/2020\/04\/Listado-definitivo-solicitudes-admitidas-y-excluidas.RE_2020_001_2228-1.pdf\" target=\"_blank\" title=\"Ho veur\u00e0s en una nova finestra\" rel=\"noopener noreferrer\">Llistat de sol\u00b7licituds admeses i excloses (492Kb .pdf)<\/a><\/li>\n<li><a href=\"https:\/\/internacional.umh.es\/files\/2020\/04\/Listado-provisional-plazas-adjudicads.RE_2020_001_2222.pdf\" target=\"_blank\" title=\"Ho veur\u00e0s en una nova finestra\" rel=\"noopener noreferrer\">Llistat provisional de beques assignades (751Kb Castell\u00e0 .pdf)<\/a><\/li>\n<\/ul>\n<p style=\"text-align: justify\">Donada la situaci\u00f3 en la qual estem aquests moments i a tenor del que es disposa en el punt 1 de la <a href=\"https:\/\/www.boe.es\/buscar\/act.php?id=BOE-A-2020-3692#da-3\" target=\"_blank\" title=\"Ho veur\u00e0s en una nova finestra\" rel=\"noopener noreferrer\"><strong>disposici\u00f3 addicional tercera<\/strong><\/a> del <a href=\"https:\/\/www.boe.es\/buscar\/act.php?id=BOE-A-2020-3692\" target=\"_blank\" title=\"Ho veur\u00e0s en una nova finestra\" rel=\"noopener noreferrer\"><strong>Reial decret 463\/2020, de 14 de mar\u00e7, pel qual es declara l&#8217;estat d&#8217;alarma per a la gesti\u00f3 de la situaci\u00f3 de crisi sanit\u00e0ria ocasionada pel COVID-19<\/strong><\/a> se suspenen termes i s&#8217;interrompen els terminis per a la tramitaci\u00f3 dels procediments de les entitats del sector p\u00fablic. El c\u00f2mput dels terminis comen\u00e7ar\u00e0 a comptar en el moment en qu\u00e8 perda vig\u00e8ncia el present reial decret o, en el seu cas, les pr\u00f2rrogues d&#8217;aquest.<\/p>\n<p style=\"text-align: justify\"><strong>Us informem perqu\u00e8 que el normatiu termini de deu dies h\u00e0bils per a presentar Al\u00b7legacions i per a presentar l&#8217;acceptaci\u00f3\/ renuncia <u>no comen\u00e7ar\u00e0 fins que no finalitze el \u201cEstat d&#8217;Alarma\u201d<\/u>. Us avisarem a tots per email quan estiga el termini obert.<\/strong><\/p>\n<hr>\n<p style=\"text-align: justify\"><strong>Anterior (02\/03\/2020):<\/strong> El Vicerectorat de Relacions Internacionals de la Universitat Miguel Hern\u00e1ndez (UMH) d&#8217;Elx ha publicat la Convocat\u00f2ria del Programa de Mobilitat Internacional Dest\u00ed UMH, per al curs 2020\/2021. El termini de presentaci\u00f3 de sol\u00b7licituds ser\u00e0 fins al <strong>13 de mar\u00e7 de 2020.<\/strong><\/p>\n<hr>\n<h4><strong>Destins i places<\/strong><\/h4>\n<p style=\"text-align: justify\">El Vicerectorat de Relacions Internacionals realitzar\u00e0 l&#8217;oferta de 12 places (2 amb destinaci\u00f3 al Brasil, 3 amb destinaci\u00f3 a pa\u00efsos la doc\u00e8ncia dels quals s&#8217;imparteix en angl\u00e9s i 7 amb destinaci\u00f3 a pa\u00efsos de parla hispana) per a estades d&#8217;estudis en universitats de fora de l&#8217;espai europeu per al curs acad\u00e8mic 2020-2021, basades en els acords bilaterals signats entre la Universitat Miguel Hern\u00e1ndez d&#8217;Elx (UMH) i les universitats s\u00f2cies.<\/p>\n<ul>\n<li><a href=\"https:\/\/internacional.umh.es\/files\/2020\/03\/Definitivo_Listado-universidades_20_21.pdf\" target=\"_blank\" title=\"Ho veur\u00e0s en una nova finestra\" rel=\"noopener noreferrer\">El llistat d&#8217;universitats es pot consultar en l&#8217;Annex <strong>II d&#8217;aquesta convocat\u00f2ria (321Kb Castell\u00e0 .pdf)<\/a><\/strong><\/li>\n<li><a href=\"https:\/\/internacional.umh.es\/files\/2020\/02\/Ultima-versi\u00f3n.-HIST\u00d3RICO-DE-INTERCAMBIOS-EN-EL-PROGRAMA-DESTINO-DE-2011-A-2019-1.pdf\" target=\"_blank\" title=\"Ho veur\u00e0s en una nova finestra\" rel=\"noopener noreferrer\">Hist\u00f2ric d&#8217;intercanvis en el Programa Destino de 2011 a 2019 (143Kb Castell\u00e0 .pdf)<\/a><\/li>\n<li><a href=\"https:\/\/internacional.umh.es\/files\/2020\/03\/Publi.-registro.-RE_2020_001_732.pdf\" target=\"_blank\" title=\"Ho veur\u00e0s en una nova finestra\" rel=\"noopener noreferrer\">Text complet de la convocat\u00f2ria (3,07Mb .pdf)<\/a>\n<li><a href=\"https:\/\/internacional.umh.es\/files\/2020\/03\/DOGV.-2020_1784.pdf\" target=\"_blank\" title=\"Ho veur\u00e0s en una nova finestra\" rel=\"noopener noreferrer\">Extracte del DOGV (189Kb .pdf)<\/a><\/li>\n<li><a href=\"https:\/\/internacional.umh.es\/files\/2020\/03\/Modelo-de-solicitud.docx\" target=\"_blank\" title=\"Ho veur\u00e0s en una nova finestra\" rel=\"noopener noreferrer\">Desc\u00e0rrega la <strong>sol\u00b7licitud de la convocat\u00f2ria (279Kb Castell\u00e0 .pdf)<\/strong><\/a> i que <u>haur\u00e0 de presentar-se a trav\u00e9s del Registre General de la UMH o dels Auxiliars dels CEGECAS<\/u>, <strong><u>o per qualsevol altre procediment<\/u><\/strong> establit en la Llei 39\/2015, d&#8217;1 d&#8217;octubre, del Procediment Administratiu Com\u00fa de les Administracions P\u00fabliques <strong><u>juntament amb<\/u><\/strong> <u><strong>la seg\u00fcent documentaci\u00f3 dirigida al Servei de Relacions Internacionals, Cooperaci\u00f3 al Desenvolupament i Voluntariat:<\/strong><\/u>\n<ul>\n<li>Sol\u00b7licitud signada<\/li>\n<li>Fotografia recent en grand\u00e0ria carnet<\/li>\n<li>Fotoc\u00f2pia del DNI<\/li>\n<li>Certificat de coneixement de portugu\u00e9s en cas que el dest\u00ed sol\u00b7licitat siga el Brasil.<\/li>\n<li>Certificat de coneixement d&#8217;angl\u00e9s en cas que el dest\u00ed sol\u00b7licitat siga a un pa\u00eds on la doc\u00e8ncia s&#8217;imparteix en angl\u00e9s<\/li>\n<\/ul>\n<\/li>\n<\/ul>\n<p><img loading=\"lazy\" class=\"aligncenter wp-image-16377\" src=\"https:\/\/internacional.umh.es\/files\/2021\/09\/Beques-UMH-DESTINO-boto.jpg\" alt=\"Bot\u00f3 BEQUES DESTINO UMH\" title=\"Coneix ara les novetats dels Programes DEST\u00cd BEQUES UMH\" width=\"187\" height=\"108\"><\/p>","protected":false},"excerpt":{"rendered":"<p>Guia de bones pr\u00e0ctiques per a estudiants del Programa Dest\u00ed (283Kb Castell\u00e0 .pdf)<br \/>\nNou (07\/07\/2020): El Vicerectorat de Relacions Internacionals publica el llistat definitiu de sol\u00b7licituds admeses i excloses, aix\u00ed com el llistat definitiu de beques UMH assignades per a estudiants beneficiaris del programa DEST\u00cd-UMH estudiants de grau per al curs 2020\/2021.<br \/>\nConsulta el llistat complet (257Kb [&#8230;]<\/p>\n","protected":false},"author":32,"featured_media":0,"parent":0,"menu_order":0,"comment_status":"closed","ping_status":"closed","template":"","meta":{"ngg_post_thumbnail":0,"_links_to":"","_links_to_target":""},"yoast_head":"<!-- This site is optimized with the Yoast SEO plugin v17.5 - https:\/\/yoast.com\/wordpress\/plugins\/seo\/ -->\n<meta name=\"description\" content=\"El Vicerrectorado de Relaciones Internacionales de la UMH de Elche (UMH) publica las convocatorias de movilidad del Programa Destino Becas UMH 2020\/2021\" \/>\n<meta name=\"robots\" content=\"index, follow, max-snippet:-1, max-image-preview:large, max-video-preview:-1\" \/>\n<link rel=\"canonical\" href=\"https:\/\/internacional.umh.es\/ca\/programa-destino-becas-umh-2020-2021\/\" \/>\n<meta property=\"og:locale\" content=\"ca_ES\" \/>\n<meta property=\"og:type\" content=\"article\" \/>\n<meta property=\"og:title\" content=\"Programa DESTINO \u2013 Beques UMH 2020\/2021 - Internacionalitzaci\u00f3 i Cooperaci\u00f3\" \/>\n<meta property=\"og:description\" content=\"El Vicerrectorado de Relaciones Internacionales de la UMH de Elche (UMH) publica las convocatorias de movilidad del Programa Destino Becas UMH 2020\/2021\" \/>\n<meta property=\"og:url\" content=\"https:\/\/internacional.umh.es\/en\/programa-destino-becas-umh-2020-2021\/\" \/>\n<meta property=\"og:site_name\" content=\"Internacionalitzaci\u00f3 i Cooperaci\u00f3\" \/>\n<meta property=\"article:modified_time\" content=\"2025-07-29T08:32:52+00:00\" \/>\n<meta property=\"og:image\" content=\"https:\/\/internacional.umh.es\/files\/2020\/08\/DESTINO-1-300x173.png\" \/>\n<meta name=\"twitter:card\" content=\"summary_large_image\" \/>\n<meta name=\"twitter:label1\" content=\"Est. reading time\" \/>\n\t<meta name=\"twitter:data1\" content=\"3 minuts\" \/>\n<script type=\"application\/ld+json\" class=\"yoast-schema-graph\">{\"@context\":\"https:\/\/schema.org\",\"@graph\":[{\"@type\":\"WebSite\",\"@id\":\"https:\/\/internacional.umh.es\/en\/#website\",\"url\":\"https:\/\/internacional.umh.es\/en\/\",\"name\":\"Internacionalitzaci\\u00f3 i Cooperaci\\u00f3\",\"description\":\"Universitat Miguel Hern\\u00e1ndez d&#039;Elx\",\"potentialAction\":[{\"@type\":\"SearchAction\",\"target\":{\"@type\":\"EntryPoint\",\"urlTemplate\":\"https:\/\/internacional.umh.es\/en\/?s={search_term_string}\"},\"query-input\":\"required name=search_term_string\"}],\"inLanguage\":\"ca\"},{\"@type\":\"ImageObject\",\"@id\":\"https:\/\/internacional.umh.es\/en\/programa-destino-becas-umh-2020-2021\/#primaryimage\",\"inLanguage\":\"ca\",\"url\":\"https:\/\/internacional.umh.es\/files\/2020\/08\/DESTINO-1.png\",\"contentUrl\":\"https:\/\/internacional.umh.es\/files\/2020\/08\/DESTINO-1.png\",\"width\":410,\"height\":236,\"caption\":\"Programa Destino PDI UMH bot\\u00f3n\"},{\"@type\":\"WebPage\",\"@id\":\"https:\/\/internacional.umh.es\/en\/programa-destino-becas-umh-2020-2021\/#webpage\",\"url\":\"https:\/\/internacional.umh.es\/en\/programa-destino-becas-umh-2020-2021\/\",\"name\":\"Programa DESTINO \\u2013 Beques UMH 2020\/2021 - Internacionalitzaci\\u00f3 i Cooperaci\\u00f3\",\"isPartOf\":{\"@id\":\"https:\/\/internacional.umh.es\/en\/#website\"},\"primaryImageOfPage\":{\"@id\":\"https:\/\/internacional.umh.es\/en\/programa-destino-becas-umh-2020-2021\/#primaryimage\"},\"datePublished\":\"2020-03-02T08:22:20+00:00\",\"dateModified\":\"2025-07-29T08:32:52+00:00\",\"description\":\"El Vicerrectorado de Relaciones Internacionales de la UMH de Elche (UMH) publica las convocatorias de movilidad del Programa Destino Becas UMH 2020\/2021\",\"breadcrumb\":{\"@id\":\"https:\/\/internacional.umh.es\/en\/programa-destino-becas-umh-2020-2021\/#breadcrumb\"},\"inLanguage\":\"ca\",\"potentialAction\":[{\"@type\":\"ReadAction\",\"target\":[\"https:\/\/internacional.umh.es\/en\/programa-destino-becas-umh-2020-2021\/\"]}]},{\"@type\":\"BreadcrumbList\",\"@id\":\"https:\/\/internacional.umh.es\/en\/programa-destino-becas-umh-2020-2021\/#breadcrumb\",\"itemListElement\":[{\"@type\":\"ListItem\",\"position\":1,\"name\":\"Home\",\"item\":\"https:\/\/internacional.umh.es\/en\/\"},{\"@type\":\"ListItem\",\"position\":2,\"name\":\"Destino Program 2020\/2021 \\u2013 UMH Grants\"}]}]}<\/script>\n<!-- \/ Yoast SEO plugin. -->","yoast_head_json":{"description":"El Vicerrectorado de Relaciones Internacionales de la UMH de Elche (UMH) publica las convocatorias de movilidad del Programa Destino Becas UMH 2020\/2021","robots":{"index":"index","follow":"follow","max-snippet":"max-snippet:-1","max-image-preview":"max-image-preview:large","max-video-preview":"max-video-preview:-1"},"canonical":"https:\/\/internacional.umh.es\/ca\/programa-destino-becas-umh-2020-2021\/","og_locale":"ca_ES","og_type":"article","og_title":"Programa DESTINO \u2013 Beques UMH 2020\/2021 - Internacionalitzaci\u00f3 i Cooperaci\u00f3","og_description":"El Vicerrectorado de Relaciones Internacionales de la UMH de Elche (UMH) publica las convocatorias de movilidad del Programa Destino Becas UMH 2020\/2021","og_url":"https:\/\/internacional.umh.es\/en\/programa-destino-becas-umh-2020-2021\/","og_site_name":"Internacionalitzaci\u00f3 i Cooperaci\u00f3","article_modified_time":"2025-07-29T08:32:52+00:00","og_image":[{"url":"https:\/\/internacional.umh.es\/files\/2020\/08\/DESTINO-1-300x173.png"}],"twitter_card":"summary_large_image","twitter_misc":{"Est. reading time":"3 minuts"},"schema":{"@context":"https:\/\/schema.org","@graph":[{"@type":"WebSite","@id":"https:\/\/internacional.umh.es\/en\/#website","url":"https:\/\/internacional.umh.es\/en\/","name":"Internacionalitzaci\u00f3 i Cooperaci\u00f3","description":"Universitat Miguel Hern\u00e1ndez d&#039;Elx","potentialAction":[{"@type":"SearchAction","target":{"@type":"EntryPoint","urlTemplate":"https:\/\/internacional.umh.es\/en\/?s={search_term_string}"},"query-input":"required name=search_term_string"}],"inLanguage":"ca"},{"@type":"ImageObject","@id":"https:\/\/internacional.umh.es\/en\/programa-destino-becas-umh-2020-2021\/#primaryimage","inLanguage":"ca","url":"https:\/\/internacional.umh.es\/files\/2020\/08\/DESTINO-1.png","contentUrl":"https:\/\/internacional.umh.es\/files\/2020\/08\/DESTINO-1.png","width":410,"height":236,"caption":"Programa Destino PDI UMH bot\u00f3n"},{"@type":"WebPage","@id":"https:\/\/internacional.umh.es\/en\/programa-destino-becas-umh-2020-2021\/#webpage","url":"https:\/\/internacional.umh.es\/en\/programa-destino-becas-umh-2020-2021\/","name":"Programa DESTINO \u2013 Beques UMH 2020\/2021 - Internacionalitzaci\u00f3 i Cooperaci\u00f3","isPartOf":{"@id":"https:\/\/internacional.umh.es\/en\/#website"},"primaryImageOfPage":{"@id":"https:\/\/internacional.umh.es\/en\/programa-destino-becas-umh-2020-2021\/#primaryimage"},"datePublished":"2020-03-02T08:22:20+00:00","dateModified":"2025-07-29T08:32:52+00:00","description":"El Vicerrectorado de Relaciones Internacionales de la UMH de Elche (UMH) publica las convocatorias de movilidad del Programa Destino Becas UMH 2020\/2021","breadcrumb":{"@id":"https:\/\/internacional.umh.es\/en\/programa-destino-becas-umh-2020-2021\/#breadcrumb"},"inLanguage":"ca","potentialAction":[{"@type":"ReadAction","target":["https:\/\/internacional.umh.es\/en\/programa-destino-becas-umh-2020-2021\/"]}]},{"@type":"BreadcrumbList","@id":"https:\/\/internacional.umh.es\/en\/programa-destino-becas-umh-2020-2021\/#breadcrumb","itemListElement":[{"@type":"ListItem","position":1,"name":"Home","item":"https:\/\/internacional.umh.es\/en\/"},{"@type":"ListItem","position":2,"name":"Destino Program 2020\/2021 \u2013 UMH Grants"}]}]}},"_links":{"self":[{"href":"https:\/\/internacional.umh.es\/ca\/wp-json\/wp\/v2\/pages\/14754"}],"collection":[{"href":"https:\/\/internacional.umh.es\/ca\/wp-json\/wp\/v2\/pages"}],"about":[{"href":"https:\/\/internacional.umh.es\/ca\/wp-json\/wp\/v2\/types\/page"}],"author":[{"embeddable":true,"href":"https:\/\/internacional.umh.es\/ca\/wp-json\/wp\/v2\/users\/32"}],"replies":[{"embeddable":true,"href":"https:\/\/internacional.umh.es\/ca\/wp-json\/wp\/v2\/comments?post=14754"}],"version-history":[{"count":0,"href":"https:\/\/internacional.umh.es\/ca\/wp-json\/wp\/v2\/pages\/14754\/revisions"}],"wp:attachment":[{"href":"https:\/\/internacional.umh.es\/ca\/wp-json\/wp\/v2\/media?parent=14754"}],"curies":[{"name":"wp","href":"https:\/\/api.w.org\/{rel}","templated":true}]}}