{"id":1477,"date":"2013-10-23T13:55:21","date_gmt":"2013-10-23T11:55:21","guid":{"rendered":"http:\/\/internacional.umh.es\/?page_id=1477"},"modified":"2023-11-23T10:42:54","modified_gmt":"2023-11-23T09:42:54","slug":"masteres-ingles","status":"publish","type":"page","link":"https:\/\/internacional.umh.es\/ca\/movilidad\/pdi\/masteres-ingles\/","title":{"rendered":"M\u00e0sters UMH en angl\u00e9s: convocat\u00f2ria d&#8217;ajudes"},"content":{"rendered":"<p><\/p>\n<h4>Ajudes per a la preparaci\u00f3 de m\u00e0sters universitaris impartits en angl\u00e9s<\/h4>\n<p><\/p>\n<ul>\n<li><a href=\"https:\/\/internacional.umh.es\/files\/2014\/02\/Resoluci%C3%B3n-de-adjudicaci%C3%B3n-Master-ingl%C3%A9s.pdf\" title=\"Ho veur\u00e0s en una nova finestra\" target=\"_blank\" rel=\"noopener\">Desc\u00e0rrega el llistat d&#8217;ajudes concedides (588Kb Castell\u00e0 .pdf)<\/a><\/li>\n<\/ul>\n<p><\/p>\n<ol>\n<li>\n<h5><b>Objectiu del Programa<\/b><\/h5>\n<p style=\"text-align: justify\">La Universitat Miguel Hern\u00e1ndez d&#8217;Elx ha realitzat una decidida aposta per la internacionalitzaci\u00f3 dels seus estudis i estudiants. En aquest context, el Vicerectorat de Relacions Internacionals ha posat en marxa un conjunt d&#8217;iniciatives que comprenen, des de la inclusi\u00f3 d&#8217;assignatures impartides en angl\u00e9s en estudis de Grau i M\u00e0ster, fins a cursos orientats cap al desenvolupament d&#8217;habilitats de comunicaci\u00f3 oral i escrita en llengua anglesa a trav\u00e9s del Pla UMH d&#8217;aprenentatge d&#8217;angl\u00e9s. A aquestes accions, se sumen, a trav\u00e9s d&#8217;aquesta convocat\u00f2ria, accions per a impulsar la preparaci\u00f3 i proposta de M\u00e0sters oficials universitaris impartits \u00edntegrament en llengua anglesa. D&#8217;aquesta manera, la UMH cerca millorar la internacionalitzaci\u00f3 dels seus estudiants i l&#8217;atracci\u00f3 d&#8217;estudiants internacionals a trav\u00e9s d&#8217;una oferta docent de postgrau de qualitat.<\/p>\n<\/li>\n<li>\n<h5><b>Dotaci\u00f3<\/b><\/h5>\n<\/li>\n<p style=\"text-align: justify\">La dotaci\u00f3 total prevista per a aquesta acci\u00f3 \u00e9s de 50.000 euros, dotant-se a cada grup promotor amb fins a un m\u00e0xim de 10.000 euros.<\/p>\n<\/li>\n<li>\n<h5><b>Grup promotor<\/b><\/h5>\n<p style=\"text-align: justify\">Haur\u00e0 d&#8217;estar constitu\u00eft per un m\u00ednim de 8 professors permanents de la UMH dels quals almenys 4 d&#8217;ells pertanyeran als cossos docents universitaris. No obstant aix\u00f2, no tots els professors del grup promotor hauran d&#8217;impartir obligat\u00f2riament doc\u00e8ncia en el m\u00e0ster.<\/p>\n<p style=\"text-align: justify\">Aquells que desitgen impartir doc\u00e8ncia hauran d&#8217;acreditar, abans de l&#8217;inici de la doc\u00e8ncia del m\u00e0ster, els seus coneixements de llengua anglesa segons les Bases de la Convocat\u00f2ria del Programa d&#8217;impuls i reconeixement de l&#8217;activitat docent realitzada en llengua anglesa per professorat de la UMH, <a href=\"https:\/\/internacional.umh.es\/files\/2012\/11\/Conv-Doc-ingles-1314-Solicitud-varios.docx\" title=\"Ho veur\u00e0s en una nova finestra\" target=\"_blank\" rel=\"noopener\"><strong>disponible en el document de reconeixement de l&#8217;activitat docent en assignatures en llengua anglesa (95Kb Castell\u00e0 .docx)<\/strong><\/a><\/p>\n<p>No obstant aix\u00f2, el responsable del m\u00e0ster podr\u00e0 establir requisits addicionals, si escau.<\/p>\n<p><\/p>\n<h5><b>Compromisos del grup promotor:<\/b><\/h5>\n<ol>\n<li>\n<p style=\"text-align: justify\">&#8211; En el cas que el grup promotor opte per la posada en marxa d&#8217;un nou M\u00e0ster Universitari haur\u00e0 d&#8217;elaborar la mem\u00f2ria de verificaci\u00f3 completa del M\u00e0ster proposat, seguint el procediment indicat en la Normativa per a la implantaci\u00f3 de t\u00edtol de M\u00e0ster aprovada pel Consell de Govern en sessi\u00f3 de 7 de maig de 2008 [1], en un termini m\u00e0xim de 8 mesos des de la concessi\u00f3 de l&#8217;ajuda.<\/p>\n<\/li>\n<li>\n<p style=\"text-align: justify\">En l&#8217;apartat &#8220;Referents Externs&#8221; de la Mem\u00f2ria de Verificaci\u00f3, haur\u00e0 de reflectir-se que el grup promotor ha col\u00b7laborat amb experts externs d&#8217;\u00e0mbit internacional. En el cas que el grup promotor, amb el vistiplau del Director del m\u00e0ster, opte per l&#8217;opci\u00f3 d&#8217;impartir \u00edntegrament en angl\u00e9s un M\u00e0ster Universitari ja verificat i que ja s&#8217;est\u00e0 impartint en la UMH en castell\u00e0, haur\u00e0 de presentar el MODIFICA corresponent, seguint les indicacions del Vicerectorat d&#8217;Estudis. Aquest MODIFICA, a m\u00e9s d&#8217;indicar que la doc\u00e8ncia ser\u00e0 impartida en angl\u00e9s, haur\u00e0 de reflectir, en l&#8217;apartat \u201cReferents externs\u201d, que el grup promotor ha col\u00b7laborat amb experts externs d&#8217;\u00e0mbit internacional. El termini per a realitzar-lo ser\u00e0 d&#8217;un m\u00e0xim de 3 mesos des de la concessi\u00f3 de l&#8217;ajuda.<\/p>\n<\/li>\n<li>\n<p style=\"text-align: justify\">&#8211; Captaci\u00f3 de professorat o investigadors d&#8217;universitats i \/o institucions d&#8217;educaci\u00f3 superior estrangeres, per a formar part de l&#8217;equip docent del M\u00e0ster. El professorat estranger podr\u00e0 impartir seminaris i cr\u00e8dits de les mat\u00e8ries del M\u00e0ster per\u00f2, en cap cas, podran ser professors responsables d&#8217;assignatures. Es valorar\u00e0 positivament que aquesta col\u00b7laboraci\u00f3 s&#8217;acredite, en la sol\u00b7licitud, mitjan\u00e7ant carta o correu electr\u00f2nic que mostre l&#8217;inter\u00e9s del professor estranger a participar en l&#8217;equip docent del M\u00e0ster.<\/p>\n<li>\n<p style=\"text-align: justify\">&#8211; Elaboraci\u00f3 d&#8217;un portal (blog\/web) del M\u00e0ster en angl\u00e9s i espanyol. Aquest punt haur\u00e0 de realitzar-se despr\u00e9s de l&#8217;aprovaci\u00f3 de la Mem\u00f2ria de verificaci\u00f3 o, en el seu cas, el MODIFICA, per la ANECA, transcorregut un termini m\u00e0xim de 2 mesos. A m\u00e9s, hauran de realitzar-se fullets informatius i un v\u00eddeo promocional del M\u00e0ster en angl\u00e9s. Per a aix\u00f2, es comptar\u00e0 amb els Serveis de la UMH sota la coordinaci\u00f3 del Vicerectorat de Relacions Internacionals.<\/p>\n<\/li>\n<li>\n<p style=\"text-align: justify\">&#8211; Pla de difusi\u00f3 de l&#8217;oferta formativa del M\u00e0ster proposat en el mercat nacional i internacional, amb la col\u00b7laboraci\u00f3 dels Serveis corresponents de la UMH.<\/p>\n<\/li>\n<\/li>\n<\/ol>\n<p><\/p>\n<li>\n<h5><b>Documentaci\u00f3 a aportar pels interessats<\/b><\/h5>\n<ol>\n<li><strong><a href=\"https:\/\/internacional.umh.es\/?attachment_id=1478\" title=\"Ho veur\u00e0s en una nova finestra\" target=\"_blank\" rel=\"noopener\">Sol\u00b7licitud emplenada (46Kb Castell\u00e0 .docx)<\/a><\/strong><\/li>\n<li>Curr\u00edculum dels membres del grup promotor (breu o normalitzat).<\/li>\n<li style=\"text-align: justify\">Carta o correu electr\u00f2nic d&#8217;acceptaci\u00f3 dels professors estrangers que desitgen formar part de l&#8217;equip docent (opcional).<\/li>\n<\/ol>\n<\/li>\n<p><\/p>\n<li>\n<h5><b>Terminis i formalitzaci\u00f3 de sol\u00b7licituds<\/b><\/h5>\n<p style=\"text-align: justify\">Les sol\u00b7licituds podran realitzar-se a partir de l&#8217;endem\u00e0 al de la publicaci\u00f3 de la present convocat\u00f2ria. Els interessats disposaran fins al dia 10 de gener de 2014 per a cursar la seua sol\u00b7licitud, que haur\u00e0 de realitzar-se a trav\u00e9s del <a href=\"https:\/\/smca.umh.es\/registro-general\/\" rel=\"noopener\" target=\"_blank\" title=\"Ho veur\u00e0s en una nova finestra\">Registre General<\/a> de la UMH o dels <a href=\"https:\/\/cegeca.umh.es\/ca\/\" rel=\"noopener\" target=\"_blank\" title=\"Ho veur\u00e0s en una nova finestra\">Registres Auxiliars disponibles en els CEGECA<\/a>.<\/p>\n<\/li>\n<p><\/p>\n<li>\n<h5><b>Finan\u00e7ament<\/b><\/h5>\n<p style=\"text-align: justify\">El finan\u00e7ament sol\u00b7licitat \u00e9s per a la posada en marxa del M\u00e0ster, no \u00fanicament per a la preparaci\u00f3 de la Mem\u00f2ria. No obstant aix\u00f2, hauran de justificar-se totes les despeses ocasionades amb anterioritat al 30 de juny de 2014 per als M\u00e0sters que \u00fanicament requerisquen un MODIFICA per a la seua implantaci\u00f3 i del 30 de juny de 2015 per als M\u00e0sters de nova implantaci\u00f3.<\/p>\n<p>Els conceptes susceptibles de finan\u00e7ament s\u00f3n els seg\u00fcents:<\/p>\n<ol>\n<li>Suport i revisi\u00f3 de textos i traduccions.<\/li>\n<li>Estudis de mercat.<\/li>\n<li>Viatges i dietes: reunions de treball d&#8217;experts externs.<\/li>\n<li style=\"text-align: justify\">Despeses de m\u00e0rqueting\/publicitat, incl\u00f2s el v\u00eddeo promocional del M\u00e0ster en angl\u00e9s, aix\u00ed com les despeses d&#8217;elaboraci\u00f3 de la web del M\u00e0ster.<\/li>\n<li>Despeses d&#8217;edici\u00f3\/publicaci\u00f3 de materials i fullets informatius.<\/li>\n<li style=\"text-align: justify\">Pagaments a personal propi i extern per a tasques administratives necess\u00e0ries per a la preparaci\u00f3 de la Mem\u00f2ria i posada a punt del M\u00e0ster abans del seu inici.<\/li>\n<\/ol>\n<\/li>\n<p><\/p>\n<li>\n<h5><b>Procediment i terminis per a la resoluci\u00f3 de la concessi\u00f3 de les ajudes<\/b><\/h5>\n<p style=\"text-align: justify\">Una vegada finalitzat el termini per a presentaci\u00f3 de sol\u00b7licituds, es publicar\u00e0 abans del dia 23 de gener de 2014 la llista de sol\u00b7licituds admeses, excloses i pendents d&#8217;esmena.<\/p>\n<p style=\"text-align: justify\">La publicaci\u00f3, que es realitzar\u00e0 en els taulons oficials de la UMH i en el blog de l&#8217;Oficina de Relacions Internacionals, indicar\u00e0 els motius d&#8217;exclusi\u00f3, els defectes de les sol\u00b7licituds i\/o la falta de documentaci\u00f3 i es concedir\u00e0 a l&#8217;interessat un termini 10 dies naturals per a l&#8217;esmena d&#8217;errors i\/o aportaci\u00f3 de documents necessaris, amb indicaci\u00f3 que, si aix\u00ed no ho fera, se li tindr\u00e0 per desistit de la seua petici\u00f3.<\/p>\n<p style=\"text-align: justify\">Transcorregut aquest termini, i una vegada avaluades les sol\u00b7licituds presentades per la Comissi\u00f3 de Selecci\u00f3, es publicar\u00e0 el dia 3 de febrer la resoluci\u00f3 dels projectes seleccionats, indicant-se els beneficiaris i la quantia m\u00e0xima, a trav\u00e9s dels taulons oficials de la UMH i el blog de l&#8217;Oficina de Relacions Internacionals. Aix\u00ed mateix, els beneficiaris seran informats de la concessi\u00f3 per correu electr\u00f2nic.<\/p>\n<p style=\"text-align: justify\">Contra aquesta resoluci\u00f3, que esgota la via administrativa, podr\u00e0 interposar-se recurs potestatiu de reposici\u00f3, en el termini d&#8217;un mes, davant el mateix \u00f2rgan que la va dictar o ser impugnat directament davant l&#8217;ordre jurisdiccional contenci\u00f3s-administratiu.<\/p>\n<\/li>\n<p><\/p>\n<li>\n<h5><b>Comissi\u00f3 de selecci\u00f3<\/b><\/h5>\n<p style=\"text-align: justify\">La Comissi\u00f3 de Selecci\u00f3 estar\u00e0 formada pel Vicerector de Relacions Internacionals, la Vicerectora d&#8217;Estudis, o persona en qui delegue, i el Vicerector Adjunt de Relacions Internacionals per a accions d&#8217;internacionalitzaci\u00f3.<\/p>\n<\/li>\n<hr>\n<p style=\"text-align: justify;font-size: 90%\">[1] 2.2. \u201cA aquest efecte tindr\u00e0 la consideraci\u00f3 de grup promotor el suport expr\u00e9s a una proposta d&#8217;implantaci\u00f3 de t\u00edtol de M\u00e0ster de 8 professors permanents de la UMH dels quals, almenys, 4 pertanyeran als cossos docents universitaris\u201d.<\/p>\n<p>&nbsp;<\/p>","protected":false},"excerpt":{"rendered":"<p>Ajudes per a la preparaci\u00f3 de m\u00e0sters universitaris impartits en angl\u00e9s<\/p>\n<p>Desc\u00e0rrega el llistat d&#8217;ajudes concedides (588Kb Castell\u00e0 .pdf)<\/p>\n<p>Objectiu del Programa<br \/>\nLa Universitat Miguel Hern\u00e1ndez d&#8217;Elx ha realitzat una decidida aposta per la internacionalitzaci\u00f3 dels seus estudis i estudiants. En aquest context, el Vicerectorat de Relacions Internacionals ha posat en marxa un conjunt d&#8217;iniciatives que comprenen, des [&#8230;]<\/p>\n","protected":false},"author":30,"featured_media":0,"parent":170,"menu_order":2,"comment_status":"closed","ping_status":"closed","template":"","meta":{"ngg_post_thumbnail":0,"_links_to":"","_links_to_target":""},"yoast_head":"<!-- This site is optimized with the Yoast SEO plugin v17.5 - https:\/\/yoast.com\/wordpress\/plugins\/seo\/ -->\n<meta name=\"description\" content=\"Convocatoria de ayudas para la preparaci\u00f3n de m\u00e1steres UMH en ingl\u00e9s en la Universidad Miguel Hern\u00e1ndez de Elche durante el curso acad\u00e9mico.\" \/>\n<meta name=\"robots\" content=\"index, follow, max-snippet:-1, max-image-preview:large, max-video-preview:-1\" \/>\n<link rel=\"canonical\" href=\"https:\/\/internacional.umh.es\/ca\/movilidad\/pdi\/masteres-ingles\/\" \/>\n<meta property=\"og:locale\" content=\"ca_ES\" \/>\n<meta property=\"og:type\" content=\"article\" \/>\n<meta property=\"og:title\" content=\"M\u00e0sters UMH en angl\u00e9s: convocat\u00f2ria d&#039;ajudes - Internacionalitzaci\u00f3 i Cooperaci\u00f3\" \/>\n<meta property=\"og:description\" content=\"Convocatoria de ayudas para la preparaci\u00f3n de m\u00e1steres UMH en ingl\u00e9s en la Universidad Miguel Hern\u00e1ndez de Elche durante el curso acad\u00e9mico.\" \/>\n<meta property=\"og:url\" content=\"https:\/\/internacional.umh.es\/en\/movilidad\/pdi\/masteres-ingles\/\" \/>\n<meta property=\"og:site_name\" content=\"Internacionalitzaci\u00f3 i Cooperaci\u00f3\" \/>\n<meta property=\"article:modified_time\" content=\"2023-11-23T09:42:54+00:00\" \/>\n<meta name=\"twitter:card\" content=\"summary_large_image\" \/>\n<meta name=\"twitter:label1\" content=\"Est. reading time\" \/>\n\t<meta name=\"twitter:data1\" content=\"6 minuts\" \/>\n<script type=\"application\/ld+json\" class=\"yoast-schema-graph\">{\"@context\":\"https:\/\/schema.org\",\"@graph\":[{\"@type\":\"WebSite\",\"@id\":\"https:\/\/internacional.umh.es\/en\/#website\",\"url\":\"https:\/\/internacional.umh.es\/en\/\",\"name\":\"Internacionalitzaci\\u00f3 i Cooperaci\\u00f3\",\"description\":\"Universitat Miguel Hern\\u00e1ndez d&#039;Elx\",\"potentialAction\":[{\"@type\":\"SearchAction\",\"target\":{\"@type\":\"EntryPoint\",\"urlTemplate\":\"https:\/\/internacional.umh.es\/en\/?s={search_term_string}\"},\"query-input\":\"required name=search_term_string\"}],\"inLanguage\":\"ca\"},{\"@type\":\"WebPage\",\"@id\":\"https:\/\/internacional.umh.es\/en\/movilidad\/pdi\/masteres-ingles\/#webpage\",\"url\":\"https:\/\/internacional.umh.es\/en\/movilidad\/pdi\/masteres-ingles\/\",\"name\":\"M\\u00e0sters UMH en angl\\u00e9s: convocat\\u00f2ria d'ajudes - Internacionalitzaci\\u00f3 i Cooperaci\\u00f3\",\"isPartOf\":{\"@id\":\"https:\/\/internacional.umh.es\/en\/#website\"},\"datePublished\":\"2013-10-23T11:55:21+00:00\",\"dateModified\":\"2023-11-23T09:42:54+00:00\",\"description\":\"Convocatoria de ayudas para la preparaci\\u00f3n de m\\u00e1steres UMH en ingl\\u00e9s en la Universidad Miguel Hern\\u00e1ndez de Elche durante el curso acad\\u00e9mico.\",\"breadcrumb\":{\"@id\":\"https:\/\/internacional.umh.es\/en\/movilidad\/pdi\/masteres-ingles\/#breadcrumb\"},\"inLanguage\":\"ca\",\"potentialAction\":[{\"@type\":\"ReadAction\",\"target\":[\"https:\/\/internacional.umh.es\/en\/movilidad\/pdi\/masteres-ingles\/\"]}]},{\"@type\":\"BreadcrumbList\",\"@id\":\"https:\/\/internacional.umh.es\/en\/movilidad\/pdi\/masteres-ingles\/#breadcrumb\",\"itemListElement\":[{\"@type\":\"ListItem\",\"position\":1,\"name\":\"Home\",\"item\":\"https:\/\/internacional.umh.es\/en\/\"},{\"@type\":\"ListItem\",\"position\":2,\"name\":\"MOBILITY\",\"item\":\"https:\/\/internacional.umh.es\/en\/movilidad\/\"},{\"@type\":\"ListItem\",\"position\":3,\"name\":\"Faculty &amp; Research Personnel\",\"item\":\"https:\/\/internacional.umh.es\/en\/movilidad\/pdi\/\"},{\"@type\":\"ListItem\",\"position\":4,\"name\":\"UMH master\\u2019s programs in English: call for support (Spanish)\"}]}]}<\/script>\n<!-- \/ Yoast SEO plugin. -->","yoast_head_json":{"description":"Convocatoria de ayudas para la preparaci\u00f3n de m\u00e1steres UMH en ingl\u00e9s en la Universidad Miguel Hern\u00e1ndez de Elche durante el curso acad\u00e9mico.","robots":{"index":"index","follow":"follow","max-snippet":"max-snippet:-1","max-image-preview":"max-image-preview:large","max-video-preview":"max-video-preview:-1"},"canonical":"https:\/\/internacional.umh.es\/ca\/movilidad\/pdi\/masteres-ingles\/","og_locale":"ca_ES","og_type":"article","og_title":"M\u00e0sters UMH en angl\u00e9s: convocat\u00f2ria d'ajudes - Internacionalitzaci\u00f3 i Cooperaci\u00f3","og_description":"Convocatoria de ayudas para la preparaci\u00f3n de m\u00e1steres UMH en ingl\u00e9s en la Universidad Miguel Hern\u00e1ndez de Elche durante el curso acad\u00e9mico.","og_url":"https:\/\/internacional.umh.es\/en\/movilidad\/pdi\/masteres-ingles\/","og_site_name":"Internacionalitzaci\u00f3 i Cooperaci\u00f3","article_modified_time":"2023-11-23T09:42:54+00:00","twitter_card":"summary_large_image","twitter_misc":{"Est. reading time":"6 minuts"},"schema":{"@context":"https:\/\/schema.org","@graph":[{"@type":"WebSite","@id":"https:\/\/internacional.umh.es\/en\/#website","url":"https:\/\/internacional.umh.es\/en\/","name":"Internacionalitzaci\u00f3 i Cooperaci\u00f3","description":"Universitat Miguel Hern\u00e1ndez d&#039;Elx","potentialAction":[{"@type":"SearchAction","target":{"@type":"EntryPoint","urlTemplate":"https:\/\/internacional.umh.es\/en\/?s={search_term_string}"},"query-input":"required name=search_term_string"}],"inLanguage":"ca"},{"@type":"WebPage","@id":"https:\/\/internacional.umh.es\/en\/movilidad\/pdi\/masteres-ingles\/#webpage","url":"https:\/\/internacional.umh.es\/en\/movilidad\/pdi\/masteres-ingles\/","name":"M\u00e0sters UMH en angl\u00e9s: convocat\u00f2ria d'ajudes - Internacionalitzaci\u00f3 i Cooperaci\u00f3","isPartOf":{"@id":"https:\/\/internacional.umh.es\/en\/#website"},"datePublished":"2013-10-23T11:55:21+00:00","dateModified":"2023-11-23T09:42:54+00:00","description":"Convocatoria de ayudas para la preparaci\u00f3n de m\u00e1steres UMH en ingl\u00e9s en la Universidad Miguel Hern\u00e1ndez de Elche durante el curso acad\u00e9mico.","breadcrumb":{"@id":"https:\/\/internacional.umh.es\/en\/movilidad\/pdi\/masteres-ingles\/#breadcrumb"},"inLanguage":"ca","potentialAction":[{"@type":"ReadAction","target":["https:\/\/internacional.umh.es\/en\/movilidad\/pdi\/masteres-ingles\/"]}]},{"@type":"BreadcrumbList","@id":"https:\/\/internacional.umh.es\/en\/movilidad\/pdi\/masteres-ingles\/#breadcrumb","itemListElement":[{"@type":"ListItem","position":1,"name":"Home","item":"https:\/\/internacional.umh.es\/en\/"},{"@type":"ListItem","position":2,"name":"MOBILITY","item":"https:\/\/internacional.umh.es\/en\/movilidad\/"},{"@type":"ListItem","position":3,"name":"Faculty &amp; Research Personnel","item":"https:\/\/internacional.umh.es\/en\/movilidad\/pdi\/"},{"@type":"ListItem","position":4,"name":"UMH master\u2019s programs in English: call for support (Spanish)"}]}]}},"_links":{"self":[{"href":"https:\/\/internacional.umh.es\/ca\/wp-json\/wp\/v2\/pages\/1477"}],"collection":[{"href":"https:\/\/internacional.umh.es\/ca\/wp-json\/wp\/v2\/pages"}],"about":[{"href":"https:\/\/internacional.umh.es\/ca\/wp-json\/wp\/v2\/types\/page"}],"author":[{"embeddable":true,"href":"https:\/\/internacional.umh.es\/ca\/wp-json\/wp\/v2\/users\/30"}],"replies":[{"embeddable":true,"href":"https:\/\/internacional.umh.es\/ca\/wp-json\/wp\/v2\/comments?post=1477"}],"version-history":[{"count":0,"href":"https:\/\/internacional.umh.es\/ca\/wp-json\/wp\/v2\/pages\/1477\/revisions"}],"up":[{"embeddable":true,"href":"https:\/\/internacional.umh.es\/ca\/wp-json\/wp\/v2\/pages\/170"}],"wp:attachment":[{"href":"https:\/\/internacional.umh.es\/ca\/wp-json\/wp\/v2\/media?parent=1477"}],"curies":[{"name":"wp","href":"https:\/\/api.w.org\/{rel}","templated":true}]}}