{"id":15146,"date":"2020-04-02T11:33:07","date_gmt":"2020-04-02T09:33:07","guid":{"rendered":"https:\/\/internacional.umh.es\/?page_id=15146"},"modified":"2021-09-10T13:11:25","modified_gmt":"2021-09-10T11:11:25","slug":"calendario-y-documentacion-de-la-convocatoria-2020-2021","status":"publish","type":"page","link":"https:\/\/internacional.umh.es\/ca\/movilidad\/estudiantes\/erasmus\/erasmus-estudios-2020-2021\/calendario-y-documentacion-de-la-convocatoria-2020-2021\/","title":{"rendered":"Calendari i documentaci\u00f3 de la convocat\u00f2ria 2020\/2021"},"content":{"rendered":"<p><img loading=\"lazy\" class=\"alignleft wp-image-7121 size-medium\" src=\"https:\/\/internacional.umh.es\/files\/2018\/07\/logo-vector-erasmus-e1567772789955-300x68.jpg\" alt=\"Logo Erasmus + Calendario i Documentaci\u00f3 de la Convocat\u00f2ria 2020\/2021\" title=\"Tota la informaci\u00f3 sobre el Calendari i Documentaci\u00f3 convocat\u00f2ria Erasmus+ 2020\/2021\" width=\"300\" height=\"68\" srcset=\"https:\/\/internacional.umh.es\/files\/2018\/07\/logo-vector-erasmus-e1567772789955-300x68.jpg 300w, https:\/\/internacional.umh.es\/files\/2018\/07\/logo-vector-erasmus-e1567772789955.jpg 592w\" sizes=\"(max-width: 300px) 100vw, 300px\" \/><\/a><br \/>\n&nbsp;<br \/>\n&nbsp;<\/p>\n<p><a href=\"https:\/\/internacional.umh.es\/files\/2020\/04\/ERASMUS-20-21-charla-documentaci%C3%B3n.v2.pdf\" target=\"_blank\" title=\"Ho veur\u00e0s en una nova finestra\" rel=\"noopener noreferrer\"><strong>Presentaci\u00f3 utilitzada en la sessi\u00f3 ERASMUS+ (1Mb Castell\u00e0 .pdf)<\/strong><\/a><\/p>\n<p><a href=\"https:\/\/drive.google.com\/file\/d\/12fnCbKHIhmJnO29g6FL0gY9CEJ1usKW6\/view?usp=sharing\" target=\"_blank\" title=\"Ho veur\u00e0s en una nova finestra\" rel=\"noopener noreferrer\">Video1: Informaci\u00f3 sobre Com emplenar el Learning Agreement? (Castell\u00e0)<\/a><br \/>\n<strong>* <\/strong>Nom\u00e9s per a usuaris amb compte UMH<br \/>\n&nbsp;<br \/>\n<a href=\"https:\/\/drive.google.com\/file\/d\/1CtYbg-XVLxnf65u-_dUqAhotphOp-P1J\/view?usp=sharing\" target=\"_blank\" title=\"Ho veur\u00e0s en una nova finestra\" rel=\"noopener noreferrer\">V\u00eddeo 2: informaci\u00f3 sobre Quins documents he d&#8217;emplenar abans, durant i en finalitzar la meua estada Erasmus+?  (Castell\u00e0)<\/a><br \/>\n<strong>* <\/strong>Nom\u00e9s per a usuaris amb compte UMH<br \/>\n<\/p>\n<h4><strong>CALENDARI I DOCUMENTACI\u00d3 DE LA CONVOCAT\u00d2RIA<\/strong><\/h4>\n<p><\/p>\n<table width=\"100%\">\n<tbody>\n<tr>\n<td width=\"180\"><strong>TR\u00c0MIT<\/strong><\/td>\n<td width=\"193\"><strong>TERMINI<\/strong><\/td>\n<td width=\"227\"><strong>DOCUMENTACI\u00d3<\/strong><\/td>\n<\/tr>\n<tr>\n<td width=\"180\">Negociaci\u00f3 amb els coordinadors del Learning Agreement<\/td>\n<td width=\"193\">Fins al 20 de maig de 2020.<\/td>\n<td width=\"227\"><a href=\"https:\/\/internacional.umh.es\/files\/2020\/04\/Learning-Agreement-modelo-UE.docx\" target=\"_blank\" title=\"Ho veur\u00e0s en una nova finestra\" rel=\"noopener noreferrer\"><strong>Annex III (258Kb Castell\u00e0 .docx) <\/strong><\/a>(Learning Agreement \u2013 model UE) i <a href=\"https:\/\/internacional.umh.es\/files\/2020\/04\/Learning-Agreement-UMH.docx\" target=\"_blank\" title=\"Ho veur\u00e0s en una nova finestra\" rel=\"noopener noreferrer\"><strong>Annex IV (193Kb Castell\u00e0 .docx)<\/strong><\/a> (Learning Agreement -model UMH)<\/td>\n<\/tr>\n<tr>\n<td width=\"180\">Signatura del conveni financer.<\/td>\n<td width=\"193\">Al llarg del mes de juliol.<\/td>\n<td width=\"227\">El conveni financer s&#8217;enviar\u00e0 a l&#8217;acc\u00e9s personalitzat de l&#8217;estudiant, qui haur\u00e0 de signar-lo i remetre&#8217;l a l&#8217;Oficina de Relacions Internacionals.<\/td>\n<\/tr>\n<tr>\n<td width=\"180\">Enviament del Certificat d&#8217;incorporaci\u00f3 en la Universitat de dest\u00ed a l&#8217;Oficina de Relacions Internacionals<\/td>\n<td width=\"193\">En el moment de la incorporaci\u00f3 de l&#8217;estudiant en la universitat de dest\u00ed<\/td>\n<td width=\"227\"><a href=\"https:\/\/internacional.umh.es\/files\/2020\/09\/Certificado-de-Incorporaci\u00f3n-Estancia.-New.-2020-2021-1.docx\" target=\"_blank\" title=\"Ho veur\u00e0s en una nova finestra\" rel=\"noopener noreferrer\"><strong>Annex V (46,9Kb Angl\u00e9s .docx)<\/strong><\/a> (Certificat d&#8217;incorporaci\u00f3)<\/td>\n<\/tr>\n<tr>\n<td width=\"180\">Sol\u00b7licitud de canvis al Learning Agreement<\/td>\n<td width=\"193\">1r Quadrimestre: fins al 30 d&#8217;octubre de 2020.<\/p>\n<p>2n Quadrimestre: fins al 30 de mar\u00e7 de 2021.<\/td>\n<td width=\"227\"><a href=\"https:\/\/internacional.umh.es\/files\/2020\/04\/Cambios-Learning-Agreement-modelo-UE.docx\" target=\"_blank\" title=\"Ho veur\u00e0s en una nova finestra\" rel=\"noopener noreferrer\"><strong>Annex VII (129Kb Angl\u00e9s .docx)<\/strong><\/a> (Canvis Learning Agreement \u2013 model UE) i <strong><a href=\"https:\/\/internacional.umh.es\/files\/2020\/04\/Cambios-Learning-Agreement-UMH.docx\" target=\"_blank\" title=\"Ho veur\u00e0s en una nova finestra\" rel=\"noopener noreferrer\">Annex VII bis (89Kb Angl\u00e9s .docx)<\/a><\/strong> (Canvis Learning Agreement- UMH)<\/td>\n<\/tr>\n<tr>\n<td width=\"180\">Sol\u00b7licitud de prolongaci\u00f3 d&#8217;estada<\/td>\n<td width=\"193\">Nom\u00e9s si la teua estada \u00e9s inferior a 9 mesos (no suposa l&#8217;ampliaci\u00f3 de l&#8217;ajuda econ\u00f2mica).<\/td>\n<td width=\"227\"><strong><a href=\"https:\/\/internacional.umh.es\/files\/2020\/04\/solicitud-pr%C3%B3rroga-de-la-ESTADA.docx\" target=\"_blank\" title=\"Ho veur\u00e0s en una nova finestra\" rel=\"noopener noreferrer\">Sol\u00b7licitud de pr\u00f2rroga d&#8217;estada (71Kb Castell\u00e0\/Angl\u00e9s .docx)<\/a><\/strong><\/td>\n<\/tr>\n<tr>\n<td width=\"180\">Sol\u00b7licitud d&#8217;avaluaci\u00f3 en la UMH en lloc d&#8217;en la Universitat de Destinaci\u00f3<\/td>\n<td width=\"193\">Com a m\u00e0xim 30 dies abans de la data oficial d&#8217;inici de la convocat\u00f2ria ordin\u00e0ria de juny o de la seg\u00fcent extraordin\u00e0ria de setembre, segons el calendari acad\u00e8mic oficial de la UMH, per\u00f2 mai m\u00e9s tard de l&#8217;1 de juliol.<\/td>\n<td width=\"227\"><a href=\"https:\/\/internacional.umh.es\/files\/2020\/04\/Evaluaci%C3%B3n-en-la-UMH.docx\" target=\"_blank\" title=\"Ho veur\u00e0s en una nova finestra\" rel=\"noopener noreferrer\"><strong>Annex VIII (44Kb Castell\u00e0 .docx)<\/strong><\/a> (Sol\u00b7licitud d&#8217;avaluaci\u00f3 en la UMH)<\/td>\n<\/tr>\n<tr>\n<td width=\"180\">Presentaci\u00f3 de Certificat d&#8217;estada<\/td>\n<td width=\"193\">Al retorn de l&#8217;estudiant<\/td>\n<td width=\"227\"><a href=\"https:\/\/internacional.umh.es\/files\/2020\/09\/Certificado-de-Incorporaci\u00f3n-Estancia.-New.-2020-2021-1.docx\" target=\"_blank\" title=\"Ho veur\u00e0s en una nova finestra\" rel=\"noopener noreferrer\"><strong>Annex VI (46,9Kb Angl\u00e9s .docx)<\/strong> <\/a>(Certificat-de-Estada)<\/td>\n<\/tr>\n<\/tbody>\n<\/table>\n<p>&nbsp;<br \/>\nL&#8217;informe final de l&#8217;estudiant es realitzar\u00e0 a trav\u00e9s de la plataforma inform\u00e0tica que s&#8217;habilitar\u00e0 a aquest efecte.<\/p>\n<p>Altres documents que pots necessitar:<\/p>\n<ul>\n<li><strong><a href=\"https:\/\/internacional.umh.es\/files\/2011\/05\/autorizacion-para-realizar-gestiones.pdf\" target=\"_blank\" title=\"Ho veur\u00e0s en una nova finestra\" rel=\"noopener noreferrer\">Impr\u00e9s d&#8217;autoritzaci\u00f3 per a realitzar gestions en el teu nom (595Kb Castell\u00e0 .pdf)<\/a><\/strong>. Si eres a l&#8217;estranger i necessites que una altra persona realitze qualsevol de les gestions anteriors en el teu nom, pots autoritzar-la mitjan\u00e7ant aquest document.<\/li>\n<li><a href=\"https:\/\/internacional.umh.es\/files\/2020\/04\/9.-Carta_Estudiante_Erasmus_ES.pdf\" target=\"_blank\" title=\"Desc\u00e0rrega la Carta Estudiant Erasmus en una nova finestra\" rel=\"noopener noreferrer\">Carta Estudiant Erasmus (1,52Mb Castell\u00e0 .pdf)<\/a><\/li>\n<li><a href=\"https:\/\/internacional.umh.es\/files\/2020\/04\/GU%C3%8DA-DE-BUENAS-PR%C3%81CTICAS-ERASMUS-PARA-CUMPLIMENTAR-LOS-DOCUMENTOS-ACAD%C3%89MICOS-20-21.pdf\" target=\"_blank\" title=\"Ho veur\u00e0s en una nova finestra\" rel=\"noopener noreferrer\">Guia de bones pr\u00e0ctiques Erasmus per a emplenar els documents acad\u00e8mics (191Kb Castell\u00e0 .pdf)<\/a><\/li>\n<li><a href=\"https:\/\/internacional.umh.es\/files\/2011\/06\/FAQ%C2%B4s.pdf\" target=\"_blank\" title=\"Ho veur\u00e0s en una nova finestra\" rel=\"noopener noreferrer\">Cat\u00e0legs de preguntes m\u00e9s freq\u00fcents (FAQ&#8217;S) (39,4Kb Castell\u00e0 .pdf)<\/a><\/li>\n<\/ul>\n<p>&nbsp;<\/p>","protected":false},"excerpt":{"rendered":"<p>&nbsp;<br \/>\n&nbsp;<br \/>\nPresentaci\u00f3 utilitzada en la sessi\u00f3 ERASMUS+ (1Mb Castell\u00e0 .pdf)<br \/>\nVideo1: Informaci\u00f3 sobre Com emplenar el Learning Agreement? (Castell\u00e0)<br \/>\n* Nom\u00e9s per a usuaris amb compte UMH<br \/>\n&nbsp;<br \/>\nV\u00eddeo 2: informaci\u00f3 sobre Quins documents he d&#8217;emplenar abans, durant i en finalitzar la meua estada Erasmus+?  (Castell\u00e0)<br \/>\n* Nom\u00e9s per a usuaris amb compte UMH<\/p>\n<p>CALENDARI I DOCUMENTACI\u00d3 DE LA CONVOCAT\u00d2RIA<\/p>\n<p>TR\u00c0MIT<br \/>\nTERMINI<br \/>\nDOCUMENTACI\u00d3<\/p>\n<p>Negociaci\u00f3 amb [&#8230;]<\/p>\n","protected":false},"author":32,"featured_media":0,"parent":13043,"menu_order":0,"comment_status":"closed","ping_status":"closed","template":"","meta":{"ngg_post_thumbnail":0,"_links_to":"","_links_to_target":""},"yoast_head":"<!-- This site is optimized with the Yoast SEO plugin v17.5 - https:\/\/yoast.com\/wordpress\/plugins\/seo\/ -->\n<meta name=\"description\" content=\"Se trata del conjunto de plazos, calendario, condici\u00f3n y documentaci\u00f3n a presentar por los estudiantes en la convocatoria Erasmus 2020\/2021 de la UMH\" \/>\n<meta name=\"robots\" content=\"index, follow, max-snippet:-1, max-image-preview:large, max-video-preview:-1\" \/>\n<link rel=\"canonical\" href=\"https:\/\/internacional.umh.es\/ca\/movilidad\/estudiantes\/erasmus\/erasmus-estudios-2020-2021\/calendario-y-documentacion-de-la-convocatoria-2020-2021\/\" \/>\n<meta property=\"og:locale\" content=\"ca_ES\" \/>\n<meta property=\"og:type\" content=\"article\" \/>\n<meta property=\"og:title\" content=\"Calendario y documentaci\u00f3n de la convocatoria 2020\/2021Calendari i documentaci\u00f3 de la convocat\u00f2ria 2020\/2021Calendar and documentation for 2020\/2021 Call - Internacionalitzaci\u00f3 i Cooperaci\u00f3\" \/>\n<meta property=\"og:description\" content=\"Se trata del conjunto de plazos, calendario, condici\u00f3n y documentaci\u00f3n a presentar por los estudiantes en la convocatoria Erasmus 2020\/2021 de la UMH\" \/>\n<meta property=\"og:url\" content=\"https:\/\/internacional.umh.es\/movilidad\/estudiantes\/erasmus\/erasmus-estudios-2020-2021\/calendario-y-documentacion-de-la-convocatoria-2020-2021\/\" \/>\n<meta property=\"og:site_name\" content=\"Internacionalitzaci\u00f3 i Cooperaci\u00f3\" \/>\n<meta property=\"article:modified_time\" content=\"2021-09-10T11:11:25+00:00\" \/>\n<meta property=\"og:image\" content=\"https:\/\/internacional.umh.es\/files\/2018\/07\/logo-vector-erasmus-e1567772789955-300x68.jpg\" \/>\n<meta name=\"twitter:card\" content=\"summary_large_image\" \/>\n<meta name=\"twitter:label1\" content=\"Est. reading time\" \/>\n\t<meta name=\"twitter:data1\" content=\"4 minuts\" \/>\n<script type=\"application\/ld+json\" class=\"yoast-schema-graph\">{\"@context\":\"https:\/\/schema.org\",\"@graph\":[{\"@type\":\"WebSite\",\"@id\":\"https:\/\/internacional.umh.es\/en\/#website\",\"url\":\"https:\/\/internacional.umh.es\/en\/\",\"name\":\"Internacionalitzaci\\u00f3 i Cooperaci\\u00f3\",\"description\":\"Universitat Miguel Hern\\u00e1ndez d&#039;Elx\",\"potentialAction\":[{\"@type\":\"SearchAction\",\"target\":{\"@type\":\"EntryPoint\",\"urlTemplate\":\"https:\/\/internacional.umh.es\/en\/?s={search_term_string}\"},\"query-input\":\"required name=search_term_string\"}],\"inLanguage\":\"ca\"},{\"@type\":\"ImageObject\",\"@id\":\"https:\/\/internacional.umh.es\/movilidad\/estudiantes\/erasmus\/erasmus-estudios-2020-2021\/calendario-y-documentacion-de-la-convocatoria-2020-2021\/#primaryimage\",\"inLanguage\":\"ca\",\"url\":\"https:\/\/internacional.umh.es\/files\/2018\/07\/logo-vector-erasmus-e1567772789955.jpg\",\"contentUrl\":\"https:\/\/internacional.umh.es\/files\/2018\/07\/logo-vector-erasmus-e1567772789955.jpg\",\"width\":592,\"height\":134,\"caption\":\"Logo Erasmus +\"},{\"@type\":\"WebPage\",\"@id\":\"https:\/\/internacional.umh.es\/movilidad\/estudiantes\/erasmus\/erasmus-estudios-2020-2021\/calendario-y-documentacion-de-la-convocatoria-2020-2021\/#webpage\",\"url\":\"https:\/\/internacional.umh.es\/movilidad\/estudiantes\/erasmus\/erasmus-estudios-2020-2021\/calendario-y-documentacion-de-la-convocatoria-2020-2021\/\",\"name\":\"Calendario y documentaci\\u00f3n de la convocatoria 2020\/2021Calendari i documentaci\\u00f3 de la convocat\\u00f2ria 2020\/2021Calendar and documentation for 2020\/2021 Call - Internacionalitzaci\\u00f3 i Cooperaci\\u00f3\",\"isPartOf\":{\"@id\":\"https:\/\/internacional.umh.es\/en\/#website\"},\"primaryImageOfPage\":{\"@id\":\"https:\/\/internacional.umh.es\/movilidad\/estudiantes\/erasmus\/erasmus-estudios-2020-2021\/calendario-y-documentacion-de-la-convocatoria-2020-2021\/#primaryimage\"},\"datePublished\":\"2020-04-02T09:33:07+00:00\",\"dateModified\":\"2021-09-10T11:11:25+00:00\",\"description\":\"Se trata del conjunto de plazos, calendario, condici\\u00f3n y documentaci\\u00f3n a presentar por los estudiantes en la convocatoria Erasmus 2020\/2021 de la UMH\",\"breadcrumb\":{\"@id\":\"https:\/\/internacional.umh.es\/movilidad\/estudiantes\/erasmus\/erasmus-estudios-2020-2021\/calendario-y-documentacion-de-la-convocatoria-2020-2021\/#breadcrumb\"},\"inLanguage\":\"ca\",\"potentialAction\":[{\"@type\":\"ReadAction\",\"target\":[\"https:\/\/internacional.umh.es\/movilidad\/estudiantes\/erasmus\/erasmus-estudios-2020-2021\/calendario-y-documentacion-de-la-convocatoria-2020-2021\/\"]}]},{\"@type\":\"BreadcrumbList\",\"@id\":\"https:\/\/internacional.umh.es\/movilidad\/estudiantes\/erasmus\/erasmus-estudios-2020-2021\/calendario-y-documentacion-de-la-convocatoria-2020-2021\/#breadcrumb\",\"itemListElement\":[{\"@type\":\"ListItem\",\"position\":1,\"name\":\"Home\",\"item\":\"https:\/\/internacional.umh.es\/en\/\"},{\"@type\":\"ListItem\",\"position\":2,\"name\":\"MOBILITY\",\"item\":\"https:\/\/internacional.umh.es\/en\/movilidad\/\"},{\"@type\":\"ListItem\",\"position\":3,\"name\":\"Estudiantes\",\"item\":\"https:\/\/internacional.umh.es\/movilidad\/estudiantes\/\"},{\"@type\":\"ListItem\",\"position\":4,\"name\":\"ERASMUS\",\"item\":\"https:\/\/internacional.umh.es\/movilidad\/estudiantes\/erasmus\/\"},{\"@type\":\"ListItem\",\"position\":5,\"name\":\"2020-2021 Erasmus+ Studies\",\"item\":\"https:\/\/internacional.umh.es\/movilidad\/estudiantes\/erasmus\/erasmus-estudios-2020-2021\/\"},{\"@type\":\"ListItem\",\"position\":6,\"name\":\"Calendar and documentation for 2020\/2021 Call\"}]}]}<\/script>\n<!-- \/ Yoast SEO plugin. -->","yoast_head_json":{"description":"Se trata del conjunto de plazos, calendario, condici\u00f3n y documentaci\u00f3n a presentar por los estudiantes en la convocatoria Erasmus 2020\/2021 de la UMH","robots":{"index":"index","follow":"follow","max-snippet":"max-snippet:-1","max-image-preview":"max-image-preview:large","max-video-preview":"max-video-preview:-1"},"canonical":"https:\/\/internacional.umh.es\/ca\/movilidad\/estudiantes\/erasmus\/erasmus-estudios-2020-2021\/calendario-y-documentacion-de-la-convocatoria-2020-2021\/","og_locale":"ca_ES","og_type":"article","og_title":"Calendario y documentaci\u00f3n de la convocatoria 2020\/2021Calendari i documentaci\u00f3 de la convocat\u00f2ria 2020\/2021Calendar and documentation for 2020\/2021 Call - Internacionalitzaci\u00f3 i Cooperaci\u00f3","og_description":"Se trata del conjunto de plazos, calendario, condici\u00f3n y documentaci\u00f3n a presentar por los estudiantes en la convocatoria Erasmus 2020\/2021 de la UMH","og_url":"https:\/\/internacional.umh.es\/movilidad\/estudiantes\/erasmus\/erasmus-estudios-2020-2021\/calendario-y-documentacion-de-la-convocatoria-2020-2021\/","og_site_name":"Internacionalitzaci\u00f3 i Cooperaci\u00f3","article_modified_time":"2021-09-10T11:11:25+00:00","og_image":[{"url":"https:\/\/internacional.umh.es\/files\/2018\/07\/logo-vector-erasmus-e1567772789955-300x68.jpg"}],"twitter_card":"summary_large_image","twitter_misc":{"Est. reading time":"4 minuts"},"schema":{"@context":"https:\/\/schema.org","@graph":[{"@type":"WebSite","@id":"https:\/\/internacional.umh.es\/en\/#website","url":"https:\/\/internacional.umh.es\/en\/","name":"Internacionalitzaci\u00f3 i Cooperaci\u00f3","description":"Universitat Miguel Hern\u00e1ndez d&#039;Elx","potentialAction":[{"@type":"SearchAction","target":{"@type":"EntryPoint","urlTemplate":"https:\/\/internacional.umh.es\/en\/?s={search_term_string}"},"query-input":"required name=search_term_string"}],"inLanguage":"ca"},{"@type":"ImageObject","@id":"https:\/\/internacional.umh.es\/movilidad\/estudiantes\/erasmus\/erasmus-estudios-2020-2021\/calendario-y-documentacion-de-la-convocatoria-2020-2021\/#primaryimage","inLanguage":"ca","url":"https:\/\/internacional.umh.es\/files\/2018\/07\/logo-vector-erasmus-e1567772789955.jpg","contentUrl":"https:\/\/internacional.umh.es\/files\/2018\/07\/logo-vector-erasmus-e1567772789955.jpg","width":592,"height":134,"caption":"Logo Erasmus +"},{"@type":"WebPage","@id":"https:\/\/internacional.umh.es\/movilidad\/estudiantes\/erasmus\/erasmus-estudios-2020-2021\/calendario-y-documentacion-de-la-convocatoria-2020-2021\/#webpage","url":"https:\/\/internacional.umh.es\/movilidad\/estudiantes\/erasmus\/erasmus-estudios-2020-2021\/calendario-y-documentacion-de-la-convocatoria-2020-2021\/","name":"Calendario y documentaci\u00f3n de la convocatoria 2020\/2021Calendari i documentaci\u00f3 de la convocat\u00f2ria 2020\/2021Calendar and documentation for 2020\/2021 Call - Internacionalitzaci\u00f3 i Cooperaci\u00f3","isPartOf":{"@id":"https:\/\/internacional.umh.es\/en\/#website"},"primaryImageOfPage":{"@id":"https:\/\/internacional.umh.es\/movilidad\/estudiantes\/erasmus\/erasmus-estudios-2020-2021\/calendario-y-documentacion-de-la-convocatoria-2020-2021\/#primaryimage"},"datePublished":"2020-04-02T09:33:07+00:00","dateModified":"2021-09-10T11:11:25+00:00","description":"Se trata del conjunto de plazos, calendario, condici\u00f3n y documentaci\u00f3n a presentar por los estudiantes en la convocatoria Erasmus 2020\/2021 de la UMH","breadcrumb":{"@id":"https:\/\/internacional.umh.es\/movilidad\/estudiantes\/erasmus\/erasmus-estudios-2020-2021\/calendario-y-documentacion-de-la-convocatoria-2020-2021\/#breadcrumb"},"inLanguage":"ca","potentialAction":[{"@type":"ReadAction","target":["https:\/\/internacional.umh.es\/movilidad\/estudiantes\/erasmus\/erasmus-estudios-2020-2021\/calendario-y-documentacion-de-la-convocatoria-2020-2021\/"]}]},{"@type":"BreadcrumbList","@id":"https:\/\/internacional.umh.es\/movilidad\/estudiantes\/erasmus\/erasmus-estudios-2020-2021\/calendario-y-documentacion-de-la-convocatoria-2020-2021\/#breadcrumb","itemListElement":[{"@type":"ListItem","position":1,"name":"Home","item":"https:\/\/internacional.umh.es\/en\/"},{"@type":"ListItem","position":2,"name":"MOBILITY","item":"https:\/\/internacional.umh.es\/en\/movilidad\/"},{"@type":"ListItem","position":3,"name":"Estudiantes","item":"https:\/\/internacional.umh.es\/movilidad\/estudiantes\/"},{"@type":"ListItem","position":4,"name":"ERASMUS","item":"https:\/\/internacional.umh.es\/movilidad\/estudiantes\/erasmus\/"},{"@type":"ListItem","position":5,"name":"2020-2021 Erasmus+ Studies","item":"https:\/\/internacional.umh.es\/movilidad\/estudiantes\/erasmus\/erasmus-estudios-2020-2021\/"},{"@type":"ListItem","position":6,"name":"Calendar and documentation for 2020\/2021 Call"}]}]}},"_links":{"self":[{"href":"https:\/\/internacional.umh.es\/ca\/wp-json\/wp\/v2\/pages\/15146"}],"collection":[{"href":"https:\/\/internacional.umh.es\/ca\/wp-json\/wp\/v2\/pages"}],"about":[{"href":"https:\/\/internacional.umh.es\/ca\/wp-json\/wp\/v2\/types\/page"}],"author":[{"embeddable":true,"href":"https:\/\/internacional.umh.es\/ca\/wp-json\/wp\/v2\/users\/32"}],"replies":[{"embeddable":true,"href":"https:\/\/internacional.umh.es\/ca\/wp-json\/wp\/v2\/comments?post=15146"}],"version-history":[{"count":0,"href":"https:\/\/internacional.umh.es\/ca\/wp-json\/wp\/v2\/pages\/15146\/revisions"}],"up":[{"embeddable":true,"href":"https:\/\/internacional.umh.es\/ca\/wp-json\/wp\/v2\/pages\/13043"}],"wp:attachment":[{"href":"https:\/\/internacional.umh.es\/ca\/wp-json\/wp\/v2\/media?parent=15146"}],"curies":[{"name":"wp","href":"https:\/\/api.w.org\/{rel}","templated":true}]}}