{"id":15549,"date":"2020-07-01T11:12:50","date_gmt":"2020-07-01T09:12:50","guid":{"rendered":"https:\/\/internacional.umh.es\/?page_id=15549"},"modified":"2022-05-13T10:53:57","modified_gmt":"2022-05-13T08:53:57","slug":"postgrado","status":"publish","type":"page","link":"https:\/\/internacional.umh.es\/ca\/internacionalizacion\/postgrado\/","title":{"rendered":"Postgrau"},"content":{"rendered":"<p><\/p>\n<p style=\"text-align: justify\"><img loading=\"lazy\" class=\"size-medium wp-image-17034 alignleft\" src=\"https:\/\/internacional.umh.es\/files\/2020\/10\/LOGOS-1-300x173.png\" alt=\"Logo Programa Espejo Iberoam\u00e8rica postgrau\" title=\"Programa de doctorat internacional d'estudis de postgrau i doctorat en universitats iberoamericanes\" width=\"300\" height=\"173\" srcset=\"https:\/\/internacional.umh.es\/files\/2020\/10\/LOGOS-1-300x173.png 300w, https:\/\/internacional.umh.es\/files\/2020\/10\/LOGOS-1.png 410w\" sizes=\"(max-width: 300px) 100vw, 300px\" \/>El <a href=\"https:\/\/comunicacion.umh.es\/ca\/?s=programa%20espejo%20iberoamerica\" title=\"Accedeix a totes les not\u00edcies relacionades amb el Programa Espejo en la web de Relacions Internacionals UMH\"><strong>programa &#8220;Espejo Iberoam\u00e8rica&#8221;<\/strong><\/a> \u00e9s un programa internacional basat en l&#8217;impuls de la implantaci\u00f3 d&#8217;estudis <strong>de postgrau i doctorat en universitats iberoamericanes<\/strong> i a augmentar la projecci\u00f3 internacional de la UMH.<\/p>\n<ul>\n<li><a href=\"https:\/\/sites.google.com\/umh.es\/umhenrepublicadominicana\/inicio\" rel=\"noopener\" target=\"_blank\" title=\"Ho veur\u00e0s en una nova finestra\"><strong>La UMH a Rep\u00fablica Dominicana<\/strong><\/a><\/li>\n<\/ul>\n<p>&nbsp;<\/p>\n<hr>\n<p style=\"text-align: justify\"><img loading=\"lazy\" class=\"size-medium wp-image-17055 alignleft\" src=\"https:\/\/internacional.umh.es\/files\/2022\/05\/CdT-Coledio-Tordesillas-version-portugues-logo-1-e1652431472721.jpg\" alt=\"Col\u00b7legi Tordesillas Salut P\u00fablica i Hist\u00f2ria de la Ci\u00e8ncia postgrau logo\" title=\"Est\u00e0 coordinat per la UMH i es compon de diverses institucions p\u00fabliques d'educaci\u00f3 superior\" width=\"300\" height=\"120\"><br \/>\nEl <a href=\"https:\/\/tordesillasdoctoral.umh.es\/\" title=\"Ho veur\u00e0s en una nova finestra\" target=\"_blank\" rel=\"noopener\"><strong>Col\u00b7legi Doctoral Tordesillas de Salut P\u00fablica i Hist\u00f2ria de la Ci\u00e8ncia<\/strong><\/a> est\u00e0 coordinat per la UMH i compost per les Facultats de Medicina i Salut P\u00fablica de la Universitat de S\u00e3o Paulo (el Brasil) i les Facultats de Medicina de la Universitat de Porto (Portugal) i de la Universitat Miguel Hern\u00e1ndez d&#8217;Elx.<\/p>\n<ul>\n<li><a href=\"https:\/\/internacional.umh.es\/ca\/internacionalizacion\/postgrado\/colegio-doctoral-tordesillas\/\" title=\"Coneix els objectius i novetats del CdT ara\">Accedeix a les novetats sobre el Col\u00b7legi Doctoral Tordesillas<\/a><\/li>\n<\/ul>\n<p>&nbsp;<\/p>\n<hr>\n<p style=\"text-align: justify\"><img loading=\"lazy\" class=\"size-medium wp-image-17036 alignleft\" src=\"https:\/\/internacional.umh.es\/files\/2020\/10\/LOGOS-2-300x173.png\" alt=\"Dobles titulacions postgrau logo\" title=\"Dobles titulacions de Grau, M\u00e0ster i Doctorat amb universitats estrangeres\" width=\"300\" height=\"173\" srcset=\"https:\/\/internacional.umh.es\/files\/2020\/10\/LOGOS-2-300x173.png 300w, https:\/\/internacional.umh.es\/files\/2020\/10\/LOGOS-2.png 410w\" sizes=\"(max-width: 300px) 100vw, 300px\" \/>La UMH pret\u00e9n ampliar les oportunitats existents en l&#8217;\u00e0mbit internacional de postgrau a trav\u00e9s del foment de <a href=\"https:\/\/internacional.umh.es\/ca\/internacionalizacion\/postgrado\/dobles-titulaciones\/\" title=\"Conoce el procedimiento y modelos de convenio de las dobles titulaciones ahora\"><strong>dobles titulacions de Grau, M\u00e0ster i Doctorat amb universitats estrangeres<\/strong><\/a>. A continuaci\u00f3 pots trobar tota la informaci\u00f3 sobre aquestes beques:<\/p>\n<ul>\n<li>\n<p><a href=\"https:\/\/internacional.umh.es\/ca\/movilidad\/estudiantes\/becas-umh-para-estudiantes-de-dobles-titulaciones\/\" title=\"Ampl\u00eda ahora informaci\u00f3n sobre Dobles m\u00e1steres y Dobles doctorados Cotutela internacional\">Coneix les beques de doble titulaci\u00f3<\/a><\/li>\n<\/p>\n<\/ul>\n<p>&nbsp;<\/p>","protected":false},"excerpt":{"rendered":"<p>El programa &#8220;Espejo Iberoam\u00e8rica&#8221; \u00e9s un programa internacional basat en l&#8217;impuls de la implantaci\u00f3 d&#8217;estudis de postgrau i doctorat en universitats iberoamericanes i a augmentar la projecci\u00f3 internacional de la UMH.<\/p>\n<p>La UMH a Rep\u00fablica Dominicana<\/p>\n<p>&nbsp;<\/p>\n<p>El Col\u00b7legi Doctoral Tordesillas de Salut P\u00fablica i Hist\u00f2ria de la Ci\u00e8ncia est\u00e0 coordinat per la UMH i compost per les [&#8230;]<\/p>\n","protected":false},"author":203,"featured_media":0,"parent":2740,"menu_order":11,"comment_status":"closed","ping_status":"closed","template":"","meta":{"ngg_post_thumbnail":0,"_links_to":"","_links_to_target":""},"yoast_head":"<!-- This site is optimized with the Yoast SEO plugin v17.5 - https:\/\/yoast.com\/wordpress\/plugins\/seo\/ -->\n<meta name=\"description\" content=\"Postgrado y doctorado internacional impulsados por la UMH con universidades de Iberoam\u00e9rica, Colegio Doctoral Tordesillas, dobles titulaciones\" \/>\n<meta name=\"robots\" content=\"index, follow, max-snippet:-1, max-image-preview:large, max-video-preview:-1\" \/>\n<link rel=\"canonical\" href=\"https:\/\/internacional.umh.es\/ca\/internacionalizacion\/postgrado\/\" \/>\n<meta property=\"og:locale\" content=\"ca_ES\" \/>\n<meta property=\"og:type\" content=\"article\" \/>\n<meta property=\"og:title\" content=\"Postgrau - Internacionalitzaci\u00f3 i Cooperaci\u00f3\" \/>\n<meta property=\"og:description\" content=\"Postgrado y doctorado internacional impulsados por la UMH con universidades de Iberoam\u00e9rica, Colegio Doctoral Tordesillas, dobles titulaciones\" \/>\n<meta property=\"og:url\" content=\"https:\/\/internacional.umh.es\/en\/internacionalizacion\/postgrado\/\" \/>\n<meta property=\"og:site_name\" content=\"Internacionalitzaci\u00f3 i Cooperaci\u00f3\" \/>\n<meta property=\"article:modified_time\" content=\"2022-05-13T08:53:57+00:00\" \/>\n<meta property=\"og:image\" content=\"https:\/\/internacional.umh.es\/files\/2020\/10\/LOGOS-1-300x173.png\" \/>\n<meta name=\"twitter:card\" content=\"summary_large_image\" \/>\n<meta name=\"twitter:label1\" content=\"Est. reading time\" \/>\n\t<meta name=\"twitter:data1\" content=\"2 minuts\" \/>\n<script type=\"application\/ld+json\" class=\"yoast-schema-graph\">{\"@context\":\"https:\/\/schema.org\",\"@graph\":[{\"@type\":\"WebSite\",\"@id\":\"https:\/\/internacional.umh.es\/en\/#website\",\"url\":\"https:\/\/internacional.umh.es\/en\/\",\"name\":\"Internacionalitzaci\\u00f3 i Cooperaci\\u00f3\",\"description\":\"Universitat Miguel Hern\\u00e1ndez d&#039;Elx\",\"potentialAction\":[{\"@type\":\"SearchAction\",\"target\":{\"@type\":\"EntryPoint\",\"urlTemplate\":\"https:\/\/internacional.umh.es\/en\/?s={search_term_string}\"},\"query-input\":\"required name=search_term_string\"}],\"inLanguage\":\"ca\"},{\"@type\":\"ImageObject\",\"@id\":\"https:\/\/internacional.umh.es\/en\/internacionalizacion\/postgrado\/#primaryimage\",\"inLanguage\":\"ca\",\"url\":\"https:\/\/internacional.umh.es\/files\/2020\/10\/LOGOS-1.png\",\"contentUrl\":\"https:\/\/internacional.umh.es\/files\/2020\/10\/LOGOS-1.png\",\"width\":410,\"height\":236,\"caption\":\"Programa Espejo Iberoam\\u00e9rica logo\"},{\"@type\":\"WebPage\",\"@id\":\"https:\/\/internacional.umh.es\/en\/internacionalizacion\/postgrado\/#webpage\",\"url\":\"https:\/\/internacional.umh.es\/en\/internacionalizacion\/postgrado\/\",\"name\":\"Postgrau - Internacionalitzaci\\u00f3 i Cooperaci\\u00f3\",\"isPartOf\":{\"@id\":\"https:\/\/internacional.umh.es\/en\/#website\"},\"primaryImageOfPage\":{\"@id\":\"https:\/\/internacional.umh.es\/en\/internacionalizacion\/postgrado\/#primaryimage\"},\"datePublished\":\"2020-07-01T09:12:50+00:00\",\"dateModified\":\"2022-05-13T08:53:57+00:00\",\"description\":\"Postgrado y doctorado internacional impulsados por la UMH con universidades de Iberoam\\u00e9rica, Colegio Doctoral Tordesillas, dobles titulaciones\",\"breadcrumb\":{\"@id\":\"https:\/\/internacional.umh.es\/en\/internacionalizacion\/postgrado\/#breadcrumb\"},\"inLanguage\":\"ca\",\"potentialAction\":[{\"@type\":\"ReadAction\",\"target\":[\"https:\/\/internacional.umh.es\/en\/internacionalizacion\/postgrado\/\"]}]},{\"@type\":\"BreadcrumbList\",\"@id\":\"https:\/\/internacional.umh.es\/en\/internacionalizacion\/postgrado\/#breadcrumb\",\"itemListElement\":[{\"@type\":\"ListItem\",\"position\":1,\"name\":\"Home\",\"item\":\"https:\/\/internacional.umh.es\/en\/\"},{\"@type\":\"ListItem\",\"position\":2,\"name\":\"INTERNATIONALIZATION\",\"item\":\"https:\/\/internacional.umh.es\/en\/internacionalizacion\/\"},{\"@type\":\"ListItem\",\"position\":3,\"name\":\"Graduate\"}]}]}<\/script>\n<!-- \/ Yoast SEO plugin. -->","yoast_head_json":{"description":"Postgrado y doctorado internacional impulsados por la UMH con universidades de Iberoam\u00e9rica, Colegio Doctoral Tordesillas, dobles titulaciones","robots":{"index":"index","follow":"follow","max-snippet":"max-snippet:-1","max-image-preview":"max-image-preview:large","max-video-preview":"max-video-preview:-1"},"canonical":"https:\/\/internacional.umh.es\/ca\/internacionalizacion\/postgrado\/","og_locale":"ca_ES","og_type":"article","og_title":"Postgrau - Internacionalitzaci\u00f3 i Cooperaci\u00f3","og_description":"Postgrado y doctorado internacional impulsados por la UMH con universidades de Iberoam\u00e9rica, Colegio Doctoral Tordesillas, dobles titulaciones","og_url":"https:\/\/internacional.umh.es\/en\/internacionalizacion\/postgrado\/","og_site_name":"Internacionalitzaci\u00f3 i Cooperaci\u00f3","article_modified_time":"2022-05-13T08:53:57+00:00","og_image":[{"url":"https:\/\/internacional.umh.es\/files\/2020\/10\/LOGOS-1-300x173.png"}],"twitter_card":"summary_large_image","twitter_misc":{"Est. reading time":"2 minuts"},"schema":{"@context":"https:\/\/schema.org","@graph":[{"@type":"WebSite","@id":"https:\/\/internacional.umh.es\/en\/#website","url":"https:\/\/internacional.umh.es\/en\/","name":"Internacionalitzaci\u00f3 i Cooperaci\u00f3","description":"Universitat Miguel Hern\u00e1ndez d&#039;Elx","potentialAction":[{"@type":"SearchAction","target":{"@type":"EntryPoint","urlTemplate":"https:\/\/internacional.umh.es\/en\/?s={search_term_string}"},"query-input":"required name=search_term_string"}],"inLanguage":"ca"},{"@type":"ImageObject","@id":"https:\/\/internacional.umh.es\/en\/internacionalizacion\/postgrado\/#primaryimage","inLanguage":"ca","url":"https:\/\/internacional.umh.es\/files\/2020\/10\/LOGOS-1.png","contentUrl":"https:\/\/internacional.umh.es\/files\/2020\/10\/LOGOS-1.png","width":410,"height":236,"caption":"Programa Espejo Iberoam\u00e9rica logo"},{"@type":"WebPage","@id":"https:\/\/internacional.umh.es\/en\/internacionalizacion\/postgrado\/#webpage","url":"https:\/\/internacional.umh.es\/en\/internacionalizacion\/postgrado\/","name":"Postgrau - Internacionalitzaci\u00f3 i Cooperaci\u00f3","isPartOf":{"@id":"https:\/\/internacional.umh.es\/en\/#website"},"primaryImageOfPage":{"@id":"https:\/\/internacional.umh.es\/en\/internacionalizacion\/postgrado\/#primaryimage"},"datePublished":"2020-07-01T09:12:50+00:00","dateModified":"2022-05-13T08:53:57+00:00","description":"Postgrado y doctorado internacional impulsados por la UMH con universidades de Iberoam\u00e9rica, Colegio Doctoral Tordesillas, dobles titulaciones","breadcrumb":{"@id":"https:\/\/internacional.umh.es\/en\/internacionalizacion\/postgrado\/#breadcrumb"},"inLanguage":"ca","potentialAction":[{"@type":"ReadAction","target":["https:\/\/internacional.umh.es\/en\/internacionalizacion\/postgrado\/"]}]},{"@type":"BreadcrumbList","@id":"https:\/\/internacional.umh.es\/en\/internacionalizacion\/postgrado\/#breadcrumb","itemListElement":[{"@type":"ListItem","position":1,"name":"Home","item":"https:\/\/internacional.umh.es\/en\/"},{"@type":"ListItem","position":2,"name":"INTERNATIONALIZATION","item":"https:\/\/internacional.umh.es\/en\/internacionalizacion\/"},{"@type":"ListItem","position":3,"name":"Graduate"}]}]}},"_links":{"self":[{"href":"https:\/\/internacional.umh.es\/ca\/wp-json\/wp\/v2\/pages\/15549"}],"collection":[{"href":"https:\/\/internacional.umh.es\/ca\/wp-json\/wp\/v2\/pages"}],"about":[{"href":"https:\/\/internacional.umh.es\/ca\/wp-json\/wp\/v2\/types\/page"}],"author":[{"embeddable":true,"href":"https:\/\/internacional.umh.es\/ca\/wp-json\/wp\/v2\/users\/203"}],"replies":[{"embeddable":true,"href":"https:\/\/internacional.umh.es\/ca\/wp-json\/wp\/v2\/comments?post=15549"}],"version-history":[{"count":0,"href":"https:\/\/internacional.umh.es\/ca\/wp-json\/wp\/v2\/pages\/15549\/revisions"}],"up":[{"embeddable":true,"href":"https:\/\/internacional.umh.es\/ca\/wp-json\/wp\/v2\/pages\/2740"}],"wp:attachment":[{"href":"https:\/\/internacional.umh.es\/ca\/wp-json\/wp\/v2\/media?parent=15549"}],"curies":[{"name":"wp","href":"https:\/\/api.w.org\/{rel}","templated":true}]}}