{"id":15558,"date":"2020-07-01T12:12:18","date_gmt":"2020-07-01T10:12:18","guid":{"rendered":"https:\/\/internacional.umh.es\/?page_id=15558"},"modified":"2022-05-13T13:52:00","modified_gmt":"2022-05-13T11:52:00","slug":"colegio-doctoral-tordesillas","status":"publish","type":"page","link":"https:\/\/internacional.umh.es\/ca\/internacionalizacion\/postgrado\/colegio-doctoral-tordesillas\/","title":{"rendered":"Col\u00b7legi Doctoral Tordesillas"},"content":{"rendered":"<p><img loading=\"lazy\" src=\"https:\/\/internacional.umh.es\/files\/2020\/10\/WhatsApp-Image-2020-09-14-at-10.16.25-2-300x90.jpeg\" alt=\"Col\u00b7legi Tordesillas Salut P\u00fablica i Hist\u00f2ria de la Ci\u00e8ncia logo\" title=\"El Col\u00b7legi Doctoral Tordesillas de Salut P\u00fablica i Hist\u00f2ria de la Ci\u00e8ncia est\u00e0 coordinat per la UMH i compost per les Facultats de Medicina i Salut P\u00fablica de la Universitat de S\u00e3o Paulo (el Brasil) i les Facultats de Medicina de la Universitat de Porto (Portugal) i de la UMH\" width=\"300\" height=\"90\" class=\"alignleft size-medium wp-image-17031\" srcset=\"https:\/\/internacional.umh.es\/files\/2020\/10\/WhatsApp-Image-2020-09-14-at-10.16.25-2-300x90.jpeg 300w, https:\/\/internacional.umh.es\/files\/2020\/10\/WhatsApp-Image-2020-09-14-at-10.16.25-2-768x230.jpeg 768w, https:\/\/internacional.umh.es\/files\/2020\/10\/WhatsApp-Image-2020-09-14-at-10.16.25-2-1024x307.jpeg 1024w, https:\/\/internacional.umh.es\/files\/2020\/10\/WhatsApp-Image-2020-09-14-at-10.16.25-2.jpeg 1600w\" sizes=\"(max-width: 300px) 100vw, 300px\" \/>El <a href=\"https:\/\/www.grupotordesillas.net\/colegios-doctorales\/\" rel=\"noopener\" target=\"_blank\" title=\"Ho veu\u00e0s en una nova finestra\"><strong>Col\u00b7legi Doctoral Tordesillas<\/strong><\/a> \u00e9s una associaci\u00f3 lliure formada per institucions dels pa\u00efsos pertanyents al grup Tordesillas (el Brasil, Portugal i Espanya) i secundat pels Rectors del grup.<br \/>\n&nbsp;<\/p>\n<h4><strong>La UMH i el Grup Tordesillas<\/strong><\/h4>\n<p style=\"text-align: justify\">En els seus quasi 20 anys d&#8217;exist\u00e8ncia, el Grup Tordesillas ha crescut i actualment est\u00e0 compost per 26 universitats del Brasil, 20 d&#8217;Espanya i 9 de Portugal. La participaci\u00f3 de la UMH en el grup ha sigut molt activa des de la creaci\u00f3, al juliol de 2017, i coordinaci\u00f3 del <a href=\"https:\/\/tordesillasdoctoral.umh.es\/\" rel=\"noopener\" target=\"_blank\" title=\"Ho veu\u00e0s en una nova finestra\">Col\u00b7legi Doctoral Tordesillas de Salut P\u00fablica i Hist\u00f2ria de la Ci\u00e8ncia<\/a>.<\/p>\n<p style=\"text-align: justify\">Al costat del col\u00b7legi doctoral participen les facultats de Medicina de la Universitat de Porto (Portugal), i de les Facultats de Medicina i de Salut P\u00fablica de la Universitat de S\u00e3o Paulo (el Brasil).<\/p>\n<h5><strong>Objectius<\/strong><\/h5>\n<p style=\"text-align: justify\">La principal finalitat del Grup Tordesillas es basa a establir vincles acad\u00e8mics, culturals i socioecon\u00f2mics entre tots els seus membres. Aix\u00ed com, promoure activitats de cooperaci\u00f3 multilateral en els camps de l&#8217;educaci\u00f3, la ci\u00e8ncia, la tecnologia i la innovaci\u00f3.<\/p>\n<p style=\"text-align: justify\">Aix\u00ed mateix, un dels pilars fonamentals \u00e9s l&#8217;establiment de xarxes d&#8217;investigaci\u00f3 que estimulen la mobilitat dels investigadors i donen lloc a projectes de valor estrat\u00e8gic, orientats als problemes que afecten i influeixen en el progr\u00e9s de la comunitat iber brasilera.<\/p>\n<ul>\n<li><a href=\"https:\/\/internacional.umh.es\/ca\/internacionalizacion\/postgrado\/listado-de-dobles-titulaciones\/\" title=\"Coneix les dobles titulacions de M\u00e0ster i Doctorat\"><strong>Accedeix al llistat de dobles titulacions<\/strong><\/a><\/li>\n<\/ul>\n<hr>\n<h4><strong><u>Articles i novetats del Col\u00b7legi Doctoral Tordesillas<\/u><\/strong><\/h4>\n<h6><strong>La UMH, pr\u00f2xima seu del Grup Tordesillas<\/strong><\/h6>\n<p style=\"text-align: justify\">El mes de novembre passat es va celebrar la XX trobada de Rectors del Grup Tordesillas en la Universitat Fluminense de Rio de Janeiro (el Brasil). Durant aquest esdeveniment el Rector de la Universitat Miguel Hern\u00e1ndez d&#8217;Elx (UMH), Juan Jos\u00e9 Ruiz Mart\u00ednez, va ser nomenat Vicepresident del Grup Tordesillas i membre de la Comissi\u00f3 Executiva. Per a l&#8217;any 2021 el Rector de la UMH, ostentar\u00e0 la presid\u00e8ncia del Grup Tordesillas i la UMH ser\u00e0 la seu de la XXII trobada de Rectors del Grup Tordesillas.<\/p>\n<hr>\n<p style=\"text-align: justify\"><strong>(23\/04\/2020):<\/strong> <a href=\"https:\/\/bit.ly\/2VOwjow\" title=\"Ho veur\u00e0s en una nova finestra\" target=\"_blank\" rel=\"noopener\"><strong>How many and which physicians? A comparative study of the evolution of the supply of physicians and specialist training in Brazil and Spain<\/strong><\/a><\/p>\n<p style=\"text-align: justify\">Un nou article, en el context del Col\u00b7legi Doctoral Tordesillas de Salut P\u00fablica i Hist\u00f2ria de la Ci\u00e8ncia, ha sigut publicat despr\u00e9s de la visita del professor Mario Sheffer de la Universitat de Sao Paulo al departament de Salut P\u00fablica , Hist\u00f2ria de la Ci\u00e8ncia i Ginecologia de la UMH.<\/p>\n<p style=\"text-align: justify\">El present estudi t\u00e9 com a objectiu comparar l&#8217;evoluci\u00f3 de l&#8217;oferta de metges aix\u00ed com la formaci\u00f3 especialitzada de 1998 a 2017 a Espanya i el Brasil, dos pa\u00efsos amb caracter\u00edstiques socioecon\u00f2miques i demogr\u00e0fiques diferents, per\u00f2 tots dos amb sistemes universals d&#8217;atenci\u00f3 sanit\u00e0ria.<\/p>\n<p style=\"text-align: justify\">A causa de l&#8217;obertura de les escoles de medicina, la densitat de metges per cada 1.000 habitants va cr\u00e9ixer un 28% a Espanya i un 51% al Brasil entre 1998 i 2017. En aqueix per\u00edode, Espanya i el Brasil van augmentar l&#8217;oferta de places anuals de pregrau en un 60% i 137%, respectivament. Existeix un predomini de les institucions privades que ofereixen places de pregrau disponibles, i el subministrament de llocs de resid\u00e8ncia m\u00e8dica \u00e9s menor que el contingent de graduats m\u00e8dics\/m\u00e8dics generals cada any.<\/p>\n<p style=\"text-align: justify\">L&#8217;obertura de mes escoles de medicina no poden ser una resposta totalment efectiva per a superar el d\u00e8ficit de places per a resid\u00e8ncia m\u00e8dica en especialitats estrat\u00e8giques tant al Brasil com a Espanya.<\/p>\n<ul>\n<li><a href=\"https:\/\/bit.ly\/2VOwjow\" title=\"Ho veur\u00e0s en una nova finestra\" target=\"_blank\" rel=\"noopener\"><strong>Accedeix ara per a llegir l&#8217;article<\/strong><\/a><\/li>\n<\/ul>\n<hr>\n<p><strong>(22\/04\/2020):<\/strong> <a href=\"https:\/\/t.co\/TXT5S62nkt\" title=\"Ho veur\u00e0s en una nova finestra\" target=\"_blank\" rel=\"noopener\">&#8220;Portes girat\u00f2ries i conflictes d&#8217;interessos en les ag\u00e8ncies reguladores de la salut al Brasil&#8221;<\/a><\/strong><\/p>\n<p style=\"text-align: justify\">L&#8217;article \u00e9s el resultat de la visita postdoctoral en 2019 del professor Mario Sheffer de la Universitat de Sao Paulo al departament de Salut P\u00fablica, Hist\u00f2ria de la Ci\u00e8ncia i Ginecologia de la UMH. Aquesta estada es va poder realitzar gr\u00e0cies al consorci GRUP TORDESILLAS-FUNDACI\u00d3 CAROLINA.<\/p>\n<p style=\"text-align: justify\">El fenomen de les &#8220;Portes girat\u00f2ries&#8221; \u00e9s controvertit i com\u00fa a tot el m\u00f3n, per\u00f2 existeixen poques proves del seu impacte en els sectors de la salut als pa\u00efsos d&#8217;ingressos baixos i mitjans (LMIC).<\/p>\n<p style=\"text-align: justify\">Nosaltres analitzem la circulaci\u00f3 laboral de ex-directors de les dues ag\u00e8ncies reguladores de la salut al Brasil a posteriorment entitats regulades per aquestes. Discutim els camins i les possibles implicacions d&#8217;aquest fenomen per a la qualitat de la regulaci\u00f3 dels mercats de salut en entorns LMIC.<\/p>\n<p style=\"text-align: justify\">Quasi la meitat dels executius que treballaven en les dues principals ag\u00e8ncies reguladores federals de salut del Brasil en els \u00faltims 20 anys van comen\u00e7ar o van acabar treballant per a empreses privades regulades per aquestes ag\u00e8ncies. Aquestes &#8220;portes girat\u00f2ries&#8221; en el sector de la salut s\u00f3n un fenomen poc conegut que t\u00e9 el potencial de reduir la qualitat de la regulaci\u00f3 del govern i la formulaci\u00f3 de pol\u00edtiques de salut p\u00fablica independents i sense conflictes d&#8217;interessos.<\/p>\n<p>&nbsp;<\/p>","protected":false},"excerpt":{"rendered":"<p>El Col\u00b7legi Doctoral Tordesillas \u00e9s una associaci\u00f3 lliure formada per institucions dels pa\u00efsos pertanyents al grup Tordesillas (el Brasil, Portugal i Espanya) i secundat pels Rectors del grup.<br \/>\n&nbsp;<br \/>\nLa UMH i el Grup Tordesillas<br \/>\nEn els seus quasi 20 anys d&#8217;exist\u00e8ncia, el Grup Tordesillas ha crescut i actualment est\u00e0 compost per 26 universitats del Brasil, 20 d&#8217;Espanya [&#8230;]<\/p>\n","protected":false},"author":203,"featured_media":0,"parent":15549,"menu_order":1,"comment_status":"closed","ping_status":"closed","template":"","meta":{"ngg_post_thumbnail":0,"_links_to":"","_links_to_target":""},"yoast_head":"<!-- This site is optimized with the Yoast SEO plugin v17.5 - https:\/\/yoast.com\/wordpress\/plugins\/seo\/ -->\n<meta name=\"description\" content=\"El Colegio Doctoral Tordesillas es una asociaci\u00f3n de instituciones de pa\u00edses pertenecientes al grupo Tordesillas: Brasil, Portugal y Espa\u00f1a\" \/>\n<meta name=\"robots\" content=\"index, follow, max-snippet:-1, max-image-preview:large, max-video-preview:-1\" \/>\n<link rel=\"canonical\" href=\"https:\/\/internacional.umh.es\/ca\/internacionalizacion\/postgrado\/colegio-doctoral-tordesillas\/\" \/>\n<meta property=\"og:locale\" content=\"ca_ES\" \/>\n<meta property=\"og:type\" content=\"article\" \/>\n<meta property=\"og:title\" content=\"Col\u00b7legi Doctoral Tordesillas - Internacionalitzaci\u00f3 i Cooperaci\u00f3\" \/>\n<meta property=\"og:description\" content=\"El Colegio Doctoral Tordesillas es una asociaci\u00f3n de instituciones de pa\u00edses pertenecientes al grupo Tordesillas: Brasil, Portugal y Espa\u00f1a\" \/>\n<meta property=\"og:url\" content=\"https:\/\/internacional.umh.es\/en\/internacionalizacion\/postgrado\/colegio-doctoral-tordesillas\/\" \/>\n<meta property=\"og:site_name\" content=\"Internacionalitzaci\u00f3 i Cooperaci\u00f3\" \/>\n<meta property=\"article:modified_time\" content=\"2022-05-13T11:52:00+00:00\" \/>\n<meta property=\"og:image\" content=\"https:\/\/internacional.umh.es\/files\/2020\/10\/WhatsApp-Image-2020-09-14-at-10.16.25-2-300x90.jpeg\" \/>\n<meta name=\"twitter:card\" content=\"summary_large_image\" \/>\n<meta name=\"twitter:label1\" content=\"Est. reading time\" \/>\n\t<meta name=\"twitter:data1\" content=\"8 minuts\" \/>\n<script type=\"application\/ld+json\" class=\"yoast-schema-graph\">{\"@context\":\"https:\/\/schema.org\",\"@graph\":[{\"@type\":\"WebSite\",\"@id\":\"https:\/\/internacional.umh.es\/en\/#website\",\"url\":\"https:\/\/internacional.umh.es\/en\/\",\"name\":\"Internacionalitzaci\\u00f3 i Cooperaci\\u00f3\",\"description\":\"Universitat Miguel Hern\\u00e1ndez d&#039;Elx\",\"potentialAction\":[{\"@type\":\"SearchAction\",\"target\":{\"@type\":\"EntryPoint\",\"urlTemplate\":\"https:\/\/internacional.umh.es\/en\/?s={search_term_string}\"},\"query-input\":\"required name=search_term_string\"}],\"inLanguage\":\"ca\"},{\"@type\":\"ImageObject\",\"@id\":\"https:\/\/internacional.umh.es\/en\/internacionalizacion\/postgrado\/colegio-doctoral-tordesillas\/#primaryimage\",\"inLanguage\":\"ca\",\"url\":\"https:\/\/internacional.umh.es\/files\/2020\/10\/WhatsApp-Image-2020-09-14-at-10.16.25-2.jpeg\",\"contentUrl\":\"https:\/\/internacional.umh.es\/files\/2020\/10\/WhatsApp-Image-2020-09-14-at-10.16.25-2.jpeg\",\"width\":1600,\"height\":480,\"caption\":\"Colegio Tordesillas Salud P\\u00fablica e Historia de la Ciencia logo\"},{\"@type\":\"WebPage\",\"@id\":\"https:\/\/internacional.umh.es\/en\/internacionalizacion\/postgrado\/colegio-doctoral-tordesillas\/#webpage\",\"url\":\"https:\/\/internacional.umh.es\/en\/internacionalizacion\/postgrado\/colegio-doctoral-tordesillas\/\",\"name\":\"Col\\u00b7legi Doctoral Tordesillas - Internacionalitzaci\\u00f3 i Cooperaci\\u00f3\",\"isPartOf\":{\"@id\":\"https:\/\/internacional.umh.es\/en\/#website\"},\"primaryImageOfPage\":{\"@id\":\"https:\/\/internacional.umh.es\/en\/internacionalizacion\/postgrado\/colegio-doctoral-tordesillas\/#primaryimage\"},\"datePublished\":\"2020-07-01T10:12:18+00:00\",\"dateModified\":\"2022-05-13T11:52:00+00:00\",\"description\":\"El Colegio Doctoral Tordesillas es una asociaci\\u00f3n de instituciones de pa\\u00edses pertenecientes al grupo Tordesillas: Brasil, Portugal y Espa\\u00f1a\",\"breadcrumb\":{\"@id\":\"https:\/\/internacional.umh.es\/en\/internacionalizacion\/postgrado\/colegio-doctoral-tordesillas\/#breadcrumb\"},\"inLanguage\":\"ca\",\"potentialAction\":[{\"@type\":\"ReadAction\",\"target\":[\"https:\/\/internacional.umh.es\/en\/internacionalizacion\/postgrado\/colegio-doctoral-tordesillas\/\"]}]},{\"@type\":\"BreadcrumbList\",\"@id\":\"https:\/\/internacional.umh.es\/en\/internacionalizacion\/postgrado\/colegio-doctoral-tordesillas\/#breadcrumb\",\"itemListElement\":[{\"@type\":\"ListItem\",\"position\":1,\"name\":\"Home\",\"item\":\"https:\/\/internacional.umh.es\/en\/\"},{\"@type\":\"ListItem\",\"position\":2,\"name\":\"INTERNATIONALIZATION\",\"item\":\"https:\/\/internacional.umh.es\/en\/internacionalizacion\/\"},{\"@type\":\"ListItem\",\"position\":3,\"name\":\"Graduate\",\"item\":\"https:\/\/internacional.umh.es\/en\/internacionalizacion\/postgrado\/\"},{\"@type\":\"ListItem\",\"position\":4,\"name\":\"Tordesillas Doctoral School\"}]}]}<\/script>\n<!-- \/ Yoast SEO plugin. -->","yoast_head_json":{"description":"El Colegio Doctoral Tordesillas es una asociaci\u00f3n de instituciones de pa\u00edses pertenecientes al grupo Tordesillas: Brasil, Portugal y Espa\u00f1a","robots":{"index":"index","follow":"follow","max-snippet":"max-snippet:-1","max-image-preview":"max-image-preview:large","max-video-preview":"max-video-preview:-1"},"canonical":"https:\/\/internacional.umh.es\/ca\/internacionalizacion\/postgrado\/colegio-doctoral-tordesillas\/","og_locale":"ca_ES","og_type":"article","og_title":"Col\u00b7legi Doctoral Tordesillas - Internacionalitzaci\u00f3 i Cooperaci\u00f3","og_description":"El Colegio Doctoral Tordesillas es una asociaci\u00f3n de instituciones de pa\u00edses pertenecientes al grupo Tordesillas: Brasil, Portugal y Espa\u00f1a","og_url":"https:\/\/internacional.umh.es\/en\/internacionalizacion\/postgrado\/colegio-doctoral-tordesillas\/","og_site_name":"Internacionalitzaci\u00f3 i Cooperaci\u00f3","article_modified_time":"2022-05-13T11:52:00+00:00","og_image":[{"url":"https:\/\/internacional.umh.es\/files\/2020\/10\/WhatsApp-Image-2020-09-14-at-10.16.25-2-300x90.jpeg"}],"twitter_card":"summary_large_image","twitter_misc":{"Est. reading time":"8 minuts"},"schema":{"@context":"https:\/\/schema.org","@graph":[{"@type":"WebSite","@id":"https:\/\/internacional.umh.es\/en\/#website","url":"https:\/\/internacional.umh.es\/en\/","name":"Internacionalitzaci\u00f3 i Cooperaci\u00f3","description":"Universitat Miguel Hern\u00e1ndez d&#039;Elx","potentialAction":[{"@type":"SearchAction","target":{"@type":"EntryPoint","urlTemplate":"https:\/\/internacional.umh.es\/en\/?s={search_term_string}"},"query-input":"required name=search_term_string"}],"inLanguage":"ca"},{"@type":"ImageObject","@id":"https:\/\/internacional.umh.es\/en\/internacionalizacion\/postgrado\/colegio-doctoral-tordesillas\/#primaryimage","inLanguage":"ca","url":"https:\/\/internacional.umh.es\/files\/2020\/10\/WhatsApp-Image-2020-09-14-at-10.16.25-2.jpeg","contentUrl":"https:\/\/internacional.umh.es\/files\/2020\/10\/WhatsApp-Image-2020-09-14-at-10.16.25-2.jpeg","width":1600,"height":480,"caption":"Colegio Tordesillas Salud P\u00fablica e Historia de la Ciencia logo"},{"@type":"WebPage","@id":"https:\/\/internacional.umh.es\/en\/internacionalizacion\/postgrado\/colegio-doctoral-tordesillas\/#webpage","url":"https:\/\/internacional.umh.es\/en\/internacionalizacion\/postgrado\/colegio-doctoral-tordesillas\/","name":"Col\u00b7legi Doctoral Tordesillas - Internacionalitzaci\u00f3 i Cooperaci\u00f3","isPartOf":{"@id":"https:\/\/internacional.umh.es\/en\/#website"},"primaryImageOfPage":{"@id":"https:\/\/internacional.umh.es\/en\/internacionalizacion\/postgrado\/colegio-doctoral-tordesillas\/#primaryimage"},"datePublished":"2020-07-01T10:12:18+00:00","dateModified":"2022-05-13T11:52:00+00:00","description":"El Colegio Doctoral Tordesillas es una asociaci\u00f3n de instituciones de pa\u00edses pertenecientes al grupo Tordesillas: Brasil, Portugal y Espa\u00f1a","breadcrumb":{"@id":"https:\/\/internacional.umh.es\/en\/internacionalizacion\/postgrado\/colegio-doctoral-tordesillas\/#breadcrumb"},"inLanguage":"ca","potentialAction":[{"@type":"ReadAction","target":["https:\/\/internacional.umh.es\/en\/internacionalizacion\/postgrado\/colegio-doctoral-tordesillas\/"]}]},{"@type":"BreadcrumbList","@id":"https:\/\/internacional.umh.es\/en\/internacionalizacion\/postgrado\/colegio-doctoral-tordesillas\/#breadcrumb","itemListElement":[{"@type":"ListItem","position":1,"name":"Home","item":"https:\/\/internacional.umh.es\/en\/"},{"@type":"ListItem","position":2,"name":"INTERNATIONALIZATION","item":"https:\/\/internacional.umh.es\/en\/internacionalizacion\/"},{"@type":"ListItem","position":3,"name":"Graduate","item":"https:\/\/internacional.umh.es\/en\/internacionalizacion\/postgrado\/"},{"@type":"ListItem","position":4,"name":"Tordesillas Doctoral School"}]}]}},"_links":{"self":[{"href":"https:\/\/internacional.umh.es\/ca\/wp-json\/wp\/v2\/pages\/15558"}],"collection":[{"href":"https:\/\/internacional.umh.es\/ca\/wp-json\/wp\/v2\/pages"}],"about":[{"href":"https:\/\/internacional.umh.es\/ca\/wp-json\/wp\/v2\/types\/page"}],"author":[{"embeddable":true,"href":"https:\/\/internacional.umh.es\/ca\/wp-json\/wp\/v2\/users\/203"}],"replies":[{"embeddable":true,"href":"https:\/\/internacional.umh.es\/ca\/wp-json\/wp\/v2\/comments?post=15558"}],"version-history":[{"count":0,"href":"https:\/\/internacional.umh.es\/ca\/wp-json\/wp\/v2\/pages\/15558\/revisions"}],"up":[{"embeddable":true,"href":"https:\/\/internacional.umh.es\/ca\/wp-json\/wp\/v2\/pages\/15549"}],"wp:attachment":[{"href":"https:\/\/internacional.umh.es\/ca\/wp-json\/wp\/v2\/media?parent=15558"}],"curies":[{"name":"wp","href":"https:\/\/api.w.org\/{rel}","templated":true}]}}