{"id":16160,"date":"2020-07-27T13:18:21","date_gmt":"2020-07-27T11:18:21","guid":{"rendered":"https:\/\/internacional.umh.es\/?page_id=16160"},"modified":"2025-05-20T13:04:52","modified_gmt":"2025-05-20T11:04:52","slug":"convenio-2016","status":"publish","type":"page","link":"https:\/\/internacional.umh.es\/ca\/cooperacion-y-voluntariado\/cooperacion-al-desarrollo\/convenio-cooperacion-universitaria-al-desarrollo\/convenio-2016\/","title":{"rendered":"Conveni 2016"},"content":{"rendered":"<p><a href=\"#formativa\"><strong> L\u00cdNIA FORMATIVA <\/strong><\/a>|<a href=\"#investigacio\"><strong> L\u00cdNIA INVESTIGACI\u00d3<\/strong><\/a> | <a href=\"#projectes\"><strong> L\u00cdNIA DE PROJECTES CUD<\/strong><\/a><\/p>\n<h3 id=\"formativa\"><strong>L\u00cdNIA FORMATIVA<\/strong><\/h3>\n<ol style=\"margin-bottom: 2px\">\n<li><a href=\"https:\/\/internacional.umh.es\/2017\/12\/05\/desarrollo-sostenible-curso-ods-agenda-2030\/\">Curs En l\u00ednia Massiu Obert (MOOC) dirigit a tota la Societat Valenciana i elaborat entre les cinc universitats p\u00fabliques de la comunitat valenciana. \u201cReptes dels objectius de desenvolupament sostenible&#8221;. La UMH va impartir el Tema 4. Reptes en la Governan\u00e7a global i local per a la consecuci\u00f3 dels ODS<\/a><\/li>\n<li><a href=\"https:\/\/internacional.umh.es\/2017\/10\/11\/transversalizacion-de-los-objetivos-de-desarrollo-sostenible\/\">Curs formatiu Transversalitzaci\u00f3 dels ODS en la Doc\u00e8ncia Universit\u00e0ria<\/a><\/li>\n<li><a href=\"https:\/\/internacional.umh.es\/2017\/10\/23\/transparencia-en-la-cooperacion-al-desarrollo\/\">Curs formatiu &#8220;Transpar\u00e8ncia en la gesti\u00f3 de la cooperaci\u00f3 al desenvolupament&#8221;<\/a><\/li>\n<li><a href=\"https:\/\/internacional.umh.es\/2016\/11\/02\/universidad-de-otono-los-objetivo-de-desarrollo-sostenible\/\">Universitat de tardor<\/a><\/li>\n<li><a href=\"https:\/\/internacional.umh.es\/2017\/07\/24\/convocatoria-de-becas-para-el-master-de-cooperacion-umh\/\">Convocat\u00f2ria de beques i bosses de viatge per a la realitzaci\u00f3 del M\u00e0ster Interuniversitari en Cooperaci\u00f3 al Desenvolupament especialitat \u201cSalut en pa\u00efsos en desenvolupament\u201d Curs 2017\/2018<\/a><\/li>\n<p>&nbsp;<\/p>\n<h3 id=\"investigacio\"><strong>L\u00cdNIA INVESTIGACI\u00d3<\/strong><\/h3>\n<h4>Projecte seleccionat:<\/h4>\n<li><a title=\"Descobreix ara m\u00e9s detalls del projecte\" href=\"https:\/\/internacional.umh.es\/2017\/10\/31\/proyecto-contribucion-del-sector-privado-a-la-actividad-de-cooperacion-al-desarrollo-estudio-tecnico-y-analisis-del-caso-de-la-universidad-miguel-hernandez-de-elche\/\">Estudi investigador: \u201cContribuci\u00f3 del sector privat a l&#8217;activitat de cooperaci\u00f3 al desenvolupament: estudie t\u00e8cnic i an\u00e0lisi del cas de la Universitat Miguel Hern\u00e1ndez d&#8217;Elx\u201d<\/a><\/li>\n<p>&nbsp;<\/p>\n<h3 id=\"projectes\"><strong>L\u00cdNIA DE PROJECTES CUD<\/strong><\/h3>\n<p>Cooperaci\u00f3 Universit\u00e0ria al Desenvolupament (CUD)<\/p>\n<li><a title=\"Coneix m\u00e9s sobre el projecte a Cartagena d'\u00cdndies\" href=\"https:\/\/internacional.umh.es\/2017\/10\/17\/proyecto-cud-capacitacion-en-salud-publica-con-enfoque-de-igualdad-de-genero-para-tecnologos-de-trabajo-social-bajo-el-marco-de-los-ods-en-la-institucion-tecnologica-colegio-mayor-bolivar-de-cart\/\">Projecte CUD &#8220;Capacitaci\u00f3 en salut p\u00fablica amb enfocament d&#8217;igualtat de g\u00e8nere per a tecn\u00f2legs de treball social sota el marc dels ODS en la instituci\u00f3 tecnol\u00f2gica col\u00b7legi Major<\/a><\/li>\n<li><a title=\"Pots ampliar m\u00e9s informaci\u00f3 sobre el curs Neurofisiologia Cl\u00ednica i Epileptologia ara\" href=\"https:\/\/internacional.umh.es\/2017\/10\/16\/curso-de-neurofisiologia-clinica-y-epileptologia-en-ruanda\/\">Projecte CUD: \u201cCurs de Neurofisiologia Cl\u00ednica i Epileptologia\u201d<\/a><\/li>\n<\/ol>\n<p>&nbsp;<\/p>","protected":false},"excerpt":{"rendered":"<p> L\u00cdNIA FORMATIVA | L\u00cdNIA INVESTIGACI\u00d3 |  L\u00cdNIA DE PROJECTES CUD<br \/>\nL\u00cdNIA FORMATIVA<\/p>\n<p>Curs En l\u00ednia Massiu Obert (MOOC) dirigit a tota la Societat Valenciana i elaborat entre les cinc universitats p\u00fabliques de la comunitat valenciana. \u201cReptes dels objectius de desenvolupament sostenible&#8221;. La UMH va impartir el Tema 4. Reptes en la Governan\u00e7a global i local [&#8230;]<\/p>\n","protected":false},"author":5216,"featured_media":0,"parent":14118,"menu_order":8,"comment_status":"closed","ping_status":"closed","template":"","meta":{"ngg_post_thumbnail":0,"_links_to":"","_links_to_target":""},"yoast_head":"<!-- This site is optimized with the Yoast SEO plugin v17.5 - https:\/\/yoast.com\/wordpress\/plugins\/seo\/ -->\n<meta name=\"description\" content=\"El Convenio 2016 desarrolla los proyectos: L\u00ednea formativa; L\u00ednea de investigaci\u00f3n y Proyectos Cooperaci\u00f3n Universitaria al Desarrollo\" \/>\n<meta name=\"robots\" content=\"index, follow, max-snippet:-1, max-image-preview:large, max-video-preview:-1\" \/>\n<link rel=\"canonical\" href=\"https:\/\/internacional.umh.es\/ca\/cooperacion-y-voluntariado\/cooperacion-al-desarrollo\/convenio-cooperacion-universitaria-al-desarrollo\/convenio-2016\/\" \/>\n<meta property=\"og:locale\" content=\"ca_ES\" \/>\n<meta property=\"og:type\" content=\"article\" \/>\n<meta property=\"og:title\" content=\"Conveni 2016 - Internacionalitzaci\u00f3 i Cooperaci\u00f3\" \/>\n<meta property=\"og:description\" content=\"El Convenio 2016 desarrolla los proyectos: L\u00ednea formativa; L\u00ednea de investigaci\u00f3n y Proyectos Cooperaci\u00f3n Universitaria al Desarrollo\" \/>\n<meta property=\"og:url\" content=\"https:\/\/internacional.umh.es\/ca\/cooperacion-y-voluntariado\/cooperacion-al-desarrollo\/convenio-cooperacion-universitaria-al-desarrollo\/convenio-2016\/\" \/>\n<meta property=\"og:site_name\" content=\"Internacionalitzaci\u00f3 i Cooperaci\u00f3\" \/>\n<meta property=\"article:modified_time\" content=\"2025-05-20T11:04:52+00:00\" \/>\n<meta name=\"twitter:card\" content=\"summary_large_image\" \/>\n<meta name=\"twitter:label1\" content=\"Est. reading time\" \/>\n\t<meta name=\"twitter:data1\" content=\"1 minut\" \/>\n<script type=\"application\/ld+json\" class=\"yoast-schema-graph\">{\"@context\":\"https:\/\/schema.org\",\"@graph\":[{\"@type\":\"WebSite\",\"@id\":\"https:\/\/internacional.umh.es\/en\/#website\",\"url\":\"https:\/\/internacional.umh.es\/en\/\",\"name\":\"Internacionalitzaci\\u00f3 i Cooperaci\\u00f3\",\"description\":\"Universitat Miguel Hern\\u00e1ndez d&#039;Elx\",\"potentialAction\":[{\"@type\":\"SearchAction\",\"target\":{\"@type\":\"EntryPoint\",\"urlTemplate\":\"https:\/\/internacional.umh.es\/en\/?s={search_term_string}\"},\"query-input\":\"required name=search_term_string\"}],\"inLanguage\":\"ca\"},{\"@type\":\"WebPage\",\"@id\":\"https:\/\/internacional.umh.es\/ca\/cooperacion-y-voluntariado\/cooperacion-al-desarrollo\/convenio-cooperacion-universitaria-al-desarrollo\/convenio-2016\/#webpage\",\"url\":\"https:\/\/internacional.umh.es\/ca\/cooperacion-y-voluntariado\/cooperacion-al-desarrollo\/convenio-cooperacion-universitaria-al-desarrollo\/convenio-2016\/\",\"name\":\"Conveni 2016 - Internacionalitzaci\\u00f3 i Cooperaci\\u00f3\",\"isPartOf\":{\"@id\":\"https:\/\/internacional.umh.es\/en\/#website\"},\"datePublished\":\"2020-07-27T11:18:21+00:00\",\"dateModified\":\"2025-05-20T11:04:52+00:00\",\"description\":\"El Convenio 2016 desarrolla los proyectos: L\\u00ednea formativa; L\\u00ednea de investigaci\\u00f3n y Proyectos Cooperaci\\u00f3n Universitaria al Desarrollo\",\"breadcrumb\":{\"@id\":\"https:\/\/internacional.umh.es\/ca\/cooperacion-y-voluntariado\/cooperacion-al-desarrollo\/convenio-cooperacion-universitaria-al-desarrollo\/convenio-2016\/#breadcrumb\"},\"inLanguage\":\"ca\",\"potentialAction\":[{\"@type\":\"ReadAction\",\"target\":[\"https:\/\/internacional.umh.es\/ca\/cooperacion-y-voluntariado\/cooperacion-al-desarrollo\/convenio-cooperacion-universitaria-al-desarrollo\/convenio-2016\/\"]}]},{\"@type\":\"BreadcrumbList\",\"@id\":\"https:\/\/internacional.umh.es\/ca\/cooperacion-y-voluntariado\/cooperacion-al-desarrollo\/convenio-cooperacion-universitaria-al-desarrollo\/convenio-2016\/#breadcrumb\",\"itemListElement\":[{\"@type\":\"ListItem\",\"position\":1,\"name\":\"Home\",\"item\":\"https:\/\/internacional.umh.es\/en\/\"},{\"@type\":\"ListItem\",\"position\":2,\"name\":\"COOPERACI\\u00d3 I VOLUNTARIAT\",\"item\":\"https:\/\/internacional.umh.es\/ca\/cooperacion-y-voluntariado\/\"},{\"@type\":\"ListItem\",\"position\":3,\"name\":\"Cooperaci\\u00f3 aI Desenvolupament\",\"item\":\"https:\/\/internacional.umh.es\/ca\/cooperacion-y-voluntariado\/cooperacion-al-desarrollo\/\"},{\"@type\":\"ListItem\",\"position\":4,\"name\":\"Convenis de Cooperaci\\u00f3 Universitaria al Desenvolupament\",\"item\":\"https:\/\/internacional.umh.es\/ca\/cooperacion-y-voluntariado\/cooperacion-al-desarrollo\/convenio-cooperacion-universitaria-al-desarrollo\/\"},{\"@type\":\"ListItem\",\"position\":5,\"name\":\"Conveni 2016\"}]}]}<\/script>\n<!-- \/ Yoast SEO plugin. -->","yoast_head_json":{"description":"El Convenio 2016 desarrolla los proyectos: L\u00ednea formativa; L\u00ednea de investigaci\u00f3n y Proyectos Cooperaci\u00f3n Universitaria al Desarrollo","robots":{"index":"index","follow":"follow","max-snippet":"max-snippet:-1","max-image-preview":"max-image-preview:large","max-video-preview":"max-video-preview:-1"},"canonical":"https:\/\/internacional.umh.es\/ca\/cooperacion-y-voluntariado\/cooperacion-al-desarrollo\/convenio-cooperacion-universitaria-al-desarrollo\/convenio-2016\/","og_locale":"ca_ES","og_type":"article","og_title":"Conveni 2016 - Internacionalitzaci\u00f3 i Cooperaci\u00f3","og_description":"El Convenio 2016 desarrolla los proyectos: L\u00ednea formativa; L\u00ednea de investigaci\u00f3n y Proyectos Cooperaci\u00f3n Universitaria al Desarrollo","og_url":"https:\/\/internacional.umh.es\/ca\/cooperacion-y-voluntariado\/cooperacion-al-desarrollo\/convenio-cooperacion-universitaria-al-desarrollo\/convenio-2016\/","og_site_name":"Internacionalitzaci\u00f3 i Cooperaci\u00f3","article_modified_time":"2025-05-20T11:04:52+00:00","twitter_card":"summary_large_image","twitter_misc":{"Est. reading time":"1 minut"},"schema":{"@context":"https:\/\/schema.org","@graph":[{"@type":"WebSite","@id":"https:\/\/internacional.umh.es\/en\/#website","url":"https:\/\/internacional.umh.es\/en\/","name":"Internacionalitzaci\u00f3 i Cooperaci\u00f3","description":"Universitat Miguel Hern\u00e1ndez d&#039;Elx","potentialAction":[{"@type":"SearchAction","target":{"@type":"EntryPoint","urlTemplate":"https:\/\/internacional.umh.es\/en\/?s={search_term_string}"},"query-input":"required name=search_term_string"}],"inLanguage":"ca"},{"@type":"WebPage","@id":"https:\/\/internacional.umh.es\/ca\/cooperacion-y-voluntariado\/cooperacion-al-desarrollo\/convenio-cooperacion-universitaria-al-desarrollo\/convenio-2016\/#webpage","url":"https:\/\/internacional.umh.es\/ca\/cooperacion-y-voluntariado\/cooperacion-al-desarrollo\/convenio-cooperacion-universitaria-al-desarrollo\/convenio-2016\/","name":"Conveni 2016 - Internacionalitzaci\u00f3 i Cooperaci\u00f3","isPartOf":{"@id":"https:\/\/internacional.umh.es\/en\/#website"},"datePublished":"2020-07-27T11:18:21+00:00","dateModified":"2025-05-20T11:04:52+00:00","description":"El Convenio 2016 desarrolla los proyectos: L\u00ednea formativa; L\u00ednea de investigaci\u00f3n y Proyectos Cooperaci\u00f3n Universitaria al Desarrollo","breadcrumb":{"@id":"https:\/\/internacional.umh.es\/ca\/cooperacion-y-voluntariado\/cooperacion-al-desarrollo\/convenio-cooperacion-universitaria-al-desarrollo\/convenio-2016\/#breadcrumb"},"inLanguage":"ca","potentialAction":[{"@type":"ReadAction","target":["https:\/\/internacional.umh.es\/ca\/cooperacion-y-voluntariado\/cooperacion-al-desarrollo\/convenio-cooperacion-universitaria-al-desarrollo\/convenio-2016\/"]}]},{"@type":"BreadcrumbList","@id":"https:\/\/internacional.umh.es\/ca\/cooperacion-y-voluntariado\/cooperacion-al-desarrollo\/convenio-cooperacion-universitaria-al-desarrollo\/convenio-2016\/#breadcrumb","itemListElement":[{"@type":"ListItem","position":1,"name":"Home","item":"https:\/\/internacional.umh.es\/en\/"},{"@type":"ListItem","position":2,"name":"COOPERACI\u00d3 I VOLUNTARIAT","item":"https:\/\/internacional.umh.es\/ca\/cooperacion-y-voluntariado\/"},{"@type":"ListItem","position":3,"name":"Cooperaci\u00f3 aI Desenvolupament","item":"https:\/\/internacional.umh.es\/ca\/cooperacion-y-voluntariado\/cooperacion-al-desarrollo\/"},{"@type":"ListItem","position":4,"name":"Convenis de Cooperaci\u00f3 Universitaria al Desenvolupament","item":"https:\/\/internacional.umh.es\/ca\/cooperacion-y-voluntariado\/cooperacion-al-desarrollo\/convenio-cooperacion-universitaria-al-desarrollo\/"},{"@type":"ListItem","position":5,"name":"Conveni 2016"}]}]}},"_links":{"self":[{"href":"https:\/\/internacional.umh.es\/ca\/wp-json\/wp\/v2\/pages\/16160"}],"collection":[{"href":"https:\/\/internacional.umh.es\/ca\/wp-json\/wp\/v2\/pages"}],"about":[{"href":"https:\/\/internacional.umh.es\/ca\/wp-json\/wp\/v2\/types\/page"}],"author":[{"embeddable":true,"href":"https:\/\/internacional.umh.es\/ca\/wp-json\/wp\/v2\/users\/5216"}],"replies":[{"embeddable":true,"href":"https:\/\/internacional.umh.es\/ca\/wp-json\/wp\/v2\/comments?post=16160"}],"version-history":[{"count":0,"href":"https:\/\/internacional.umh.es\/ca\/wp-json\/wp\/v2\/pages\/16160\/revisions"}],"up":[{"embeddable":true,"href":"https:\/\/internacional.umh.es\/ca\/wp-json\/wp\/v2\/pages\/14118"}],"wp:attachment":[{"href":"https:\/\/internacional.umh.es\/ca\/wp-json\/wp\/v2\/media?parent=16160"}],"curies":[{"name":"wp","href":"https:\/\/api.w.org\/{rel}","templated":true}]}}