{"id":16173,"date":"2020-07-27T13:53:37","date_gmt":"2020-07-27T11:53:37","guid":{"rendered":"https:\/\/internacional.umh.es\/?page_id=16173"},"modified":"2025-05-20T12:57:15","modified_gmt":"2025-05-20T10:57:15","slug":"convenio-2018","status":"publish","type":"page","link":"https:\/\/internacional.umh.es\/ca\/cooperacion-y-voluntariado\/cooperacion-al-desarrollo\/convenio-cooperacion-universitaria-al-desarrollo\/convenio-2018\/","title":{"rendered":"Conveni 2018"},"content":{"rendered":"<p><a href=\"#formativa\"><strong> L\u00cdNIA FORMATIVA <\/strong><\/a>|<a href=\"#investigacio\"><strong> L\u00cdNIA INVESTIGACI\u00d3<\/strong><\/a> | <a href=\"#projectes\"><strong> L\u00cdNIA DE PROJECTES CUD<\/strong><\/a><\/p>\n<h3 id=\"formativa\"><strong>L\u00cdNIA FORMATIVA<\/strong><\/h3>\n<ol style=\"margin-bottom: 2px\">\n<li><a title=\"Accedeix al Curs Transpar\u00e8ncia en la gesti\u00f3 de la cooperaci\u00f3 per a m\u00e9s informaci\u00f3\" href=\"https:\/\/internacional.umh.es\/2019\/09\/19\/la-umh-presenta-el-curso-basado-en-la-transparencia-en-la-gestion-de-cooperacion-al-desarrollo\/\">Curs transpar\u00e8ncia en la gesti\u00f3 de la cooperaci\u00f3<\/a><\/li>\n<li><a title=\"Amplia m\u00e9s informaci\u00f3 sobre el Curs la Necessitat de la igualtat de g\u00e8nere per a transformar el nostre m\u00f3n ara\" href=\"https:\/\/internacional.umh.es\/2019\/03\/05\/ii-edicion-del-curso-ods-necesidad-de-la-igualdad-de-genero-para-transformar-nuestro-mundo\/\">Curs La Necessitat de la igualtat de g\u00e8nere per a transformar el nostre m\u00f3n <\/a><\/li>\n<li><a title=\"Entra per a obtindre m\u00e9s informaci\u00f3 sobre la convocat\u00f2ria\" href=\"https:\/\/internacional.umh.es\/2019\/04\/09\/programa-de-cooperacion-al-desarrollo-umh-generalitat-valenciana-2018-2\/\">Convocat\u00f2ria de Beques i bosses de viatge per a la realitzaci\u00f3 del &#8220;M\u00e0ster lnteruniversitario en Cooperaci\u00f3 al Desenvolupament&#8221;<\/a><\/li>\n<li><a title=\"Accedeix i llig amb detall la convocat\u00f2ria de beques remunerades GVA-UMH\" href=\"https:\/\/internacional.umh.es\/2019\/04\/09\/programa-de-cooperacion-al-desarrollo-umh-generalitat-valenciana-2018\/\">Convocat\u00f2ria de Beques remunerades en pr\u00e0ctiques GVA- UMH (Universitat Miguel Hern\u00e1ndez d&#8217;Elx) per a la realitzaci\u00f3 de treballs fi de M\u00e0ster (TFM) i treballs fi de grau (TFG) sobre Cooperaci\u00f3 Internacional per al Desenvolupament<\/a><\/li>\n<li><a title=\"Accedeix si est\u00e0s interessat en m\u00e9s informaci\u00f3\" href=\"https:\/\/internacional.umh.es\/2019\/02\/04\/universitat-dhivern\/\">Organitzaci\u00f3 d&#8217;una &#8220;Universitat d&#8217;Hivern&#8221;, en col\u00b7laboraci\u00f3 amb les altres Universitats p\u00fabliques valencianes<\/a><\/li>\n<li><a title=\"Coneix ara amb m\u00e9s profunditat les activitats i projectes de formaci\u00f3 del voluntariat en la UMH\" href=\"https:\/\/internacional.umh.es\/2019\/09\/06\/el-programa-de-voluntariado-de-la-umh-en-ruanda-potencia-la-formacion-en-cooperacion-al-desarrollo-de-sus-participantes\/\">Formaci\u00f3 del Voluntariat a Ruanda<\/a><\/li>\n<li><a title=\"Accedeix per a con\u00e9ixer m\u00e9s informaci\u00f3 sobre el voluntariat en la UMH\" href=\"https:\/\/internacional.umh.es\/2019\/03\/15\/xv-jornadas-de-promocion-de-voluntariado-en-la-umh\/\">Jornades de promoci\u00f3 del voluntariat<\/a><\/li>\n<p>&nbsp;<\/p>\n<h3 id=\"investigacio\"><strong>L\u00cdNIA INVESTIGACI\u00d3<\/strong><\/h3>\n<li><a href=\"https:\/\/internacional.umh.es\/2019\/04\/09\/programa-de-cooperacion-al-desarrollo-umh-generalitat-valenciana\/\">Convocat\u00f2ria d&#8217;ajudes per a finan\u00e7ar projectes d&#8217;investigaci\u00f3 de car\u00e0cter internacional per a la consecuci\u00f3 dels objectius de desenvolupament sostenible de l&#8217;Agenda 2030 de les Nacions Unides, en el marc dels projectes d&#8217;investigaci\u00f3 de la UMH<\/a><\/li>\n<p>&nbsp;<\/p>\n<h4>Projectes seleccionats:<\/h4>\n<ul>\n<li><a title=\"Accedeix per a con\u00e9ixer m\u00e9s sobre aquest interessant projecte de Francisca Colom a Kenya\" href=\"https:\/\/internacional.umh.es\/2020\/07\/22\/un-proyecto-de-cooperacion-de-la-umh-avanza-en-el-estudio-del-micetoma-en-turkana-kenia\/\">Projecte de la professora D\u00aa Francisca Colom Valiente \u201cMicetoma en Turkana, Kenya\u201d<\/a><\/li>\n<p><\/p>\n<li><a title=\"Accedeix per a m\u00e9s informaci\u00f3 sobre el projecte desenvolupat en Baixa Calif\u00f2rnia\" href=\"https:\/\/internacional.umh.es\/2020\/07\/14\/un-proyecto-de-cooperacion-al-desarrollo-de-la-umh-persigue-la-mejora-de-la-gestion-de-la-ganaderia-tradicional-en-regiones-aridas\/\">Projecte del professor Sr. Andr\u00e9s Gim\u00e9nez Casalduero \u201cObjectius de Desenvolupament Sostenible en regions \u00e0rides: caracteritzaci\u00f3 de trets estructurals i funcionals clau per a la resili\u00e8ncia de sistemes d&#8217;agroramaders\u201d<\/a><\/li>\n<p> <\/p>\n<li><a title=\"Visita'l per a obtindre m\u00e9s info d'aquest projecte UMH al Per\u00fa\" href=\"https:\/\/internacional.umh.\u00e9s\/2020\/07\/23\/un-projecte-de-cooperacion-de-la-umh-promou-plans-per a-la-la-millora-de-la-seguretat-del-pacient-en-peru\/\">Projecte del professor Sr. Jos\u00e9 Joaqu\u00edn Mira Solves \u201cAn\u00e0lisi d&#8217;intervencions per a minimitzar l&#8217;impacte que tenen els esdeveniments adversos en els professionals sanitaris, mentre es millora la seguretat dels pacients i es protegeixen els seus Drets Individuals\u201d<\/a><\/li>\n<p><\/p>\n<li><a title=\"Accedeix per a descobrir en qu\u00e8 consisteix el projecte desenvolupat a Guatemala\" href=\"https:\/\/internacional.umh.es\/2020\/07\/24\/un-proyecto-de-cooperacion-de-la-umh-realiza-una-cartografia-de-los-ods-desde-el-empoderamiento-comunitario-en-guatemala\/\">Projecte de la professora D\u00aa Irene Belmonte Mart\u00edn \u201cCartograf\u00eda dels ODS des de l&#8217;apoderament comunitari a Guatemala<\/a><\/li>\n<p><\/p>\n<li><a title=\"Accedeix a tota la informaci\u00f3 sobre el projecte de neurocirurgia d'\u00c0frica de l'Est\" href=\"https:\/\/internacional.umh.es\/ca\/2019\/09\/30\/proyecto-de-investigacion-formacion-sanitaria-en-neurocirugia-en-africa-del-este\/\" target=\"_blank\" rel=\"noopener noreferrer\">Projecte del professor Sr. Eduardo Fern\u00e1ndez Jover \u201cFormaci\u00f3 sanit\u00e0ria en Neurocirurgia a \u00c0frica de l&#8217;Est\u201d<\/a><\/li>\n<p><\/p>\n<li><a title=\"Accedeix per a obtindre m\u00e9s dades sobre el projecte desenvolupat a Centream\u00e8rica\" href=\"https:\/\/comunicacion.umh.es\/2019\/11\/21\/investigadores-trabajan-sobre-las-causas-de-la-enfermedad-renal-cronica-de-causas-no-tradicionales-en-centroamerica\/\">Projecte del professor Sr. Miguel \u00c1ngel Sogorb S\u00e1nchez \u201cColaboraci\u00f3n amb Centream\u00e8rica per a identificar factors de risc de salut ambiental en comunitats rurals\u201d<\/a><\/li>\n<p><\/p>\n<li><a title=\"Accedeix al portal d'investigaci\u00f3 VIU de la UMH en una nova finestra\" href=\"https:\/\/research.umh.es\/vivo\/individual?uri=http%3A%2F%2Fresearch.umh.es%2Fvivo%2Fpub%2Fproyecto%2FPRONAC-29829\" target=\"Lo ver\u00e1s en una nueva ventana\" rel=\"noopener noreferrer\">Projecte del professor Sr. Salvador Alcaraz Carrasco \u201cModelos de validaci\u00f3 per a arquitectures loT orientades als Objectius de Desenvolupament Sostenible\u201d<\/a><\/li>\n<\/ul>\n<p>&nbsp;<\/p>\n<h3 id=\"projectes\"><strong>L\u00cdNIA DE PROJECTES CUD<\/strong><\/h3>\n<p>Cooperaci\u00f3 Universit\u00e0ria al Desenvolupament (CUD)<\/p>\n<li><a title=\"Accedeix per a obtindre m\u00e9s informaci\u00f3 sobre el projecte desenvolupat a Col\u00f2mbia\" href=\"https:\/\/internacional.umh.es\/ca\/2018\/03\/31\/acciones-de-promocion-de-la-igualdad-de-genero-a-partir-de-iniciativas-encaminadas-a-la-consecucion-de-ingresos-en-mujeres-rurales-de-colombia\/\">Projecte CUD: Accions de promoci\u00f3 de la igualtat de g\u00e8nere a partir d&#8217;iniciatives encaminades a la consecuci\u00f3 d&#8217;ingressos en dones rurals de Col\u00f2mbia<\/a><\/li>\n<p><\/p>\n<li><a title=\"Si vols saber m\u00e9s sobre aquest projecte CUD al Senegal fes clic ara\" href=\"https:\/\/internacional.umh.es\/2020\/01\/07\/un-proyecto-de-cooperacion-al-desarrollo-de-la-umh-ayuda-a-mejorar-la-conservacion-de-suelos-de-la-reserva-natural-comunitaria-de-dindefelo-senegal\/\">Projecte CUD: Conservaci\u00f3 de s\u00f2ls, gesti\u00f3 sostenible i desenvolupament local en la reserva natural comunit\u00e0ria de Dindefelo (el Senegal)<\/a><\/li>\n<\/ol>\n<p>&nbsp;<br \/>\n&nbsp;<\/p>","protected":false},"excerpt":{"rendered":"<p> L\u00cdNIA FORMATIVA | L\u00cdNIA INVESTIGACI\u00d3 |  L\u00cdNIA DE PROJECTES CUD<br \/>\nL\u00cdNIA FORMATIVA<\/p>\n<p>Curs transpar\u00e8ncia en la gesti\u00f3 de la cooperaci\u00f3<br \/>\nCurs La Necessitat de la igualtat de g\u00e8nere per a transformar el nostre m\u00f3n<br \/>\nConvocat\u00f2ria de Beques i bosses de viatge per a la realitzaci\u00f3 del &#8220;M\u00e0ster lnteruniversitario en Cooperaci\u00f3 al Desenvolupament&#8221;<br \/>\nConvocat\u00f2ria de Beques remunerades en [&#8230;]<\/p>\n","protected":false},"author":5216,"featured_media":0,"parent":14118,"menu_order":6,"comment_status":"closed","ping_status":"closed","template":"","meta":{"ngg_post_thumbnail":0,"_links_to":"","_links_to_target":""},"yoast_head":"<!-- This site is optimized with the Yoast SEO plugin v17.5 - https:\/\/yoast.com\/wordpress\/plugins\/seo\/ -->\n<meta name=\"description\" content=\"El Convenio 2018 de Cooperaci\u00f3n al Desarrollo y Voluntariado de la UMH comprende la l\u00ednea formativa, l\u00ednea investigaci\u00f3n y l\u00ednea de proyectos CUD.\" \/>\n<meta name=\"robots\" content=\"index, follow, max-snippet:-1, max-image-preview:large, max-video-preview:-1\" \/>\n<link rel=\"canonical\" href=\"https:\/\/internacional.umh.es\/ca\/cooperacion-y-voluntariado\/cooperacion-al-desarrollo\/convenio-cooperacion-universitaria-al-desarrollo\/convenio-2018\/\" \/>\n<meta property=\"og:locale\" content=\"ca_ES\" \/>\n<meta property=\"og:type\" content=\"article\" \/>\n<meta property=\"og:title\" content=\"Conveni 2018 - Internacionalitzaci\u00f3 i Cooperaci\u00f3\" \/>\n<meta property=\"og:description\" content=\"El Convenio 2018 de Cooperaci\u00f3n al Desarrollo y Voluntariado de la UMH comprende la l\u00ednea formativa, l\u00ednea investigaci\u00f3n y l\u00ednea de proyectos CUD.\" \/>\n<meta property=\"og:url\" content=\"https:\/\/internacional.umh.es\/ca\/cooperacion-y-voluntariado\/cooperacion-al-desarrollo\/convenio-cooperacion-universitaria-al-desarrollo\/convenio-2018\/\" \/>\n<meta property=\"og:site_name\" content=\"Internacionalitzaci\u00f3 i Cooperaci\u00f3\" \/>\n<meta property=\"article:modified_time\" content=\"2025-05-20T10:57:15+00:00\" \/>\n<meta name=\"twitter:card\" content=\"summary_large_image\" \/>\n<meta name=\"twitter:label1\" content=\"Est. reading time\" \/>\n\t<meta name=\"twitter:data1\" content=\"4 minuts\" \/>\n<script type=\"application\/ld+json\" class=\"yoast-schema-graph\">{\"@context\":\"https:\/\/schema.org\",\"@graph\":[{\"@type\":\"WebSite\",\"@id\":\"https:\/\/internacional.umh.es\/en\/#website\",\"url\":\"https:\/\/internacional.umh.es\/en\/\",\"name\":\"Internacionalitzaci\\u00f3 i Cooperaci\\u00f3\",\"description\":\"Universitat Miguel Hern\\u00e1ndez d&#039;Elx\",\"potentialAction\":[{\"@type\":\"SearchAction\",\"target\":{\"@type\":\"EntryPoint\",\"urlTemplate\":\"https:\/\/internacional.umh.es\/en\/?s={search_term_string}\"},\"query-input\":\"required name=search_term_string\"}],\"inLanguage\":\"ca\"},{\"@type\":\"WebPage\",\"@id\":\"https:\/\/internacional.umh.es\/ca\/cooperacion-y-voluntariado\/cooperacion-al-desarrollo\/convenio-cooperacion-universitaria-al-desarrollo\/convenio-2018\/#webpage\",\"url\":\"https:\/\/internacional.umh.es\/ca\/cooperacion-y-voluntariado\/cooperacion-al-desarrollo\/convenio-cooperacion-universitaria-al-desarrollo\/convenio-2018\/\",\"name\":\"Conveni 2018 - Internacionalitzaci\\u00f3 i Cooperaci\\u00f3\",\"isPartOf\":{\"@id\":\"https:\/\/internacional.umh.es\/en\/#website\"},\"datePublished\":\"2020-07-27T11:53:37+00:00\",\"dateModified\":\"2025-05-20T10:57:15+00:00\",\"description\":\"El Convenio 2018 de Cooperaci\\u00f3n al Desarrollo y Voluntariado de la UMH comprende la l\\u00ednea formativa, l\\u00ednea investigaci\\u00f3n y l\\u00ednea de proyectos CUD.\",\"breadcrumb\":{\"@id\":\"https:\/\/internacional.umh.es\/ca\/cooperacion-y-voluntariado\/cooperacion-al-desarrollo\/convenio-cooperacion-universitaria-al-desarrollo\/convenio-2018\/#breadcrumb\"},\"inLanguage\":\"ca\",\"potentialAction\":[{\"@type\":\"ReadAction\",\"target\":[\"https:\/\/internacional.umh.es\/ca\/cooperacion-y-voluntariado\/cooperacion-al-desarrollo\/convenio-cooperacion-universitaria-al-desarrollo\/convenio-2018\/\"]}]},{\"@type\":\"BreadcrumbList\",\"@id\":\"https:\/\/internacional.umh.es\/ca\/cooperacion-y-voluntariado\/cooperacion-al-desarrollo\/convenio-cooperacion-universitaria-al-desarrollo\/convenio-2018\/#breadcrumb\",\"itemListElement\":[{\"@type\":\"ListItem\",\"position\":1,\"name\":\"Home\",\"item\":\"https:\/\/internacional.umh.es\/en\/\"},{\"@type\":\"ListItem\",\"position\":2,\"name\":\"COOPERACI\\u00d3 I VOLUNTARIAT\",\"item\":\"https:\/\/internacional.umh.es\/ca\/cooperacion-y-voluntariado\/\"},{\"@type\":\"ListItem\",\"position\":3,\"name\":\"Cooperaci\\u00f3 aI Desenvolupament\",\"item\":\"https:\/\/internacional.umh.es\/ca\/cooperacion-y-voluntariado\/cooperacion-al-desarrollo\/\"},{\"@type\":\"ListItem\",\"position\":4,\"name\":\"Convenis de Cooperaci\\u00f3 Universitaria al Desenvolupament\",\"item\":\"https:\/\/internacional.umh.es\/ca\/cooperacion-y-voluntariado\/cooperacion-al-desarrollo\/convenio-cooperacion-universitaria-al-desarrollo\/\"},{\"@type\":\"ListItem\",\"position\":5,\"name\":\"Conveni 2018\"}]}]}<\/script>\n<!-- \/ Yoast SEO plugin. -->","yoast_head_json":{"description":"El Convenio 2018 de Cooperaci\u00f3n al Desarrollo y Voluntariado de la UMH comprende la l\u00ednea formativa, l\u00ednea investigaci\u00f3n y l\u00ednea de proyectos CUD.","robots":{"index":"index","follow":"follow","max-snippet":"max-snippet:-1","max-image-preview":"max-image-preview:large","max-video-preview":"max-video-preview:-1"},"canonical":"https:\/\/internacional.umh.es\/ca\/cooperacion-y-voluntariado\/cooperacion-al-desarrollo\/convenio-cooperacion-universitaria-al-desarrollo\/convenio-2018\/","og_locale":"ca_ES","og_type":"article","og_title":"Conveni 2018 - Internacionalitzaci\u00f3 i Cooperaci\u00f3","og_description":"El Convenio 2018 de Cooperaci\u00f3n al Desarrollo y Voluntariado de la UMH comprende la l\u00ednea formativa, l\u00ednea investigaci\u00f3n y l\u00ednea de proyectos CUD.","og_url":"https:\/\/internacional.umh.es\/ca\/cooperacion-y-voluntariado\/cooperacion-al-desarrollo\/convenio-cooperacion-universitaria-al-desarrollo\/convenio-2018\/","og_site_name":"Internacionalitzaci\u00f3 i Cooperaci\u00f3","article_modified_time":"2025-05-20T10:57:15+00:00","twitter_card":"summary_large_image","twitter_misc":{"Est. reading time":"4 minuts"},"schema":{"@context":"https:\/\/schema.org","@graph":[{"@type":"WebSite","@id":"https:\/\/internacional.umh.es\/en\/#website","url":"https:\/\/internacional.umh.es\/en\/","name":"Internacionalitzaci\u00f3 i Cooperaci\u00f3","description":"Universitat Miguel Hern\u00e1ndez d&#039;Elx","potentialAction":[{"@type":"SearchAction","target":{"@type":"EntryPoint","urlTemplate":"https:\/\/internacional.umh.es\/en\/?s={search_term_string}"},"query-input":"required name=search_term_string"}],"inLanguage":"ca"},{"@type":"WebPage","@id":"https:\/\/internacional.umh.es\/ca\/cooperacion-y-voluntariado\/cooperacion-al-desarrollo\/convenio-cooperacion-universitaria-al-desarrollo\/convenio-2018\/#webpage","url":"https:\/\/internacional.umh.es\/ca\/cooperacion-y-voluntariado\/cooperacion-al-desarrollo\/convenio-cooperacion-universitaria-al-desarrollo\/convenio-2018\/","name":"Conveni 2018 - Internacionalitzaci\u00f3 i Cooperaci\u00f3","isPartOf":{"@id":"https:\/\/internacional.umh.es\/en\/#website"},"datePublished":"2020-07-27T11:53:37+00:00","dateModified":"2025-05-20T10:57:15+00:00","description":"El Convenio 2018 de Cooperaci\u00f3n al Desarrollo y Voluntariado de la UMH comprende la l\u00ednea formativa, l\u00ednea investigaci\u00f3n y l\u00ednea de proyectos CUD.","breadcrumb":{"@id":"https:\/\/internacional.umh.es\/ca\/cooperacion-y-voluntariado\/cooperacion-al-desarrollo\/convenio-cooperacion-universitaria-al-desarrollo\/convenio-2018\/#breadcrumb"},"inLanguage":"ca","potentialAction":[{"@type":"ReadAction","target":["https:\/\/internacional.umh.es\/ca\/cooperacion-y-voluntariado\/cooperacion-al-desarrollo\/convenio-cooperacion-universitaria-al-desarrollo\/convenio-2018\/"]}]},{"@type":"BreadcrumbList","@id":"https:\/\/internacional.umh.es\/ca\/cooperacion-y-voluntariado\/cooperacion-al-desarrollo\/convenio-cooperacion-universitaria-al-desarrollo\/convenio-2018\/#breadcrumb","itemListElement":[{"@type":"ListItem","position":1,"name":"Home","item":"https:\/\/internacional.umh.es\/en\/"},{"@type":"ListItem","position":2,"name":"COOPERACI\u00d3 I VOLUNTARIAT","item":"https:\/\/internacional.umh.es\/ca\/cooperacion-y-voluntariado\/"},{"@type":"ListItem","position":3,"name":"Cooperaci\u00f3 aI Desenvolupament","item":"https:\/\/internacional.umh.es\/ca\/cooperacion-y-voluntariado\/cooperacion-al-desarrollo\/"},{"@type":"ListItem","position":4,"name":"Convenis de Cooperaci\u00f3 Universitaria al Desenvolupament","item":"https:\/\/internacional.umh.es\/ca\/cooperacion-y-voluntariado\/cooperacion-al-desarrollo\/convenio-cooperacion-universitaria-al-desarrollo\/"},{"@type":"ListItem","position":5,"name":"Conveni 2018"}]}]}},"_links":{"self":[{"href":"https:\/\/internacional.umh.es\/ca\/wp-json\/wp\/v2\/pages\/16173"}],"collection":[{"href":"https:\/\/internacional.umh.es\/ca\/wp-json\/wp\/v2\/pages"}],"about":[{"href":"https:\/\/internacional.umh.es\/ca\/wp-json\/wp\/v2\/types\/page"}],"author":[{"embeddable":true,"href":"https:\/\/internacional.umh.es\/ca\/wp-json\/wp\/v2\/users\/5216"}],"replies":[{"embeddable":true,"href":"https:\/\/internacional.umh.es\/ca\/wp-json\/wp\/v2\/comments?post=16173"}],"version-history":[{"count":0,"href":"https:\/\/internacional.umh.es\/ca\/wp-json\/wp\/v2\/pages\/16173\/revisions"}],"up":[{"embeddable":true,"href":"https:\/\/internacional.umh.es\/ca\/wp-json\/wp\/v2\/pages\/14118"}],"wp:attachment":[{"href":"https:\/\/internacional.umh.es\/ca\/wp-json\/wp\/v2\/media?parent=16173"}],"curies":[{"name":"wp","href":"https:\/\/api.w.org\/{rel}","templated":true}]}}