{"id":16305,"date":"2020-08-10T12:49:32","date_gmt":"2020-08-10T10:49:32","guid":{"rendered":"https:\/\/internacional.umh.es\/?page_id=16305"},"modified":"2026-02-25T12:55:12","modified_gmt":"2026-02-25T11:55:12","slug":"solicitudes","status":"publish","type":"page","link":"https:\/\/internacional.umh.es\/ca\/incoming\/solicitudes\/","title":{"rendered":"Sol\u00b7licituds"},"content":{"rendered":"<p><\/p>\n<h4>Sol\u00b7licituds, procediment de sol\u00b7licitud i documents necessaris<\/h4>\n<p><strong>\u2013 Si eres estudiant ERASMUS<\/strong>, el Servei de Relacions Internacionals t&#8217;enviar\u00e0 un e-mail per a accedir a l&#8217;aplicaci\u00f3 inform\u00e0tica \u00abMobility En l\u00ednia Application Account\u00bb i les instruccions per a realitzar la teua inscripci\u00f3 de sol\u00b7licituds en l\u00ednia.<\/p>\n<ol>\n<li>La Universitat d&#8217;origen haur\u00e0 d&#8217;enviar al Servei de Relacions Internacionals les dades dels seus estudiants nominats.<\/li>\n<li>El Servei de Relacions Internacionals es posar\u00e0 en contacte amb els estudiants per e-mail per a enviar-los el link per a la seua inscripci\u00f3 en l\u00ednia i tota la informaci\u00f3 necess\u00e0ria per a la seua acceptaci\u00f3 definitiva.<\/li>\n<li>Despr\u00e9s de rebre aquest correu electr\u00f2nic, els estudiants hauran d&#8217;entrar en l&#8217;aplicaci\u00f3 inform\u00e0tica \u00abMobility En l\u00ednia Application Account\u00bb i emplenar el Application Form, adjuntant tots els documents sol\u00b7licitats.<br \/>\n<strong>IMPORTANT:<\/strong> abans de comen\u00e7ar aquest procediment, hauran d&#8217;assegurar-se de disposar de tots els documents necessaris, \u00e9s a dir:<\/li>\n<\/ol>\n<p><img loading=\"lazy\" class=\"aligncenter wp-image-26832 size-large\" title=\"Learning Agreement a emplenar en l\u00ednia amb les dades personals i llistat de les assignatures que es desitgen cursar en la UMH\" src=\"https:\/\/internacional.umh.es\/files\/2022\/06\/Learning-agreement-UMH-e1654673899561-1024x396.png\" alt=\"Learning agreement UMH\" width=\"1024\" height=\"396\" srcset=\"https:\/\/internacional.umh.es\/files\/2022\/06\/Learning-agreement-UMH-e1654673899561-1024x396.png 1024w, https:\/\/internacional.umh.es\/files\/2022\/06\/Learning-agreement-UMH-e1654673899561-300x116.png 300w, https:\/\/internacional.umh.es\/files\/2022\/06\/Learning-agreement-UMH-e1654673899561-768x297.png 768w, https:\/\/internacional.umh.es\/files\/2022\/06\/Learning-agreement-UMH-e1654673899561.png 1152w\" sizes=\"(max-width: 1024px) 100vw, 1024px\" \/><\/p>\n<ul>\n<li>Learning Agreement a emplenar en l\u00ednia amb les dades personals i llistat de les assignatures que es desitgen cursar en la UMH.<\/li>\n<li>Certificat Acad\u00e8mic.<\/li>\n<li>C\u00f2pia del DNI o passaport.<\/li>\n<li>Certificat de coneixements d&#8217;espanyol <a title=\"Ho veur\u00e0s en una nova finestra\" href=\"http:\/\/diplomas.cervantes.es\/es\/informacion\/niveles\/tipos.html\" target=\"_blank\" rel=\"noopener noreferrer\"><strong>Nivell B1, DELE<\/strong><\/a> o superior (o certificat de nivell equivalent).<br \/>\n<strong>IMPORTANT:<\/strong> per a estudis de Grau en Medicina, Fisioter\u00e0pia, Ter\u00e0pia Ocupacional, Podologia i tots els estudis de M\u00e0ster, el certificat de coneixement d&#8217;espanyol ha de ser almenys <strong><a title=\"Ho veur\u00e0s en una nova finestra\" href=\"http:\/\/diplomas.cervantes.es\/es\/informacion\/niveles\/tipos.html\" target=\"_blank\" rel=\"noopener noreferrer\">Nivell B2, DELE<\/a><\/strong> (o certificat equivalent).<\/li>\n<li><strong><a title=\"S'\u00f3brir\u00e0 en una nova finestra\" href=\"https:\/\/internacional.umh.es\/files\/2024\/01\/INCOMING-Medicina-23-24_Spanish.pdf\" target=\"_blank\" rel=\"noopener\">NORMES A SEGUIR EN ELS ESTUDIS EN MEDICINA (168Kb Castell\u00e0 .pdf)<\/a>; <a title=\"You'll see it in a new window\" href=\"https:\/\/internacional.umh.es\/files\/2024\/01\/INCOMING-Medicine-23-24_English.pdf\" target=\"_blank\" rel=\"noopener\">(363Kb Angl\u00e9s .pdf)<\/a><\/strong>: font: Facultat de Medicina.<\/li>\n<\/ul>\n<h5><strong>\u2013 Si eres estudiant d&#8217;un altre programa d&#8217;intercanvi:<\/strong><\/h5>\n<ul>\n<li><a title=\"Ho veur\u00e0s en una nova finestra\" href=\"https:\/\/internacional.umh.es\/files\/2013\/05\/Application_Form_13-14_eng.pdf\" target=\"_blank\" rel=\"noopener noreferrer\"><strong>Formulari de Sol\u00b7licitudes de l&#8217;estudiant (Application Form) (1Mb angl\u00e9s .pdf)<\/strong><\/a><\/li>\n<li><strong><a title=\"Ho veur\u00e0s en una nova finestra\" href=\"https:\/\/internacional.umh.es\/files\/2015\/05\/Learning_Agreement_Incoming_eng.docx\" target=\"_blank\" rel=\"noopener noreferrer\">Acord Acad\u00e8mic Learning Agreement (29Kb angl\u00e9s .docx)<\/a><\/strong>*<strong><a href=\"https:\/\/internacional.umh.es\/files\/2014\/11\/Learning_Agreement_eng.pdf\" target=\"_blank\" rel=\"noopener noreferrer\"><br \/>\n<\/a><\/strong><\/li>\n<li>Una fotografia grand\u00e0ria passaport.<\/li>\n<li>Una c\u00f2pia del Document Nacional d&#8217;Identitat (per a membres de la UE) o Passaport (si no \u00e9s membre de la UE)<\/li>\n<li>Una c\u00f2pia del segur medique de l&#8217;estudiant, tant si \u00e9s privat com si usa la <a title=\"Ho veur\u00e0s en una nova finestra\" href=\"http:\/\/ec.europa.eu\/social\/main.jsp?catId=559&amp;langId=es\" target=\"_blank\" rel=\"noopener noreferrer\"><strong>Targeta Sanit\u00e0ria Europea<\/strong><\/a><\/li>\n<li>Certificat d&#8217;espanyol <a title=\"Ho veur\u00e0s en una nova finestra\" href=\"http:\/\/diplomas.cervantes.es\/es\/informacion\/niveles\/tipos.html\"><strong>Nivell B1, DELE<\/strong><\/a> o superior (o certificat de nivell equivalent). Per a estudis de Grau en Medicina, Fisioter\u00e0pia, Ter\u00e0pia Ocupacional, Podologia i tots els estudis de M\u00e0ster, el certificat de coneixement d&#8217;espanyol ha de ser almenys <strong><a title=\"Ho veur\u00e0s en una nova finestra\" href=\"http:\/\/diplomas.cervantes.es\/es\/informacion\/niveles\/tipos.html\" target=\"_*blank\" rel=\"*noopener noreferrer noopener\">Nivell B2, DELE<\/a><\/strong> (o certificat equivalent)<\/li>\n<li>T\u00edtol de Grau o estudis de primer cicle i\/o certificat de matr\u00edcula en estudis de M\u00e0ster (nom\u00e9s per a estudiants de M\u00e0ster o estudis de segon cicle) <a title=\"Ho veur\u00e0s en una nova finestra\" href=\"https:\/\/internacional.umh.es\/files\/2010\/09\/Cambios-al-LA-esp.pdf\" target=\"_blank\" rel=\"noopener noreferrer\">Canvis al Learning Agreement (542Kb angl\u00e9s .docx)<\/a><\/li>\n<\/ul>\n<p>Una vegada rebuda la documentaci\u00f3, aquesta ser\u00e0 comprovada i autoritzada tant pels coordinadors de les diferents Facultats com pel Coordinador Institucional.<\/p>\n<p>Despr\u00e9s de l&#8217;acceptaci\u00f3 definitiva, s&#8217;enviar\u00e0 l&#8217;Acord Acad\u00e8mic de tornada a l&#8217;Oficina Internacional\/Erasmus de la Universitat d&#8217;origen, degudament signat i segellament, juntament amb una \u2018Carta d&#8217;Acceptaci\u00f3\u2019.<\/p>\n<p>A la seua arribada al seu <a title=\"Ho veur\u00e0s en una nova finestra\" href=\"http:\/\/universite.umh.es\/localizaciones\/\" target=\"_blank\" rel=\"noopener noreferrer\"><strong>respectiu Campus<\/strong><\/a>, l&#8217;estudiant haur\u00e0 de presentar el <a title=\"Ho veur\u00e0s en una nova finestra\" href=\"https:\/\/internacional.umh.es\/files\/2014\/10\/Learning-Agreement-for-studies-final.docx\" target=\"_blank\" rel=\"noopener noreferrer\"><strong>&#8216;Learning Agreement (542Kb Ingl\u00e9s .docx)&#8217;<\/strong><\/a> al <a title=\"Ho veur\u00e0s en una nova finestra\" href=\"https:\/\/www.umh.es\/contenido\/Universidad\/:CEGECA\/datos_es.html\" target=\"_blank\" rel=\"noopener noreferrer\"><strong>Centre de Gesti\u00f3 de Campus (CEGECA<\/strong><\/a>), per a formalitzar la matr\u00edcula. Si f\u00f3ra necessari modificar el pla d&#8217;estudis reflectit en el <em>Learning Agreement,<\/em> l&#8217;estudiant podr\u00e0 utilitzar el document <a title=\"Ho veur\u00e0s en una nova finestra\" href=\"https:\/\/internacional.umh.es\/files\/2014\/10\/Learning-Agreement-for-studies-final.docx\" target=\"_blank\" rel=\"noopener noreferrer\"><strong>Changes to the original Learning Agreement (542Kb angl\u00e9s .docx)<\/strong><\/a> per a aix\u00f2.<\/p>\n<p>Si eres estranger i necessites ajuda amb el nostre idioma, pots inscriure&#8217;t en els nostres <a title=\"Ho veur\u00e0s en una nova finestra\" href=\"https:\/\/internacional.umh.es\/lingua\/\" target=\"_blank\" rel=\"noopener noreferrer\"><strong>Cursos d&#8217;espanyol<\/strong><\/a><\/p>\n<h5><strong>Informaci\u00f3 d&#8217;inter\u00e9s:<\/strong><\/h5>\n<p><a title=\"Ho veur\u00e0s en una nova finestra\" href=\"https:\/\/internacional.umh.es\/files\/2010\/09\/folleto_estudiantes_comunitarios_gob_web1.pdf\" target=\"_blank\" rel=\"noopener noreferrer\">Desc\u00e0rrega el fullet Estudiar a Espanya &#8211; Informaci\u00f3 per a ciutadans de la UE, EEE i Su\u00efssa (709Kb .pdf)<\/a><\/p>\n<h4>Sol\u00b7licituds. procediment de sol\u00b7licitud i documents necessaris<\/h4>\n<p>&nbsp;<\/p>","protected":false},"excerpt":{"rendered":"<p>Sol\u00b7licituds, procediment de sol\u00b7licitud i documents necessaris<br \/>\n\u2013 Si eres estudiant ERASMUS, el Servei de Relacions Internacionals t&#8217;enviar\u00e0 un e-mail per a accedir a l&#8217;aplicaci\u00f3 inform\u00e0tica \u00abMobility En l\u00ednia Application Account\u00bb i les instruccions per a realitzar la teua inscripci\u00f3 de sol\u00b7licituds en l\u00ednia.<\/p>\n<p>La Universitat d&#8217;origen haur\u00e0 d&#8217;enviar al Servei de Relacions Internacionals les dades dels [&#8230;]<\/p>\n","protected":false},"author":5213,"featured_media":0,"parent":8,"menu_order":17,"comment_status":"closed","ping_status":"closed","template":"","meta":{"ngg_post_thumbnail":0,"_links_to":"","_links_to_target":""},"yoast_head":"<!-- This site is optimized with the Yoast SEO plugin v17.5 - https:\/\/yoast.com\/wordpress\/plugins\/seo\/ -->\n<meta name=\"description\" content=\"Servicio de Relaciones Internacionales permite a Erasmus acceder a la aplicaci\u00f3n Mobility Online Application Account y realizar solicitudes\" \/>\n<meta name=\"robots\" content=\"index, follow, max-snippet:-1, max-image-preview:large, max-video-preview:-1\" \/>\n<link rel=\"canonical\" href=\"https:\/\/internacional.umh.es\/ca\/incoming\/solicitudes\/\" \/>\n<meta property=\"og:locale\" content=\"ca_ES\" \/>\n<meta property=\"og:type\" content=\"article\" \/>\n<meta property=\"og:title\" content=\"Sol\u00b7licituds - Internacionalitzaci\u00f3 i Cooperaci\u00f3\" \/>\n<meta property=\"og:description\" content=\"Servicio de Relaciones Internacionales permite a Erasmus acceder a la aplicaci\u00f3n Mobility Online Application Account y realizar solicitudes\" \/>\n<meta property=\"og:url\" content=\"https:\/\/internacional.umh.es\/incoming\/solicitudes\/\" \/>\n<meta property=\"og:site_name\" content=\"Internacionalitzaci\u00f3 i Cooperaci\u00f3\" \/>\n<meta property=\"article:modified_time\" content=\"2026-02-25T11:55:12+00:00\" \/>\n<meta property=\"og:image\" content=\"https:\/\/internacional.umh.es\/files\/2022\/06\/Learning-agreement-UMH-e1654673899561-1024x396.png\" \/>\n<meta name=\"twitter:card\" content=\"summary_large_image\" \/>\n<meta name=\"twitter:label1\" content=\"Est. reading time\" \/>\n\t<meta name=\"twitter:data1\" content=\"3 minuts\" \/>\n<script type=\"application\/ld+json\" class=\"yoast-schema-graph\">{\"@context\":\"https:\/\/schema.org\",\"@graph\":[{\"@type\":\"WebSite\",\"@id\":\"https:\/\/internacional.umh.es\/en\/#website\",\"url\":\"https:\/\/internacional.umh.es\/en\/\",\"name\":\"Internacionalitzaci\\u00f3 i Cooperaci\\u00f3\",\"description\":\"Universitat Miguel Hern\\u00e1ndez d&#039;Elx\",\"potentialAction\":[{\"@type\":\"SearchAction\",\"target\":{\"@type\":\"EntryPoint\",\"urlTemplate\":\"https:\/\/internacional.umh.es\/en\/?s={search_term_string}\"},\"query-input\":\"required name=search_term_string\"}],\"inLanguage\":\"ca\"},{\"@type\":\"ImageObject\",\"@id\":\"https:\/\/internacional.umh.es\/incoming\/solicitudes\/#primaryimage\",\"inLanguage\":\"ca\",\"url\":\"https:\/\/internacional.umh.es\/files\/2022\/06\/Learning-agreement-UMH-e1654673899561.png\",\"contentUrl\":\"https:\/\/internacional.umh.es\/files\/2022\/06\/Learning-agreement-UMH-e1654673899561.png\",\"width\":1152,\"height\":446,\"caption\":\"Learning agreement UMH\"},{\"@type\":\"WebPage\",\"@id\":\"https:\/\/internacional.umh.es\/incoming\/solicitudes\/#webpage\",\"url\":\"https:\/\/internacional.umh.es\/incoming\/solicitudes\/\",\"name\":\"Sol\\u00b7licituds - Internacionalitzaci\\u00f3 i Cooperaci\\u00f3\",\"isPartOf\":{\"@id\":\"https:\/\/internacional.umh.es\/en\/#website\"},\"primaryImageOfPage\":{\"@id\":\"https:\/\/internacional.umh.es\/incoming\/solicitudes\/#primaryimage\"},\"datePublished\":\"2020-08-10T10:49:32+00:00\",\"dateModified\":\"2026-02-25T11:55:12+00:00\",\"description\":\"Servicio de Relaciones Internacionales permite a Erasmus acceder a la aplicaci\\u00f3n Mobility Online Application Account y realizar solicitudes\",\"breadcrumb\":{\"@id\":\"https:\/\/internacional.umh.es\/incoming\/solicitudes\/#breadcrumb\"},\"inLanguage\":\"ca\",\"potentialAction\":[{\"@type\":\"ReadAction\",\"target\":[\"https:\/\/internacional.umh.es\/incoming\/solicitudes\/\"]}]},{\"@type\":\"BreadcrumbList\",\"@id\":\"https:\/\/internacional.umh.es\/incoming\/solicitudes\/#breadcrumb\",\"itemListElement\":[{\"@type\":\"ListItem\",\"position\":1,\"name\":\"Home\",\"item\":\"https:\/\/internacional.umh.es\/en\/\"},{\"@type\":\"ListItem\",\"position\":2,\"name\":\"INCOMING\",\"item\":\"https:\/\/internacional.umh.es\/incoming\/\"},{\"@type\":\"ListItem\",\"position\":3,\"name\":\"Solicitudes\"}]}]}<\/script>\n<!-- \/ Yoast SEO plugin. -->","yoast_head_json":{"description":"Servicio de Relaciones Internacionales permite a Erasmus acceder a la aplicaci\u00f3n Mobility Online Application Account y realizar solicitudes","robots":{"index":"index","follow":"follow","max-snippet":"max-snippet:-1","max-image-preview":"max-image-preview:large","max-video-preview":"max-video-preview:-1"},"canonical":"https:\/\/internacional.umh.es\/ca\/incoming\/solicitudes\/","og_locale":"ca_ES","og_type":"article","og_title":"Sol\u00b7licituds - Internacionalitzaci\u00f3 i Cooperaci\u00f3","og_description":"Servicio de Relaciones Internacionales permite a Erasmus acceder a la aplicaci\u00f3n Mobility Online Application Account y realizar solicitudes","og_url":"https:\/\/internacional.umh.es\/incoming\/solicitudes\/","og_site_name":"Internacionalitzaci\u00f3 i Cooperaci\u00f3","article_modified_time":"2026-02-25T11:55:12+00:00","og_image":[{"url":"https:\/\/internacional.umh.es\/files\/2022\/06\/Learning-agreement-UMH-e1654673899561-1024x396.png"}],"twitter_card":"summary_large_image","twitter_misc":{"Est. reading time":"3 minuts"},"schema":{"@context":"https:\/\/schema.org","@graph":[{"@type":"WebSite","@id":"https:\/\/internacional.umh.es\/en\/#website","url":"https:\/\/internacional.umh.es\/en\/","name":"Internacionalitzaci\u00f3 i Cooperaci\u00f3","description":"Universitat Miguel Hern\u00e1ndez d&#039;Elx","potentialAction":[{"@type":"SearchAction","target":{"@type":"EntryPoint","urlTemplate":"https:\/\/internacional.umh.es\/en\/?s={search_term_string}"},"query-input":"required name=search_term_string"}],"inLanguage":"ca"},{"@type":"ImageObject","@id":"https:\/\/internacional.umh.es\/incoming\/solicitudes\/#primaryimage","inLanguage":"ca","url":"https:\/\/internacional.umh.es\/files\/2022\/06\/Learning-agreement-UMH-e1654673899561.png","contentUrl":"https:\/\/internacional.umh.es\/files\/2022\/06\/Learning-agreement-UMH-e1654673899561.png","width":1152,"height":446,"caption":"Learning agreement UMH"},{"@type":"WebPage","@id":"https:\/\/internacional.umh.es\/incoming\/solicitudes\/#webpage","url":"https:\/\/internacional.umh.es\/incoming\/solicitudes\/","name":"Sol\u00b7licituds - Internacionalitzaci\u00f3 i Cooperaci\u00f3","isPartOf":{"@id":"https:\/\/internacional.umh.es\/en\/#website"},"primaryImageOfPage":{"@id":"https:\/\/internacional.umh.es\/incoming\/solicitudes\/#primaryimage"},"datePublished":"2020-08-10T10:49:32+00:00","dateModified":"2026-02-25T11:55:12+00:00","description":"Servicio de Relaciones Internacionales permite a Erasmus acceder a la aplicaci\u00f3n Mobility Online Application Account y realizar solicitudes","breadcrumb":{"@id":"https:\/\/internacional.umh.es\/incoming\/solicitudes\/#breadcrumb"},"inLanguage":"ca","potentialAction":[{"@type":"ReadAction","target":["https:\/\/internacional.umh.es\/incoming\/solicitudes\/"]}]},{"@type":"BreadcrumbList","@id":"https:\/\/internacional.umh.es\/incoming\/solicitudes\/#breadcrumb","itemListElement":[{"@type":"ListItem","position":1,"name":"Home","item":"https:\/\/internacional.umh.es\/en\/"},{"@type":"ListItem","position":2,"name":"INCOMING","item":"https:\/\/internacional.umh.es\/incoming\/"},{"@type":"ListItem","position":3,"name":"Solicitudes"}]}]}},"_links":{"self":[{"href":"https:\/\/internacional.umh.es\/ca\/wp-json\/wp\/v2\/pages\/16305"}],"collection":[{"href":"https:\/\/internacional.umh.es\/ca\/wp-json\/wp\/v2\/pages"}],"about":[{"href":"https:\/\/internacional.umh.es\/ca\/wp-json\/wp\/v2\/types\/page"}],"author":[{"embeddable":true,"href":"https:\/\/internacional.umh.es\/ca\/wp-json\/wp\/v2\/users\/5213"}],"replies":[{"embeddable":true,"href":"https:\/\/internacional.umh.es\/ca\/wp-json\/wp\/v2\/comments?post=16305"}],"version-history":[{"count":0,"href":"https:\/\/internacional.umh.es\/ca\/wp-json\/wp\/v2\/pages\/16305\/revisions"}],"up":[{"embeddable":true,"href":"https:\/\/internacional.umh.es\/ca\/wp-json\/wp\/v2\/pages\/8"}],"wp:attachment":[{"href":"https:\/\/internacional.umh.es\/ca\/wp-json\/wp\/v2\/media?parent=16305"}],"curies":[{"name":"wp","href":"https:\/\/api.w.org\/{rel}","templated":true}]}}