{"id":16466,"date":"2020-08-17T12:11:19","date_gmt":"2020-08-17T10:11:19","guid":{"rendered":"https:\/\/internacional.umh.es\/?page_id=16466"},"modified":"2022-03-10T12:14:26","modified_gmt":"2022-03-10T11:14:26","slug":"erasmus-pdi-2015-2016","status":"publish","type":"page","link":"https:\/\/internacional.umh.es\/ca\/erasmus-pdi-2015-2016\/","title":{"rendered":"<span lang=\"es\">(Espa\u00f1ol) ERASMUS PDI 2015\/2016<\/span>"},"content":{"rendered":"<p class=\"qtranxs-available-languages-message qtranxs-available-languages-message-ca\">Ho sent, per\u00f2 aquesta entrada nom\u00e9s est\u00e0 disponible en <a href=\"https:\/\/internacional.umh.es\/es\/wp-json\/wp\/v2\/pages\/16466\" class=\"qtranxs-available-language-link qtranxs-available-language-link-es\" title=\"Espa\u00f1ol\">Espanyol Europeu<\/a>.<\/p>","protected":false},"excerpt":{"rendered":"<p>Ho sent, per\u00f2 aquesta entrada nom\u00e9s est\u00e0 disponible en Espanyol Europeu.<\/p>\n","protected":false},"author":5213,"featured_media":0,"parent":0,"menu_order":0,"comment_status":"closed","ping_status":"closed","template":"","meta":{"ngg_post_thumbnail":0,"_links_to":"","_links_to_target":""},"yoast_head":"<!-- This site is optimized with the Yoast SEO plugin v17.5 - https:\/\/yoast.com\/wordpress\/plugins\/seo\/ -->\n<meta name=\"robots\" content=\"index, follow, max-snippet:-1, max-image-preview:large, max-video-preview:-1\" \/>\n<link rel=\"canonical\" href=\"https:\/\/internacional.umh.es\/ca\/erasmus-pdi-2015-2016\/\" \/>\n<meta property=\"og:locale\" content=\"ca_ES\" \/>\n<meta property=\"og:type\" content=\"article\" \/>\n<meta property=\"og:title\" content=\"(Espa\u00f1ol) ERASMUS PDI 2015\/2016 - Internacionalitzaci\u00f3 i Cooperaci\u00f3\" \/>\n<meta property=\"og:description\" content=\"Ho sent, per\u00f2 aquesta entrada nom\u00e9s est\u00e0 disponible en Espanyol Europeu.\" \/>\n<meta property=\"og:url\" content=\"https:\/\/internacional.umh.es\/erasmus-pdi-2015-2016\/\" \/>\n<meta property=\"og:site_name\" content=\"Internacionalitzaci\u00f3 i Cooperaci\u00f3\" \/>\n<meta property=\"article:modified_time\" content=\"2022-03-10T11:14:26+00:00\" \/>\n<meta property=\"og:image\" content=\"https:\/\/internacional.umh.es\/files\/2020\/11\/logo-erasmus-plus-300x61.png\" \/>\n<meta name=\"twitter:card\" content=\"summary_large_image\" \/>\n<meta name=\"twitter:label1\" content=\"Est. reading time\" \/>\n\t<meta name=\"twitter:data1\" content=\"2 minuts\" \/>\n<script type=\"application\/ld+json\" class=\"yoast-schema-graph\">{\"@context\":\"https:\/\/schema.org\",\"@graph\":[{\"@type\":\"WebSite\",\"@id\":\"https:\/\/internacional.umh.es\/en\/#website\",\"url\":\"https:\/\/internacional.umh.es\/en\/\",\"name\":\"Internacionalitzaci\\u00f3 i Cooperaci\\u00f3\",\"description\":\"Universitat Miguel Hern\\u00e1ndez d&#039;Elx\",\"potentialAction\":[{\"@type\":\"SearchAction\",\"target\":{\"@type\":\"EntryPoint\",\"urlTemplate\":\"https:\/\/internacional.umh.es\/en\/?s={search_term_string}\"},\"query-input\":\"required name=search_term_string\"}],\"inLanguage\":\"ca\"},{\"@type\":\"ImageObject\",\"@id\":\"https:\/\/internacional.umh.es\/erasmus-pdi-2015-2016\/#primaryimage\",\"inLanguage\":\"ca\",\"url\":\"https:\/\/internacional.umh.es\/files\/2020\/11\/logo-erasmus-plus.png\",\"contentUrl\":\"https:\/\/internacional.umh.es\/files\/2020\/11\/logo-erasmus-plus.png\",\"width\":1758,\"height\":358,\"caption\":\"Logo Erasmus+\"},{\"@type\":\"WebPage\",\"@id\":\"https:\/\/internacional.umh.es\/erasmus-pdi-2015-2016\/#webpage\",\"url\":\"https:\/\/internacional.umh.es\/erasmus-pdi-2015-2016\/\",\"name\":\"<span lang=\\\"es\\\">(Espa\\u00f1ol) ERASMUS PDI 2015\/2016 - Internacionalitzaci\\u00f3 i Cooperaci\\u00f3<\/span>\",\"isPartOf\":{\"@id\":\"https:\/\/internacional.umh.es\/en\/#website\"},\"primaryImageOfPage\":{\"@id\":\"https:\/\/internacional.umh.es\/erasmus-pdi-2015-2016\/#primaryimage\"},\"datePublished\":\"2020-08-17T10:11:19+00:00\",\"dateModified\":\"2022-03-10T11:14:26+00:00\",\"breadcrumb\":{\"@id\":\"https:\/\/internacional.umh.es\/erasmus-pdi-2015-2016\/#breadcrumb\"},\"inLanguage\":\"ca\",\"potentialAction\":[{\"@type\":\"ReadAction\",\"target\":[\"https:\/\/internacional.umh.es\/erasmus-pdi-2015-2016\/\"]}]},{\"@type\":\"BreadcrumbList\",\"@id\":\"https:\/\/internacional.umh.es\/erasmus-pdi-2015-2016\/#breadcrumb\",\"itemListElement\":[{\"@type\":\"ListItem\",\"position\":1,\"name\":\"Home\",\"item\":\"https:\/\/internacional.umh.es\/en\/\"},{\"@type\":\"ListItem\",\"position\":2,\"name\":\"ERASMUS PDI 2015\/2016\"}]}]}<\/script>\n<!-- \/ Yoast SEO plugin. -->","yoast_head_json":{"robots":{"index":"index","follow":"follow","max-snippet":"max-snippet:-1","max-image-preview":"max-image-preview:large","max-video-preview":"max-video-preview:-1"},"canonical":"https:\/\/internacional.umh.es\/ca\/erasmus-pdi-2015-2016\/","og_locale":"ca_ES","og_type":"article","og_title":"(Espa\u00f1ol) ERASMUS PDI 2015\/2016 - Internacionalitzaci\u00f3 i Cooperaci\u00f3","og_description":"Ho sent, per\u00f2 aquesta entrada nom\u00e9s est\u00e0 disponible en Espanyol Europeu.","og_url":"https:\/\/internacional.umh.es\/erasmus-pdi-2015-2016\/","og_site_name":"Internacionalitzaci\u00f3 i Cooperaci\u00f3","article_modified_time":"2022-03-10T11:14:26+00:00","og_image":[{"url":"https:\/\/internacional.umh.es\/files\/2020\/11\/logo-erasmus-plus-300x61.png"}],"twitter_card":"summary_large_image","twitter_misc":{"Est. reading time":"2 minuts"},"schema":{"@context":"https:\/\/schema.org","@graph":[{"@type":"WebSite","@id":"https:\/\/internacional.umh.es\/en\/#website","url":"https:\/\/internacional.umh.es\/en\/","name":"Internacionalitzaci\u00f3 i Cooperaci\u00f3","description":"Universitat Miguel Hern\u00e1ndez d&#039;Elx","potentialAction":[{"@type":"SearchAction","target":{"@type":"EntryPoint","urlTemplate":"https:\/\/internacional.umh.es\/en\/?s={search_term_string}"},"query-input":"required name=search_term_string"}],"inLanguage":"ca"},{"@type":"ImageObject","@id":"https:\/\/internacional.umh.es\/erasmus-pdi-2015-2016\/#primaryimage","inLanguage":"ca","url":"https:\/\/internacional.umh.es\/files\/2020\/11\/logo-erasmus-plus.png","contentUrl":"https:\/\/internacional.umh.es\/files\/2020\/11\/logo-erasmus-plus.png","width":1758,"height":358,"caption":"Logo Erasmus+"},{"@type":"WebPage","@id":"https:\/\/internacional.umh.es\/erasmus-pdi-2015-2016\/#webpage","url":"https:\/\/internacional.umh.es\/erasmus-pdi-2015-2016\/","name":"<span lang=\"es\">(Espa\u00f1ol) ERASMUS PDI 2015\/2016 - Internacionalitzaci\u00f3 i Cooperaci\u00f3<\/span>","isPartOf":{"@id":"https:\/\/internacional.umh.es\/en\/#website"},"primaryImageOfPage":{"@id":"https:\/\/internacional.umh.es\/erasmus-pdi-2015-2016\/#primaryimage"},"datePublished":"2020-08-17T10:11:19+00:00","dateModified":"2022-03-10T11:14:26+00:00","breadcrumb":{"@id":"https:\/\/internacional.umh.es\/erasmus-pdi-2015-2016\/#breadcrumb"},"inLanguage":"ca","potentialAction":[{"@type":"ReadAction","target":["https:\/\/internacional.umh.es\/erasmus-pdi-2015-2016\/"]}]},{"@type":"BreadcrumbList","@id":"https:\/\/internacional.umh.es\/erasmus-pdi-2015-2016\/#breadcrumb","itemListElement":[{"@type":"ListItem","position":1,"name":"Home","item":"https:\/\/internacional.umh.es\/en\/"},{"@type":"ListItem","position":2,"name":"ERASMUS PDI 2015\/2016"}]}]}},"_links":{"self":[{"href":"https:\/\/internacional.umh.es\/ca\/wp-json\/wp\/v2\/pages\/16466"}],"collection":[{"href":"https:\/\/internacional.umh.es\/ca\/wp-json\/wp\/v2\/pages"}],"about":[{"href":"https:\/\/internacional.umh.es\/ca\/wp-json\/wp\/v2\/types\/page"}],"author":[{"embeddable":true,"href":"https:\/\/internacional.umh.es\/ca\/wp-json\/wp\/v2\/users\/5213"}],"replies":[{"embeddable":true,"href":"https:\/\/internacional.umh.es\/ca\/wp-json\/wp\/v2\/comments?post=16466"}],"version-history":[{"count":0,"href":"https:\/\/internacional.umh.es\/ca\/wp-json\/wp\/v2\/pages\/16466\/revisions"}],"wp:attachment":[{"href":"https:\/\/internacional.umh.es\/ca\/wp-json\/wp\/v2\/media?parent=16466"}],"curies":[{"name":"wp","href":"https:\/\/api.w.org\/{rel}","templated":true}]}}