{"id":16586,"date":"2020-09-02T12:18:23","date_gmt":"2020-09-02T10:18:23","guid":{"rendered":"https:\/\/internacional.umh.es\/?page_id=16586"},"modified":"2025-05-20T12:56:44","modified_gmt":"2025-05-20T10:56:44","slug":"convenio-2019","status":"publish","type":"page","link":"https:\/\/internacional.umh.es\/ca\/cooperacion-y-voluntariado\/cooperacion-al-desarrollo\/convenio-cooperacion-universitaria-al-desarrollo\/convenio-2019\/","title":{"rendered":"Conveni 2019"},"content":{"rendered":"<p><a href=\"#formativa\"><strong> L\u00cdNIA FORMATIVA <\/strong><\/a>|<a href=\"#investigacio\"><strong> L\u00cdNIA INVESTIGACI\u00d3<\/strong><\/a> | <a href=\"#projectes\"><strong> L\u00cdNIA DE PROJECTES CUD<\/strong><\/a><\/p>\n<h3 id=\"formativa\"><strong>L\u00cdNIA FORMATIVA<\/strong><\/h3>\n<ol style=\"margin-bottom: 2px\">\n<li><a href=\"https:\/\/internacional.umh.es\/2020\/12\/17\/curso-semipresencial-sostenibilidad-ambiental-desde-la-vision-de-los-ods\/\" title=\"Accedeix per a obtindre m\u00e9s informaci\u00f3 sobre el curs de Sostenibilitat ambiental des de la visi\u00f3 dels ODS\">Curs &#8220;Sostenibilitat ambiental des de la visi\u00f3 dels ODS&#8221;, dirigit a tota la comunitat universit\u00e0ria<\/a><\/li>\n<li><a href=\"https:\/\/internacional.umh.es\/2020\/12\/17\/curso-online-estrategias-activas-para-la-educacion-en-ods-gamificacion-y-escape-rooms\/\" title=\"Accedeix per a obtindre informaci\u00f3 sobre el curs d'Estrat\u00e8gies actives per a l'educaci\u00f3 en ODS: ludificaci\u00f3 i escape rooms\">Curs &#8220;Estrat\u00e8gies actives per a l&#8217;educaci\u00f3 en ODS: ludificaci\u00f3 i fuita rooms&#8221;, dirigit al professorat universitari de la Universitat Miguel Hern\u00e1ndez<\/a><\/li>\n<li><a href=\"https:\/\/internacional.umh.es\/2020\/01\/24\/iv-universidad-de-invierno-la-cooperacion-internacional-al-desarrollo-en-la-implementacion-de-los-ods\/\" title=\"Accedeix per a obtindre informaci\u00f3 sobre l'IV Universitat d'Hivern\">IV Universitat d&#8217;Hivern, en la Universitat Miguel Hern\u00e1ndez d&#8217;Elx, en col\u00b7laboraci\u00f3 amb la resta d&#8217;universitats p\u00fabliques valencianes<\/a><\/li>\n<li><a href=\"https:\/\/internacional.umh.es\/cooperacion-y-voluntariado\/becas-umh\/master-cooperacion-al-desarrollo\/\" title=\"Accedeix ara per a obtindre informaci\u00f3 sobre la convocat\u00f2ria\">Convocat\u00f2ria de Bosses de Viatge i manutenci\u00f3 per a la realitzaci\u00f3 de pr\u00e0ctiques a alumnes del M\u00e0ster lnteruniversitario de Cooperaci\u00f3 al Desenvolupament &#8211; Especialitat en Salut, de la Universitat Miguel Hern\u00e1ndez<\/a><\/li>\n<li><a href=\"https:\/\/internacional.umh.es\/cooperacion-y-voluntariado\/becas-umh\/13821-2\/\" title=\"Accedeix ara per a obtindre informaci\u00f3 sobre la convocat\u00f2ria\">Convocat\u00f2ria d&#8217;Ajudes UMH per a impulsar Treballs Fi de Grau, Treballs Fi de M\u00e0ster i pr\u00e0ctiques en el marc de la promoci\u00f3 dels Objectius de Desenvolupament Sostenible<\/a><\/li>\n<li>Programa de voluntariat de cooperaci\u00f3 internacional al desenvolupament de la Universitat Miguel Hern\u00e1ndez a Ruanda. <a href=\"https:\/\/internacional.umh.es\/2020\/03\/18\/cancelacion-del-programa-de-voluntariado-en-ruanda-2020\/\" title=\"Accedeix per a obtindre m\u00e9s informaci\u00f3 sobre la cancel\u00b7laci\u00f3\">Cancel\u00b7lat a causa de la crisi sanit\u00e0ria causada pel COVID-19<\/a><\/li>\n<li><a href=\"https:\/\/internacional.umh.es\/cooperacion-y-voluntariado\/formacion-en-voluntariado\/eventos\/\" title=\"Accedeix per a obtindre m\u00e9s informaci\u00f3 sobre les Jornades de promoci\u00f3 del voluntariat\">Jornades de promoci\u00f3 del voluntariat. Del 23 al 26 de novembre<strong> del 2020<\/strong><\/a><\/li>\n<p>&nbsp;<\/p>\n<h3 id=\"investigacio\"><strong>L\u00cdNIA INVESTIGACI\u00d3<\/strong><\/h3>\n<li><a href=\"https:\/\/internacional.umh.es\/cooperacion-y-voluntariado\/becas-umh\/proyectos-de-investigacion-sobre-ods-2019-2020-convocatoria-finalizada\/\" title=\"Accedeix per a con\u00e9ixer m\u00e9s informaci\u00f3 sobre la convocat\u00f2ria d'ajudes\">Convocat\u00f2ria d&#8217;ajudes per a Projectes d&#8217;Investigaci\u00f3 sobre la tem\u00e0tica dels ODS<\/a><\/li>\n<p>&nbsp;<\/p>\n<h4>Projectes seleccionats:<\/h4>\n<ul>\n<li><span style=\"font-weight: 400\">Projecte \u201cEstudi comparat de models processals des de la perspectiva dels ODS. Una mirada a la intel\u00b7lig\u00e8ncia artificial\u201d<\/span><br \/>\n<a href=\"https:\/\/processal-ods-ia.umh.\u00e9s\/presentacion\/\" title=\"Accedeix a la web del projecte en una nova finestra\" target=\"_blank\" rel=\"noopener noreferrer\">&#8211; Enlla\u00e7 a web del projecte<\/a><\/li>\n<p><\/p>\n<li>Projecte &#8220;Millora de la qualitat assistencial en diabetis en poblacions ind\u00edgenes de l&#8217;Equador&#8221;<\/li>\n<\/ul>\n<p>&nbsp;<\/p>\n<h3 id=\"projectes\"><strong>L\u00cdNIA DE PROJECTES CUD<\/strong><\/h3>\n<p>Cooperaci\u00f3 Universit\u00e0ria al Desenvolupament (CUD)<\/p>\n<li>Realitzaci\u00f3 de les diferents fases del projecte: &#8220;Formaci\u00f3 de professors d&#8217;educaci\u00f3 f\u00edsica en inclusi\u00f3 escolar i t\u00e8cnics esportius en esport paral\u00edmpic a Paraguai&#8221;<\/li>\n<li> Realitzaci\u00f3 de les diferents fases del projecte: &#8220;Cap a una gesti\u00f3 efica\u00e7 i transparent de la seguretat ciutadana: Acci\u00f3 de capacitaci\u00f3 en la prevenci\u00f3 de la delinq\u00fc\u00e8ncia i enfortiment democr\u00e0tic&#8221;<\/li>\n<\/ol>\n<p>&nbsp;<\/p>","protected":false},"excerpt":{"rendered":"<p> L\u00cdNIA FORMATIVA | L\u00cdNIA INVESTIGACI\u00d3 |  L\u00cdNIA DE PROJECTES CUD<br \/>\nL\u00cdNIA FORMATIVA<\/p>\n<p>Curs &#8220;Sostenibilitat ambiental des de la visi\u00f3 dels ODS&#8221;, dirigit a tota la comunitat universit\u00e0ria<br \/>\nCurs &#8220;Estrat\u00e8gies actives per a l&#8217;educaci\u00f3 en ODS: ludificaci\u00f3 i fuita rooms&#8221;, dirigit al professorat universitari de la Universitat Miguel Hern\u00e1ndez<br \/>\nIV Universitat d&#8217;Hivern, en la Universitat Miguel Hern\u00e1ndez d&#8217;Elx, [&#8230;]<\/p>\n","protected":false},"author":5216,"featured_media":0,"parent":14118,"menu_order":5,"comment_status":"closed","ping_status":"closed","template":"","meta":{"ngg_post_thumbnail":0,"_links_to":"","_links_to_target":""},"yoast_head":"<!-- This site is optimized with the Yoast SEO plugin v17.5 - https:\/\/yoast.com\/wordpress\/plugins\/seo\/ -->\n<meta name=\"description\" content=\"El Convenio 2019 se desarrolla los proyectos: l\u00ednea formativa; l\u00ednea de investigaci\u00f3n; l\u00ednea proyectos cooperaci\u00f3n universitaria al desarrollo\" \/>\n<meta name=\"robots\" content=\"index, follow, max-snippet:-1, max-image-preview:large, max-video-preview:-1\" \/>\n<link rel=\"canonical\" href=\"https:\/\/internacional.umh.es\/ca\/cooperacion-y-voluntariado\/cooperacion-al-desarrollo\/convenio-cooperacion-universitaria-al-desarrollo\/convenio-2019\/\" \/>\n<meta property=\"og:locale\" content=\"ca_ES\" \/>\n<meta property=\"og:type\" content=\"article\" \/>\n<meta property=\"og:title\" content=\"Conveni 2019 - Internacionalitzaci\u00f3 i Cooperaci\u00f3\" \/>\n<meta property=\"og:description\" content=\"El Convenio 2019 se desarrolla los proyectos: l\u00ednea formativa; l\u00ednea de investigaci\u00f3n; l\u00ednea proyectos cooperaci\u00f3n universitaria al desarrollo\" \/>\n<meta property=\"og:url\" content=\"https:\/\/internacional.umh.es\/ca\/cooperacion-y-voluntariado\/cooperacion-al-desarrollo\/convenio-cooperacion-universitaria-al-desarrollo\/convenio-2019\/\" \/>\n<meta property=\"og:site_name\" content=\"Internacionalitzaci\u00f3 i Cooperaci\u00f3\" \/>\n<meta property=\"article:modified_time\" content=\"2025-05-20T10:56:44+00:00\" \/>\n<meta property=\"og:image\" content=\"https:\/\/internacional.umh.es\/files\/2022\/04\/file-20201005-22-j8hizy-150x150.jpg\" \/>\n<meta name=\"twitter:card\" content=\"summary_large_image\" \/>\n<meta name=\"twitter:label1\" content=\"Est. reading time\" \/>\n\t<meta name=\"twitter:data1\" content=\"3 minuts\" \/>\n<script type=\"application\/ld+json\" class=\"yoast-schema-graph\">{\"@context\":\"https:\/\/schema.org\",\"@graph\":[{\"@type\":\"WebSite\",\"@id\":\"https:\/\/internacional.umh.es\/en\/#website\",\"url\":\"https:\/\/internacional.umh.es\/en\/\",\"name\":\"Internacionalitzaci\\u00f3 i Cooperaci\\u00f3\",\"description\":\"Universitat Miguel Hern\\u00e1ndez d&#039;Elx\",\"potentialAction\":[{\"@type\":\"SearchAction\",\"target\":{\"@type\":\"EntryPoint\",\"urlTemplate\":\"https:\/\/internacional.umh.es\/en\/?s={search_term_string}\"},\"query-input\":\"required name=search_term_string\"}],\"inLanguage\":\"ca\"},{\"@type\":\"ImageObject\",\"@id\":\"https:\/\/internacional.umh.es\/ca\/cooperacion-y-voluntariado\/cooperacion-al-desarrollo\/convenio-cooperacion-universitaria-al-desarrollo\/convenio-2019\/#primaryimage\",\"inLanguage\":\"ca\",\"url\":\"https:\/\/internacional.umh.es\/files\/2022\/04\/file-20201005-22-j8hizy.jpg\",\"contentUrl\":\"https:\/\/internacional.umh.es\/files\/2022\/04\/file-20201005-22-j8hizy.jpg\",\"width\":238,\"height\":238},{\"@type\":\"WebPage\",\"@id\":\"https:\/\/internacional.umh.es\/ca\/cooperacion-y-voluntariado\/cooperacion-al-desarrollo\/convenio-cooperacion-universitaria-al-desarrollo\/convenio-2019\/#webpage\",\"url\":\"https:\/\/internacional.umh.es\/ca\/cooperacion-y-voluntariado\/cooperacion-al-desarrollo\/convenio-cooperacion-universitaria-al-desarrollo\/convenio-2019\/\",\"name\":\"Conveni 2019 - Internacionalitzaci\\u00f3 i Cooperaci\\u00f3\",\"isPartOf\":{\"@id\":\"https:\/\/internacional.umh.es\/en\/#website\"},\"primaryImageOfPage\":{\"@id\":\"https:\/\/internacional.umh.es\/ca\/cooperacion-y-voluntariado\/cooperacion-al-desarrollo\/convenio-cooperacion-universitaria-al-desarrollo\/convenio-2019\/#primaryimage\"},\"datePublished\":\"2020-09-02T10:18:23+00:00\",\"dateModified\":\"2025-05-20T10:56:44+00:00\",\"description\":\"El Convenio 2019 se desarrolla los proyectos: l\\u00ednea formativa; l\\u00ednea de investigaci\\u00f3n; l\\u00ednea proyectos cooperaci\\u00f3n universitaria al desarrollo\",\"breadcrumb\":{\"@id\":\"https:\/\/internacional.umh.es\/ca\/cooperacion-y-voluntariado\/cooperacion-al-desarrollo\/convenio-cooperacion-universitaria-al-desarrollo\/convenio-2019\/#breadcrumb\"},\"inLanguage\":\"ca\",\"potentialAction\":[{\"@type\":\"ReadAction\",\"target\":[\"https:\/\/internacional.umh.es\/ca\/cooperacion-y-voluntariado\/cooperacion-al-desarrollo\/convenio-cooperacion-universitaria-al-desarrollo\/convenio-2019\/\"]}]},{\"@type\":\"BreadcrumbList\",\"@id\":\"https:\/\/internacional.umh.es\/ca\/cooperacion-y-voluntariado\/cooperacion-al-desarrollo\/convenio-cooperacion-universitaria-al-desarrollo\/convenio-2019\/#breadcrumb\",\"itemListElement\":[{\"@type\":\"ListItem\",\"position\":1,\"name\":\"Home\",\"item\":\"https:\/\/internacional.umh.es\/en\/\"},{\"@type\":\"ListItem\",\"position\":2,\"name\":\"COOPERACI\\u00d3 I VOLUNTARIAT\",\"item\":\"https:\/\/internacional.umh.es\/ca\/cooperacion-y-voluntariado\/\"},{\"@type\":\"ListItem\",\"position\":3,\"name\":\"Cooperaci\\u00f3 aI Desenvolupament\",\"item\":\"https:\/\/internacional.umh.es\/ca\/cooperacion-y-voluntariado\/cooperacion-al-desarrollo\/\"},{\"@type\":\"ListItem\",\"position\":4,\"name\":\"Convenis de Cooperaci\\u00f3 Universitaria al Desenvolupament\",\"item\":\"https:\/\/internacional.umh.es\/ca\/cooperacion-y-voluntariado\/cooperacion-al-desarrollo\/convenio-cooperacion-universitaria-al-desarrollo\/\"},{\"@type\":\"ListItem\",\"position\":5,\"name\":\"Conveni 2019\"}]}]}<\/script>\n<!-- \/ Yoast SEO plugin. -->","yoast_head_json":{"description":"El Convenio 2019 se desarrolla los proyectos: l\u00ednea formativa; l\u00ednea de investigaci\u00f3n; l\u00ednea proyectos cooperaci\u00f3n universitaria al desarrollo","robots":{"index":"index","follow":"follow","max-snippet":"max-snippet:-1","max-image-preview":"max-image-preview:large","max-video-preview":"max-video-preview:-1"},"canonical":"https:\/\/internacional.umh.es\/ca\/cooperacion-y-voluntariado\/cooperacion-al-desarrollo\/convenio-cooperacion-universitaria-al-desarrollo\/convenio-2019\/","og_locale":"ca_ES","og_type":"article","og_title":"Conveni 2019 - Internacionalitzaci\u00f3 i Cooperaci\u00f3","og_description":"El Convenio 2019 se desarrolla los proyectos: l\u00ednea formativa; l\u00ednea de investigaci\u00f3n; l\u00ednea proyectos cooperaci\u00f3n universitaria al desarrollo","og_url":"https:\/\/internacional.umh.es\/ca\/cooperacion-y-voluntariado\/cooperacion-al-desarrollo\/convenio-cooperacion-universitaria-al-desarrollo\/convenio-2019\/","og_site_name":"Internacionalitzaci\u00f3 i Cooperaci\u00f3","article_modified_time":"2025-05-20T10:56:44+00:00","og_image":[{"url":"https:\/\/internacional.umh.es\/files\/2022\/04\/file-20201005-22-j8hizy-150x150.jpg"}],"twitter_card":"summary_large_image","twitter_misc":{"Est. reading time":"3 minuts"},"schema":{"@context":"https:\/\/schema.org","@graph":[{"@type":"WebSite","@id":"https:\/\/internacional.umh.es\/en\/#website","url":"https:\/\/internacional.umh.es\/en\/","name":"Internacionalitzaci\u00f3 i Cooperaci\u00f3","description":"Universitat Miguel Hern\u00e1ndez d&#039;Elx","potentialAction":[{"@type":"SearchAction","target":{"@type":"EntryPoint","urlTemplate":"https:\/\/internacional.umh.es\/en\/?s={search_term_string}"},"query-input":"required name=search_term_string"}],"inLanguage":"ca"},{"@type":"ImageObject","@id":"https:\/\/internacional.umh.es\/ca\/cooperacion-y-voluntariado\/cooperacion-al-desarrollo\/convenio-cooperacion-universitaria-al-desarrollo\/convenio-2019\/#primaryimage","inLanguage":"ca","url":"https:\/\/internacional.umh.es\/files\/2022\/04\/file-20201005-22-j8hizy.jpg","contentUrl":"https:\/\/internacional.umh.es\/files\/2022\/04\/file-20201005-22-j8hizy.jpg","width":238,"height":238},{"@type":"WebPage","@id":"https:\/\/internacional.umh.es\/ca\/cooperacion-y-voluntariado\/cooperacion-al-desarrollo\/convenio-cooperacion-universitaria-al-desarrollo\/convenio-2019\/#webpage","url":"https:\/\/internacional.umh.es\/ca\/cooperacion-y-voluntariado\/cooperacion-al-desarrollo\/convenio-cooperacion-universitaria-al-desarrollo\/convenio-2019\/","name":"Conveni 2019 - Internacionalitzaci\u00f3 i Cooperaci\u00f3","isPartOf":{"@id":"https:\/\/internacional.umh.es\/en\/#website"},"primaryImageOfPage":{"@id":"https:\/\/internacional.umh.es\/ca\/cooperacion-y-voluntariado\/cooperacion-al-desarrollo\/convenio-cooperacion-universitaria-al-desarrollo\/convenio-2019\/#primaryimage"},"datePublished":"2020-09-02T10:18:23+00:00","dateModified":"2025-05-20T10:56:44+00:00","description":"El Convenio 2019 se desarrolla los proyectos: l\u00ednea formativa; l\u00ednea de investigaci\u00f3n; l\u00ednea proyectos cooperaci\u00f3n universitaria al desarrollo","breadcrumb":{"@id":"https:\/\/internacional.umh.es\/ca\/cooperacion-y-voluntariado\/cooperacion-al-desarrollo\/convenio-cooperacion-universitaria-al-desarrollo\/convenio-2019\/#breadcrumb"},"inLanguage":"ca","potentialAction":[{"@type":"ReadAction","target":["https:\/\/internacional.umh.es\/ca\/cooperacion-y-voluntariado\/cooperacion-al-desarrollo\/convenio-cooperacion-universitaria-al-desarrollo\/convenio-2019\/"]}]},{"@type":"BreadcrumbList","@id":"https:\/\/internacional.umh.es\/ca\/cooperacion-y-voluntariado\/cooperacion-al-desarrollo\/convenio-cooperacion-universitaria-al-desarrollo\/convenio-2019\/#breadcrumb","itemListElement":[{"@type":"ListItem","position":1,"name":"Home","item":"https:\/\/internacional.umh.es\/en\/"},{"@type":"ListItem","position":2,"name":"COOPERACI\u00d3 I VOLUNTARIAT","item":"https:\/\/internacional.umh.es\/ca\/cooperacion-y-voluntariado\/"},{"@type":"ListItem","position":3,"name":"Cooperaci\u00f3 aI Desenvolupament","item":"https:\/\/internacional.umh.es\/ca\/cooperacion-y-voluntariado\/cooperacion-al-desarrollo\/"},{"@type":"ListItem","position":4,"name":"Convenis de Cooperaci\u00f3 Universitaria al Desenvolupament","item":"https:\/\/internacional.umh.es\/ca\/cooperacion-y-voluntariado\/cooperacion-al-desarrollo\/convenio-cooperacion-universitaria-al-desarrollo\/"},{"@type":"ListItem","position":5,"name":"Conveni 2019"}]}]}},"_links":{"self":[{"href":"https:\/\/internacional.umh.es\/ca\/wp-json\/wp\/v2\/pages\/16586"}],"collection":[{"href":"https:\/\/internacional.umh.es\/ca\/wp-json\/wp\/v2\/pages"}],"about":[{"href":"https:\/\/internacional.umh.es\/ca\/wp-json\/wp\/v2\/types\/page"}],"author":[{"embeddable":true,"href":"https:\/\/internacional.umh.es\/ca\/wp-json\/wp\/v2\/users\/5216"}],"replies":[{"embeddable":true,"href":"https:\/\/internacional.umh.es\/ca\/wp-json\/wp\/v2\/comments?post=16586"}],"version-history":[{"count":0,"href":"https:\/\/internacional.umh.es\/ca\/wp-json\/wp\/v2\/pages\/16586\/revisions"}],"up":[{"embeddable":true,"href":"https:\/\/internacional.umh.es\/ca\/wp-json\/wp\/v2\/pages\/14118"}],"wp:attachment":[{"href":"https:\/\/internacional.umh.es\/ca\/wp-json\/wp\/v2\/media?parent=16586"}],"curies":[{"name":"wp","href":"https:\/\/api.w.org\/{rel}","templated":true}]}}