{"id":1672,"date":"2014-02-27T15:17:58","date_gmt":"2014-02-27T14:17:58","guid":{"rendered":"http:\/\/internacional.umh.es\/?page_id=1672"},"modified":"2024-05-31T12:53:29","modified_gmt":"2024-05-31T10:53:29","slug":"umh-club-erasmus-experience","status":"publish","type":"page","link":"https:\/\/internacional.umh.es\/ca\/incoming\/welcome-office\/umh-club-erasmus-experience\/","title":{"rendered":"UMH Club ERASMUS Experience"},"content":{"rendered":"<p><\/p>\n<p style=\"text-align: justify\"><img loading=\"lazy\" class=\"size-medium wp-image-13778 alignleft\" src=\"https:\/\/internacional.umh.es\/files\/2019\/11\/Logo-Erasmus-300x120.jpg\" alt=\"Club ERASMUS Experience logo\" title=\"\nConeix a fons els avantatges de formar part del Club ERASMUS Experience de la UMH\" width=\"300\" height=\"120\" srcset=\"https:\/\/internacional.umh.es\/files\/2019\/11\/Logo-Erasmus-300x120.jpg 300w, https:\/\/internacional.umh.es\/files\/2019\/11\/Logo-Erasmus.jpg 566w\" sizes=\"(max-width: 300px) 100vw, 300px\" \/>El UMH <strong>Club Erasmus Experience<\/strong> forma part del Vicerectorat de Relacions Internacionals de la Universitat Miguel Hern\u00e1ndez d&#8217;Elx.<\/p>\n<p style=\"text-align: justify\"> \u00c9s gestionat per un grup d&#8217;alumnes de la UMH que pret\u00e9n acostar la universitat a tots els estudiants i, sobretot, als quals visiten la UMH dins d&#8217;un programa d&#8217;intercanvi.<\/p>\n<p style=\"text-align: justify\">La seua finalitat \u00e9s afavorir la inserci\u00f3 dels estudiants estrangers en la vida acad\u00e8mica i cultural de la nostra universitat, organitzant activitats socioculturals, viatges i eixides rurals, a m\u00e9s de promoure el coneixement dels pa\u00efsos de proced\u00e8ncia dels estudiants estrangers entre els membres de la nostra comunitat universit\u00e0ria.<\/p>\n<p style=\"text-align: justify\">El UMH Club ERASMUS Experience anir\u00e0 oferint activitats de tota mena durant tot el curs, per\u00f2 tamb\u00e9 est\u00e0 obert a rebre propostes per part dels seus socis. Est\u00e0 a la vostra sencera disposici\u00f3 a trav\u00e9s de l&#8217;e-mail <strong><a href=\"mailto:programa.buddy@umh.es\" title=\"Ho veur\u00e0s en una nova finestra\">programa.buddy@umh.es<\/a><\/strong> i a trav\u00e9s de <strong><a href=\"https:\/\/www.instagram.com\/cluberasmusumh\/?hl=es\" title=\"Ho veur\u00e0s en una nova finestra\" target=\"_blank\" rel=\"noopener noreferrer\">Instagram<\/a><\/strong><\/p>\n<p style=\"text-align: justify\">Amb la creaci\u00f3 del <strong>UMH CLUB ERASMUS CLUB EXPERIENCE<\/strong>, la UMH pret\u00e9n crear un f\u00f2rum de trobada internacional, presencial i virtual, que fomente i dinamitze les relacions i activitats internacionals entre la comunitat universit\u00e0ria a trav\u00e9s de la difusi\u00f3 d&#8217;experi\u00e8ncies i organitzaci\u00f3 d&#8217;activitats de diversa \u00edndole. La creaci\u00f3 d&#8217;una xarxa d&#8217;estudiants entorn d&#8217;aquest Club, ajudar\u00e0 a fomentar el proc\u00e9s d&#8217;internacionalitzaci\u00f3 i europe\u00eftzaci\u00f3 de tots els col\u00b7lectius de la UMH mitjan\u00e7ant diferents activitats compartides. D&#8217;altra banda, tamb\u00e9 propiciar\u00e0 el desenvolupament de nous f\u00f2rums, tant presencials com virtuals, per a la participaci\u00f3 i conviv\u00e8ncia intercultural.<\/p>\n<h3><strong>Pertinen\u00e7a al club<\/strong><\/h3>\n<p style=\"text-align: justify\">Podran ser membres tots els estudiants de la UMH que hagen realitzat una estada de mobilitat Erasmus, d&#8217;almenys un semestre de duraci\u00f3, en qualsevol curs acad\u00e8mic i es troben matriculats d&#8217;estudis oficials en la UMH. Aix\u00ed com tots els estudiants <em>ERASMUS incoming <\/em>que desitgen pert\u00e0nyer al Club. Tamb\u00e9 podran ser membres del Club els estudiants que hagen sol\u00b7licitat en la UMH una pla\u00e7a ERASMUS per a realitzar el pr\u00f2xim curs una estada de mobilitat.<\/p>\n<p style=\"text-align: justify\">Els membres del <strong>UMH CLUB ERASMUS CLUB EXPERIENCE<\/strong> tindran dret a:<\/p>\n<ul>\n<li>Acreditaci\u00f3 de la seua pertinen\u00e7a al Club.<\/li>\n<li>Acc\u00e9s a les aplicacions inform\u00e0tiques relatives al club que poguera implementar la coordinaci\u00f3 d&#8217;aquest.<\/li>\n<li>Invitaci\u00f3 a la Jornada UMH de Bienvenida ERASMUS.<\/li>\n<li>Descompte del 75% de la targeta esportiva UMH.<\/li>\n<li>Altres avantatges addicionals que puguen concretar-se en el futur.<\/li>\n<\/ul>\n<p style=\"text-align: justify\">Els membres del <strong>UMH CLUB ERASMUS EXPERIENCE<\/strong> es comprometen a col\u00b7laborar, en la mesura que siga possible, en les activitats i dinamitzaci\u00f3 del Club, aix\u00ed com assistir a les activitats programades que estaran obertes a la participaci\u00f3 de tota la comunitat universit\u00e0ria, amb la finalitat de fomentar la internacionalitzaci\u00f3 i mobilitat d&#8217;aquesta.<\/p>\n<h3><strong>Funcionament del club<\/strong><\/h3>\n<p style=\"text-align: justify\">L&#8217;estudiant Coordinador\/a del <strong>UMH CLUB ERASMUS EXPERIENCE <\/strong>ser\u00e0, durant un curs acad\u00e8mic, la persona encarregada de la gesti\u00f3 i dinamitzaci\u00f3 de les activitats del Club. Ser\u00e0 proposada per la Delegaci\u00f3 d&#8217;Estudiants <strong>abans del 15 de juny de cada curs acad\u00e8mic<\/strong>, nomenada pel Vicerector d&#8217;Estudiants i Coordinaci\u00f3, i <strong>ser\u00e0 susceptible de reconeixement de cr\u00e8dits d&#8217;acord amb l&#8217;article 4.1.a. Criteris de reconeixement per activitats culturals, solid\u00e0ries i de cooperaci\u00f3,<\/strong> de la <a href=\"https:\/\/estudios.umh.es\/files\/2016\/11\/06-Normativa-Reconocimiento-de-Competencias-Transversales-y-Profesionales-web.pdf\" target=\"_blank\" title=\"Ho veur\u00e0s en una nova finestra\" rel=\"noopener noreferrer\">Normativa de reconeixement de compet\u00e9ncies transversals i professionals dels t\u00edtols de grau de la Universitat Miguel Hern\u00e1ndez d&#8217;Elx (224Kb Castell\u00e0 .pdf)<\/a><\/p>\n<p style=\"text-align: justify\">El Coordinador o la Coordinadora del Club podr\u00e0 comptar amb l&#8217;assessorament de la Comissi\u00f3 de Seguiment del <strong>UMH CLUB ERASMUS CLUB EXPERIENCE<\/strong> que estar\u00e0 composta per la Delegada General d&#8217;Estudiants, el Vicerector d&#8217;Estudiants i Esports, el Vicerector de Relacions Internacionals, o persones en qui deleguen, i un representant del Personal d&#8217;Administraci\u00f3 i Serveis. A m\u00e9s, la Delegaci\u00f3 d&#8217;Estudiants facilitar\u00e0 al Coordinador del Club la realitzaci\u00f3 de les activitats proposades i la seua divulgaci\u00f3 a trav\u00e9s de la seua estructura.<\/p>\n<p style=\"text-align: justify\">El Coordinador o la Coordinadora haur\u00e0 de preparar un <strong>Pla d&#8217;Activitats<\/strong> per al seg\u00fcent curs acad\u00e8mic que haur\u00e0 de presentar abans del 15 de juliol a la Comissi\u00f3 de Seguiment del <strong>UMH CLUB ERASMUS EXPERIENCE<\/strong> per a la seua possible aprovaci\u00f3 abans del 15 de setembre. Al llarg del curs acad\u00e8mic, el Coordinador o la Coordinadora, amb el vistiplau de la Delegaci\u00f3 General d&#8217;Estudiants, podr\u00e0 proposar activitats addicionals a les inicialment planificades sempre que contribu\u00efsquen als fins del club. En la mem\u00f2ria anual haur\u00e0 de recollir-se, almenys, una jornada anual de benvinguda als estudiants ERASMUS, activitats que fomenten grups de conversa, la promoci\u00f3 de l&#8217;\u00fas de lleng\u00fces estrangeres i la creaci\u00f3 de xarxes socials de relaci\u00f3, tant f\u00edsiques com a trav\u00e9s de les noves tecnologies de la informaci\u00f3 per a la divulgaci\u00f3 i dinamitzaci\u00f3 d&#8217;activitats.<\/p>\n<p style=\"text-align: justify\">El Coordinador o la Coordinadora s&#8217;encarregar\u00e0 tamb\u00e9 d&#8217;assegurar l&#8217;adequada divulgaci\u00f3 del Club i les seues activitats a tota la comunitat universit\u00e0ria.<\/p>\n<p style=\"text-align: justify\">Abans de finalitzar el curs acad\u00e8mic, el Coordinador o la Coordinadora del Club haur\u00e0 de preparar una <strong>Mem\u00f2ria anual d&#8217;activitats realitzades<\/strong> en el curs acad\u00e8mic que haur\u00e0 de ser remesa a la Comissi\u00f3 de Seguiment abans del 30 de juliol per a la seua aprovaci\u00f3, moment en el qual deixar\u00e0 d&#8217;exercir les funcions de coordinaci\u00f3 en el cas que un nou Coordinador o una nova Coordinadora hagen sigut nomenats per al seg\u00fcent curs acad\u00e8mic.<\/p>\n<p style=\"text-align: justify\">Per a obtindre m\u00e9s informaci\u00f3 o realitzar consultes, pots dirigir-te al Club a trav\u00e9s del correu electr\u00f2nic <a href=\"mailto:programa.buddy@umh.es\" title=\"Ho veur\u00e0s en una nova finestra\" target=\"_blank\" rel=\"noopener\"><strong>programa.buddy@umh.es<\/strong><\/a><\/p>\n<ul>\n<li><a href=\"https:\/\/internacional.umh.es\/files\/2012\/03\/UMH-ERASMUS-CLUB-EXPERIENCE.pdf\" target=\"_blank\" title=\"Ho veur\u00e0s en una nova finestra\" rel=\"noopener noreferrer\"><strong>Llegir el document complet de creaci\u00f3 del UMH CLUB ERASMUS EXPERIENCE (30Kb Castell\u00e0 .pdf)<\/strong><\/a><\/li>\n<\/ul>\n<p><\/p>","protected":false},"excerpt":{"rendered":"<p>El UMH Club Erasmus Experience forma part del Vicerectorat de Relacions Internacionals de la Universitat Miguel Hern\u00e1ndez d&#8217;Elx.<br \/>\n \u00c9s gestionat per un grup d&#8217;alumnes de la UMH que pret\u00e9n acostar la universitat a tots els estudiants i, sobretot, als quals visiten la UMH dins d&#8217;un programa d&#8217;intercanvi.<br \/>\nLa seua finalitat \u00e9s afavorir la inserci\u00f3 dels estudiants [&#8230;]<\/p>\n","protected":false},"author":30,"featured_media":0,"parent":15497,"menu_order":3,"comment_status":"closed","ping_status":"closed","template":"","meta":{"ngg_post_thumbnail":0,"_links_to":"","_links_to_target":""},"yoast_head":"<!-- This site is optimized with the Yoast SEO plugin v17.5 - https:\/\/yoast.com\/wordpress\/plugins\/seo\/ -->\n<meta name=\"description\" content=\"UMH Club Erasmus Experience por el Vdo. de Rel. Internacionales permite la inserci\u00f3n de estudiantes extranjeros en vida acad\u00e9mica y social\" \/>\n<meta name=\"robots\" content=\"index, follow, max-snippet:-1, max-image-preview:large, max-video-preview:-1\" \/>\n<link rel=\"canonical\" href=\"https:\/\/internacional.umh.es\/ca\/incoming\/welcome-office\/umh-club-erasmus-experience\/\" \/>\n<meta property=\"og:locale\" content=\"ca_ES\" \/>\n<meta property=\"og:type\" content=\"article\" \/>\n<meta property=\"og:title\" content=\"UMH Club ERASMUS Experience - Internacionalitzaci\u00f3 i Cooperaci\u00f3\" \/>\n<meta property=\"og:description\" content=\"UMH Club Erasmus Experience por el Vdo. de Rel. Internacionales permite la inserci\u00f3n de estudiantes extranjeros en vida acad\u00e9mica y social\" \/>\n<meta property=\"og:url\" content=\"https:\/\/internacional.umh.es\/incoming\/welcome-office\/umh-club-erasmus-experience\/\" \/>\n<meta property=\"og:site_name\" content=\"Internacionalitzaci\u00f3 i Cooperaci\u00f3\" \/>\n<meta property=\"article:modified_time\" content=\"2024-05-31T10:53:29+00:00\" \/>\n<meta property=\"og:image\" content=\"https:\/\/internacional.umh.es\/files\/2019\/11\/Logo-Erasmus-300x120.jpg\" \/>\n<meta name=\"twitter:card\" content=\"summary_large_image\" \/>\n<meta name=\"twitter:label1\" content=\"Est. reading time\" \/>\n\t<meta name=\"twitter:data1\" content=\"5 minuts\" \/>\n<script type=\"application\/ld+json\" class=\"yoast-schema-graph\">{\"@context\":\"https:\/\/schema.org\",\"@graph\":[{\"@type\":\"WebSite\",\"@id\":\"https:\/\/internacional.umh.es\/en\/#website\",\"url\":\"https:\/\/internacional.umh.es\/en\/\",\"name\":\"Internacionalitzaci\\u00f3 i Cooperaci\\u00f3\",\"description\":\"Universitat Miguel Hern\\u00e1ndez d&#039;Elx\",\"potentialAction\":[{\"@type\":\"SearchAction\",\"target\":{\"@type\":\"EntryPoint\",\"urlTemplate\":\"https:\/\/internacional.umh.es\/en\/?s={search_term_string}\"},\"query-input\":\"required name=search_term_string\"}],\"inLanguage\":\"ca\"},{\"@type\":\"ImageObject\",\"@id\":\"https:\/\/internacional.umh.es\/incoming\/welcome-office\/umh-club-erasmus-experience\/#primaryimage\",\"inLanguage\":\"ca\",\"url\":\"https:\/\/internacional.umh.es\/files\/2019\/11\/Logo-Erasmus.jpg\",\"contentUrl\":\"https:\/\/internacional.umh.es\/files\/2019\/11\/Logo-Erasmus.jpg\",\"width\":566,\"height\":226,\"caption\":\"Club ERASMUS Experience logo\"},{\"@type\":\"WebPage\",\"@id\":\"https:\/\/internacional.umh.es\/incoming\/welcome-office\/umh-club-erasmus-experience\/#webpage\",\"url\":\"https:\/\/internacional.umh.es\/incoming\/welcome-office\/umh-club-erasmus-experience\/\",\"name\":\"UMH Club ERASMUS Experience - Internacionalitzaci\\u00f3 i Cooperaci\\u00f3\",\"isPartOf\":{\"@id\":\"https:\/\/internacional.umh.es\/en\/#website\"},\"primaryImageOfPage\":{\"@id\":\"https:\/\/internacional.umh.es\/incoming\/welcome-office\/umh-club-erasmus-experience\/#primaryimage\"},\"datePublished\":\"2014-02-27T14:17:58+00:00\",\"dateModified\":\"2024-05-31T10:53:29+00:00\",\"description\":\"UMH Club Erasmus Experience por el Vdo. de Rel. Internacionales permite la inserci\\u00f3n de estudiantes extranjeros en vida acad\\u00e9mica y social\",\"breadcrumb\":{\"@id\":\"https:\/\/internacional.umh.es\/incoming\/welcome-office\/umh-club-erasmus-experience\/#breadcrumb\"},\"inLanguage\":\"ca\",\"potentialAction\":[{\"@type\":\"ReadAction\",\"target\":[\"https:\/\/internacional.umh.es\/incoming\/welcome-office\/umh-club-erasmus-experience\/\"]}]},{\"@type\":\"BreadcrumbList\",\"@id\":\"https:\/\/internacional.umh.es\/incoming\/welcome-office\/umh-club-erasmus-experience\/#breadcrumb\",\"itemListElement\":[{\"@type\":\"ListItem\",\"position\":1,\"name\":\"Home\",\"item\":\"https:\/\/internacional.umh.es\/en\/\"},{\"@type\":\"ListItem\",\"position\":2,\"name\":\"INCOMING\",\"item\":\"https:\/\/internacional.umh.es\/incoming\/\"},{\"@type\":\"ListItem\",\"position\":3,\"name\":\"Welcome Office\",\"item\":\"https:\/\/internacional.umh.es\/incoming\/welcome-office\/\"},{\"@type\":\"ListItem\",\"position\":4,\"name\":\"UMH Club ERASMUS Experience\"}]}]}<\/script>\n<!-- \/ Yoast SEO plugin. -->","yoast_head_json":{"description":"UMH Club Erasmus Experience por el Vdo. de Rel. Internacionales permite la inserci\u00f3n de estudiantes extranjeros en vida acad\u00e9mica y social","robots":{"index":"index","follow":"follow","max-snippet":"max-snippet:-1","max-image-preview":"max-image-preview:large","max-video-preview":"max-video-preview:-1"},"canonical":"https:\/\/internacional.umh.es\/ca\/incoming\/welcome-office\/umh-club-erasmus-experience\/","og_locale":"ca_ES","og_type":"article","og_title":"UMH Club ERASMUS Experience - Internacionalitzaci\u00f3 i Cooperaci\u00f3","og_description":"UMH Club Erasmus Experience por el Vdo. de Rel. Internacionales permite la inserci\u00f3n de estudiantes extranjeros en vida acad\u00e9mica y social","og_url":"https:\/\/internacional.umh.es\/incoming\/welcome-office\/umh-club-erasmus-experience\/","og_site_name":"Internacionalitzaci\u00f3 i Cooperaci\u00f3","article_modified_time":"2024-05-31T10:53:29+00:00","og_image":[{"url":"https:\/\/internacional.umh.es\/files\/2019\/11\/Logo-Erasmus-300x120.jpg"}],"twitter_card":"summary_large_image","twitter_misc":{"Est. reading time":"5 minuts"},"schema":{"@context":"https:\/\/schema.org","@graph":[{"@type":"WebSite","@id":"https:\/\/internacional.umh.es\/en\/#website","url":"https:\/\/internacional.umh.es\/en\/","name":"Internacionalitzaci\u00f3 i Cooperaci\u00f3","description":"Universitat Miguel Hern\u00e1ndez d&#039;Elx","potentialAction":[{"@type":"SearchAction","target":{"@type":"EntryPoint","urlTemplate":"https:\/\/internacional.umh.es\/en\/?s={search_term_string}"},"query-input":"required name=search_term_string"}],"inLanguage":"ca"},{"@type":"ImageObject","@id":"https:\/\/internacional.umh.es\/incoming\/welcome-office\/umh-club-erasmus-experience\/#primaryimage","inLanguage":"ca","url":"https:\/\/internacional.umh.es\/files\/2019\/11\/Logo-Erasmus.jpg","contentUrl":"https:\/\/internacional.umh.es\/files\/2019\/11\/Logo-Erasmus.jpg","width":566,"height":226,"caption":"Club ERASMUS Experience logo"},{"@type":"WebPage","@id":"https:\/\/internacional.umh.es\/incoming\/welcome-office\/umh-club-erasmus-experience\/#webpage","url":"https:\/\/internacional.umh.es\/incoming\/welcome-office\/umh-club-erasmus-experience\/","name":"UMH Club ERASMUS Experience - Internacionalitzaci\u00f3 i Cooperaci\u00f3","isPartOf":{"@id":"https:\/\/internacional.umh.es\/en\/#website"},"primaryImageOfPage":{"@id":"https:\/\/internacional.umh.es\/incoming\/welcome-office\/umh-club-erasmus-experience\/#primaryimage"},"datePublished":"2014-02-27T14:17:58+00:00","dateModified":"2024-05-31T10:53:29+00:00","description":"UMH Club Erasmus Experience por el Vdo. de Rel. Internacionales permite la inserci\u00f3n de estudiantes extranjeros en vida acad\u00e9mica y social","breadcrumb":{"@id":"https:\/\/internacional.umh.es\/incoming\/welcome-office\/umh-club-erasmus-experience\/#breadcrumb"},"inLanguage":"ca","potentialAction":[{"@type":"ReadAction","target":["https:\/\/internacional.umh.es\/incoming\/welcome-office\/umh-club-erasmus-experience\/"]}]},{"@type":"BreadcrumbList","@id":"https:\/\/internacional.umh.es\/incoming\/welcome-office\/umh-club-erasmus-experience\/#breadcrumb","itemListElement":[{"@type":"ListItem","position":1,"name":"Home","item":"https:\/\/internacional.umh.es\/en\/"},{"@type":"ListItem","position":2,"name":"INCOMING","item":"https:\/\/internacional.umh.es\/incoming\/"},{"@type":"ListItem","position":3,"name":"Welcome Office","item":"https:\/\/internacional.umh.es\/incoming\/welcome-office\/"},{"@type":"ListItem","position":4,"name":"UMH Club ERASMUS Experience"}]}]}},"_links":{"self":[{"href":"https:\/\/internacional.umh.es\/ca\/wp-json\/wp\/v2\/pages\/1672"}],"collection":[{"href":"https:\/\/internacional.umh.es\/ca\/wp-json\/wp\/v2\/pages"}],"about":[{"href":"https:\/\/internacional.umh.es\/ca\/wp-json\/wp\/v2\/types\/page"}],"author":[{"embeddable":true,"href":"https:\/\/internacional.umh.es\/ca\/wp-json\/wp\/v2\/users\/30"}],"replies":[{"embeddable":true,"href":"https:\/\/internacional.umh.es\/ca\/wp-json\/wp\/v2\/comments?post=1672"}],"version-history":[{"count":0,"href":"https:\/\/internacional.umh.es\/ca\/wp-json\/wp\/v2\/pages\/1672\/revisions"}],"up":[{"embeddable":true,"href":"https:\/\/internacional.umh.es\/ca\/wp-json\/wp\/v2\/pages\/15497"}],"wp:attachment":[{"href":"https:\/\/internacional.umh.es\/ca\/wp-json\/wp\/v2\/media?parent=1672"}],"curies":[{"name":"wp","href":"https:\/\/api.w.org\/{rel}","templated":true}]}}