{"id":169,"date":"2011-07-11T13:38:41","date_gmt":"2011-07-11T11:38:41","guid":{"rendered":"http:\/\/internacional.umh.es\/estudiantes\/"},"modified":"2026-03-11T12:51:29","modified_gmt":"2026-03-11T11:51:29","slug":"estudiantes","status":"publish","type":"page","link":"https:\/\/internacional.umh.es\/ca\/movilidad\/estudiantes\/","title":{"rendered":"Estudiants"},"content":{"rendered":"<p><a title=\"Accedeix ara a informaci\u00f3 sobre el Programa ERASMUS\" href=\"https:\/\/internacional.umh.es\/ca\/movilidad\/estudiantes\/erasmus\/\"><img loading=\"lazy\" class=\"alignnone wp-image-16316\" src=\"https:\/\/internacional.umh.es\/files\/2020\/08\/ERASMUS-300x173.png\" alt=\"Bot\u00f3 ERASMUS estudiants\" width=\"147\" height=\"85\" srcset=\"https:\/\/internacional.umh.es\/files\/2020\/08\/ERASMUS-300x173.png 300w, https:\/\/internacional.umh.es\/files\/2020\/08\/ERASMUS.png 410w\" sizes=\"(max-width: 147px) 100vw, 147px\" \/><\/a>&nbsp;<a title=\"Accedeix ara a informaci\u00f3 sobre el Programa SICUE\" href=\"https:\/\/internacional.umh.es\/ca\/movilidad\/estudiantes\/sicue\/\"><img loading=\"lazy\" class=\"alignnone wp-image-16313\" title=\"Accedeix ara a informaci\u00f3 sobre el Programa SICUE\" src=\"https:\/\/internacional.umh.es\/files\/2020\/08\/sicue-300x173.png\" alt=\"Bot\u00f3 SICUE estudiants\" width=\"147\" height=\"85\" srcset=\"https:\/\/internacional.umh.es\/files\/2020\/08\/sicue-300x173.png 300w, https:\/\/internacional.umh.es\/files\/2020\/08\/sicue.png 410w\" sizes=\"(max-width: 147px) 100vw, 147px\" \/><\/a>&nbsp;<a title=\"Accedeix ara a informaci\u00f3 sobre el Programa DESTINO\" href=\"https:\/\/internacional.umh.es\/ca\/movilidad\/estudiantes\/destino\/\"><img loading=\"lazy\" class=\"alignnone wp-image-16310\" title=\"Accedeix ara a informaci\u00f3 sobre el Programa DESTINO\" src=\"https:\/\/internacional.umh.es\/files\/2020\/08\/DESTINO-300x173.png\" alt=\"Bot\u00f3 DESTINO estudiants\" width=\"147\" height=\"85\" srcset=\"https:\/\/internacional.umh.es\/files\/2020\/08\/DESTINO-300x173.png 300w, https:\/\/internacional.umh.es\/files\/2020\/08\/DESTINO.png 410w\" sizes=\"(max-width: 147px) 100vw, 147px\" \/> <\/a><a href=\"https:\/\/bit.ly\/MUDI-UMH\" rel=\"noopener\" target=\"_blank\" title=\"Accedeix al programa MUDI amb la Universitat Wuzi Pequ\u00edn BWU la Xina en una nova finestra\"><img loading=\"lazy\" class=\"alignnone wp-image-27424\" src=\"https:\/\/internacional.umh.es\/files\/2022\/09\/botones-web-1-300x171.png\" alt=\"MUDI Programa bot\u00f3\" width=\"147\" height=\"84\" srcset=\"https:\/\/internacional.umh.es\/files\/2022\/09\/botones-web-1-300x171.png 300w, https:\/\/internacional.umh.es\/files\/2022\/09\/botones-web-1.png 413w\" sizes=\"(max-width: 147px) 100vw, 147px\" \/><\/a><\/p>\n<ul>\n<li><strong><a title=\"Accedeix a informaci\u00f3 detallada sobre Erasmus estudis ara\" href=\"https:\/\/internacional.umh.es\/ca\/movilidad\/estudiantes\/erasmus\/erasmus-estudios-2022-2023\/\" rel=\"noopener noreferrer\">Estudis<\/a><\/strong><\/li>\n<li><strong><a title=\"Accedeix ara a informaci\u00f3 detallada sobre Erasmus pr\u00e0ctiques\" href=\"https:\/\/internacional.umh.es\/ca\/movilidad\/estudiantes\/erasmus\/erasmuspracticas\/\" rel=\"noopener noreferrer\">Pr\u00e0ctiques<\/a><\/strong><\/li>\n<\/ul>\n<hr>\n<h3><strong>SESSIONS INFORMATIVES PROGRAMES DE MOBILITAT 2022\/2023<\/strong><\/h3>\n<p style=\"text-align: justify\">El Servei de Relacions Internacionals, Cooperaci\u00f3 al Desenvolupament i Voluntariat realitzar\u00e0 dues sessions informatives en l\u00ednia sobre els programes de mobilitat <strong>ERASMUS, SICUE i DESTINO per al curs 2022\/2023.<\/strong><\/p>\n<p style=\"text-align: justify\">Est\u00e0s sessions tindran una duraci\u00f3 aproximada d&#8217;hora i mitja i es realitzaran en l\u00ednia. Per a la seua celebraci\u00f3 l&#8217;estudiantat interessat podr\u00e0 triar entre els seg\u00fcents dies:<\/p>\n<p><strong>Dimarts 29<\/strong> de novembre a les 17:00h.<\/p>\n<ul>\n<li>Streaming: <a href=\"https:\/\/urldefense.com\/v3\/__http:\/\/stream.meet.google.com\/stream\/50c0efb6-80f1-41cd-8fe0-331e1ff9875c__;!!D9dNQwwGXtA!UWCzI18o355jf2rwi4SHLh1Zv6pTrMX1Es-D6SRxr0Ke0aPHM1PDcJ6Ebu96DoEPJ6UopRTW-_aMWamw$\" data-saferedirecturl=\"https:\/\/www.google.com\/url?q=https:\/\/urldefense.com\/v3\/__http:\/\/stream.meet.google.com\/stream\/50c0efb6-80f1-41cd-8fe0-331e1ff9875c__;!!D9dNQwwGXtA!UWCzI18o355jf2rwi4SHLh1Zv6pTrMX1Es-D6SRxr0Ke0aPHM1PDcJ6Ebu96DoEPJ6UopRTW-_aMWamw$&amp;source=gmail&amp;ust=1669795643088000&amp;usg=AOvVaw0S0kEIuN4s7VQ5nDV_NOQt\" title=\"Ho veur\u00e0s en una nova finestra\" target=\"_blank\" rel=\"noopener\">stream.meet.google.com\/stream\/50c0efb6-80f1-41cd-8fe0-331e1ff9875c<\/a>\n<p style=\"font-weight: 400\">&nbsp;<\/p>\n<\/li>\n<\/ul>\n<p><strong>Dimecres 30<\/strong> de novembre a les 13:00h.&nbsp;<\/p>\n<ul>\n<li>Streaming: <a href=\"https:\/\/urldefense.com\/v3\/__http:\/\/stream.meet.google.com\/stream\/9d0c33fd-b029-49ae-9c37-bdf43ad741c3__;!!D9dNQwwGXtA!UWCzI18o355jf2rwi4SHLh1Zv6pTrMX1Es-D6SRxr0Ke0aPHM1PDcJ6Ebu96DoEPJ6UopRTW-0YpW5vN$\" target=\"_blank\" rel=\"noopener\" data-saferedirecturl=\"https:\/\/www.google.com\/url?q=https:\/\/urldefense.com\/v3\/__http:\/\/stream.meet.google.com\/stream\/9d0c33fd-b029-49ae-9c37-bdf43ad741c3__;!!D9dNQwwGXtA!UWCzI18o355jf2rwi4SHLh1Zv6pTrMX1Es-D6SRxr0Ke0aPHM1PDcJ6Ebu96DoEPJ6UopRTW-0YpW5vN$&amp;source=gmail&amp;ust=1669795643088000&amp;usg=AOvVaw2kakI0YEjteBsZ6snCPrC1\" title=\"Ho veur\u00e0s en una nova finestra\">stream.meet.google.com\/stream\/9d0c33fd-b029-49ae-9c37-bdf43ad741c3<\/a><\/li>\n<\/ul>\n<p>Si vols participar en un programa de mobilitat internacional o nacional durant el curs 2023\/2024 i vols rebre informaci\u00f3 i aclarir els teus dubtes pots inscriure&#8217;t a la sessi\u00f3 fins al pr\u00f2xim 28 de novembre a les 23.00 hores a trav\u00e9s d&#8217;este <a href=\"https:\/\/forms.gle\/MoMpwU9K9mFoyPKe8\" target=\"_blank\" rel=\"noopener\" title=\"Lo ver\u00e1s en una nueva ventana\">formulari (Google forms)<\/a>.<\/p>\n<hr>\n<h3><strong>FAQ PROGRAMES DE MOBILITAT 2021- 2022<\/strong><\/h3>\n<p style=\"text-align: justify\">En el seg\u00fcent document <strong>responem a les preguntes i dubtes <\/strong>sobre els diversos programes de mobilitat per a estudiants de la UMH que ens heu plantejat en les sessions de mobilitat del passat mes de novembre i en les nostres xarxes socials al llarg dels \u00faltims mesos.<\/p>\n<ul>\n<li><a title=\"Accedeix a les FAQ sobre els programes de mobilitat 2021-22 de la UMH\" href=\"https:\/\/internacional.umh.es\/files\/2021\/02\/FAQ-PROGRAMAS-MOVILIDAD-UMH-1.pdf\" target=\"_blank\" rel=\"noopener noreferrer\">FAQ PROGRAMES MOBILITAT UMH (1Mb Castell\u00e0 .pdf)<\/a><\/li>\n<\/ul>\n<hr>\n<h4><strong>Informaci\u00f3 d&#8217;inter\u00e9s per a estudiants UMH<\/strong><\/h4>\n<ul>\n<li><a title=\"Ho veur\u00e0s en una nova finestra\" href=\"https:\/\/internacional.umh.es\/files\/2018\/03\/Programas-de-movilidad-curspo-18-19.pptx\" target=\"_blank\" rel=\"noopener noreferrer\">Presentaci\u00f3 utilitzada en les sessions informatives en el curs 2017-18 (591Kb Castell\u00e0 .pptx)<\/a><\/li>\n<\/ul>\n<h5><strong>Programes de mobilitat internacional:<\/strong><\/h5>\n<p style=\"text-align: justify\">Es recorda als estudiants interessats que hauran d&#8217;acreditar el seu coneixement d&#8217;idiomes mitjan\u00e7ant certificacions oficials o realitzant la corresponent prova de nivell.<\/p>\n<ul>\n<li><a title=\"Accedeix ara a informaci\u00f3 sobre el Programa ERASMUS\" href=\"https:\/\/internacional.umh.es\/ca\/movilidad\/estudiantes\/erasmus\/\">Programa ERASMUS<\/a> per a estades en universitats europees amb finalitats d&#8217;estudi.\n<ul>\n<li><a title=\"Accedeix ara les FAQ sobre el programa Erasmus\" href=\"https:\/\/internacional.umh.es\/files\/2016\/11\/FAQ-Programa-ERASMUS.pdf\" target=\"_blank\" rel=\"noopener noreferrer\">Preguntes freq\u00fcents sobre el programa Erasmus (146Kb Castell\u00e0 .pdf)<\/a><\/li>\n<\/ul>\n<\/li>\n<li><a title=\"Accedeix ara a informaci\u00f3 sobre ERASMUS pr\u00e0ctiques\" href=\"https:\/\/internacional.umh.es\/ca\/movilidad\/estudiantes\/erasmus\/erasmuspracticas\/\">Programa ERASMUS per a pr\u00e0ctiques<\/a> en institucions europees amb finalitats laborals.<\/li>\n<li><a title=\"Accedeix ara a informaci\u00f3 sobre el Programa DESTINO\" href=\"https:\/\/internacional.umh.es\/ca\/movilidad\/estudiantes\/destino\/\">Programa DESTINO<\/a> per a estades en universitats estrangeres no europees, amb finalitats d&#8217;estudis.<\/li>\n<li><a title=\"Accedeix ara a informaci\u00f3 sobre el Programa VULCANUS\" href=\"https:\/\/internacional.umh.es\/ca\/movilidad\/estudiantes\/vulcanus\/\">Programa VULCANUS<\/a> per a pr\u00e0ctiques industrials al Jap\u00f3.<\/li>\n<\/ul>\n<p><\/p>\n<h5><strong>Programa de mobilitat nacional:<\/strong><\/h5>\n<ul>\n<li><a title=\"Accedeix ara a informaci\u00f3 detallada sobre el Programa SICUE\" href=\"https:\/\/internacional.umh.es\/ca\/estudiantes\/sicue\/\">Programa SICUE<\/a> per a estades en universitats espanyoles amb finalitats d&#8217;estudis.<\/li>\n<\/ul>\n<p>Si far\u00e0s una estada en l&#8217;exterior, <a title=\"Consulta i desc\u00e0rrega les recomanacions generals per a estudiants ERASMUS en l'exterior en format pdf\" href=\"https:\/\/internacional.umh.es\/files\/2021\/07\/RECOMENDACIONES-ERASMUS-1.pdf\" target=\"_blank\" rel=\"noopener noreferrer\">consulta les Recomanacions Erasmus (2Mb Castell\u00e0 .pdf)<\/a> i <a title=\"Ho veur\u00e0s en una nova finestra\" href=\"https:\/\/www.exteriores.gob.es\/es\/Comunicacion\/Paginas\/Ficha.aspx\" target=\"_blank\" rel=\"noopener noreferrer\">obtingues informaci\u00f3 sobre el teu pa\u00eds de destinaci\u00f3<\/a>.<\/p>\n<p><strong>Compres sense comissi\u00f3 de canvi de divises: <\/strong>Descobreix els <a title=\"Ho veur\u00e0s en una nova finestra\" href=\"https:\/\/ventajas.umh.es\/\" target=\"_blank\" rel=\"noopener noreferrer\">avantatges<\/a> de les targetes financeres de Caixa d&#8217;Enginyers per a estades a l&#8217;estranger. Informa&#8217;t en <a title=\"Ho veur\u00e0s en una nova finestra\" href=\"https:\/\/www.caja-ingenieros.es\/es\/web\/portal\/home\" target=\"_blank\" rel=\"noopener noreferrer\"> caja-ingenieros.es<\/a> o <a title=\"Ho veur\u00e0s en una nova finestra\" href=\"https:\/\/www.caja-ingenieros.es\/es\/web\/portal\/detalle-oficinas?c=Alicante\" target=\"_blank\" rel=\"noopener noreferrer\">en l&#8217;oficina d&#8217;Alacant.<\/a><\/p>\n<ul>\n<li><a title=\"Amplia m\u00e9s informaci\u00f3 sobre el Club UMH Erasmus Experience\" href=\"https:\/\/internacional.umh.es\/ca\/incoming\/welcome-office\/umh-club-erasmus-experience\/\">Coneix el Club UMH ERASMUS Experience<\/a><\/li>\n<li><a title=\"Accedeix a informaci\u00f3 detallada sobre Estudiants Incoming\" href=\"https:\/\/internacional.umh.es\/ca\/incoming\/\">Informaci\u00f3 per a estudiants Incoming<\/a><\/li>\n<li><a title=\"Accedeix a informaci\u00f3 important sobre la vida universit\u00e0ria\" href=\"https:\/\/internacional.umh.es\/ca\/acogida\/vida-universitaria\/\">Vida universit\u00e0ria en la UMH<\/a><\/li>\n<li><a title=\"Accedeix a tots els avantatges del Programa Buddy\" href=\"https:\/\/internacional.umh.es\/ca\/incoming\/welcome-office\/programa-buddy\/\">Programa BUDDY. <span style=\"text-decoration: underline\">Informaci\u00f3 d&#8217;inter\u00e9s per a estudiants estrangers<\/span><\/a><\/li>\n<li><strong><a href=\"https:\/\/view.genial.ly\/62285d9e3bda6e00121f41f0\/presentation-presentacion-srrii-programas-de-movilidad\" target=\"Ho veur\u00e0s en una nova finestra\" rel=\"noopener\">PRESENTACI\u00d3 DEL S.RR.II.- PROGRAMES DE MOBILITAT (GENIALLY)<\/a><\/strong><\/li>\n<\/ul>\n<p>\n<em>Aquestes accions contribueixen als seg\u00fcents ODS:<\/em><br \/>\n<img loading=\"lazy\" class=\"alignnone size-medium wp-image-27020\" title=\"Totes les avantatges de l'educaci\u00f3 de qualitat pels ODS de l'Agenda 2030\" src=\"https:\/\/internacional.umh.es\/files\/2022\/06\/Educacio-de-qualitat-ODS-logo-300x300.png\" alt=\"Educaci\u00f3 de qualitat ODS logo\" width=\"150\" height=\"150\" srcset=\"https:\/\/internacional.umh.es\/files\/2022\/06\/Educacio-de-qualitat-ODS-logo-300x300.png 300w, https:\/\/internacional.umh.es\/files\/2022\/06\/Educacio-de-qualitat-ODS-logo-1024x1024.png 1024w, https:\/\/internacional.umh.es\/files\/2022\/06\/Educacio-de-qualitat-ODS-logo-150x150.png 150w, https:\/\/internacional.umh.es\/files\/2022\/06\/Educacio-de-qualitat-ODS-logo-768x768.png 768w, https:\/\/internacional.umh.es\/files\/2022\/06\/Educacio-de-qualitat-ODS-logo.png 1500w\" sizes=\"(max-width: 150px) 100vw, 150px\" \/><\/p>","protected":false},"excerpt":{"rendered":"<p>&nbsp;&nbsp; <\/p>\n<p>Estudis<br \/>\nPr\u00e0ctiques<\/p>\n<p>SESSIONS INFORMATIVES PROGRAMES DE MOBILITAT 2022\/2023<br \/>\nEl Servei de Relacions Internacionals, Cooperaci\u00f3 al Desenvolupament i Voluntariat realitzar\u00e0 dues sessions informatives en l\u00ednia sobre els programes de mobilitat ERASMUS, SICUE i DESTINO per al curs 2022\/2023.<br \/>\nEst\u00e0s sessions tindran una duraci\u00f3 aproximada d&#8217;hora i mitja i es realitzaran en l\u00ednia. Per a la seua celebraci\u00f3 l&#8217;estudiantat interessat [&#8230;]<\/p>\n","protected":false},"author":30,"featured_media":0,"parent":2481,"menu_order":2,"comment_status":"closed","ping_status":"closed","template":"","meta":{"ngg_post_thumbnail":0,"_links_to":"","_links_to_target":""},"yoast_head":"<!-- This site is optimized with the Yoast SEO plugin v17.5 - https:\/\/yoast.com\/wordpress\/plugins\/seo\/ -->\n<meta name=\"description\" content=\"Respondemos a preguntas y dudas sobre diversos programas de movilidad para estudiantes UMH que nos hab\u00e9is planteado en las sesiones\" \/>\n<meta name=\"robots\" content=\"index, follow, max-snippet:-1, max-image-preview:large, max-video-preview:-1\" \/>\n<link rel=\"canonical\" href=\"https:\/\/internacional.umh.es\/ca\/movilidad\/estudiantes\/\" \/>\n<meta property=\"og:locale\" content=\"ca_ES\" \/>\n<meta property=\"og:type\" content=\"article\" \/>\n<meta property=\"og:title\" content=\"Estudiants - Internacionalitzaci\u00f3 i Cooperaci\u00f3\" \/>\n<meta property=\"og:description\" content=\"Respondemos a preguntas y dudas sobre diversos programas de movilidad para estudiantes UMH que nos hab\u00e9is planteado en las sesiones\" \/>\n<meta property=\"og:url\" content=\"https:\/\/internacional.umh.es\/movilidad\/estudiantes\/\" \/>\n<meta property=\"og:site_name\" content=\"Internacionalitzaci\u00f3 i Cooperaci\u00f3\" \/>\n<meta property=\"article:modified_time\" content=\"2026-03-11T11:51:29+00:00\" \/>\n<meta property=\"og:image\" content=\"https:\/\/internacional.umh.es\/files\/2020\/08\/ERASMUS-300x173.png\" \/>\n<meta name=\"twitter:card\" content=\"summary_large_image\" \/>\n<meta name=\"twitter:label1\" content=\"Est. reading time\" \/>\n\t<meta name=\"twitter:data1\" content=\"3 minuts\" \/>\n<script type=\"application\/ld+json\" class=\"yoast-schema-graph\">{\"@context\":\"https:\/\/schema.org\",\"@graph\":[{\"@type\":\"WebSite\",\"@id\":\"https:\/\/internacional.umh.es\/en\/#website\",\"url\":\"https:\/\/internacional.umh.es\/en\/\",\"name\":\"Internacionalitzaci\\u00f3 i Cooperaci\\u00f3\",\"description\":\"Universitat Miguel Hern\\u00e1ndez d&#039;Elx\",\"potentialAction\":[{\"@type\":\"SearchAction\",\"target\":{\"@type\":\"EntryPoint\",\"urlTemplate\":\"https:\/\/internacional.umh.es\/en\/?s={search_term_string}\"},\"query-input\":\"required name=search_term_string\"}],\"inLanguage\":\"ca\"},{\"@type\":\"ImageObject\",\"@id\":\"https:\/\/internacional.umh.es\/movilidad\/estudiantes\/#primaryimage\",\"inLanguage\":\"ca\",\"url\":\"https:\/\/internacional.umh.es\/files\/2020\/08\/ERASMUS.png\",\"contentUrl\":\"https:\/\/internacional.umh.es\/files\/2020\/08\/ERASMUS.png\",\"width\":410,\"height\":236,\"caption\":\"Bot\\u00f3n ERASMUS estudiantes\"},{\"@type\":\"WebPage\",\"@id\":\"https:\/\/internacional.umh.es\/movilidad\/estudiantes\/#webpage\",\"url\":\"https:\/\/internacional.umh.es\/movilidad\/estudiantes\/\",\"name\":\"Estudiants - Internacionalitzaci\\u00f3 i Cooperaci\\u00f3\",\"isPartOf\":{\"@id\":\"https:\/\/internacional.umh.es\/en\/#website\"},\"primaryImageOfPage\":{\"@id\":\"https:\/\/internacional.umh.es\/movilidad\/estudiantes\/#primaryimage\"},\"datePublished\":\"2011-07-11T11:38:41+00:00\",\"dateModified\":\"2026-03-11T11:51:29+00:00\",\"description\":\"Respondemos a preguntas y dudas sobre diversos programas de movilidad para estudiantes UMH que nos hab\\u00e9is planteado en las sesiones\",\"breadcrumb\":{\"@id\":\"https:\/\/internacional.umh.es\/movilidad\/estudiantes\/#breadcrumb\"},\"inLanguage\":\"ca\",\"potentialAction\":[{\"@type\":\"ReadAction\",\"target\":[\"https:\/\/internacional.umh.es\/movilidad\/estudiantes\/\"]}]},{\"@type\":\"BreadcrumbList\",\"@id\":\"https:\/\/internacional.umh.es\/movilidad\/estudiantes\/#breadcrumb\",\"itemListElement\":[{\"@type\":\"ListItem\",\"position\":1,\"name\":\"Home\",\"item\":\"https:\/\/internacional.umh.es\/en\/\"},{\"@type\":\"ListItem\",\"position\":2,\"name\":\"MOBILITY\",\"item\":\"https:\/\/internacional.umh.es\/en\/movilidad\/\"},{\"@type\":\"ListItem\",\"position\":3,\"name\":\"Estudiantes\"}]}]}<\/script>\n<!-- \/ Yoast SEO plugin. -->","yoast_head_json":{"description":"Respondemos a preguntas y dudas sobre diversos programas de movilidad para estudiantes UMH que nos hab\u00e9is planteado en las sesiones","robots":{"index":"index","follow":"follow","max-snippet":"max-snippet:-1","max-image-preview":"max-image-preview:large","max-video-preview":"max-video-preview:-1"},"canonical":"https:\/\/internacional.umh.es\/ca\/movilidad\/estudiantes\/","og_locale":"ca_ES","og_type":"article","og_title":"Estudiants - Internacionalitzaci\u00f3 i Cooperaci\u00f3","og_description":"Respondemos a preguntas y dudas sobre diversos programas de movilidad para estudiantes UMH que nos hab\u00e9is planteado en las sesiones","og_url":"https:\/\/internacional.umh.es\/movilidad\/estudiantes\/","og_site_name":"Internacionalitzaci\u00f3 i Cooperaci\u00f3","article_modified_time":"2026-03-11T11:51:29+00:00","og_image":[{"url":"https:\/\/internacional.umh.es\/files\/2020\/08\/ERASMUS-300x173.png"}],"twitter_card":"summary_large_image","twitter_misc":{"Est. reading time":"3 minuts"},"schema":{"@context":"https:\/\/schema.org","@graph":[{"@type":"WebSite","@id":"https:\/\/internacional.umh.es\/en\/#website","url":"https:\/\/internacional.umh.es\/en\/","name":"Internacionalitzaci\u00f3 i Cooperaci\u00f3","description":"Universitat Miguel Hern\u00e1ndez d&#039;Elx","potentialAction":[{"@type":"SearchAction","target":{"@type":"EntryPoint","urlTemplate":"https:\/\/internacional.umh.es\/en\/?s={search_term_string}"},"query-input":"required name=search_term_string"}],"inLanguage":"ca"},{"@type":"ImageObject","@id":"https:\/\/internacional.umh.es\/movilidad\/estudiantes\/#primaryimage","inLanguage":"ca","url":"https:\/\/internacional.umh.es\/files\/2020\/08\/ERASMUS.png","contentUrl":"https:\/\/internacional.umh.es\/files\/2020\/08\/ERASMUS.png","width":410,"height":236,"caption":"Bot\u00f3n ERASMUS estudiantes"},{"@type":"WebPage","@id":"https:\/\/internacional.umh.es\/movilidad\/estudiantes\/#webpage","url":"https:\/\/internacional.umh.es\/movilidad\/estudiantes\/","name":"Estudiants - Internacionalitzaci\u00f3 i Cooperaci\u00f3","isPartOf":{"@id":"https:\/\/internacional.umh.es\/en\/#website"},"primaryImageOfPage":{"@id":"https:\/\/internacional.umh.es\/movilidad\/estudiantes\/#primaryimage"},"datePublished":"2011-07-11T11:38:41+00:00","dateModified":"2026-03-11T11:51:29+00:00","description":"Respondemos a preguntas y dudas sobre diversos programas de movilidad para estudiantes UMH que nos hab\u00e9is planteado en las sesiones","breadcrumb":{"@id":"https:\/\/internacional.umh.es\/movilidad\/estudiantes\/#breadcrumb"},"inLanguage":"ca","potentialAction":[{"@type":"ReadAction","target":["https:\/\/internacional.umh.es\/movilidad\/estudiantes\/"]}]},{"@type":"BreadcrumbList","@id":"https:\/\/internacional.umh.es\/movilidad\/estudiantes\/#breadcrumb","itemListElement":[{"@type":"ListItem","position":1,"name":"Home","item":"https:\/\/internacional.umh.es\/en\/"},{"@type":"ListItem","position":2,"name":"MOBILITY","item":"https:\/\/internacional.umh.es\/en\/movilidad\/"},{"@type":"ListItem","position":3,"name":"Estudiantes"}]}]}},"_links":{"self":[{"href":"https:\/\/internacional.umh.es\/ca\/wp-json\/wp\/v2\/pages\/169"}],"collection":[{"href":"https:\/\/internacional.umh.es\/ca\/wp-json\/wp\/v2\/pages"}],"about":[{"href":"https:\/\/internacional.umh.es\/ca\/wp-json\/wp\/v2\/types\/page"}],"author":[{"embeddable":true,"href":"https:\/\/internacional.umh.es\/ca\/wp-json\/wp\/v2\/users\/30"}],"replies":[{"embeddable":true,"href":"https:\/\/internacional.umh.es\/ca\/wp-json\/wp\/v2\/comments?post=169"}],"version-history":[{"count":0,"href":"https:\/\/internacional.umh.es\/ca\/wp-json\/wp\/v2\/pages\/169\/revisions"}],"up":[{"embeddable":true,"href":"https:\/\/internacional.umh.es\/ca\/wp-json\/wp\/v2\/pages\/2481"}],"wp:attachment":[{"href":"https:\/\/internacional.umh.es\/ca\/wp-json\/wp\/v2\/media?parent=169"}],"curies":[{"name":"wp","href":"https:\/\/api.w.org\/{rel}","templated":true}]}}