{"id":170,"date":"2011-07-11T13:42:15","date_gmt":"2011-07-11T11:42:15","guid":{"rendered":"http:\/\/internacional.umh.es\/pdi\/"},"modified":"2024-09-24T12:04:23","modified_gmt":"2024-09-24T10:04:23","slug":"pdi","status":"publish","type":"page","link":"https:\/\/internacional.umh.es\/ca\/movilidad\/pdi\/","title":{"rendered":"PDI"},"content":{"rendered":"<p><a title=\"Accedeix ara a totes les novetats sobre mobilitat Erasmus per a PDI de la UMH\" href=\"https:\/\/internacional.umh.es\/ca\/movilidad\/pdi\/erasmus\/\"><br \/>\n<img loading=\"lazy\" class=\"alignleft wp-image-16440\" title=\"Accedeix ara a totes les novetats sobre mobilitat Erasmus per a PDI de la UMH\" src=\"https:\/\/internacional.umh.es\/files\/2020\/08\/Copia-de-DESTINO-1.png\" alt=\"Mobilitat Erasmus PDI UMH bot\u00f3\" width=\"188\" height=\"108\" srcset=\"https:\/\/internacional.umh.es\/files\/2020\/08\/Copia-de-DESTINO-1.png 410w, https:\/\/internacional.umh.es\/files\/2020\/08\/Copia-de-DESTINO-1-300x173.png 300w\" sizes=\"(max-width: 188px) 100vw, 188px\" \/><\/a> <a title=\"Accedeix ara a totes les novetats sobre el Programa Dest\u00ed per a PDI de la UMH\" href=\"https:\/\/internacional.umh.es\/ca\/movilidad\/pdi\/destino\/\"><img loading=\"lazy\" class=\"alignleft wp-image-16439\" title=\"Accedeix ara a totes les novetats sobre el Programa Dest\u00ed per a PDI de la UMH\" src=\"https:\/\/internacional.umh.es\/files\/2020\/08\/Copia-de-DESTINO-2.png\" alt=\"Programa Destino PDI UMH bot\u00f3\" width=\"187\" height=\"108\" srcset=\"https:\/\/internacional.umh.es\/files\/2020\/08\/Copia-de-DESTINO-2.png 410w, https:\/\/internacional.umh.es\/files\/2020\/08\/Copia-de-DESTINO-2-300x173.png 300w\" sizes=\"(max-width: 187px) 100vw, 187px\" \/><\/a><\/p>\n<p>&nbsp;<\/p>\n<p>&nbsp;<\/p>\n<hr>\n<p style=\"text-align: justify\"><a title=\"Accedeix ara a la convocat\u00f2ria d'ajudes en l'oferta de M\u00e0sters UMH en angl\u00e9s\" href=\"https:\/\/internacional.umh.es\/ca\/movilidad\/pdi\/masteres-ingles\/\"><img loading=\"lazy\" class=\"alignnone size-thumbnail wp-image-16451\" title=\"Accedeix ara a la convocat\u00f2ria d'ajudes en l'oferta de M\u00e0sters UMH en angl\u00e9s\" src=\"https:\/\/internacional.umh.es\/files\/2021\/12\/Masters-en-angles-UMH-ajudes.jpg\" alt=\"M\u00e0sters en angl\u00e9s UMH ajudes bot\u00f3\" width=\"150\" height=\"150\"><\/a>&nbsp; &nbsp; &nbsp;<a title=\"Accedeix a totes les novetats sobre el Personal visitant\" href=\"https:\/\/internacional.umh.es\/ca\/movilidad\/pdi\/personal-visitante-umh\/\"><img loading=\"lazy\" class=\"alignnone wp-image-16446 size-thumbnail\" title=\"Accedeix a totes les novetats sobre el Personal visitant de la UMH\" src=\"https:\/\/internacional.umh.es\/files\/2021\/12\/Personal-Visitant-de-la-UMH-boton.jpg\" alt=\"Personal visitant UMH bot\u00f3\" width=\"150\" height=\"150\"><\/a> &nbsp; &nbsp; &nbsp;&nbsp;<a title=\"Coneix els objetius del Programa de Doc\u00e8ncia en angl\u00e8s en la UMH\" href=\"https:\/\/internacional.umh.es\/ca\/movilidad\/pdi\/docencia-en-ingles\/\"><img loading=\"lazy\" class=\"alignnone size-thumbnail wp-image-16448\" title=\"Coneix els objectius del Programa de Doc\u00e8ncia en angl\u00e9s en la UMH\" src=\"https:\/\/internacional.umh.es\/files\/2021\/12\/Impuls-docencia-en-angles-UMH-boton.jpg\" alt=\"Impuls doc\u00e8ncia angl\u00e8s UMH bot\u00f3\" width=\"150\" height=\"150\"><\/a>&nbsp; &nbsp; &nbsp; &nbsp;<a title=\"Accedeix a totes les novetats sobre les Setmanes Internacionals para PAS i PDI de la UMH\" href=\"https:\/\/internacional.umh.es\/ca\/movilidad\/pas\/international-weeks\"><img loading=\"lazy\" class=\"alignnone wp-image-16454 size-thumbnail\" title=\"Accedeix a totes les novetats sobre les Setmanes Internacionals para PAS i PDI de la UMH\" src=\"https:\/\/internacional.umh.es\/files\/2021\/12\/Setmanes-Internacionals-boton-1.jpg\" alt=\"Setmanes Internacionals UMH bot\u00f3\" width=\"150\" height=\"150\"><\/a><\/p>\n<p>&nbsp;<\/p>","protected":false},"excerpt":{"rendered":"<p>&nbsp;<br \/>\n&nbsp;<\/p>\n<p>&nbsp; &nbsp; &nbsp; &nbsp; &nbsp; &nbsp;&nbsp;&nbsp; &nbsp; &nbsp; &nbsp;<br \/>\n&nbsp;<\/p>\n","protected":false},"author":30,"featured_media":0,"parent":2481,"menu_order":3,"comment_status":"closed","ping_status":"closed","template":"","meta":{"ngg_post_thumbnail":0,"_links_to":"","_links_to_target":""},"yoast_head":"<!-- This site is optimized with the Yoast SEO plugin v17.5 - https:\/\/yoast.com\/wordpress\/plugins\/seo\/ -->\n<meta name=\"description\" content=\"Novedades sobre movilidad Erasmus, Destino, M\u00e1steres en ingl\u00e9s, Personal visitante, Impulso docencia y semanas internacionales PDI de la UMH\" \/>\n<meta name=\"robots\" content=\"index, follow, max-snippet:-1, max-image-preview:large, max-video-preview:-1\" \/>\n<link rel=\"canonical\" href=\"https:\/\/internacional.umh.es\/ca\/movilidad\/pdi\/\" \/>\n<meta property=\"og:locale\" content=\"ca_ES\" \/>\n<meta property=\"og:type\" content=\"article\" \/>\n<meta property=\"og:title\" content=\"PDI - Internacionalitzaci\u00f3 i Cooperaci\u00f3\" \/>\n<meta property=\"og:description\" content=\"Novedades sobre movilidad Erasmus, Destino, M\u00e1steres en ingl\u00e9s, Personal visitante, Impulso docencia y semanas internacionales PDI de la UMH\" \/>\n<meta property=\"og:url\" content=\"https:\/\/internacional.umh.es\/en\/movilidad\/pdi\/\" \/>\n<meta property=\"og:site_name\" content=\"Internacionalitzaci\u00f3 i Cooperaci\u00f3\" \/>\n<meta property=\"article:modified_time\" content=\"2024-09-24T10:04:23+00:00\" \/>\n<meta property=\"og:image\" content=\"https:\/\/internacional.umh.es\/files\/2020\/08\/Copia-de-DESTINO-1.png\" \/>\n<meta name=\"twitter:card\" content=\"summary_large_image\" \/>\n<script type=\"application\/ld+json\" class=\"yoast-schema-graph\">{\"@context\":\"https:\/\/schema.org\",\"@graph\":[{\"@type\":\"WebSite\",\"@id\":\"https:\/\/internacional.umh.es\/en\/#website\",\"url\":\"https:\/\/internacional.umh.es\/en\/\",\"name\":\"Internacionalitzaci\\u00f3 i Cooperaci\\u00f3\",\"description\":\"Universitat Miguel Hern\\u00e1ndez d&#039;Elx\",\"potentialAction\":[{\"@type\":\"SearchAction\",\"target\":{\"@type\":\"EntryPoint\",\"urlTemplate\":\"https:\/\/internacional.umh.es\/en\/?s={search_term_string}\"},\"query-input\":\"required name=search_term_string\"}],\"inLanguage\":\"ca\"},{\"@type\":\"ImageObject\",\"@id\":\"https:\/\/internacional.umh.es\/en\/movilidad\/pdi\/#primaryimage\",\"inLanguage\":\"ca\",\"url\":\"https:\/\/internacional.umh.es\/files\/2020\/08\/Copia-de-DESTINO-1.png\",\"contentUrl\":\"https:\/\/internacional.umh.es\/files\/2020\/08\/Copia-de-DESTINO-1.png\",\"width\":410,\"height\":236,\"caption\":\"Movilidad Erasmus PDI UMH bot\\u00f3n\"},{\"@type\":\"WebPage\",\"@id\":\"https:\/\/internacional.umh.es\/en\/movilidad\/pdi\/#webpage\",\"url\":\"https:\/\/internacional.umh.es\/en\/movilidad\/pdi\/\",\"name\":\"PDI - Internacionalitzaci\\u00f3 i Cooperaci\\u00f3\",\"isPartOf\":{\"@id\":\"https:\/\/internacional.umh.es\/en\/#website\"},\"primaryImageOfPage\":{\"@id\":\"https:\/\/internacional.umh.es\/en\/movilidad\/pdi\/#primaryimage\"},\"datePublished\":\"2011-07-11T11:42:15+00:00\",\"dateModified\":\"2024-09-24T10:04:23+00:00\",\"description\":\"Novedades sobre movilidad Erasmus, Destino, M\\u00e1steres en ingl\\u00e9s, Personal visitante, Impulso docencia y semanas internacionales PDI de la UMH\",\"breadcrumb\":{\"@id\":\"https:\/\/internacional.umh.es\/en\/movilidad\/pdi\/#breadcrumb\"},\"inLanguage\":\"ca\",\"potentialAction\":[{\"@type\":\"ReadAction\",\"target\":[\"https:\/\/internacional.umh.es\/en\/movilidad\/pdi\/\"]}]},{\"@type\":\"BreadcrumbList\",\"@id\":\"https:\/\/internacional.umh.es\/en\/movilidad\/pdi\/#breadcrumb\",\"itemListElement\":[{\"@type\":\"ListItem\",\"position\":1,\"name\":\"Home\",\"item\":\"https:\/\/internacional.umh.es\/en\/\"},{\"@type\":\"ListItem\",\"position\":2,\"name\":\"MOBILITY\",\"item\":\"https:\/\/internacional.umh.es\/en\/movilidad\/\"},{\"@type\":\"ListItem\",\"position\":3,\"name\":\"Faculty &amp; Research Personnel\"}]}]}<\/script>\n<!-- \/ Yoast SEO plugin. -->","yoast_head_json":{"description":"Novedades sobre movilidad Erasmus, Destino, M\u00e1steres en ingl\u00e9s, Personal visitante, Impulso docencia y semanas internacionales PDI de la UMH","robots":{"index":"index","follow":"follow","max-snippet":"max-snippet:-1","max-image-preview":"max-image-preview:large","max-video-preview":"max-video-preview:-1"},"canonical":"https:\/\/internacional.umh.es\/ca\/movilidad\/pdi\/","og_locale":"ca_ES","og_type":"article","og_title":"PDI - Internacionalitzaci\u00f3 i Cooperaci\u00f3","og_description":"Novedades sobre movilidad Erasmus, Destino, M\u00e1steres en ingl\u00e9s, Personal visitante, Impulso docencia y semanas internacionales PDI de la UMH","og_url":"https:\/\/internacional.umh.es\/en\/movilidad\/pdi\/","og_site_name":"Internacionalitzaci\u00f3 i Cooperaci\u00f3","article_modified_time":"2024-09-24T10:04:23+00:00","og_image":[{"url":"https:\/\/internacional.umh.es\/files\/2020\/08\/Copia-de-DESTINO-1.png"}],"twitter_card":"summary_large_image","schema":{"@context":"https:\/\/schema.org","@graph":[{"@type":"WebSite","@id":"https:\/\/internacional.umh.es\/en\/#website","url":"https:\/\/internacional.umh.es\/en\/","name":"Internacionalitzaci\u00f3 i Cooperaci\u00f3","description":"Universitat Miguel Hern\u00e1ndez d&#039;Elx","potentialAction":[{"@type":"SearchAction","target":{"@type":"EntryPoint","urlTemplate":"https:\/\/internacional.umh.es\/en\/?s={search_term_string}"},"query-input":"required name=search_term_string"}],"inLanguage":"ca"},{"@type":"ImageObject","@id":"https:\/\/internacional.umh.es\/en\/movilidad\/pdi\/#primaryimage","inLanguage":"ca","url":"https:\/\/internacional.umh.es\/files\/2020\/08\/Copia-de-DESTINO-1.png","contentUrl":"https:\/\/internacional.umh.es\/files\/2020\/08\/Copia-de-DESTINO-1.png","width":410,"height":236,"caption":"Movilidad Erasmus PDI UMH bot\u00f3n"},{"@type":"WebPage","@id":"https:\/\/internacional.umh.es\/en\/movilidad\/pdi\/#webpage","url":"https:\/\/internacional.umh.es\/en\/movilidad\/pdi\/","name":"PDI - Internacionalitzaci\u00f3 i Cooperaci\u00f3","isPartOf":{"@id":"https:\/\/internacional.umh.es\/en\/#website"},"primaryImageOfPage":{"@id":"https:\/\/internacional.umh.es\/en\/movilidad\/pdi\/#primaryimage"},"datePublished":"2011-07-11T11:42:15+00:00","dateModified":"2024-09-24T10:04:23+00:00","description":"Novedades sobre movilidad Erasmus, Destino, M\u00e1steres en ingl\u00e9s, Personal visitante, Impulso docencia y semanas internacionales PDI de la UMH","breadcrumb":{"@id":"https:\/\/internacional.umh.es\/en\/movilidad\/pdi\/#breadcrumb"},"inLanguage":"ca","potentialAction":[{"@type":"ReadAction","target":["https:\/\/internacional.umh.es\/en\/movilidad\/pdi\/"]}]},{"@type":"BreadcrumbList","@id":"https:\/\/internacional.umh.es\/en\/movilidad\/pdi\/#breadcrumb","itemListElement":[{"@type":"ListItem","position":1,"name":"Home","item":"https:\/\/internacional.umh.es\/en\/"},{"@type":"ListItem","position":2,"name":"MOBILITY","item":"https:\/\/internacional.umh.es\/en\/movilidad\/"},{"@type":"ListItem","position":3,"name":"Faculty &amp; Research Personnel"}]}]}},"_links":{"self":[{"href":"https:\/\/internacional.umh.es\/ca\/wp-json\/wp\/v2\/pages\/170"}],"collection":[{"href":"https:\/\/internacional.umh.es\/ca\/wp-json\/wp\/v2\/pages"}],"about":[{"href":"https:\/\/internacional.umh.es\/ca\/wp-json\/wp\/v2\/types\/page"}],"author":[{"embeddable":true,"href":"https:\/\/internacional.umh.es\/ca\/wp-json\/wp\/v2\/users\/30"}],"replies":[{"embeddable":true,"href":"https:\/\/internacional.umh.es\/ca\/wp-json\/wp\/v2\/comments?post=170"}],"version-history":[{"count":0,"href":"https:\/\/internacional.umh.es\/ca\/wp-json\/wp\/v2\/pages\/170\/revisions"}],"up":[{"embeddable":true,"href":"https:\/\/internacional.umh.es\/ca\/wp-json\/wp\/v2\/pages\/2481"}],"wp:attachment":[{"href":"https:\/\/internacional.umh.es\/ca\/wp-json\/wp\/v2\/media?parent=170"}],"curies":[{"name":"wp","href":"https:\/\/api.w.org\/{rel}","templated":true}]}}