{"id":171,"date":"2011-07-11T13:42:53","date_gmt":"2011-07-11T11:42:53","guid":{"rendered":"http:\/\/internacional.umh.es\/pas\/"},"modified":"2026-01-26T10:45:15","modified_gmt":"2026-01-26T09:45:15","slug":"pas","status":"publish","type":"page","link":"https:\/\/internacional.umh.es\/ca\/movilidad\/pas\/","title":{"rendered":"PAS"},"content":{"rendered":"<p><a href=\"https:\/\/internacional.umh.es\/ca\/movilidad\/pas\/erasmus\/\"><img loading=\"lazy\" class=\"alignleft wp-image-16490\" title=\"Accedeix a les possibilitats de mobilitats per a PAS UMH ara\" src=\"https:\/\/internacional.umh.es\/files\/2020\/08\/Copia-de-DESTINO-5-300x173.png\" alt=\"Erasmus PAS bot\u00f3\" width=\"187\" height=\"108\" srcset=\"https:\/\/internacional.umh.es\/files\/2020\/08\/Copia-de-DESTINO-5-300x173.png 300w, https:\/\/internacional.umh.es\/files\/2020\/08\/Copia-de-DESTINO-5.png 410w\" sizes=\"(max-width: 187px) 100vw, 187px\" \/><\/a><a href=\"https:\/\/internacional.umh.es\/ca\/movilidad\/pas\/programa-destino-pas-formacion\/\"><img loading=\"lazy\" class=\"alignleft wp-image-16494\" title=\"Accedeix a tota la informaci\u00f3 sobre Destino PAS UMH formaci\u00f3\" src=\"https:\/\/internacional.umh.es\/files\/2021\/03\/Boto-Destino-PAS-Formacio.jpg\" alt=\"Destino PAS formaci\u00f3\" width=\"187\" height=\"108\"><\/a><\/p>\n<p>&nbsp;<br \/>\n&nbsp;<\/p>\n<hr>\n<p><a href=\"https:\/\/internacional.umh.es\/ca\/movilidad\/pas\/international-weeks\/\"><img loading=\"lazy\" class=\"alignleft wp-image-16454 size-thumbnail\" title=\"Visita per a obtindre m\u00e9s informaci\u00f3 sobre les setmanes internacionals per al PAS UMH\" src=\"https:\/\/internacional.umh.es\/files\/2021\/03\/Setmanes-Internacionals-boto.jpg\" alt=\"Semanas Internacionales UMH PAS bot\u00f3n\" width=\"150\" height=\"150\"><\/a> &nbsp;&nbsp; &nbsp;&nbsp;<a href=\"https:\/\/internacional.umh.es\/ca\/movilidad\/pdi\/personal-visitante-umh\/\"><img loading=\"lazy\" class=\"alignleft wp-image-16446 size-thumbnail\" title=\"Accedeix per a m\u00e9s info sobre les opcions del personal visitant de la UMH\" src=\"https:\/\/internacional.umh.es\/files\/2021\/03\/Personal-Visitant-UMH-boto.jpg\" alt=\"Personal visitant UMH bot\u00f3\" width=\"150\" height=\"150\"><\/a><\/p>\n<p>&nbsp;<br \/>\n&nbsp;<br \/>\n&nbsp;<\/p>\n<h4>Convocat\u00f2ries anteriors<\/h4>\n<ul>\n<li><a title=\"Accedeix al pdf en una nova finestra\" href=\"https:\/\/internacional.umh.es\/files\/2010\/09\/RE17722.pdf\" target=\"_blank\" rel=\"noopener noreferrer\">2a Convocat\u00f2ria ERASMUS+ 2015\/2016 per a estades formatives (4,92mb Castell\u00e0 .pdf)<\/a><\/li>\n<li><a title=\"Accedeix a la 1a convocat\u00f2ria de 2015\/16\" href=\"https:\/\/internacional.umh.es\/ca\/movilidad\/pas\/erasmus\/\" rel=\"noopener noreferrer\">1a Convocat\u00f2ria ERASMUS+ per a estades formatives 2015\/2016<\/a><\/li>\n<li><a title=\"Accedeix al llistat publicat en pdf en una nova finestra\" href=\"https:\/\/internacional.umh.es\/files\/2022\/03\/1-Conv-ERASMUS-PAS-PDI-1516_Provisional.pdf\" target=\"_blank\" rel=\"noopener noreferrer\">Llistat provisional de sol\u00b7licituds admeses, excloses i pendents d&#8217;esmenar 2015\/16 (194Kb Castell\u00e0 .pdf)<\/a><\/li>\n<\/ul>\n<p>&nbsp;<br \/>\n<a title=\"Ho veur\u00e0s en una nova finestra\" href=\"http:\/\/staffmobility.eu\/staff-week-search\" target=\"_blank\" rel=\"noopener noreferrer\">Veure el llistat d&#8217;universitats que organitzen Setmanes Internacionals (Angl\u00e9s)<\/a><\/p>","protected":false},"excerpt":{"rendered":"<p>&nbsp;<br \/>\n&nbsp;<\/p>\n<p> &nbsp;&nbsp; &nbsp;&nbsp;<br \/>\n&nbsp;<br \/>\n&nbsp;<br \/>\n&nbsp;<br \/>\nConvocat\u00f2ries anteriors<\/p>\n<p>2a Convocat\u00f2ria ERASMUS+ 2015\/2016 per a estades formatives (4,92mb Castell\u00e0 .pdf)<br \/>\n1a Convocat\u00f2ria ERASMUS+ per a estades formatives 2015\/2016<br \/>\nLlistat provisional de sol\u00b7licituds admeses, excloses i pendents d&#8217;esmenar 2015\/16 (194Kb Castell\u00e0 .pdf)<\/p>\n<p>&nbsp;<br \/>\nVeure el llistat d&#8217;universitats que organitzen Setmanes Internacionals (Angl\u00e9s)<\/p>\n","protected":false},"author":30,"featured_media":0,"parent":2481,"menu_order":4,"comment_status":"closed","ping_status":"closed","template":"","meta":{"ngg_post_thumbnail":0,"_links_to":"","_links_to_target":""},"yoast_head":"<!-- This site is optimized with the Yoast SEO plugin v17.5 - https:\/\/yoast.com\/wordpress\/plugins\/seo\/ -->\n<meta name=\"description\" content=\"Oferta de movilidad Erasmus+ formaci\u00f3n y docencia para PAS de la UMH. Convocatorias, resoluciones, personal, semanas internacionales.\" \/>\n<meta name=\"robots\" content=\"index, follow, max-snippet:-1, max-image-preview:large, max-video-preview:-1\" \/>\n<link rel=\"canonical\" href=\"https:\/\/internacional.umh.es\/ca\/movilidad\/pas\/\" \/>\n<meta property=\"og:locale\" content=\"ca_ES\" \/>\n<meta property=\"og:type\" content=\"article\" \/>\n<meta property=\"og:title\" content=\"PAS - Internacionalitzaci\u00f3 i Cooperaci\u00f3\" \/>\n<meta property=\"og:description\" content=\"Oferta de movilidad Erasmus+ formaci\u00f3n y docencia para PAS de la UMH. Convocatorias, resoluciones, personal, semanas internacionales.\" \/>\n<meta property=\"og:url\" content=\"https:\/\/internacional.umh.es\/movilidad\/pas\/\" \/>\n<meta property=\"og:site_name\" content=\"Internacionalitzaci\u00f3 i Cooperaci\u00f3\" \/>\n<meta property=\"article:modified_time\" content=\"2026-01-26T09:45:15+00:00\" \/>\n<meta property=\"og:image\" content=\"https:\/\/internacional.umh.es\/files\/2025\/06\/53-300x171.png\" \/>\n<meta name=\"twitter:card\" content=\"summary_large_image\" \/>\n<meta name=\"twitter:label1\" content=\"Est. reading time\" \/>\n\t<meta name=\"twitter:data1\" content=\"1 minut\" \/>\n<script type=\"application\/ld+json\" class=\"yoast-schema-graph\">{\"@context\":\"https:\/\/schema.org\",\"@graph\":[{\"@type\":\"WebSite\",\"@id\":\"https:\/\/internacional.umh.es\/en\/#website\",\"url\":\"https:\/\/internacional.umh.es\/en\/\",\"name\":\"Internacionalitzaci\\u00f3 i Cooperaci\\u00f3\",\"description\":\"Universitat Miguel Hern\\u00e1ndez d&#039;Elx\",\"potentialAction\":[{\"@type\":\"SearchAction\",\"target\":{\"@type\":\"EntryPoint\",\"urlTemplate\":\"https:\/\/internacional.umh.es\/en\/?s={search_term_string}\"},\"query-input\":\"required name=search_term_string\"}],\"inLanguage\":\"ca\"},{\"@type\":\"ImageObject\",\"@id\":\"https:\/\/internacional.umh.es\/movilidad\/pas\/#primaryimage\",\"inLanguage\":\"ca\",\"url\":\"https:\/\/internacional.umh.es\/files\/2025\/06\/53.png\",\"contentUrl\":\"https:\/\/internacional.umh.es\/files\/2025\/06\/53.png\",\"width\":413,\"height\":236},{\"@type\":\"WebPage\",\"@id\":\"https:\/\/internacional.umh.es\/movilidad\/pas\/#webpage\",\"url\":\"https:\/\/internacional.umh.es\/movilidad\/pas\/\",\"name\":\"PAS - Internacionalitzaci\\u00f3 i Cooperaci\\u00f3\",\"isPartOf\":{\"@id\":\"https:\/\/internacional.umh.es\/en\/#website\"},\"primaryImageOfPage\":{\"@id\":\"https:\/\/internacional.umh.es\/movilidad\/pas\/#primaryimage\"},\"datePublished\":\"2011-07-11T11:42:53+00:00\",\"dateModified\":\"2026-01-26T09:45:15+00:00\",\"description\":\"Oferta de movilidad Erasmus+ formaci\\u00f3n y docencia para PAS de la UMH. Convocatorias, resoluciones, personal, semanas internacionales.\",\"breadcrumb\":{\"@id\":\"https:\/\/internacional.umh.es\/movilidad\/pas\/#breadcrumb\"},\"inLanguage\":\"ca\",\"potentialAction\":[{\"@type\":\"ReadAction\",\"target\":[\"https:\/\/internacional.umh.es\/movilidad\/pas\/\"]}]},{\"@type\":\"BreadcrumbList\",\"@id\":\"https:\/\/internacional.umh.es\/movilidad\/pas\/#breadcrumb\",\"itemListElement\":[{\"@type\":\"ListItem\",\"position\":1,\"name\":\"Home\",\"item\":\"https:\/\/internacional.umh.es\/en\/\"},{\"@type\":\"ListItem\",\"position\":2,\"name\":\"MOBILITY\",\"item\":\"https:\/\/internacional.umh.es\/en\/movilidad\/\"},{\"@type\":\"ListItem\",\"position\":3,\"name\":\"PTGAS\"}]}]}<\/script>\n<!-- \/ Yoast SEO plugin. -->","yoast_head_json":{"description":"Oferta de movilidad Erasmus+ formaci\u00f3n y docencia para PAS de la UMH. Convocatorias, resoluciones, personal, semanas internacionales.","robots":{"index":"index","follow":"follow","max-snippet":"max-snippet:-1","max-image-preview":"max-image-preview:large","max-video-preview":"max-video-preview:-1"},"canonical":"https:\/\/internacional.umh.es\/ca\/movilidad\/pas\/","og_locale":"ca_ES","og_type":"article","og_title":"PAS - Internacionalitzaci\u00f3 i Cooperaci\u00f3","og_description":"Oferta de movilidad Erasmus+ formaci\u00f3n y docencia para PAS de la UMH. Convocatorias, resoluciones, personal, semanas internacionales.","og_url":"https:\/\/internacional.umh.es\/movilidad\/pas\/","og_site_name":"Internacionalitzaci\u00f3 i Cooperaci\u00f3","article_modified_time":"2026-01-26T09:45:15+00:00","og_image":[{"url":"https:\/\/internacional.umh.es\/files\/2025\/06\/53-300x171.png"}],"twitter_card":"summary_large_image","twitter_misc":{"Est. reading time":"1 minut"},"schema":{"@context":"https:\/\/schema.org","@graph":[{"@type":"WebSite","@id":"https:\/\/internacional.umh.es\/en\/#website","url":"https:\/\/internacional.umh.es\/en\/","name":"Internacionalitzaci\u00f3 i Cooperaci\u00f3","description":"Universitat Miguel Hern\u00e1ndez d&#039;Elx","potentialAction":[{"@type":"SearchAction","target":{"@type":"EntryPoint","urlTemplate":"https:\/\/internacional.umh.es\/en\/?s={search_term_string}"},"query-input":"required name=search_term_string"}],"inLanguage":"ca"},{"@type":"ImageObject","@id":"https:\/\/internacional.umh.es\/movilidad\/pas\/#primaryimage","inLanguage":"ca","url":"https:\/\/internacional.umh.es\/files\/2025\/06\/53.png","contentUrl":"https:\/\/internacional.umh.es\/files\/2025\/06\/53.png","width":413,"height":236},{"@type":"WebPage","@id":"https:\/\/internacional.umh.es\/movilidad\/pas\/#webpage","url":"https:\/\/internacional.umh.es\/movilidad\/pas\/","name":"PAS - Internacionalitzaci\u00f3 i Cooperaci\u00f3","isPartOf":{"@id":"https:\/\/internacional.umh.es\/en\/#website"},"primaryImageOfPage":{"@id":"https:\/\/internacional.umh.es\/movilidad\/pas\/#primaryimage"},"datePublished":"2011-07-11T11:42:53+00:00","dateModified":"2026-01-26T09:45:15+00:00","description":"Oferta de movilidad Erasmus+ formaci\u00f3n y docencia para PAS de la UMH. Convocatorias, resoluciones, personal, semanas internacionales.","breadcrumb":{"@id":"https:\/\/internacional.umh.es\/movilidad\/pas\/#breadcrumb"},"inLanguage":"ca","potentialAction":[{"@type":"ReadAction","target":["https:\/\/internacional.umh.es\/movilidad\/pas\/"]}]},{"@type":"BreadcrumbList","@id":"https:\/\/internacional.umh.es\/movilidad\/pas\/#breadcrumb","itemListElement":[{"@type":"ListItem","position":1,"name":"Home","item":"https:\/\/internacional.umh.es\/en\/"},{"@type":"ListItem","position":2,"name":"MOBILITY","item":"https:\/\/internacional.umh.es\/en\/movilidad\/"},{"@type":"ListItem","position":3,"name":"PTGAS"}]}]}},"_links":{"self":[{"href":"https:\/\/internacional.umh.es\/ca\/wp-json\/wp\/v2\/pages\/171"}],"collection":[{"href":"https:\/\/internacional.umh.es\/ca\/wp-json\/wp\/v2\/pages"}],"about":[{"href":"https:\/\/internacional.umh.es\/ca\/wp-json\/wp\/v2\/types\/page"}],"author":[{"embeddable":true,"href":"https:\/\/internacional.umh.es\/ca\/wp-json\/wp\/v2\/users\/30"}],"replies":[{"embeddable":true,"href":"https:\/\/internacional.umh.es\/ca\/wp-json\/wp\/v2\/comments?post=171"}],"version-history":[{"count":0,"href":"https:\/\/internacional.umh.es\/ca\/wp-json\/wp\/v2\/pages\/171\/revisions"}],"up":[{"embeddable":true,"href":"https:\/\/internacional.umh.es\/ca\/wp-json\/wp\/v2\/pages\/2481"}],"wp:attachment":[{"href":"https:\/\/internacional.umh.es\/ca\/wp-json\/wp\/v2\/media?parent=171"}],"curies":[{"name":"wp","href":"https:\/\/api.w.org\/{rel}","templated":true}]}}