{"id":17792,"date":"2021-01-15T10:54:05","date_gmt":"2021-01-15T09:54:05","guid":{"rendered":"https:\/\/internacional.umh.es\/?page_id=17792"},"modified":"2024-12-23T14:25:53","modified_gmt":"2024-12-23T13:25:53","slug":"becas-santander-erasmus-2021-2022","status":"publish","type":"page","link":"https:\/\/internacional.umh.es\/ca\/movilidad\/estudiantes\/erasmus\/erasmus-estudios-2021-2022\/becas-santander-erasmus-2021-2022\/","title":{"rendered":"Beques Santander ERASMUS 2021\/2022"},"content":{"rendered":"<p><\/p>\n<p style=\"text-align: justify\"><img loading=\"lazy\" class=\"alignnone wp-image-17996\" src=\"https:\/\/internacional.umh.es\/files\/2021\/02\/descarga-3-300x116.jpg\" alt=\"Logo Banc Santander Beques Santander ERASMUS\" title=\"Totes les novetats de la Beca Erasmus Estudios Santander 2021\/22 a un pas\" width=\"274\" height=\"106\" srcset=\"https:\/\/internacional.umh.es\/files\/2021\/02\/descarga-3-300x116.jpg 300w, https:\/\/internacional.umh.es\/files\/2021\/02\/descarga-3.jpg 361w\" sizes=\"(max-width: 274px) 100vw, 274px\" \/><\/p>\n<p style=\"text-align: justify\"><span style=\"color: #ff0000\"><strong>NOU (08\/06\/21): <\/strong><\/span>El Vicerectorat de Relacions Internacionals de la Universitat Miguel Hern\u00e1ndez (UMH) d&#8217;Elx publica el <strong>llistat definitiu d&#8217;ajudes assignades <\/strong>de la<strong> Convocat\u00f2ria del Programa de Beques Santander ERASMUS per al curs acad\u00e8mic 2021\/2022<\/strong><\/p>\n<p style=\"font-weight: 400;text-align: justify\">Pots consultar el llistat a continuaci\u00f3:<\/p>\n<p><a href=\"https:\/\/internacional.umh.es\/files\/2021\/06\/Publicada-definitiva.-RR_03226_2021.pdf\" target=\"_blank\" title=\"Ho veur\u00e0s en una nova finestra\" rel=\"noopener noreferrer\">Llistat definitiu ajudes assignades Beques Santander ERASMUS 21\/22 (2,15Mb .pdf)<\/a><\/p>\n<hr>\n<p style=\"text-align: justify\"><span style=\"color: #ff0000\"><strong><span style=\"color: #000000\">(18\/05\/21):<\/span> <\/strong><\/span>El Vicerectorat de Relacions Internacionals de la Universitat Miguel Hern\u00e1ndez (UMH) d&#8217;Elx publica el<strong> llistat definitiu de sol\u00b7licituds admeses i excloses i el llistat provisional d&#8217;ajudes assignades <\/strong>de la<strong> Convocat\u00f2ria del Programa de Beca Santander ERASMUS per al curs acad\u00e8mic 2021\/2022. <\/strong>Pots consultar el llistat a continuaci\u00f3:<\/p>\n<p><a href=\"https:\/\/internacional.umh.es\/files\/2021\/05\/Publicado-en-BOUMH.-bil-adjudicacin-provisional-ayudas-santander-erasmus-21-22.pdf\"><strong>Llistat Beques Santander ERASMUS 21\/22 (2,36Mb .pdf)<\/strong><\/a><\/p>\n<p style=\"text-align: justify\">Les persones interessades a presentar al\u00b7legacions poden fer-ho fins a l&#8217;1 <strong>de juny de 2021 <\/strong>a trav\u00e9s de la seu electr\u00f2nica de la UMH.<\/p>\n<hr>\n<p style=\"text-align: justify\"><strong>(28\/04\/2021): <\/strong>El Vicerectorat de Relacions Internacionals de la Universitat Miguel Hern\u00e1ndez (UMH) d&#8217;Elx publica el<strong> llistat provisional de sol\u00b7licituds admeses i excloses <\/strong>de la<strong> Convocat\u00f2ria del Programa de Beca Santander ERASMUS per al curs acad\u00e8mic 2021\/2022.<\/strong><\/p>\n<p style=\"font-weight: 400\">Les persones interessades a presentar al\u00b7legacions poden fer-ho fins al <strong>10 de maig de 2021 <\/strong>a trav\u00e9s de la seu electr\u00f2nica de la UMH.<\/p>\n<p style=\"font-weight: 400\"><strong><a href=\"https:\/\/internacional.umh.es\/files\/2021\/04\/Publicado.-bil-Listado-solicitudes-admitidas-y-excluidas-Santander-ERASMUS-21-22.pdf\" target=\"_blank\" title=\"Ho veur\u00e0s en una nova finestra\" rel=\"noopener noreferrer\">Llistat de sol\u00b7licituds admeses i excloses Santander-ERASMUS 2021-2022 (1Mb .pdf)<\/a><\/strong><\/p>\n<hr>\n<p style=\"text-align: justify\"><strong>(15\/01\/21): <\/strong>El Vicerectorat de Relacions Internacionals de la Universitat Miguel Hern\u00e1ndez (UMH) d&#8217;Elx ha publicat la Convocat\u00f2ria del Programa de Beca Santander ERASMUS per al curs acad\u00e8mic 2021\/2022 .<\/p>\n<p style=\"text-align: justify\">Pots consultar el text complet de la convocat\u00f2ria a continuaci\u00f3:<\/p>\n<p style=\"text-align: justify\"><a href=\"https:\/\/internacional.umh.es\/files\/2021\/01\/Publicado-en-BOUMH.-Convocatoria-ayudas-Santanter-ERASMUS-2021-2022.-RR_00023_2021-1.pdf\" target=\"_blank\" title=\"Ho veur\u00e0s en una nova finestra\" rel=\"noopener noreferrer\">Text complet de la convocat\u00f2ria (481Kb .pdf)<\/a><\/p>\n<p style=\"text-align: justify\">El termini de sol\u00b7licitud de participaci\u00f3 en el programa romandr\u00e0 obert fins al <strong>15 de mar\u00e7 de 2021<\/strong><\/p>\n<p style=\"text-align: justify\">Tots els interessats hauran de presentar la seua sol\u00b7licitud a trav\u00e9s de la plataforma del Banc Santander prevista per al Programa de Beca Santander ERASMUS en la seg\u00fcent adre\u00e7a: <a href=\"https:\/\/www.becas-santander.com\/es\/program\/beca-santander-erasmus-2021-2022\" target=\"_blank\" rel=\"noopener noreferrer\" title=\"Ho veur\u00e0s en una nova finestra\">becas-santander.com\/es\/program\/beca-santander-erasmus-2021-2022<\/a><\/p>\n<p style=\"text-align: justify\">Una vegada realitzada la inscripci\u00f3, el sol\u00b7licitant rebr\u00e0 un correu electr\u00f2nic de confirmaci\u00f3 d&#8217;aquesta, que haur\u00e0 de conservar. No s&#8217;entendr\u00e0 per presentada la sol\u00b7licitud si l&#8217;estudiant no s&#8217;inscriu correctament a trav\u00e9s de la plataforma del Banc Santander ressenyada anteriorment.<\/p>\n<p><\/p>","protected":false},"excerpt":{"rendered":"<p>NOU (08\/06\/21): El Vicerectorat de Relacions Internacionals de la Universitat Miguel Hern\u00e1ndez (UMH) d&#8217;Elx publica el llistat definitiu d&#8217;ajudes assignades de la Convocat\u00f2ria del Programa de Beques Santander ERASMUS per al curs acad\u00e8mic 2021\/2022<br \/>\nPots consultar el llistat a continuaci\u00f3:<br \/>\nLlistat definitiu ajudes assignades Beques Santander ERASMUS 21\/22 (2,15Mb .pdf)<\/p>\n<p>(18\/05\/21): El Vicerectorat de Relacions Internacionals de la [&#8230;]<\/p>\n","protected":false},"author":5216,"featured_media":0,"parent":17484,"menu_order":0,"comment_status":"closed","ping_status":"closed","template":"","meta":{"ngg_post_thumbnail":0,"_links_to":"","_links_to_target":""},"yoast_head":"<!-- This site is optimized with the Yoast SEO plugin v17.5 - https:\/\/yoast.com\/wordpress\/plugins\/seo\/ -->\n<meta name=\"description\" content=\"El Vicerrectorado de Relaciones Internacionales UMH publica listado de ayudas asignadas Convocatoria del Programa de Becas Santander ERASMUS\" \/>\n<meta name=\"robots\" content=\"index, follow, max-snippet:-1, max-image-preview:large, max-video-preview:-1\" \/>\n<link rel=\"canonical\" href=\"https:\/\/internacional.umh.es\/ca\/movilidad\/estudiantes\/erasmus\/erasmus-estudios-2021-2022\/becas-santander-erasmus-2021-2022\/\" \/>\n<meta property=\"og:locale\" content=\"ca_ES\" \/>\n<meta property=\"og:type\" content=\"article\" \/>\n<meta property=\"og:title\" content=\"Beques Santander ERASMUS 2021\/2022 - Internacionalitzaci\u00f3 i Cooperaci\u00f3\" \/>\n<meta property=\"og:description\" content=\"El Vicerrectorado de Relaciones Internacionales UMH publica listado de ayudas asignadas Convocatoria del Programa de Becas Santander ERASMUS\" \/>\n<meta property=\"og:url\" content=\"https:\/\/internacional.umh.es\/movilidad\/estudiantes\/erasmus\/erasmus-estudios-2021-2022\/becas-santander-erasmus-2021-2022\/\" \/>\n<meta property=\"og:site_name\" content=\"Internacionalitzaci\u00f3 i Cooperaci\u00f3\" \/>\n<meta property=\"article:modified_time\" content=\"2024-12-23T13:25:53+00:00\" \/>\n<meta property=\"og:image\" content=\"https:\/\/internacional.umh.es\/files\/2021\/02\/descarga-3-300x116.jpg\" \/>\n<meta name=\"twitter:card\" content=\"summary_large_image\" \/>\n<meta name=\"twitter:label1\" content=\"Est. reading time\" \/>\n\t<meta name=\"twitter:data1\" content=\"4 minuts\" \/>\n<script type=\"application\/ld+json\" class=\"yoast-schema-graph\">{\"@context\":\"https:\/\/schema.org\",\"@graph\":[{\"@type\":\"WebSite\",\"@id\":\"https:\/\/internacional.umh.es\/en\/#website\",\"url\":\"https:\/\/internacional.umh.es\/en\/\",\"name\":\"Internacionalitzaci\\u00f3 i Cooperaci\\u00f3\",\"description\":\"Universitat Miguel Hern\\u00e1ndez d&#039;Elx\",\"potentialAction\":[{\"@type\":\"SearchAction\",\"target\":{\"@type\":\"EntryPoint\",\"urlTemplate\":\"https:\/\/internacional.umh.es\/en\/?s={search_term_string}\"},\"query-input\":\"required name=search_term_string\"}],\"inLanguage\":\"ca\"},{\"@type\":\"ImageObject\",\"@id\":\"https:\/\/internacional.umh.es\/movilidad\/estudiantes\/erasmus\/erasmus-estudios-2021-2022\/becas-santander-erasmus-2021-2022\/#primaryimage\",\"inLanguage\":\"ca\",\"url\":\"https:\/\/internacional.umh.es\/files\/2021\/02\/descarga-3.jpg\",\"contentUrl\":\"https:\/\/internacional.umh.es\/files\/2021\/02\/descarga-3.jpg\",\"width\":361,\"height\":140,\"caption\":\"Logo Santander Universidades\"},{\"@type\":\"WebPage\",\"@id\":\"https:\/\/internacional.umh.es\/movilidad\/estudiantes\/erasmus\/erasmus-estudios-2021-2022\/becas-santander-erasmus-2021-2022\/#webpage\",\"url\":\"https:\/\/internacional.umh.es\/movilidad\/estudiantes\/erasmus\/erasmus-estudios-2021-2022\/becas-santander-erasmus-2021-2022\/\",\"name\":\"Beques Santander ERASMUS 2021\/2022 - Internacionalitzaci\\u00f3 i Cooperaci\\u00f3\",\"isPartOf\":{\"@id\":\"https:\/\/internacional.umh.es\/en\/#website\"},\"primaryImageOfPage\":{\"@id\":\"https:\/\/internacional.umh.es\/movilidad\/estudiantes\/erasmus\/erasmus-estudios-2021-2022\/becas-santander-erasmus-2021-2022\/#primaryimage\"},\"datePublished\":\"2021-01-15T09:54:05+00:00\",\"dateModified\":\"2024-12-23T13:25:53+00:00\",\"description\":\"El Vicerrectorado de Relaciones Internacionales UMH publica listado de ayudas asignadas Convocatoria del Programa de Becas Santander ERASMUS\",\"breadcrumb\":{\"@id\":\"https:\/\/internacional.umh.es\/movilidad\/estudiantes\/erasmus\/erasmus-estudios-2021-2022\/becas-santander-erasmus-2021-2022\/#breadcrumb\"},\"inLanguage\":\"ca\",\"potentialAction\":[{\"@type\":\"ReadAction\",\"target\":[\"https:\/\/internacional.umh.es\/movilidad\/estudiantes\/erasmus\/erasmus-estudios-2021-2022\/becas-santander-erasmus-2021-2022\/\"]}]},{\"@type\":\"BreadcrumbList\",\"@id\":\"https:\/\/internacional.umh.es\/movilidad\/estudiantes\/erasmus\/erasmus-estudios-2021-2022\/becas-santander-erasmus-2021-2022\/#breadcrumb\",\"itemListElement\":[{\"@type\":\"ListItem\",\"position\":1,\"name\":\"Home\",\"item\":\"https:\/\/internacional.umh.es\/en\/\"},{\"@type\":\"ListItem\",\"position\":2,\"name\":\"MOBILITY\",\"item\":\"https:\/\/internacional.umh.es\/en\/movilidad\/\"},{\"@type\":\"ListItem\",\"position\":3,\"name\":\"Estudiantes\",\"item\":\"https:\/\/internacional.umh.es\/movilidad\/estudiantes\/\"},{\"@type\":\"ListItem\",\"position\":4,\"name\":\"ERASMUS\",\"item\":\"https:\/\/internacional.umh.es\/movilidad\/estudiantes\/erasmus\/\"},{\"@type\":\"ListItem\",\"position\":5,\"name\":\"2021-2022 Erasmus+ Studies\",\"item\":\"https:\/\/internacional.umh.es\/movilidad\/estudiantes\/erasmus\/erasmus-estudios-2021-2022\/\"},{\"@type\":\"ListItem\",\"position\":6,\"name\":\"2021-2022 Santander Erasmus Grants\"}]}]}<\/script>\n<!-- \/ Yoast SEO plugin. -->","yoast_head_json":{"description":"El Vicerrectorado de Relaciones Internacionales UMH publica listado de ayudas asignadas Convocatoria del Programa de Becas Santander ERASMUS","robots":{"index":"index","follow":"follow","max-snippet":"max-snippet:-1","max-image-preview":"max-image-preview:large","max-video-preview":"max-video-preview:-1"},"canonical":"https:\/\/internacional.umh.es\/ca\/movilidad\/estudiantes\/erasmus\/erasmus-estudios-2021-2022\/becas-santander-erasmus-2021-2022\/","og_locale":"ca_ES","og_type":"article","og_title":"Beques Santander ERASMUS 2021\/2022 - Internacionalitzaci\u00f3 i Cooperaci\u00f3","og_description":"El Vicerrectorado de Relaciones Internacionales UMH publica listado de ayudas asignadas Convocatoria del Programa de Becas Santander ERASMUS","og_url":"https:\/\/internacional.umh.es\/movilidad\/estudiantes\/erasmus\/erasmus-estudios-2021-2022\/becas-santander-erasmus-2021-2022\/","og_site_name":"Internacionalitzaci\u00f3 i Cooperaci\u00f3","article_modified_time":"2024-12-23T13:25:53+00:00","og_image":[{"url":"https:\/\/internacional.umh.es\/files\/2021\/02\/descarga-3-300x116.jpg"}],"twitter_card":"summary_large_image","twitter_misc":{"Est. reading time":"4 minuts"},"schema":{"@context":"https:\/\/schema.org","@graph":[{"@type":"WebSite","@id":"https:\/\/internacional.umh.es\/en\/#website","url":"https:\/\/internacional.umh.es\/en\/","name":"Internacionalitzaci\u00f3 i Cooperaci\u00f3","description":"Universitat Miguel Hern\u00e1ndez d&#039;Elx","potentialAction":[{"@type":"SearchAction","target":{"@type":"EntryPoint","urlTemplate":"https:\/\/internacional.umh.es\/en\/?s={search_term_string}"},"query-input":"required name=search_term_string"}],"inLanguage":"ca"},{"@type":"ImageObject","@id":"https:\/\/internacional.umh.es\/movilidad\/estudiantes\/erasmus\/erasmus-estudios-2021-2022\/becas-santander-erasmus-2021-2022\/#primaryimage","inLanguage":"ca","url":"https:\/\/internacional.umh.es\/files\/2021\/02\/descarga-3.jpg","contentUrl":"https:\/\/internacional.umh.es\/files\/2021\/02\/descarga-3.jpg","width":361,"height":140,"caption":"Logo Santander Universidades"},{"@type":"WebPage","@id":"https:\/\/internacional.umh.es\/movilidad\/estudiantes\/erasmus\/erasmus-estudios-2021-2022\/becas-santander-erasmus-2021-2022\/#webpage","url":"https:\/\/internacional.umh.es\/movilidad\/estudiantes\/erasmus\/erasmus-estudios-2021-2022\/becas-santander-erasmus-2021-2022\/","name":"Beques Santander ERASMUS 2021\/2022 - Internacionalitzaci\u00f3 i Cooperaci\u00f3","isPartOf":{"@id":"https:\/\/internacional.umh.es\/en\/#website"},"primaryImageOfPage":{"@id":"https:\/\/internacional.umh.es\/movilidad\/estudiantes\/erasmus\/erasmus-estudios-2021-2022\/becas-santander-erasmus-2021-2022\/#primaryimage"},"datePublished":"2021-01-15T09:54:05+00:00","dateModified":"2024-12-23T13:25:53+00:00","description":"El Vicerrectorado de Relaciones Internacionales UMH publica listado de ayudas asignadas Convocatoria del Programa de Becas Santander ERASMUS","breadcrumb":{"@id":"https:\/\/internacional.umh.es\/movilidad\/estudiantes\/erasmus\/erasmus-estudios-2021-2022\/becas-santander-erasmus-2021-2022\/#breadcrumb"},"inLanguage":"ca","potentialAction":[{"@type":"ReadAction","target":["https:\/\/internacional.umh.es\/movilidad\/estudiantes\/erasmus\/erasmus-estudios-2021-2022\/becas-santander-erasmus-2021-2022\/"]}]},{"@type":"BreadcrumbList","@id":"https:\/\/internacional.umh.es\/movilidad\/estudiantes\/erasmus\/erasmus-estudios-2021-2022\/becas-santander-erasmus-2021-2022\/#breadcrumb","itemListElement":[{"@type":"ListItem","position":1,"name":"Home","item":"https:\/\/internacional.umh.es\/en\/"},{"@type":"ListItem","position":2,"name":"MOBILITY","item":"https:\/\/internacional.umh.es\/en\/movilidad\/"},{"@type":"ListItem","position":3,"name":"Estudiantes","item":"https:\/\/internacional.umh.es\/movilidad\/estudiantes\/"},{"@type":"ListItem","position":4,"name":"ERASMUS","item":"https:\/\/internacional.umh.es\/movilidad\/estudiantes\/erasmus\/"},{"@type":"ListItem","position":5,"name":"2021-2022 Erasmus+ Studies","item":"https:\/\/internacional.umh.es\/movilidad\/estudiantes\/erasmus\/erasmus-estudios-2021-2022\/"},{"@type":"ListItem","position":6,"name":"2021-2022 Santander Erasmus Grants"}]}]}},"_links":{"self":[{"href":"https:\/\/internacional.umh.es\/ca\/wp-json\/wp\/v2\/pages\/17792"}],"collection":[{"href":"https:\/\/internacional.umh.es\/ca\/wp-json\/wp\/v2\/pages"}],"about":[{"href":"https:\/\/internacional.umh.es\/ca\/wp-json\/wp\/v2\/types\/page"}],"author":[{"embeddable":true,"href":"https:\/\/internacional.umh.es\/ca\/wp-json\/wp\/v2\/users\/5216"}],"replies":[{"embeddable":true,"href":"https:\/\/internacional.umh.es\/ca\/wp-json\/wp\/v2\/comments?post=17792"}],"version-history":[{"count":0,"href":"https:\/\/internacional.umh.es\/ca\/wp-json\/wp\/v2\/pages\/17792\/revisions"}],"up":[{"embeddable":true,"href":"https:\/\/internacional.umh.es\/ca\/wp-json\/wp\/v2\/pages\/17484"}],"wp:attachment":[{"href":"https:\/\/internacional.umh.es\/ca\/wp-json\/wp\/v2\/media?parent=17792"}],"curies":[{"name":"wp","href":"https:\/\/api.w.org\/{rel}","templated":true}]}}