{"id":18,"date":"2010-09-06T11:02:49","date_gmt":"2010-09-06T11:02:49","guid":{"rendered":"http:\/\/internacional.umh.es\/becas-y-movilidad\/destino\/"},"modified":"2026-02-24T09:18:01","modified_gmt":"2026-02-24T08:18:01","slug":"destino","status":"publish","type":"page","link":"https:\/\/internacional.umh.es\/ca\/movilidad\/estudiantes\/destino\/","title":{"rendered":"Programa DESTINO"},"content":{"rendered":"<p><\/p>\n<p>Tria la modalitat del programa:<\/p>\n<p><a title=\"Coneix ara les novetats dels Programes DESTINO BEQUES UMH\" href=\"https:\/\/internacional.umh.es\/ca\/movilidad\/estudiantes\/destino\/programa-destino-becas-umh-2020-2021\/\"><img loading=\"lazy\" class=\"alignnone wp-image-16377\" src=\"https:\/\/internacional.umh.es\/files\/2021\/09\/Beques-UMH-DESTINO-boto.jpg\" alt=\"Bot\u00f3 BEQUES DESTINO UMH\" width=\"187\" height=\"108\"><\/a>&nbsp;&nbsp;<a title=\"Coneix ara les novetats dels Programes DESTINO IBEROAM\u00c8RICA BEQUES UMH\" href=\"https:\/\/internacional.umh.es\/ca\/movilidad\/estudiantes\/destino\/programa-destino-iberoamerica-estud-de-grado-santander-universidades-2020-2021\/\"><img loading=\"lazy\" class=\"alignnone wp-image-16380\" src=\"https:\/\/internacional.umh.es\/files\/2021\/09\/Beques-Iberoamerica-UMH-DESTINO-boto.jpg\" alt=\"Bot\u00f3 BEQUES IBEROAM\u00c8RICA DESTINO UMH\" width=\"187\" height=\"108\"><\/a><\/p>\n<ul>\n<li><a title=\"Ho veur\u00e0s en una nova finestra\" href=\"https:\/\/internacional.umh.es\/files\/2020\/02\/Definitiva.-GU\u00cdA-PARA-ESTUDIANTES-DEL-PROGRAMA-DESTINO-2020-2021.pdf\" target=\"_blank\" rel=\"noopener noreferrer\">Guia de bones pr\u00e0ctiques per a estudiants del Programa Destino (283Kb Castell\u00e0 .pdf)<\/a><\/li>\n<\/ul>\n<hr>\n<h4><strong><u>Sessions informatives 2021\/2022<\/u><\/strong><\/h4>\n<p style=\"text-align: justify\">El <strong>dijous, 5 de novembre de 2020, <\/strong>el Servei de Relacions Internacionals, Cooperaci\u00f3 al Desenvolupament i Voluntariat ha desenvolupat les sessions informatives en l\u00ednia sobre els programes de mobilitat ERASMUS, SICUE i DESTINO per al curs 2021\/2022.<\/p>\n<p style=\"text-align: justify\">Per a m\u00e9s informaci\u00f3 sobre els programes de mobilitat internacional o nacional durant el curs 2021\/2022, pots consultar la <strong><a title=\"Ho veur\u00e0s en una nova finestra\" href=\"https:\/\/internacional.umh.es\/files\/2021\/02\/Programas-de-movilidad-curso-21-22.pptx\" target=\"_blank\" rel=\"noopener noreferrer\">Presentaci\u00f3 sobre programes de mobilitat curse 21-22 (871Kb Castell\u00e0 .pptx)<\/a><\/strong><\/p>\n<p style=\"text-align: justify\">D&#8217;ac\u00ed a poc compartirem un document de preguntes i respostes per a aclarir tots els dubtes plantejats en les sessions.<\/p>\n<hr>\n<p style=\"text-align: justify\"><strong>Oberta (24\/02\/2020):<\/strong> <a title=\"Accedeix ara a tota la informaci\u00f3 sobre la Convocat\u00f2ria del Programa DESTINO \/ Beques Iberoam\u00e8rica\" href=\"https:\/\/internacional.umh.es\/ca\/movilidad\/estudiantes\/destino\/programa-destino-iberoamerica-estud-de-grado-santander-universidades-2020-2021\/\"><strong>Convocat\u00f2ria del Programa DESTINO \/ Beques Iberoam\u00e8rica \u2013 Estudiants de Grau \u2013 Santander Universitats 2020\/2021<\/strong><\/a><\/p>\n<hr>\n<p style=\"text-align: justify\"><strong>Tancada (28\/03\/2019):<\/strong> <a title=\"Accedeix la les \u00faltimes novetats de la convocat\u00f2ria ja conclosa\" href=\"https:\/\/internacional.umh.es\/ca\/movilidad\/estudiantes\/destino\/programa-destino-becas-iberoamerica-estudiantes-de-grado-santander-universidades-2019-2020\/\"><strong>Convocat\u00f2ria del Programa DESTINO \/ Beques Iberoam\u00e8rica \u2013 Estudiants de Grau \u2013 Santander Universitats 2019\/2020<\/strong><\/a><\/p>\n<hr>\n<p style=\"text-align: justify\"><strong>Tancada (04\/04\/2019):<\/strong> <a title=\"Accedeix la les \u00faltimes novetats de la convocat\u00f2ria ja conclosa\" href=\"https:\/\/internacional.umh.es\/ca\/movilidad\/estudiantes\/destino\/programa-destino-becas-umh\/\"><strong>Convocat\u00f2ria del Programa DESTINO \/ Beques UMH 2019\/2020<\/strong><\/a><\/p>\n<hr>\n<p style=\"text-align: justify\"><strong>Anterior (15\/02\/2019):<\/strong> Test de nivell d&#8217;idiomes per a programes de mobilitat de la UMH<\/p>\n<p>Divendres que ve <strong> 1 de mar\u00e7 de 2019<\/strong> se celebrar\u00e0 la prova de nivell destinada a membres de la UMH que desitgen sol\u00b7licitar pla\u00e7a en algun programa de mobilitat de la UMH i<strong> necessiten acreditar<\/strong> el seu nivell d&#8217;angl\u00e9s, franc\u00e9s, alemany o itali\u00e0. Es far\u00e0 a trav\u00e9s del Centre d&#8217;Idiomes de la UMH i els resultats podran ser presentats per a participar en la 2a convocat\u00f2ria Erasmus+ que es publicar\u00e0 pr\u00f2ximament.<\/p>\n<ul>\n<li>Data test de nivell: <strong>divendres 1 de mar\u00e7 de 2019.<\/strong><\/li>\n<li>Termini per a matricular-se: <strong>fins al dimarts 26 de febrer.<\/strong><\/li>\n<li>Taxes: <strong>12 euros per cada test de nivell.<\/strong><\/li>\n<\/ul>\n<p>Els horaris, el<strong> formulari de participaci\u00f3<\/strong> i la resta d&#8217;informaci\u00f3 es poden consultar en la web <a title=\"Ho veur\u00e0s en una nova finestra\" href=\"https:\/\/www.idiomasumh.es\/es\/test-de-nivel\/erasmus\" target=\"_blank\" rel=\"noopener noreferrer\">idiomasumh.es\/es\/test-de-nivel\/erasmus<\/a><\/p>\n<hr>\n<p style=\"text-align: justify\"><strong>Curs anterior:<\/strong> El Vicerectorat de Relacions Internacionals de la Universitat Miguel Hern\u00e1ndez (UMH) d&#8217;Elx publica el<strong> llistat definitiu de beques assignades en la convocat\u00f2ria del Programa Destino UMH en el curs 2017\/2018<\/strong>, de mobilitat no europea, en totes dues modalitats de finan\u00e7ament:<\/p>\n<ul style=\"text-align: justify\">\n<li><a title=\"Ho veru\u00e0s en una nova finestra\" href=\"https:\/\/registro.umh.es\/files\/2017\/04\/RE_2017_001_6885.pdf\" target=\"_blank\" rel=\"noopener noreferrer\"><strong>Llistat de beneficiaris en el programa Destino UMH \u2013 Modalitat Beques UMH (2Mb .pdf)<\/strong><\/a><\/li>\n<li><a title=\"Ho veru\u00e0s en una nova finestra\" href=\"https:\/\/registro.umh.es\/files\/2017\/04\/RE_2017_001_6884.pdf\" target=\"_blank\" rel=\"noopener noreferrer\"><strong>Llistat de beneficiaris en el programa Destino UMH \u2013 Modalitat Iberoam\u00e8rica \u2013 Santander (2Mb .pdf)<\/strong><\/a><\/li>\n<\/ul>\n<hr>\n<p style=\"text-align: justify\"><strong>Anterior (03\/04\/2017) <\/strong>&#8211; El Vicerectorat de Relacions Internacionals de la Universitat Miguel Hern\u00e1ndez (UMH) d&#8217;Elx publica el<strong> llistat provisional de places assignades en la convocat\u00f2ria del Programa Destino UMH en el curs 2017\/2018<\/strong>, de mobilitat no europea. Aquells estudiants provisionalment beneficiaris han de presentar la seua acceptaci\u00f3\/renuncia de la pla\u00e7a<strong> fins al 20 d&#8217;abril. <\/strong><strong>Important:<\/strong> aquells estudiants que hagen resultat beneficiaris en totes dues modalitats del programa, per\u00f2 en universitats de dest\u00ed diferents, <strong>hauran de triar un dels destins en el termini i manera indicada, <\/strong>tal com especifica en la resoluci\u00f3*:<\/p>\n<ul>\n<li><a title=\"Ho veur\u00e0s en una nova finestra\" href=\"https:\/\/internacional.umh.es\/files\/2017\/04\/destino-provisional-umh.pdf\" target=\"_blank\" rel=\"noopener noreferrer\">Llistat provisional de places assignades en el programa Destino UMH &#8211; <strong>Modalitat Beques UMH (1,48Mb Castell\u00e0 .pdf)<\/strong><\/a><br \/>\n&#8211; <a title=\"Ho veur\u00e0s en una nova finestra\" href=\"https:\/\/internacional.umh.es\/files\/2017\/04\/aceptacionrenunciaumh.doc\" target=\"_blank\" rel=\"noopener noreferrer\">Desc\u00e0rrega el document d&#8217;acceptaci\u00f3\/renuncia UMH (1,48Mb Castell\u00e0 .doc)<\/a><\/li>\n<\/ul>\n<li><a title=\"Ho veur\u00e0s en una nova finestra\" href=\"https:\/\/internacional.umh.es\/files\/2010\/09\/destino-provisional-santander.pdf\" target=\"_blank\" rel=\"noopener noreferrer\">Llistat provisional de places assignades en el programa Destino UMH &#8211; <strong>Modalitat Beques Iberoam\u00e8rica-Santander (1,42Kb Castell\u00e0 .pdf)<\/strong><\/a><br \/>\n&#8211;<a title=\"Ho veur\u00e0s en una nova finestra\" href=\"https:\/\/internacional.umh.es\/files\/2017\/04\/aceptacionrenuncia-santander.doc\" target=\"_blank\" rel=\"noopener noreferrer\">Desc\u00e0rrega el document d&#8217;acceptaci\u00f3\/renuncia Iberoam\u00e8rica (1,52Kb Castell\u00e0 .doc)<\/a><\/li>\n<p>\n<\/ul>\n<p style=\"text-align: justify\">L&#8217;acceptaci\u00f3\/renuncia s&#8217;haur\u00e0 de presentar en el termini a dalt indicat a trav\u00e9s de Registre General o Auxiliars, o per qualsevol dels mitjans contemplats en la Llei 39\/2015, d&#8217;1 d&#8217;octubre, del Procediment Administratiu Com\u00fa de les Administracions P\u00fabliques. En cas de no fer-ho en el termini establit, s&#8217;entendr\u00e0 que el beneficiari ren\u00fancia a la seua pla\u00e7a. Aix\u00ed mateix, els interessats a presentar al\u00b7legacions poden fer-ho en el mateix termini.<\/p>\n<p><em>CRITERIS APLICATS PER A l&#8217;ADJUDICACI\u00d3 DE LES BEQUES:<\/em><\/p>\n<p>En el cas dels estudiants que han resultat beneficiaris de Beca en la Convocat\u00f2ria Iberoam\u00e8rica-Santander i tamb\u00e9 en la Convocat\u00f2ria de Beques UMH <u>per a la mateixa universitat de dest\u00ed<\/u>, la Comissi\u00f3 de Selecci\u00f3 ha decidisc adjudicar la Beca Iberoam\u00e8rica-Santander.<\/p>\n<p>En el cas dels estudiants que han resultat beneficiaris de Beca en la Convocat\u00f2ria Iberoam\u00e8rica-Santander i tamb\u00e9 en la Convocat\u00f2ria de Beques UMH <u>per a diferent universitat de dest\u00ed<\/u>, la Comissi\u00f3 de Selecci\u00f3 ha decidit donar a l&#8217;estudiant el termini de 10 dies h\u00e0bils (termini Acceptaci\u00f3\/Ren\u00fancia) per a triar entre totes dues Beques.<\/p>\n<hr>\n<h4><strong><u>Convocat\u00f2ria 2017\/2018<\/u><\/strong><\/h4>\n<p style=\"text-align: justify\"><strong>L&#8217;estudiant pot presentar la seua sol\u00b7licitud, i aix\u00ed es recomana que ho fa\u00e7a, a les dues modalitats de finan\u00e7ament del programa Destino: <a title=\"Accedeix a les \u00faltimes novetats sobre les Beques DESTINO UMH\" href=\"https:\/\/internacional.umh.es\/ca\/movilidad\/estudiantes\/destino\/destino-becas-umh\/\" rel=\"noopener noreferrer\">Beques DESTINO UMH<\/a> i <a title=\"Accedeix a les \u00faltimes novetats sobre les Beques Iberoam\u00e8rica DESTINO UMH\" href=\"https:\/\/internacional.umh.es\/ca\/movilidad\/estudiantes\/destino\/ibero\/\" rel=\"noopener noreferrer\">Beques Iberoam\u00e8rica-Santander<\/a>.<\/strong> La llista d&#8217;universitats varia en cadascuna de les modalitats de finan\u00e7ament, aix\u00ed com el nombre de places (en el cas de les Beques UMH s\u00f3n 12; en el del banc Santander, 14), per\u00f2 <strong>la quantia \u00e9s la mateixa<\/strong>.<strong> Es recomana a l&#8217;estudiant sol\u00b7licitar pla\u00e7a en totes dues convocat\u00f2ries per a augmentar les possibilitats que li siga concedida.<\/strong><\/p>\n<p style=\"text-align: justify\">La <b>sol\u00b7licitud <\/b>haur\u00e0 de presentar-se a trav\u00e9s del Registre General de la UMH o dels Registres Auxiliars dels CEGECAS de cada Campus o per qualsevol altre procediment establit en la Llei 39\/2015, d&#8217;1 d&#8217;octubre, del Procediment Administratiu Com\u00fa de les Administracions P\u00fabliques juntament amb la seg\u00fcent documentaci\u00f3 dirigida al Servei de Relacions Internacionals, Cooperaci\u00f3 al Desenvolupament i Voluntariat. En el cas de les Beques UMH, el termini finalitza el pr\u00f2xim <strong>20 de mar\u00e7 de 2017<\/strong>; en el cas de les Beques Iberoam\u00e8rica &#8211; Santander, el termini finalitza el <strong>23 de mar\u00e7 de 2017<\/strong>.<\/p>\n<p style=\"text-align: justify\">Accedeix a cadascuna de les modalitats de la convocat\u00f2ria Destino per a accedir al text complet en el qual es matisen els requisits dels aspirants, dotacions econ\u00f2miques, condicions, etc.<\/p>\n<ul>\n<li>Programa DESTINO: <strong><a title=\"Accedeix a les \u00faltimes novetats sobre les Beques DESTINO UMH\" href=\"https:\/\/internacional.umh.es\/ca\/movilidad\/estudiantes\/destino\/destino-becas-umh\/\" rel=\"noopener noreferrer\">Beques UMH<\/a><\/strong><\/li>\n<li>Programa DESTINO: <strong><a title=\"Accedeix a les \u00faltimes novetats sobre les Beques Iberoam\u00e8rica DESTINO UMH\" href=\"https:\/\/internacional.umh.es\/ca\/estudiantes\/destino\/ibero\/\" rel=\"noopener noreferrer\">Iberoam\u00e8rica &#8211; Estudiants de Grau &#8211; Santander Universitats<\/a><\/strong><\/li>\n<\/ul>\n<p style=\"text-align: justify\">Si tens dubtes, dirigeix-te a movilidad@umh.es, telefona al 966 658 710 o acudeix al Servei de Relacions Internacionals (1a de l&#8217;Edifici La G\u00e0l\u00b7lia &#8211; Campus d&#8217;Elx).<\/p>\n<hr>\n<p style=\"text-align: justify\"><span style=\"text-align: justify\">L&#8217;objectiu general del Programa DESTINO-Estudiants \u00e9s fomentar la mobilitat d&#8217;estudiants de Grau de la UMH a universitats estrangeres, fora de l&#8217;Espai Europeu d&#8217;Educaci\u00f3 Superior, complementant al Programa ERASMUS de mobilitat internacional i al Programa SICUE de mobilitat nacional.<\/span><\/p>\n<p style=\"text-align: justify\">Per a aconseguir aquest objectiu, el Programa DESTINO-Estudiants t\u00e9 com a finalitat permetre a l&#8217;alumne UMH realitzar una estada acad\u00e8mica, des de sis mesos a un curs complet, en una universitat conveniada, amb el reconeixement autom\u00e0tic de les qualificacions obtingudes a la seua volta.<\/p>\n<p style=\"text-align: justify\">Per a dotar econ\u00f2micament aquest Programa, la UMH ha dotat amb fons propis la creaci\u00f3 de les Beques DESTINO UMH a m\u00e9s de signar convenis de col\u00b7laboraci\u00f3 amb entitats financeres com el Banc de Santander, creant les beques Iberoam\u00e8rica &#8211; Estudiants de Grau &#8211; Santander Universitats, que pots visitar en les diferents seccions d&#8217;aquesta web.<\/p>\n<ul>\n<li><a title=\"Ho veur\u00e0s en una nova finestra\" href=\"https:\/\/internacional.umh.es\/files\/2011\/06\/FAQ\u00b4s.pdf\" target=\"_blank\" rel=\"noopener noreferrer\">Q\u00fcestionari de Preguntes M\u00e9s Freq\u00fcents (FAQ&#8217;s, 40Kb Castell\u00e0 .pdf)<\/a><\/li>\n<\/ul>\n<hr>\n<p style=\"text-align: justify\"><strong>Anterior (09\/06\/2016):<\/strong> <strong>Publicat el llistat definitiu de beneficiaris del programa Destino 2016\/2017:<\/strong><\/p>\n<ul style=\"text-align: justify\">\n<li><a title=\"Ho veur\u00e0s en una nova finestra\" href=\"https:\/\/internacional.umh.es\/files\/2010\/09\/Destino-Becas-Iberoamerica.pdf\" target=\"_blank\" rel=\"noopener noreferrer\"><strong>Llistat definitiu &#8211; Programa Destino Beques Iberoam\u00e8rica (504Kb Castell\u00e0 .pdf)<\/strong><\/a><\/li>\n<li><a title=\"Ho veur\u00e0s en una nova finestra\" href=\"https:\/\/internacional.umh.es\/files\/2010\/09\/Destino-Becas-UMH.pdf\" target=\"_blank\" rel=\"noopener noreferrer\"><strong>Llistat definitiu &#8211; Programa Destino Beques UMH (538Kb Castell\u00e0 .pdf)<\/strong><\/a><\/li>\n<\/ul>\n<hr>\n<h4><strong><u>Llistat provisional places Destino 2016\/2017<\/u><\/strong><\/h4>\n<p style=\"text-align: justify\"><strong>Important: <\/strong>Aquells estudiants que hagen resultat provisionalment beneficiaris de la beca hauran de presentar la seua <strong>acceptaci\u00f3 \/ renuncia <\/strong><strong>en el termini establit en l&#8217;apartat anterior, fins al dia 3 de maig (inclusivament) a trav\u00e9s de Registre General o Auxiliars.<\/strong> <u>En cas de no rebre l&#8217;acceptaci\u00f3 o ren\u00fancia en el termini establit, s&#8217;entendr\u00e0 que l&#8217;estudiant renuncia a la seua beca.<\/u> Els estudiants que hagen sol\u00b7licitat les dues ajudes disponibles en el programa Destino han de comprovar si han resultat beneficiaris de totes dues beques i, en cas afirmatiu, <strong>hauran de triar una de les dues places abans del mateix 3 de maig<\/strong> mitjan\u00e7ant l&#8217;acceptaci\u00f3 de la triada i la ren\u00fancia de la no triada.<\/p>\n<ul style=\"text-align: justify\">\n<li><strong>Beques UMH:<\/strong>\n<ul>\n<li><a title=\"Ho veur\u00e0s en una nova finestra\" href=\"https:\/\/internacional.umh.es\/files\/2013\/05\/Becas-UMH_Listado-solic.admitidas-tr%C3%A1mite-excluidas-y-adjud.prov_.becas_.pdf\" target=\"_blank\" rel=\"noopener noreferrer\"><strong>Llistat provisional de places assignades<\/strong> de la Convocat\u00f2ria programa DESTINO-Estudiants \/ Beques UMH 2016-2017 (4,65Mb Castell\u00e0 .pdf)<\/a><\/li>\n<li><a title=\"Ho veur\u00e0s en una nova finestra\" href=\"https:\/\/internacional.umh.es\/files\/2013\/05\/Anexo-III-Aceptaci%C3%B3n-Renuncia.pdf\" target=\"_blank\" rel=\"noopener noreferrer\">Acceptaci\u00f3\/renuncia (Annex III (141Kb Castell\u00e0 .pdf)<\/a> per a presentar en Registre General o Auxiliars<strong> abans del 3 de maig<\/strong><\/li>\n<li><a title=\"Accedeix a les \u00faltimes novetats sobre les Beques UMH\" href=\"https:\/\/internacional.umh.es\/ca\/movilidad\/estudiantes\/destino\/destino-becas-umh\/\" target=\"_blank\" rel=\"noopener noreferrer\">M\u00e9s informaci\u00f3 Beques UMH<\/a><\/li>\n<\/ul>\n<\/li>\n<\/ul>\n<ul style=\"text-align: justify\">\n<li><strong>Beques Iberoam\u00e8rica:<\/strong>\n<ul>\n<li><a href=\"https:\/\/internacional.umh.es\/files\/2011\/05\/Iberoam%C3%A9rica_Listado-de-solicitudes-admitidas-a-tr%C3%A1mite-excluidas-y-adjudicaci%C3%B3n-provisional-de-Becas.pdf\" target=\"_blank\" rel=\"noopener noreferrer\"><strong>Llistat provisional de places assignades<\/strong> de la Convocat\u00f2ria programa DESTINO-Estudiants \/ Beques Iberoam\u00e8rica 2016-2017 (4,65Mb Castell\u00e0 .pdf)<\/a><\/li>\n<li><a href=\"https:\/\/internacional.umh.es\/files\/2011\/05\/Iberoamerica-Anexo-III-Aceptaci%C3%B3n-Renuncia.pdf\" target=\"_blank\" rel=\"noopener noreferrer\">Acceptaci\u00f3\/renuncia (Annex III 127Kb Castell\u00e0 .pdf)<\/a> per a presentar en Registre General o Auxiliars <strong>abans del 3 de maig<\/strong><\/li>\n<li><a title=\"Accedeix ara a tota la informaci\u00f3 sobre Beques Iberoam\u00e8rica \u2013 Santander\" href=\"https:\/\/internacional.umh.es\/ca\/movilidad\/estudiantes\/destino\/ibero\/\" rel=\"*noopener noreferrer\">M\u00e9s informaci\u00f3 Beques Iberoam\u00e8rica<\/a><\/li>\n<\/ul>\n<\/li>\n<\/ul>\n<p style=\"text-align: justify\">Les possibles AL\u00b7LEGACIONS hauran de presentar-se fins al mateix dia 3 de maig, mitjan\u00e7ant inst\u00e0ncia \u201cExposa-Sol\u00b7licita\u201d dirigida al Vicerector de Relacions Internacionals.<\/p>\n<p>&nbsp;<\/p>","protected":false},"excerpt":{"rendered":"<p>Tria la modalitat del programa:<br \/>\n&nbsp;&nbsp;<\/p>\n<p>Guia de bones pr\u00e0ctiques per a estudiants del Programa Destino (283Kb Castell\u00e0 .pdf)<\/p>\n<p>Sessions informatives 2021\/2022<br \/>\nEl dijous, 5 de novembre de 2020, el Servei de Relacions Internacionals, Cooperaci\u00f3 al Desenvolupament i Voluntariat ha desenvolupat les sessions informatives en l\u00ednia sobre els programes de mobilitat ERASMUS, SICUE i DESTINO per al curs 2021\/2022.<br \/>\nPer [&#8230;]<\/p>\n","protected":false},"author":30,"featured_media":0,"parent":169,"menu_order":3,"comment_status":"closed","ping_status":"closed","template":"","meta":{"ngg_post_thumbnail":0,"_links_to":"","_links_to_target":""},"yoast_head":"<!-- This site is optimized with the Yoast SEO plugin v17.5 - https:\/\/yoast.com\/wordpress\/plugins\/seo\/ -->\n<meta name=\"description\" content=\"El Vicerrectorado de Relaciones Internacionales UMH publica las convocatorias de movilidad del Programa Destino PDI- Docencia y Destino PAS\" \/>\n<meta name=\"robots\" content=\"index, follow, max-snippet:-1, max-image-preview:large, max-video-preview:-1\" \/>\n<link rel=\"canonical\" href=\"https:\/\/internacional.umh.es\/ca\/movilidad\/estudiantes\/destino\/\" \/>\n<meta property=\"og:locale\" content=\"ca_ES\" \/>\n<meta property=\"og:type\" content=\"article\" \/>\n<meta property=\"og:title\" content=\"Programa DESTINO - Internacionalitzaci\u00f3 i Cooperaci\u00f3\" \/>\n<meta property=\"og:description\" content=\"El Vicerrectorado de Relaciones Internacionales UMH publica las convocatorias de movilidad del Programa Destino PDI- Docencia y Destino PAS\" \/>\n<meta property=\"og:url\" content=\"https:\/\/internacional.umh.es\/movilidad\/estudiantes\/destino\/\" \/>\n<meta property=\"og:site_name\" content=\"Internacionalitzaci\u00f3 i Cooperaci\u00f3\" \/>\n<meta property=\"article:modified_time\" content=\"2026-02-24T08:18:01+00:00\" \/>\n<meta property=\"og:image\" content=\"https:\/\/internacional.umh.es\/files\/2025\/04\/3-300x193.png\" \/>\n<meta name=\"twitter:card\" content=\"summary_large_image\" \/>\n<meta name=\"twitter:label1\" content=\"Est. reading time\" \/>\n\t<meta name=\"twitter:data1\" content=\"1 minut\" \/>\n<script type=\"application\/ld+json\" class=\"yoast-schema-graph\">{\"@context\":\"https:\/\/schema.org\",\"@graph\":[{\"@type\":\"WebSite\",\"@id\":\"https:\/\/internacional.umh.es\/en\/#website\",\"url\":\"https:\/\/internacional.umh.es\/en\/\",\"name\":\"Internacionalitzaci\\u00f3 i Cooperaci\\u00f3\",\"description\":\"Universitat Miguel Hern\\u00e1ndez d&#039;Elx\",\"potentialAction\":[{\"@type\":\"SearchAction\",\"target\":{\"@type\":\"EntryPoint\",\"urlTemplate\":\"https:\/\/internacional.umh.es\/en\/?s={search_term_string}\"},\"query-input\":\"required name=search_term_string\"}],\"inLanguage\":\"ca\"},{\"@type\":\"ImageObject\",\"@id\":\"https:\/\/internacional.umh.es\/movilidad\/estudiantes\/destino\/#primaryimage\",\"inLanguage\":\"ca\",\"url\":\"https:\/\/internacional.umh.es\/files\/2025\/04\/3-300x193.png\",\"contentUrl\":\"https:\/\/internacional.umh.es\/files\/2025\/04\/3-300x193.png\"},{\"@type\":\"WebPage\",\"@id\":\"https:\/\/internacional.umh.es\/movilidad\/estudiantes\/destino\/#webpage\",\"url\":\"https:\/\/internacional.umh.es\/movilidad\/estudiantes\/destino\/\",\"name\":\"Programa DESTINO - Internacionalitzaci\\u00f3 i Cooperaci\\u00f3\",\"isPartOf\":{\"@id\":\"https:\/\/internacional.umh.es\/en\/#website\"},\"primaryImageOfPage\":{\"@id\":\"https:\/\/internacional.umh.es\/movilidad\/estudiantes\/destino\/#primaryimage\"},\"datePublished\":\"2010-09-06T11:02:49+00:00\",\"dateModified\":\"2026-02-24T08:18:01+00:00\",\"description\":\"El Vicerrectorado de Relaciones Internacionales UMH publica las convocatorias de movilidad del Programa Destino PDI- Docencia y Destino PAS\",\"breadcrumb\":{\"@id\":\"https:\/\/internacional.umh.es\/movilidad\/estudiantes\/destino\/#breadcrumb\"},\"inLanguage\":\"ca\",\"potentialAction\":[{\"@type\":\"ReadAction\",\"target\":[\"https:\/\/internacional.umh.es\/movilidad\/estudiantes\/destino\/\"]}]},{\"@type\":\"BreadcrumbList\",\"@id\":\"https:\/\/internacional.umh.es\/movilidad\/estudiantes\/destino\/#breadcrumb\",\"itemListElement\":[{\"@type\":\"ListItem\",\"position\":1,\"name\":\"Home\",\"item\":\"https:\/\/internacional.umh.es\/en\/\"},{\"@type\":\"ListItem\",\"position\":2,\"name\":\"MOBILITY\",\"item\":\"https:\/\/internacional.umh.es\/en\/movilidad\/\"},{\"@type\":\"ListItem\",\"position\":3,\"name\":\"Estudiantes\",\"item\":\"https:\/\/internacional.umh.es\/movilidad\/estudiantes\/\"},{\"@type\":\"ListItem\",\"position\":4,\"name\":\"Programa DESTINO\"}]}]}<\/script>\n<!-- \/ Yoast SEO plugin. -->","yoast_head_json":{"description":"El Vicerrectorado de Relaciones Internacionales UMH publica las convocatorias de movilidad del Programa Destino PDI- Docencia y Destino PAS","robots":{"index":"index","follow":"follow","max-snippet":"max-snippet:-1","max-image-preview":"max-image-preview:large","max-video-preview":"max-video-preview:-1"},"canonical":"https:\/\/internacional.umh.es\/ca\/movilidad\/estudiantes\/destino\/","og_locale":"ca_ES","og_type":"article","og_title":"Programa DESTINO - Internacionalitzaci\u00f3 i Cooperaci\u00f3","og_description":"El Vicerrectorado de Relaciones Internacionales UMH publica las convocatorias de movilidad del Programa Destino PDI- Docencia y Destino PAS","og_url":"https:\/\/internacional.umh.es\/movilidad\/estudiantes\/destino\/","og_site_name":"Internacionalitzaci\u00f3 i Cooperaci\u00f3","article_modified_time":"2026-02-24T08:18:01+00:00","og_image":[{"url":"https:\/\/internacional.umh.es\/files\/2025\/04\/3-300x193.png"}],"twitter_card":"summary_large_image","twitter_misc":{"Est. reading time":"1 minut"},"schema":{"@context":"https:\/\/schema.org","@graph":[{"@type":"WebSite","@id":"https:\/\/internacional.umh.es\/en\/#website","url":"https:\/\/internacional.umh.es\/en\/","name":"Internacionalitzaci\u00f3 i Cooperaci\u00f3","description":"Universitat Miguel Hern\u00e1ndez d&#039;Elx","potentialAction":[{"@type":"SearchAction","target":{"@type":"EntryPoint","urlTemplate":"https:\/\/internacional.umh.es\/en\/?s={search_term_string}"},"query-input":"required name=search_term_string"}],"inLanguage":"ca"},{"@type":"ImageObject","@id":"https:\/\/internacional.umh.es\/movilidad\/estudiantes\/destino\/#primaryimage","inLanguage":"ca","url":"https:\/\/internacional.umh.es\/files\/2025\/04\/3-300x193.png","contentUrl":"https:\/\/internacional.umh.es\/files\/2025\/04\/3-300x193.png"},{"@type":"WebPage","@id":"https:\/\/internacional.umh.es\/movilidad\/estudiantes\/destino\/#webpage","url":"https:\/\/internacional.umh.es\/movilidad\/estudiantes\/destino\/","name":"Programa DESTINO - Internacionalitzaci\u00f3 i Cooperaci\u00f3","isPartOf":{"@id":"https:\/\/internacional.umh.es\/en\/#website"},"primaryImageOfPage":{"@id":"https:\/\/internacional.umh.es\/movilidad\/estudiantes\/destino\/#primaryimage"},"datePublished":"2010-09-06T11:02:49+00:00","dateModified":"2026-02-24T08:18:01+00:00","description":"El Vicerrectorado de Relaciones Internacionales UMH publica las convocatorias de movilidad del Programa Destino PDI- Docencia y Destino PAS","breadcrumb":{"@id":"https:\/\/internacional.umh.es\/movilidad\/estudiantes\/destino\/#breadcrumb"},"inLanguage":"ca","potentialAction":[{"@type":"ReadAction","target":["https:\/\/internacional.umh.es\/movilidad\/estudiantes\/destino\/"]}]},{"@type":"BreadcrumbList","@id":"https:\/\/internacional.umh.es\/movilidad\/estudiantes\/destino\/#breadcrumb","itemListElement":[{"@type":"ListItem","position":1,"name":"Home","item":"https:\/\/internacional.umh.es\/en\/"},{"@type":"ListItem","position":2,"name":"MOBILITY","item":"https:\/\/internacional.umh.es\/en\/movilidad\/"},{"@type":"ListItem","position":3,"name":"Estudiantes","item":"https:\/\/internacional.umh.es\/movilidad\/estudiantes\/"},{"@type":"ListItem","position":4,"name":"Programa DESTINO"}]}]}},"_links":{"self":[{"href":"https:\/\/internacional.umh.es\/ca\/wp-json\/wp\/v2\/pages\/18"}],"collection":[{"href":"https:\/\/internacional.umh.es\/ca\/wp-json\/wp\/v2\/pages"}],"about":[{"href":"https:\/\/internacional.umh.es\/ca\/wp-json\/wp\/v2\/types\/page"}],"author":[{"embeddable":true,"href":"https:\/\/internacional.umh.es\/ca\/wp-json\/wp\/v2\/users\/30"}],"replies":[{"embeddable":true,"href":"https:\/\/internacional.umh.es\/ca\/wp-json\/wp\/v2\/comments?post=18"}],"version-history":[{"count":0,"href":"https:\/\/internacional.umh.es\/ca\/wp-json\/wp\/v2\/pages\/18\/revisions"}],"up":[{"embeddable":true,"href":"https:\/\/internacional.umh.es\/ca\/wp-json\/wp\/v2\/pages\/169"}],"wp:attachment":[{"href":"https:\/\/internacional.umh.es\/ca\/wp-json\/wp\/v2\/media?parent=18"}],"curies":[{"name":"wp","href":"https:\/\/api.w.org\/{rel}","templated":true}]}}