{"id":18255,"date":"2021-02-15T10:51:01","date_gmt":"2021-02-15T09:51:01","guid":{"rendered":"https:\/\/internacional.umh.es\/?page_id=18255"},"modified":"2024-01-22T13:27:47","modified_gmt":"2024-01-22T12:27:47","slug":"itinerario-de-la-persona-voluntaria-en-la-umh","status":"publish","type":"page","link":"https:\/\/internacional.umh.es\/ca\/cooperacion-y-voluntariado\/voluntariado\/itinerario-de-la-persona-voluntaria-en-la-umh\/","title":{"rendered":"Itinerari de la persona volunt\u00e0ria en la UMH"},"content":{"rendered":"<p><img loading=\"lazy\" class=\"alignleft size-full wp-image-18258\" title=\"Coneix m\u00e9s informaci\u00f3 sobre l'itinerari de la persona volunt\u00e0ria en la UMH\n\" src=\"https:\/\/internacional.umh.es\/files\/2021\/02\/XVI-JORNADS-VOLUNTARIADO-UMH.png\" alt=\"Itinerari persona volunt\u00e0ria Ruanda banner\" width=\"1920\" height=\"400\" srcset=\"https:\/\/internacional.umh.es\/files\/2021\/02\/XVI-JORNADS-VOLUNTARIADO-UMH.png 1920w, https:\/\/internacional.umh.es\/files\/2021\/02\/XVI-JORNADS-VOLUNTARIADO-UMH-300x63.png 300w, https:\/\/internacional.umh.es\/files\/2021\/02\/XVI-JORNADS-VOLUNTARIADO-UMH-768x160.png 768w, https:\/\/internacional.umh.es\/files\/2021\/02\/XVI-JORNADS-VOLUNTARIADO-UMH-1024x213.png 1024w\" sizes=\"(max-width: 1920px) 100vw, 1920px\" \/><\/p>\n<p style=\"text-align: justify\">Aquest itinerari proposat des de l&#8217;\u00c0rea de Cooperaci\u00f3 al Desenvolupament i Voluntariat de la UMH pret\u00e9n ser un proc\u00e9s d&#8217;aprenentatge experiencial, din\u00e0mic i flexible, amb diferents fites per a un aprenentatge integral dels aspectes de l&#8217;acci\u00f3 volunt\u00e0ria i la cooperaci\u00f3 internacional al desenvolupament.<\/p>\n<p>Les <strong>fases<\/strong> de l&#8217;itinerari s\u00f3n:<\/p>\n<ul>\n<li><strong><a href=\"https:\/\/internacional.umh.es\/ca\/cooperacion-y-voluntariado\/formacion-en-voluntariado\/formacion\/\" title=\"Accedeix si est\u00e0s interessat en formaci\u00f3 en voluntariat en la UMH\">Realitzaci\u00f3 de la Formaci\u00f3 B\u00e0sica en Voluntariat<\/a><\/strong><\/li>\n<li><a href=\"https:\/\/internacional.umh.es\/ca\/cooperacion-y-voluntariado\/formacion-en-voluntariado\/formacion\/\" title=\"Coneix detalls de la formaci\u00f3 espec\u00edfica en cooperaci\u00f3 internacional a Ruanda\"><strong>Realitzaci\u00f3 de la formaci\u00f3 espec\u00edfica de cooperaci\u00f3 internacional al desenvolupament a \u00c0frica i m\u00e9s concretament a Ruanda<\/strong><\/a><\/li>\n<li><a href=\"https:\/\/internacional.umh.es\/ca\/cooperacion-y-voluntariado\/voluntariado\/voluntariado-en-ruanda\/\" title=\"Informa't sobre el que la UMH realitza a Ruanda\"><strong>Realitzaci\u00f3 en terreny de l&#8217;activitat volunt\u00e0ria de cooperaci\u00f3 internacional al Desenvolupament (Ruanda)<\/strong><\/a><\/li>\n<li><a href=\"https:\/\/internacional.umh.es\/ca\/cooperacion-y-voluntariado\/formacion-en-voluntariado\/eventos\/\" title=\"Coneix m\u00e9s informaci\u00f3 sobre Jornades de promoci\u00f3 de voluntariat en la Universitat Miguel Hern\u00e1ndez\"><strong>Participaci\u00f3 de manera activa en l&#8217;organitzaci\u00f3 de les Jornades de promoci\u00f3 del voluntariat en la UMH<\/strong><\/a><\/li>\n<li><a href=\"https:\/\/internacional.umh.es\/ca\/cooperacion-y-voluntariado\/formacion-en-voluntariado\/eventos\/\" title=\"Accedeix a la informaci\u00f3 sobre esdeveniments realitzats en les universitats valencianes\"><strong>Participaci\u00f3 en les \u201cJornades de Cooperaci\u00f3 de les 5 universitats p\u00fabliques de la Comunitat Valenciana\u201d<\/strong><\/a><\/li>\n<\/ul>\n<p><em>*Aquestes fases o activitats que conformen l&#8217;itinerari es poden realitzar de manera independent sense completar l&#8217;itinerari en el seu conjunt.<\/em><\/p>\n<p><\/p>","protected":false},"excerpt":{"rendered":"<p>Aquest itinerari proposat des de l&#8217;\u00c0rea de Cooperaci\u00f3 al Desenvolupament i Voluntariat de la UMH pret\u00e9n ser un proc\u00e9s d&#8217;aprenentatge experiencial, din\u00e0mic i flexible, amb diferents fites per a un aprenentatge integral dels aspectes de l&#8217;acci\u00f3 volunt\u00e0ria i la cooperaci\u00f3 internacional al desenvolupament.<br \/>\nLes fases de l&#8217;itinerari s\u00f3n:<\/p>\n<p>Realitzaci\u00f3 de la Formaci\u00f3 B\u00e0sica en Voluntariat<br \/>\nRealitzaci\u00f3 de la [&#8230;]<\/p>\n","protected":false},"author":5216,"featured_media":0,"parent":7283,"menu_order":0,"comment_status":"closed","ping_status":"closed","template":"","meta":{"ngg_post_thumbnail":0,"_links_to":"","_links_to_target":""},"yoast_head":"<!-- This site is optimized with the Yoast SEO plugin v17.5 - https:\/\/yoast.com\/wordpress\/plugins\/seo\/ -->\n<meta name=\"description\" content=\"Este itinerario de persona voluntaria Cooperaci\u00f3n al Desarrollo y Voluntariado es un proceso de aprendizaje experiencial, din\u00e1mico, flexible\" \/>\n<meta name=\"robots\" content=\"index, follow, max-snippet:-1, max-image-preview:large, max-video-preview:-1\" \/>\n<link rel=\"canonical\" href=\"https:\/\/internacional.umh.es\/ca\/cooperacion-y-voluntariado\/voluntariado\/itinerario-de-la-persona-voluntaria-en-la-umh\/\" \/>\n<meta property=\"og:locale\" content=\"ca_ES\" \/>\n<meta property=\"og:type\" content=\"article\" \/>\n<meta property=\"og:title\" content=\"Itinerari de la persona volunt\u00e0ria en la UMH - Internacionalitzaci\u00f3 i Cooperaci\u00f3\" \/>\n<meta property=\"og:description\" content=\"Este itinerario de persona voluntaria Cooperaci\u00f3n al Desarrollo y Voluntariado es un proceso de aprendizaje experiencial, din\u00e1mico, flexible\" \/>\n<meta property=\"og:url\" content=\"https:\/\/internacional.umh.es\/ca\/cooperacion-y-voluntariado\/voluntariado\/itinerario-de-la-persona-voluntaria-en-la-umh\/\" \/>\n<meta property=\"og:site_name\" content=\"Internacionalitzaci\u00f3 i Cooperaci\u00f3\" \/>\n<meta property=\"article:modified_time\" content=\"2024-01-22T12:27:47+00:00\" \/>\n<meta property=\"og:image\" content=\"https:\/\/internacional.umh.es\/files\/2021\/02\/XVI-JORNADS-VOLUNTARIADO-UMH.png\" \/>\n<meta name=\"twitter:card\" content=\"summary_large_image\" \/>\n<meta name=\"twitter:label1\" content=\"Est. reading time\" \/>\n\t<meta name=\"twitter:data1\" content=\"1 minut\" \/>\n<script type=\"application\/ld+json\" class=\"yoast-schema-graph\">{\"@context\":\"https:\/\/schema.org\",\"@graph\":[{\"@type\":\"WebSite\",\"@id\":\"https:\/\/internacional.umh.es\/en\/#website\",\"url\":\"https:\/\/internacional.umh.es\/en\/\",\"name\":\"Internacionalitzaci\\u00f3 i Cooperaci\\u00f3\",\"description\":\"Universitat Miguel Hern\\u00e1ndez d&#039;Elx\",\"potentialAction\":[{\"@type\":\"SearchAction\",\"target\":{\"@type\":\"EntryPoint\",\"urlTemplate\":\"https:\/\/internacional.umh.es\/en\/?s={search_term_string}\"},\"query-input\":\"required name=search_term_string\"}],\"inLanguage\":\"ca\"},{\"@type\":\"ImageObject\",\"@id\":\"https:\/\/internacional.umh.es\/ca\/cooperacion-y-voluntariado\/voluntariado\/itinerario-de-la-persona-voluntaria-en-la-umh\/#primaryimage\",\"inLanguage\":\"ca\",\"url\":\"https:\/\/internacional.umh.es\/files\/2021\/02\/XVI-JORNADS-VOLUNTARIADO-UMH.png\",\"contentUrl\":\"https:\/\/internacional.umh.es\/files\/2021\/02\/XVI-JORNADS-VOLUNTARIADO-UMH.png\",\"width\":1920,\"height\":400,\"caption\":\"Banner Itinerario de la persona voluntaria en la UMH\"},{\"@type\":\"WebPage\",\"@id\":\"https:\/\/internacional.umh.es\/ca\/cooperacion-y-voluntariado\/voluntariado\/itinerario-de-la-persona-voluntaria-en-la-umh\/#webpage\",\"url\":\"https:\/\/internacional.umh.es\/ca\/cooperacion-y-voluntariado\/voluntariado\/itinerario-de-la-persona-voluntaria-en-la-umh\/\",\"name\":\"Itinerari de la persona volunt\\u00e0ria en la UMH - Internacionalitzaci\\u00f3 i Cooperaci\\u00f3\",\"isPartOf\":{\"@id\":\"https:\/\/internacional.umh.es\/en\/#website\"},\"primaryImageOfPage\":{\"@id\":\"https:\/\/internacional.umh.es\/ca\/cooperacion-y-voluntariado\/voluntariado\/itinerario-de-la-persona-voluntaria-en-la-umh\/#primaryimage\"},\"datePublished\":\"2021-02-15T09:51:01+00:00\",\"dateModified\":\"2024-01-22T12:27:47+00:00\",\"description\":\"Este itinerario de persona voluntaria Cooperaci\\u00f3n al Desarrollo y Voluntariado es un proceso de aprendizaje experiencial, din\\u00e1mico, flexible\",\"breadcrumb\":{\"@id\":\"https:\/\/internacional.umh.es\/ca\/cooperacion-y-voluntariado\/voluntariado\/itinerario-de-la-persona-voluntaria-en-la-umh\/#breadcrumb\"},\"inLanguage\":\"ca\",\"potentialAction\":[{\"@type\":\"ReadAction\",\"target\":[\"https:\/\/internacional.umh.es\/ca\/cooperacion-y-voluntariado\/voluntariado\/itinerario-de-la-persona-voluntaria-en-la-umh\/\"]}]},{\"@type\":\"BreadcrumbList\",\"@id\":\"https:\/\/internacional.umh.es\/ca\/cooperacion-y-voluntariado\/voluntariado\/itinerario-de-la-persona-voluntaria-en-la-umh\/#breadcrumb\",\"itemListElement\":[{\"@type\":\"ListItem\",\"position\":1,\"name\":\"Home\",\"item\":\"https:\/\/internacional.umh.es\/en\/\"},{\"@type\":\"ListItem\",\"position\":2,\"name\":\"COOPERACI\\u00d3 I VOLUNTARIAT\",\"item\":\"https:\/\/internacional.umh.es\/ca\/cooperacion-y-voluntariado\/\"},{\"@type\":\"ListItem\",\"position\":3,\"name\":\"Voluntariat\",\"item\":\"https:\/\/internacional.umh.es\/ca\/cooperacion-y-voluntariado\/voluntariado\/\"},{\"@type\":\"ListItem\",\"position\":4,\"name\":\"Itinerari de la persona volunt\\u00e0ria en la UMH\"}]}]}<\/script>\n<!-- \/ Yoast SEO plugin. -->","yoast_head_json":{"description":"Este itinerario de persona voluntaria Cooperaci\u00f3n al Desarrollo y Voluntariado es un proceso de aprendizaje experiencial, din\u00e1mico, flexible","robots":{"index":"index","follow":"follow","max-snippet":"max-snippet:-1","max-image-preview":"max-image-preview:large","max-video-preview":"max-video-preview:-1"},"canonical":"https:\/\/internacional.umh.es\/ca\/cooperacion-y-voluntariado\/voluntariado\/itinerario-de-la-persona-voluntaria-en-la-umh\/","og_locale":"ca_ES","og_type":"article","og_title":"Itinerari de la persona volunt\u00e0ria en la UMH - Internacionalitzaci\u00f3 i Cooperaci\u00f3","og_description":"Este itinerario de persona voluntaria Cooperaci\u00f3n al Desarrollo y Voluntariado es un proceso de aprendizaje experiencial, din\u00e1mico, flexible","og_url":"https:\/\/internacional.umh.es\/ca\/cooperacion-y-voluntariado\/voluntariado\/itinerario-de-la-persona-voluntaria-en-la-umh\/","og_site_name":"Internacionalitzaci\u00f3 i Cooperaci\u00f3","article_modified_time":"2024-01-22T12:27:47+00:00","og_image":[{"url":"https:\/\/internacional.umh.es\/files\/2021\/02\/XVI-JORNADS-VOLUNTARIADO-UMH.png"}],"twitter_card":"summary_large_image","twitter_misc":{"Est. reading time":"1 minut"},"schema":{"@context":"https:\/\/schema.org","@graph":[{"@type":"WebSite","@id":"https:\/\/internacional.umh.es\/en\/#website","url":"https:\/\/internacional.umh.es\/en\/","name":"Internacionalitzaci\u00f3 i Cooperaci\u00f3","description":"Universitat Miguel Hern\u00e1ndez d&#039;Elx","potentialAction":[{"@type":"SearchAction","target":{"@type":"EntryPoint","urlTemplate":"https:\/\/internacional.umh.es\/en\/?s={search_term_string}"},"query-input":"required name=search_term_string"}],"inLanguage":"ca"},{"@type":"ImageObject","@id":"https:\/\/internacional.umh.es\/ca\/cooperacion-y-voluntariado\/voluntariado\/itinerario-de-la-persona-voluntaria-en-la-umh\/#primaryimage","inLanguage":"ca","url":"https:\/\/internacional.umh.es\/files\/2021\/02\/XVI-JORNADS-VOLUNTARIADO-UMH.png","contentUrl":"https:\/\/internacional.umh.es\/files\/2021\/02\/XVI-JORNADS-VOLUNTARIADO-UMH.png","width":1920,"height":400,"caption":"Banner Itinerario de la persona voluntaria en la UMH"},{"@type":"WebPage","@id":"https:\/\/internacional.umh.es\/ca\/cooperacion-y-voluntariado\/voluntariado\/itinerario-de-la-persona-voluntaria-en-la-umh\/#webpage","url":"https:\/\/internacional.umh.es\/ca\/cooperacion-y-voluntariado\/voluntariado\/itinerario-de-la-persona-voluntaria-en-la-umh\/","name":"Itinerari de la persona volunt\u00e0ria en la UMH - Internacionalitzaci\u00f3 i Cooperaci\u00f3","isPartOf":{"@id":"https:\/\/internacional.umh.es\/en\/#website"},"primaryImageOfPage":{"@id":"https:\/\/internacional.umh.es\/ca\/cooperacion-y-voluntariado\/voluntariado\/itinerario-de-la-persona-voluntaria-en-la-umh\/#primaryimage"},"datePublished":"2021-02-15T09:51:01+00:00","dateModified":"2024-01-22T12:27:47+00:00","description":"Este itinerario de persona voluntaria Cooperaci\u00f3n al Desarrollo y Voluntariado es un proceso de aprendizaje experiencial, din\u00e1mico, flexible","breadcrumb":{"@id":"https:\/\/internacional.umh.es\/ca\/cooperacion-y-voluntariado\/voluntariado\/itinerario-de-la-persona-voluntaria-en-la-umh\/#breadcrumb"},"inLanguage":"ca","potentialAction":[{"@type":"ReadAction","target":["https:\/\/internacional.umh.es\/ca\/cooperacion-y-voluntariado\/voluntariado\/itinerario-de-la-persona-voluntaria-en-la-umh\/"]}]},{"@type":"BreadcrumbList","@id":"https:\/\/internacional.umh.es\/ca\/cooperacion-y-voluntariado\/voluntariado\/itinerario-de-la-persona-voluntaria-en-la-umh\/#breadcrumb","itemListElement":[{"@type":"ListItem","position":1,"name":"Home","item":"https:\/\/internacional.umh.es\/en\/"},{"@type":"ListItem","position":2,"name":"COOPERACI\u00d3 I VOLUNTARIAT","item":"https:\/\/internacional.umh.es\/ca\/cooperacion-y-voluntariado\/"},{"@type":"ListItem","position":3,"name":"Voluntariat","item":"https:\/\/internacional.umh.es\/ca\/cooperacion-y-voluntariado\/voluntariado\/"},{"@type":"ListItem","position":4,"name":"Itinerari de la persona volunt\u00e0ria en la UMH"}]}]}},"_links":{"self":[{"href":"https:\/\/internacional.umh.es\/ca\/wp-json\/wp\/v2\/pages\/18255"}],"collection":[{"href":"https:\/\/internacional.umh.es\/ca\/wp-json\/wp\/v2\/pages"}],"about":[{"href":"https:\/\/internacional.umh.es\/ca\/wp-json\/wp\/v2\/types\/page"}],"author":[{"embeddable":true,"href":"https:\/\/internacional.umh.es\/ca\/wp-json\/wp\/v2\/users\/5216"}],"replies":[{"embeddable":true,"href":"https:\/\/internacional.umh.es\/ca\/wp-json\/wp\/v2\/comments?post=18255"}],"version-history":[{"count":0,"href":"https:\/\/internacional.umh.es\/ca\/wp-json\/wp\/v2\/pages\/18255\/revisions"}],"up":[{"embeddable":true,"href":"https:\/\/internacional.umh.es\/ca\/wp-json\/wp\/v2\/pages\/7283"}],"wp:attachment":[{"href":"https:\/\/internacional.umh.es\/ca\/wp-json\/wp\/v2\/media?parent=18255"}],"curies":[{"name":"wp","href":"https:\/\/api.w.org\/{rel}","templated":true}]}}