{"id":18648,"date":"2021-03-15T11:26:45","date_gmt":"2021-03-15T10:26:45","guid":{"rendered":"https:\/\/internacional.umh.es\/?page_id=18648"},"modified":"2026-04-02T10:18:51","modified_gmt":"2026-04-02T08:18:51","slug":"neurotech","status":"publish","type":"page","link":"https:\/\/internacional.umh.es\/ca\/internacionalizacion\/neurotech\/","title":{"rendered":"NeurotechEU"},"content":{"rendered":"<p><iframe  style=\"display: block; margin: 0px auto;\"  id=\"_ytid_54204\"  width=\"480\" height=\"270\"  data-origwidth=\"480\" data-origheight=\"270\" src=\"https:\/\/www.youtube.com\/embed\/oMBe1X4PuvU?enablejsapi=1&autoplay=0&cc_load_policy=0&cc_lang_pref=&iv_load_policy=1&loop=0&modestbranding=0&rel=1&fs=1&playsinline=0&autohide=2&theme=dark&color=red&controls=1&\" class=\"__youtube_prefs__  no-lazyload\" title=\"YouTube player\"  allow=\"accelerometer; autoplay; clipboard-write; encrypted-media; gyroscope; picture-in-picture\" allowfullscreen data-no-lazy=\"1\" data-skipgform_ajax_framebjll=\"\"><\/iframe><\/p>\n<h4 id=\"2021\"><strong>European University of Brain and Technology (Neurotech\u1d31\u1d41)<\/strong><\/h4>\n<p style=\"text-align: justify\"><a title=\"Accedeix a la p\u00e0gina de NeurotechEU en una nova finestra\" href=\"https:\/\/theneurotech.eu\" target=\"_blank\" rel=\"noopener noreferrer\">theneurotech.eu<\/a><\/p>\n<p style=\"text-align: justify\">European University of Brain and Techonolgy (Neurotech\u1d31\u1d41) \u00e9s un projecte en el qual la UMH participa com a s\u00f2cia d&#8217;un consorci europeu de huit universitats. Est\u00e0 liderat per investigadors de l&#8217;Institut de Neuroci\u00e8ncies i aglutina a professors i investigadors de les \u00e0rees de neuroci\u00e8ncies i tecnologia, t\u00e8cnics del <a href=\"https:\/\/internacional.umh.es\/ca\">Servei de Relacions Internacionals i el Vicerectorat d&#8217;Internacionalitzaci\u00f3 i Cooperaci\u00f3 de la UMH<\/a>. L&#8217;objectiu \u00e9s crear un campus interuniversitari d&#8217;educaci\u00f3 superior, \u00e9s a dir, <strong>un espai flexible d&#8217;educaci\u00f3 superior compartit entre universitats en el qual es vincule l&#8217;educaci\u00f3 a la investigaci\u00f3, a la innovaci\u00f3 i a la societat<\/strong>. El projecte inclou <strong>mobilitat ERASMUS+<\/strong> integrada a tots els nivells i, donat el seu <strong>car\u00e0cter transversal<\/strong>, implica la universitat en el seu conjunt.<\/p>\n<table style=\"width: 1166px;border: 0px;height: 5px\">\n<tbody>\n<tr style=\"border: 0px\">\n<td style=\"text-align: right\">&nbsp;<\/td>\n<td style=\"text-align: left\">&nbsp;<\/td>\n<\/tr>\n<\/tbody>\n<\/table>\n<p>&nbsp;<strong>Membres<\/strong><\/p>\n\n\t\t<style type=\"text\/css\">\n\t\t\t#gallery-3 {\n\t\t\t\tmargin: auto;\n\t\t\t}\n\t\t\t#gallery-3 .gallery-item {\n\t\t\t\tfloat: left;\n\t\t\t\tmargin-top: 10px;\n\t\t\t\ttext-align: center;\n\t\t\t\twidth: 33%;\n\t\t\t}\n\t\t\t#gallery-3 img {\n\t\t\t\tborder: 2px solid #cfcfcf;\n\t\t\t}\n\t\t\t#gallery-3 .gallery-caption {\n\t\t\t\tmargin-left: 0;\n\t\t\t}\n\t\t\t\/* see gallery_shortcode() in wp-includes\/media.php *\/\n\t\t<\/style>\n\t\t<div id='gallery-3' class='gallery galleryid-18648 gallery-columns-3 gallery-size-medium'><dl class='gallery-item'>\n\t\t\t<dt class='gallery-icon landscape'>\n\t\t\t\t<a href='https:\/\/internacional.umh.es\/ca\/universitat-radboud-universiteit-logo\/'><img width=\"209\" height=\"106\" src=\"https:\/\/internacional.umh.es\/files\/2021\/05\/Universitat-Radboud-Universiteit-logo.jpg\" class=\"attachment-medium size-medium\" alt=\"Universitat Radboud Universiteit logo\" loading=\"lazy\" aria-describedby=\"gallery-3-19661\" \/><\/a>\n\t\t\t<\/dt>\n\t\t\t\t<dd class='wp-caption-text gallery-caption' id='gallery-3-19661'>\n\t\t\t\tNijmegen, Holland<\/br>\n<a href=\"https:\/\/www.ru.nl\/english\/\" title=\"Visita la web de la Radboud Universiteit en una nova finestra\" target=\"_blank\" rel=\"noopener noreferrer\">ru.nl<\/a>\n\t\t\t\t<\/dd><\/dl><dl class='gallery-item'>\n\t\t\t<dt class='gallery-icon landscape'>\n\t\t\t\t<a href='https:\/\/internacional.umh.es\/ca\/universitat-universidad-miguel-hernandez-logo\/'><img width=\"209\" height=\"106\" src=\"https:\/\/internacional.umh.es\/files\/2021\/05\/Universitat-Universidad-Miguel-Hern\u00e1ndez-Logo.jpg\" class=\"attachment-medium size-medium\" alt=\"Universitat Universidad Miguel Hern\u00e0ndez logo\" loading=\"lazy\" aria-describedby=\"gallery-3-19670\" \/><\/a>\n\t\t\t<\/dt>\n\t\t\t\t<dd class='wp-caption-text gallery-caption' id='gallery-3-19670'>\n\t\t\t\tElche, Spain<\/br>\n<a href=\"https:\/\/www.umh.es\" title=\"Accedeix a la web de la Universitat Miguel Hern\u00e1ndez d'Elx en una nova finestra\" target=\"_blank\" rel=\"noopener noreferrer\">umh.es<\/a>\n\t\t\t\t<\/dd><\/dl><dl class='gallery-item'>\n\t\t\t<dt class='gallery-icon landscape'>\n\t\t\t\t<a href='https:\/\/internacional.umh.es\/ca\/universitat-karolinska-institutet-logo\/'><img width=\"209\" height=\"106\" src=\"https:\/\/internacional.umh.es\/files\/2021\/05\/Universitat-Karolinska-Institutet-logo.jpg\" class=\"attachment-medium size-medium\" alt=\"Universitat Karolinska-Institutet-logo\" loading=\"lazy\" aria-describedby=\"gallery-3-19658\" \/><\/a>\n\t\t\t<\/dt>\n\t\t\t\t<dd class='wp-caption-text gallery-caption' id='gallery-3-19658'>\n\t\t\t\tSolna, Sweden<\/br>\n<a href=\"https:\/\/ki.se\/en\" title=\"Accedeix a la web del Karolinska Institutet en una nova finestra\" target=\"_blank\" rel=\"noopener noreferrer\">ki.se<\/a>\n\t\t\t\t<\/dd><\/dl><br style=\"clear: both\" \/><dl class='gallery-item'>\n\t\t\t<dt class='gallery-icon landscape'>\n\t\t\t\t<a href='https:\/\/internacional.umh.es\/ca\/universitat-reihsnche-universitat-bonn-logo\/'><img width=\"209\" height=\"106\" src=\"https:\/\/internacional.umh.es\/files\/2021\/05\/Universitat-Reihsnche-Universitat-Bonn-logo.jpg\" class=\"attachment-medium size-medium\" alt=\"Universitat Reihsnche Universitat Bonn logo\" loading=\"lazy\" aria-describedby=\"gallery-3-19664\" \/><\/a>\n\t\t\t<\/dt>\n\t\t\t\t<dd class='wp-caption-text gallery-caption' id='gallery-3-19664'>\n\t\t\t\tBonn, Germany<\/br>\n<a href=\"https:\/\/www.uni-bonn.de\/en\" title=\"Visita la web de Rheinische Friedrich Wilhelms Universit\u00e4t Bonn en una nova finestra\" target=\"_blank\" rel=\"noopener noreferrer\">uni-bonn.de<\/a>\n\t\t\t\t<\/dd><\/dl><dl class='gallery-item'>\n\t\t\t<dt class='gallery-icon landscape'>\n\t\t\t\t<a href='https:\/\/internacional.umh.es\/ca\/universitat-bogazici-universitesi-logo\/'><img width=\"209\" height=\"106\" src=\"https:\/\/internacional.umh.es\/files\/2021\/05\/Universitat-Bogazici-Universitesi-logo.jpg\" class=\"attachment-medium size-medium\" alt=\"Universitat Bogazici Universitesi logo\" loading=\"lazy\" aria-describedby=\"gallery-3-19652\" \/><\/a>\n\t\t\t<\/dt>\n\t\t\t\t<dd class='wp-caption-text gallery-caption' id='gallery-3-19652'>\n\t\t\t\tEstanbul, Turkey<\/br>\n<a href=\"http:\/\/www.boun.edu.tr\/en_US\/\" title=\"Visita la web de la Bogazici Universitesi en una nova finestra\" target=\"_blank\" rel=\"noopener noreferrer\">boun.edu.tr<\/a>\n\t\t\t\t<\/dd><\/dl><dl class='gallery-item'>\n\t\t\t<dt class='gallery-icon landscape'>\n\t\t\t\t<a href='https:\/\/internacional.umh.es\/ca\/universitat-umf-medicina-farmacia-cluj-napoca\/'><img width=\"209\" height=\"106\" src=\"https:\/\/internacional.umh.es\/files\/2021\/05\/Universitat-UMF-Medicina-Farmacia-cluj-Napoca.jpg\" class=\"attachment-medium size-medium\" alt=\"Universitat UMF Medicina Farm\u00e0cia Cluj Napoca\" loading=\"lazy\" aria-describedby=\"gallery-3-19667\" \/><\/a>\n\t\t\t<\/dt>\n\t\t\t\t<dd class='wp-caption-text gallery-caption' id='gallery-3-19667'>\n\t\t\t\tCluj-Napoca, Romania<\/br>\n<a href=\"http:\/\/www.umfcluj.ro\/en\/\" title=\"Visita la web de la Universitat de Medicina i Farm\u00e0cia de Cluj-Napoca en una nova finestra\" target=\"_blank\" rel=\"noopener noreferrer\">umfcluj.ro<\/a>\n\t\t\t\t<\/dd><\/dl><br style=\"clear: both\" \/><dl class='gallery-item'>\n\t\t\t<dt class='gallery-icon landscape'>\n\t\t\t\t<a href='https:\/\/internacional.umh.es\/ca\/2020\/11\/01\/neurotecheu\/universite-de-lille-logo\/'><img width=\"210\" height=\"106\" src=\"https:\/\/internacional.umh.es\/files\/2023\/02\/Universite-de-Lille-logo.jpg\" class=\"attachment-medium size-medium\" alt=\"Universit\u00e9 de Lille logo\" loading=\"lazy\" aria-describedby=\"gallery-3-29307\" \/><\/a>\n\t\t\t<\/dt>\n\t\t\t\t<dd class='wp-caption-text gallery-caption' id='gallery-3-29307'>\n\t\t\t\tLille, France<\/br><a href=\"https:\/\/www.univ-lille.fr\/\" title=\"Visita la Universidad de Lille en una nueva ventana\" target=\"_blank\" rel=\"noopener noreferrer\">univ-lille.fr<\/a>\n\t\t\t\t<\/dd><\/dl><dl class='gallery-item'>\n\t\t\t<dt class='gallery-icon landscape'>\n\t\t\t\t<a href='https:\/\/internacional.umh.es\/ca\/reijkavic-university-logo\/'><img width=\"106\" height=\"106\" src=\"https:\/\/internacional.umh.es\/files\/2023\/02\/Reijkavic-University-logo.jpg\" class=\"attachment-medium size-medium\" alt=\"Reikiavik University logo\" loading=\"lazy\" aria-describedby=\"gallery-3-29304\" \/><\/a>\n\t\t\t<\/dt>\n\t\t\t\t<dd class='wp-caption-text gallery-caption' id='gallery-3-29304'>\n\t\t\t\tReikiavik, Iceland <\/br><a href=\"https:\/\/en.ru.is\/\" title=\"Visit the Reikiavik University in a new window\" target=\"_blank\" rel=\"noopener noreferrer\">en.ru.is<\/a>\n\t\t\t\t<\/dd><\/dl><dl class='gallery-item'>\n\t\t\t<dt class='gallery-icon landscape'>\n\t\t\t\t<a href='https:\/\/internacional.umh.es\/ca\/internacionalizacion\/neurotech\/mui-logo\/'><img width=\"160\" height=\"160\" src=\"https:\/\/internacional.umh.es\/files\/2026\/03\/MUI-logo-e1772443036693.jpeg\" class=\"attachment-medium size-medium\" alt=\"\" loading=\"lazy\" aria-describedby=\"gallery-3-43060\" \/><\/a>\n\t\t\t<\/dt>\n\t\t\t\t<dd class='wp-caption-text gallery-caption' id='gallery-3-43060'>\n\t\t\t\tInnsbruck, Austria<\/br><a href=\"https:\/\/www.i-med.ac.at\/universitaet\/\" title=\"Accedeix a la web de la Universitat Miguel Hern\u00e1ndez d'Elx en una nova finestra\" target=\"_blank\" rel=\"noopener noreferrer\">i-med.ac.at<\/a>\n\t\t\t\t<\/dd><\/dl><br style=\"clear: both\" \/>\n\t\t<\/div>\n\n<p>&nbsp;<\/p>\n<p><strong>Desc\u00e0rregues<\/strong><\/p>\n<p><a title=\"Ho veur\u00e0s en una nova finestra\" href=\"https:\/\/internacional.umh.es\/files\/2026\/03\/NeurotechEU-NOV25-Flyer-1.pdf\" target=\"_blank\" rel=\"noopener noreferrer\">Desc\u00e0rrega el programa Neurotech<sup>EU<\/sup> (66kb angl\u00e9s .pdf)<\/a><br \/>\n&nbsp;<\/p>\n<h3 id=\"enllassos\"><strong>Enlla\u00e7os<\/strong><\/h3>\n<p><a href=\"https:\/\/ec.europa.eu\/education\/education-in-the-eu\/european-education-area\/european-universities-initiative_es\" target=\"_blank\" rel=\"noopener noreferrer\">L&#8217;Educaci\u00f3 a la UE<\/a><br \/>\n<a title=\"Ho veur\u00e0s en una nova finestra\" href=\"https:\/\/www.theneurotech.eu\/\" target=\"_blank\" rel=\"noopener noreferrer\">theneurotech.eu<\/a><br \/>\n<a title=\"Ho veur\u00e0s en una nova finestra\" href=\"https:\/\/theneurotech.eu\/about\/\" target=\"_blank\" rel=\"noopener noreferrer\">About<\/a><br \/>\n<a title=\"Ho veur\u00e0s en una nova finestra\" href=\"https:\/\/theneurotech.eu\/mission-vision\/\" target=\"_blank\" rel=\"noopener noreferrer\">Mission &amp; Vision<\/a><br \/>\n<a title=\"Ho veur\u00e0s en una nova finestra\" href=\"https:\/\/theneurotech.eu\/universities\/\" target=\"_blank\" rel=\"noopener noreferrer\">Universities<\/a><br \/>\n<a title=\"Ho veur\u00e0s en una nova finestra\" href=\"https:\/\/www.theneurotech.eu\/news\/\" target=\"_blank\" rel=\"noopener noreferrer\">News<\/a><br \/>\n<a title=\"Ho veur\u00e0s en una nova finestra\" href=\"https:\/\/theneurotech.eu\/category\/events\/\" target=\"_blank\" rel=\"noopener noreferrer\">Events<\/a><br \/>\n<a title=\"Ho veur\u00e0s en una nova finestra\" href=\"https:\/\/theneurotech.eu\/campus\/\" target=\"_blank\" rel=\"noopener noreferrer\">Campus<\/a><br \/>\n<a title=\"Ho veur\u00e0s en una nova finestra\" href=\"https:\/\/theneurotech.eu\/neuricoo\/\" target=\"_blank\" rel=\"noopener noreferrer\">Neuricoo<\/a><br \/>\n<a title=\"Ho veur\u00e0s en una nova finestra\" href=\"https:\/\/theneurotech.eu\/resources\/\" target=\"_blank\" rel=\"noopener noreferrer\">Resources<\/a><br \/>\n&nbsp;<\/p>\n<p><a href=\"#2021\"><img loading=\"lazy\" class=\"alignright wp-image-20826 size-full\" title=\"Anar al principi de la p\u00e0gina\" src=\"https:\/\/internacional.umh.es\/files\/2021\/06\/Botonarriba.jpg\" alt=\"Bot\u00f3 amunt icona\" width=\"51\" height=\"50\" srcset=\"https:\/\/internacional.umh.es\/files\/2021\/06\/Botonarriba.jpg 51w, https:\/\/internacional.umh.es\/files\/2021\/06\/Botonarriba-32x32.jpg 32w\" sizes=\"(max-width: 51px) 100vw, 51px\" \/><\/a><\/p>","protected":false},"excerpt":{"rendered":"<p>European University of Brain and Technology (Neurotech\u1d31\u1d41)<br \/>\ntheneurotech.eu<br \/>\nEuropean University of Brain and Techonolgy (Neurotech\u1d31\u1d41) \u00e9s un projecte en el qual la UMH participa com a s\u00f2cia d&#8217;un consorci europeu de huit universitats. Est\u00e0 liderat per investigadors de l&#8217;Institut de Neuroci\u00e8ncies i aglutina a professors i investigadors de les \u00e0rees de neuroci\u00e8ncies i tecnologia, t\u00e8cnics del Servei [&#8230;]<\/p>\n","protected":false},"author":3107,"featured_media":0,"parent":2740,"menu_order":7,"comment_status":"closed","ping_status":"closed","template":"","meta":{"ngg_post_thumbnail":0,"_links_to":"","_links_to_target":""},"yoast_head":"<!-- This site is optimized with the Yoast SEO plugin v17.5 - https:\/\/yoast.com\/wordpress\/plugins\/seo\/ -->\n<meta name=\"description\" content=\"European University of Brain and Technology, NeurotechEU, proyecto donde la UMH participa como socio de un consorcio europeo de universidades\" \/>\n<meta name=\"robots\" content=\"index, follow, max-snippet:-1, max-image-preview:large, max-video-preview:-1\" \/>\n<link rel=\"canonical\" href=\"https:\/\/internacional.umh.es\/ca\/internacionalizacion\/neurotech\/\" \/>\n<meta property=\"og:locale\" content=\"ca_ES\" \/>\n<meta property=\"og:type\" content=\"article\" \/>\n<meta property=\"og:title\" content=\"NeurotechEU - Internacionalitzaci\u00f3 i Cooperaci\u00f3\" \/>\n<meta property=\"og:description\" content=\"European University of Brain and Technology, NeurotechEU, proyecto donde la UMH participa como socio de un consorcio europeo de universidades\" \/>\n<meta property=\"og:url\" content=\"https:\/\/internacional.umh.es\/internacionalizacion\/neurotech\/\" \/>\n<meta property=\"og:site_name\" content=\"Internacionalitzaci\u00f3 i Cooperaci\u00f3\" \/>\n<meta property=\"article:modified_time\" content=\"2026-04-02T08:18:51+00:00\" \/>\n<meta property=\"og:image\" content=\"https:\/\/internacional.umh.es\/files\/2021\/03\/Radboud-Universiteit-logo.jpg\" \/>\n<meta name=\"twitter:card\" content=\"summary_large_image\" \/>\n<meta name=\"twitter:label1\" content=\"Est. reading time\" \/>\n\t<meta name=\"twitter:data1\" content=\"2 minuts\" \/>\n<script type=\"application\/ld+json\" class=\"yoast-schema-graph\">{\"@context\":\"https:\/\/schema.org\",\"@graph\":[{\"@type\":\"WebSite\",\"@id\":\"https:\/\/internacional.umh.es\/en\/#website\",\"url\":\"https:\/\/internacional.umh.es\/en\/\",\"name\":\"Internacionalitzaci\\u00f3 i Cooperaci\\u00f3\",\"description\":\"Universitat Miguel Hern\\u00e1ndez d&#039;Elx\",\"potentialAction\":[{\"@type\":\"SearchAction\",\"target\":{\"@type\":\"EntryPoint\",\"urlTemplate\":\"https:\/\/internacional.umh.es\/en\/?s={search_term_string}\"},\"query-input\":\"required name=search_term_string\"}],\"inLanguage\":\"ca\"},{\"@type\":\"ImageObject\",\"@id\":\"https:\/\/internacional.umh.es\/internacionalizacion\/neurotech\/#primaryimage\",\"inLanguage\":\"ca\",\"url\":\"https:\/\/internacional.umh.es\/files\/2025\/07\/unnamed-7.png\",\"contentUrl\":\"https:\/\/internacional.umh.es\/files\/2025\/07\/unnamed-7.png\",\"width\":505,\"height\":512},{\"@type\":\"WebPage\",\"@id\":\"https:\/\/internacional.umh.es\/internacionalizacion\/neurotech\/#webpage\",\"url\":\"https:\/\/internacional.umh.es\/internacionalizacion\/neurotech\/\",\"name\":\"NeurotechEU - Internacionalitzaci\\u00f3 i Cooperaci\\u00f3\",\"isPartOf\":{\"@id\":\"https:\/\/internacional.umh.es\/en\/#website\"},\"primaryImageOfPage\":{\"@id\":\"https:\/\/internacional.umh.es\/internacionalizacion\/neurotech\/#primaryimage\"},\"datePublished\":\"2021-03-15T10:26:45+00:00\",\"dateModified\":\"2026-04-02T08:18:51+00:00\",\"description\":\"European University of Brain and Technology, NeurotechEU, proyecto donde la UMH participa como socio de un consorcio europeo de universidades\",\"breadcrumb\":{\"@id\":\"https:\/\/internacional.umh.es\/internacionalizacion\/neurotech\/#breadcrumb\"},\"inLanguage\":\"ca\",\"potentialAction\":[{\"@type\":\"ReadAction\",\"target\":[\"https:\/\/internacional.umh.es\/internacionalizacion\/neurotech\/\"]}]},{\"@type\":\"BreadcrumbList\",\"@id\":\"https:\/\/internacional.umh.es\/internacionalizacion\/neurotech\/#breadcrumb\",\"itemListElement\":[{\"@type\":\"ListItem\",\"position\":1,\"name\":\"Home\",\"item\":\"https:\/\/internacional.umh.es\/en\/\"},{\"@type\":\"ListItem\",\"position\":2,\"name\":\"INTERNATIONALIZATION\",\"item\":\"https:\/\/internacional.umh.es\/en\/internacionalizacion\/\"},{\"@type\":\"ListItem\",\"position\":3,\"name\":\"NeurotechEU\"}]}]}<\/script>\n<!-- \/ Yoast SEO plugin. -->","yoast_head_json":{"description":"European University of Brain and Technology, NeurotechEU, proyecto donde la UMH participa como socio de un consorcio europeo de universidades","robots":{"index":"index","follow":"follow","max-snippet":"max-snippet:-1","max-image-preview":"max-image-preview:large","max-video-preview":"max-video-preview:-1"},"canonical":"https:\/\/internacional.umh.es\/ca\/internacionalizacion\/neurotech\/","og_locale":"ca_ES","og_type":"article","og_title":"NeurotechEU - Internacionalitzaci\u00f3 i Cooperaci\u00f3","og_description":"European University of Brain and Technology, NeurotechEU, proyecto donde la UMH participa como socio de un consorcio europeo de universidades","og_url":"https:\/\/internacional.umh.es\/internacionalizacion\/neurotech\/","og_site_name":"Internacionalitzaci\u00f3 i Cooperaci\u00f3","article_modified_time":"2026-04-02T08:18:51+00:00","og_image":[{"url":"https:\/\/internacional.umh.es\/files\/2021\/03\/Radboud-Universiteit-logo.jpg"}],"twitter_card":"summary_large_image","twitter_misc":{"Est. reading time":"2 minuts"},"schema":{"@context":"https:\/\/schema.org","@graph":[{"@type":"WebSite","@id":"https:\/\/internacional.umh.es\/en\/#website","url":"https:\/\/internacional.umh.es\/en\/","name":"Internacionalitzaci\u00f3 i Cooperaci\u00f3","description":"Universitat Miguel Hern\u00e1ndez d&#039;Elx","potentialAction":[{"@type":"SearchAction","target":{"@type":"EntryPoint","urlTemplate":"https:\/\/internacional.umh.es\/en\/?s={search_term_string}"},"query-input":"required name=search_term_string"}],"inLanguage":"ca"},{"@type":"ImageObject","@id":"https:\/\/internacional.umh.es\/internacionalizacion\/neurotech\/#primaryimage","inLanguage":"ca","url":"https:\/\/internacional.umh.es\/files\/2025\/07\/unnamed-7.png","contentUrl":"https:\/\/internacional.umh.es\/files\/2025\/07\/unnamed-7.png","width":505,"height":512},{"@type":"WebPage","@id":"https:\/\/internacional.umh.es\/internacionalizacion\/neurotech\/#webpage","url":"https:\/\/internacional.umh.es\/internacionalizacion\/neurotech\/","name":"NeurotechEU - Internacionalitzaci\u00f3 i Cooperaci\u00f3","isPartOf":{"@id":"https:\/\/internacional.umh.es\/en\/#website"},"primaryImageOfPage":{"@id":"https:\/\/internacional.umh.es\/internacionalizacion\/neurotech\/#primaryimage"},"datePublished":"2021-03-15T10:26:45+00:00","dateModified":"2026-04-02T08:18:51+00:00","description":"European University of Brain and Technology, NeurotechEU, proyecto donde la UMH participa como socio de un consorcio europeo de universidades","breadcrumb":{"@id":"https:\/\/internacional.umh.es\/internacionalizacion\/neurotech\/#breadcrumb"},"inLanguage":"ca","potentialAction":[{"@type":"ReadAction","target":["https:\/\/internacional.umh.es\/internacionalizacion\/neurotech\/"]}]},{"@type":"BreadcrumbList","@id":"https:\/\/internacional.umh.es\/internacionalizacion\/neurotech\/#breadcrumb","itemListElement":[{"@type":"ListItem","position":1,"name":"Home","item":"https:\/\/internacional.umh.es\/en\/"},{"@type":"ListItem","position":2,"name":"INTERNATIONALIZATION","item":"https:\/\/internacional.umh.es\/en\/internacionalizacion\/"},{"@type":"ListItem","position":3,"name":"NeurotechEU"}]}]}},"_links":{"self":[{"href":"https:\/\/internacional.umh.es\/ca\/wp-json\/wp\/v2\/pages\/18648"}],"collection":[{"href":"https:\/\/internacional.umh.es\/ca\/wp-json\/wp\/v2\/pages"}],"about":[{"href":"https:\/\/internacional.umh.es\/ca\/wp-json\/wp\/v2\/types\/page"}],"author":[{"embeddable":true,"href":"https:\/\/internacional.umh.es\/ca\/wp-json\/wp\/v2\/users\/3107"}],"replies":[{"embeddable":true,"href":"https:\/\/internacional.umh.es\/ca\/wp-json\/wp\/v2\/comments?post=18648"}],"version-history":[{"count":0,"href":"https:\/\/internacional.umh.es\/ca\/wp-json\/wp\/v2\/pages\/18648\/revisions"}],"up":[{"embeddable":true,"href":"https:\/\/internacional.umh.es\/ca\/wp-json\/wp\/v2\/pages\/2740"}],"wp:attachment":[{"href":"https:\/\/internacional.umh.es\/ca\/wp-json\/wp\/v2\/media?parent=18648"}],"curies":[{"name":"wp","href":"https:\/\/api.w.org\/{rel}","templated":true}]}}