{"id":18895,"date":"2021-03-24T14:37:44","date_gmt":"2021-03-24T13:37:44","guid":{"rendered":"https:\/\/internacional.umh.es\/?page_id=18895"},"modified":"2024-12-10T10:42:57","modified_gmt":"2024-12-10T09:42:57","slug":"calendario-y-documentacion-de-la-convocatoria-2021-2022","status":"publish","type":"page","link":"https:\/\/internacional.umh.es\/ca\/movilidad\/estudiantes\/erasmus\/erasmus-estudios-2021-2022\/calendario-y-documentacion-de-la-convocatoria-2021-2022\/","title":{"rendered":"CALENDARI I DOCUMENTACI\u00d3 DE LA CONVOCAT\u00d2RIA 2021\/2022"},"content":{"rendered":"<p><\/p>\n<p style=\"font-weight: 400;text-align: justify\"><a href=\"https:\/\/internacional.umh.es\/files\/2018\/07\/logo-vector-erasmus-e1567772789955.jpg\"><img loading=\"lazy\" class=\"alignnone size-medium wp-image-7121\" src=\"https:\/\/internacional.umh.es\/files\/2018\/07\/logo-vector-erasmus-e1567772789955-300x68.jpg\" alt=\"Logo Eramus+ calendari i documentaci\u00f3 convocat\u00f2ria Erasmus+ 2021\/2022\" width=\"300\" height=\"68\" srcset=\"https:\/\/internacional.umh.es\/files\/2018\/07\/logo-vector-erasmus-e1567772789955-300x68.jpg 300w, https:\/\/internacional.umh.es\/files\/2018\/07\/logo-vector-erasmus-e1567772789955.jpg 592w\" sizes=\"(max-width: 300px) 100vw, 300px\" \/><\/a><\/p>\n<p style=\"font-weight: 400;text-align: justify\"><a href=\"https:\/\/internacional.umh.es\/files\/2021\/03\/Definitiva.-ERASMUS-20-21-charla-documentaci\u00f3n.v3-002.pdf\" target=\"_blank\" title=\"Ho veur\u00e0s en una nova finestra\" rel=\"noopener noreferrer\">&#8211; DESC\u00c0RREGA LA PRESENTACI\u00d3 UTILITZADA EN LA SESSI\u00d3 ERASMUS (1,25mb castell\u00e0 .pdf)<\/a><\/p>\n<p style=\"font-weight: 400;text-align: justify\"><a href=\"https:\/\/drive.google.com\/file\/d\/1Lx9tuqou1E1pMaimhlpSRYzZC_W3Gzbr\/view?usp=sharing\" target=\"_blank\" title=\"Ho veur\u00e0s en una nova finestra\" rel=\"noopener noreferrer\">&#8211; Sessi\u00f3 informativa campus de Sant Joan<\/a><\/p>\n<p style=\"font-weight: 400;text-align: justify\"><a href=\"https:\/\/drive.google.com\/file\/d\/1JOV8rYxE5P2LewnsGUJ-XuDQMvE1kI_M\/view?usp=sharing\" target=\"_blank\" title=\"Ho veur\u00e0s en una nova finestra\" rel=\"noopener noreferrer\">&#8211; Sessi\u00f3 informativa campus d&#8217;Elx<\/a><\/p>\n<p style=\"font-weight: 400;text-align: justify\"><a href=\"https:\/\/internacional.umh.es\/files\/2021\/03\/GU\u00cdA-DE-BUENAS-PR\u00c1CTICAS-ERASMUS-PARA-CUMPLIMENTAR-LOS-DOCUMENTOS-ACAD\u00c9MICOS-21-22.pdf\" target=\"_blank\" title=\"Ho veur\u00e0s en una nova finestra\" rel=\"noopener noreferrer\">&#8211; Guia de bones pr\u00e0ctiques Erasmus per a emplenar els documents acad\u00e8mics (190Kb castell\u00e0 .pdf)<\/a><\/p>\n<p style=\"font-weight: 400;text-align: justify\"><strong>Indicacions per a emplenar el Learning Agreement a trav\u00e9s de la plataforma \u201cAcords acad\u00e8mics de mobilitat\u201d:<\/strong><\/p>\n<p><strong><a href=\"https:\/\/drive.google.com\/file\/d\/1edzd9ttq7Yf5DNsaLXiDrjXteX8756yp\/view?usp=sharing\" target=\"_blank\" title=\"Ho veur\u00e0s en una nova finestra\" rel=\"noopener noreferrer\">Consultar v\u00eddeo informatiu<\/a><\/strong><\/p>\n<p style=\"font-weight: 400;text-align: justify\"><strong>CALENDARI I DOCUMENTACI\u00d3 DE LA CONVOCAT\u00d2RIA<\/strong><\/p>\n<table style=\"font-weight: 400\" width=\"0\">\n<tbody>\n<tr>\n<td width=\"180\"><strong>TR\u00c0MIT<\/strong><\/td>\n<td width=\"193\"><strong>TERMINI<\/strong><\/td>\n<td width=\"227\"><strong>DOCUMENTACI\u00d3<\/strong><\/td>\n<\/tr>\n<tr>\n<td width=\"180\">Negociaci\u00f3 amb els coordinadors del Learning Agreement<\/td>\n<td width=\"193\">Fins al 20 de maig de 2021.<\/td>\n<td width=\"227\"><a href=\"https:\/\/internacional.umh.es\/files\/2021\/03\/Learning-Agreement-modelo-UE.docx\" target=\"_blank\" title=\"Ho veur\u00e0s en una nova finestra\" rel=\"noopener noreferrer\">Annex III (412Kb angl\u00e9s .docx)<\/a> (Learning Agreement \u2013 model UE) i <a href=\"https:\/\/internacional.umh.es\/files\/2021\/03\/Learning-Agreement-UMH.docx\" target=\"_blank\" title=\"Ho veur\u00e0s en una nova finestra\" rel=\"noopener noreferrer\">Annex IV (384Kb angl\u00e9s .docx)<\/a>(Learning Agreement -model UMH)<\/td>\n<\/tr>\n<tr>\n<td width=\"180\">Signatura del conveni financer.<\/td>\n<td width=\"193\">Al llarg del mes de juliol.<\/td>\n<td width=\"227\">El conveni financer s&#8217;enviar\u00e0 a l&#8217;acc\u00e9s personalitzat de l&#8217;estudiant, qui haur\u00e0 de signar-lo i remetre&#8217;l al Servei de Relacions Internacionals.<\/td>\n<\/tr>\n<tr>\n<td width=\"180\">Enviament del Certificat d&#8217;incorporaci\u00f3 en la Universitat de dest\u00ed al Servei de Relacions Internacionals<\/td>\n<td width=\"193\">En el moment de la incorporaci\u00f3 de l&#8217;estudiant en la universitat de dest\u00ed<\/td>\n<td width=\"227\"><a href=\"https:\/\/internacional.umh.es\/files\/2021\/03\/Certificado-de-Incorporaci\u00f3n-Estancia.-2021-2022.docx\" target=\"_blank\" title=\"Ho veur\u00e0s en una nova finestra\" rel=\"noopener noreferrer\">Annex V (47Kb castell\u00e0 .docx)<\/a> (Certificat d&#8217;incorporaci\u00f3)<\/td>\n<\/tr>\n<tr>\n<td width=\"180\">Sol\u00b7licitud de canvis al Learning Agreement<\/td>\n<td width=\"193\">1r Quadrimestre: fins al 30 d&#8217;octubre de 2021.<\/p>\n<p>2n Quadrimestre: fins al 30 de mar\u00e7 de 2022.<\/td>\n<td width=\"227\"><a href=\"https:\/\/internacional.umh.es\/files\/2021\/03\/cambios-learning-agreement-modelo-ue-2.docx\" target=\"_*blank\" title=\"Ho veur\u00e0s en una nova finestra\" rel=\"*noopener noreferrer noopener\">Annex VII (412Kb angl\u00e9s .docx)<\/a> (Canvis Learning Agreement \u2013 model UE) i <a href=\"https:\/\/internacional.umh.es\/files\/2021\/03\/Cambios-Learning-Agreement-UMH-2.docx\" target=\"_blank\" title=\"Ho veur\u00e0s en una nova finestra\" rel=\"noopener noreferrer\">Annex VII bis (89Kb angl\u00e9s .docx)<\/a><strong><\/strong>(Canvis Learning Agreement- UMH)<\/td>\n<\/tr>\n<tr>\n<td width=\"180\">Sol\u00b7licitud de prolongaci\u00f3 d&#8217;estada<\/td>\n<td width=\"193\">Nom\u00e9s si la teua estada \u00e9s inferior a 9 mesos (no suposa l&#8217;ampliaci\u00f3 de l&#8217;ajuda econ\u00f2mica).<\/td>\n<td width=\"227\"><a href=\"https:\/\/internacional.umh.es\/files\/2021\/03\/Solicitud-Pr\u00f3rroga-de-la-ESTANCIA.docx\" target=\"_blank\" title=\"Ho veur\u00e0s en una nova finestra\" rel=\"noopener noreferrer\">Sol\u00b7licitud de pr\u00f2rroga d&#8217;estada (71Kb .docx)<\/a><\/td>\n<\/tr>\n<tr>\n<td width=\"180\">Sol\u00b7licitud d&#8217;avaluaci\u00f3 en la UMH en lloc d&#8217;en la Universitat de Destinaci\u00f3<\/td>\n<td width=\"193\">Com a m\u00e0xim 30 dies abans de la data oficial d&#8217;inici de la convocat\u00f2ria ordin\u00e0ria de juny o de la seg\u00fcent extraordin\u00e0ria de setembre, segons el calendari acad\u00e8mic oficial de la UMH, per\u00f2 mai m\u00e9s tard de l&#8217;1 de juliol.<\/td>\n<td width=\"227\"><a href=\"https:\/\/internacional.umh.es\/files\/2021\/03\/Evaluaci\u00f3n-en-la-UMH.docx\" target=\"_blank\" title=\"Ho veur\u00e0s en una nova finestra\" rel=\"noopener noreferrer\">Annex VIII (43Kb angl\u00e9s .docx)<\/a><\/p>\n<p>(Sol\u00b7licitud d&#8217;avaluaci\u00f3 en la UMH)<\/td>\n<\/tr>\n<tr>\n<td width=\"180\">Presentaci\u00f3 de Certificat d&#8217;estada<\/td>\n<td width=\"193\">Al retorn de l&#8217;estudiant<\/td>\n<td width=\"227\"><a href=\"https:\/\/internacional.umh.es\/files\/2020\/09\/Certificado-de-Incorporaci%C3%B3n-Estancia.-New.-2020-2021-1.docx\" data-saferedirecturl=\"https:\/\/www.google.com\/url?q=https:\/\/internacional.umh.es\/files\/2020\/09\/Certificado-de-Incorporaci%25C3%25B3n-Estancia.-New.-2020-2021-1.docx&amp;source=gmail&amp;ust=1616673951602000&amp;usg=AFQjCNGUiCXymFUzph31r8UA7IWq0pjrAw\" target=\"_blank\" title=\"Ho veur\u00e0s en una nova finestra\" rel=\"noopener noreferrer\">Annex VI (47Kb castell\u00e0 .docx)<\/a>(Certificat-de-Estada)<\/td>\n<\/tr>\n<\/tbody>\n<\/table>\n<p>&nbsp;<\/p>","protected":false},"excerpt":{"rendered":"<p>&#8211; DESC\u00c0RREGA LA PRESENTACI\u00d3 UTILITZADA EN LA SESSI\u00d3 ERASMUS (1,25mb castell\u00e0 .pdf)<br \/>\n&#8211; Sessi\u00f3 informativa campus de Sant Joan<br \/>\n&#8211; Sessi\u00f3 informativa campus d&#8217;Elx<br \/>\n&#8211; Guia de bones pr\u00e0ctiques Erasmus per a emplenar els documents acad\u00e8mics (190Kb castell\u00e0 .pdf)<br \/>\nIndicacions per a emplenar el Learning Agreement a trav\u00e9s de la plataforma \u201cAcords acad\u00e8mics de mobilitat\u201d:<br \/>\nConsultar v\u00eddeo informatiu<br \/>\nCALENDARI I DOCUMENTACI\u00d3 [&#8230;]<\/p>\n","protected":false},"author":54,"featured_media":0,"parent":17484,"menu_order":1,"comment_status":"closed","ping_status":"closed","template":"","meta":{"ngg_post_thumbnail":0,"_links_to":"","_links_to_target":""},"yoast_head":"<!-- This site is optimized with the Yoast SEO plugin v17.5 - https:\/\/yoast.com\/wordpress\/plugins\/seo\/ -->\n<meta name=\"description\" content=\"Se trata del conjunto de plazos, calendario, condici\u00f3n y documentaci\u00f3n a presentar por los estudiantes en la convocatoria Erasmus 2021\/2022 de la UMH\" \/>\n<meta name=\"robots\" content=\"index, follow, max-snippet:-1, max-image-preview:large, max-video-preview:-1\" \/>\n<link rel=\"canonical\" href=\"https:\/\/internacional.umh.es\/ca\/movilidad\/estudiantes\/erasmus\/erasmus-estudios-2021-2022\/calendario-y-documentacion-de-la-convocatoria-2021-2022\/\" \/>\n<meta property=\"og:locale\" content=\"ca_ES\" \/>\n<meta property=\"og:type\" content=\"article\" \/>\n<meta property=\"og:title\" content=\"CALENDARI I DOCUMENTACI\u00d3 DE LA CONVOCAT\u00d2RIA 2021\/2022 - Internacionalitzaci\u00f3 i Cooperaci\u00f3\" \/>\n<meta property=\"og:description\" content=\"Se trata del conjunto de plazos, calendario, condici\u00f3n y documentaci\u00f3n a presentar por los estudiantes en la convocatoria Erasmus 2021\/2022 de la UMH\" \/>\n<meta property=\"og:url\" content=\"https:\/\/internacional.umh.es\/movilidad\/estudiantes\/erasmus\/erasmus-estudios-2021-2022\/calendario-y-documentacion-de-la-convocatoria-2021-2022\/\" \/>\n<meta property=\"og:site_name\" content=\"Internacionalitzaci\u00f3 i Cooperaci\u00f3\" \/>\n<meta property=\"article:modified_time\" content=\"2024-12-10T09:42:57+00:00\" \/>\n<meta property=\"og:image\" content=\"https:\/\/internacional.umh.es\/files\/2018\/07\/logo-vector-erasmus-e1567772789955-300x68.jpg\" \/>\n<meta name=\"twitter:card\" content=\"summary_large_image\" \/>\n<meta name=\"twitter:label1\" content=\"Est. reading time\" \/>\n\t<meta name=\"twitter:data1\" content=\"5 minuts\" \/>\n<script type=\"application\/ld+json\" class=\"yoast-schema-graph\">{\"@context\":\"https:\/\/schema.org\",\"@graph\":[{\"@type\":\"WebSite\",\"@id\":\"https:\/\/internacional.umh.es\/en\/#website\",\"url\":\"https:\/\/internacional.umh.es\/en\/\",\"name\":\"Internacionalitzaci\\u00f3 i Cooperaci\\u00f3\",\"description\":\"Universitat Miguel Hern\\u00e1ndez d&#039;Elx\",\"potentialAction\":[{\"@type\":\"SearchAction\",\"target\":{\"@type\":\"EntryPoint\",\"urlTemplate\":\"https:\/\/internacional.umh.es\/en\/?s={search_term_string}\"},\"query-input\":\"required name=search_term_string\"}],\"inLanguage\":\"ca\"},{\"@type\":\"ImageObject\",\"@id\":\"https:\/\/internacional.umh.es\/movilidad\/estudiantes\/erasmus\/erasmus-estudios-2021-2022\/calendario-y-documentacion-de-la-convocatoria-2021-2022\/#primaryimage\",\"inLanguage\":\"ca\",\"url\":\"https:\/\/internacional.umh.es\/files\/2018\/07\/logo-vector-erasmus-e1567772789955.jpg\",\"contentUrl\":\"https:\/\/internacional.umh.es\/files\/2018\/07\/logo-vector-erasmus-e1567772789955.jpg\",\"width\":592,\"height\":134,\"caption\":\"Logo Erasmus +\"},{\"@type\":\"WebPage\",\"@id\":\"https:\/\/internacional.umh.es\/movilidad\/estudiantes\/erasmus\/erasmus-estudios-2021-2022\/calendario-y-documentacion-de-la-convocatoria-2021-2022\/#webpage\",\"url\":\"https:\/\/internacional.umh.es\/movilidad\/estudiantes\/erasmus\/erasmus-estudios-2021-2022\/calendario-y-documentacion-de-la-convocatoria-2021-2022\/\",\"name\":\"CALENDARI I DOCUMENTACI\\u00d3 DE LA CONVOCAT\\u00d2RIA 2021\/2022 - Internacionalitzaci\\u00f3 i Cooperaci\\u00f3\",\"isPartOf\":{\"@id\":\"https:\/\/internacional.umh.es\/en\/#website\"},\"primaryImageOfPage\":{\"@id\":\"https:\/\/internacional.umh.es\/movilidad\/estudiantes\/erasmus\/erasmus-estudios-2021-2022\/calendario-y-documentacion-de-la-convocatoria-2021-2022\/#primaryimage\"},\"datePublished\":\"2021-03-24T13:37:44+00:00\",\"dateModified\":\"2024-12-10T09:42:57+00:00\",\"description\":\"Se trata del conjunto de plazos, calendario, condici\\u00f3n y documentaci\\u00f3n a presentar por los estudiantes en la convocatoria Erasmus 2021\/2022 de la UMH\",\"breadcrumb\":{\"@id\":\"https:\/\/internacional.umh.es\/movilidad\/estudiantes\/erasmus\/erasmus-estudios-2021-2022\/calendario-y-documentacion-de-la-convocatoria-2021-2022\/#breadcrumb\"},\"inLanguage\":\"ca\",\"potentialAction\":[{\"@type\":\"ReadAction\",\"target\":[\"https:\/\/internacional.umh.es\/movilidad\/estudiantes\/erasmus\/erasmus-estudios-2021-2022\/calendario-y-documentacion-de-la-convocatoria-2021-2022\/\"]}]},{\"@type\":\"BreadcrumbList\",\"@id\":\"https:\/\/internacional.umh.es\/movilidad\/estudiantes\/erasmus\/erasmus-estudios-2021-2022\/calendario-y-documentacion-de-la-convocatoria-2021-2022\/#breadcrumb\",\"itemListElement\":[{\"@type\":\"ListItem\",\"position\":1,\"name\":\"Home\",\"item\":\"https:\/\/internacional.umh.es\/en\/\"},{\"@type\":\"ListItem\",\"position\":2,\"name\":\"MOBILITY\",\"item\":\"https:\/\/internacional.umh.es\/en\/movilidad\/\"},{\"@type\":\"ListItem\",\"position\":3,\"name\":\"Estudiantes\",\"item\":\"https:\/\/internacional.umh.es\/movilidad\/estudiantes\/\"},{\"@type\":\"ListItem\",\"position\":4,\"name\":\"ERASMUS\",\"item\":\"https:\/\/internacional.umh.es\/movilidad\/estudiantes\/erasmus\/\"},{\"@type\":\"ListItem\",\"position\":5,\"name\":\"2021-2022 Erasmus+ Studies\",\"item\":\"https:\/\/internacional.umh.es\/movilidad\/estudiantes\/erasmus\/erasmus-estudios-2021-2022\/\"},{\"@type\":\"ListItem\",\"position\":6,\"name\":\"CALENDAR AND DOCUMENTS FOR 2021\/2022 CALL\"}]}]}<\/script>\n<!-- \/ Yoast SEO plugin. -->","yoast_head_json":{"description":"Se trata del conjunto de plazos, calendario, condici\u00f3n y documentaci\u00f3n a presentar por los estudiantes en la convocatoria Erasmus 2021\/2022 de la UMH","robots":{"index":"index","follow":"follow","max-snippet":"max-snippet:-1","max-image-preview":"max-image-preview:large","max-video-preview":"max-video-preview:-1"},"canonical":"https:\/\/internacional.umh.es\/ca\/movilidad\/estudiantes\/erasmus\/erasmus-estudios-2021-2022\/calendario-y-documentacion-de-la-convocatoria-2021-2022\/","og_locale":"ca_ES","og_type":"article","og_title":"CALENDARI I DOCUMENTACI\u00d3 DE LA CONVOCAT\u00d2RIA 2021\/2022 - Internacionalitzaci\u00f3 i Cooperaci\u00f3","og_description":"Se trata del conjunto de plazos, calendario, condici\u00f3n y documentaci\u00f3n a presentar por los estudiantes en la convocatoria Erasmus 2021\/2022 de la UMH","og_url":"https:\/\/internacional.umh.es\/movilidad\/estudiantes\/erasmus\/erasmus-estudios-2021-2022\/calendario-y-documentacion-de-la-convocatoria-2021-2022\/","og_site_name":"Internacionalitzaci\u00f3 i Cooperaci\u00f3","article_modified_time":"2024-12-10T09:42:57+00:00","og_image":[{"url":"https:\/\/internacional.umh.es\/files\/2018\/07\/logo-vector-erasmus-e1567772789955-300x68.jpg"}],"twitter_card":"summary_large_image","twitter_misc":{"Est. reading time":"5 minuts"},"schema":{"@context":"https:\/\/schema.org","@graph":[{"@type":"WebSite","@id":"https:\/\/internacional.umh.es\/en\/#website","url":"https:\/\/internacional.umh.es\/en\/","name":"Internacionalitzaci\u00f3 i Cooperaci\u00f3","description":"Universitat Miguel Hern\u00e1ndez d&#039;Elx","potentialAction":[{"@type":"SearchAction","target":{"@type":"EntryPoint","urlTemplate":"https:\/\/internacional.umh.es\/en\/?s={search_term_string}"},"query-input":"required name=search_term_string"}],"inLanguage":"ca"},{"@type":"ImageObject","@id":"https:\/\/internacional.umh.es\/movilidad\/estudiantes\/erasmus\/erasmus-estudios-2021-2022\/calendario-y-documentacion-de-la-convocatoria-2021-2022\/#primaryimage","inLanguage":"ca","url":"https:\/\/internacional.umh.es\/files\/2018\/07\/logo-vector-erasmus-e1567772789955.jpg","contentUrl":"https:\/\/internacional.umh.es\/files\/2018\/07\/logo-vector-erasmus-e1567772789955.jpg","width":592,"height":134,"caption":"Logo Erasmus +"},{"@type":"WebPage","@id":"https:\/\/internacional.umh.es\/movilidad\/estudiantes\/erasmus\/erasmus-estudios-2021-2022\/calendario-y-documentacion-de-la-convocatoria-2021-2022\/#webpage","url":"https:\/\/internacional.umh.es\/movilidad\/estudiantes\/erasmus\/erasmus-estudios-2021-2022\/calendario-y-documentacion-de-la-convocatoria-2021-2022\/","name":"CALENDARI I DOCUMENTACI\u00d3 DE LA CONVOCAT\u00d2RIA 2021\/2022 - Internacionalitzaci\u00f3 i Cooperaci\u00f3","isPartOf":{"@id":"https:\/\/internacional.umh.es\/en\/#website"},"primaryImageOfPage":{"@id":"https:\/\/internacional.umh.es\/movilidad\/estudiantes\/erasmus\/erasmus-estudios-2021-2022\/calendario-y-documentacion-de-la-convocatoria-2021-2022\/#primaryimage"},"datePublished":"2021-03-24T13:37:44+00:00","dateModified":"2024-12-10T09:42:57+00:00","description":"Se trata del conjunto de plazos, calendario, condici\u00f3n y documentaci\u00f3n a presentar por los estudiantes en la convocatoria Erasmus 2021\/2022 de la UMH","breadcrumb":{"@id":"https:\/\/internacional.umh.es\/movilidad\/estudiantes\/erasmus\/erasmus-estudios-2021-2022\/calendario-y-documentacion-de-la-convocatoria-2021-2022\/#breadcrumb"},"inLanguage":"ca","potentialAction":[{"@type":"ReadAction","target":["https:\/\/internacional.umh.es\/movilidad\/estudiantes\/erasmus\/erasmus-estudios-2021-2022\/calendario-y-documentacion-de-la-convocatoria-2021-2022\/"]}]},{"@type":"BreadcrumbList","@id":"https:\/\/internacional.umh.es\/movilidad\/estudiantes\/erasmus\/erasmus-estudios-2021-2022\/calendario-y-documentacion-de-la-convocatoria-2021-2022\/#breadcrumb","itemListElement":[{"@type":"ListItem","position":1,"name":"Home","item":"https:\/\/internacional.umh.es\/en\/"},{"@type":"ListItem","position":2,"name":"MOBILITY","item":"https:\/\/internacional.umh.es\/en\/movilidad\/"},{"@type":"ListItem","position":3,"name":"Estudiantes","item":"https:\/\/internacional.umh.es\/movilidad\/estudiantes\/"},{"@type":"ListItem","position":4,"name":"ERASMUS","item":"https:\/\/internacional.umh.es\/movilidad\/estudiantes\/erasmus\/"},{"@type":"ListItem","position":5,"name":"2021-2022 Erasmus+ Studies","item":"https:\/\/internacional.umh.es\/movilidad\/estudiantes\/erasmus\/erasmus-estudios-2021-2022\/"},{"@type":"ListItem","position":6,"name":"CALENDAR AND DOCUMENTS FOR 2021\/2022 CALL"}]}]}},"_links":{"self":[{"href":"https:\/\/internacional.umh.es\/ca\/wp-json\/wp\/v2\/pages\/18895"}],"collection":[{"href":"https:\/\/internacional.umh.es\/ca\/wp-json\/wp\/v2\/pages"}],"about":[{"href":"https:\/\/internacional.umh.es\/ca\/wp-json\/wp\/v2\/types\/page"}],"author":[{"embeddable":true,"href":"https:\/\/internacional.umh.es\/ca\/wp-json\/wp\/v2\/users\/54"}],"replies":[{"embeddable":true,"href":"https:\/\/internacional.umh.es\/ca\/wp-json\/wp\/v2\/comments?post=18895"}],"version-history":[{"count":0,"href":"https:\/\/internacional.umh.es\/ca\/wp-json\/wp\/v2\/pages\/18895\/revisions"}],"up":[{"embeddable":true,"href":"https:\/\/internacional.umh.es\/ca\/wp-json\/wp\/v2\/pages\/17484"}],"wp:attachment":[{"href":"https:\/\/internacional.umh.es\/ca\/wp-json\/wp\/v2\/media?parent=18895"}],"curies":[{"name":"wp","href":"https:\/\/api.w.org\/{rel}","templated":true}]}}