{"id":19258,"date":"2021-04-23T11:39:22","date_gmt":"2021-04-23T09:39:22","guid":{"rendered":"https:\/\/internacional.umh.es\/?page_id=19258"},"modified":"2022-02-01T12:14:23","modified_gmt":"2022-02-01T11:14:23","slug":"destino-becas-umh-2021-2022","status":"publish","type":"page","link":"https:\/\/internacional.umh.es\/ca\/destino-becas-umh-2021-2022\/","title":{"rendered":"Programa DESTINO \u2013 Beques UMH 2021\/2022"},"content":{"rendered":"<p><a href=\"https:\/\/internacional.umh.es\/files\/2020\/02\/Definitiva.-GU\u00cdA-PARA-ESTUDIANTES-DEL-PROGRAMA-DESTINO-2020-2021.pdf\" target=\"_blank\" title=\"Ho veur\u00e0s en una nova finestra\" rel=\"noopener noreferrer\">Guia de bones pr\u00e0ctiques per a estudiants del Programa Destino (283Kb .pdf)<\/a><\/p>\n<hr>\n<p><strong><span style=\"color: #ff0000\">NOU (14\/07\/2021):<\/span><\/strong> El <a href=\"https:\/\/www.umh.es\/contenido\/Universidad\/:uor_1798\/datos_val.html\" rel=\"noopener noreferrer\" target=\"_blank\" title=\"Ho veur\u00e0s en una nova finestra\">Vicerectorat de Relacions Internacionals de la Universitat Miguel Hern\u00e1ndez (UMH) d&#8217;Elx<\/a> publica el llistat definitiu d&#8217;ajudes assignades de la<strong> convocat\u00f2ria del Programa Destino UMH en el curs 2021\/2022.<\/strong><\/p>\n<p><a href=\"https:\/\/internacional.umh.es\/files\/2021\/07\/Publi.-definitiva.-RR_03559_2021.pdf\" target=\"_blank\" title=\"Ho veur\u00e0s en una nova finestra\" rel=\"noopener noreferrer\">Consulta el llistat complet Programa Destino UMH (263Kb .pdf)<\/a><\/p>\n<hr>\n<p style=\"text-align: justify\"><span style=\"color: #ff0000\"><strong><span style=\"color: #000000\">(10\/06\/2021): <\/span><\/strong><\/span>El Vicerectorat de Relacions Internacionals de la Universitat Miguel Hern\u00e1ndez (UMH) d&#8217;Elx publica el llistat definitiu de sol\u00b7licituds admeses i excloses i el llistat provisional d&#8217;ajudes assignades de la<strong> convocat\u00f2ria del Programa Destino UMH en el curs 2021\/2022.<\/strong><\/p>\n<p style=\"text-align: justify\"><strong>L&#8217;estudiantat<\/strong> disposa d&#8217;un termini de 10 dies h\u00e0bils per a realitzar al\u00b7legacions a trav\u00e9s de la seu electr\u00f2nica de la UMH. El termini \u00e9s <strong>fins al 23 de juny<\/strong> de 2021. <a href=\"https:\/\/internacional.umh.es\/files\/2021\/06\/Publicado.bil-listado-definitivo-y-adjudicacin-provisional-de-ayudas-programa-destino-umh-2021-2022.pdf\" target=\"_blank\" title=\"Ho veur\u00e0s en una nova finestra\" rel=\"noopener noreferrer\">Consulta el llistat Programa Destino UMH (2,12Mb .pdf)<\/a><\/p>\n<hr>\n<p style=\"text-align: justify\"><span style=\"color: #000000\"><strong>(24\/05\/2021): <\/strong><\/span>El Vicerectorat de Relacions Internacionals de la Universitat Miguel Hern\u00e1ndez (UMH) d&#8217;Elx publica el llistat provisional de sol\u00b7licituds admeses i excloses de la <strong>convocat\u00f2ria del Programa Destino UMH en el curs 2021\/2022.<\/strong><\/p>\n<p style=\"text-align: justify\"><strong>L&#8217;estudiantat<\/strong> disposa d&#8217;un termini de 10 dies h\u00e0bils per a realitzar al\u00b7legacions a trav\u00e9s de la seu electr\u00f2nica de la UMH. El termini \u00e9s <strong>fins al 4 de juny<\/strong> de 2021. <a href=\"https:\/\/internacional.umh.es\/files\/2021\/05\/publicado.bil-resolucin-solicitudes-admitidas-y-excluidas-destino-umh-2021-2022.pdf\" target=\"_blank\" title=\"Ho veur\u00e0s en una nova finestra\" rel=\"noopener noreferrer\"><strong>Consulta el Llistat provisional de sol\u00b7licituds admeses i excloses (127Kb .pdf)<\/strong><\/a><\/p>\n<hr>\n<p style=\"text-align: justify\">El Vicerectorat de Relacions Internacionals de la Universitat Miguel Hern\u00e1ndez (UMH) d&#8217;Elx ha publicat la Convocat\u00f2ria del Programa de Mobilitat Internacional Destino UMH per al curs 2021\/2022. El termini de presentaci\u00f3 de sol\u00b7licituds ser\u00e0 fins al <strong>6 de maig de 2021.<\/strong><\/p>\n<h4><strong>Destins i places:<\/strong><\/h4>\n<p>El Vicerectorat de Relacions Internacionals realitzar\u00e0 l&#8217;oferta de 12 places (2 amb destinaci\u00f3 al Brasil, 3 amb destinaci\u00f3 a pa\u00efsos la doc\u00e8ncia dels quals s&#8217;imparteix en angl\u00e9s i 7 amb destinaci\u00f3 a pa\u00efsos de parla hispana) per a estades d&#8217;estudis en universitats de fora de l&#8217;espai europeu per al curs acad\u00e8mic 2021-2022, basades en els acords bilaterals signats entre la Universitat Miguel Hern\u00e1ndez d&#8217;Elx (UMH) i les universitats s\u00f2cies.<\/p>\n<ul>\n<li><a href=\"https:\/\/internacional.umh.es\/files\/2021\/04\/Definitivo.Listado-universidades_21_22.pdf\" target=\"_blank\" title=\"Ho veur\u00e0s en una nova finestra\" rel=\"noopener noreferrer\"><strong>El llistat d&#8217;universitats es pot consultar en l&#8217;Annex II (322Kb Castell\u00e0 .pdf) d&#8217;aquesta convocat\u00f2ria<\/strong><\/a><\/li>\n<li><a href=\"https:\/\/internacional.umh.es\/files\/2020\/02\/Ultima-versi%C3%B3n.-HIST%C3%93RICO-DE-INTERCAMBIOS-EN-EL-PROGRAMA-DESTINO-DE-2011-A-2019-1.pdf\" target=\"_blank\" title=\"Ho veur\u00e0s en una nova finestra\" rel=\"noopener noreferrer\">Hist\u00f2ric d&#8217;intercanvis en el Programa DESTINO de 2011 a 2019 (143Kb Castell\u00e0 .pdf)<\/a><\/li>\n<li><a href=\"https:\/\/internacional.umh.es\/files\/2021\/04\/Publicada-en-BOUMH.-RR_00907_2021.pdf\" target=\"_blank\" title=\"Ho veur\u00e0s en una nova finestra\" rel=\"noopener noreferrer\">Desc\u00e0rrega el text complet de la convocat\u00f2ria (863Kb .pdf)<\/a><\/li>\n<li><a href=\"https:\/\/internacional.umh.es\/files\/2021\/04\/Publicacion-DOGV.-2021_4104.pdf\" target=\"_blank\" title=\"Ho veur\u00e0s en una nova finestra\" rel=\"noopener noreferrer\">Desc\u00e0rrega l&#8217;extracte del DOGV (205Kb .pdf)<\/a><\/li>\n<li><a href=\"https:\/\/internacional.umh.es\/files\/2021\/04\/Modelo-de-solicitud-2021-2022.docx\" target=\"_blank\" title=\"Ho veur\u00e0s en una nova finestra\" rel=\"noopener noreferrer\"> Desc\u00e0rrega la sol\u00b7licitud de la convocat\u00f2ria(247Kb Castell\u00e0 .docx)<\/a>, que <u>haur\u00e0 de presentar-se a trav\u00e9s de<\/u>la Seu electr\u00f2nica de la UMH, del Registre General de la UMH, els registres auxiliars dels <u>CEGECAS<\/u>, <strong><u>o per qualsevol altre procediment<\/u><\/strong> establit en la Llei 39\/2015, d&#8217;1 d&#8217;octubre, del Procediment Administratiu Com\u00fa de les Administracions P\u00fabliques <strong><u>juntament amb<\/u><\/strong> <u><strong>la seg\u00fcent documentaci\u00f3 dirigida al Servei de Relacions Internacionals, Cooperaci\u00f3 al Desenvolupament i Voluntariat<\/strong>:<\/u><br \/>\n<\/p>\n<ul>\n<li>Sol\u00b7licitud signada<\/li>\n<li>Fotografia recent en grand\u00e0ria carnet<\/li>\n<li>Fotoc\u00f2pia del DNI<\/li>\n<li>Certificat de coneixement de portugu\u00e9s en cas que el dest\u00ed sol\u00b7licitat siga el Brasil.<\/li>\n<li>Certificat de coneixement d&#8217;angl\u00e9s en cas que el dest\u00ed sol\u00b7licitat siga a un pa\u00eds on la doc\u00e8ncia s&#8217;imparteix en angl\u00e9s<\/li>\n<\/ul>\n<\/li>\n<\/ul>\n<p><img loading=\"lazy\" class=\"aligncenter wp-image-16377\" src=\"https:\/\/internacional.umh.es\/files\/2021\/09\/Beques-UMH-DESTINO-boto.jpg\" alt=\"Bot\u00f3 BEQUES DESTINO UMH\" title=\"Coneix ara les novetats dels Programes DESTINO BEQUES UMH\" width=\"187\" height=\"108\"><\/p>","protected":false},"excerpt":{"rendered":"<p>Guia de bones pr\u00e0ctiques per a estudiants del Programa Destino (283Kb .pdf)<\/p>\n<p>NOU (14\/07\/2021): El Vicerectorat de Relacions Internacionals de la Universitat Miguel Hern\u00e1ndez (UMH) d&#8217;Elx publica el llistat definitiu d&#8217;ajudes assignades de la convocat\u00f2ria del Programa Destino UMH en el curs 2021\/2022.<br \/>\nConsulta el llistat complet Programa Destino UMH (263Kb .pdf)<\/p>\n<p>(10\/06\/2021): El Vicerectorat de Relacions Internacionals [&#8230;]<\/p>\n","protected":false},"author":54,"featured_media":0,"parent":0,"menu_order":0,"comment_status":"closed","ping_status":"closed","template":"","meta":{"ngg_post_thumbnail":0,"_links_to":"","_links_to_target":""},"yoast_head":"<!-- This site is optimized with the Yoast SEO plugin v17.5 - https:\/\/yoast.com\/wordpress\/plugins\/seo\/ -->\n<meta name=\"description\" content=\"El Vicerrectorado de Relaciones Internacionales de la UMH de Elche publica las convocatorias de movilidad del Programa Destino PDI- Becas UMH 2021\/2022\" \/>\n<meta name=\"robots\" content=\"index, follow, max-snippet:-1, max-image-preview:large, max-video-preview:-1\" \/>\n<link rel=\"canonical\" href=\"https:\/\/internacional.umh.es\/ca\/destino-becas-umh-2021-2022\/\" \/>\n<meta property=\"og:locale\" content=\"ca_ES\" \/>\n<meta property=\"og:type\" content=\"article\" \/>\n<meta property=\"og:title\" content=\"Programa DESTINO \u2013 Beques UMH 2021\/2022 - Internacionalitzaci\u00f3 i Cooperaci\u00f3\" \/>\n<meta property=\"og:description\" content=\"El Vicerrectorado de Relaciones Internacionales de la UMH de Elche publica las convocatorias de movilidad del Programa Destino PDI- Becas UMH 2021\/2022\" \/>\n<meta property=\"og:url\" content=\"https:\/\/internacional.umh.es\/en\/destino-becas-umh-2021-2022\/\" \/>\n<meta property=\"og:site_name\" content=\"Internacionalitzaci\u00f3 i Cooperaci\u00f3\" \/>\n<meta property=\"article:modified_time\" content=\"2022-02-01T11:14:23+00:00\" \/>\n<meta property=\"og:image\" content=\"https:\/\/internacional.umh.es\/files\/2020\/08\/DESTINO-1-300x173.png\" \/>\n<meta name=\"twitter:card\" content=\"summary_large_image\" \/>\n<meta name=\"twitter:label1\" content=\"Est. reading time\" \/>\n\t<meta name=\"twitter:data1\" content=\"6 minuts\" \/>\n<script type=\"application\/ld+json\" class=\"yoast-schema-graph\">{\"@context\":\"https:\/\/schema.org\",\"@graph\":[{\"@type\":\"WebSite\",\"@id\":\"https:\/\/internacional.umh.es\/en\/#website\",\"url\":\"https:\/\/internacional.umh.es\/en\/\",\"name\":\"Internacionalitzaci\\u00f3 i Cooperaci\\u00f3\",\"description\":\"Universitat Miguel Hern\\u00e1ndez d&#039;Elx\",\"potentialAction\":[{\"@type\":\"SearchAction\",\"target\":{\"@type\":\"EntryPoint\",\"urlTemplate\":\"https:\/\/internacional.umh.es\/en\/?s={search_term_string}\"},\"query-input\":\"required name=search_term_string\"}],\"inLanguage\":\"ca\"},{\"@type\":\"ImageObject\",\"@id\":\"https:\/\/internacional.umh.es\/en\/destino-becas-umh-2021-2022\/#primaryimage\",\"inLanguage\":\"ca\",\"url\":\"https:\/\/internacional.umh.es\/files\/2020\/08\/DESTINO-1.png\",\"contentUrl\":\"https:\/\/internacional.umh.es\/files\/2020\/08\/DESTINO-1.png\",\"width\":410,\"height\":236,\"caption\":\"Programa Destino PDI UMH bot\\u00f3n\"},{\"@type\":\"WebPage\",\"@id\":\"https:\/\/internacional.umh.es\/en\/destino-becas-umh-2021-2022\/#webpage\",\"url\":\"https:\/\/internacional.umh.es\/en\/destino-becas-umh-2021-2022\/\",\"name\":\"Programa DESTINO \\u2013 Beques UMH 2021\/2022 - Internacionalitzaci\\u00f3 i Cooperaci\\u00f3\",\"isPartOf\":{\"@id\":\"https:\/\/internacional.umh.es\/en\/#website\"},\"primaryImageOfPage\":{\"@id\":\"https:\/\/internacional.umh.es\/en\/destino-becas-umh-2021-2022\/#primaryimage\"},\"datePublished\":\"2021-04-23T09:39:22+00:00\",\"dateModified\":\"2022-02-01T11:14:23+00:00\",\"description\":\"El Vicerrectorado de Relaciones Internacionales de la UMH de Elche publica las convocatorias de movilidad del Programa Destino PDI- Becas UMH 2021\/2022\",\"breadcrumb\":{\"@id\":\"https:\/\/internacional.umh.es\/en\/destino-becas-umh-2021-2022\/#breadcrumb\"},\"inLanguage\":\"ca\",\"potentialAction\":[{\"@type\":\"ReadAction\",\"target\":[\"https:\/\/internacional.umh.es\/en\/destino-becas-umh-2021-2022\/\"]}]},{\"@type\":\"BreadcrumbList\",\"@id\":\"https:\/\/internacional.umh.es\/en\/destino-becas-umh-2021-2022\/#breadcrumb\",\"itemListElement\":[{\"@type\":\"ListItem\",\"position\":1,\"name\":\"Home\",\"item\":\"https:\/\/internacional.umh.es\/en\/\"},{\"@type\":\"ListItem\",\"position\":2,\"name\":\"Destino Program \\u2013 2021\/2022 UMH Grants\"}]}]}<\/script>\n<!-- \/ Yoast SEO plugin. -->","yoast_head_json":{"description":"El Vicerrectorado de Relaciones Internacionales de la UMH de Elche publica las convocatorias de movilidad del Programa Destino PDI- Becas UMH 2021\/2022","robots":{"index":"index","follow":"follow","max-snippet":"max-snippet:-1","max-image-preview":"max-image-preview:large","max-video-preview":"max-video-preview:-1"},"canonical":"https:\/\/internacional.umh.es\/ca\/destino-becas-umh-2021-2022\/","og_locale":"ca_ES","og_type":"article","og_title":"Programa DESTINO \u2013 Beques UMH 2021\/2022 - Internacionalitzaci\u00f3 i Cooperaci\u00f3","og_description":"El Vicerrectorado de Relaciones Internacionales de la UMH de Elche publica las convocatorias de movilidad del Programa Destino PDI- Becas UMH 2021\/2022","og_url":"https:\/\/internacional.umh.es\/en\/destino-becas-umh-2021-2022\/","og_site_name":"Internacionalitzaci\u00f3 i Cooperaci\u00f3","article_modified_time":"2022-02-01T11:14:23+00:00","og_image":[{"url":"https:\/\/internacional.umh.es\/files\/2020\/08\/DESTINO-1-300x173.png"}],"twitter_card":"summary_large_image","twitter_misc":{"Est. reading time":"6 minuts"},"schema":{"@context":"https:\/\/schema.org","@graph":[{"@type":"WebSite","@id":"https:\/\/internacional.umh.es\/en\/#website","url":"https:\/\/internacional.umh.es\/en\/","name":"Internacionalitzaci\u00f3 i Cooperaci\u00f3","description":"Universitat Miguel Hern\u00e1ndez d&#039;Elx","potentialAction":[{"@type":"SearchAction","target":{"@type":"EntryPoint","urlTemplate":"https:\/\/internacional.umh.es\/en\/?s={search_term_string}"},"query-input":"required name=search_term_string"}],"inLanguage":"ca"},{"@type":"ImageObject","@id":"https:\/\/internacional.umh.es\/en\/destino-becas-umh-2021-2022\/#primaryimage","inLanguage":"ca","url":"https:\/\/internacional.umh.es\/files\/2020\/08\/DESTINO-1.png","contentUrl":"https:\/\/internacional.umh.es\/files\/2020\/08\/DESTINO-1.png","width":410,"height":236,"caption":"Programa Destino PDI UMH bot\u00f3n"},{"@type":"WebPage","@id":"https:\/\/internacional.umh.es\/en\/destino-becas-umh-2021-2022\/#webpage","url":"https:\/\/internacional.umh.es\/en\/destino-becas-umh-2021-2022\/","name":"Programa DESTINO \u2013 Beques UMH 2021\/2022 - Internacionalitzaci\u00f3 i Cooperaci\u00f3","isPartOf":{"@id":"https:\/\/internacional.umh.es\/en\/#website"},"primaryImageOfPage":{"@id":"https:\/\/internacional.umh.es\/en\/destino-becas-umh-2021-2022\/#primaryimage"},"datePublished":"2021-04-23T09:39:22+00:00","dateModified":"2022-02-01T11:14:23+00:00","description":"El Vicerrectorado de Relaciones Internacionales de la UMH de Elche publica las convocatorias de movilidad del Programa Destino PDI- Becas UMH 2021\/2022","breadcrumb":{"@id":"https:\/\/internacional.umh.es\/en\/destino-becas-umh-2021-2022\/#breadcrumb"},"inLanguage":"ca","potentialAction":[{"@type":"ReadAction","target":["https:\/\/internacional.umh.es\/en\/destino-becas-umh-2021-2022\/"]}]},{"@type":"BreadcrumbList","@id":"https:\/\/internacional.umh.es\/en\/destino-becas-umh-2021-2022\/#breadcrumb","itemListElement":[{"@type":"ListItem","position":1,"name":"Home","item":"https:\/\/internacional.umh.es\/en\/"},{"@type":"ListItem","position":2,"name":"Destino Program \u2013 2021\/2022 UMH Grants"}]}]}},"_links":{"self":[{"href":"https:\/\/internacional.umh.es\/ca\/wp-json\/wp\/v2\/pages\/19258"}],"collection":[{"href":"https:\/\/internacional.umh.es\/ca\/wp-json\/wp\/v2\/pages"}],"about":[{"href":"https:\/\/internacional.umh.es\/ca\/wp-json\/wp\/v2\/types\/page"}],"author":[{"embeddable":true,"href":"https:\/\/internacional.umh.es\/ca\/wp-json\/wp\/v2\/users\/54"}],"replies":[{"embeddable":true,"href":"https:\/\/internacional.umh.es\/ca\/wp-json\/wp\/v2\/comments?post=19258"}],"version-history":[{"count":0,"href":"https:\/\/internacional.umh.es\/ca\/wp-json\/wp\/v2\/pages\/19258\/revisions"}],"wp:attachment":[{"href":"https:\/\/internacional.umh.es\/ca\/wp-json\/wp\/v2\/media?parent=19258"}],"curies":[{"name":"wp","href":"https:\/\/api.w.org\/{rel}","templated":true}]}}