{"id":19606,"date":"2021-05-06T14:19:11","date_gmt":"2021-05-06T12:19:11","guid":{"rendered":"https:\/\/internacional.umh.es\/?page_id=19606"},"modified":"2026-04-02T12:49:09","modified_gmt":"2026-04-02T10:49:09","slug":"dobles-doctorados-cotutela-internacional","status":"publish","type":"page","link":"https:\/\/internacional.umh.es\/ca\/movilidad\/estudiantes\/becas-umh-para-estudiantes-de-dobles-titulaciones\/dobles-doctorados-cotutela-internacional\/","title":{"rendered":"Dobles Doctorats\/Cotutela internacional"},"content":{"rendered":"<p><\/p>\n<p style=\"text-align: justify\"><strong><span style=\"color: #ff0000\">NOU (13\/09\/21): <\/span><\/strong>El Vicerectorat d&#8217;Internacionalitzaci\u00f3 i Cooperaci\u00f3 ha publicat, en el <a href=\"https:\/\/boumh.umh.es\/ca\/2022\/09\/13\/\" target=\"_blank\" rel=\"noopener\" title=\"Ho veur\u00e0s en una nova finestra\"><strong><u>Butllet\u00ed Oficial de la UMH de 13 de setembre de 2022<\/u><\/strong><\/a>, la convocat\u00f2ria d&#8217;Ajudes <strong>per a estades de dobles Doctorats Internacional\/Cotutela Internacional de la UMH durant el curs acad\u00e8mic 2021-2022<\/strong><\/p>\n<p>Pots consultar el text \u00edntegre de la convocat\u00f2ria a continuaci\u00f3:<\/p>\n<ul>\n<li><a href=\"https:\/\/internacional.umh.es\/files\/2022\/09\/RR_02238_2022-Convocatoria-Doble-Doctorado-Internacional-Cotutela-en-BOUMH.pdf\" target=\"_blank\" rel=\"noopener\" title=\"Ho veur\u00e0s en una nova finestra\"><strong>Consultar convocat\u00f2ria (479Kb .pdf)<\/strong><\/a><\/li>\n<\/ul>\n<p style=\"text-align: justify\">El <strong>termini de presentaci\u00f3 de sol\u00b7licituds<\/strong> <strong>\u00e9s fins al 4 d&#8217;octubre<\/strong> (10 dies h\u00e0bils a comptar a partir de l&#8217;endem\u00e0 de la data de publicaci\u00f3 de l&#8217;extracte d&#8217;aquesta convocat\u00f2ria en el Diari Oficial de la Generalitat Valenciana). Pots consultar la resoluci\u00f3 del DOGV a continuaci\u00f3:<\/p>\n<ul>\n<li><a href=\"https:\/\/internacional.umh.es\/files\/2022\/09\/2022_8373_DOGV.pdf\" target=\"_blank\" rel=\"noopener\" title=\"Ho veur\u00e0s en una nova finestra\"><strong><u>Consultar resoluci\u00f3 DOGV (236Kb .pdf)<\/u><\/strong><\/a><\/li>\n<\/ul>\n<p style=\"text-align: justify\">Les sol\u00b7licituds s&#8217;han de presentar, degudament emplenades, mitjan\u00e7ant el formulari contemplat en <strong> l&#8217;Annex II<\/strong>. La presentaci\u00f3 en el registre electr\u00f2nic de la UMH es realitzar\u00e0 <strong>PREFERENTMENT<\/strong> per la <strong>SEU ELECTR\u00d2NICA<\/strong>, accedint al tr\u00e0mit Inst\u00e0ncia general que es troba disponible en el seg\u00fcent enlla\u00e7: <a href=\"https:\/\/sede.umh.es\/ca\/procedimientos\/instancia-general\/\" title=\"Ho veur\u00e0s en una nova finestra\" target=\"_blank\" rel=\"noopener\"><strong>https:\/\/sede.umh.es\/procedimientos\/instancia-general\/<\/strong><\/a>, i dirigida a: U05500108-Servei de Relacions Internacionals i Cooperaci\u00f3 al Desenvolupament i Voluntariat, o a trav\u00e9s del Registre General de la UMH (Edifici Rectorat), dels Registres Auxiliars (situats en els CEGECAS), a trav\u00e9s de la <a href=\"https:\/\/sede.umh.es\/ca\" title=\"Ho veur\u00e0s en una nova finestra\" target=\"_blank\" rel=\"noopener\"><strong>Seu Electr\u00f2nica<\/strong><\/a> o per qualsevol altre procediment contemplat en l&#8217;article 38 de la Llei 30\/1992, de 26 de novembre, de R\u00e8gim Jur\u00eddic de les Administracions P\u00fabliques i del Procediment Administratiu Com\u00fa, en virtut del que es disposa en la disposici\u00f3 final setena, disposici\u00f3 derogat\u00f2ria \u00fanica, apartat 2, \u00faltim par\u00e0graf, de la Llei 39\/2015, d&#8217;1 d&#8217;octubre, del Procediment Administratiu Com\u00fa de les Administracions P\u00fabliques.<\/p>\n<p>A la sol\u00b7licitud s&#8217;adjuntaran els seg\u00fcents documents:<\/p>\n<ul>\n<li>Certificaci\u00f3 acad\u00e8mica de la titulaci\u00f3 d&#8217;acc\u00e9s al doctorat.<\/li>\n<li>Certificat oficial de coneixement d&#8217;idiomes.<\/li>\n<li>Document d&#8217;acceptaci\u00f3 del coordinador del programa de doctorat per a la realitzaci\u00f3 d&#8217;un doble doctorat a l&#8217;empara d&#8217;un acord bilateral, o document de la universitat de dest\u00ed pel qual s&#8217;accepta la cotutela internacional<\/li>\n<\/ul>\n<p style=\"text-align: justify\"><strong>Acreditaci\u00f3, si \u00e9s el cas, de la concessi\u00f3 de l&#8217;ajuda de car\u00e0cter predoctoral de convocat\u00f2ria p\u00fablica.<\/strong><\/p>\n<hr>\n<p><strong><u>CONVOCAT\u00d2RIES ANTERIORS<\/u><\/strong><\/p>\n<p><strong>2018\/2019<\/strong><\/p>\n<ul>\n<li><a title=\"Ho veur\u00e0s en una nova finestra target=\" href=\"https:\/\/internacional.umh.es\/files\/2019\/05\/RE_2019_001_9339.pdf\" rel=\"noopener\"><strong>Llistat definitiu d&#8217;Ajudes per a estades de doble Doctorat Internacional\/Cotutuela Internacional de la UMH per al curs acad\u00e8mic 2018\/2019 (395Kb Castell\u00e0 .pdf)<\/strong><\/a><\/li>\n<li><a title=\"Ho veur\u00e0s en una nova finestra\" href=\"https:\/\/internacional.umh.es\/files\/2019\/04\/RE_2019_001_6985.pdf\" target=\"_blank\" rel=\"noopener\"><strong>Convocat\u00f2ria d&#8217;ajudes per a estades de doble Doctorat Internacional\/Cotutela Internacional de la UMH durant el curs acad\u00e8mic 2018\/2019 (5,42Kb .pdf)<\/strong><\/a><\/li>\n<\/ul>\n<hr>\n<p style=\"text-align: justify\"><strong>2017\/2018<\/strong><\/p>\n<ul>\n<li><strong> <a title=\"Ho veur\u00e0s en una nova finestra\" href=\"https:\/\/internacional.umh.es\/files\/2018\/05\/RE_2018_001_4773.-DECLARACI\u00d3N-DESIERTO.pdf\" target=\"_blank\" rel=\"noopener noreferrer\">Declaraci\u00f3 per la qual es declara deserta la convocat\u00f2ria d&#8217;ajudes de Doctorat Internacional\/Cotutela Internacional de la UMH durant el curs acad\u00e8mic 2017\/2018 (875Kb .pdf)<\/a><\/strong><\/li>\n<li><strong><a title=\"Ho veur\u00e0s en una nova finestra\" href=\"https:\/\/registro.umh.es\/files\/2018\/03\/RE_2018_001_3846.pdf\" target=\"_blank\" rel=\"noopener\">Llistat provisional de sol\u00b7licituds admeses i excloses. Obertura termini d&#8217;esmena (320kb Castell\u00e0 .pdf)<\/a><\/strong><\/li>\n<li><a title=\"Ho veur\u00e0s en una nova finestra\" href=\"https:\/\/registro.umh.es\/files\/2018\/02\/RE_2018_001_1741.pdf\" target=\"_blank\" rel=\"noopener\"><strong>Convocat\u00f2ria per a realitzar una estada acad\u00e8mica en el marc del Programa de Doble de Doctorat Internacional\/Cotutela Internacional en universitats s\u00f2cies, a l&#8217;empara de convenis de Dobles Doctorats Internacional\/Cotutela Internacional (240Kb .pdf))<\/strong><\/a><\/li>\n<li><a title=\"Ho veur\u00e0s en una nova finestra\" href=\"https:\/\/registro.umh.es\/files\/2018\/02\/RE_2018_001_1741.pdf\" target=\"_blank\" rel=\"noopener\"><strong>Import de les ajudes, els criteris de valoraci\u00f3 i la resta de bases reguladores poden consultar-se en el seg\u00fcent text (240Kb .pdf)<\/strong><\/a><\/li>\n<\/ul>\n<p><\/p>\n<p style=\"text-align: justify\"><strong>LLISTAT DOBLES DOCTORATS ACTUALITZAT:<\/strong><\/p>\n<table style=\"font-weight: 400\" width=\"100%\">\n<tbody>\n<tr>\n<td width=\"276\"><strong>Universitat<\/strong><\/td>\n<td width=\"52\"><strong>Pa\u00eds<\/strong><\/td>\n<td width=\"63\"><strong>T\u00edtol<\/strong><\/td>\n<td width=\"451\"><strong>Programa<\/strong><\/td>\n<\/tr>\n<tr>\n<td width=\"276\">Universitat de Sao Paolo i Universitat de Porto<\/td>\n<td width=\"52\">El Brasil i Portugal<\/td>\n<td width=\"63\">Doctorat<\/td>\n<td width=\"451\">Doctorat en Salut P\u00fablica, Ci\u00e8ncies M\u00e8diques i Quir\u00fargiques<\/td>\n<\/tr>\n<tr>\n<td width=\"276\">Pontif\u00edcia Universitat Cat\u00f2lica de Valpara\u00edso<\/td>\n<td width=\"52\">Xile<\/td>\n<td width=\"63\">Doctorat<\/td>\n<td width=\"451\">Doctorat en Estad\u00edstica, Optimitzaci\u00f3 i Matem\u00e0tica Aplicada<\/td>\n<\/tr>\n<tr>\n<td width=\"276\">Universitat de Sonora<\/td>\n<td width=\"52\">M\u00e8xic<\/td>\n<td width=\"63\">Doctorat<\/td>\n<td width=\"451\">Doctorat en Recursos i Tecnologies Agr\u00e0ries, Agroambientals i Aliment\u00e0ries<\/td>\n<\/tr>\n<tr>\n<td width=\"276\">Wroclaw University of Environmental and Life Sciences<\/td>\n<td width=\"52\">Pol\u00f2nia<\/td>\n<td width=\"63\">Doctorat<\/td>\n<td width=\"451\">Doctorat en Recursos i Tecnologies Agr\u00e0ries, Agroambientals i Aliment\u00e0ries<\/td>\n<\/tr>\n<tr>\n<td width=\"276\">Universit\u00e1 degli Studi di Firenze<\/td>\n<td width=\"52\">It\u00e0lia<\/td>\n<td width=\"63\">Doctorat<\/td>\n<td width=\"451\">Doctorat en Recursos i Tecnologies Agr\u00e0ries, Agroambientals i Aliment\u00e0ries<\/td>\n<\/tr>\n<tr>\n<td width=\"276\">Universitat Nacional Agr\u00e0ria de la Molina<\/td>\n<td width=\"52\">el Per\u00fa<\/td>\n<td width=\"63\">Doctorat<\/td>\n<td width=\"451\">Doctorat en Recursos i Tecnologies Agr\u00e0ries, Agroambientals i Aliment\u00e0ries.<\/td>\n<\/tr>\n<tr>\n<td width=\"276\">Universidade de Sao Paulo<\/td>\n<td width=\"52\">el Brasil<\/td>\n<td width=\"63\">Doctorat<\/td>\n<td width=\"451\">Doctorat en Salut P\u00fablica, Ci\u00e8ncies M\u00e8diques i Quir\u00fargiques<\/td>\n<\/tr>\n<tr>\n<td width=\"276\">Universitat Tecnol\u00f2gica de Kaunas<\/td>\n<td width=\"52\">Litu\u00e0nia<\/td>\n<td width=\"63\">Doctorat<\/td>\n<td width=\"451\">Doctorat en Tecnologies Industrials i de Telecomunicaci\u00f3<\/td>\n<\/tr>\n<tr>\n<td width=\"276\">Centre d&#8217;Investigaci\u00f3 i d&#8217;Estudis Avan\u00e7ats de l&#8217;Institut Polit\u00e8cnic Nacional (CINVESTAV)<\/td>\n<td width=\"52\">M\u00e8xic<\/td>\n<td width=\"63\">Doctorat<\/td>\n<td width=\"451\">Doctorat en Tecnologies Industrials i de Telecomunicaci\u00f3<\/td>\n<\/tr>\n<tr>\n<td width=\"276\">Universitat Aut\u00f2noma de Nova Le\u00f3n<\/td>\n<td width=\"52\">M\u00e8xic<\/td>\n<td width=\"63\">Doctorat<\/td>\n<td width=\"451\">Doctorat en Tecnologies Industrials i de Telecomunicaci\u00f3<\/td>\n<\/tr>\n<\/tbody>\n<\/table>\n<p>&nbsp;<\/p>","protected":false},"excerpt":{"rendered":"<p>NOU (13\/09\/21): El Vicerectorat d&#8217;Internacionalitzaci\u00f3 i Cooperaci\u00f3 ha publicat, en el Butllet\u00ed Oficial de la UMH de 13 de setembre de 2022, la convocat\u00f2ria d&#8217;Ajudes per a estades de dobles Doctorats Internacional\/Cotutela Internacional de la UMH durant el curs acad\u00e8mic 2021-2022<br \/>\nPots consultar el text \u00edntegre de la convocat\u00f2ria a continuaci\u00f3:<\/p>\n<p>Consultar convocat\u00f2ria (479Kb .pdf)<\/p>\n<p>El termini de [&#8230;]<\/p>\n","protected":false},"author":5216,"featured_media":0,"parent":3405,"menu_order":0,"comment_status":"closed","ping_status":"closed","template":"","meta":{"ngg_post_thumbnail":0,"_links_to":"","_links_to_target":""},"yoast_head":"<!-- This site is optimized with the Yoast SEO plugin v17.5 - https:\/\/yoast.com\/wordpress\/plugins\/seo\/ -->\n<meta name=\"description\" content=\"El Vicerrectorado de Relaciones Internacionales publica listado de solicitudes de las ayudas UMH a dobles doctorados \/ cotutela internacional.\" \/>\n<meta name=\"robots\" content=\"index, follow, max-snippet:-1, max-image-preview:large, max-video-preview:-1\" \/>\n<link rel=\"canonical\" href=\"https:\/\/internacional.umh.es\/ca\/movilidad\/estudiantes\/becas-umh-para-estudiantes-de-dobles-titulaciones\/dobles-doctorados-cotutela-internacional\/\" \/>\n<meta property=\"og:locale\" content=\"ca_ES\" \/>\n<meta property=\"og:type\" content=\"article\" \/>\n<meta property=\"og:title\" content=\"Dobles Doctorats\/Cotutela internacional - Internacionalitzaci\u00f3 i Cooperaci\u00f3\" \/>\n<meta property=\"og:description\" content=\"El Vicerrectorado de Relaciones Internacionales publica listado de solicitudes de las ayudas UMH a dobles doctorados \/ cotutela internacional.\" \/>\n<meta property=\"og:url\" content=\"https:\/\/internacional.umh.es\/movilidad\/estudiantes\/becas-umh-para-estudiantes-de-dobles-titulaciones\/dobles-doctorados-cotutela-internacional\/\" \/>\n<meta property=\"og:site_name\" content=\"Internacionalitzaci\u00f3 i Cooperaci\u00f3\" \/>\n<meta property=\"article:modified_time\" content=\"2026-04-02T10:49:09+00:00\" \/>\n<meta property=\"og:image\" content=\"https:\/\/internacional.umh.es\/files\/2026\/02\/Plantillas-Puiblicaciones-convocatorias-25-240x300.png\" \/>\n<meta name=\"twitter:card\" content=\"summary_large_image\" \/>\n<meta name=\"twitter:label1\" content=\"Est. reading time\" \/>\n\t<meta name=\"twitter:data1\" content=\"2 minuts\" \/>\n<script type=\"application\/ld+json\" class=\"yoast-schema-graph\">{\"@context\":\"https:\/\/schema.org\",\"@graph\":[{\"@type\":\"WebSite\",\"@id\":\"https:\/\/internacional.umh.es\/en\/#website\",\"url\":\"https:\/\/internacional.umh.es\/en\/\",\"name\":\"Internacionalitzaci\\u00f3 i Cooperaci\\u00f3\",\"description\":\"Universitat Miguel Hern\\u00e1ndez d&#039;Elx\",\"potentialAction\":[{\"@type\":\"SearchAction\",\"target\":{\"@type\":\"EntryPoint\",\"urlTemplate\":\"https:\/\/internacional.umh.es\/en\/?s={search_term_string}\"},\"query-input\":\"required name=search_term_string\"}],\"inLanguage\":\"ca\"},{\"@type\":\"ImageObject\",\"@id\":\"https:\/\/internacional.umh.es\/movilidad\/estudiantes\/becas-umh-para-estudiantes-de-dobles-titulaciones\/dobles-doctorados-cotutela-internacional\/#primaryimage\",\"inLanguage\":\"ca\",\"url\":\"https:\/\/internacional.umh.es\/files\/2026\/02\/Plantillas-Puiblicaciones-convocatorias-25.png\",\"contentUrl\":\"https:\/\/internacional.umh.es\/files\/2026\/02\/Plantillas-Puiblicaciones-convocatorias-25.png\",\"width\":1080,\"height\":1350},{\"@type\":\"WebPage\",\"@id\":\"https:\/\/internacional.umh.es\/movilidad\/estudiantes\/becas-umh-para-estudiantes-de-dobles-titulaciones\/dobles-doctorados-cotutela-internacional\/#webpage\",\"url\":\"https:\/\/internacional.umh.es\/movilidad\/estudiantes\/becas-umh-para-estudiantes-de-dobles-titulaciones\/dobles-doctorados-cotutela-internacional\/\",\"name\":\"Dobles Doctorats\/Cotutela internacional - Internacionalitzaci\\u00f3 i Cooperaci\\u00f3\",\"isPartOf\":{\"@id\":\"https:\/\/internacional.umh.es\/en\/#website\"},\"primaryImageOfPage\":{\"@id\":\"https:\/\/internacional.umh.es\/movilidad\/estudiantes\/becas-umh-para-estudiantes-de-dobles-titulaciones\/dobles-doctorados-cotutela-internacional\/#primaryimage\"},\"datePublished\":\"2021-05-06T12:19:11+00:00\",\"dateModified\":\"2026-04-02T10:49:09+00:00\",\"description\":\"El Vicerrectorado de Relaciones Internacionales publica listado de solicitudes de las ayudas UMH a dobles doctorados \/ cotutela internacional.\",\"breadcrumb\":{\"@id\":\"https:\/\/internacional.umh.es\/movilidad\/estudiantes\/becas-umh-para-estudiantes-de-dobles-titulaciones\/dobles-doctorados-cotutela-internacional\/#breadcrumb\"},\"inLanguage\":\"ca\",\"potentialAction\":[{\"@type\":\"ReadAction\",\"target\":[\"https:\/\/internacional.umh.es\/movilidad\/estudiantes\/becas-umh-para-estudiantes-de-dobles-titulaciones\/dobles-doctorados-cotutela-internacional\/\"]}]},{\"@type\":\"BreadcrumbList\",\"@id\":\"https:\/\/internacional.umh.es\/movilidad\/estudiantes\/becas-umh-para-estudiantes-de-dobles-titulaciones\/dobles-doctorados-cotutela-internacional\/#breadcrumb\",\"itemListElement\":[{\"@type\":\"ListItem\",\"position\":1,\"name\":\"Home\",\"item\":\"https:\/\/internacional.umh.es\/en\/\"},{\"@type\":\"ListItem\",\"position\":2,\"name\":\"MOBILITY\",\"item\":\"https:\/\/internacional.umh.es\/en\/movilidad\/\"},{\"@type\":\"ListItem\",\"position\":3,\"name\":\"Estudiantes\",\"item\":\"https:\/\/internacional.umh.es\/movilidad\/estudiantes\/\"},{\"@type\":\"ListItem\",\"position\":4,\"name\":\"UMH Grants: Dual Degree Programs\",\"item\":\"https:\/\/internacional.umh.es\/movilidad\/estudiantes\/becas-umh-para-estudiantes-de-dobles-titulaciones\/\"},{\"@type\":\"ListItem\",\"position\":5,\"name\":\"Dobles Doctorados\/Cotutela internacional\"}]}]}<\/script>\n<!-- \/ Yoast SEO plugin. -->","yoast_head_json":{"description":"El Vicerrectorado de Relaciones Internacionales publica listado de solicitudes de las ayudas UMH a dobles doctorados \/ cotutela internacional.","robots":{"index":"index","follow":"follow","max-snippet":"max-snippet:-1","max-image-preview":"max-image-preview:large","max-video-preview":"max-video-preview:-1"},"canonical":"https:\/\/internacional.umh.es\/ca\/movilidad\/estudiantes\/becas-umh-para-estudiantes-de-dobles-titulaciones\/dobles-doctorados-cotutela-internacional\/","og_locale":"ca_ES","og_type":"article","og_title":"Dobles Doctorats\/Cotutela internacional - Internacionalitzaci\u00f3 i Cooperaci\u00f3","og_description":"El Vicerrectorado de Relaciones Internacionales publica listado de solicitudes de las ayudas UMH a dobles doctorados \/ cotutela internacional.","og_url":"https:\/\/internacional.umh.es\/movilidad\/estudiantes\/becas-umh-para-estudiantes-de-dobles-titulaciones\/dobles-doctorados-cotutela-internacional\/","og_site_name":"Internacionalitzaci\u00f3 i Cooperaci\u00f3","article_modified_time":"2026-04-02T10:49:09+00:00","og_image":[{"url":"https:\/\/internacional.umh.es\/files\/2026\/02\/Plantillas-Puiblicaciones-convocatorias-25-240x300.png"}],"twitter_card":"summary_large_image","twitter_misc":{"Est. reading time":"2 minuts"},"schema":{"@context":"https:\/\/schema.org","@graph":[{"@type":"WebSite","@id":"https:\/\/internacional.umh.es\/en\/#website","url":"https:\/\/internacional.umh.es\/en\/","name":"Internacionalitzaci\u00f3 i Cooperaci\u00f3","description":"Universitat Miguel Hern\u00e1ndez d&#039;Elx","potentialAction":[{"@type":"SearchAction","target":{"@type":"EntryPoint","urlTemplate":"https:\/\/internacional.umh.es\/en\/?s={search_term_string}"},"query-input":"required name=search_term_string"}],"inLanguage":"ca"},{"@type":"ImageObject","@id":"https:\/\/internacional.umh.es\/movilidad\/estudiantes\/becas-umh-para-estudiantes-de-dobles-titulaciones\/dobles-doctorados-cotutela-internacional\/#primaryimage","inLanguage":"ca","url":"https:\/\/internacional.umh.es\/files\/2026\/02\/Plantillas-Puiblicaciones-convocatorias-25.png","contentUrl":"https:\/\/internacional.umh.es\/files\/2026\/02\/Plantillas-Puiblicaciones-convocatorias-25.png","width":1080,"height":1350},{"@type":"WebPage","@id":"https:\/\/internacional.umh.es\/movilidad\/estudiantes\/becas-umh-para-estudiantes-de-dobles-titulaciones\/dobles-doctorados-cotutela-internacional\/#webpage","url":"https:\/\/internacional.umh.es\/movilidad\/estudiantes\/becas-umh-para-estudiantes-de-dobles-titulaciones\/dobles-doctorados-cotutela-internacional\/","name":"Dobles Doctorats\/Cotutela internacional - Internacionalitzaci\u00f3 i Cooperaci\u00f3","isPartOf":{"@id":"https:\/\/internacional.umh.es\/en\/#website"},"primaryImageOfPage":{"@id":"https:\/\/internacional.umh.es\/movilidad\/estudiantes\/becas-umh-para-estudiantes-de-dobles-titulaciones\/dobles-doctorados-cotutela-internacional\/#primaryimage"},"datePublished":"2021-05-06T12:19:11+00:00","dateModified":"2026-04-02T10:49:09+00:00","description":"El Vicerrectorado de Relaciones Internacionales publica listado de solicitudes de las ayudas UMH a dobles doctorados \/ cotutela internacional.","breadcrumb":{"@id":"https:\/\/internacional.umh.es\/movilidad\/estudiantes\/becas-umh-para-estudiantes-de-dobles-titulaciones\/dobles-doctorados-cotutela-internacional\/#breadcrumb"},"inLanguage":"ca","potentialAction":[{"@type":"ReadAction","target":["https:\/\/internacional.umh.es\/movilidad\/estudiantes\/becas-umh-para-estudiantes-de-dobles-titulaciones\/dobles-doctorados-cotutela-internacional\/"]}]},{"@type":"BreadcrumbList","@id":"https:\/\/internacional.umh.es\/movilidad\/estudiantes\/becas-umh-para-estudiantes-de-dobles-titulaciones\/dobles-doctorados-cotutela-internacional\/#breadcrumb","itemListElement":[{"@type":"ListItem","position":1,"name":"Home","item":"https:\/\/internacional.umh.es\/en\/"},{"@type":"ListItem","position":2,"name":"MOBILITY","item":"https:\/\/internacional.umh.es\/en\/movilidad\/"},{"@type":"ListItem","position":3,"name":"Estudiantes","item":"https:\/\/internacional.umh.es\/movilidad\/estudiantes\/"},{"@type":"ListItem","position":4,"name":"UMH Grants: Dual Degree Programs","item":"https:\/\/internacional.umh.es\/movilidad\/estudiantes\/becas-umh-para-estudiantes-de-dobles-titulaciones\/"},{"@type":"ListItem","position":5,"name":"Dobles Doctorados\/Cotutela internacional"}]}]}},"_links":{"self":[{"href":"https:\/\/internacional.umh.es\/ca\/wp-json\/wp\/v2\/pages\/19606"}],"collection":[{"href":"https:\/\/internacional.umh.es\/ca\/wp-json\/wp\/v2\/pages"}],"about":[{"href":"https:\/\/internacional.umh.es\/ca\/wp-json\/wp\/v2\/types\/page"}],"author":[{"embeddable":true,"href":"https:\/\/internacional.umh.es\/ca\/wp-json\/wp\/v2\/users\/5216"}],"replies":[{"embeddable":true,"href":"https:\/\/internacional.umh.es\/ca\/wp-json\/wp\/v2\/comments?post=19606"}],"version-history":[{"count":0,"href":"https:\/\/internacional.umh.es\/ca\/wp-json\/wp\/v2\/pages\/19606\/revisions"}],"up":[{"embeddable":true,"href":"https:\/\/internacional.umh.es\/ca\/wp-json\/wp\/v2\/pages\/3405"}],"wp:attachment":[{"href":"https:\/\/internacional.umh.es\/ca\/wp-json\/wp\/v2\/media?parent=19606"}],"curies":[{"name":"wp","href":"https:\/\/api.w.org\/{rel}","templated":true}]}}