{"id":2165,"date":"2015-01-23T09:53:14","date_gmt":"2015-01-23T08:53:14","guid":{"rendered":"http:\/\/internacional.umh.es\/?page_id=2165"},"modified":"2023-06-19T08:40:21","modified_gmt":"2023-06-19T06:40:21","slug":"international-weeks","status":"publish","type":"page","link":"https:\/\/internacional.umh.es\/ca\/movilidad\/pas\/international-weeks\/","title":{"rendered":"ERASMUS+ formaci\u00f3: Setmanes internacionals"},"content":{"rendered":"<p><\/p>\n<p style=\"text-align: justify\"><a href=\"https:\/\/internacional.umh.es\/files\/2023\/05\/UMHStaffWeekIV_wallpaper.png\" title=\"Amplia-ho per a veure amb detall les activitats realitzades durant la International Staff Week IV UMH\" target=\"_blank\" rel=\"noopener\"><img loading=\"lazy\" class=\"alignleft wp-image-30642 size-medium\" title=\"Amplia-ho per a veure amb detall les activitats realitzades durant la International Staff Week IV UMH\" src=\"https:\/\/internacional.umh.es\/files\/2023\/05\/UMHStaffWeekIV_wallpaper-300x169.png\" alt=\"UMH Setmanes internacionals IV 2023 wallpaper\" width=\"300\" height=\"169\" srcset=\"https:\/\/internacional.umh.es\/files\/2023\/05\/UMHStaffWeekIV_wallpaper-300x169.png 300w, https:\/\/internacional.umh.es\/files\/2023\/05\/UMHStaffWeekIV_wallpaper-1024x576.png 1024w, https:\/\/internacional.umh.es\/files\/2023\/05\/UMHStaffWeekIV_wallpaper-768x432.png 768w, https:\/\/internacional.umh.es\/files\/2023\/05\/UMHStaffWeekIV_wallpaper-1536x864.png 1536w, https:\/\/internacional.umh.es\/files\/2023\/05\/UMHStaffWeekIV_wallpaper.png 1706w\" sizes=\"(max-width: 300px) 100vw, 300px\" \/><\/a><br \/>\n<strong>Nota informativa:<\/strong> les estades formatives no es limiten als cursos i esdeveniments formatius que apareixen a continuaci\u00f3: <strong><a title=\"Lo ver\u00e1s en una nueva ventana\" href=\"http:\/\/staffmobility.eu\/staff-week-search\" target=\"_blank\" rel=\"noopener noreferrer\">staffmobility.eu\/staff-week-search<\/a><\/strong><\/p>\n<p style=\"text-align: justify\">Un PDI pot organitzar-se la seua pr\u00f2pia activitat formativa. Per exemple, pot realitzar una estada en una universitat europea per a aprendre unes certes t\u00e8cniques que s\u00f3n importants per a la seua activitat professional, i que voldria aplicar en la UMH. Un PAS pot realitzar una estada en una universitat\/instituci\u00f3 europea que \u00e9s pionera en l&#8217;activitat que realitza dins del seu servei, i de la qual volguera aprendre com gestionen els seus programes per a posteriorment aplicar en la UMH els coneixements adquirits.<\/p>\n<p style=\"text-align: justify\">En tots dos casos, tant el PAS com el PDI poden, directament o amb el suport de la ORI, contactar amb la universitat en q\u00fcesti\u00f3 per a consultar si acceptarien la proposta d&#8217;estada i podrien organitzar un programa formatiu.<\/p>\n<p style=\"text-align: justify\">Si tenen qualsevol dubte sobre el tipus d&#8217;estada formativa que es pot realitzar, o volen ajuda per a posar-se en contacte amb una universitat\/instituci\u00f3 de dest\u00ed, per favor pose&#8217;s en contacte amb el Vicerector Adjunt de Relacions Internacionals per a accions d&#8217;internacionalitzaci\u00f3, a trav\u00e9s de l&#8217;adre\u00e7a <a title=\"Ho veur\u00e0s en una nova fines\" href=\"mailto:internacional@umh.es\" target=\"_blank\" rel=\"noopener\">internacional@umh.es<\/a><\/p>\n<p><\/p>","protected":false},"excerpt":{"rendered":"<p>Nota informativa: les estades formatives no es limiten als cursos i esdeveniments formatius que apareixen a continuaci\u00f3: staffmobility.eu\/staff-week-search<br \/>\nUn PDI pot organitzar-se la seua pr\u00f2pia activitat formativa. Per exemple, pot realitzar una estada en una universitat europea per a aprendre unes certes t\u00e8cniques que s\u00f3n importants per a la seua activitat professional, i que voldria aplicar [&#8230;]<\/p>\n","protected":false},"author":30,"featured_media":0,"parent":171,"menu_order":0,"comment_status":"closed","ping_status":"closed","template":"","meta":{"ngg_post_thumbnail":0,"_links_to":"","_links_to_target":""},"yoast_head":"<!-- This site is optimized with the Yoast SEO plugin v17.5 - https:\/\/yoast.com\/wordpress\/plugins\/seo\/ -->\n<meta name=\"description\" content=\"Diversas universidades organizan semanas internacionales de car\u00e1cter formativo o docente para PDI Y PAS de la UMH a lo largo de todo el a\u00f1o.\" \/>\n<meta name=\"robots\" content=\"index, follow, max-snippet:-1, max-image-preview:large, max-video-preview:-1\" \/>\n<link rel=\"canonical\" href=\"https:\/\/internacional.umh.es\/ca\/movilidad\/pas\/international-weeks\/\" \/>\n<meta property=\"og:locale\" content=\"ca_ES\" \/>\n<meta property=\"og:type\" content=\"article\" \/>\n<meta property=\"og:title\" content=\"ERASMUS+ formaci\u00f3: Setmanes internacionals - Internacionalitzaci\u00f3 i Cooperaci\u00f3\" \/>\n<meta property=\"og:description\" content=\"Diversas universidades organizan semanas internacionales de car\u00e1cter formativo o docente para PDI Y PAS de la UMH a lo largo de todo el a\u00f1o.\" \/>\n<meta property=\"og:url\" content=\"https:\/\/internacional.umh.es\/movilidad\/pas\/international-weeks\/\" \/>\n<meta property=\"og:site_name\" content=\"Internacionalitzaci\u00f3 i Cooperaci\u00f3\" \/>\n<meta property=\"article:modified_time\" content=\"2023-06-19T06:40:21+00:00\" \/>\n<meta property=\"og:image\" content=\"https:\/\/internacional.umh.es\/files\/2023\/05\/UMHStaffWeekIV_wallpaper-300x169.png\" \/>\n<meta name=\"twitter:card\" content=\"summary_large_image\" \/>\n<meta name=\"twitter:label1\" content=\"Est. reading time\" \/>\n\t<meta name=\"twitter:data1\" content=\"2 minuts\" \/>\n<script type=\"application\/ld+json\" class=\"yoast-schema-graph\">{\"@context\":\"https:\/\/schema.org\",\"@graph\":[{\"@type\":\"WebSite\",\"@id\":\"https:\/\/internacional.umh.es\/en\/#website\",\"url\":\"https:\/\/internacional.umh.es\/en\/\",\"name\":\"Internacionalitzaci\\u00f3 i Cooperaci\\u00f3\",\"description\":\"Universitat Miguel Hern\\u00e1ndez d&#039;Elx\",\"potentialAction\":[{\"@type\":\"SearchAction\",\"target\":{\"@type\":\"EntryPoint\",\"urlTemplate\":\"https:\/\/internacional.umh.es\/en\/?s={search_term_string}\"},\"query-input\":\"required name=search_term_string\"}],\"inLanguage\":\"ca\"},{\"@type\":\"ImageObject\",\"@id\":\"https:\/\/internacional.umh.es\/movilidad\/pas\/international-weeks\/#primaryimage\",\"inLanguage\":\"ca\",\"url\":\"https:\/\/internacional.umh.es\/files\/2023\/05\/UMHStaffWeekIV_wallpaper.png\",\"contentUrl\":\"https:\/\/internacional.umh.es\/files\/2023\/05\/UMHStaffWeekIV_wallpaper.png\",\"width\":1706,\"height\":960,\"caption\":\"Wallpaper (2Mb. 1706 x 960 px.) PNG\"},{\"@type\":\"WebPage\",\"@id\":\"https:\/\/internacional.umh.es\/movilidad\/pas\/international-weeks\/#webpage\",\"url\":\"https:\/\/internacional.umh.es\/movilidad\/pas\/international-weeks\/\",\"name\":\"ERASMUS+ formaci\\u00f3: Setmanes internacionals - Internacionalitzaci\\u00f3 i Cooperaci\\u00f3\",\"isPartOf\":{\"@id\":\"https:\/\/internacional.umh.es\/en\/#website\"},\"primaryImageOfPage\":{\"@id\":\"https:\/\/internacional.umh.es\/movilidad\/pas\/international-weeks\/#primaryimage\"},\"datePublished\":\"2015-01-23T08:53:14+00:00\",\"dateModified\":\"2023-06-19T06:40:21+00:00\",\"description\":\"Diversas universidades organizan semanas internacionales de car\\u00e1cter formativo o docente para PDI Y PAS de la UMH a lo largo de todo el a\\u00f1o.\",\"breadcrumb\":{\"@id\":\"https:\/\/internacional.umh.es\/movilidad\/pas\/international-weeks\/#breadcrumb\"},\"inLanguage\":\"ca\",\"potentialAction\":[{\"@type\":\"ReadAction\",\"target\":[\"https:\/\/internacional.umh.es\/movilidad\/pas\/international-weeks\/\"]}]},{\"@type\":\"BreadcrumbList\",\"@id\":\"https:\/\/internacional.umh.es\/movilidad\/pas\/international-weeks\/#breadcrumb\",\"itemListElement\":[{\"@type\":\"ListItem\",\"position\":1,\"name\":\"Home\",\"item\":\"https:\/\/internacional.umh.es\/en\/\"},{\"@type\":\"ListItem\",\"position\":2,\"name\":\"MOBILITY\",\"item\":\"https:\/\/internacional.umh.es\/en\/movilidad\/\"},{\"@type\":\"ListItem\",\"position\":3,\"name\":\"PTGAS\",\"item\":\"https:\/\/internacional.umh.es\/movilidad\/pas\/\"},{\"@type\":\"ListItem\",\"position\":4,\"name\":\"(Espa\\u00f1ol) ERASMUS+ formaci\\u00f3n: Semanas internacionales\"}]}]}<\/script>\n<!-- \/ Yoast SEO plugin. -->","yoast_head_json":{"description":"Diversas universidades organizan semanas internacionales de car\u00e1cter formativo o docente para PDI Y PAS de la UMH a lo largo de todo el a\u00f1o.","robots":{"index":"index","follow":"follow","max-snippet":"max-snippet:-1","max-image-preview":"max-image-preview:large","max-video-preview":"max-video-preview:-1"},"canonical":"https:\/\/internacional.umh.es\/ca\/movilidad\/pas\/international-weeks\/","og_locale":"ca_ES","og_type":"article","og_title":"ERASMUS+ formaci\u00f3: Setmanes internacionals - Internacionalitzaci\u00f3 i Cooperaci\u00f3","og_description":"Diversas universidades organizan semanas internacionales de car\u00e1cter formativo o docente para PDI Y PAS de la UMH a lo largo de todo el a\u00f1o.","og_url":"https:\/\/internacional.umh.es\/movilidad\/pas\/international-weeks\/","og_site_name":"Internacionalitzaci\u00f3 i Cooperaci\u00f3","article_modified_time":"2023-06-19T06:40:21+00:00","og_image":[{"url":"https:\/\/internacional.umh.es\/files\/2023\/05\/UMHStaffWeekIV_wallpaper-300x169.png"}],"twitter_card":"summary_large_image","twitter_misc":{"Est. reading time":"2 minuts"},"schema":{"@context":"https:\/\/schema.org","@graph":[{"@type":"WebSite","@id":"https:\/\/internacional.umh.es\/en\/#website","url":"https:\/\/internacional.umh.es\/en\/","name":"Internacionalitzaci\u00f3 i Cooperaci\u00f3","description":"Universitat Miguel Hern\u00e1ndez d&#039;Elx","potentialAction":[{"@type":"SearchAction","target":{"@type":"EntryPoint","urlTemplate":"https:\/\/internacional.umh.es\/en\/?s={search_term_string}"},"query-input":"required name=search_term_string"}],"inLanguage":"ca"},{"@type":"ImageObject","@id":"https:\/\/internacional.umh.es\/movilidad\/pas\/international-weeks\/#primaryimage","inLanguage":"ca","url":"https:\/\/internacional.umh.es\/files\/2023\/05\/UMHStaffWeekIV_wallpaper.png","contentUrl":"https:\/\/internacional.umh.es\/files\/2023\/05\/UMHStaffWeekIV_wallpaper.png","width":1706,"height":960,"caption":"Wallpaper (2Mb. 1706 x 960 px.) PNG"},{"@type":"WebPage","@id":"https:\/\/internacional.umh.es\/movilidad\/pas\/international-weeks\/#webpage","url":"https:\/\/internacional.umh.es\/movilidad\/pas\/international-weeks\/","name":"ERASMUS+ formaci\u00f3: Setmanes internacionals - Internacionalitzaci\u00f3 i Cooperaci\u00f3","isPartOf":{"@id":"https:\/\/internacional.umh.es\/en\/#website"},"primaryImageOfPage":{"@id":"https:\/\/internacional.umh.es\/movilidad\/pas\/international-weeks\/#primaryimage"},"datePublished":"2015-01-23T08:53:14+00:00","dateModified":"2023-06-19T06:40:21+00:00","description":"Diversas universidades organizan semanas internacionales de car\u00e1cter formativo o docente para PDI Y PAS de la UMH a lo largo de todo el a\u00f1o.","breadcrumb":{"@id":"https:\/\/internacional.umh.es\/movilidad\/pas\/international-weeks\/#breadcrumb"},"inLanguage":"ca","potentialAction":[{"@type":"ReadAction","target":["https:\/\/internacional.umh.es\/movilidad\/pas\/international-weeks\/"]}]},{"@type":"BreadcrumbList","@id":"https:\/\/internacional.umh.es\/movilidad\/pas\/international-weeks\/#breadcrumb","itemListElement":[{"@type":"ListItem","position":1,"name":"Home","item":"https:\/\/internacional.umh.es\/en\/"},{"@type":"ListItem","position":2,"name":"MOBILITY","item":"https:\/\/internacional.umh.es\/en\/movilidad\/"},{"@type":"ListItem","position":3,"name":"PTGAS","item":"https:\/\/internacional.umh.es\/movilidad\/pas\/"},{"@type":"ListItem","position":4,"name":"(Espa\u00f1ol) ERASMUS+ formaci\u00f3n: Semanas internacionales"}]}]}},"_links":{"self":[{"href":"https:\/\/internacional.umh.es\/ca\/wp-json\/wp\/v2\/pages\/2165"}],"collection":[{"href":"https:\/\/internacional.umh.es\/ca\/wp-json\/wp\/v2\/pages"}],"about":[{"href":"https:\/\/internacional.umh.es\/ca\/wp-json\/wp\/v2\/types\/page"}],"author":[{"embeddable":true,"href":"https:\/\/internacional.umh.es\/ca\/wp-json\/wp\/v2\/users\/30"}],"replies":[{"embeddable":true,"href":"https:\/\/internacional.umh.es\/ca\/wp-json\/wp\/v2\/comments?post=2165"}],"version-history":[{"count":0,"href":"https:\/\/internacional.umh.es\/ca\/wp-json\/wp\/v2\/pages\/2165\/revisions"}],"up":[{"embeddable":true,"href":"https:\/\/internacional.umh.es\/ca\/wp-json\/wp\/v2\/pages\/171"}],"wp:attachment":[{"href":"https:\/\/internacional.umh.es\/ca\/wp-json\/wp\/v2\/media?parent=2165"}],"curies":[{"name":"wp","href":"https:\/\/api.w.org\/{rel}","templated":true}]}}