{"id":22444,"date":"2021-09-14T12:27:49","date_gmt":"2021-09-14T10:27:49","guid":{"rendered":"https:\/\/internacional.umh.es\/?page_id=22444"},"modified":"2022-12-14T10:26:36","modified_gmt":"2022-12-14T09:26:36","slug":"premios-solidarios-en-los-que-participen-estudiantes-de-la-umh","status":"publish","type":"page","link":"https:\/\/internacional.umh.es\/ca\/cooperacion-y-voluntariado\/premios-solidarios-en-los-que-participen-estudiantes-de-la-umh\/","title":{"rendered":"<span lang=\"es\">(Espa\u00f1ol) PREMIOS SOLIDARIOS EN LOS QUE PARTICIPEN ESTUDIANTES DE LA UMH<\/span>"},"content":{"rendered":"<p class=\"qtranxs-available-languages-message qtranxs-available-languages-message-ca\">Ho sent, per\u00f2 aquesta entrada nom\u00e9s est\u00e0 disponible en <a href=\"https:\/\/internacional.umh.es\/es\/wp-json\/wp\/v2\/pages\/22444\" class=\"qtranxs-available-language-link qtranxs-available-language-link-es\" title=\"Espa\u00f1ol\">Espanyol Europeu<\/a>.<\/p>","protected":false},"excerpt":{"rendered":"<p>Ho sent, per\u00f2 aquesta entrada nom\u00e9s est\u00e0 disponible en Espanyol Europeu.<\/p>\n","protected":false},"author":5216,"featured_media":0,"parent":3982,"menu_order":0,"comment_status":"closed","ping_status":"closed","template":"","meta":{"ngg_post_thumbnail":0,"_links_to":"","_links_to_target":""},"yoast_head":"<!-- This site is optimized with the Yoast SEO plugin v17.5 - https:\/\/yoast.com\/wordpress\/plugins\/seo\/ -->\n<meta name=\"robots\" content=\"index, follow, max-snippet:-1, max-image-preview:large, max-video-preview:-1\" \/>\n<link rel=\"canonical\" href=\"https:\/\/internacional.umh.es\/ca\/cooperacion-y-voluntariado\/premios-solidarios-en-los-que-participen-estudiantes-de-la-umh\/\" \/>\n<meta property=\"og:locale\" content=\"ca_ES\" \/>\n<meta property=\"og:type\" content=\"article\" \/>\n<meta property=\"og:title\" content=\"(Espa\u00f1ol) PREMIOS SOLIDARIOS EN LOS QUE PARTICIPEN ESTUDIANTES DE LA UMH - Internacionalitzaci\u00f3 i Cooperaci\u00f3\" \/>\n<meta property=\"og:description\" content=\"Ho sent, per\u00f2 aquesta entrada nom\u00e9s est\u00e0 disponible en Espanyol Europeu.\" \/>\n<meta property=\"og:url\" content=\"https:\/\/internacional.umh.es\/ca\/cooperacion-y-voluntariado\/premios-solidarios-en-los-que-participen-estudiantes-de-la-umh\/\" \/>\n<meta property=\"og:site_name\" content=\"Internacionalitzaci\u00f3 i Cooperaci\u00f3\" \/>\n<meta property=\"article:modified_time\" content=\"2022-12-14T09:26:36+00:00\" \/>\n<meta property=\"og:image\" content=\"https:\/\/internacional.umh.es\/files\/2021\/09\/Publicaciones-Instagram-11-300x300.png\" \/>\n<meta name=\"twitter:card\" content=\"summary_large_image\" \/>\n<meta name=\"twitter:label1\" content=\"Est. reading time\" \/>\n\t<meta name=\"twitter:data1\" content=\"1 minut\" \/>\n<script type=\"application\/ld+json\" class=\"yoast-schema-graph\">{\"@context\":\"https:\/\/schema.org\",\"@graph\":[{\"@type\":\"WebSite\",\"@id\":\"https:\/\/internacional.umh.es\/en\/#website\",\"url\":\"https:\/\/internacional.umh.es\/en\/\",\"name\":\"Internacionalitzaci\\u00f3 i Cooperaci\\u00f3\",\"description\":\"Universitat Miguel Hern\\u00e1ndez d&#039;Elx\",\"potentialAction\":[{\"@type\":\"SearchAction\",\"target\":{\"@type\":\"EntryPoint\",\"urlTemplate\":\"https:\/\/internacional.umh.es\/en\/?s={search_term_string}\"},\"query-input\":\"required name=search_term_string\"}],\"inLanguage\":\"ca\"},{\"@type\":\"ImageObject\",\"@id\":\"https:\/\/internacional.umh.es\/ca\/cooperacion-y-voluntariado\/premios-solidarios-en-los-que-participen-estudiantes-de-la-umh\/#primaryimage\",\"inLanguage\":\"ca\",\"url\":\"https:\/\/internacional.umh.es\/files\/2021\/09\/Publicaciones-Instagram-11.png\",\"contentUrl\":\"https:\/\/internacional.umh.es\/files\/2021\/09\/Publicaciones-Instagram-11.png\",\"width\":1080,\"height\":1080,\"caption\":\"Premios a proyectos solidarios estudiantes UMH\"},{\"@type\":\"WebPage\",\"@id\":\"https:\/\/internacional.umh.es\/ca\/cooperacion-y-voluntariado\/premios-solidarios-en-los-que-participen-estudiantes-de-la-umh\/#webpage\",\"url\":\"https:\/\/internacional.umh.es\/ca\/cooperacion-y-voluntariado\/premios-solidarios-en-los-que-participen-estudiantes-de-la-umh\/\",\"name\":\"<span lang=\\\"es\\\">(Espa\\u00f1ol) PREMIOS SOLIDARIOS EN LOS QUE PARTICIPEN ESTUDIANTES DE LA UMH - Internacionalitzaci\\u00f3 i Cooperaci\\u00f3<\/span>\",\"isPartOf\":{\"@id\":\"https:\/\/internacional.umh.es\/en\/#website\"},\"primaryImageOfPage\":{\"@id\":\"https:\/\/internacional.umh.es\/ca\/cooperacion-y-voluntariado\/premios-solidarios-en-los-que-participen-estudiantes-de-la-umh\/#primaryimage\"},\"datePublished\":\"2021-09-14T10:27:49+00:00\",\"dateModified\":\"2022-12-14T09:26:36+00:00\",\"breadcrumb\":{\"@id\":\"https:\/\/internacional.umh.es\/ca\/cooperacion-y-voluntariado\/premios-solidarios-en-los-que-participen-estudiantes-de-la-umh\/#breadcrumb\"},\"inLanguage\":\"ca\",\"potentialAction\":[{\"@type\":\"ReadAction\",\"target\":[\"https:\/\/internacional.umh.es\/ca\/cooperacion-y-voluntariado\/premios-solidarios-en-los-que-participen-estudiantes-de-la-umh\/\"]}]},{\"@type\":\"BreadcrumbList\",\"@id\":\"https:\/\/internacional.umh.es\/ca\/cooperacion-y-voluntariado\/premios-solidarios-en-los-que-participen-estudiantes-de-la-umh\/#breadcrumb\",\"itemListElement\":[{\"@type\":\"ListItem\",\"position\":1,\"name\":\"Home\",\"item\":\"https:\/\/internacional.umh.es\/en\/\"},{\"@type\":\"ListItem\",\"position\":2,\"name\":\"COOPERACI\\u00d3 I VOLUNTARIAT\",\"item\":\"https:\/\/internacional.umh.es\/ca\/cooperacion-y-voluntariado\/\"},{\"@type\":\"ListItem\",\"position\":3,\"name\":\"(Espa\\u00f1ol) PREMIOS SOLIDARIOS EN LOS QUE PARTICIPEN ESTUDIANTES DE LA UMH\"}]}]}<\/script>\n<!-- \/ Yoast SEO plugin. -->","yoast_head_json":{"robots":{"index":"index","follow":"follow","max-snippet":"max-snippet:-1","max-image-preview":"max-image-preview:large","max-video-preview":"max-video-preview:-1"},"canonical":"https:\/\/internacional.umh.es\/ca\/cooperacion-y-voluntariado\/premios-solidarios-en-los-que-participen-estudiantes-de-la-umh\/","og_locale":"ca_ES","og_type":"article","og_title":"(Espa\u00f1ol) PREMIOS SOLIDARIOS EN LOS QUE PARTICIPEN ESTUDIANTES DE LA UMH - Internacionalitzaci\u00f3 i Cooperaci\u00f3","og_description":"Ho sent, per\u00f2 aquesta entrada nom\u00e9s est\u00e0 disponible en Espanyol Europeu.","og_url":"https:\/\/internacional.umh.es\/ca\/cooperacion-y-voluntariado\/premios-solidarios-en-los-que-participen-estudiantes-de-la-umh\/","og_site_name":"Internacionalitzaci\u00f3 i Cooperaci\u00f3","article_modified_time":"2022-12-14T09:26:36+00:00","og_image":[{"url":"https:\/\/internacional.umh.es\/files\/2021\/09\/Publicaciones-Instagram-11-300x300.png"}],"twitter_card":"summary_large_image","twitter_misc":{"Est. reading time":"1 minut"},"schema":{"@context":"https:\/\/schema.org","@graph":[{"@type":"WebSite","@id":"https:\/\/internacional.umh.es\/en\/#website","url":"https:\/\/internacional.umh.es\/en\/","name":"Internacionalitzaci\u00f3 i Cooperaci\u00f3","description":"Universitat Miguel Hern\u00e1ndez d&#039;Elx","potentialAction":[{"@type":"SearchAction","target":{"@type":"EntryPoint","urlTemplate":"https:\/\/internacional.umh.es\/en\/?s={search_term_string}"},"query-input":"required name=search_term_string"}],"inLanguage":"ca"},{"@type":"ImageObject","@id":"https:\/\/internacional.umh.es\/ca\/cooperacion-y-voluntariado\/premios-solidarios-en-los-que-participen-estudiantes-de-la-umh\/#primaryimage","inLanguage":"ca","url":"https:\/\/internacional.umh.es\/files\/2021\/09\/Publicaciones-Instagram-11.png","contentUrl":"https:\/\/internacional.umh.es\/files\/2021\/09\/Publicaciones-Instagram-11.png","width":1080,"height":1080,"caption":"Premios a proyectos solidarios estudiantes UMH"},{"@type":"WebPage","@id":"https:\/\/internacional.umh.es\/ca\/cooperacion-y-voluntariado\/premios-solidarios-en-los-que-participen-estudiantes-de-la-umh\/#webpage","url":"https:\/\/internacional.umh.es\/ca\/cooperacion-y-voluntariado\/premios-solidarios-en-los-que-participen-estudiantes-de-la-umh\/","name":"<span lang=\"es\">(Espa\u00f1ol) PREMIOS SOLIDARIOS EN LOS QUE PARTICIPEN ESTUDIANTES DE LA UMH - Internacionalitzaci\u00f3 i Cooperaci\u00f3<\/span>","isPartOf":{"@id":"https:\/\/internacional.umh.es\/en\/#website"},"primaryImageOfPage":{"@id":"https:\/\/internacional.umh.es\/ca\/cooperacion-y-voluntariado\/premios-solidarios-en-los-que-participen-estudiantes-de-la-umh\/#primaryimage"},"datePublished":"2021-09-14T10:27:49+00:00","dateModified":"2022-12-14T09:26:36+00:00","breadcrumb":{"@id":"https:\/\/internacional.umh.es\/ca\/cooperacion-y-voluntariado\/premios-solidarios-en-los-que-participen-estudiantes-de-la-umh\/#breadcrumb"},"inLanguage":"ca","potentialAction":[{"@type":"ReadAction","target":["https:\/\/internacional.umh.es\/ca\/cooperacion-y-voluntariado\/premios-solidarios-en-los-que-participen-estudiantes-de-la-umh\/"]}]},{"@type":"BreadcrumbList","@id":"https:\/\/internacional.umh.es\/ca\/cooperacion-y-voluntariado\/premios-solidarios-en-los-que-participen-estudiantes-de-la-umh\/#breadcrumb","itemListElement":[{"@type":"ListItem","position":1,"name":"Home","item":"https:\/\/internacional.umh.es\/en\/"},{"@type":"ListItem","position":2,"name":"COOPERACI\u00d3 I VOLUNTARIAT","item":"https:\/\/internacional.umh.es\/ca\/cooperacion-y-voluntariado\/"},{"@type":"ListItem","position":3,"name":"(Espa\u00f1ol) PREMIOS SOLIDARIOS EN LOS QUE PARTICIPEN ESTUDIANTES DE LA UMH"}]}]}},"_links":{"self":[{"href":"https:\/\/internacional.umh.es\/ca\/wp-json\/wp\/v2\/pages\/22444"}],"collection":[{"href":"https:\/\/internacional.umh.es\/ca\/wp-json\/wp\/v2\/pages"}],"about":[{"href":"https:\/\/internacional.umh.es\/ca\/wp-json\/wp\/v2\/types\/page"}],"author":[{"embeddable":true,"href":"https:\/\/internacional.umh.es\/ca\/wp-json\/wp\/v2\/users\/5216"}],"replies":[{"embeddable":true,"href":"https:\/\/internacional.umh.es\/ca\/wp-json\/wp\/v2\/comments?post=22444"}],"version-history":[{"count":0,"href":"https:\/\/internacional.umh.es\/ca\/wp-json\/wp\/v2\/pages\/22444\/revisions"}],"up":[{"embeddable":true,"href":"https:\/\/internacional.umh.es\/ca\/wp-json\/wp\/v2\/pages\/3982"}],"wp:attachment":[{"href":"https:\/\/internacional.umh.es\/ca\/wp-json\/wp\/v2\/media?parent=22444"}],"curies":[{"name":"wp","href":"https:\/\/api.w.org\/{rel}","templated":true}]}}