{"id":22495,"date":"2021-09-15T14:08:27","date_gmt":"2021-09-15T12:08:27","guid":{"rendered":"https:\/\/internacional.umh.es\/?page_id=22495"},"modified":"2025-05-29T09:38:25","modified_gmt":"2025-05-29T07:38:25","slug":"otras-ayudas","status":"publish","type":"page","link":"https:\/\/internacional.umh.es\/ca\/internacionalizacion\/otras-ayudas\/","title":{"rendered":"Altres ajudes"},"content":{"rendered":"<p><\/p>\n<h3><strong>Beques Ivace Internacionalitzaci\u00f3+Innovaci\u00f3 per a l&#8217;exercici 2023-24<\/strong><\/h3>\n<p>L&#8217;objectiu <strong><\/strong> \u00e9s especialitzar a joves en estrat\u00e8gies digitals per a la internacionalitzaci\u00f3, at\u00e9s que les empreses demanden aquest tipus de perfils perqu\u00e8 s\u00f3n m\u00e9s que mai necessaris.<\/p>\n<p>Les beques <strong>combinen<\/strong>:<\/p>\n<ul>\n<li><b>Formaci\u00f3 te\u00f2rica<\/b> aplicant la innovaci\u00f3 al proc\u00e9s d&#8217;internacionalitzaci\u00f3, models que engloben tant el m\u00e0rqueting digital, com a gesti\u00f3 de dades i business intelligence per a la internacionalitzaci\u00f3 i la sostenibilitat.<\/li>\n<li><b>Formaci\u00f3 pr\u00e0ctica<\/b> en empreses i entitats capdavanteres en l&#8217;\u00e0mbit de la internacionalitzaci\u00f3 digital.<\/li>\n<\/ul>\n<p><b>Dirigides a <\/b>persones <strong>menors de 30 anys<\/strong> que estiguen en possessi\u00f3 de:<\/p>\n<ul>\n<li>Titulaci\u00f3 universit\u00e0ria de grau superior.<\/li>\n<li>Titulaci\u00f3 de formaci\u00f3 professional de grau superior de les fam\u00edlies de comer\u00e7 i m\u00e0rqueting, o d&#8217;inform\u00e0tica i comunicacions.<\/li>\n<li><a href=\"https:\/\/urldefense.com\/v3\/__https:\/\/sede.ivace.es\/sede\/entrada?prdsd=BESOBE&amp;prhst=SEDE&amp;IDGUC=22488&amp;app=BESOBE__;!!D9dNQwwGXtA!UcEuR8UsyGZWZtoGYYusLU3oowz7hQphdUi3oov2rs5FQGGUesmIwqj6JH-v37634g_FjSJqfy3wSW1RknfyCthF7qtv_Ifckg$\" target=\"_blank\" rel=\"noopener\" data-saferedirecturl=\"https:\/\/www.google.com\/url?q=https:\/\/urldefense.com\/v3\/__https:\/\/sede.ivace.es\/sede\/entrada?prdsd%3DBESOBE%26prhst%3DSEDE%26IDGUC%3D22488%26app%3DBESOBE__;!!D9dNQwwGXtA!UcEuR8UsyGZWZtoGYYusLU3oowz7hQphdUi3oov2rs5FQGGUesmIwqj6JH-v37634g_FjSJqfy3wSW1RknfyCthF7qtv_Ifckg$&amp;source=gmail&amp;ust=1686388874393000&amp;usg=AOvVaw13oc1i8lmlKv-toA8FSzk4\" title=\"Ho veur\u00e0s en una nova finestra\"><b> Accedeix a la sol\u00b7licitud de manera en l\u00ednia a trav\u00e9s de la SOL\u00b7LICITUD<\/b><\/a><\/li>\n<\/ul>\n<hr>\n<h3><strong>Curs intensiu en l\u00ednia d&#8217;itali\u00e0 &#8211; Centre d&#8217;Idiomes UMH<\/strong><\/h3>\n<p><span style=\"color: #000000\"><strong>(08\/06\/23): <\/strong><\/span>El Centre d&#8217;Idiomes de la UMH presenta un <a href=\"https:\/\/www.idiomasumh.es\/es\/italiano\/italiano-intensivo target=_blank\" title=\"Ho veur\u00e0s en una nova finestra\"><strong>curs intensiu en l\u00ednia de 32 hores<\/strong> durant el mes de <strong>juliol de 2023,<\/strong><\/a> dissenyat per a <strong>iniciar-se en l&#8217;idioma itali\u00e0: <em>livello Elementare <\/em><\/strong>(A2 i primeres pinzellades del nivell B1). L&#8217;objectiu de curs \u00e9s gaudir de classes din\u00e0miques, d&#8217;aprenentatge cooperatiu i interacci\u00f3 (en parelles i grups), i millorar la teua compet\u00e8ncia comunicativa, tant a nivell oral com escrit, d&#8217;acord amb les directrius del Marc europeu com\u00fa de refer\u00e8ncia per a les Lleng\u00fces.<\/p>\n<ul>\n<li>Pots apuntar-te al curs, <strong>sigues o no de la Comunitat UMH.<\/strong><\/li>\n<li>Es far\u00e0 un <strong>recorregut de les 4 destreses de l&#8217;idioma<\/strong> (comprensi\u00f3 oral i escrita, expressi\u00f3 oral i escrita), parant atenci\u00f3 a aspectes gramaticals i de vocabulari de cada nivell.<\/li>\n<li>M\u00ednim 10 estudiants i m\u00e0xim 12.<\/li>\n<li>223\u20ac tarifa general i 201\u20ac tarifa amb descompte.<\/li>\n<li>Pots matricular-te <strong>fins a les 14:00h del dilluns 26 de juny de 2023<\/strong> (o fins que es completen les places oferides).<\/li>\n<li><a href=\"https:\/\/www.idiomasumh.es\/es\/italiano\" title=\"Ho veur\u00e0s en una nova finestra\" target=\"_blank\" rel=\"noopener\">Amplia informaci\u00f3 sobre els cursos d&#8217;itali\u00e0 oferits pel Centre d&#8217;Idiomes UMH<\/a><\/li>\n<\/ul>\n<hr>\n<h3><strong>Convocat\u00f2ria del Programa de Beques Santander Idiomes. Any 2021.<\/strong><\/h3>\n<p><span style=\"color: #ff0000\"><strong><span style=\"color: #000000\">(21\/02\/2022):<\/span> <\/strong><\/span><span style=\"text-align: justify\">El Vicerectorat d&#8217;Internacionalitzaci\u00f3 i Cooperaci\u00f3 publica el llistat definitiu d&#8217;altres ajudes concedides de la convocat\u00f2ria del Programa <\/span><strong style=\"text-align: justify\"> de Beques Santander Idiomes. Any 2021.<\/strong><\/p>\n<p><strong>Consultar llistat:<\/strong><\/p>\n<ul>\n<li><a title=\"Ho veur\u00e0s en una nova finestra\" href=\"https:\/\/internacional.umh.es\/files\/2022\/02\/publicado-boumh.rr_00553_2022.pdf\" target=\"_blank\" rel=\"noopener\">Llistat definitiu d&#8217;ajudes concedides (222Kb .pdf)<\/a><\/li>\n<\/ul>\n<hr>\n<p style=\"text-align: justify\"><strong>ANTERIOR (24\/01\/2022): <\/strong> El Vicerectorat d&#8217;Internacionalitzaci\u00f3 i Cooperaci\u00f3 publica el llistat provisional d&#8217;altres ajudes concedides de la convocat\u00f2ria del Programa <strong> de Beques Santander Idiomes. Any 2021.<\/strong><\/p>\n<p><strong>Consultar llistat:<\/strong><\/p>\n<ul>\n<li><a title=\"Ho veur\u00e0s en una nova finestra\" href=\"https:\/\/internacional.umh.es\/files\/2022\/01\/Publicado.-adju.-provisional.1062711740M1642762239184R.pdf\" target=\"_blank\" rel=\"noopener\"> Llistat provisional d&#8217;altres ajudes concedides (215Kb .pdf)<\/a><\/li>\n<li><a title=\"Ho veur\u00e0s en una nova finestra\" href=\"https:\/\/internacional.umh.es\/files\/2022\/01\/Publicacion-BOUMH-Listado-definitivo-de-solicitudes-admitidas-y-excluidas.pdf\" target=\"_blank\" rel=\"noopener\">Llistat definitiu de sol\u00b7licituds admeses i excloses (226Kb .pdf)<\/a><\/li>\n<\/ul>\n<p style=\"text-align: justify\">Les persones interessades disposen fins al 4 <strong> de febrer per a presentar al\u00b7legacions.<\/strong> <a title=\"Ho veur\u00e0s en una nova finestra\" href=\"https:\/\/sede.umh.es\/ca\" target=\"_blank\" rel=\"noopener\" data-saferedirecturl=\"https:\/\/www.google.com\/url?q=https:\/\/sede.umh.es\/&amp;source=gmail&amp;ust=1643100635526000&amp;usg=AOvVaw32SPfUVv8cwTMqFlqsycE2\"><strong>El tr\u00e0mit es realitzar\u00e0 a trav\u00e9s de la seu electr\u00f2nica<\/strong><\/a><\/p>\n<hr>\n<p style=\"text-align: justify\"><strong>ANTERIOR (07\/12\/2021):<\/strong> El Vicerectorat d&#8217;Internacionalitzaci\u00f3 i Cooperaci\u00f3 publica el llistat provisional de sol\u00b7licituds admeses, excloses i pendents d&#8217;esmenar de la convocat\u00f2ria del Programa <strong> de Beques Santander Idiomes. Any 2021.<\/strong><\/p>\n<p>Pots consultar el llistat a continuaci\u00f3:<\/p>\n<ul>\n<li><strong><a title=\"Ho veur\u00e0s en una nova finestra\" href=\"https:\/\/internacional.umh.es\/files\/2021\/12\/Publicado.-Listado-provisi-solici-admit-exclu-y-pendi.-38488104R.pdf\" target=\"_blank\" rel=\"noopener\">Llistat de solitudes admeses, exclosa i pendent d&#8217;esmenar (247Kb .pdf)<\/a><\/strong><\/li>\n<\/ul>\n<p style=\"text-align: justify\">Les persones interessades disposen fins al 22 <strong> de desembre per a esmenar sol\u00b7licituds o presentar al\u00b7legacions<\/strong>. <a href=\"https:\/\/sede.umh.es\/\" target=\"_blank\" rel=\"noopener\" data-saferedirecturl=\"https:\/\/www.google.com\/url?q=https:\/\/sede.umh.es\/&amp;source=gmail&amp;ust=1638970701316000&amp;usg=AOvVaw3xR5GznbknL-dNPnlK7Bfr\"><b>L&#8217;esmena es realitzar\u00e0 a trav\u00e9s de la seu electr\u00f2nica<\/b><\/a><\/p>\n<hr>\n<p style=\"text-align: justify\"><strong> ANTERIOR (14\/09\/2021)<\/strong>: El nombre de beques a convocar \u00e9s de 170 per a promoure i millorar els coneixements d&#8217;angl\u00e9s, tant de manera general com de manera especialitzada, de l&#8217;estudiantat de grau de la Universitat Miguel Hern\u00e1ndez d&#8217;Elx.<\/p>\n<ul>\n<li><strong><a title=\"Ho veur\u00e0s en una nova finestra\" href=\"https:\/\/internacional.umh.es\/files\/2021\/09\/Publicada-convo.RR_03976_2021.pdf\" target=\"_blank\" rel=\"noopener\">Text complet de la convocat\u00f2ria (543Kb .pdf)<\/a><\/strong><\/li>\n<li><strong><a title=\"Ho veur\u00e0s en una nova finestra\" href=\"https:\/\/internacional.umh.es\/files\/2021\/10\/Publicada-en-DOGV.2021_9838.pdf\" target=\"_blank\" rel=\"noopener noreferrer\">Publicaci\u00f3 en el DOGV (275Kb .pdf)<\/a><\/strong><\/li>\n<\/ul>\n<p>Amb aquest programa de beques es pret\u00e9n impulsar i enfortir la formaci\u00f3 de l&#8217;idioma a nivell professional i aconseguir que els estudiants compten amb les compet\u00e8ncies necess\u00e0ries per a desenvolupar la seua professi\u00f3 en angl\u00e9s.<\/p>\n<p><strong>Modalitat A:<\/strong> Beques per al programa IRIS UMH Premium. Aquest programa suposa un refor\u00e7 en una de les principals compet\u00e8ncies de l&#8217;idioma: l&#8217;expressi\u00f3 oral. Aquest refor\u00e7 s&#8217;executar\u00e0 amb classes setmanals d&#8217;1 hora en grups redu\u00efts de 4 a 6 persones.<\/p>\n<ul>\n<li>la beca inclou la matr\u00edcula per al programa IRIS UMH PREMIUM<\/li>\n<li>l&#8217;Inici del curs ser\u00e0 al novembre 2021 amb una sessi\u00f3 a la setmana d&#8217;1 hora<\/li>\n<li>el curs es realitzar\u00e0 en la modalitat en l\u00ednia<\/li>\n<\/ul>\n<p style=\"text-align: justify\"><strong>Modalitat B:<\/strong> Beques per als tres cursos d&#8217;angl\u00e9s especialitzat que ofereix el Centre d&#8217;Idiomes UMH. Aquestes formacions suposen dotar a l&#8217;estudiantat de compet\u00e8ncies professionals en angl\u00e9s perqu\u00e8 puguen desembolicar-se en eixe idioma per a desenvolupar el seu treball.<\/p>\n<ul>\n<li>la beca inclou la matr\u00edcula per a un dels tres cursos d&#8217;angl\u00e9s especialitzat oferits pel Centre d&#8217;Idiomes UMH<\/li>\n<li>l&#8217;inici dels cursos ser\u00e0 al novembre amb dues sessions a la setmana d&#8217;1 hora cadascuna<\/li>\n<li>el curs es realitzar\u00e0 en la modalitat en l\u00ednia<\/li>\n<\/ul>\n<p>El termini de presentaci\u00f3 ser\u00e0 fins al 26 <strong> d&#8217;octubre de 2021.<\/strong><\/p>\n<p style=\"text-align: justify\">Les sol\u00b7licituds s&#8217;han de <strong>presentar, degudament emplenades i signades<\/strong>, <strong>mitjan\u00e7ant el formulari disponible<\/strong> dirigides al Servei de Relacions Internacionals, Cooperaci\u00f3 al Desenvolupament i Voluntariat (consultar model) <a title=\"Ho veur\u00e0s en una nova finestra\" href=\"https:\/\/sede.umh.es\/procedimientos\/instancia-general\/\" target=\"_blank\" rel=\"noopener\" data-saferedirecturl=\"https:\/\/www.google.com\/url?q=https:\/\/sede.umh.es\/procedimientos\/instancia-general\/&amp;source=gmail&amp;ust=1631793614954000&amp;usg=AFQjCNF-Dgp6lwmBe3lgdbTGK2MSHB0A5g\"><strong>a trav\u00e9s de la Seu Electr\u00f2nica de la UMH<\/strong><\/a>, juntament amb la seg\u00fcent documentaci\u00f3:<\/p>\n<ol>\n<li>Sol\u00b7licitud signada: <a title=\"Ho veur\u00e0s en una nova finestra\" href=\"https:\/\/internacional.umh.es\/files\/2021\/09\/Modelo-de-Solicitud-Ingl\u00e9s-1.docx\" target=\"_blank\" rel=\"noopener\">model de Sol\u00b7licitud Ingl\u00e9s (90,2Kb .docx) <\/a><\/li>\n<li>Acreditaci\u00f3 de matr\u00edcula en la UMH 2021\/2022<\/li>\n<li>C\u00f2pia de l&#8217;extracte sense validesa acad\u00e8mica<\/li>\n<li>Certificat d&#8217;haver realitzat una mobilitat internacional (certificat d&#8217;estada), si \u00e9s el cas<\/li>\n<li>Certificat acreditatiu de coneixements d&#8217;angl\u00e9s<\/li>\n<\/ol>\n<p style=\"text-align: justify\">Paral\u00b7lelament, els sol\u00b7licitants hauran de registrar la seua sol\u00b7licitud <strong>a trav\u00e9s de la plataforma del Banc Santander<\/strong> prevista per al Programa de Beques Santander IDIOMES en la seg\u00fcent adre\u00e7a:<\/p>\n<ul>\n<li>Per a la modalitat A:<br \/>\n<a title=\"Ho veur\u00e0s en una nova finestra\" href=\"http:\/\/app.becas-santander.com\/program\/becas-santander-idiomas-ingles-iris-umh-premium\" target=\"_blank\" rel=\"noopener\" data-saferedirecturl=\"https:\/\/www.google.com\/url?q=http:\/\/app.becas-santander.com\/program\/becas-santander-idiomas-ingles-iris-umh-premium&amp;source=gmail&amp;ust=1631793614954000&amp;usg=AFQjCNGh7bDlpnpzVDQ4FY4-xFgABcm3RA\">app.becas-santander.com\/program\/becas-santander-idiomas-ingles-iris-umh-premium<\/a><\/li>\n<li>Per a la modalitat B:<br \/>\n<a title=\"Ho veur\u00e0s en una nova finestra\" href=\"http:\/\/app.becas-santander.com\/program\/becas-santander-idiomas-ingles-especializado\" target=\"_blank\" rel=\"noopener\" data-saferedirecturl=\"https:\/\/www.google.com\/url?q=http:\/\/app.becas-santander.com\/program\/becas-santander-idiomas-ingles-especializado&amp;source=gmail&amp;ust=1631793614954000&amp;usg=AFQjCNHo3QnryzyS8Ww8-WdGLmkKaGKupA\">app.becas-santander.com\/program\/becas-santander-idiomas-ingles-especializado<\/a><\/li>\n<\/ul>\n<p>&nbsp;<br \/>\n<strong>Passos a seguir per a presentar la sol\u00b7licitud a trav\u00e9s de la Seu Electr\u00f2nica:<\/strong><\/p>\n<ol>\n<li>Clicar a \u201c<strong>Tramitar<\/strong>\u201d.<\/li>\n<li>Introduir <strong>usuari<\/strong> i <strong>contrasenya<\/strong> d&#8217;estudiant UMH<\/li>\n<li>Emplenar les <strong>dades personals<\/strong> en cas de faltar alguna dada.<\/li>\n<li>Quan es carregue la \u00abInst\u00e0ncia general\u00bb, en l&#8217;apartat \u201cSol\u00b7licitud\u201d triar en el camp <strong>\u201cDirigit a\u201d: el Servei de Relacions Internacionals, Cooperaci\u00f3 al Desenvolupament i Voluntariat.<\/strong><br \/>\n\u2013 En el camp \u201cExposa-Sol\u00b7licita\u201d: indicar el motius de la petici\u00f3\u201d.<\/li>\n<li>Adjuntar sol\u00b7licitud emplenada i signada.<\/li>\n<li>Clicar a \u201c<strong>Presentar en Registre\u201d.<\/strong><\/li>\n<\/ol>\n<p><\/p>\n<h4><strong>Per a m\u00e9s informaci\u00f3: <\/strong><\/h4>\n<p><strong>Centre d&#8217;Idiomes<\/strong><br \/>\nAvinguda de la Universitat, s\/n<br \/>\n03202 &#8211; Elx<br \/>\nTel\u00e8fon: + 34 965 454 567<br \/>\nE-mail: <a title=\"Ho veur\u00e0s en una nova finestra\" href=\"mailto:info@idiomasumh.es\" target=\"_blank\" rel=\"noopener\">info@idiomasumh.es<\/a><br \/>\nI en les p\u00e0gines web <a title=\"Ho veur\u00e0s en una nova finestra\" href=\"http:\/\/idiomasumh.es\/va\" target=\"_blank\" rel=\"noopener\">idiomasumh.es<\/a><\/p>\n<p>&nbsp;<\/p>","protected":false},"excerpt":{"rendered":"<p>Beques Ivace Internacionalitzaci\u00f3+Innovaci\u00f3 per a l&#8217;exercici 2023-24<br \/>\nL&#8217;objectiu  \u00e9s especialitzar a joves en estrat\u00e8gies digitals per a la internacionalitzaci\u00f3, at\u00e9s que les empreses demanden aquest tipus de perfils perqu\u00e8 s\u00f3n m\u00e9s que mai necessaris.<br \/>\nLes beques combinen:<\/p>\n<p>Formaci\u00f3 te\u00f2rica aplicant la innovaci\u00f3 al proc\u00e9s d&#8217;internacionalitzaci\u00f3, models que engloben tant el m\u00e0rqueting digital, com a gesti\u00f3 de dades [&#8230;]<\/p>\n","protected":false},"author":5216,"featured_media":0,"parent":2740,"menu_order":8,"comment_status":"closed","ping_status":"closed","template":"","meta":{"ngg_post_thumbnail":0,"_links_to":"","_links_to_target":""},"yoast_head":"<!-- This site is optimized with the Yoast SEO plugin v17.5 - https:\/\/yoast.com\/wordpress\/plugins\/seo\/ -->\n<meta name=\"description\" content=\"Otras ayudas, becas y programas de movilidad de internacionalizaci\u00f3n que el Vicerrectorado de Relaciones Internacionales publica al a\u00f1o.\" \/>\n<meta name=\"robots\" content=\"index, follow, max-snippet:-1, max-image-preview:large, max-video-preview:-1\" \/>\n<link rel=\"canonical\" href=\"https:\/\/internacional.umh.es\/ca\/internacionalizacion\/otras-ayudas\/\" \/>\n<meta property=\"og:locale\" content=\"ca_ES\" \/>\n<meta property=\"og:type\" content=\"article\" \/>\n<meta property=\"og:title\" content=\"Altres ajudes - Internacionalitzaci\u00f3 i Cooperaci\u00f3\" \/>\n<meta property=\"og:description\" content=\"Otras ayudas, becas y programas de movilidad de internacionalizaci\u00f3n que el Vicerrectorado de Relaciones Internacionales publica al a\u00f1o.\" \/>\n<meta property=\"og:url\" content=\"https:\/\/internacional.umh.es\/en\/internacionalizacion\/otras-ayudas\/\" \/>\n<meta property=\"og:site_name\" content=\"Internacionalitzaci\u00f3 i Cooperaci\u00f3\" \/>\n<meta property=\"article:modified_time\" content=\"2025-05-29T07:38:25+00:00\" \/>\n<meta name=\"twitter:card\" content=\"summary_large_image\" \/>\n<meta name=\"twitter:label1\" content=\"Est. reading time\" \/>\n\t<meta name=\"twitter:data1\" content=\"4 minuts\" \/>\n<script type=\"application\/ld+json\" class=\"yoast-schema-graph\">{\"@context\":\"https:\/\/schema.org\",\"@graph\":[{\"@type\":\"WebSite\",\"@id\":\"https:\/\/internacional.umh.es\/en\/#website\",\"url\":\"https:\/\/internacional.umh.es\/en\/\",\"name\":\"Internacionalitzaci\\u00f3 i Cooperaci\\u00f3\",\"description\":\"Universitat Miguel Hern\\u00e1ndez d&#039;Elx\",\"potentialAction\":[{\"@type\":\"SearchAction\",\"target\":{\"@type\":\"EntryPoint\",\"urlTemplate\":\"https:\/\/internacional.umh.es\/en\/?s={search_term_string}\"},\"query-input\":\"required name=search_term_string\"}],\"inLanguage\":\"ca\"},{\"@type\":\"WebPage\",\"@id\":\"https:\/\/internacional.umh.es\/en\/internacionalizacion\/otras-ayudas\/#webpage\",\"url\":\"https:\/\/internacional.umh.es\/en\/internacionalizacion\/otras-ayudas\/\",\"name\":\"Altres ajudes - Internacionalitzaci\\u00f3 i Cooperaci\\u00f3\",\"isPartOf\":{\"@id\":\"https:\/\/internacional.umh.es\/en\/#website\"},\"datePublished\":\"2021-09-15T12:08:27+00:00\",\"dateModified\":\"2025-05-29T07:38:25+00:00\",\"description\":\"Otras ayudas, becas y programas de movilidad de internacionalizaci\\u00f3n que el Vicerrectorado de Relaciones Internacionales publica al a\\u00f1o.\",\"breadcrumb\":{\"@id\":\"https:\/\/internacional.umh.es\/en\/internacionalizacion\/otras-ayudas\/#breadcrumb\"},\"inLanguage\":\"ca\",\"potentialAction\":[{\"@type\":\"ReadAction\",\"target\":[\"https:\/\/internacional.umh.es\/en\/internacionalizacion\/otras-ayudas\/\"]}]},{\"@type\":\"BreadcrumbList\",\"@id\":\"https:\/\/internacional.umh.es\/en\/internacionalizacion\/otras-ayudas\/#breadcrumb\",\"itemListElement\":[{\"@type\":\"ListItem\",\"position\":1,\"name\":\"Home\",\"item\":\"https:\/\/internacional.umh.es\/en\/\"},{\"@type\":\"ListItem\",\"position\":2,\"name\":\"INTERNATIONALIZATION\",\"item\":\"https:\/\/internacional.umh.es\/en\/internacionalizacion\/\"},{\"@type\":\"ListItem\",\"position\":3,\"name\":\"Other grants\"}]}]}<\/script>\n<!-- \/ Yoast SEO plugin. -->","yoast_head_json":{"description":"Otras ayudas, becas y programas de movilidad de internacionalizaci\u00f3n que el Vicerrectorado de Relaciones Internacionales publica al a\u00f1o.","robots":{"index":"index","follow":"follow","max-snippet":"max-snippet:-1","max-image-preview":"max-image-preview:large","max-video-preview":"max-video-preview:-1"},"canonical":"https:\/\/internacional.umh.es\/ca\/internacionalizacion\/otras-ayudas\/","og_locale":"ca_ES","og_type":"article","og_title":"Altres ajudes - Internacionalitzaci\u00f3 i Cooperaci\u00f3","og_description":"Otras ayudas, becas y programas de movilidad de internacionalizaci\u00f3n que el Vicerrectorado de Relaciones Internacionales publica al a\u00f1o.","og_url":"https:\/\/internacional.umh.es\/en\/internacionalizacion\/otras-ayudas\/","og_site_name":"Internacionalitzaci\u00f3 i Cooperaci\u00f3","article_modified_time":"2025-05-29T07:38:25+00:00","twitter_card":"summary_large_image","twitter_misc":{"Est. reading time":"4 minuts"},"schema":{"@context":"https:\/\/schema.org","@graph":[{"@type":"WebSite","@id":"https:\/\/internacional.umh.es\/en\/#website","url":"https:\/\/internacional.umh.es\/en\/","name":"Internacionalitzaci\u00f3 i Cooperaci\u00f3","description":"Universitat Miguel Hern\u00e1ndez d&#039;Elx","potentialAction":[{"@type":"SearchAction","target":{"@type":"EntryPoint","urlTemplate":"https:\/\/internacional.umh.es\/en\/?s={search_term_string}"},"query-input":"required name=search_term_string"}],"inLanguage":"ca"},{"@type":"WebPage","@id":"https:\/\/internacional.umh.es\/en\/internacionalizacion\/otras-ayudas\/#webpage","url":"https:\/\/internacional.umh.es\/en\/internacionalizacion\/otras-ayudas\/","name":"Altres ajudes - Internacionalitzaci\u00f3 i Cooperaci\u00f3","isPartOf":{"@id":"https:\/\/internacional.umh.es\/en\/#website"},"datePublished":"2021-09-15T12:08:27+00:00","dateModified":"2025-05-29T07:38:25+00:00","description":"Otras ayudas, becas y programas de movilidad de internacionalizaci\u00f3n que el Vicerrectorado de Relaciones Internacionales publica al a\u00f1o.","breadcrumb":{"@id":"https:\/\/internacional.umh.es\/en\/internacionalizacion\/otras-ayudas\/#breadcrumb"},"inLanguage":"ca","potentialAction":[{"@type":"ReadAction","target":["https:\/\/internacional.umh.es\/en\/internacionalizacion\/otras-ayudas\/"]}]},{"@type":"BreadcrumbList","@id":"https:\/\/internacional.umh.es\/en\/internacionalizacion\/otras-ayudas\/#breadcrumb","itemListElement":[{"@type":"ListItem","position":1,"name":"Home","item":"https:\/\/internacional.umh.es\/en\/"},{"@type":"ListItem","position":2,"name":"INTERNATIONALIZATION","item":"https:\/\/internacional.umh.es\/en\/internacionalizacion\/"},{"@type":"ListItem","position":3,"name":"Other grants"}]}]}},"_links":{"self":[{"href":"https:\/\/internacional.umh.es\/ca\/wp-json\/wp\/v2\/pages\/22495"}],"collection":[{"href":"https:\/\/internacional.umh.es\/ca\/wp-json\/wp\/v2\/pages"}],"about":[{"href":"https:\/\/internacional.umh.es\/ca\/wp-json\/wp\/v2\/types\/page"}],"author":[{"embeddable":true,"href":"https:\/\/internacional.umh.es\/ca\/wp-json\/wp\/v2\/users\/5216"}],"replies":[{"embeddable":true,"href":"https:\/\/internacional.umh.es\/ca\/wp-json\/wp\/v2\/comments?post=22495"}],"version-history":[{"count":0,"href":"https:\/\/internacional.umh.es\/ca\/wp-json\/wp\/v2\/pages\/22495\/revisions"}],"up":[{"embeddable":true,"href":"https:\/\/internacional.umh.es\/ca\/wp-json\/wp\/v2\/pages\/2740"}],"wp:attachment":[{"href":"https:\/\/internacional.umh.es\/ca\/wp-json\/wp\/v2\/media?parent=22495"}],"curies":[{"name":"wp","href":"https:\/\/api.w.org\/{rel}","templated":true}]}}