{"id":2482,"date":"2015-07-23T09:22:25","date_gmt":"2015-07-23T07:22:25","guid":{"rendered":"http:\/\/internacional.umh.es\/?page_id=2482"},"modified":"2023-06-26T12:48:28","modified_gmt":"2023-06-26T10:48:28","slug":"global-umh","status":"publish","type":"page","link":"https:\/\/internacional.umh.es\/ca\/global-umh\/","title":{"rendered":"Global UMH"},"content":{"rendered":"<p><\/p>\n<p style=\"text-align: justify\"><img loading=\"lazy\" class=\"alignleft wp-image-16277\" title=\"Global UMH un nou concepte d'internacionalitzaci\u00f3 per a PAS, PDI i alumnes de la UMH\" src=\"https:\/\/internacional.umh.es\/files\/2020\/08\/Mapa-color-br\u00fajula-e1596710781746-300x165.png\" alt=\"Global UMH mapa il\u00b7lustraci\u00f3\" width=\"289\" height=\"159\" srcset=\"https:\/\/internacional.umh.es\/files\/2020\/08\/Mapa-color-br\u00fajula-e1596710781746-300x165.png 300w, https:\/\/internacional.umh.es\/files\/2020\/08\/Mapa-color-br\u00fajula-e1596710781746.png 567w\" sizes=\"(max-width: 289px) 100vw, 289px\" \/> Si eres o vas ser membre de la UMH (estudiant, Alumni, PDI o PAS) i vols <strong>compartir la teua experi\u00e8ncia internacional o de mobilitat<\/strong>, no dubtes a emplenar aquest senzill <a title=\"S'obrir\u00e0 Google form en una nova finestra\" href=\"http:\/\/goo.gl\/forms\/vUsZRvBmHp\" target=\"_blank\" rel=\"noopener noreferrer\">formulari (Castell\u00e0)<\/a> perqu\u00e8 ens posem en contacte amb tu. Participar en Global UMH ajuda a altres membres de la comunitat universit\u00e0ria a adquirir els coneixements necessaris abans de sol\u00b7licitar algun dels programes; a m\u00e9s, se&#8217;ls entregar\u00e0 un xicotet obsequi a tots els participants.<\/p>\n<h3><strong>Qui pot participar?<\/strong><\/h3>\n<ul>\n<li style=\"text-align: justify\">Tot membre de la UMH que gaudi o haja gaudit del programa Erasmus, Destino, SICUE; dels programes d&#8217;internacionalitzaci\u00f3 per a centres i facultats, Buddys, voluntaris a Ruanda o qualsevol altre programa o beca gestionat pel Vicerectorat de Relacions Internacionals, en qualsevol de les seues convocat\u00f2ries.<\/li>\n<li style=\"text-align: justify\">Estudiants, PDI o PAS<em><strong> incoming<\/strong><\/em> (membres d&#8217;altres universitats que estan o han visitat la UMH).<\/li>\n<\/ul>\n<h3><strong>On pots participar?<\/strong><\/h3>\n<p>Pots col\u00b7laborar amb nosaltres en un, diversos o tots els projectes que gestionem:<\/p>\n<ul>\n<li style=\"text-align: justify\"><strong><a title=\"Coneix les novetats de l'\u00faltim n\u00famero\" href=\"https:\/\/internacional.umh.es\/ca\/global-umh\/global-umh-revista\/\" rel=\"noopener noreferrer\">revista Global UMH<\/a><\/strong>, en la seua edici\u00f3 impresa i digital<\/li>\n<li style=\"text-align: justify\"><strong><a title=\"Escolta els podcast m\u00e9s recents\" href=\"https:\/\/internacional.umh.es\/ca\/global-umh\/global-umh-radio\/\" target=\"_blank\" rel=\"noopener noreferrer\">programa mensual de r\u00e0dio Global UMH<\/a><\/strong><\/li>\n<li style=\"text-align: justify\">apartat d&#8217;<a title=\"Coneix les viv\u00e8ncies dels estudiants de primera m\u00e0\" href=\"https:\/\/internacional.umh.es\/category\/experiencias\/\" rel=\"noopener noreferrer\"> <strong>Experi\u00e8ncies (Castell\u00e0)<\/strong><\/a> en la web<\/li>\n<li style=\"text-align: justify\">en altres projectes: v\u00eddeos, reportatges fotogr\u00e0fics&#8230;<\/li>\n<li style=\"text-align: justify\">en<strong> les nostres xarxes socials (@globalumh)<\/strong><\/li>\n<\/ul>\n<p>&nbsp;<br \/>\n<a href=\"https:\/\/www.facebook.com\/GlobalUMH\" title=\"Ho veur\u00e0s en una nova finestra\" target=\"_blank\" rel=\"https:\/\/www.facebook.com\/GlobalUMH\/ noopener noreferrer\"><img loading=\"lazy\" class=\"alignleft wp-image-23113 \" src=\"https:\/\/internacional.umh.es\/files\/2021\/11\/2-300x171.png\" alt=\"Facebook logo Global UMH\" width=\"151\" height=\"86\" srcset=\"https:\/\/internacional.umh.es\/files\/2021\/11\/2-300x171.png 300w, https:\/\/internacional.umh.es\/files\/2021\/11\/2.png 413w\" sizes=\"(max-width: 151px) 100vw, 151px\" \/><\/a><a href=\"https:\/\/www.instagram.com\/globalumh\/\" title=\"Ho veur\u00e0s en una nova finestra\" target=\"_blank\" rel=\"noopener noreferrer\"><img loading=\"lazy\" class=\"wp-image-23110 alignnone\" src=\"https:\/\/internacional.umh.es\/files\/2021\/11\/1-300x171.png\" alt=\"Instagram logo Global UMH\" width=\"151\" height=\"86\" srcset=\"https:\/\/internacional.umh.es\/files\/2021\/11\/1-300x171.png 300w, https:\/\/internacional.umh.es\/files\/2021\/11\/1.png 413w\" sizes=\"(max-width: 151px) 100vw, 151px\" \/><\/a><a href=\"https:\/\/twitter.com\/GlobalUMH\" title=\"Ho veur\u00e0s en una nova finestra\" target=\"_blank\" rel=\"https:\/\/twitter.com\/GlobalUMH noopener noreferrer\"><img loading=\"lazy\" class=\"alignleft wp-image-23116 \" src=\"https:\/\/internacional.umh.es\/files\/2021\/11\/3-300x171.png\" alt=\"Twitter logo\" width=\"151\" height=\"86\" srcset=\"https:\/\/internacional.umh.es\/files\/2021\/11\/3-300x171.png 300w, https:\/\/internacional.umh.es\/files\/2021\/11\/3.png 413w\" sizes=\"(max-width: 151px) 100vw, 151px\" \/><\/a><a href=\"https:\/\/www.youtube.com\/channel\/UC-YhTgu7_MXRB1Xxdd77ayQ\" target=\"_blank\" title=\"Ho veur\u00e0s en una nova finestra\" rel=\"noopener noreferrer\"><img loading=\"lazy\" class=\"alignleft wp-image-23119 \" src=\"https:\/\/internacional.umh.es\/files\/2021\/11\/4-300x171.png\" alt=\"YouTube logo\" width=\"151\" height=\"86\" srcset=\"https:\/\/internacional.umh.es\/files\/2021\/11\/4-300x171.png 300w, https:\/\/internacional.umh.es\/files\/2021\/11\/4.png 413w\" sizes=\"(max-width: 151px) 100vw, 151px\" \/><\/a><br \/>\n&nbsp;<\/p>\n<h3><strong>Com puc participar en Global UMH?<\/strong><\/h3>\n<p>Emplenant aquest senzill<strong><a title=\"Ho veur\u00e0s en una nova finestra\" href=\"http:\/\/goo.gl\/forms\/vUsZRvBmHp\" target=\"_blank\" rel=\"noopener noreferrer\"> formulari (Castell\u00e0).<\/a><\/strong> Nosaltres et contactarem per correu.<\/p>","protected":false},"excerpt":{"rendered":"<p> Si eres o vas ser membre de la UMH (estudiant, Alumni, PDI o PAS) i vols compartir la teua experi\u00e8ncia internacional o de mobilitat, no dubtes a emplenar aquest senzill formulari (Castell\u00e0) perqu\u00e8 ens posem en contacte amb tu. Participar en Global UMH ajuda a altres membres de la comunitat universit\u00e0ria a adquirir els [&#8230;]<\/p>\n","protected":false},"author":408,"featured_media":0,"parent":0,"menu_order":6,"comment_status":"closed","ping_status":"closed","template":"","meta":{"ngg_post_thumbnail":0,"_links_to":"","_links_to_target":""},"yoast_head":"<!-- This site is optimized with the Yoast SEO plugin v17.5 - https:\/\/yoast.com\/wordpress\/plugins\/seo\/ -->\n<meta name=\"description\" content=\"Si eres o fuiste miembro de la UMH (estudiante, Alumni, PDI o PAS) y quieres compartir tu experiencia de movilidad, contacta con Global UMH\" \/>\n<meta name=\"robots\" content=\"index, follow, max-snippet:-1, max-image-preview:large, max-video-preview:-1\" \/>\n<link rel=\"canonical\" href=\"https:\/\/internacional.umh.es\/ca\/global-umh\/\" \/>\n<meta property=\"og:locale\" content=\"ca_ES\" \/>\n<meta property=\"og:type\" content=\"article\" \/>\n<meta property=\"og:title\" content=\"Global UMH - Internacionalitzaci\u00f3 i Cooperaci\u00f3\" \/>\n<meta property=\"og:description\" content=\"Si eres o fuiste miembro de la UMH (estudiante, Alumni, PDI o PAS) y quieres compartir tu experiencia de movilidad, contacta con Global UMH\" \/>\n<meta property=\"og:url\" content=\"https:\/\/internacional.umh.es\/en\/global-umh\/\" \/>\n<meta property=\"og:site_name\" content=\"Internacionalitzaci\u00f3 i Cooperaci\u00f3\" \/>\n<meta property=\"article:modified_time\" content=\"2023-06-26T10:48:28+00:00\" \/>\n<meta property=\"og:image\" content=\"https:\/\/internacional.umh.es\/files\/2020\/08\/Mapa-color-br\u00fajula-e1596710781746-300x165.png\" \/>\n<meta name=\"twitter:card\" content=\"summary_large_image\" \/>\n<meta name=\"twitter:label1\" content=\"Est. reading time\" \/>\n\t<meta name=\"twitter:data1\" content=\"2 minuts\" \/>\n<script type=\"application\/ld+json\" class=\"yoast-schema-graph\">{\"@context\":\"https:\/\/schema.org\",\"@graph\":[{\"@type\":\"WebSite\",\"@id\":\"https:\/\/internacional.umh.es\/en\/#website\",\"url\":\"https:\/\/internacional.umh.es\/en\/\",\"name\":\"Internacionalitzaci\\u00f3 i Cooperaci\\u00f3\",\"description\":\"Universitat Miguel Hern\\u00e1ndez d&#039;Elx\",\"potentialAction\":[{\"@type\":\"SearchAction\",\"target\":{\"@type\":\"EntryPoint\",\"urlTemplate\":\"https:\/\/internacional.umh.es\/en\/?s={search_term_string}\"},\"query-input\":\"required name=search_term_string\"}],\"inLanguage\":\"ca\"},{\"@type\":\"ImageObject\",\"@id\":\"https:\/\/internacional.umh.es\/en\/global-umh\/#primaryimage\",\"inLanguage\":\"ca\",\"url\":\"https:\/\/internacional.umh.es\/files\/2020\/08\/Mapa-color-br\\u00fajula-e1596710781746.png\",\"contentUrl\":\"https:\/\/internacional.umh.es\/files\/2020\/08\/Mapa-color-br\\u00fajula-e1596710781746.png\",\"width\":567,\"height\":311},{\"@type\":\"WebPage\",\"@id\":\"https:\/\/internacional.umh.es\/en\/global-umh\/#webpage\",\"url\":\"https:\/\/internacional.umh.es\/en\/global-umh\/\",\"name\":\"Global UMH - Internacionalitzaci\\u00f3 i Cooperaci\\u00f3\",\"isPartOf\":{\"@id\":\"https:\/\/internacional.umh.es\/en\/#website\"},\"primaryImageOfPage\":{\"@id\":\"https:\/\/internacional.umh.es\/en\/global-umh\/#primaryimage\"},\"datePublished\":\"2015-07-23T07:22:25+00:00\",\"dateModified\":\"2023-06-26T10:48:28+00:00\",\"description\":\"Si eres o fuiste miembro de la UMH (estudiante, Alumni, PDI o PAS) y quieres compartir tu experiencia de movilidad, contacta con Global UMH\",\"breadcrumb\":{\"@id\":\"https:\/\/internacional.umh.es\/en\/global-umh\/#breadcrumb\"},\"inLanguage\":\"ca\",\"potentialAction\":[{\"@type\":\"ReadAction\",\"target\":[\"https:\/\/internacional.umh.es\/en\/global-umh\/\"]}]},{\"@type\":\"BreadcrumbList\",\"@id\":\"https:\/\/internacional.umh.es\/en\/global-umh\/#breadcrumb\",\"itemListElement\":[{\"@type\":\"ListItem\",\"position\":1,\"name\":\"Home\",\"item\":\"https:\/\/internacional.umh.es\/en\/\"},{\"@type\":\"ListItem\",\"position\":2,\"name\":\"Global UMH\"}]}]}<\/script>\n<!-- \/ Yoast SEO plugin. -->","yoast_head_json":{"description":"Si eres o fuiste miembro de la UMH (estudiante, Alumni, PDI o PAS) y quieres compartir tu experiencia de movilidad, contacta con Global UMH","robots":{"index":"index","follow":"follow","max-snippet":"max-snippet:-1","max-image-preview":"max-image-preview:large","max-video-preview":"max-video-preview:-1"},"canonical":"https:\/\/internacional.umh.es\/ca\/global-umh\/","og_locale":"ca_ES","og_type":"article","og_title":"Global UMH - Internacionalitzaci\u00f3 i Cooperaci\u00f3","og_description":"Si eres o fuiste miembro de la UMH (estudiante, Alumni, PDI o PAS) y quieres compartir tu experiencia de movilidad, contacta con Global UMH","og_url":"https:\/\/internacional.umh.es\/en\/global-umh\/","og_site_name":"Internacionalitzaci\u00f3 i Cooperaci\u00f3","article_modified_time":"2023-06-26T10:48:28+00:00","og_image":[{"url":"https:\/\/internacional.umh.es\/files\/2020\/08\/Mapa-color-br\u00fajula-e1596710781746-300x165.png"}],"twitter_card":"summary_large_image","twitter_misc":{"Est. reading time":"2 minuts"},"schema":{"@context":"https:\/\/schema.org","@graph":[{"@type":"WebSite","@id":"https:\/\/internacional.umh.es\/en\/#website","url":"https:\/\/internacional.umh.es\/en\/","name":"Internacionalitzaci\u00f3 i Cooperaci\u00f3","description":"Universitat Miguel Hern\u00e1ndez d&#039;Elx","potentialAction":[{"@type":"SearchAction","target":{"@type":"EntryPoint","urlTemplate":"https:\/\/internacional.umh.es\/en\/?s={search_term_string}"},"query-input":"required name=search_term_string"}],"inLanguage":"ca"},{"@type":"ImageObject","@id":"https:\/\/internacional.umh.es\/en\/global-umh\/#primaryimage","inLanguage":"ca","url":"https:\/\/internacional.umh.es\/files\/2020\/08\/Mapa-color-br\u00fajula-e1596710781746.png","contentUrl":"https:\/\/internacional.umh.es\/files\/2020\/08\/Mapa-color-br\u00fajula-e1596710781746.png","width":567,"height":311},{"@type":"WebPage","@id":"https:\/\/internacional.umh.es\/en\/global-umh\/#webpage","url":"https:\/\/internacional.umh.es\/en\/global-umh\/","name":"Global UMH - Internacionalitzaci\u00f3 i Cooperaci\u00f3","isPartOf":{"@id":"https:\/\/internacional.umh.es\/en\/#website"},"primaryImageOfPage":{"@id":"https:\/\/internacional.umh.es\/en\/global-umh\/#primaryimage"},"datePublished":"2015-07-23T07:22:25+00:00","dateModified":"2023-06-26T10:48:28+00:00","description":"Si eres o fuiste miembro de la UMH (estudiante, Alumni, PDI o PAS) y quieres compartir tu experiencia de movilidad, contacta con Global UMH","breadcrumb":{"@id":"https:\/\/internacional.umh.es\/en\/global-umh\/#breadcrumb"},"inLanguage":"ca","potentialAction":[{"@type":"ReadAction","target":["https:\/\/internacional.umh.es\/en\/global-umh\/"]}]},{"@type":"BreadcrumbList","@id":"https:\/\/internacional.umh.es\/en\/global-umh\/#breadcrumb","itemListElement":[{"@type":"ListItem","position":1,"name":"Home","item":"https:\/\/internacional.umh.es\/en\/"},{"@type":"ListItem","position":2,"name":"Global UMH"}]}]}},"_links":{"self":[{"href":"https:\/\/internacional.umh.es\/ca\/wp-json\/wp\/v2\/pages\/2482"}],"collection":[{"href":"https:\/\/internacional.umh.es\/ca\/wp-json\/wp\/v2\/pages"}],"about":[{"href":"https:\/\/internacional.umh.es\/ca\/wp-json\/wp\/v2\/types\/page"}],"author":[{"embeddable":true,"href":"https:\/\/internacional.umh.es\/ca\/wp-json\/wp\/v2\/users\/408"}],"replies":[{"embeddable":true,"href":"https:\/\/internacional.umh.es\/ca\/wp-json\/wp\/v2\/comments?post=2482"}],"version-history":[{"count":0,"href":"https:\/\/internacional.umh.es\/ca\/wp-json\/wp\/v2\/pages\/2482\/revisions"}],"wp:attachment":[{"href":"https:\/\/internacional.umh.es\/ca\/wp-json\/wp\/v2\/media?parent=2482"}],"curies":[{"name":"wp","href":"https:\/\/api.w.org\/{rel}","templated":true}]}}