{"id":2484,"date":"2015-07-23T09:40:28","date_gmt":"2015-07-23T07:40:28","guid":{"rendered":"http:\/\/internacional.umh.es\/?page_id=2484"},"modified":"2024-12-20T15:57:44","modified_gmt":"2024-12-20T14:57:44","slug":"global-umh-revista","status":"publish","type":"page","link":"https:\/\/internacional.umh.es\/ca\/global-umh\/global-umh-revista\/","title":{"rendered":"Global UMH Revista"},"content":{"rendered":"<p><\/p>\n<p style=\"text-align: justify\"><img loading=\"lazy\" class=\"alignleft wp-image-16277 size-medium\" title=\"Global UMH \u00e9s la resposta de difusi\u00f3 de la internacionalitzaci\u00f3 de la UMH per a la comunitat universit\u00e0ria\" src=\"https:\/\/internacional.umh.es\/files\/2020\/08\/Mapa-color-br\u00fajula-e1596710781746-300x165.png\" alt=\"Global UMH revista logo\" width=\"300\" height=\"165\" srcset=\"https:\/\/internacional.umh.es\/files\/2020\/08\/Mapa-color-br\u00fajula-e1596710781746-300x165.png 300w, https:\/\/internacional.umh.es\/files\/2020\/08\/Mapa-color-br\u00fajula-e1596710781746.png 567w\" sizes=\"(max-width: 300px) 100vw, 300px\" \/>La revista &#8216;Global UMH&#8217; \u00e9s una publicaci\u00f3 semestral que recull les activitats m\u00e9s destacades del Vicerectorat de Relacions Internacionals i del <a href=\"https:\/\/internacional.umh.es\/ca\/\" title=\"Coneix les novetats del Servei de RR.II. de la UMH\">Servei de Relacions Internacionals i Cooperaci\u00f3 al Desenvolupament i Voluntariat.<\/a><\/p>\n<p style=\"text-align: justify\">La publicaci\u00f3 compta amb una <strong>versi\u00f3 en paper que ja ha sigut presentada als responsables dels centres<\/strong> de la UMH i una <a title=\"Ho veur\u00e0s en una nova finestra\" href=\"https:\/\/issuu.com\/globalumh\" target=\"_blank\" rel=\"noopener noreferrer\">versi\u00f3 <em>en l\u00ednia<\/em><\/a> que pot ser consultada des de qualsevol dispositiu i en qualsevol lloc.<\/p>\n<p style=\"text-align: justify\">Global UMH revista est\u00e0 editada en <strong>dos idiomes: espanyol i angl\u00e9s.<\/strong> L&#8217;objectiu \u00e9s que la publicaci\u00f3 es configure com una <strong>carta de presentaci\u00f3<\/strong> perqu\u00e8 els membres de la UMH que acudisquen a universitats estrangeres puguen mostrar els serveis de la nostra universitat; d&#8217;igual manera, el personal d&#8217;altres universitats que visite la UMH podr\u00e0 disposar de la informaci\u00f3 rellevant sobre la UMH i consultar-la amb una sola ullada. Els continguts tamb\u00e9 inclouen <strong>testimoniatges dels estudiants, professors i personal de la UMH que heu participat compartint les vostres experi\u00e8ncies.<\/strong><\/p>\n<h3><strong>Global UMH. N\u00ba 8<\/strong><\/h3>\n<p><iframe title=\"Global UMH N\u00ba8\" src=\"https:\/\/e.issuu.com\/embed.html?u=globalumh&#038;d=proyecto_revista_sin\" style=\"border:none; width: 500px; height: 383px;\" allow=\"clipboard-write,allow-top-navigation,allow-top-navigation-by-user-activation,allow-downloads,allow-scripts,allow-same-origin,allow-popups,allow-modals,allow-popups-to-escape-sandbox,allow-forms\"  allowfullscreen=\"true\"><\/iframe><\/p>\n<p><a href=\"https:\/\/internacional.umh.es\/files\/2022\/11\/PROYECTO-REVISTA-sin.pdf\" title=\"Ho veur\u00e0s en una nova finestra\" target=\"_blank\" rel=\"noopener\">Descarrega el pdf de la revista punxant ac\u00ed (30 Mb .pdf)<\/a><\/p>\n<h3><strong>Global UMH. N\u00fam. 7<\/strong><\/h3>\n<p><iframe title=\"GLOBAL UMH N\u00ba7\" src=\"https:\/\/e.issuu.com\/embed.html?u=globalumh&#038;d=global_umh_n_7\" style=\"border:none; width: 500px; height: 383px;\" allow=\"clipboard-write,allow-top-navigation,allow-top-navigation-by-user-activation,allow-downloads,allow-scripts,allow-same-origin,allow-popups,allow-modals,allow-popups-to-escape-sandbox,allow-forms\"  allowfullscreen=\"true\"><\/iframe><\/p>\n<h3><strong>Global UMH. N\u00fam. 6<\/strong><\/h3>\n<p><iframe title=\"GLOBAL UMH N\u00ba6\" src=\"https:\/\/e.issuu.com\/embed.html?u=globalumh&#038;d=global_20umh_206\" style=\"border:none; width: 500px; height: 383px;\" allow=\"clipboard-write,allow-top-navigation,allow-top-navigation-by-user-activation,allow-downloads,allow-scripts,allow-same-origin,allow-popups,allow-modals,allow-popups-to-escape-sandbox,allow-forms\"  allowfullscreen=\"true\"><\/iframe><\/p>\n<h3><strong>Global UMH. N\u00fam. 5<\/strong><\/h3>\n<p><iframe title=\"Global UMH 5\" src=\"https:\/\/e.issuu.com\/embed.html?u=globalumh&#038;d=global_umh_issuu\" style=\"border:none; width: 500px; height: 383px;\" allow=\"clipboard-write,allow-top-navigation,allow-top-navigation-by-user-activation,allow-downloads,allow-scripts,allow-same-origin,allow-popups,allow-modals,allow-popups-to-escape-sandbox,allow-forms\"  allowfullscreen=\"true\"><\/iframe><\/p>\n<h3><strong>Global UMH. N\u00fam. 4<\/strong><\/h3>\n<p><iframe title=\"Global UMH 4\" src=\"https:\/\/e.issuu.com\/embed.html?u=globalumh&#038;d=global_umh_4_issuu\" style=\"border:none; width: 500px; height: 383px;\" allow=\"clipboard-write,allow-top-navigation,allow-top-navigation-by-user-activation,allow-downloads,allow-scripts,allow-same-origin,allow-popups,allow-modals,allow-popups-to-escape-sandbox,allow-forms\"  allowfullscreen=\"true\"><\/iframe><\/p>\n<h3><strong>Global UMH. N\u00fam. 3<\/strong><\/h3>\n<p><iframe title=\"Global UMH 3\" src=\"https:\/\/e.issuu.com\/embed.html?u=globalumh&#038;d=global-umh-3\" style=\"border:none; width: 500px; height: 383px;\" allow=\"clipboard-write,allow-top-navigation,allow-top-navigation-by-user-activation,allow-downloads,allow-scripts,allow-same-origin,allow-popups,allow-modals,allow-popups-to-escape-sandbox,allow-forms\"  allowfullscreen=\"true\"><\/iframe><\/p>\n<h3><strong>Global UMH. N\u00fam. 2<\/strong><\/h3>\n<p><iframe title=\"Global UMH 2\" src=\"https:\/\/e.issuu.com\/embed.html?u=globalumh&#038;d=globalumh2\" style=\"border:none; width: 500px; height: 383px;\" allow=\"clipboard-write,allow-top-navigation,allow-top-navigation-by-user-activation,allow-downloads,allow-scripts,allow-same-origin,allow-popups,allow-modals,allow-popups-to-escape-sandbox,allow-forms\"  allowfullscreen=\"true\"><\/iframe><\/p>\n<h3><strong>Global UMH. N\u00fam. 1<\/strong><\/h3>\n<p><iframe title=\"Global UMH\" src=\"https:\/\/e.issuu.com\/embed.html?u=globalumh&#038;d=globalumh\" style=\"border:none; width: 500px; height: 383px;\" allow=\"clipboard-write,allow-top-navigation,allow-top-navigation-by-user-activation,allow-downloads,allow-scripts,allow-same-origin,allow-popups,allow-modals,allow-popups-to-escape-sandbox,allow-forms\"  allowfullscreen=\"true\"><\/iframe><\/p>\n<p style=\"text-align: justify\">Si vols participar en noves edicions, pots escriure&#8217;ns a <a title=\"Ho veur\u00e0s en una nova finestra\" href=\"mailto:global@goumh.umh.es\">global@goumh.umh.es.<\/a> Si eres de la UMH i has gaudit d&#8217;algun programa de mobilitat, has assistit com a voluntari a Ruanda, has iniciat accions d&#8217;internacionalitzaci\u00f3 o tens algun projecte que t&#8217;agradaria difondre, aquesta \u00e9s la teua revista. La publicaci\u00f3 est\u00e0 accessible per a tots els usuaris <a title=\"Ho veur\u00e0s en una nova finestra\" href=\"http:\/\/issuu.com\/globalumh\/docs\/globalumh\" target=\"_blank\" rel=\"noopener noreferrer\">a trav\u00e9s del nostre compte Issuu.<\/a><\/p>\n<p style=\"text-align: justify\"><em>Des d&#8217;ac\u00ed, el nostre m\u00e9s sincer agra\u00efment a tots els que heu fet possible els diferents n\u00fameros concedint entrevistes, enviant testimoniatges, acudint als actes organitzats o adjuntant-nos fotografies.<\/em><\/p>\n<p><\/p>","protected":false},"excerpt":{"rendered":"<p>La revista &#8216;Global UMH&#8217; \u00e9s una publicaci\u00f3 semestral que recull les activitats m\u00e9s destacades del Vicerectorat de Relacions Internacionals i del Servei de Relacions Internacionals i Cooperaci\u00f3 al Desenvolupament i Voluntariat.<br \/>\nLa publicaci\u00f3 compta amb una versi\u00f3 en paper que ja ha sigut presentada als responsables dels centres de la UMH i una versi\u00f3 en l\u00ednia [&#8230;]<\/p>\n","protected":false},"author":3296,"featured_media":0,"parent":2482,"menu_order":2,"comment_status":"closed","ping_status":"closed","template":"","meta":{"ngg_post_thumbnail":0,"_links_to":"","_links_to_target":""},"yoast_head":"<!-- This site is optimized with the Yoast SEO plugin v17.5 - https:\/\/yoast.com\/wordpress\/plugins\/seo\/ -->\n<meta name=\"description\" content=\"La Global UMH revista recoge las actividades destacadas del Servicio de Relaciones Internacionales y Cooperaci\u00f3n al Desarrollo y Voluntariado\" \/>\n<meta name=\"robots\" content=\"index, follow, max-snippet:-1, max-image-preview:large, max-video-preview:-1\" \/>\n<link rel=\"canonical\" href=\"https:\/\/internacional.umh.es\/ca\/global-umh\/global-umh-revista\/\" \/>\n<meta property=\"og:locale\" content=\"ca_ES\" \/>\n<meta property=\"og:type\" content=\"article\" \/>\n<meta property=\"og:title\" content=\"Global UMH Revista - Internacionalitzaci\u00f3 i Cooperaci\u00f3\" \/>\n<meta property=\"og:description\" content=\"La Global UMH revista recoge las actividades destacadas del Servicio de Relaciones Internacionales y Cooperaci\u00f3n al Desarrollo y Voluntariado\" \/>\n<meta property=\"og:url\" content=\"https:\/\/internacional.umh.es\/en\/global-umh\/global-umh-revista\/\" \/>\n<meta property=\"og:site_name\" content=\"Internacionalitzaci\u00f3 i Cooperaci\u00f3\" \/>\n<meta property=\"article:modified_time\" content=\"2024-12-20T14:57:44+00:00\" \/>\n<meta property=\"og:image\" content=\"https:\/\/internacional.umh.es\/files\/2020\/08\/Mapa-color-br\u00fajula-e1596710781746-300x165.png\" \/>\n<meta name=\"twitter:card\" content=\"summary_large_image\" \/>\n<meta name=\"twitter:label1\" content=\"Est. reading time\" \/>\n\t<meta name=\"twitter:data1\" content=\"3 minuts\" \/>\n<script type=\"application\/ld+json\" class=\"yoast-schema-graph\">{\"@context\":\"https:\/\/schema.org\",\"@graph\":[{\"@type\":\"WebSite\",\"@id\":\"https:\/\/internacional.umh.es\/en\/#website\",\"url\":\"https:\/\/internacional.umh.es\/en\/\",\"name\":\"Internacionalitzaci\\u00f3 i Cooperaci\\u00f3\",\"description\":\"Universitat Miguel Hern\\u00e1ndez d&#039;Elx\",\"potentialAction\":[{\"@type\":\"SearchAction\",\"target\":{\"@type\":\"EntryPoint\",\"urlTemplate\":\"https:\/\/internacional.umh.es\/en\/?s={search_term_string}\"},\"query-input\":\"required name=search_term_string\"}],\"inLanguage\":\"ca\"},{\"@type\":\"ImageObject\",\"@id\":\"https:\/\/internacional.umh.es\/en\/global-umh\/global-umh-revista\/#primaryimage\",\"inLanguage\":\"ca\",\"url\":\"https:\/\/internacional.umh.es\/files\/2020\/08\/Mapa-color-br\\u00fajula-e1596710781746.png\",\"contentUrl\":\"https:\/\/internacional.umh.es\/files\/2020\/08\/Mapa-color-br\\u00fajula-e1596710781746.png\",\"width\":567,\"height\":311},{\"@type\":\"WebPage\",\"@id\":\"https:\/\/internacional.umh.es\/en\/global-umh\/global-umh-revista\/#webpage\",\"url\":\"https:\/\/internacional.umh.es\/en\/global-umh\/global-umh-revista\/\",\"name\":\"Global UMH Revista - Internacionalitzaci\\u00f3 i Cooperaci\\u00f3\",\"isPartOf\":{\"@id\":\"https:\/\/internacional.umh.es\/en\/#website\"},\"primaryImageOfPage\":{\"@id\":\"https:\/\/internacional.umh.es\/en\/global-umh\/global-umh-revista\/#primaryimage\"},\"datePublished\":\"2015-07-23T07:40:28+00:00\",\"dateModified\":\"2024-12-20T14:57:44+00:00\",\"description\":\"La Global UMH revista recoge las actividades destacadas del Servicio de Relaciones Internacionales y Cooperaci\\u00f3n al Desarrollo y Voluntariado\",\"breadcrumb\":{\"@id\":\"https:\/\/internacional.umh.es\/en\/global-umh\/global-umh-revista\/#breadcrumb\"},\"inLanguage\":\"ca\",\"potentialAction\":[{\"@type\":\"ReadAction\",\"target\":[\"https:\/\/internacional.umh.es\/en\/global-umh\/global-umh-revista\/\"]}]},{\"@type\":\"BreadcrumbList\",\"@id\":\"https:\/\/internacional.umh.es\/en\/global-umh\/global-umh-revista\/#breadcrumb\",\"itemListElement\":[{\"@type\":\"ListItem\",\"position\":1,\"name\":\"Home\",\"item\":\"https:\/\/internacional.umh.es\/en\/\"},{\"@type\":\"ListItem\",\"position\":2,\"name\":\"Global UMH\",\"item\":\"https:\/\/internacional.umh.es\/en\/global-umh\/\"},{\"@type\":\"ListItem\",\"position\":3,\"name\":\"Global UMH Magazine\"}]}]}<\/script>\n<!-- \/ Yoast SEO plugin. -->","yoast_head_json":{"description":"La Global UMH revista recoge las actividades destacadas del Servicio de Relaciones Internacionales y Cooperaci\u00f3n al Desarrollo y Voluntariado","robots":{"index":"index","follow":"follow","max-snippet":"max-snippet:-1","max-image-preview":"max-image-preview:large","max-video-preview":"max-video-preview:-1"},"canonical":"https:\/\/internacional.umh.es\/ca\/global-umh\/global-umh-revista\/","og_locale":"ca_ES","og_type":"article","og_title":"Global UMH Revista - Internacionalitzaci\u00f3 i Cooperaci\u00f3","og_description":"La Global UMH revista recoge las actividades destacadas del Servicio de Relaciones Internacionales y Cooperaci\u00f3n al Desarrollo y Voluntariado","og_url":"https:\/\/internacional.umh.es\/en\/global-umh\/global-umh-revista\/","og_site_name":"Internacionalitzaci\u00f3 i Cooperaci\u00f3","article_modified_time":"2024-12-20T14:57:44+00:00","og_image":[{"url":"https:\/\/internacional.umh.es\/files\/2020\/08\/Mapa-color-br\u00fajula-e1596710781746-300x165.png"}],"twitter_card":"summary_large_image","twitter_misc":{"Est. reading time":"3 minuts"},"schema":{"@context":"https:\/\/schema.org","@graph":[{"@type":"WebSite","@id":"https:\/\/internacional.umh.es\/en\/#website","url":"https:\/\/internacional.umh.es\/en\/","name":"Internacionalitzaci\u00f3 i Cooperaci\u00f3","description":"Universitat Miguel Hern\u00e1ndez d&#039;Elx","potentialAction":[{"@type":"SearchAction","target":{"@type":"EntryPoint","urlTemplate":"https:\/\/internacional.umh.es\/en\/?s={search_term_string}"},"query-input":"required name=search_term_string"}],"inLanguage":"ca"},{"@type":"ImageObject","@id":"https:\/\/internacional.umh.es\/en\/global-umh\/global-umh-revista\/#primaryimage","inLanguage":"ca","url":"https:\/\/internacional.umh.es\/files\/2020\/08\/Mapa-color-br\u00fajula-e1596710781746.png","contentUrl":"https:\/\/internacional.umh.es\/files\/2020\/08\/Mapa-color-br\u00fajula-e1596710781746.png","width":567,"height":311},{"@type":"WebPage","@id":"https:\/\/internacional.umh.es\/en\/global-umh\/global-umh-revista\/#webpage","url":"https:\/\/internacional.umh.es\/en\/global-umh\/global-umh-revista\/","name":"Global UMH Revista - Internacionalitzaci\u00f3 i Cooperaci\u00f3","isPartOf":{"@id":"https:\/\/internacional.umh.es\/en\/#website"},"primaryImageOfPage":{"@id":"https:\/\/internacional.umh.es\/en\/global-umh\/global-umh-revista\/#primaryimage"},"datePublished":"2015-07-23T07:40:28+00:00","dateModified":"2024-12-20T14:57:44+00:00","description":"La Global UMH revista recoge las actividades destacadas del Servicio de Relaciones Internacionales y Cooperaci\u00f3n al Desarrollo y Voluntariado","breadcrumb":{"@id":"https:\/\/internacional.umh.es\/en\/global-umh\/global-umh-revista\/#breadcrumb"},"inLanguage":"ca","potentialAction":[{"@type":"ReadAction","target":["https:\/\/internacional.umh.es\/en\/global-umh\/global-umh-revista\/"]}]},{"@type":"BreadcrumbList","@id":"https:\/\/internacional.umh.es\/en\/global-umh\/global-umh-revista\/#breadcrumb","itemListElement":[{"@type":"ListItem","position":1,"name":"Home","item":"https:\/\/internacional.umh.es\/en\/"},{"@type":"ListItem","position":2,"name":"Global UMH","item":"https:\/\/internacional.umh.es\/en\/global-umh\/"},{"@type":"ListItem","position":3,"name":"Global UMH Magazine"}]}]}},"_links":{"self":[{"href":"https:\/\/internacional.umh.es\/ca\/wp-json\/wp\/v2\/pages\/2484"}],"collection":[{"href":"https:\/\/internacional.umh.es\/ca\/wp-json\/wp\/v2\/pages"}],"about":[{"href":"https:\/\/internacional.umh.es\/ca\/wp-json\/wp\/v2\/types\/page"}],"author":[{"embeddable":true,"href":"https:\/\/internacional.umh.es\/ca\/wp-json\/wp\/v2\/users\/3296"}],"replies":[{"embeddable":true,"href":"https:\/\/internacional.umh.es\/ca\/wp-json\/wp\/v2\/comments?post=2484"}],"version-history":[{"count":0,"href":"https:\/\/internacional.umh.es\/ca\/wp-json\/wp\/v2\/pages\/2484\/revisions"}],"up":[{"embeddable":true,"href":"https:\/\/internacional.umh.es\/ca\/wp-json\/wp\/v2\/pages\/2482"}],"wp:attachment":[{"href":"https:\/\/internacional.umh.es\/ca\/wp-json\/wp\/v2\/media?parent=2484"}],"curies":[{"name":"wp","href":"https:\/\/api.w.org\/{rel}","templated":true}]}}