{"id":2500,"date":"2015-07-24T10:34:50","date_gmt":"2015-07-24T08:34:50","guid":{"rendered":"http:\/\/internacional.umh.es\/?page_id=2500"},"modified":"2025-12-07T19:38:47","modified_gmt":"2025-12-07T18:38:47","slug":"la-umh-en-rankings","status":"publish","type":"page","link":"https:\/\/internacional.umh.es\/ca\/internacionalizacion\/la-umh-en-rankings\/","title":{"rendered":"La UMH en r\u00e0nquings"},"content":{"rendered":"<p><\/p>\n<ul>\n<li><a href=\"https:\/\/transparencia.umh.es\/rankings\/\" rel=\"noopener\" target=\"_blank\" title=\"Ho veur\u00e0s en una nova finestra\">Informaci\u00f3 actualitzada de la UMH en els principals r\u00e0nquings nacionals i internacionals<\/a><\/li>\n<\/ul>\n<p>&nbsp;<\/p>\n<h4 style=\"text-align: right\"><img loading=\"lazy\" class=\"wp-image-15843 alignleft\" style=\"text-align: center\" src=\"https:\/\/internacional.umh.es\/files\/2022\/05\/UI-Green-Metric_logo-e1652091653595.png\" alt=\"UI Green Metric logo\" title=\"La UMH 7\u00e9 entre les universitats espanyoles amb major \u00edndex de sostenibilitat ambiental, segons el GreenMetric R\u00e0nquing\" width=\"246\" height=\"164\"><strong>7\u00aa de les universitats espanyoles amb major \u00edndex de sostenibilitat ambiental (2022)<\/strong><\/h4>\n<p style=\"text-align: right\"><a href=\"https:\/\/comunicacion.umh.es\/2022\/01\/10\/la-umh-asciende-al-puesto-7-de-las-universidades-espanolas-con-mayor-indice-de-sostenibilidad-ambiental-segun-el-greenmetric-ranking\/\" title=\"Ho veur\u00e0s en una nova finestra\" target=\"_blank\" rel=\"noopener\">M\u00e9s informaci\u00f3 en comunicacion.umh.es<\/a><\/p>\n<p>&nbsp;<\/p>\n<h4 style=\"text-align: right\"><img loading=\"lazy\" class=\"wp-image-15843 alignleft\" style=\"text-align: center\" src=\"https:\/\/internacional.umh.es\/files\/2020\/07\/THE-logo.png\" alt=\"THE World University Rankings logo\" title=\"La UMH 9\u00aa millor universitat jove a nivell nacional i entre les 200 millors del m\u00f3n (2020)\" width=\"246\" height=\"100\"><strong> 9\u00aa millor universitat jove a nivell nacional i entre les 200 millors del m\u00f3n (2021)<\/strong><\/h4>\n<p style=\"text-align: right\"><a href=\"https:\/\/comunicacion.umh.es\/2021\/06\/30\/la-umh-se-situa-entre-las-mejores-universidades-jovenes-del-mundo-segun-el-ranking-the-3\/\" title=\"Ho veur\u00e0s en una nova finestra\" target=\"_blank\" rel=\"noopener\">M\u00e9s detalls en comunicacion.umh.es<\/a><\/p>\n<p>&nbsp;<\/p>\n<h4 style=\"text-align: right\"><img loading=\"lazy\" class=\"wp-image-15843 alignleft\" style=\"text-align: center\" src=\"https:\/\/internacional.umh.es\/files\/2022\/05\/Retoenbici30dias.jpg\" alt=\"Repte 30 dies amb bici logo\" title=\"La UMH en el 7\u00e9 lloc en el R\u00e0nquing d'Universitats Espanyoles participants en el Repte 30 Dies amb bici\" width=\"200\" height=\"194\"><strong> 7\u00e9 lloc en el R\u00e0nquing d&#8217;Universitats Espanyoles participants en el Repte 30 Dies amb bici (2021)<\/strong><\/h4>\n<p style=\"text-align: right\"><a href=\"https:\/\/comunicacion.umh.es\/2021\/05\/20\/la-umh-7o-puesto-en-el-ranking-de-universidades-espanolas-participantes-en-el-reto-30-dias-en-bici\/\" title=\"Ho veur\u00e0s en una nova finestra\" target=\"_blank\" rel=\"noopener\">Amplia informaci\u00f3 en comunicacion.umh.es<\/a><\/p>\n<p>&nbsp;<br \/>\n&nbsp;<br \/>\n&nbsp;<\/p>\n<h4><span style=\"font-weight: 400\"><img loading=\"lazy\" class=\" wp-image-15833 alignleft\" src=\"https:\/\/internacional.umh.es\/files\/2020\/07\/RANKING-BBVA.png\" title=\"La UMH 4\u00aa universitat espanyola en doc\u00e8ncia i 6a en investigaci\u00f3 i innovaci\u00f3 (2020)\" alt=\"Ranking BBVA Universitats Espa\u00f1olas\" width=\"200\" height=\"108\"><\/span><\/h4>\n<h4 style=\"padding-left: 120px;text-align: right\"><strong>4\u00aa universitat espanyola en doc\u00e8ncia i 6a en investigaci\u00f3 i innovaci\u00f3 (2020)<\/strong><\/h4>\n<p style=\"text-align: right\"><a href=\"https:\/\/comunicacion.umh.es\/2020\/07\/03\/la-umh-se-situa-entre-las-mejores-universidades-espanolas-segun-la-viii-edicion-del-ranking-de-la-fundacion-bbva-y-el-ivie\/\" title=\"Ho veur\u00e0s en una nova finestra\" target=\"_blank\" rel=\"noopener\">Tota la info mitjan\u00e7ant comunicacion.umh.es<\/a><\/p>\n<p>&nbsp;<\/p>\n<h4 style=\"text-align: right\"><img loading=\"lazy\" class=\"size-medium wp-image-15837 alignleft\" src=\"https:\/\/internacional.umh.es\/files\/2020\/07\/logo-multirank-300x62.png\" alt=\"Multirank Universities compared. Your way logo\" title=\"La UMH 4\u00aa universitat a nivell nacional en \u00abTransfer\u00e8ncia del coneixement\u00bb (2020)\" width=\"300\" height=\"62\" srcset=\"https:\/\/internacional.umh.es\/files\/2020\/07\/logo-multirank-300x62.png 300w, https:\/\/internacional.umh.es\/files\/2020\/07\/logo-multirank.png 350w\" sizes=\"(max-width: 300px) 100vw, 300px\" \/><strong>4\u00aa universitat a nivell nacional en &#8220;Transfer\u00e8ncia del coneixement&#8221; (2020)<\/strong><\/h4>\n<p style=\"text-align: right\"><a href=\"https:\/\/www.umultirank.org\/study-at\/university-miguel-hernandez-de-elche-r\u00e0nquings\/\" title=\"Ho veur\u00e0s en una nova finestra\" target=\"_blank\" rel=\"noopener\">Descobreix molt mes a umultirank.org<\/a><\/p>\n<p>&nbsp;<\/p>\n<h4 style=\"text-align: right\"><img loading=\"lazy\" class=\"size-full wp-image-15840 alignleft\" src=\"https:\/\/internacional.umh.es\/files\/2020\/07\/logo-ranking.png\" alt=\"Ranking CYD logo\" title=\"La UMH l\u00edder en la creaci\u00f3 de spin-offs (2020)\" width=\"274\" height=\"82\"><strong>L\u00edder en la creaci\u00f3 de spin-offs (2020)<\/strong><\/h4>\n<p style=\"text-align: right\"><a href=\"https:\/\/www.rankingcyd.org\/resultados-del-ranking-cyd\/\" title=\"Ho veur\u00e0s en una nova finestra\" target=\"_blank\" rel=\"noopener\">Tots els detalls a rankingcyd.org<\/a><\/p>\n<p>&nbsp;<\/p>\n<h4 style=\"text-align: right\"><img loading=\"lazy\" class=\" wp-image-15846 alignleft\" src=\"https:\/\/internacional.umh.es\/files\/2020\/07\/cwur.png\" alt=\"cwur logo\" title=\"La UMH entre les 1000 millors universitats del m\u00f3n (2020)\" width=\"209\" height=\"129\"><strong>Entre les 1000 millors universitats del m\u00f3n (2020)<\/strong><\/h4>\n<p style=\"text-align: right\"><a href=\"https:\/\/cwur.org\/2020-21\/Miguel-Hern%C3%A1ndez-University-of-Elche.php\" title=\"Ho veur\u00e0s en una nova finestra\" target=\"_blank\" rel=\"noopener\">Amplia informaci\u00f3 en cwur.org<\/a><\/p>\n<h4>&nbsp;<\/h4>\n<h4>&nbsp;<\/h4>\n<p><img loading=\"lazy\" class=\"wp-image-15848 alignleft\" src=\"https:\/\/internacional.umh.es\/files\/2020\/07\/ranking-u-300x104.png\" alt=\"University Ranking by Academic Performance logo\" title=\"Lloc 938 entre 2500 universitats internacionals (2020)\" width=\"288\" height=\"100\" srcset=\"https:\/\/internacional.umh.es\/files\/2020\/07\/ranking-u-300x104.png 300w, https:\/\/internacional.umh.es\/files\/2020\/07\/ranking-u.png 392w\" sizes=\"(max-width: 288px) 100vw, 288px\" \/><\/p>\n<h4 style=\"text-align: right\"><strong>Lloc 938 entre 2500 universitats internacionals (2020)<\/strong><\/h4>\n<p style=\"text-align: right\"><a href=\"https:\/\/www.urapcenter.org\/Rankings\/2019-2020\/World_Ranking_2019-2020\" title=\"Ho veur\u00e0s en una nova finestra\" target=\"_blank\" rel=\"noopener\">Tota la info a urapcenter.org<\/a><\/p>\n<p>&nbsp;<\/p>\n<h4 style=\"text-align: right\"><img loading=\"lazy\" class=\" wp-image-15834 alignleft\" src=\"https:\/\/internacional.umh.es\/files\/2020\/07\/logo-iune-300x180.jpg\" alt=\"iune logo\" title=\"La UMH entre les 10 millors universitats espanyoles per la seua activitat investigadora (2020)\" width=\"201\" height=\"120\" srcset=\"https:\/\/internacional.umh.es\/files\/2020\/07\/logo-iune-300x180.jpg 300w, https:\/\/internacional.umh.es\/files\/2020\/07\/logo-iune.jpg 720w\" sizes=\"(max-width: 201px) 100vw, 201px\" \/><strong>Entre les 10 millors universitats espanyoles per la seua activitat investigadora (2020)<\/strong><\/h4>\n<p style=\"text-align: right\"><a href=\"https:\/\/comunicacion.umh.es\/2018\/07\/23\/la-umh-entre-las-10-mejores-universidades-espanolas-por-su-actividad-investigadora-segun-el-informe-de-alianza4-universidades-e-iune\/\" title=\"Ho veur\u00e0s en una nova finestra\" target=\"_blank\" rel=\"noopener\">Molta m\u00e9s informaci\u00f3 a comunicacion.umh.es<\/a><\/p>\n<p>&nbsp;<\/p>","protected":false},"excerpt":{"rendered":"<p>Informaci\u00f3 actualitzada de la UMH en els principals r\u00e0nquings nacionals i internacionals<\/p>\n<p>&nbsp;<br \/>\n7\u00aa de les universitats espanyoles amb major \u00edndex de sostenibilitat ambiental (2022)<br \/>\nM\u00e9s informaci\u00f3 en comunicacion.umh.es<br \/>\n&nbsp;<br \/>\n 9\u00aa millor universitat jove a nivell nacional i entre les 200 millors del m\u00f3n (2021)<br \/>\nM\u00e9s detalls en comunicacion.umh.es<br \/>\n&nbsp;<br \/>\n 7\u00e9 lloc en el R\u00e0nquing d&#8217;Universitats Espanyoles participants en el Repte [&#8230;]<\/p>\n","protected":false},"author":3296,"featured_media":0,"parent":2740,"menu_order":7,"comment_status":"closed","ping_status":"closed","template":"","meta":{"ngg_post_thumbnail":0,"_links_to":"","_links_to_target":""},"yoast_head":"<!-- This site is optimized with the Yoast SEO plugin v17.5 - https:\/\/yoast.com\/wordpress\/plugins\/seo\/ -->\n<meta name=\"description\" content=\"La UMH asciende en rankings de las universidades espa\u00f1olas con mayor \u00edndice de sostenibilidad ambiental, en investigaci\u00f3n e innovaci\u00f3n, etc.\" \/>\n<meta name=\"robots\" content=\"index, follow, max-snippet:-1, max-image-preview:large, max-video-preview:-1\" \/>\n<link rel=\"canonical\" href=\"https:\/\/internacional.umh.es\/ca\/internacionalizacion\/la-umh-en-rankings\/\" \/>\n<meta property=\"og:locale\" content=\"ca_ES\" \/>\n<meta property=\"og:type\" content=\"article\" \/>\n<meta property=\"og:title\" content=\"La UMH en r\u00e0nquings - Internacionalitzaci\u00f3 i Cooperaci\u00f3\" \/>\n<meta property=\"og:description\" content=\"La UMH asciende en rankings de las universidades espa\u00f1olas con mayor \u00edndice de sostenibilidad ambiental, en investigaci\u00f3n e innovaci\u00f3n, etc.\" \/>\n<meta property=\"og:url\" content=\"https:\/\/internacional.umh.es\/en\/internacionalizacion\/la-umh-en-rankings\/\" \/>\n<meta property=\"og:site_name\" content=\"Internacionalitzaci\u00f3 i Cooperaci\u00f3\" \/>\n<meta property=\"article:modified_time\" content=\"2025-12-07T18:38:47+00:00\" \/>\n<meta property=\"og:image\" content=\"https:\/\/internacional.umh.es\/files\/2025\/03\/descarga-15-e1742995401266.jpeg\" \/>\n<meta name=\"twitter:card\" content=\"summary_large_image\" \/>\n<meta name=\"twitter:label1\" content=\"Est. reading time\" \/>\n\t<meta name=\"twitter:data1\" content=\"9 minuts\" \/>\n<script type=\"application\/ld+json\" class=\"yoast-schema-graph\">{\"@context\":\"https:\/\/schema.org\",\"@graph\":[{\"@type\":\"WebSite\",\"@id\":\"https:\/\/internacional.umh.es\/en\/#website\",\"url\":\"https:\/\/internacional.umh.es\/en\/\",\"name\":\"Internacionalitzaci\\u00f3 i Cooperaci\\u00f3\",\"description\":\"Universitat Miguel Hern\\u00e1ndez d&#039;Elx\",\"potentialAction\":[{\"@type\":\"SearchAction\",\"target\":{\"@type\":\"EntryPoint\",\"urlTemplate\":\"https:\/\/internacional.umh.es\/en\/?s={search_term_string}\"},\"query-input\":\"required name=search_term_string\"}],\"inLanguage\":\"ca\"},{\"@type\":\"ImageObject\",\"@id\":\"https:\/\/internacional.umh.es\/en\/internacionalizacion\/la-umh-en-rankings\/#primaryimage\",\"inLanguage\":\"ca\",\"url\":\"https:\/\/internacional.umh.es\/files\/2025\/03\/descarga-15-e1742995401266.jpeg\",\"contentUrl\":\"https:\/\/internacional.umh.es\/files\/2025\/03\/descarga-15-e1742995401266.jpeg\",\"width\":261,\"height\":107},{\"@type\":\"WebPage\",\"@id\":\"https:\/\/internacional.umh.es\/en\/internacionalizacion\/la-umh-en-rankings\/#webpage\",\"url\":\"https:\/\/internacional.umh.es\/en\/internacionalizacion\/la-umh-en-rankings\/\",\"name\":\"La UMH en r\\u00e0nquings - Internacionalitzaci\\u00f3 i Cooperaci\\u00f3\",\"isPartOf\":{\"@id\":\"https:\/\/internacional.umh.es\/en\/#website\"},\"primaryImageOfPage\":{\"@id\":\"https:\/\/internacional.umh.es\/en\/internacionalizacion\/la-umh-en-rankings\/#primaryimage\"},\"datePublished\":\"2015-07-24T08:34:50+00:00\",\"dateModified\":\"2025-12-07T18:38:47+00:00\",\"description\":\"La UMH asciende en rankings de las universidades espa\\u00f1olas con mayor \\u00edndice de sostenibilidad ambiental, en investigaci\\u00f3n e innovaci\\u00f3n, etc.\",\"breadcrumb\":{\"@id\":\"https:\/\/internacional.umh.es\/en\/internacionalizacion\/la-umh-en-rankings\/#breadcrumb\"},\"inLanguage\":\"ca\",\"potentialAction\":[{\"@type\":\"ReadAction\",\"target\":[\"https:\/\/internacional.umh.es\/en\/internacionalizacion\/la-umh-en-rankings\/\"]}]},{\"@type\":\"BreadcrumbList\",\"@id\":\"https:\/\/internacional.umh.es\/en\/internacionalizacion\/la-umh-en-rankings\/#breadcrumb\",\"itemListElement\":[{\"@type\":\"ListItem\",\"position\":1,\"name\":\"Home\",\"item\":\"https:\/\/internacional.umh.es\/en\/\"},{\"@type\":\"ListItem\",\"position\":2,\"name\":\"INTERNATIONALIZATION\",\"item\":\"https:\/\/internacional.umh.es\/en\/internacionalizacion\/\"},{\"@type\":\"ListItem\",\"position\":3,\"name\":\"UMH Rankings\"}]}]}<\/script>\n<!-- \/ Yoast SEO plugin. -->","yoast_head_json":{"description":"La UMH asciende en rankings de las universidades espa\u00f1olas con mayor \u00edndice de sostenibilidad ambiental, en investigaci\u00f3n e innovaci\u00f3n, etc.","robots":{"index":"index","follow":"follow","max-snippet":"max-snippet:-1","max-image-preview":"max-image-preview:large","max-video-preview":"max-video-preview:-1"},"canonical":"https:\/\/internacional.umh.es\/ca\/internacionalizacion\/la-umh-en-rankings\/","og_locale":"ca_ES","og_type":"article","og_title":"La UMH en r\u00e0nquings - Internacionalitzaci\u00f3 i Cooperaci\u00f3","og_description":"La UMH asciende en rankings de las universidades espa\u00f1olas con mayor \u00edndice de sostenibilidad ambiental, en investigaci\u00f3n e innovaci\u00f3n, etc.","og_url":"https:\/\/internacional.umh.es\/en\/internacionalizacion\/la-umh-en-rankings\/","og_site_name":"Internacionalitzaci\u00f3 i Cooperaci\u00f3","article_modified_time":"2025-12-07T18:38:47+00:00","og_image":[{"url":"https:\/\/internacional.umh.es\/files\/2025\/03\/descarga-15-e1742995401266.jpeg"}],"twitter_card":"summary_large_image","twitter_misc":{"Est. reading time":"9 minuts"},"schema":{"@context":"https:\/\/schema.org","@graph":[{"@type":"WebSite","@id":"https:\/\/internacional.umh.es\/en\/#website","url":"https:\/\/internacional.umh.es\/en\/","name":"Internacionalitzaci\u00f3 i Cooperaci\u00f3","description":"Universitat Miguel Hern\u00e1ndez d&#039;Elx","potentialAction":[{"@type":"SearchAction","target":{"@type":"EntryPoint","urlTemplate":"https:\/\/internacional.umh.es\/en\/?s={search_term_string}"},"query-input":"required name=search_term_string"}],"inLanguage":"ca"},{"@type":"ImageObject","@id":"https:\/\/internacional.umh.es\/en\/internacionalizacion\/la-umh-en-rankings\/#primaryimage","inLanguage":"ca","url":"https:\/\/internacional.umh.es\/files\/2025\/03\/descarga-15-e1742995401266.jpeg","contentUrl":"https:\/\/internacional.umh.es\/files\/2025\/03\/descarga-15-e1742995401266.jpeg","width":261,"height":107},{"@type":"WebPage","@id":"https:\/\/internacional.umh.es\/en\/internacionalizacion\/la-umh-en-rankings\/#webpage","url":"https:\/\/internacional.umh.es\/en\/internacionalizacion\/la-umh-en-rankings\/","name":"La UMH en r\u00e0nquings - Internacionalitzaci\u00f3 i Cooperaci\u00f3","isPartOf":{"@id":"https:\/\/internacional.umh.es\/en\/#website"},"primaryImageOfPage":{"@id":"https:\/\/internacional.umh.es\/en\/internacionalizacion\/la-umh-en-rankings\/#primaryimage"},"datePublished":"2015-07-24T08:34:50+00:00","dateModified":"2025-12-07T18:38:47+00:00","description":"La UMH asciende en rankings de las universidades espa\u00f1olas con mayor \u00edndice de sostenibilidad ambiental, en investigaci\u00f3n e innovaci\u00f3n, etc.","breadcrumb":{"@id":"https:\/\/internacional.umh.es\/en\/internacionalizacion\/la-umh-en-rankings\/#breadcrumb"},"inLanguage":"ca","potentialAction":[{"@type":"ReadAction","target":["https:\/\/internacional.umh.es\/en\/internacionalizacion\/la-umh-en-rankings\/"]}]},{"@type":"BreadcrumbList","@id":"https:\/\/internacional.umh.es\/en\/internacionalizacion\/la-umh-en-rankings\/#breadcrumb","itemListElement":[{"@type":"ListItem","position":1,"name":"Home","item":"https:\/\/internacional.umh.es\/en\/"},{"@type":"ListItem","position":2,"name":"INTERNATIONALIZATION","item":"https:\/\/internacional.umh.es\/en\/internacionalizacion\/"},{"@type":"ListItem","position":3,"name":"UMH Rankings"}]}]}},"_links":{"self":[{"href":"https:\/\/internacional.umh.es\/ca\/wp-json\/wp\/v2\/pages\/2500"}],"collection":[{"href":"https:\/\/internacional.umh.es\/ca\/wp-json\/wp\/v2\/pages"}],"about":[{"href":"https:\/\/internacional.umh.es\/ca\/wp-json\/wp\/v2\/types\/page"}],"author":[{"embeddable":true,"href":"https:\/\/internacional.umh.es\/ca\/wp-json\/wp\/v2\/users\/3296"}],"replies":[{"embeddable":true,"href":"https:\/\/internacional.umh.es\/ca\/wp-json\/wp\/v2\/comments?post=2500"}],"version-history":[{"count":0,"href":"https:\/\/internacional.umh.es\/ca\/wp-json\/wp\/v2\/pages\/2500\/revisions"}],"up":[{"embeddable":true,"href":"https:\/\/internacional.umh.es\/ca\/wp-json\/wp\/v2\/pages\/2740"}],"wp:attachment":[{"href":"https:\/\/internacional.umh.es\/ca\/wp-json\/wp\/v2\/media?parent=2500"}],"curies":[{"name":"wp","href":"https:\/\/api.w.org\/{rel}","templated":true}]}}