{"id":2517,"date":"2015-08-08T13:47:42","date_gmt":"2015-08-08T11:47:42","guid":{"rendered":"http:\/\/internacional.umh.es\/?page_id=2517"},"modified":"2025-11-04T13:49:15","modified_gmt":"2025-11-04T12:49:15","slug":"conocenos","status":"publish","type":"page","link":"https:\/\/internacional.umh.es\/ca\/conocenos\/","title":{"rendered":"CONEIX-NOS"},"content":{"rendered":"<p><\/p>\n<p style=\"text-align: justify\">El <strong>Servei de Relacions Internacionals, Cooperaci\u00f3 al Desenvolupament i Voluntariat<\/strong> gestiona les pol\u00edtiques i estrat\u00e8gies internacionals marcades per la <a title=\"Ho veur\u00e0s en una nova finestra\" href=\"https:\/\/www.umh.es\/?lang=VAL\" target=\"_blank\" rel=\"noopener noreferrer\">Universitat Miguel Hern\u00e1ndez d\u2019Elx (UMH)<\/a> per a enfortir i ampliar la seua presencia internacional. A m\u00e9s, esta unitat \u00e9s responsable de la mobilitat d\u2019estudiants, professorat i personal, i brinda suport ling\u00fc\u00edstic a la comunitat universit\u00e0ria. Tamb\u00e9 promou la realitzaci\u00f3 d\u2019accions solidaries mitjan\u00e7ant l\u2019<a title=\"Accedeix a l'\u00c0rea de voluntariat del Servei per a con\u00e8ixer projectes i activitats d'inter\u00e8s\" href=\"https:\/\/internacional.umh.es\/ca\/cooperacion-y-voluntariado\/\">\u00c0rea de Cooperaci\u00f3 al Desenvolupament i Voluntariat<\/a>. La UMH ofereix un total de <strong>28 programes de grau, 50 programes de m\u00e0ster, 13 programes de doctorat<\/strong> i molts programes d\u2019educaci\u00f3 continua.<\/p>\n<p><iframe  style=\"display: block; margin: 0px auto;\"  id=\"_ytid_58883\"  width=\"480\" height=\"270\"  data-origwidth=\"480\" data-origheight=\"270\" src=\"https:\/\/www.youtube.com\/embed\/ASfN9yLAE_0?enablejsapi=1&autoplay=0&cc_load_policy=0&cc_lang_pref=&iv_load_policy=1&loop=0&modestbranding=0&rel=1&fs=1&playsinline=0&autohide=2&theme=dark&color=red&controls=1&\" class=\"__youtube_prefs__  no-lazyload\" title=\"YouTube player\"  allow=\"accelerometer; autoplay; clipboard-write; encrypted-media; gyroscope; picture-in-picture\" allowfullscreen data-no-lazy=\"1\" data-skipgform_ajax_framebjll=\"\"><\/iframe><br \/>\n<img loading=\"lazy\" class=\"wp-image-17721 size-large aligncenter\" title=\"La UMH en xifres en 2020-21 segueix creixent\" src=\"https:\/\/internacional.umh.es\/files\/2022\/05\/Mapa-UMH-en-xifres.jpg\" alt=\"Coneix-nos la UMH en xifres infografia\" width=\"723\" height=\"1023\"><\/p>\n<h3 style=\"text-align: left\"><strong>ESTUDIA A LA UMH<\/strong><\/h3>\n<p style=\"text-align: center\"><a title=\"Desc\u00e0rrega el fullet Study at UMH (4 campus a Alacant) en una nova finestra\" href=\"https:\/\/internacional.umh.es\/files\/2023\/05\/folleto-umh4.pdf\" target=\"_blank\" rel=\"noopener\"><img loading=\"lazy\" class=\"size-medium wp-image-30209 aligncenter\" title=\"Desc\u00e0rrega el fullet Study at UMH (4 campus a Alacant) en una nova finestra\" src=\"https:\/\/internacional.umh.es\/files\/2023\/05\/folleto-umh4_Pagina_01-300x300.jpg\" alt=\"Fullet Study at UMH 4 campus Alacant imatge\" width=\"300\" height=\"300\" srcset=\"https:\/\/internacional.umh.es\/files\/2023\/05\/folleto-umh4_Pagina_01-300x300.jpg 300w, https:\/\/internacional.umh.es\/files\/2023\/05\/folleto-umh4_Pagina_01-150x150.jpg 150w, https:\/\/internacional.umh.es\/files\/2023\/05\/folleto-umh4_Pagina_01.jpg 420w\" sizes=\"(max-width: 300px) 100vw, 300px\" \/><\/a><\/p>\n<h3 style=\"text-align: left\"><strong>UMH EN XIFRES<\/strong><\/h3>\n<p style=\"text-align: justify\">Tenim quatre campus situats en un entorn mediterrani privilegiat dins de la prov\u00edncia d&#8217;Alacant (Comunitat Valenciana, Espanya): <strong>Altea, Elx, Oriola Desamparados, Orihuela Salesas<\/strong> i <strong>Sant Joan d&#8217;Alacant.<\/strong><\/p>\n<ul>\n<li>ESTUDIANTS: 17.653<\/li>\n<li>M\u00c0STERS: 50<\/li>\n<li>GRAUS: 28<\/li>\n<li>DOCTORATS: 13<\/li>\n<li>EDIFICIS: 16<\/li>\n<li>CAMPUS: 4<\/li>\n<\/ul>\n<p>&nbsp;<\/p>\n<h3 style=\"text-align: left\"><strong>CONVENIS INTERNACIONALS<\/strong><\/h3>\n<ul>\n<li>SICUE: 396<\/li>\n<li>ERASMUS: 489<\/li>\n<li>DESTINO: 174<\/li>\n<li>PR\u00d2XIMAMENT EN: LA XINA<\/li>\n<\/ul>\n<p>&nbsp;<\/p>\n<h4><strong>Contacte<\/strong><\/h4>\n<p><a title=\"Ho veur\u00e0s en una nova finestra\" href=\"mailto:internacional@umh.es\" target=\"_blank\" rel=\"noopener\">internacional@umh.es<\/a><br \/>\n<a title=\"Ho veur\u00e0s en una nova finestra\" href=\"mailto:studyabroad@umh.es\" target=\"_blank\" rel=\"noopener\">studyabroad@umh.es<\/a><br \/>\n<a title=\"Ho veur\u00e0s en una nova finestra\" href=\"mailto:@globalumh\" target=\"_blank\" rel=\"noopener\">@globalumh<\/a><br \/>\n&nbsp;<\/p>","protected":false},"excerpt":{"rendered":"<p>El Servei de Relacions Internacionals, Cooperaci\u00f3 al Desenvolupament i Voluntariat gestiona les pol\u00edtiques i estrat\u00e8gies internacionals marcades per la Universitat Miguel Hern\u00e1ndez d\u2019Elx (UMH) per a enfortir i ampliar la seua presencia internacional. A m\u00e9s, esta unitat \u00e9s responsable de la mobilitat d\u2019estudiants, professorat i personal, i brinda suport ling\u00fc\u00edstic a la comunitat universit\u00e0ria. Tamb\u00e9 [&#8230;]<\/p>\n","protected":false},"author":3296,"featured_media":0,"parent":0,"menu_order":1,"comment_status":"closed","ping_status":"closed","template":"","meta":{"ngg_post_thumbnail":0,"_links_to":"","_links_to_target":""},"yoast_head":"<!-- This site is optimized with the Yoast SEO plugin v17.5 - https:\/\/yoast.com\/wordpress\/plugins\/seo\/ -->\n<meta name=\"description\" content=\"En con\u00f3cenos el Servicio de Relaciones Internacionales UMH gestiona acciones internacionales de cooperaci\u00f3n, voluntariado y movilidad\" \/>\n<meta name=\"robots\" content=\"index, follow, max-snippet:-1, max-image-preview:large, max-video-preview:-1\" \/>\n<link rel=\"canonical\" href=\"https:\/\/internacional.umh.es\/ca\/conocenos\/\" \/>\n<meta property=\"og:locale\" content=\"ca_ES\" \/>\n<meta property=\"og:type\" content=\"article\" \/>\n<meta property=\"og:title\" content=\"CONEIX-NOS - Internacionalitzaci\u00f3 i Cooperaci\u00f3\" \/>\n<meta property=\"og:description\" content=\"En con\u00f3cenos el Servicio de Relaciones Internacionales UMH gestiona acciones internacionales de cooperaci\u00f3n, voluntariado y movilidad\" \/>\n<meta property=\"og:url\" content=\"https:\/\/internacional.umh.es\/en\/conocenos\/\" \/>\n<meta property=\"og:site_name\" content=\"Internacionalitzaci\u00f3 i Cooperaci\u00f3\" \/>\n<meta property=\"article:modified_time\" content=\"2025-11-04T12:49:15+00:00\" \/>\n<meta property=\"og:image\" content=\"https:\/\/internacional.umh.es\/files\/2025\/11\/Spanish-English-2-212x300.png\" \/>\n<meta name=\"twitter:card\" content=\"summary_large_image\" \/>\n<meta name=\"twitter:label1\" content=\"Est. reading time\" \/>\n\t<meta name=\"twitter:data1\" content=\"2 minuts\" \/>\n<script type=\"application\/ld+json\" class=\"yoast-schema-graph\">{\"@context\":\"https:\/\/schema.org\",\"@graph\":[{\"@type\":\"WebSite\",\"@id\":\"https:\/\/internacional.umh.es\/en\/#website\",\"url\":\"https:\/\/internacional.umh.es\/en\/\",\"name\":\"Internacionalitzaci\\u00f3 i Cooperaci\\u00f3\",\"description\":\"Universitat Miguel Hern\\u00e1ndez d&#039;Elx\",\"potentialAction\":[{\"@type\":\"SearchAction\",\"target\":{\"@type\":\"EntryPoint\",\"urlTemplate\":\"https:\/\/internacional.umh.es\/en\/?s={search_term_string}\"},\"query-input\":\"required name=search_term_string\"}],\"inLanguage\":\"ca\"},{\"@type\":\"ImageObject\",\"@id\":\"https:\/\/internacional.umh.es\/en\/conocenos\/#primaryimage\",\"inLanguage\":\"ca\",\"url\":\"https:\/\/internacional.umh.es\/files\/2025\/11\/Spanish-English-2.png\",\"contentUrl\":\"https:\/\/internacional.umh.es\/files\/2025\/11\/Spanish-English-2.png\",\"width\":1414,\"height\":2000},{\"@type\":\"WebPage\",\"@id\":\"https:\/\/internacional.umh.es\/en\/conocenos\/#webpage\",\"url\":\"https:\/\/internacional.umh.es\/en\/conocenos\/\",\"name\":\"CONEIX-NOS - Internacionalitzaci\\u00f3 i Cooperaci\\u00f3\",\"isPartOf\":{\"@id\":\"https:\/\/internacional.umh.es\/en\/#website\"},\"primaryImageOfPage\":{\"@id\":\"https:\/\/internacional.umh.es\/en\/conocenos\/#primaryimage\"},\"datePublished\":\"2015-08-08T11:47:42+00:00\",\"dateModified\":\"2025-11-04T12:49:15+00:00\",\"description\":\"En con\\u00f3cenos el Servicio de Relaciones Internacionales UMH gestiona acciones internacionales de cooperaci\\u00f3n, voluntariado y movilidad\",\"breadcrumb\":{\"@id\":\"https:\/\/internacional.umh.es\/en\/conocenos\/#breadcrumb\"},\"inLanguage\":\"ca\",\"potentialAction\":[{\"@type\":\"ReadAction\",\"target\":[\"https:\/\/internacional.umh.es\/en\/conocenos\/\"]}]},{\"@type\":\"BreadcrumbList\",\"@id\":\"https:\/\/internacional.umh.es\/en\/conocenos\/#breadcrumb\",\"itemListElement\":[{\"@type\":\"ListItem\",\"position\":1,\"name\":\"Home\",\"item\":\"https:\/\/internacional.umh.es\/en\/\"},{\"@type\":\"ListItem\",\"position\":2,\"name\":\"ABOUT US\"}]}]}<\/script>\n<!-- \/ Yoast SEO plugin. -->","yoast_head_json":{"description":"En con\u00f3cenos el Servicio de Relaciones Internacionales UMH gestiona acciones internacionales de cooperaci\u00f3n, voluntariado y movilidad","robots":{"index":"index","follow":"follow","max-snippet":"max-snippet:-1","max-image-preview":"max-image-preview:large","max-video-preview":"max-video-preview:-1"},"canonical":"https:\/\/internacional.umh.es\/ca\/conocenos\/","og_locale":"ca_ES","og_type":"article","og_title":"CONEIX-NOS - Internacionalitzaci\u00f3 i Cooperaci\u00f3","og_description":"En con\u00f3cenos el Servicio de Relaciones Internacionales UMH gestiona acciones internacionales de cooperaci\u00f3n, voluntariado y movilidad","og_url":"https:\/\/internacional.umh.es\/en\/conocenos\/","og_site_name":"Internacionalitzaci\u00f3 i Cooperaci\u00f3","article_modified_time":"2025-11-04T12:49:15+00:00","og_image":[{"url":"https:\/\/internacional.umh.es\/files\/2025\/11\/Spanish-English-2-212x300.png"}],"twitter_card":"summary_large_image","twitter_misc":{"Est. reading time":"2 minuts"},"schema":{"@context":"https:\/\/schema.org","@graph":[{"@type":"WebSite","@id":"https:\/\/internacional.umh.es\/en\/#website","url":"https:\/\/internacional.umh.es\/en\/","name":"Internacionalitzaci\u00f3 i Cooperaci\u00f3","description":"Universitat Miguel Hern\u00e1ndez d&#039;Elx","potentialAction":[{"@type":"SearchAction","target":{"@type":"EntryPoint","urlTemplate":"https:\/\/internacional.umh.es\/en\/?s={search_term_string}"},"query-input":"required name=search_term_string"}],"inLanguage":"ca"},{"@type":"ImageObject","@id":"https:\/\/internacional.umh.es\/en\/conocenos\/#primaryimage","inLanguage":"ca","url":"https:\/\/internacional.umh.es\/files\/2025\/11\/Spanish-English-2.png","contentUrl":"https:\/\/internacional.umh.es\/files\/2025\/11\/Spanish-English-2.png","width":1414,"height":2000},{"@type":"WebPage","@id":"https:\/\/internacional.umh.es\/en\/conocenos\/#webpage","url":"https:\/\/internacional.umh.es\/en\/conocenos\/","name":"CONEIX-NOS - Internacionalitzaci\u00f3 i Cooperaci\u00f3","isPartOf":{"@id":"https:\/\/internacional.umh.es\/en\/#website"},"primaryImageOfPage":{"@id":"https:\/\/internacional.umh.es\/en\/conocenos\/#primaryimage"},"datePublished":"2015-08-08T11:47:42+00:00","dateModified":"2025-11-04T12:49:15+00:00","description":"En con\u00f3cenos el Servicio de Relaciones Internacionales UMH gestiona acciones internacionales de cooperaci\u00f3n, voluntariado y movilidad","breadcrumb":{"@id":"https:\/\/internacional.umh.es\/en\/conocenos\/#breadcrumb"},"inLanguage":"ca","potentialAction":[{"@type":"ReadAction","target":["https:\/\/internacional.umh.es\/en\/conocenos\/"]}]},{"@type":"BreadcrumbList","@id":"https:\/\/internacional.umh.es\/en\/conocenos\/#breadcrumb","itemListElement":[{"@type":"ListItem","position":1,"name":"Home","item":"https:\/\/internacional.umh.es\/en\/"},{"@type":"ListItem","position":2,"name":"ABOUT US"}]}]}},"_links":{"self":[{"href":"https:\/\/internacional.umh.es\/ca\/wp-json\/wp\/v2\/pages\/2517"}],"collection":[{"href":"https:\/\/internacional.umh.es\/ca\/wp-json\/wp\/v2\/pages"}],"about":[{"href":"https:\/\/internacional.umh.es\/ca\/wp-json\/wp\/v2\/types\/page"}],"author":[{"embeddable":true,"href":"https:\/\/internacional.umh.es\/ca\/wp-json\/wp\/v2\/users\/3296"}],"replies":[{"embeddable":true,"href":"https:\/\/internacional.umh.es\/ca\/wp-json\/wp\/v2\/comments?post=2517"}],"version-history":[{"count":0,"href":"https:\/\/internacional.umh.es\/ca\/wp-json\/wp\/v2\/pages\/2517\/revisions"}],"wp:attachment":[{"href":"https:\/\/internacional.umh.es\/ca\/wp-json\/wp\/v2\/media?parent=2517"}],"curies":[{"name":"wp","href":"https:\/\/api.w.org\/{rel}","templated":true}]}}