{"id":2519,"date":"2015-08-08T13:55:10","date_gmt":"2015-08-08T11:55:10","guid":{"rendered":"http:\/\/internacional.umh.es\/?page_id=2519"},"modified":"2025-04-27T23:54:05","modified_gmt":"2025-04-27T21:54:05","slug":"vicerrector","status":"publish","type":"page","link":"https:\/\/internacional.umh.es\/ca\/conocenos\/vicerrector\/","title":{"rendered":"Vicerector"},"content":{"rendered":"<p><\/p>\n<p style=\"text-align: justify\"><strong><img loading=\"lazy\" class=\"alignleft wp-image-15656\" title=\"Vicente Micol \u00e9s el Vicerector d'Internacionalitzaci\u00f3 i Cooperaci\u00f3 de la UMH\" src=\"https:\/\/internacional.umh.es\/files\/2020\/06\/Vicente_Micol-300x300.jpg\" alt=\"Vicente Micol Molina Vicerector Internacionalitzaci\u00f3 i Cooperaci\u00f3 UMH\" width=\"173\" height=\"173\" srcset=\"https:\/\/internacional.umh.es\/files\/2020\/06\/Vicente_Micol-300x300.jpg 300w, https:\/\/internacional.umh.es\/files\/2020\/06\/Vicente_Micol-150x150.jpg 150w, https:\/\/internacional.umh.es\/files\/2020\/06\/Vicente_Micol-32x32.jpg 32w, https:\/\/internacional.umh.es\/files\/2020\/06\/Vicente_Micol-64x64.jpg 64w, https:\/\/internacional.umh.es\/files\/2020\/06\/Vicente_Micol-96x96.jpg 96w, https:\/\/internacional.umh.es\/files\/2020\/06\/Vicente_Micol-128x128.jpg 128w, https:\/\/internacional.umh.es\/files\/2020\/06\/Vicente_Micol.jpg 512w\" sizes=\"(max-width: 173px) 100vw, 173px\" \/>Vicente Micol Molina<\/strong> \u00e9s Vicerector d&#8217;Internacionalitzaci\u00f3 i Cooperaci\u00f3 en la Universitat Miguel Hern\u00e1ndez. Assumeix les funcions relatives a la internacionalitzaci\u00f3 de la UMH a trav\u00e9s del desenvolupament de relacions amb universitats i institucions acad\u00e8miques d&#8217;altres pa\u00efsos i la gesti\u00f3 de la mobilitat acad\u00e8mica. D&#8217;igual forma, promou l&#8217;impuls de projectes d&#8217;\u00edndole internacional en l&#8217;\u00e0mbit de l&#8217;educaci\u00f3 superior i la participaci\u00f3 en activitats de cooperaci\u00f3 al desenvolupament i voluntariat.<\/p>\n<p style=\"text-align: justify\">Vicente Micol \u00e9s investigador en <a title=\"Ho veur\u00e0s en una nova finestra\" href=\"https:\/\/idibe.umh.es\/es\/\" target=\"_blank\" rel=\"noopener noreferrer\">l&#8217;Institut d&#8217;Investigaci\u00f3, Desenvolupament i Innovaci\u00f3 en Biotecnologia Sanit\u00e0ria d&#8217;Elx<\/a> i catedr\u00e0tic de la Universitat Miguel Hern\u00e1ndez de l&#8217;\u00e0rea de Bioqu\u00edmica i Biologia Molecular. \u00c9s doctor per la Universitat de M\u00farcia i ha desenvolupat la seua activitat investigadora a trav\u00e9s d&#8217;institucions acad\u00e8miques i entitats privades fonamentalment a \u00c0sia i als Estats Units.<\/p>\n<p style=\"text-align: justify\">Les funcions principals del Vicerectorat d&#8217;Internacionalitzaci\u00f3 i Cooperaci\u00f3 s\u00f3n:<\/p>\n<ul>\n<li>Les relacions, col\u00b7laboraci\u00f3 i convenis amb altres universitats, institucions i entitats, en l&#8217;\u00e0mbit internacional.<\/li>\n<li>Els programes internacionals d&#8217;intercanvi.<\/li>\n<li>Les beques internacionals, excepte les d&#8217;investigaci\u00f3.<\/li>\n<li>Les ajudes internacionals, excepte les d&#8217;investigaci\u00f3.<\/li>\n<li><span style=\"line-height: 1.5\">La pres\u00e8ncia de la Universitat Miguel Hern\u00e1ndez en f\u00f2rums internacionals.<\/span><\/li>\n<li><span style=\"line-height: 1.5\">La planificaci\u00f3 i execuci\u00f3 de programes internacionals, per si o en coordinaci\u00f3 amb altres \u00f2rgans de la Universitat Miguel Hern\u00e1ndez.<\/span><\/li>\n<li><span style=\"line-height: 1.5\">Els programes d&#8217;intercanvi d&#8217;estudiants, nacionals i internacionals.<\/span><\/li>\n<li><span style=\"line-height: 1.5\">La facultat d&#8217;autoritzar i disposar les despeses, i tamb\u00e9 d&#8217;ordenar pagaments dins de l&#8217;\u00e0mbit de les seues compet\u00e8ncies.<\/span><\/li>\n<li><span style=\"line-height: 1.5\">La subscripci\u00f3, en nom de la Universitat Miguel Hern\u00e1ndez de contractes, convenis, o pactes en mat\u00e8ries de la seua compet\u00e8ncia.<\/span><\/li>\n<li><span style=\"line-height: 1.5\">La coordinaci\u00f3 de la Cooperaci\u00f3 al Desenvolupament i Voluntariat Universitari.<\/span><\/li>\n<li><span style=\"line-height: 1.5\">La representaci\u00f3 institucional de la Universitat Miguel Hern\u00e1ndez en f\u00f2rums de Cooperaci\u00f3.<\/span><\/li>\n<li><span style=\"line-height: 1.5\">Els programes de Cooperaci\u00f3 Universit\u00e0ria de l&#8217;Ag\u00e8ncia Espanyola de Cooperaci\u00f3 Internacional.<\/span><\/li>\n<li><span style=\"line-height: 1.5\">Els projectes i accions de Cooperaci\u00f3 al Desenvolupament.<\/span><\/li>\n<\/ul>\n<hr>\n<h3><strong>Documents<\/strong><\/h3>\n<ul>\n<li><strong><a title=\"Ho veur\u00e0s en una nova finestra\" href=\"https:\/\/internacional.umh.es\/files\/2016\/01\/UMH-international-policy-statement.pdf\" target=\"_blank\" rel=\"noopener noreferrer\">UMH International Policy Statement (41Kb Angl\u00e9s .pdf)<\/a><\/strong><\/li>\n<li><strong><a title=\"Ho veur\u00e0s en una nova finestra\" href=\"https:\/\/internacional.umh.es\/files\/2020\/05\/Carta-ERASMUS-14_20.jpg\" target=\"_blank\" rel=\"noopener noreferrer\">ERASMUS CHARTER FOR HIGHER EDUCATION 2014-2020 (201Kb Angl\u00e9s .jpg)<\/a><\/strong><\/li>\n<li><strong><a title=\"Ho veur\u00e0s en una nova finestra\" href=\"https:\/\/internacional.umh.es\/files\/2020\/04\/9.-Carta_Estudiante_Erasmus_ES.pdf\" target=\"_blank\" rel=\"noopener noreferrer\">ERASMUS Carta de l&#8217;estudiant Erasmus+ (1,6Mb Castell\u00e0 .pdf)<\/a><\/strong><\/li>\n<\/ul>\n<hr>\n<p><img loading=\"lazy\" class=\"alignleft wp-image-17289 size-medium\" title=\"La mobilitat en la UMH \u00e9s el principal objectiu del Vicerectorat i Servei de Relacions Internacionals de la UMH\" src=\"https:\/\/internacional.umh.es\/files\/2020\/11\/logo-erasmus-plus-300x61.png\" alt=\"Logo Erasmus +\" width=\"300\" height=\"61\" srcset=\"https:\/\/internacional.umh.es\/files\/2020\/11\/logo-erasmus-plus-300x61.png 300w, https:\/\/internacional.umh.es\/files\/2020\/11\/logo-erasmus-plus-768x156.png 768w, https:\/\/internacional.umh.es\/files\/2020\/11\/logo-erasmus-plus-1024x209.png 1024w, https:\/\/internacional.umh.es\/files\/2020\/11\/logo-erasmus-plus.png 1758w\" sizes=\"(max-width: 300px) 100vw, 300px\" \/><br \/>\n&nbsp;<\/p>\n<p style=\"text-align: left\">+34 96 665 8522<br \/>\n<a title=\"Contacta per email en una nova finestra\" href=\"mailto:vdo.relinter@umh.es\" target=\"_blank\" rel=\"noopener\">vdo.relinter@umh.es<\/a><br \/>\n<a title=\"Veure fitxa de Vicente Micol Molina en una nova finestra\" href=\"https:\/\/www.umh.es\/contenido\/Universidad\/:persona_3806\/datos_val.html\" target=\"_blank\" rel=\"noopener noreferrer\">Veure fitxa UMH<\/a><\/p>\n<p><\/p>","protected":false},"excerpt":{"rendered":"<p>Vicente Micol Molina \u00e9s Vicerector d&#8217;Internacionalitzaci\u00f3 i Cooperaci\u00f3 en la Universitat Miguel Hern\u00e1ndez. Assumeix les funcions relatives a la internacionalitzaci\u00f3 de la UMH a trav\u00e9s del desenvolupament de relacions amb universitats i institucions acad\u00e8miques d&#8217;altres pa\u00efsos i la gesti\u00f3 de la mobilitat acad\u00e8mica. D&#8217;igual forma, promou l&#8217;impuls de projectes d&#8217;\u00edndole internacional en l&#8217;\u00e0mbit de l&#8217;educaci\u00f3 [&#8230;]<\/p>\n","protected":false},"author":3296,"featured_media":0,"parent":2517,"menu_order":1,"comment_status":"closed","ping_status":"closed","template":"","meta":{"ngg_post_thumbnail":0,"_links_to":"","_links_to_target":""},"yoast_head":"<!-- This site is optimized with the Yoast SEO plugin v17.5 - https:\/\/yoast.com\/wordpress\/plugins\/seo\/ -->\n<meta name=\"description\" content=\"Vicente Micol Molina es Vicerrector de Internacionalizaci\u00f3n y Cooperaci\u00f3n en la Universidad Miguel Hern\u00e1ndez de Elche\" \/>\n<meta name=\"robots\" content=\"index, follow, max-snippet:-1, max-image-preview:large, max-video-preview:-1\" \/>\n<link rel=\"canonical\" href=\"https:\/\/internacional.umh.es\/ca\/conocenos\/vicerrector\/\" \/>\n<meta property=\"og:locale\" content=\"ca_ES\" \/>\n<meta property=\"og:type\" content=\"article\" \/>\n<meta property=\"og:title\" content=\"Vicerector - Internacionalitzaci\u00f3 i Cooperaci\u00f3\" \/>\n<meta property=\"og:description\" content=\"Vicente Micol Molina es Vicerrector de Internacionalizaci\u00f3n y Cooperaci\u00f3n en la Universidad Miguel Hern\u00e1ndez de Elche\" \/>\n<meta property=\"og:url\" content=\"https:\/\/internacional.umh.es\/en\/conocenos\/vicerrector\/\" \/>\n<meta property=\"og:site_name\" content=\"Internacionalitzaci\u00f3 i Cooperaci\u00f3\" \/>\n<meta property=\"article:modified_time\" content=\"2025-04-27T21:54:05+00:00\" \/>\n<meta property=\"og:image\" content=\"https:\/\/internacional.umh.es\/files\/2020\/06\/Vicente_Micol-300x300.jpg\" \/>\n<meta name=\"twitter:card\" content=\"summary_large_image\" \/>\n<meta name=\"twitter:label1\" content=\"Est. reading time\" \/>\n\t<meta name=\"twitter:data1\" content=\"2 minuts\" \/>\n<script type=\"application\/ld+json\" class=\"yoast-schema-graph\">{\"@context\":\"https:\/\/schema.org\",\"@graph\":[{\"@type\":\"WebSite\",\"@id\":\"https:\/\/internacional.umh.es\/en\/#website\",\"url\":\"https:\/\/internacional.umh.es\/en\/\",\"name\":\"Internacionalitzaci\\u00f3 i Cooperaci\\u00f3\",\"description\":\"Universitat Miguel Hern\\u00e1ndez d&#039;Elx\",\"potentialAction\":[{\"@type\":\"SearchAction\",\"target\":{\"@type\":\"EntryPoint\",\"urlTemplate\":\"https:\/\/internacional.umh.es\/en\/?s={search_term_string}\"},\"query-input\":\"required name=search_term_string\"}],\"inLanguage\":\"ca\"},{\"@type\":\"ImageObject\",\"@id\":\"https:\/\/internacional.umh.es\/en\/conocenos\/vicerrector\/#primaryimage\",\"inLanguage\":\"ca\",\"url\":\"https:\/\/internacional.umh.es\/files\/2020\/06\/Vicente_Micol.jpg\",\"contentUrl\":\"https:\/\/internacional.umh.es\/files\/2020\/06\/Vicente_Micol.jpg\",\"width\":512,\"height\":512},{\"@type\":\"WebPage\",\"@id\":\"https:\/\/internacional.umh.es\/en\/conocenos\/vicerrector\/#webpage\",\"url\":\"https:\/\/internacional.umh.es\/en\/conocenos\/vicerrector\/\",\"name\":\"Vicerector - Internacionalitzaci\\u00f3 i Cooperaci\\u00f3\",\"isPartOf\":{\"@id\":\"https:\/\/internacional.umh.es\/en\/#website\"},\"primaryImageOfPage\":{\"@id\":\"https:\/\/internacional.umh.es\/en\/conocenos\/vicerrector\/#primaryimage\"},\"datePublished\":\"2015-08-08T11:55:10+00:00\",\"dateModified\":\"2025-04-27T21:54:05+00:00\",\"description\":\"Vicente Micol Molina es Vicerrector de Internacionalizaci\\u00f3n y Cooperaci\\u00f3n en la Universidad Miguel Hern\\u00e1ndez de Elche\",\"breadcrumb\":{\"@id\":\"https:\/\/internacional.umh.es\/en\/conocenos\/vicerrector\/#breadcrumb\"},\"inLanguage\":\"ca\",\"potentialAction\":[{\"@type\":\"ReadAction\",\"target\":[\"https:\/\/internacional.umh.es\/en\/conocenos\/vicerrector\/\"]}]},{\"@type\":\"BreadcrumbList\",\"@id\":\"https:\/\/internacional.umh.es\/en\/conocenos\/vicerrector\/#breadcrumb\",\"itemListElement\":[{\"@type\":\"ListItem\",\"position\":1,\"name\":\"Home\",\"item\":\"https:\/\/internacional.umh.es\/en\/\"},{\"@type\":\"ListItem\",\"position\":2,\"name\":\"ABOUT US\",\"item\":\"https:\/\/internacional.umh.es\/en\/conocenos\/\"},{\"@type\":\"ListItem\",\"position\":3,\"name\":\"Vice Rector\"}]}]}<\/script>\n<!-- \/ Yoast SEO plugin. -->","yoast_head_json":{"description":"Vicente Micol Molina es Vicerrector de Internacionalizaci\u00f3n y Cooperaci\u00f3n en la Universidad Miguel Hern\u00e1ndez de Elche","robots":{"index":"index","follow":"follow","max-snippet":"max-snippet:-1","max-image-preview":"max-image-preview:large","max-video-preview":"max-video-preview:-1"},"canonical":"https:\/\/internacional.umh.es\/ca\/conocenos\/vicerrector\/","og_locale":"ca_ES","og_type":"article","og_title":"Vicerector - Internacionalitzaci\u00f3 i Cooperaci\u00f3","og_description":"Vicente Micol Molina es Vicerrector de Internacionalizaci\u00f3n y Cooperaci\u00f3n en la Universidad Miguel Hern\u00e1ndez de Elche","og_url":"https:\/\/internacional.umh.es\/en\/conocenos\/vicerrector\/","og_site_name":"Internacionalitzaci\u00f3 i Cooperaci\u00f3","article_modified_time":"2025-04-27T21:54:05+00:00","og_image":[{"url":"https:\/\/internacional.umh.es\/files\/2020\/06\/Vicente_Micol-300x300.jpg"}],"twitter_card":"summary_large_image","twitter_misc":{"Est. reading time":"2 minuts"},"schema":{"@context":"https:\/\/schema.org","@graph":[{"@type":"WebSite","@id":"https:\/\/internacional.umh.es\/en\/#website","url":"https:\/\/internacional.umh.es\/en\/","name":"Internacionalitzaci\u00f3 i Cooperaci\u00f3","description":"Universitat Miguel Hern\u00e1ndez d&#039;Elx","potentialAction":[{"@type":"SearchAction","target":{"@type":"EntryPoint","urlTemplate":"https:\/\/internacional.umh.es\/en\/?s={search_term_string}"},"query-input":"required name=search_term_string"}],"inLanguage":"ca"},{"@type":"ImageObject","@id":"https:\/\/internacional.umh.es\/en\/conocenos\/vicerrector\/#primaryimage","inLanguage":"ca","url":"https:\/\/internacional.umh.es\/files\/2020\/06\/Vicente_Micol.jpg","contentUrl":"https:\/\/internacional.umh.es\/files\/2020\/06\/Vicente_Micol.jpg","width":512,"height":512},{"@type":"WebPage","@id":"https:\/\/internacional.umh.es\/en\/conocenos\/vicerrector\/#webpage","url":"https:\/\/internacional.umh.es\/en\/conocenos\/vicerrector\/","name":"Vicerector - Internacionalitzaci\u00f3 i Cooperaci\u00f3","isPartOf":{"@id":"https:\/\/internacional.umh.es\/en\/#website"},"primaryImageOfPage":{"@id":"https:\/\/internacional.umh.es\/en\/conocenos\/vicerrector\/#primaryimage"},"datePublished":"2015-08-08T11:55:10+00:00","dateModified":"2025-04-27T21:54:05+00:00","description":"Vicente Micol Molina es Vicerrector de Internacionalizaci\u00f3n y Cooperaci\u00f3n en la Universidad Miguel Hern\u00e1ndez de Elche","breadcrumb":{"@id":"https:\/\/internacional.umh.es\/en\/conocenos\/vicerrector\/#breadcrumb"},"inLanguage":"ca","potentialAction":[{"@type":"ReadAction","target":["https:\/\/internacional.umh.es\/en\/conocenos\/vicerrector\/"]}]},{"@type":"BreadcrumbList","@id":"https:\/\/internacional.umh.es\/en\/conocenos\/vicerrector\/#breadcrumb","itemListElement":[{"@type":"ListItem","position":1,"name":"Home","item":"https:\/\/internacional.umh.es\/en\/"},{"@type":"ListItem","position":2,"name":"ABOUT US","item":"https:\/\/internacional.umh.es\/en\/conocenos\/"},{"@type":"ListItem","position":3,"name":"Vice Rector"}]}]}},"_links":{"self":[{"href":"https:\/\/internacional.umh.es\/ca\/wp-json\/wp\/v2\/pages\/2519"}],"collection":[{"href":"https:\/\/internacional.umh.es\/ca\/wp-json\/wp\/v2\/pages"}],"about":[{"href":"https:\/\/internacional.umh.es\/ca\/wp-json\/wp\/v2\/types\/page"}],"author":[{"embeddable":true,"href":"https:\/\/internacional.umh.es\/ca\/wp-json\/wp\/v2\/users\/3296"}],"replies":[{"embeddable":true,"href":"https:\/\/internacional.umh.es\/ca\/wp-json\/wp\/v2\/comments?post=2519"}],"version-history":[{"count":0,"href":"https:\/\/internacional.umh.es\/ca\/wp-json\/wp\/v2\/pages\/2519\/revisions"}],"up":[{"embeddable":true,"href":"https:\/\/internacional.umh.es\/ca\/wp-json\/wp\/v2\/pages\/2517"}],"wp:attachment":[{"href":"https:\/\/internacional.umh.es\/ca\/wp-json\/wp\/v2\/media?parent=2519"}],"curies":[{"name":"wp","href":"https:\/\/api.w.org\/{rel}","templated":true}]}}