{"id":2524,"date":"2024-04-19T13:20:41","date_gmt":"2024-04-19T11:20:41","guid":{"rendered":"http:\/\/internacional.umh.es\/?page_id=2524"},"modified":"2025-12-17T13:23:58","modified_gmt":"2025-12-17T12:23:58","slug":"servicio-de-relaciones-internacionales-cooperacion-al-desarrollo-y-voluntariado","status":"publish","type":"page","link":"https:\/\/internacional.umh.es\/ca\/conocenos\/servicio-de-relaciones-internacionales-cooperacion-al-desarrollo-y-voluntariado\/","title":{"rendered":"Servei de Relacions Internacionals, Cooperaci\u00f3 al Desenvolupament i Voluntariat"},"content":{"rendered":"<p><\/p>\n<h3><strong>Directora del Servei de Relacions Internacionals, Cooperaci\u00f3 al Desenvolupament i Voluntariat<\/strong><\/h3>\n<ul>\n<li><strong>Inmaculada Blaya Salvador<\/strong><\/li>\n<\/ul>\n<p>Tel.: + 34 966 658 710<br \/>\n<a title=\"Ho veur\u00e0s en una nova finestra\" href=\"mailto:inma.blaya@umh.es\" target=\"_blank\" rel=\"noopener\">inma.blaya@umh.es<\/a><\/p>\n<hr>\n<h3><strong>Secci\u00f3 Mobilitat, Suport Ling\u00fc\u00edstic i Programes Internacionals<\/strong><\/h3>\n<p style=\"text-align: justify\">Funcions:<\/p>\n<ul>\n<li style=\"list-style-type: none\">\n<ul>\n<li style=\"text-align: justify\">Gestionar els programes de mobilitat nacional i internacional destinada als estudiants de la UMH, amb la finalitat de realitzar estades per a estudis en universitats nacionals i estrangeres, i estades per a pr\u00e0ctiques, dins del Programa ERASMUS+, en institucions estrangeres.<a title=\"Accedeix a informaci\u00f3 completa sobre convocat\u00f2ries, destins i programes oferits per a Erasmus en la UMH\" href=\"https:\/\/internacional.umh.es\/ca\/conocenos\/servicio-de-relaciones-internacionales-cooperacion-al-desarrollo-y-voluntariado\/unidad-de-movilidad\/\">M\u00e9s informaci\u00f3<\/a><\/li>\n<li>Coordinar les accions estrat\u00e8giques per a potenciar la visibilitat i la projecci\u00f3 internacional de la UMH, atraure estudiants i personal docent i investigador d&#8217;universitats estrangeres de prestigi i facilitar la participaci\u00f3 de la comunitat universit\u00e0ria en programes de mobilitat internacional. Tanmateix facilitem la participaci\u00f3 de la comunitat universit\u00e0ria en projectes (de cooperaci\u00f3 i internacionals). <a title=\"Coneix els convenis i aliances de la UMH amb altres universitats, a m\u00e9s de projectes internacionals en els quals participa com a coordinadora o s\u00f2cia\" href=\"https:\/\/internacional.umh.es\/ca\/conocenos\/servei-de-relacions-internacionals-cooperacion-al-desenvolupament-i-voluntariat\/internacionalizacion\/\">M\u00e9s informaci\u00f3<\/a><\/li>\n<li>Realitzar&nbsp; traduccions i revisions de documents relacionats amb la projecci\u00f3 internacional de la UMH en general i de la doc\u00e8ncia i investigaci\u00f3 en particular. <a title=\"Accedeix i coneix els serveis de revisi\u00f3 de textos i traduccions oferits pel Servei d'RR.II.\" href=\"https:\/\/internacional.umh.es\/ca\/conocenos\/servicio-de-relaciones-internacionales-cooperacion-al-desarrollo-y-voluntariado\/apoyo-linguistico\/\">M\u00e9s informaci\u00f3<\/a><\/li>\n<\/ul>\n<\/li>\n<li><strong>M\u00f3nica Candela Sempere<\/strong> \u2013 Cap de secci\u00f3. Gesti\u00f3 de la mobilitat d&#8217;estudiants, PDI i PAS, Erasmus +, Mobilitat PDI i PAS incoming<\/li>\n<li><strong>Paul Nordstrom<\/strong> \u2013 Traduccions \u2013 P\u00e0gina web angl\u00e9s.<\/li>\n<li><strong>Susi Olivares Soto<\/strong>\u2013 Mobilitat d&#8217;estudiants \u2013 Programes DESTINO outgoing i Erasmus +<\/li>\n<li><strong>Mar\u00eda Jos\u00e9 Palao Bueno-<\/strong>Mobilitat de PDI i PAS Erasmus + outgoing<\/li>\n<li><strong>El\u00edas Poveda Guill\u00f3 <\/strong>\u2013 Mobilitat d&#8217;estudiants \u2013 Gesti\u00f3 Programa SICUE \u2013 Dobles titulacions \u2013 Estudiant visitant<\/li>\n<li><strong>Ana Isabel Pulgar Garc\u00eda<\/strong> \u2013 Gesti\u00f3 econ\u00f2mica, Programes DESTINO PDI i PAS<\/li>\n<li><strong>Nuria Quiles Maci\u00e1 <\/strong>\u2013 Mobilitat d&#8217;estudiants \u2013 Programes DESTINO incoming i Erasmus +<\/li>\n<li><strong>Ana Sempere<\/strong> -Mobilitat d&#8217;estudiants ERASMUS incoming<\/li>\n<\/ul>\n<p>Tel.: + 34 966 658 710 \/<br \/>\n<a title=\"Ho veur\u00e0s en una nova finestra\" href=\"mailto:movilidad@umh.es\" target=\"_blank\" rel=\"noopener\">movilidad@umh.es<\/a><\/p>\n<p><a title=\"Ho veur\u00e0s en una nova finestra\" href=\"mailto:internacional@umh.es\" target=\"_blank\" rel=\"noopener\">internacional@umh.es<\/a><\/p>\n<p><a title=\"Ho veur\u00e0s en una nova finestra\" href=\"mailto:lingua@umh.es\" target=\"_blank\" rel=\"noopener\">lingua@umh.es<\/a><\/p>\n<hr>\n<h3><strong>Secci\u00f3 Cooperaci\u00f3 al Desenvolupament i Voluntariat i Projectes<\/strong><\/h3>\n<p style=\"text-align: justify\">La seua funci\u00f3 principal \u00e9s promoure i canalitzar les l\u00ednies d&#8217;acci\u00f3 solid\u00e0ries que sorgeixen de la nostra comunitat universit\u00e0ria i de la societat en general, amb la finalitat d&#8217;aconseguir els objectius establits en <strong>l&#8217;Estrat\u00e8gia de Cooperaci\u00f3 Universit\u00e0ria al Desenvolupament<\/strong>, en el marc dels Objectius de Desenvolupament Sostenible (<strong>ODS<\/strong>) <strong>de l&#8217;Agenda 2030<\/strong> de les Nacions Unides.&nbsp; Tanmateix facilitem la participaci\u00f3 en projectes internacionals i de cooperaci\u00f3.<br \/>\n<a title=\"Descobreix els convenis de cooperaci\u00f3 projectes d'investigaci\u00f3 i CUD en els quals participa la UMH\" href=\"https:\/\/internacional.umh.es\/ca\/conocenos\/servicio-de-relaciones-internacionales-cooperacion-al-desarrollo-y-voluntariado\/cooperacion-al-desarrollo-y-voluntariado\/\">M\u00e9s informaci\u00f3<\/a><\/p>\n<ul>\n<li><strong>Laura Parrilla Serrano. <\/strong>Cap de secci\u00f3<\/li>\n<li><strong>Estefan\u00eda Esclapez Moreno<\/strong><\/li>\n<li><strong>Lorena Garc\u00eda de la Torre<\/strong><\/li>\n<li><strong>Izabela Swiecicka Rodr\u00edguez<\/strong><\/li>\n<li><strong>Luis Torr\u00fas Cort\u00e9s<\/strong><\/li>\n<\/ul>\n<p>Tels.: 966 658 683 \/ 965 222 175 \/ 965 222 129 |<br \/>\n<a title=\"Ho veur\u00e0s en una nova finestra\" href=\"mailto:cooperacion@umh.es\" target=\"_blank\" rel=\"noopener\">cooperacion@umh.es<\/a><\/p>\n<hr>\n<h4>Servei de Relacions Internacionals, Cooperaci\u00f3 al Desenvolupament i Voluntariat<\/h4>\n<p><a title=\"Accedeix ara al llistat de Mem\u00f2ries de Qualitat del Servei de Relacions Internacionals UMH de 2015 a 2021\" href=\"https:\/\/internacional.umh.es\/ca\/conocenos\/servicio-de-relaciones-internacionales-cooperacion-al-desarrollo-y-voluntariado\/memorias-de-actividades\/\" rel=\"noopener noreferrer\"><img loading=\"lazy\" class=\"alignnone wp-image-16182\" title=\"Accedeix ara al llistat de Mem\u00f2ries d'Activitats del Servei de Relacions Internacionals de la UMH de 2015 a 2021\" src=\"https:\/\/internacional.umh.es\/files\/2021\/03\/Consultar_Memories_.jpg\" alt=\"Mem\u00f2ria d'activitats Servei Relacions Internacionals UMH bot\u00f3\" width=\"220\" height=\"111\"><\/a><br \/>\n<a title=\"Ho veur\u00e0s en una nova finestra\" href=\"https:\/\/cartadeservicios.umh.es\/cartas_servicio\/ori\/index.html\" target=\"_blank\" rel=\"noopener noreferrer\">Carta de serveis<\/a><\/p>\n<p><strong>Ubicaci\u00f3<\/strong><br \/>\nUniversitat Miguel Hern\u00e1ndez<br \/>\nEdificio La G\u00e0l\u00b7lia, 1a planta<br \/>\nAvinguda de la Universitat, s\/n \u2013 03202 Elx (Espanya)<br \/>\n<a title=\"Ho veur\u00e0s en una nova finestra\" href=\"https:\/\/universite.umh.es\/localizaciones\/default.htm?&amp;selT=estancias&amp;selI=E05P1058\" target=\"_blank\" rel=\"noopener\">Localitza el Servei d&#8217;RR.II. de la UMH en el mapa<\/a><\/p>\n<p><strong>Horari<\/strong><br \/>\nDe dilluns a divendres<br \/>\nDe 09.00 h. a 14.00 h.<\/p>","protected":false},"excerpt":{"rendered":"<p>Directora del Servei de Relacions Internacionals, Cooperaci\u00f3 al Desenvolupament i Voluntariat<\/p>\n<p>Inmaculada Blaya Salvador<\/p>\n<p>Tel.: + 34 966 658 710<br \/>\ninma.blaya@umh.es<\/p>\n<p>Secci\u00f3 Mobilitat, Suport Ling\u00fc\u00edstic i Programes Internacionals<br \/>\nFuncions:<\/p>\n<p>Gestionar els programes de mobilitat nacional i internacional destinada als estudiants de la UMH, amb la finalitat de realitzar estades per a estudis en universitats nacionals i estrangeres, i estades per a [&#8230;]<\/p>\n","protected":false},"author":3296,"featured_media":0,"parent":2517,"menu_order":3,"comment_status":"closed","ping_status":"closed","template":"","meta":{"ngg_post_thumbnail":0,"_links_to":"","_links_to_target":""},"yoast_head":"<!-- This site is optimized with the Yoast SEO plugin v17.5 - https:\/\/yoast.com\/wordpress\/plugins\/seo\/ -->\n<meta name=\"description\" content=\"El Servicio de Relaciones Internacionales, Cooperaci\u00f3n al Desarrollo y Voluntariado UMH encargado de la movilidad PDI, PAS y estudiantes UMH\" \/>\n<meta name=\"robots\" content=\"index, follow, max-snippet:-1, max-image-preview:large, max-video-preview:-1\" \/>\n<link rel=\"canonical\" href=\"https:\/\/internacional.umh.es\/ca\/conocenos\/servicio-de-relaciones-internacionales-cooperacion-al-desarrollo-y-voluntariado\/\" \/>\n<meta property=\"og:locale\" content=\"ca_ES\" \/>\n<meta property=\"og:type\" content=\"article\" \/>\n<meta property=\"og:title\" content=\"Servei de Relacions Internacionals, Cooperaci\u00f3 al Desenvolupament i Voluntariat - Internacionalitzaci\u00f3 i Cooperaci\u00f3\" \/>\n<meta property=\"og:description\" content=\"El Servicio de Relaciones Internacionales, Cooperaci\u00f3n al Desarrollo y Voluntariado UMH encargado de la movilidad PDI, PAS y estudiantes UMH\" \/>\n<meta property=\"og:url\" content=\"https:\/\/internacional.umh.es\/en\/conocenos\/servicio-de-relaciones-internacionales-cooperacion-al-desarrollo-y-voluntariado\/\" \/>\n<meta property=\"og:site_name\" content=\"Internacionalitzaci\u00f3 i Cooperaci\u00f3\" \/>\n<meta property=\"article:modified_time\" content=\"2025-12-17T12:23:58+00:00\" \/>\n<meta property=\"og:image\" content=\"https:\/\/internacional.umh.es\/files\/2020\/07\/CONSULTAR-MEMORIAS-DE-ACTIVIDADES-1-300x151.png\" \/>\n<meta name=\"twitter:card\" content=\"summary_large_image\" \/>\n<meta name=\"twitter:label1\" content=\"Est. reading time\" \/>\n\t<meta name=\"twitter:data1\" content=\"2 minuts\" \/>\n<script type=\"application\/ld+json\" class=\"yoast-schema-graph\">{\"@context\":\"https:\/\/schema.org\",\"@graph\":[{\"@type\":\"WebSite\",\"@id\":\"https:\/\/internacional.umh.es\/en\/#website\",\"url\":\"https:\/\/internacional.umh.es\/en\/\",\"name\":\"Internacionalitzaci\\u00f3 i Cooperaci\\u00f3\",\"description\":\"Universitat Miguel Hern\\u00e1ndez d&#039;Elx\",\"potentialAction\":[{\"@type\":\"SearchAction\",\"target\":{\"@type\":\"EntryPoint\",\"urlTemplate\":\"https:\/\/internacional.umh.es\/en\/?s={search_term_string}\"},\"query-input\":\"required name=search_term_string\"}],\"inLanguage\":\"ca\"},{\"@type\":\"ImageObject\",\"@id\":\"https:\/\/internacional.umh.es\/en\/conocenos\/servicio-de-relaciones-internacionales-cooperacion-al-desarrollo-y-voluntariado\/#primaryimage\",\"inLanguage\":\"ca\",\"url\":\"https:\/\/internacional.umh.es\/files\/2020\/07\/CONSULTAR-MEMORIAS-DE-ACTIVIDADES-1.png\",\"contentUrl\":\"https:\/\/internacional.umh.es\/files\/2020\/07\/CONSULTAR-MEMORIAS-DE-ACTIVIDADES-1.png\",\"width\":468,\"height\":236},{\"@type\":\"WebPage\",\"@id\":\"https:\/\/internacional.umh.es\/en\/conocenos\/servicio-de-relaciones-internacionales-cooperacion-al-desarrollo-y-voluntariado\/#webpage\",\"url\":\"https:\/\/internacional.umh.es\/en\/conocenos\/servicio-de-relaciones-internacionales-cooperacion-al-desarrollo-y-voluntariado\/\",\"name\":\"Servei de Relacions Internacionals, Cooperaci\\u00f3 al Desenvolupament i Voluntariat - Internacionalitzaci\\u00f3 i Cooperaci\\u00f3\",\"isPartOf\":{\"@id\":\"https:\/\/internacional.umh.es\/en\/#website\"},\"primaryImageOfPage\":{\"@id\":\"https:\/\/internacional.umh.es\/en\/conocenos\/servicio-de-relaciones-internacionales-cooperacion-al-desarrollo-y-voluntariado\/#primaryimage\"},\"datePublished\":\"2024-04-19T11:20:41+00:00\",\"dateModified\":\"2025-12-17T12:23:58+00:00\",\"description\":\"El Servicio de Relaciones Internacionales, Cooperaci\\u00f3n al Desarrollo y Voluntariado UMH encargado de la movilidad PDI, PAS y estudiantes UMH\",\"breadcrumb\":{\"@id\":\"https:\/\/internacional.umh.es\/en\/conocenos\/servicio-de-relaciones-internacionales-cooperacion-al-desarrollo-y-voluntariado\/#breadcrumb\"},\"inLanguage\":\"ca\",\"potentialAction\":[{\"@type\":\"ReadAction\",\"target\":[\"https:\/\/internacional.umh.es\/en\/conocenos\/servicio-de-relaciones-internacionales-cooperacion-al-desarrollo-y-voluntariado\/\"]}]},{\"@type\":\"BreadcrumbList\",\"@id\":\"https:\/\/internacional.umh.es\/en\/conocenos\/servicio-de-relaciones-internacionales-cooperacion-al-desarrollo-y-voluntariado\/#breadcrumb\",\"itemListElement\":[{\"@type\":\"ListItem\",\"position\":1,\"name\":\"Home\",\"item\":\"https:\/\/internacional.umh.es\/en\/\"},{\"@type\":\"ListItem\",\"position\":2,\"name\":\"ABOUT US\",\"item\":\"https:\/\/internacional.umh.es\/en\/conocenos\/\"},{\"@type\":\"ListItem\",\"position\":3,\"name\":\"Service of International Relations and Cooperation\"}]}]}<\/script>\n<!-- \/ Yoast SEO plugin. -->","yoast_head_json":{"description":"El Servicio de Relaciones Internacionales, Cooperaci\u00f3n al Desarrollo y Voluntariado UMH encargado de la movilidad PDI, PAS y estudiantes UMH","robots":{"index":"index","follow":"follow","max-snippet":"max-snippet:-1","max-image-preview":"max-image-preview:large","max-video-preview":"max-video-preview:-1"},"canonical":"https:\/\/internacional.umh.es\/ca\/conocenos\/servicio-de-relaciones-internacionales-cooperacion-al-desarrollo-y-voluntariado\/","og_locale":"ca_ES","og_type":"article","og_title":"Servei de Relacions Internacionals, Cooperaci\u00f3 al Desenvolupament i Voluntariat - Internacionalitzaci\u00f3 i Cooperaci\u00f3","og_description":"El Servicio de Relaciones Internacionales, Cooperaci\u00f3n al Desarrollo y Voluntariado UMH encargado de la movilidad PDI, PAS y estudiantes UMH","og_url":"https:\/\/internacional.umh.es\/en\/conocenos\/servicio-de-relaciones-internacionales-cooperacion-al-desarrollo-y-voluntariado\/","og_site_name":"Internacionalitzaci\u00f3 i Cooperaci\u00f3","article_modified_time":"2025-12-17T12:23:58+00:00","og_image":[{"url":"https:\/\/internacional.umh.es\/files\/2020\/07\/CONSULTAR-MEMORIAS-DE-ACTIVIDADES-1-300x151.png"}],"twitter_card":"summary_large_image","twitter_misc":{"Est. reading time":"2 minuts"},"schema":{"@context":"https:\/\/schema.org","@graph":[{"@type":"WebSite","@id":"https:\/\/internacional.umh.es\/en\/#website","url":"https:\/\/internacional.umh.es\/en\/","name":"Internacionalitzaci\u00f3 i Cooperaci\u00f3","description":"Universitat Miguel Hern\u00e1ndez d&#039;Elx","potentialAction":[{"@type":"SearchAction","target":{"@type":"EntryPoint","urlTemplate":"https:\/\/internacional.umh.es\/en\/?s={search_term_string}"},"query-input":"required name=search_term_string"}],"inLanguage":"ca"},{"@type":"ImageObject","@id":"https:\/\/internacional.umh.es\/en\/conocenos\/servicio-de-relaciones-internacionales-cooperacion-al-desarrollo-y-voluntariado\/#primaryimage","inLanguage":"ca","url":"https:\/\/internacional.umh.es\/files\/2020\/07\/CONSULTAR-MEMORIAS-DE-ACTIVIDADES-1.png","contentUrl":"https:\/\/internacional.umh.es\/files\/2020\/07\/CONSULTAR-MEMORIAS-DE-ACTIVIDADES-1.png","width":468,"height":236},{"@type":"WebPage","@id":"https:\/\/internacional.umh.es\/en\/conocenos\/servicio-de-relaciones-internacionales-cooperacion-al-desarrollo-y-voluntariado\/#webpage","url":"https:\/\/internacional.umh.es\/en\/conocenos\/servicio-de-relaciones-internacionales-cooperacion-al-desarrollo-y-voluntariado\/","name":"Servei de Relacions Internacionals, Cooperaci\u00f3 al Desenvolupament i Voluntariat - Internacionalitzaci\u00f3 i Cooperaci\u00f3","isPartOf":{"@id":"https:\/\/internacional.umh.es\/en\/#website"},"primaryImageOfPage":{"@id":"https:\/\/internacional.umh.es\/en\/conocenos\/servicio-de-relaciones-internacionales-cooperacion-al-desarrollo-y-voluntariado\/#primaryimage"},"datePublished":"2024-04-19T11:20:41+00:00","dateModified":"2025-12-17T12:23:58+00:00","description":"El Servicio de Relaciones Internacionales, Cooperaci\u00f3n al Desarrollo y Voluntariado UMH encargado de la movilidad PDI, PAS y estudiantes UMH","breadcrumb":{"@id":"https:\/\/internacional.umh.es\/en\/conocenos\/servicio-de-relaciones-internacionales-cooperacion-al-desarrollo-y-voluntariado\/#breadcrumb"},"inLanguage":"ca","potentialAction":[{"@type":"ReadAction","target":["https:\/\/internacional.umh.es\/en\/conocenos\/servicio-de-relaciones-internacionales-cooperacion-al-desarrollo-y-voluntariado\/"]}]},{"@type":"BreadcrumbList","@id":"https:\/\/internacional.umh.es\/en\/conocenos\/servicio-de-relaciones-internacionales-cooperacion-al-desarrollo-y-voluntariado\/#breadcrumb","itemListElement":[{"@type":"ListItem","position":1,"name":"Home","item":"https:\/\/internacional.umh.es\/en\/"},{"@type":"ListItem","position":2,"name":"ABOUT US","item":"https:\/\/internacional.umh.es\/en\/conocenos\/"},{"@type":"ListItem","position":3,"name":"Service of International Relations and Cooperation"}]}]}},"_links":{"self":[{"href":"https:\/\/internacional.umh.es\/ca\/wp-json\/wp\/v2\/pages\/2524"}],"collection":[{"href":"https:\/\/internacional.umh.es\/ca\/wp-json\/wp\/v2\/pages"}],"about":[{"href":"https:\/\/internacional.umh.es\/ca\/wp-json\/wp\/v2\/types\/page"}],"author":[{"embeddable":true,"href":"https:\/\/internacional.umh.es\/ca\/wp-json\/wp\/v2\/users\/3296"}],"replies":[{"embeddable":true,"href":"https:\/\/internacional.umh.es\/ca\/wp-json\/wp\/v2\/comments?post=2524"}],"version-history":[{"count":0,"href":"https:\/\/internacional.umh.es\/ca\/wp-json\/wp\/v2\/pages\/2524\/revisions"}],"up":[{"embeddable":true,"href":"https:\/\/internacional.umh.es\/ca\/wp-json\/wp\/v2\/pages\/2517"}],"wp:attachment":[{"href":"https:\/\/internacional.umh.es\/ca\/wp-json\/wp\/v2\/media?parent=2524"}],"curies":[{"name":"wp","href":"https:\/\/api.w.org\/{rel}","templated":true}]}}