{"id":2532,"date":"2015-08-08T14:05:52","date_gmt":"2015-08-08T12:05:52","guid":{"rendered":"http:\/\/internacional.umh.es\/?page_id=2532"},"modified":"2026-04-02T13:52:56","modified_gmt":"2026-04-02T11:52:56","slug":"coordinadores-de-movilidad","status":"publish","type":"page","link":"https:\/\/internacional.umh.es\/ca\/conocenos\/coordinadores-de-movilidad\/","title":{"rendered":"Coordinadors de mobilitat"},"content":{"rendered":"<p><img loading=\"lazy\" class=\"alignleft wp-image-17289 size-medium\" title=\"La gesti\u00f3 de la mobilitat \u00e9s gestionada pel Vicerectorat i Servei de Relacions Internacionals de la UMH\" src=\"https:\/\/internacional.umh.es\/files\/2020\/11\/logo-erasmus-plus-300x61.png\" alt=\"Erasmus+ logo\" width=\"300\" height=\"61\" srcset=\"https:\/\/internacional.umh.es\/files\/2020\/11\/logo-erasmus-plus-300x61.png 300w, https:\/\/internacional.umh.es\/files\/2020\/11\/logo-erasmus-plus-768x156.png 768w, https:\/\/internacional.umh.es\/files\/2020\/11\/logo-erasmus-plus-1024x209.png 1024w, https:\/\/internacional.umh.es\/files\/2020\/11\/logo-erasmus-plus.png 1758w\" sizes=\"(max-width: 300px) 100vw, 300px\" \/><img loading=\"lazy\" class=\"alignnone wp-image-23167\" src=\"https:\/\/internacional.umh.es\/files\/2021\/11\/imagen-logo-SICUE-300x141.jpg\" title=\"Gran varietat de programes de Mobilitat SICUE-CRUE oferits per la UMH\" alt=\"Logo CRUE Universitats Espanyoles Coordinadors de mobilitat\" width=\"225\" height=\"106\"><\/p>\n<p style=\"text-align: justify\">Per a qualsevol dubte o consulta sobre mobilitat, aix\u00ed com per a la proposta <a href=\"https:\/\/internacional.umh.es\/movilidad\/estudiantes\/erasmus\/erasmus-estudios-2022-2023\/25873-2\/\" rel=\"noopener\" title=\"Coneix amb detall els Acords Acad\u00e8mics recents de la UMH\">d&#8217;Acords Acad\u00e8mics (<em>Learning Agreement)<\/em><\/a>, pots contactar directament amb els coordinadors de mobilitat del teu grau:<\/p>\n<h3><strong>ALTEA<\/strong><\/h3>\n<ul>\n<li><strong>Facultat de Belles Arts<\/strong>\n<ul>\n<li>Grau en Belles Arts: Jose Miguel Maldonado |<br \/>\n<a title=\"Ho veur\u00e0s en una nova finestra\" href=\"mailto:jmaldonado@umh.es\" target=\"_blank\" rel=\"noopener noreferrer\">jmaldonado@umh.es<\/a> | <a title=\"Veure fitxa de Jose Miguel Maldonado, obri una nova finestra\" href=\"https:\/\/www.umh.es\/contenido\/pdi\/:persona_5625\/datos_val.html\" target=\"_blank\" rel=\"noopener noreferrer\">Veure fitxa UMH<\/a><\/li>\n<\/ul>\n<\/li>\n<\/ul>\n<hr>\n<h3><strong>ELX<\/strong><\/h3>\n<ul>\n<li><strong>Facultat de Ci\u00e8ncies Socials i Jur\u00eddiques d&#8217;Elx: <\/strong>Rafael Carlos Dom\u00e9nech S\u00e1nchez | Vicedecano de Coordinaci\u00f3 i Mobilitat, \u00e9s l&#8217;encarregat de coordinar la mobilitat de la facultat de CCSSJJ d&#8217;Elx. |<br \/>\n<a title=\"Ho veur\u00e0s en una nova finestra\" href=\"mailto:r.domenech@umh.es\">r.domenech@umh.es<\/a> | <a title=\"Veure fitxa de Rafael Carlos Dom\u00e9nech S\u00e1nchez, obri una nova finestra\" href=\"http:\/\/www.umh.es\/contenido\/Universidad\/:persona_5585\/datos_val.html\" target=\"_blank\" rel=\"noopener noreferrer\">Veure fitxa UMH<\/a><\/p>\n<ul>\n<li>Grau en Administraci\u00f3 i Direcci\u00f3 d&#8217;Empreses (ADE): Jos\u00e9 Antonio Garc\u00eda Mart\u00ednez |<br \/>\n<a title=\"Ho veur\u00e0s en una nova finestra\" href=\"mailto:jose.garciam@umh.es\">jose.garciam@umh.es<\/a>| <a title=\"Veure fitxa de Jos\u00e9 Antonio Garc\u00eda Mart\u00ednez, obri una nova finestra\" href=\"https:\/\/www.umh.es\/contenido\/Estudios\/:persona_159820\/datos_val.html\" target=\"_blank\" rel=\"noopener noreferrer\">Veure fitxa UMH<\/a><\/li>\n<li>Grau en Comunicaci\u00f3 Audiovisual: Francisco Juli\u00e1n Mart\u00ednez Cano |<br \/>\n<a title=\"Ho veur\u00e0s en una nova finestra\" href=\"mailto:francisco.martinezc@umh.es\">francisco.martinezc@umh.es<\/a> | <a title=\"Veure fitxa de Francisco Juli\u00e1n Mart\u00ednez Cano, obri una nova finestra\" href=\"https:\/\/www.umh.es\/contenido\/Estudios\/:persona_111941\/datos_val.html\" target=\"_blank\" rel=\"noopener noreferrer\">Veure fitxa UMH<\/a><\/li>\n<li>Doble Grau en Comunicaci\u00f3 Audiovisual i Pediodisme: Vicente Javier P\u00e9rez Valero |<br \/>\n<a title=\"Ho veur\u00e0s en una nova finestra\" href=\"mailto:vperez@umh.es\">vperez@umh.es<\/a> | <a title=\"Veure fitxa de Vicente Javier P\u00e9rez Valero, obri una nova finestra\" href=\"https:\/\/www.umh.es\/contenido\/Estudios\/:persona_4728\/datos_val.html\" target=\"_blank\" rel=\"noopener noreferrer\">Veure fitxa UMH<\/a><\/li>\n<li>Doble Grau en Dret i Administraci\u00f3n y Direcci\u00f3 d&#8217;Empreses (DADE): Carmen Ortiz del Valle |<br \/>\n<a title=\"Ho veur\u00e0s en una nova finestra\" href=\"mailto:maria.ortiz@umh.es\">maria.ortiz@umh.es<\/a>| <a title=\"Veure fitxa de Carmen Ortiz del Valle, obri una nova finestra\" href=\"https:\/\/www.umh.es\/contenido\/Estudios\/:persona_151519\/datos_val.html\" target=\"_blank\" rel=\"noopener noreferrer\">Ver ficha UMH<\/a><\/li>\n<li>Grau en Dret: Alfonso Ortega Gim\u00e9nez |<br \/>\n<a title=\"Ho veur\u00e0s en una nova finestra\" href=\"mailto:alfonso.ortega@umh.es\">alfonso.ortega@umh.es<\/a> | <a title=\"Veure fitxa de Alfonso Ortega Gim\u00e9nez, obri una nova finestra\" href=\"http:\/\/www.umh.es\/contenido\/Universidad\/:persona_111572\/datos_val.html\" target=\"_blank\" rel=\"noopener noreferrer\">Veure fitxa UMH<\/a><\/li>\n<li>Grau en Estad\u00edstica Empresarial: Jos\u00e9 Lu\u00eds Sainz-Pardo Au\u00f1\u00f3n |<br \/>\n<a title=\"Ho veur\u00e0s en una nova finestra\" href=\"mailto:jlsainz@umh.es\">jlsainz@umh.es<\/a> | <a title=\"Veure fitxa de Jos\u00e9 Lu\u00eds Sainz-Pardo Au\u00f1\u00f3n, obri una nova finestra\" href=\"https:\/\/www.umh.es\/contenido\/Estudios\/:persona_4485\/datos_val.html\" target=\"_blank\" rel=\"noopener noreferrer\">Veure fitxa UMH<\/a><\/li>\n<li>Grau en Periodisme: F\u00e9lix Arias Robles |<br \/>\n<a title=\"Ho veur\u00e0s en una nova finestra\" href=\"mailto:farias@umh.es\">farias@umh.es<\/a> | <a title=\"Veure fitxa de F\u00e9lix Arias Robles, obri una nova finestra\" href=\"https:\/\/www.umh.es\/contenido\/Estudios\/:persona_129652\/datos_val.html\" target=\"_blank\" rel=\"noopener noreferrer\">Veure fitxa UMH<\/a><\/li>\n<li>Grau en Relacions Laborals i Recursos Humans: Purificaci\u00f3 Cremades Garc\u00eda |<br \/>\n<a title=\"Ho veur\u00e0s en una nova finestra\" href=\"mailto:p.cremades@umh.es\">p.cremades@umh.es<\/a> |<a title=\"Veure fitxa de Purificaci\u00f3 Cremades Garc\u00eda, obri una nova finestra\" href=\"https:\/\/www.umh.es\/contenido\/Estudiantes\/:persona_3856\/datos_val.html\" target=\"_blank\" rel=\"noopener noreferrer\">Veure fitxa UMH<\/a><\/li>\n<\/ul>\n<\/li>\n<\/ul>\n<ul>\n<li><strong>Escola Superior Polit\u00e8cnica d&#8217;Elx:<\/strong> Maria de los \u00c1ngeles Bustamante Mu\u00f1oz |<br \/>\n<a title=\"Ho veur\u00e0s en una nova finestra\" href=\"mailto:marian.bustamante@umh.es\">marian.bustamante@umh.es<\/a> | <a title=\"Veure fitxa de Maria de los \u00c1ngeles Bustamante Mu\u00f1oz, obri una nova finestra\" href=\"https:\/\/www.umh.es\/contenido\/Estudios\/:persona_120439\/datos_val.html\" target=\"_blank\" rel=\"noopener noreferrer\">Veure fitxa UMH<\/a><\/p>\n<ul>\n<li>Grau en Tecnologies de Telecomunicaci\u00f3: Maria de los \u00c1ngeles Bustamante Mu\u00f1oz |<br \/>\n<a title=\"Ho veur\u00e0s en una nova finestra\" href=\"mailto:marian.bustamante@umh.es\">marian.bustamante@umh.es<\/a> | <a title=\"Veure fitxa de Maria de los \u00c1ngeles Bustamante Mu\u00f1oz, obri una nova finestra\" href=\"https:\/\/www.umh.es\/contenido\/Estudios\/:persona_120439\/datos_val.html\" target=\"_blank\" rel=\"noopener noreferrer\">Veure fitxa UMH<\/a><\/li>\n<li>Grau en Enginyeria El\u00e8ctrica: Maria de los \u00c1ngeles Bustamante Mu\u00f1oz |<br \/>\n<a title=\"Ho veur\u00e0s en una nova finestra\" href=\"mailto:marian.bustamante@umh.es\">marian.bustamante@umh.es<\/a> | <a title=\"Veure fitxa de Maria de los \u00c1ngeles Bustamante Mu\u00f1oz, obri una nova finestra\" href=\"https:\/\/www.umh.es\/contenido\/Estudios\/:persona_120439\/datos_val.html\" target=\"_blank\" rel=\"noopener noreferrer\">Veure fitxa UMH<\/a><\/li>\n<li>Grau en Enginyeria Electr\u00f2nica i Autom\u00e0tica Industrial: Maria de los \u00c1ngeles Bustamante Mu\u00f1oz |<br \/>\n<a title=\"Ho veur\u00e0s en una nova finestra\" href=\"mailto:marian.bustamante@umh.es\">marian.bustamante@umh.es<\/a> | <a title=\"Veure fitxa de Maria de los \u00c1ngeles Bustamante Mu\u00f1oz, obri una nova finestra\" href=\"https:\/\/www.umh.es\/contenido\/Estudios\/:persona_120439\/datos_val.html\" target=\"_blank\" rel=\"noopener noreferrer\">Veure fitxa UMH<\/a><\/li>\n<li>Grau en Inform\u00e0tica en Tecnologies de la Informaci\u00f3: Maria de los \u00c1ngeles Bustamante Mu\u00f1oz |<br \/>\n<a title=\"Ho veur\u00e0s en una nova finestra\" href=\"mailto:marian.bustamante@umh.es\">marian.bustamante@umh.es<\/a> | <a title=\"Veure fitxa de Maria de los \u00c1ngeles Bustamante Mu\u00f1oz, obri una nova finestra\" href=\"https:\/\/www.umh.es\/contenido\/Estudios\/:persona_120439\/datos_val.html\" target=\"_blank\" rel=\"noopener noreferrer\">Veure fitxa UMH<\/a><\/li>\n<li>Grau en Enginyeria Mec\u00e0nica: Maria de los \u00c1ngeles Bustamante Mu\u00f1oz |<br \/>\n<a title=\"Ho veur\u00e0s en una nova finestra\" href=\"mailto:marian.bustamante@umh.es\">marian.bustamante@umh.es<\/a> | <a title=\"Veure fitxa de Maria de los \u00c1ngeles Bustamante Mu\u00f1oz, obri una nova finestra\" href=\"https:\/\/www.umh.es\/contenido\/Estudios\/:persona_120439\/datos_val.html\" target=\"_blank\" rel=\"noopener noreferrer\">Veure fitxa UMH<\/a><\/li>\n<\/ul>\n<\/li>\n<\/ul>\n<ul>\n<li><strong>Facultat de Ci\u00e8ncies Experimentals:<\/strong> V\u00edctor Manuel Quesada P\u00e9rez |<br \/>\n<a title=\"Ho veur\u00e0s en una nova finestra\" href=\"mailto:vquesada@umh.es\">vquesada@umh.es<\/a>| <a title=\"Veure fitxa de V\u00edctor Manuel Quesada P\u00e9rez, obri una nova finestra\" href=\"http:\/\/www.umh.es\/contenido\/Universidad\/:persona_4230\/datos_val.html\" target=\"_blank\" rel=\"noopener noreferrer\">Veure fitxa UMH<\/a><\/p>\n<ul>\n<li>Grau en Biotecnologia: V\u00edctor Manuel Quesada P\u00e9rez |<br \/>\n<a title=\"Ho veur\u00e0s en una nova finestra\" href=\"mailto:vquesada@umh.es\">vquesada@umh.es<\/a>| <a title=\"Veure fitxa de V\u00edctor Manuel Quesada P\u00e9rez, obri una nova finestra\" href=\"http:\/\/www.umh.es\/contenido\/Universidad\/:persona_4230\/datos_val.html\" target=\"_blank\" rel=\"noopener noreferrer\">Veure fitxa UMH<\/a><\/li>\n<li>Grau en Ci\u00e8ncies Ambientals: V\u00edctor Manuel Quesada P\u00e9rez |<br \/>\n<a title=\"Ho veur\u00e0s en una nova finestra\" href=\"mailto:vquesada@umh.es\">vquesada@umh.es<\/a>| <a title=\"Veure fitxa de V\u00edctor Manuel Quesada P\u00e9rez, obri una nova finestra\" href=\"http:\/\/www.umh.es\/contenido\/Universidad\/:persona_4230\/datos_val.html\" target=\"_blank\" rel=\"noopener noreferrer\">Veure fitxa UMH<\/a><\/li>\n<\/ul>\n<\/li>\n<\/ul>\n<ul>\n<li><strong>Facultat de Ci\u00e8ncies Sociosanit\u00e0ries<\/strong>\n<ul>\n<li>Grau en Ci\u00e8ncies de l&#8217;Activitat F\u00edsica i de l&#8217;Esport: Alba Rold\u00e1n Romero |<br \/>\n<a title=\"Ho veur\u00e0s en una nova finestra\" href=\"mailto:aroldan@umh.es\">aroldan@umh.es<\/a>| <a title=\"Veure fitxa de Alba Rold\u00e1n Romero, obri una nova finestra\" href=\"https:\/\/www.umh.es\/contenido\/Estudios\/:persona_198035\/datos_val.html\" target=\"_blank\" rel=\"noopener noreferrer\">Veure fitxa UMH<\/a><\/li>\n<li>Grau en Psicologia: Eva Le\u00f3n Cerce\u00f1o |<br \/>\n<a title=\"Ho veur\u00e0s en una nova finestra\" href=\"mailto:eleon@umh.es\">eleon@umh.es<\/a> | <a title=\"Veure fitxa d'Eva Le\u00f3n Cerce\u00f1o, obri una nova finestra\" href=\"https:\/\/umh.es\/contenido\/universidad\/:persona_132504\/datos_val.html\" target=\"_blank\" rel=\"noopener noreferrer\">Veure fitxa UMH<\/a><\/li>\n<\/ul>\n<\/li>\n<\/ul>\n<hr>\n<h3><strong>ORIOLA<\/strong><\/h3>\n<ul>\n<li><strong>Escola Polit\u00e8cnica Superior d&#8217;Oriola (EPSO)<\/strong>\n<ul>\n<li>Grau en Ci\u00e8ncia i Tecnologia d&#8217;Aliments: Salvador Castillo Garc\u00eda |<br \/>\n<a title=\"Ho veur\u00e0s en una nova finestra\" href=\"mailto:scastillo@umh.es\">scastillo@umh.es<\/a> | <a title=\"Veure fitxa de Salvador Castillo Garc\u00eda, obri una nova finestra\" href=\"https:\/\/www.umh.es\/contenido\/PDI\/:persona_12908\/datos_val.html\" target=\"_blank\" rel=\"noopener noreferrer\">Veure fitxa UMH<\/a><\/li>\n<li>Grau en Enginyeria Agroaliment\u00e0ria i Agroambiental: M\u00aa de la Luz Garc\u00eda Pardo |<br \/>\n<a title=\"Ho veur\u00e0s en una nova finestra\" href=\"mailto:mariluz.garcia@umh.es\">mariluz.garcia@umh.es<\/a> | <a title=\"Veure fitxa de M\u00aa de la Luz Garc\u00eda Pardo, obri una nova finestra\" href=\"https:\/\/www.umh.es\/contenido\/Estudios\/:persona_33074\/datos_val.html\" target=\"_blank\" rel=\"noopener noreferrer\">Veure fitxa UMH<\/a><\/li>\n<li>M\u00e0ster Universitari en Enginyeria Agron\u00f2mica: Santiago Mart\u00ednez Garc\u00eda |<br \/>\n<a title=\"Ho veur\u00e0s en una nova finestra\" href=\"mailto:sgarcia@umh.es\">sgarcia@umh.es<\/a> | <a title=\"Veure fitxa de Santiago Mart\u00ednez Garc\u00eda, obri en una nova finestra\" href=\"https:\/\/www.umh.es\/contenido\/Estudios\/:persona_1769\/datos_val.html\" target=\"_blank\" rel=\"noopener noreferrer\">Veure fitxa UMH<\/a><\/li>\n<\/ul>\n<\/li>\n<\/ul>\n<ul>\n<li><strong>Facultat de Ci\u00e8ncies Socials i Jur\u00eddiques d&#8217;Oriola:<\/strong>\n<ul>\n<li>Grau en Administraci\u00f3 i Gesti\u00f3 d&#8217;Empreses: Jos\u00e9 Francisco Parra Azor |<br \/>\n<a title=\"Ho veur\u00e0s en una nova finestra\" href=\"mailto:jofra.parra@umh.es\">jofra.parra@umh.es<\/a> | <a title=\"Veure fitxa de Jos\u00e9 Francisco Parra Azor, obri una nova finestra\" href=\"https:\/\/www.umh.es\/contenido\/Estudios\/:persona_4243\/datos_val.html\" target=\"_blank\" rel=\"noopener noreferrer\">Veure fitxa UMH<\/a><\/li>\n<li>Grau en Ci\u00e8ncies Pol\u00edtiques i Gesti\u00f3 P\u00fablica: Jos\u00e9 Francisco Parra Azor |<br \/>\n<a title=\"Ho veur\u00e0s en una nova finestra\" href=\"mailto:jofra.parra@umh.es\">jofra.parra@umh.es<\/a> | <a title=\"Veure fitxa de Jos\u00e9 Francisco Parra Azor, obri una nova finestra\" href=\"https:\/\/www.umh.es\/contenido\/Estudios\/:persona_4243\/datos_val.html\" target=\"_blank\" rel=\"noopener noreferrer\">Veure fitxa UMH<\/a><\/li>\n<\/ul>\n<\/li>\n<\/ul>\n<hr>\n<h3><strong>SANT JOAN<\/strong><\/h3>\n<ul>\n<li><strong>Facultat de Farm\u00e0cia<\/strong>\n<ul>\n<li>Grau en Farm\u00e0cia: Juan Antonio Reig Maci\u00e1 |<br \/>\n<a title=\"Ho veur\u00e0s en una nova finestra\" href=\"mailto:jareig@umh.es\">jareig@umh.es<\/a> | <a title=\"Veure fitxa de Juan Antonio Reig Maci\u00e1, obri una nova finestra\" href=\"http:\/\/www.umh.es\/contenido\/Universidad\/:persona_5293\/datos_val.html\" target=\"_blank\" rel=\"noopener noreferrer\">Veure fitxa UMH<\/a><\/li>\n<\/ul>\n<\/li>\n<\/ul>\n<ul>\n<li><strong>Facultat de Medicina<\/strong>\n<ul>\n<li>Grau en Fisioter\u00e0pia: Carlos Lozano Quijada |<br \/>\n<a title=\"Ho veur\u00e0s en una nova finestra\" href=\"mailto:clozano@umh.es\">clozano@umh.es<\/a> | <a title=\"Veure fitxa de Carlos Lozano Quijada, obri una nova finestra\" href=\"https:\/\/www.umh.es\/contenido\/Investigacion\/:persona_126227\/datos_val.html\" target=\"_blank\" rel=\"noopener noreferrer\">Veure fitxa UMH<\/a><\/li>\n<li>Grau en Medicina: Prof. Diego Echevarr\u00eda Aza |<br \/>\n<a title=\"Ho veur\u00e0s en una nova finestra\" href=\"mailto:diegoaza@umh.es\">diegoaza@umh.es<\/a> | <a title=\"Veure fitxa de Diego Echevarr\u00eda Aza, obri una nova finestra\" href=\"https:\/\/www.umh.es\/contenido\/Estudiantes\/:persona_109381\/datos_val.html\" target=\"_blank\" rel=\"noopener noreferrer\">Veure fitxa UMH<\/a><\/li>\n<li>Grau en Podologia: Pendent de confirmaci\u00f3 |<br \/>\n<a title=\"Ho veur\u00e0s en una nova finestra\" href=\"mailto:#\">Per determinar<\/a> | <a title=\"Veur\u00e0s la fitxa en breu en una nova finestra\" href=\"#\" target=\"_blank\" rel=\"noopener noreferrer\">Veure fitxa UMH<\/a><\/li>\n<li>Grau en Ter\u00e0pia Ocupacional: Profa. Paula Peral G\u00f3mez |<br \/>\n<a title=\"Ho veur\u00e0s en una nova finestra\" href=\"mailto:pperal@umh.es\">pperal@umh.es<\/a> | <a title=\"Veure fitxa de Profa. Paula Peral G\u00f3mez, obri una nova finestra\" href=\"https:\/\/www.umh.es\/contenido\/Visitantes\/:persona_122339\/datos_val.html\" target=\"_blank\" rel=\"noopener noreferrer\">Veure fitxa UMH<\/a><\/li>\n<\/ul>\n<\/li>\n<\/ul>\n<p><\/p>","protected":false},"excerpt":{"rendered":"<p>Per a qualsevol dubte o consulta sobre mobilitat, aix\u00ed com per a la proposta d&#8217;Acords Acad\u00e8mics (Learning Agreement), pots contactar directament amb els coordinadors de mobilitat del teu grau:<br \/>\nALTEA<\/p>\n<p>Facultat de Belles Arts<\/p>\n<p>Grau en Belles Arts: Jose Miguel Maldonado |<br \/>\njmaldonado@umh.es | Veure fitxa UMH<\/p>\n<p>ELX<\/p>\n<p>Facultat de Ci\u00e8ncies Socials i Jur\u00eddiques d&#8217;Elx: Rafael Carlos Dom\u00e9nech S\u00e1nchez | Vicedecano [&#8230;]<\/p>\n","protected":false},"author":3296,"featured_media":0,"parent":2517,"menu_order":3,"comment_status":"closed","ping_status":"closed","template":"","meta":{"ngg_post_thumbnail":0,"_links_to":"","_links_to_target":""},"yoast_head":"<!-- This site is optimized with the Yoast SEO plugin v17.5 - https:\/\/yoast.com\/wordpress\/plugins\/seo\/ -->\n<meta name=\"description\" content=\"Los coordinadores de movilidad responden a consultas sobre movilidad, propuesta de Acuerdos Acad\u00e9micos (Learning Agreement) sobre Erasmus+\" \/>\n<meta name=\"robots\" content=\"index, follow, max-snippet:-1, max-image-preview:large, max-video-preview:-1\" \/>\n<link rel=\"canonical\" href=\"https:\/\/internacional.umh.es\/ca\/conocenos\/coordinadores-de-movilidad\/\" \/>\n<meta property=\"og:locale\" content=\"ca_ES\" \/>\n<meta property=\"og:type\" content=\"article\" \/>\n<meta property=\"og:title\" content=\"Coordinadors de mobilitat - Internacionalitzaci\u00f3 i Cooperaci\u00f3\" \/>\n<meta property=\"og:description\" content=\"Los coordinadores de movilidad responden a consultas sobre movilidad, propuesta de Acuerdos Acad\u00e9micos (Learning Agreement) sobre Erasmus+\" \/>\n<meta property=\"og:url\" content=\"https:\/\/internacional.umh.es\/conocenos\/coordinadores-de-movilidad\/\" \/>\n<meta property=\"og:site_name\" content=\"Internacionalitzaci\u00f3 i Cooperaci\u00f3\" \/>\n<meta property=\"article:modified_time\" content=\"2026-04-02T11:52:56+00:00\" \/>\n<meta property=\"og:image\" content=\"https:\/\/internacional.umh.es\/files\/2020\/11\/logo-erasmus-plus-300x61.png\" \/>\n<meta name=\"twitter:card\" content=\"summary_large_image\" \/>\n<meta name=\"twitter:label1\" content=\"Est. reading time\" \/>\n\t<meta name=\"twitter:data1\" content=\"3 minuts\" \/>\n<script type=\"application\/ld+json\" class=\"yoast-schema-graph\">{\"@context\":\"https:\/\/schema.org\",\"@graph\":[{\"@type\":\"WebSite\",\"@id\":\"https:\/\/internacional.umh.es\/en\/#website\",\"url\":\"https:\/\/internacional.umh.es\/en\/\",\"name\":\"Internacionalitzaci\\u00f3 i Cooperaci\\u00f3\",\"description\":\"Universitat Miguel Hern\\u00e1ndez d&#039;Elx\",\"potentialAction\":[{\"@type\":\"SearchAction\",\"target\":{\"@type\":\"EntryPoint\",\"urlTemplate\":\"https:\/\/internacional.umh.es\/en\/?s={search_term_string}\"},\"query-input\":\"required name=search_term_string\"}],\"inLanguage\":\"ca\"},{\"@type\":\"ImageObject\",\"@id\":\"https:\/\/internacional.umh.es\/conocenos\/coordinadores-de-movilidad\/#primaryimage\",\"inLanguage\":\"ca\",\"url\":\"https:\/\/internacional.umh.es\/files\/2020\/11\/logo-erasmus-plus.png\",\"contentUrl\":\"https:\/\/internacional.umh.es\/files\/2020\/11\/logo-erasmus-plus.png\",\"width\":1758,\"height\":358,\"caption\":\"Logo Erasmus+\"},{\"@type\":\"WebPage\",\"@id\":\"https:\/\/internacional.umh.es\/conocenos\/coordinadores-de-movilidad\/#webpage\",\"url\":\"https:\/\/internacional.umh.es\/conocenos\/coordinadores-de-movilidad\/\",\"name\":\"Coordinadors de mobilitat - Internacionalitzaci\\u00f3 i Cooperaci\\u00f3\",\"isPartOf\":{\"@id\":\"https:\/\/internacional.umh.es\/en\/#website\"},\"primaryImageOfPage\":{\"@id\":\"https:\/\/internacional.umh.es\/conocenos\/coordinadores-de-movilidad\/#primaryimage\"},\"datePublished\":\"2015-08-08T12:05:52+00:00\",\"dateModified\":\"2026-04-02T11:52:56+00:00\",\"description\":\"Los coordinadores de movilidad responden a consultas sobre movilidad, propuesta de Acuerdos Acad\\u00e9micos (Learning Agreement) sobre Erasmus+\",\"breadcrumb\":{\"@id\":\"https:\/\/internacional.umh.es\/conocenos\/coordinadores-de-movilidad\/#breadcrumb\"},\"inLanguage\":\"ca\",\"potentialAction\":[{\"@type\":\"ReadAction\",\"target\":[\"https:\/\/internacional.umh.es\/conocenos\/coordinadores-de-movilidad\/\"]}]},{\"@type\":\"BreadcrumbList\",\"@id\":\"https:\/\/internacional.umh.es\/conocenos\/coordinadores-de-movilidad\/#breadcrumb\",\"itemListElement\":[{\"@type\":\"ListItem\",\"position\":1,\"name\":\"Home\",\"item\":\"https:\/\/internacional.umh.es\/en\/\"},{\"@type\":\"ListItem\",\"position\":2,\"name\":\"ABOUT US\",\"item\":\"https:\/\/internacional.umh.es\/en\/conocenos\/\"},{\"@type\":\"ListItem\",\"position\":3,\"name\":\"Coordinadores de movilidad\"}]}]}<\/script>\n<!-- \/ Yoast SEO plugin. -->","yoast_head_json":{"description":"Los coordinadores de movilidad responden a consultas sobre movilidad, propuesta de Acuerdos Acad\u00e9micos (Learning Agreement) sobre Erasmus+","robots":{"index":"index","follow":"follow","max-snippet":"max-snippet:-1","max-image-preview":"max-image-preview:large","max-video-preview":"max-video-preview:-1"},"canonical":"https:\/\/internacional.umh.es\/ca\/conocenos\/coordinadores-de-movilidad\/","og_locale":"ca_ES","og_type":"article","og_title":"Coordinadors de mobilitat - Internacionalitzaci\u00f3 i Cooperaci\u00f3","og_description":"Los coordinadores de movilidad responden a consultas sobre movilidad, propuesta de Acuerdos Acad\u00e9micos (Learning Agreement) sobre Erasmus+","og_url":"https:\/\/internacional.umh.es\/conocenos\/coordinadores-de-movilidad\/","og_site_name":"Internacionalitzaci\u00f3 i Cooperaci\u00f3","article_modified_time":"2026-04-02T11:52:56+00:00","og_image":[{"url":"https:\/\/internacional.umh.es\/files\/2020\/11\/logo-erasmus-plus-300x61.png"}],"twitter_card":"summary_large_image","twitter_misc":{"Est. reading time":"3 minuts"},"schema":{"@context":"https:\/\/schema.org","@graph":[{"@type":"WebSite","@id":"https:\/\/internacional.umh.es\/en\/#website","url":"https:\/\/internacional.umh.es\/en\/","name":"Internacionalitzaci\u00f3 i Cooperaci\u00f3","description":"Universitat Miguel Hern\u00e1ndez d&#039;Elx","potentialAction":[{"@type":"SearchAction","target":{"@type":"EntryPoint","urlTemplate":"https:\/\/internacional.umh.es\/en\/?s={search_term_string}"},"query-input":"required name=search_term_string"}],"inLanguage":"ca"},{"@type":"ImageObject","@id":"https:\/\/internacional.umh.es\/conocenos\/coordinadores-de-movilidad\/#primaryimage","inLanguage":"ca","url":"https:\/\/internacional.umh.es\/files\/2020\/11\/logo-erasmus-plus.png","contentUrl":"https:\/\/internacional.umh.es\/files\/2020\/11\/logo-erasmus-plus.png","width":1758,"height":358,"caption":"Logo Erasmus+"},{"@type":"WebPage","@id":"https:\/\/internacional.umh.es\/conocenos\/coordinadores-de-movilidad\/#webpage","url":"https:\/\/internacional.umh.es\/conocenos\/coordinadores-de-movilidad\/","name":"Coordinadors de mobilitat - Internacionalitzaci\u00f3 i Cooperaci\u00f3","isPartOf":{"@id":"https:\/\/internacional.umh.es\/en\/#website"},"primaryImageOfPage":{"@id":"https:\/\/internacional.umh.es\/conocenos\/coordinadores-de-movilidad\/#primaryimage"},"datePublished":"2015-08-08T12:05:52+00:00","dateModified":"2026-04-02T11:52:56+00:00","description":"Los coordinadores de movilidad responden a consultas sobre movilidad, propuesta de Acuerdos Acad\u00e9micos (Learning Agreement) sobre Erasmus+","breadcrumb":{"@id":"https:\/\/internacional.umh.es\/conocenos\/coordinadores-de-movilidad\/#breadcrumb"},"inLanguage":"ca","potentialAction":[{"@type":"ReadAction","target":["https:\/\/internacional.umh.es\/conocenos\/coordinadores-de-movilidad\/"]}]},{"@type":"BreadcrumbList","@id":"https:\/\/internacional.umh.es\/conocenos\/coordinadores-de-movilidad\/#breadcrumb","itemListElement":[{"@type":"ListItem","position":1,"name":"Home","item":"https:\/\/internacional.umh.es\/en\/"},{"@type":"ListItem","position":2,"name":"ABOUT US","item":"https:\/\/internacional.umh.es\/en\/conocenos\/"},{"@type":"ListItem","position":3,"name":"Coordinadores de movilidad"}]}]}},"_links":{"self":[{"href":"https:\/\/internacional.umh.es\/ca\/wp-json\/wp\/v2\/pages\/2532"}],"collection":[{"href":"https:\/\/internacional.umh.es\/ca\/wp-json\/wp\/v2\/pages"}],"about":[{"href":"https:\/\/internacional.umh.es\/ca\/wp-json\/wp\/v2\/types\/page"}],"author":[{"embeddable":true,"href":"https:\/\/internacional.umh.es\/ca\/wp-json\/wp\/v2\/users\/3296"}],"replies":[{"embeddable":true,"href":"https:\/\/internacional.umh.es\/ca\/wp-json\/wp\/v2\/comments?post=2532"}],"version-history":[{"count":0,"href":"https:\/\/internacional.umh.es\/ca\/wp-json\/wp\/v2\/pages\/2532\/revisions"}],"up":[{"embeddable":true,"href":"https:\/\/internacional.umh.es\/ca\/wp-json\/wp\/v2\/pages\/2517"}],"wp:attachment":[{"href":"https:\/\/internacional.umh.es\/ca\/wp-json\/wp\/v2\/media?parent=2532"}],"curies":[{"name":"wp","href":"https:\/\/api.w.org\/{rel}","templated":true}]}}