{"id":25850,"date":"2022-04-12T11:18:59","date_gmt":"2022-04-12T09:18:59","guid":{"rendered":"https:\/\/internacional.umh.es\/?page_id=25850"},"modified":"2024-03-21T14:49:16","modified_gmt":"2024-03-21T13:49:16","slug":"programavoluntariado-cooperacioninternacional","status":"publish","type":"page","link":"https:\/\/internacional.umh.es\/ca\/programavoluntariado-cooperacioninternacional\/","title":{"rendered":"<span lang=\"es\">(Espa\u00f1ol) Programa de Voluntariado en Cooperaci\u00f3n Internacional al Desarrollo (CID) UMH<\/span>"},"content":{"rendered":"<p class=\"qtranxs-available-languages-message qtranxs-available-languages-message-ca\">Ho sent, per\u00f2 aquesta entrada nom\u00e9s est\u00e0 disponible en <a href=\"https:\/\/internacional.umh.es\/es\/wp-json\/wp\/v2\/pages\/25850\" class=\"qtranxs-available-language-link qtranxs-available-language-link-es\" title=\"Espa\u00f1ol\">Espanyol Europeu<\/a> i <a href=\"https:\/\/internacional.umh.es\/en\/wp-json\/wp\/v2\/pages\/25850\" class=\"qtranxs-available-language-link qtranxs-available-language-link-en\" title=\"English\">Angl\u00e8s Americ\u00e0<\/a>.<\/p>","protected":false},"excerpt":{"rendered":"<p>Ho sent, per\u00f2 aquesta entrada nom\u00e9s est\u00e0 disponible en Espanyol Europeu i Angl\u00e8s Americ\u00e0.<\/p>\n","protected":false},"author":5216,"featured_media":0,"parent":0,"menu_order":0,"comment_status":"closed","ping_status":"closed","template":"","meta":{"ngg_post_thumbnail":0,"_links_to":"","_links_to_target":""},"yoast_head":"<!-- This site is optimized with the Yoast SEO plugin v17.5 - https:\/\/yoast.com\/wordpress\/plugins\/seo\/ -->\n<meta name=\"description\" content=\"Programa de Voluntariado en Cooperaci\u00f3n Internacional al Desarrollo (CID) UMH. El programa consta de varias fases: la primera es la participaci\u00f3n en el Campus de Cooperaci\u00f3n Internacional al Desarrollo (24, 25 y 26 de junio de 2022); en segundo lugar, la implicaci\u00f3n de voluntariado de la UMH en proyectos de ONGD; y finalmente sesiones de formaci\u00f3n espec\u00edfica en la UMH (2 \u00f3 3 tardes\/semana).\" \/>\n<meta name=\"robots\" content=\"index, follow, max-snippet:-1, max-image-preview:large, max-video-preview:-1\" \/>\n<link rel=\"canonical\" href=\"https:\/\/internacional.umh.es\/ca\/programavoluntariado-cooperacioninternacional\/\" \/>\n<meta property=\"og:locale\" content=\"ca_ES\" \/>\n<meta property=\"og:type\" content=\"article\" \/>\n<meta property=\"og:title\" content=\"(Espa\u00f1ol) Programa de Voluntariado en Cooperaci\u00f3n Internacional al Desarrollo (CID) UMH - Internacionalitzaci\u00f3 i Cooperaci\u00f3\" \/>\n<meta property=\"og:description\" content=\"Programa de Voluntariado en Cooperaci\u00f3n Internacional al Desarrollo (CID) UMH. El programa consta de varias fases: la primera es la participaci\u00f3n en el Campus de Cooperaci\u00f3n Internacional al Desarrollo (24, 25 y 26 de junio de 2022); en segundo lugar, la implicaci\u00f3n de voluntariado de la UMH en proyectos de ONGD; y finalmente sesiones de formaci\u00f3n espec\u00edfica en la UMH (2 \u00f3 3 tardes\/semana).\" \/>\n<meta property=\"og:url\" content=\"https:\/\/internacional.umh.es\/en\/programavoluntariado-cooperacioninternacional\/\" \/>\n<meta property=\"og:site_name\" content=\"Internacionalitzaci\u00f3 i Cooperaci\u00f3\" \/>\n<meta property=\"article:modified_time\" content=\"2024-03-21T13:49:16+00:00\" \/>\n<meta property=\"og:image\" content=\"https:\/\/internacional.umh.es\/files\/2022\/07\/PROGRAMA-DE-VOLUNTARIADO-CON-LOGOS.png\" \/>\n<meta name=\"twitter:card\" content=\"summary_large_image\" \/>\n<meta name=\"twitter:label1\" content=\"Est. reading time\" \/>\n\t<meta name=\"twitter:data1\" content=\"3 minuts\" \/>\n<script type=\"application\/ld+json\" class=\"yoast-schema-graph\">{\"@context\":\"https:\/\/schema.org\",\"@graph\":[{\"@type\":\"WebSite\",\"@id\":\"https:\/\/internacional.umh.es\/en\/#website\",\"url\":\"https:\/\/internacional.umh.es\/en\/\",\"name\":\"Internacionalitzaci\\u00f3 i Cooperaci\\u00f3\",\"description\":\"Universitat Miguel Hern\\u00e1ndez d&#039;Elx\",\"potentialAction\":[{\"@type\":\"SearchAction\",\"target\":{\"@type\":\"EntryPoint\",\"urlTemplate\":\"https:\/\/internacional.umh.es\/en\/?s={search_term_string}\"},\"query-input\":\"required name=search_term_string\"}],\"inLanguage\":\"ca\"},{\"@type\":\"ImageObject\",\"@id\":\"https:\/\/internacional.umh.es\/en\/programavoluntariado-cooperacioninternacional\/#primaryimage\",\"inLanguage\":\"ca\",\"url\":\"https:\/\/internacional.umh.es\/files\/2022\/07\/PROGRAMA-DE-VOLUNTARIADO-CON-LOGOS.png\",\"contentUrl\":\"https:\/\/internacional.umh.es\/files\/2022\/07\/PROGRAMA-DE-VOLUNTARIADO-CON-LOGOS.png\",\"width\":1920,\"height\":400,\"caption\":\"PROGRAMA DE VOLUNTARIADO CON LOGOS\"},{\"@type\":\"WebPage\",\"@id\":\"https:\/\/internacional.umh.es\/en\/programavoluntariado-cooperacioninternacional\/#webpage\",\"url\":\"https:\/\/internacional.umh.es\/en\/programavoluntariado-cooperacioninternacional\/\",\"name\":\"<span lang=\\\"es\\\">(Espa\\u00f1ol) Programa de Voluntariado en Cooperaci\\u00f3n Internacional al Desarrollo (CID) UMH - Internacionalitzaci\\u00f3 i Cooperaci\\u00f3<\/span>\",\"isPartOf\":{\"@id\":\"https:\/\/internacional.umh.es\/en\/#website\"},\"primaryImageOfPage\":{\"@id\":\"https:\/\/internacional.umh.es\/en\/programavoluntariado-cooperacioninternacional\/#primaryimage\"},\"datePublished\":\"2022-04-12T09:18:59+00:00\",\"dateModified\":\"2024-03-21T13:49:16+00:00\",\"description\":\"Programa de Voluntariado en Cooperaci\\u00f3n Internacional al Desarrollo (CID) UMH. El programa consta de varias fases: la primera es la participaci\\u00f3n en el Campus de Cooperaci\\u00f3n Internacional al Desarrollo (24, 25 y 26 de junio de 2022); en segundo lugar, la implicaci\\u00f3n de voluntariado de la UMH en proyectos de ONGD; y finalmente sesiones de formaci\\u00f3n espec\\u00edfica en la UMH (2 \\u00f3 3 tardes\/semana).\",\"breadcrumb\":{\"@id\":\"https:\/\/internacional.umh.es\/en\/programavoluntariado-cooperacioninternacional\/#breadcrumb\"},\"inLanguage\":\"ca\",\"potentialAction\":[{\"@type\":\"ReadAction\",\"target\":[\"https:\/\/internacional.umh.es\/en\/programavoluntariado-cooperacioninternacional\/\"]}]},{\"@type\":\"BreadcrumbList\",\"@id\":\"https:\/\/internacional.umh.es\/en\/programavoluntariado-cooperacioninternacional\/#breadcrumb\",\"itemListElement\":[{\"@type\":\"ListItem\",\"position\":1,\"name\":\"Home\",\"item\":\"https:\/\/internacional.umh.es\/en\/\"},{\"@type\":\"ListItem\",\"position\":2,\"name\":\"UMH International Development Cooperation Volunteer Program\"}]}]}<\/script>\n<!-- \/ Yoast SEO plugin. -->","yoast_head_json":{"description":"Programa de Voluntariado en Cooperaci\u00f3n Internacional al Desarrollo (CID) UMH. El programa consta de varias fases: la primera es la participaci\u00f3n en el Campus de Cooperaci\u00f3n Internacional al Desarrollo (24, 25 y 26 de junio de 2022); en segundo lugar, la implicaci\u00f3n de voluntariado de la UMH en proyectos de ONGD; y finalmente sesiones de formaci\u00f3n espec\u00edfica en la UMH (2 \u00f3 3 tardes\/semana).","robots":{"index":"index","follow":"follow","max-snippet":"max-snippet:-1","max-image-preview":"max-image-preview:large","max-video-preview":"max-video-preview:-1"},"canonical":"https:\/\/internacional.umh.es\/ca\/programavoluntariado-cooperacioninternacional\/","og_locale":"ca_ES","og_type":"article","og_title":"(Espa\u00f1ol) Programa de Voluntariado en Cooperaci\u00f3n Internacional al Desarrollo (CID) UMH - Internacionalitzaci\u00f3 i Cooperaci\u00f3","og_description":"Programa de Voluntariado en Cooperaci\u00f3n Internacional al Desarrollo (CID) UMH. El programa consta de varias fases: la primera es la participaci\u00f3n en el Campus de Cooperaci\u00f3n Internacional al Desarrollo (24, 25 y 26 de junio de 2022); en segundo lugar, la implicaci\u00f3n de voluntariado de la UMH en proyectos de ONGD; y finalmente sesiones de formaci\u00f3n espec\u00edfica en la UMH (2 \u00f3 3 tardes\/semana).","og_url":"https:\/\/internacional.umh.es\/en\/programavoluntariado-cooperacioninternacional\/","og_site_name":"Internacionalitzaci\u00f3 i Cooperaci\u00f3","article_modified_time":"2024-03-21T13:49:16+00:00","og_image":[{"url":"https:\/\/internacional.umh.es\/files\/2022\/07\/PROGRAMA-DE-VOLUNTARIADO-CON-LOGOS.png"}],"twitter_card":"summary_large_image","twitter_misc":{"Est. reading time":"3 minuts"},"schema":{"@context":"https:\/\/schema.org","@graph":[{"@type":"WebSite","@id":"https:\/\/internacional.umh.es\/en\/#website","url":"https:\/\/internacional.umh.es\/en\/","name":"Internacionalitzaci\u00f3 i Cooperaci\u00f3","description":"Universitat Miguel Hern\u00e1ndez d&#039;Elx","potentialAction":[{"@type":"SearchAction","target":{"@type":"EntryPoint","urlTemplate":"https:\/\/internacional.umh.es\/en\/?s={search_term_string}"},"query-input":"required name=search_term_string"}],"inLanguage":"ca"},{"@type":"ImageObject","@id":"https:\/\/internacional.umh.es\/en\/programavoluntariado-cooperacioninternacional\/#primaryimage","inLanguage":"ca","url":"https:\/\/internacional.umh.es\/files\/2022\/07\/PROGRAMA-DE-VOLUNTARIADO-CON-LOGOS.png","contentUrl":"https:\/\/internacional.umh.es\/files\/2022\/07\/PROGRAMA-DE-VOLUNTARIADO-CON-LOGOS.png","width":1920,"height":400,"caption":"PROGRAMA DE VOLUNTARIADO CON LOGOS"},{"@type":"WebPage","@id":"https:\/\/internacional.umh.es\/en\/programavoluntariado-cooperacioninternacional\/#webpage","url":"https:\/\/internacional.umh.es\/en\/programavoluntariado-cooperacioninternacional\/","name":"<span lang=\"es\">(Espa\u00f1ol) Programa de Voluntariado en Cooperaci\u00f3n Internacional al Desarrollo (CID) UMH - Internacionalitzaci\u00f3 i Cooperaci\u00f3<\/span>","isPartOf":{"@id":"https:\/\/internacional.umh.es\/en\/#website"},"primaryImageOfPage":{"@id":"https:\/\/internacional.umh.es\/en\/programavoluntariado-cooperacioninternacional\/#primaryimage"},"datePublished":"2022-04-12T09:18:59+00:00","dateModified":"2024-03-21T13:49:16+00:00","description":"Programa de Voluntariado en Cooperaci\u00f3n Internacional al Desarrollo (CID) UMH. El programa consta de varias fases: la primera es la participaci\u00f3n en el Campus de Cooperaci\u00f3n Internacional al Desarrollo (24, 25 y 26 de junio de 2022); en segundo lugar, la implicaci\u00f3n de voluntariado de la UMH en proyectos de ONGD; y finalmente sesiones de formaci\u00f3n espec\u00edfica en la UMH (2 \u00f3 3 tardes\/semana).","breadcrumb":{"@id":"https:\/\/internacional.umh.es\/en\/programavoluntariado-cooperacioninternacional\/#breadcrumb"},"inLanguage":"ca","potentialAction":[{"@type":"ReadAction","target":["https:\/\/internacional.umh.es\/en\/programavoluntariado-cooperacioninternacional\/"]}]},{"@type":"BreadcrumbList","@id":"https:\/\/internacional.umh.es\/en\/programavoluntariado-cooperacioninternacional\/#breadcrumb","itemListElement":[{"@type":"ListItem","position":1,"name":"Home","item":"https:\/\/internacional.umh.es\/en\/"},{"@type":"ListItem","position":2,"name":"UMH International Development Cooperation Volunteer Program"}]}]}},"_links":{"self":[{"href":"https:\/\/internacional.umh.es\/ca\/wp-json\/wp\/v2\/pages\/25850"}],"collection":[{"href":"https:\/\/internacional.umh.es\/ca\/wp-json\/wp\/v2\/pages"}],"about":[{"href":"https:\/\/internacional.umh.es\/ca\/wp-json\/wp\/v2\/types\/page"}],"author":[{"embeddable":true,"href":"https:\/\/internacional.umh.es\/ca\/wp-json\/wp\/v2\/users\/5216"}],"replies":[{"embeddable":true,"href":"https:\/\/internacional.umh.es\/ca\/wp-json\/wp\/v2\/comments?post=25850"}],"version-history":[{"count":0,"href":"https:\/\/internacional.umh.es\/ca\/wp-json\/wp\/v2\/pages\/25850\/revisions"}],"wp:attachment":[{"href":"https:\/\/internacional.umh.es\/ca\/wp-json\/wp\/v2\/media?parent=25850"}],"curies":[{"name":"wp","href":"https:\/\/api.w.org\/{rel}","templated":true}]}}