{"id":2597,"date":"2015-08-08T14:12:30","date_gmt":"2015-08-08T12:12:30","guid":{"rendered":"http:\/\/internacional.umh.es\/?page_id=2597"},"modified":"2025-07-25T11:32:34","modified_gmt":"2025-07-25T09:32:34","slug":"cooperacion-al-desarrollo-y-voluntariado","status":"publish","type":"page","link":"https:\/\/internacional.umh.es\/ca\/conocenos\/servicio-de-relaciones-internacionales-cooperacion-al-desarrollo-y-voluntariado\/cooperacion-al-desarrollo-y-voluntariado\/","title":{"rendered":"Cooperaci\u00f3 al Desenvolupament i Voluntariat"},"content":{"rendered":"<p><\/p>\n<h3><strong>\u00c0rea de Cooperaci\u00f3 al Desenvolupament i Voluntariat<\/strong><\/h3>\n<ul>\n<li>Juana Aznar M\u00e1rquez, directora de l&#8217;\u00e0rea de Cooperaci\u00f3 al Desenvolupament i Voluntariat i secret\u00e0ria de la C\u00e0tedra<\/li>\n<li>Javier Gimeno Blanes, director de la C\u00e0tedra Institucional <a title=\"Ho veur\u00e0s en una nova finestra\" href=\"https:\/\/catedraruanda.umh.es\/\" target=\"_blank\" rel=\"noopener\">&#8216;Seu UMH a Ruanda&#8217;<\/a><\/li>\n<li>Lis Gaibar Garc\u00eda, codirectora de la C\u00e0tedra Institucional &#8216;Seu UMH a Rwanda&#8217;<\/li>\n<li>Laura Parrilla Serrano<\/li>\n<li>Lorena Garc\u00eda de la Torre Romero<\/li>\n<li>Luis Torr\u00fas Cort\u00e9s<\/li>\n<li>Estefan\u00eda Esclapez Moreno<\/li>\n<\/ul>\n<hr>\n<p>&nbsp;<\/p>\n<h4><strong>Ubicaci\u00f3<\/strong><\/h4>\n<p><strong>Servei de Relacions Internacionals, Cooperaci\u00f3 al Desenvolupament i Voluntariat<\/strong><br \/>\nEdifici La G\u00e0l\u00b7lia, primera planta<br \/>\nUniversitat Miguel Hern\u00e1ndez d&#8217;Elx<br \/>\nAvinguda de la Universitat, s\/n<br \/>\n03202 Elx \u2013 Espanya<br \/>\n<a title=\"Ho veur\u00e0s en una nova finestra\" href=\"https:\/\/universite.umh.es\/localizaciones\/default.htm?&amp;selT=estancias&amp;selI=E05P1058\" target=\"_blank\" rel=\"noopener\">Localitza el Servei d&#8217;RR.II. de la UMH en el mapa<\/a><\/p>\n<p>Tel\u00e8fons: 966 658 683 | 683 770 672<br \/>\n<a title=\"Ho veur\u00e0s en una nova finestra\" href=\"mailto:cooperacion@umh.es\" target=\"_blank\" rel=\"noopener\">cooperacion@umh.es<\/a><\/p>","protected":false},"excerpt":{"rendered":"<p>\u00c0rea de Cooperaci\u00f3 al Desenvolupament i Voluntariat<\/p>\n<p>Juana Aznar M\u00e1rquez, directora de l&#8217;\u00e0rea de Cooperaci\u00f3 al Desenvolupament i Voluntariat i secret\u00e0ria de la C\u00e0tedra<br \/>\nJavier Gimeno Blanes, director de la C\u00e0tedra Institucional &#8216;Seu UMH a Ruanda&#8217;<br \/>\nLis Gaibar Garc\u00eda, codirectora de la C\u00e0tedra Institucional &#8216;Seu UMH a Rwanda&#8217;<br \/>\nLaura Parrilla Serrano<br \/>\nLorena Garc\u00eda de la Torre Romero<br \/>\nLuis Torr\u00fas Cort\u00e9s<br \/>\nEstefan\u00eda Esclapez [&#8230;]<\/p>\n","protected":false},"author":3296,"featured_media":0,"parent":2524,"menu_order":2,"comment_status":"closed","ping_status":"closed","template":"","meta":{"ngg_post_thumbnail":0,"_links_to":"","_links_to_target":""},"yoast_head":"<!-- This site is optimized with the Yoast SEO plugin v17.5 - https:\/\/yoast.com\/wordpress\/plugins\/seo\/ -->\n<meta name=\"description\" content=\"Cooperaci\u00f3n al Desarrollo y Voluntariado UMH es un \u00e1rea del Servicio de Relaciones Internacionales, Cooperaci\u00f3n al Desarrollo y Voluntariado\" \/>\n<meta name=\"robots\" content=\"index, follow, max-snippet:-1, max-image-preview:large, max-video-preview:-1\" \/>\n<link rel=\"canonical\" href=\"https:\/\/internacional.umh.es\/ca\/conocenos\/servicio-de-relaciones-internacionales-cooperacion-al-desarrollo-y-voluntariado\/cooperacion-al-desarrollo-y-voluntariado\/\" \/>\n<meta property=\"og:locale\" content=\"ca_ES\" \/>\n<meta property=\"og:type\" content=\"article\" \/>\n<meta property=\"og:title\" content=\"Cooperaci\u00f3 al Desenvolupament i Voluntariat - Internacionalitzaci\u00f3 i Cooperaci\u00f3\" \/>\n<meta property=\"og:description\" content=\"Cooperaci\u00f3n al Desarrollo y Voluntariado UMH es un \u00e1rea del Servicio de Relaciones Internacionales, Cooperaci\u00f3n al Desarrollo y Voluntariado\" \/>\n<meta property=\"og:url\" content=\"https:\/\/internacional.umh.es\/en\/conocenos\/servicio-de-relaciones-internacionales-cooperacion-al-desarrollo-y-voluntariado\/cooperacion-al-desarrollo-y-voluntariado\/\" \/>\n<meta property=\"og:site_name\" content=\"Internacionalitzaci\u00f3 i Cooperaci\u00f3\" \/>\n<meta property=\"article:modified_time\" content=\"2025-07-25T09:32:34+00:00\" \/>\n<meta name=\"twitter:card\" content=\"summary_large_image\" \/>\n<meta name=\"twitter:label1\" content=\"Est. reading time\" \/>\n\t<meta name=\"twitter:data1\" content=\"1 minut\" \/>\n<script type=\"application\/ld+json\" class=\"yoast-schema-graph\">{\"@context\":\"https:\/\/schema.org\",\"@graph\":[{\"@type\":\"WebSite\",\"@id\":\"https:\/\/internacional.umh.es\/en\/#website\",\"url\":\"https:\/\/internacional.umh.es\/en\/\",\"name\":\"Internacionalitzaci\\u00f3 i Cooperaci\\u00f3\",\"description\":\"Universitat Miguel Hern\\u00e1ndez d&#039;Elx\",\"potentialAction\":[{\"@type\":\"SearchAction\",\"target\":{\"@type\":\"EntryPoint\",\"urlTemplate\":\"https:\/\/internacional.umh.es\/en\/?s={search_term_string}\"},\"query-input\":\"required name=search_term_string\"}],\"inLanguage\":\"ca\"},{\"@type\":\"WebPage\",\"@id\":\"https:\/\/internacional.umh.es\/en\/conocenos\/servicio-de-relaciones-internacionales-cooperacion-al-desarrollo-y-voluntariado\/cooperacion-al-desarrollo-y-voluntariado\/#webpage\",\"url\":\"https:\/\/internacional.umh.es\/en\/conocenos\/servicio-de-relaciones-internacionales-cooperacion-al-desarrollo-y-voluntariado\/cooperacion-al-desarrollo-y-voluntariado\/\",\"name\":\"Cooperaci\\u00f3 al Desenvolupament i Voluntariat - Internacionalitzaci\\u00f3 i Cooperaci\\u00f3\",\"isPartOf\":{\"@id\":\"https:\/\/internacional.umh.es\/en\/#website\"},\"datePublished\":\"2015-08-08T12:12:30+00:00\",\"dateModified\":\"2025-07-25T09:32:34+00:00\",\"description\":\"Cooperaci\\u00f3n al Desarrollo y Voluntariado UMH es un \\u00e1rea del Servicio de Relaciones Internacionales, Cooperaci\\u00f3n al Desarrollo y Voluntariado\",\"breadcrumb\":{\"@id\":\"https:\/\/internacional.umh.es\/en\/conocenos\/servicio-de-relaciones-internacionales-cooperacion-al-desarrollo-y-voluntariado\/cooperacion-al-desarrollo-y-voluntariado\/#breadcrumb\"},\"inLanguage\":\"ca\",\"potentialAction\":[{\"@type\":\"ReadAction\",\"target\":[\"https:\/\/internacional.umh.es\/en\/conocenos\/servicio-de-relaciones-internacionales-cooperacion-al-desarrollo-y-voluntariado\/cooperacion-al-desarrollo-y-voluntariado\/\"]}]},{\"@type\":\"BreadcrumbList\",\"@id\":\"https:\/\/internacional.umh.es\/en\/conocenos\/servicio-de-relaciones-internacionales-cooperacion-al-desarrollo-y-voluntariado\/cooperacion-al-desarrollo-y-voluntariado\/#breadcrumb\",\"itemListElement\":[{\"@type\":\"ListItem\",\"position\":1,\"name\":\"Home\",\"item\":\"https:\/\/internacional.umh.es\/en\/\"},{\"@type\":\"ListItem\",\"position\":2,\"name\":\"ABOUT US\",\"item\":\"https:\/\/internacional.umh.es\/en\/conocenos\/\"},{\"@type\":\"ListItem\",\"position\":3,\"name\":\"Service of International Relations and Cooperation\",\"item\":\"https:\/\/internacional.umh.es\/en\/conocenos\/servicio-de-relaciones-internacionales-cooperacion-al-desarrollo-y-voluntariado\/\"},{\"@type\":\"ListItem\",\"position\":4,\"name\":\"Development Cooperation and Volunteerism\"}]}]}<\/script>\n<!-- \/ Yoast SEO plugin. -->","yoast_head_json":{"description":"Cooperaci\u00f3n al Desarrollo y Voluntariado UMH es un \u00e1rea del Servicio de Relaciones Internacionales, Cooperaci\u00f3n al Desarrollo y Voluntariado","robots":{"index":"index","follow":"follow","max-snippet":"max-snippet:-1","max-image-preview":"max-image-preview:large","max-video-preview":"max-video-preview:-1"},"canonical":"https:\/\/internacional.umh.es\/ca\/conocenos\/servicio-de-relaciones-internacionales-cooperacion-al-desarrollo-y-voluntariado\/cooperacion-al-desarrollo-y-voluntariado\/","og_locale":"ca_ES","og_type":"article","og_title":"Cooperaci\u00f3 al Desenvolupament i Voluntariat - Internacionalitzaci\u00f3 i Cooperaci\u00f3","og_description":"Cooperaci\u00f3n al Desarrollo y Voluntariado UMH es un \u00e1rea del Servicio de Relaciones Internacionales, Cooperaci\u00f3n al Desarrollo y Voluntariado","og_url":"https:\/\/internacional.umh.es\/en\/conocenos\/servicio-de-relaciones-internacionales-cooperacion-al-desarrollo-y-voluntariado\/cooperacion-al-desarrollo-y-voluntariado\/","og_site_name":"Internacionalitzaci\u00f3 i Cooperaci\u00f3","article_modified_time":"2025-07-25T09:32:34+00:00","twitter_card":"summary_large_image","twitter_misc":{"Est. reading time":"1 minut"},"schema":{"@context":"https:\/\/schema.org","@graph":[{"@type":"WebSite","@id":"https:\/\/internacional.umh.es\/en\/#website","url":"https:\/\/internacional.umh.es\/en\/","name":"Internacionalitzaci\u00f3 i Cooperaci\u00f3","description":"Universitat Miguel Hern\u00e1ndez d&#039;Elx","potentialAction":[{"@type":"SearchAction","target":{"@type":"EntryPoint","urlTemplate":"https:\/\/internacional.umh.es\/en\/?s={search_term_string}"},"query-input":"required name=search_term_string"}],"inLanguage":"ca"},{"@type":"WebPage","@id":"https:\/\/internacional.umh.es\/en\/conocenos\/servicio-de-relaciones-internacionales-cooperacion-al-desarrollo-y-voluntariado\/cooperacion-al-desarrollo-y-voluntariado\/#webpage","url":"https:\/\/internacional.umh.es\/en\/conocenos\/servicio-de-relaciones-internacionales-cooperacion-al-desarrollo-y-voluntariado\/cooperacion-al-desarrollo-y-voluntariado\/","name":"Cooperaci\u00f3 al Desenvolupament i Voluntariat - Internacionalitzaci\u00f3 i Cooperaci\u00f3","isPartOf":{"@id":"https:\/\/internacional.umh.es\/en\/#website"},"datePublished":"2015-08-08T12:12:30+00:00","dateModified":"2025-07-25T09:32:34+00:00","description":"Cooperaci\u00f3n al Desarrollo y Voluntariado UMH es un \u00e1rea del Servicio de Relaciones Internacionales, Cooperaci\u00f3n al Desarrollo y Voluntariado","breadcrumb":{"@id":"https:\/\/internacional.umh.es\/en\/conocenos\/servicio-de-relaciones-internacionales-cooperacion-al-desarrollo-y-voluntariado\/cooperacion-al-desarrollo-y-voluntariado\/#breadcrumb"},"inLanguage":"ca","potentialAction":[{"@type":"ReadAction","target":["https:\/\/internacional.umh.es\/en\/conocenos\/servicio-de-relaciones-internacionales-cooperacion-al-desarrollo-y-voluntariado\/cooperacion-al-desarrollo-y-voluntariado\/"]}]},{"@type":"BreadcrumbList","@id":"https:\/\/internacional.umh.es\/en\/conocenos\/servicio-de-relaciones-internacionales-cooperacion-al-desarrollo-y-voluntariado\/cooperacion-al-desarrollo-y-voluntariado\/#breadcrumb","itemListElement":[{"@type":"ListItem","position":1,"name":"Home","item":"https:\/\/internacional.umh.es\/en\/"},{"@type":"ListItem","position":2,"name":"ABOUT US","item":"https:\/\/internacional.umh.es\/en\/conocenos\/"},{"@type":"ListItem","position":3,"name":"Service of International Relations and Cooperation","item":"https:\/\/internacional.umh.es\/en\/conocenos\/servicio-de-relaciones-internacionales-cooperacion-al-desarrollo-y-voluntariado\/"},{"@type":"ListItem","position":4,"name":"Development Cooperation and Volunteerism"}]}]}},"_links":{"self":[{"href":"https:\/\/internacional.umh.es\/ca\/wp-json\/wp\/v2\/pages\/2597"}],"collection":[{"href":"https:\/\/internacional.umh.es\/ca\/wp-json\/wp\/v2\/pages"}],"about":[{"href":"https:\/\/internacional.umh.es\/ca\/wp-json\/wp\/v2\/types\/page"}],"author":[{"embeddable":true,"href":"https:\/\/internacional.umh.es\/ca\/wp-json\/wp\/v2\/users\/3296"}],"replies":[{"embeddable":true,"href":"https:\/\/internacional.umh.es\/ca\/wp-json\/wp\/v2\/comments?post=2597"}],"version-history":[{"count":0,"href":"https:\/\/internacional.umh.es\/ca\/wp-json\/wp\/v2\/pages\/2597\/revisions"}],"up":[{"embeddable":true,"href":"https:\/\/internacional.umh.es\/ca\/wp-json\/wp\/v2\/pages\/2524"}],"wp:attachment":[{"href":"https:\/\/internacional.umh.es\/ca\/wp-json\/wp\/v2\/media?parent=2597"}],"curies":[{"name":"wp","href":"https:\/\/api.w.org\/{rel}","templated":true}]}}