{"id":26654,"date":"2022-06-01T09:18:34","date_gmt":"2022-06-01T07:18:34","guid":{"rendered":"https:\/\/internacional.umh.es\/?page_id=26654"},"modified":"2026-03-11T13:18:56","modified_gmt":"2026-03-11T12:18:56","slug":"programas-intensivos-combinados-bips","status":"publish","type":"page","link":"https:\/\/internacional.umh.es\/ca\/internacionalizacion\/programas-intensivos-combinados-bips\/","title":{"rendered":"Programes Intensius Combinats (BIPs)"},"content":{"rendered":"<p><\/p>\n<p style=\"text-align: justify\">El Vicerectorat d&#8217;Internacionalitzaci\u00f3 i Cooperaci\u00f3 convoca el Programa Intensiu Combinat (BIP per les seues sigles en angl\u00e9s) destinat a estudiants i a personal de la Universitat Miguel Hern\u00e1ndez (UMH) d&#8217;Elx i els seus centres mixtos. Aquest programa s&#8217;engloba en una nova acci\u00f3 de mobilitat del Programa ERASMUS+, Programes Intensius Combinats, el prop\u00f2sit dels quals \u00e9s conjuminar aprenentatge i treball en equip en l\u00ednia amb mobilitat de curta duraci\u00f3, de manera que els participants, de diverses universitats europees, es formen a trav\u00e9s de la seua col\u00b7laboraci\u00f3 virtual i duguen a terme una estada de curta duraci\u00f3 en una de les universitats s\u00f2cies.<\/p>\n<p style=\"text-align: justify\">Els programes intensius combinats desenvolupen la capacitat d&#8217;elaborar i posar en pr\u00e0ctica l&#8217;ensenyament i aprenentatge innovador en les institucions d&#8217;educaci\u00f3 superior participants.<\/p>\n<p><span style=\"color: #ff0000\"><strong>NOU (10\/11\/23):<\/strong><\/span> <a href=\"https:\/\/internacional.umh.es\/files\/2023\/11\/Publicado-en-BOUMH.-Solicitudes-admitidas-definitivamente.pdf\" target=\"_blank\" rel=\"noopener\" title=\"Ho veur\u00e0s en una nova finestra\">Llistat definitiu de sol\u00b7licituds admeses i el link a l&#8217;arxiu (454Kb .pdf)<\/a><\/p>\n<p><span style=\"color: #000000\"><strong>(19\/10\/23):<\/strong><\/span> <a href=\"https:\/\/internacional.umh.es\/files\/2023\/10\/Publicado.-BOUMH.-listado-provis-soliic.pdf\" target=\"_blank\" rel=\"noopener\" title=\"Ho veur\u00e0s en una nova finestra\">Llistat provisional de sol\u00b7licituds admeses i excloses (1,13Mb.pdf)<\/a><\/p>\n<p><span style=\"color: #000000\"><strong>(08\/09\/23): <\/strong><\/span>El Vicerectorat d&#8217;Internacionalitzaci\u00f3 i Cooperaci\u00f3 de la Universitat Miguel Hern\u00e1ndez (UMH) d&#8217;Elx convoca ajudes per a participar en Programa Erasmus+ acci\u00f3: Programes Intensius Combinats &#8211; BIPs per a l&#8217;any 2023<\/p>\n<p>Pots consultar els requisits de participaci\u00f3 i la resta d&#8217;informaci\u00f3 de la convocat\u00f2ria en el <strong>text complet i en la seua publicaci\u00f3 en el DOGV:<\/strong><\/p>\n<ul>\n<li><a href=\"https:\/\/internacional.umh.es\/files\/2023\/09\/Publicado-BOUMH.RR_02302_2023.pdf\" target=\"_blank\" rel=\"noopener\" title=\"Ho veur\u00e0s en una nova finestra\"><strong>Text complet de la convocat\u00f2ria (3,14Mb .pdf)<\/strong><\/a><\/li>\n<li><a href=\"https:\/\/internacional.umh.es\/files\/2023\/09\/Publicado-Dogv.2023_9202.pdf\" target=\"_blank\" rel=\"noopener\" title=\"Ho veur\u00e0s en una nova finestra\"><strong>Publicaci\u00f3 en DOGV (1,13Mb .pdf)<\/strong><\/a><\/li>\n<\/ul>\n<p>El termini per a <strong>presentar sol\u00b7licituds ser\u00e0 de l&#8217;11 al 22 de setembre de 2023<\/strong><\/p>\n<p><strong>Documents:<\/strong><\/p>\n<ul>\n<li><a href=\"https:\/\/internacional.umh.es\/files\/2023\/09\/Anexo-II-Modelo-de-solicitud.-BIP-estudiantado.docx\" target=\"_blank\" rel=\"noopener\" title=\"Ho veur\u00e0s en una nova finestra\"><strong>Desc\u00e0rrega el model de sol\u00b7licitud (242Kb Castell\u00e0 .docx)<\/strong><\/a><\/li>\n<\/ul>\n<hr>\n<p style=\"text-align: justify\"><span style=\"color: #000000\"><strong>(03\/07\/23): <\/strong><\/span><a title=\"Ho veur\u00e0s en una nova finestra\" href=\"https:\/\/internacional.umh.es\/files\/2023\/07\/RR_01850_2023.pdf\" target=\"_blank\" rel=\"noopener\">Resoluci\u00f3 definitiva de les places dels Programes intensius combinats \u2013 BIP per a l&#8217;any 2023 (240Kb .pdf)<\/a><\/p>\n<p><strong>(21\/06\/23):<\/strong> <a title=\"Ho veur\u00e0s en una nova finestra\" href=\"https:\/\/internacional.umh.es\/files\/2023\/07\/ES_U05500001_2023_DOCH-0000000000000000000179355.pdf\" target=\"_blank\" rel=\"noopener\">Consulta el llistat provisional de places assignades (234Kb .pdf)<\/a><\/p>\n<p><strong>(13\/06\/23):<\/strong> <a title=\"Ho veur\u00e0s en una nova finestra\" href=\"https:\/\/internacional.umh.es\/files\/2023\/07\/ES_U05500001_2023_DOCH-0000000000000000000171992.pdf\" target=\"_blank\" rel=\"noopener\">Consulta el llistat definitiu de sol\u00b7licituds admeses i excloses (245Kb .pdf)<\/a><\/p>\n<p><strong>(24\/05\/23):<\/strong> <a title=\"Ho veur\u00e0s en una nova finestra\" href=\"https:\/\/internacional.umh.es\/files\/2023\/05\/es_u05500001_2023_doch-0000000000000000000150770-publicacion-20230524.pdf\" target=\"_blank\" rel=\"noopener\">Consulta la publicaci\u00f3 del llistat provisional d&#8217;admesos i exclosos de la convocat\u00f2ria de publicaci\u00f3 (136Kb .pdf)<\/a><\/p>\n<p><span style=\"color: #000000\"><strong>(19\/04\/23):<\/strong><\/span> El Vicerectorat d&#8217;Internacionalitzaci\u00f3 i Cooperaci\u00f3 llan\u00e7a la primera convocat\u00f2ria de PROGRAMES INTENSIUS COMBINATS (BIPs) per al curs acad\u00e8mic 2023.<\/p>\n<p><img loading=\"lazy\" class=\"alignright wp-image-26660 size-medium\" title=\"Tots els detalls dels Programes Intensius combinats (BIPs) 2023 en aquesta secci\u00f3\" src=\"https:\/\/internacional.umh.es\/files\/2022\/06\/img63-300x274.jpg\" alt=\"Logotip Neurotech Programes Intensius Combinats (BIPs) 2021\" width=\"300\" height=\"274\" srcset=\"https:\/\/internacional.umh.es\/files\/2022\/06\/img63-300x274.jpg 300w, https:\/\/internacional.umh.es\/files\/2022\/06\/img63.jpg 438w\" sizes=\"(max-width: 300px) 100vw, 300px\" \/><\/p>\n<hr>\n<h4><strong>Destins i places<\/strong>:<\/h4>\n<p>Es convoquen un total de 12 places per a participar en els seg\u00fcents Programes Intensius Combinats:<\/p>\n<ul>\n<li>Electron Microscopy Sample Preparation (NTEU-SS-EMSP) University of Debrecen, Hongria (<a title=\"Ho veur\u00e0s en una nova finestra\" href=\"https:\/\/internacional.umh.es\/files\/2023\/04\/BIP_UD_EMSP_2023_Call_20221218.pdf\" target=\"_blank\" rel=\"noopener\"><strong>document (783Kb Angl\u00e9s .pdf)<\/strong><\/a><\/li>\n<li>Summer School of Quantitative Electroencephalography, Romania (<a title=\"Ho veur\u00e0s en una nova finestra\" href=\"https:\/\/internacional.umh.es\/files\/2023\/04\/QEEGSS_2023_Final-Programme.pdf\" target=\"_blank\" rel=\"noopener\"><strong>document (437Kb Angl\u00e9s.pdf) <\/strong><\/a><\/li>\n<\/ul>\n<p style=\"text-align: justify\">Les places estan destinades per a estudiants amb matr\u00edcula en vigor en qualsevol dels graus, m\u00e0sters i programes de doctorat de la UMH, aix\u00ed com personal de qualsevol dels seus departaments, instituts i serveis, incloent-hi el personal d&#8217;altres institucions adscrit mitjan\u00e7ant conveni a un centre mixt de la universitat.<\/p>\n<p>Pots consultar el text complet de la convocat\u00f2ria a continuaci\u00f3:<\/p>\n<ul>\n<li><a title=\"Ho veur\u00e0s en una nova finestra\" href=\"https:\/\/internacional.umh.es\/files\/2023\/04\/Publicado-BOUMH.-RR_00907_2023.pdf\" target=\"_blank\" rel=\"noopener\">Text complet de la convocat\u00f2ria (2Mb .pdf)<\/a><\/li>\n<\/ul>\n<p style=\"text-align: justify\">Les sol\u00b7licituds s&#8217;han de <strong>presentar, degudament emplenades i signades<\/strong>, mitjan\u00e7ant la sol\u00b7licitud disponible dirigides al Servei de Relacions Internacionals, Cooperaci\u00f3 al Desenvolupament i Voluntariat (consultar model) a trav\u00e9s la <a title=\"Ho veur\u00e0s en una nova finestra\" href=\"https:\/\/sede.umh.es\/ca\/procedimientos\/instancia-general\/\" target=\"_blank\" rel=\"noopener\" data-saferedirecturl=\"https:\/\/www.google.com\/url?q=https:\/\/sede.umh.es\/ca\/procedimientos\/instancia-general\/&amp;source=gmail&amp;ust=1654239176391000&amp;usg=AOvVaw3QY_Ao-vfC3saNoOSrUiDj\"><strong>Seu Electr\u00f2nica<\/strong><\/a> de la UMH.<\/p>\n<p>El termini de presentaci\u00f3 de sol\u00b7licituds ser\u00e0 fins al <strong>3 de maig de 2023<\/strong><\/p>\n<h4><strong>Documentaci\u00f3 a aportar:<\/strong><\/h4>\n<p><strong>En el cas de l&#8217;estudiantat<\/strong>:<\/p>\n<ol>\n<li>Sol\u00b7licitud signada (<a title=\"Ho veur\u00e0s en una nova finestra\" href=\"https:\/\/internacional.umh.es\/files\/2023\/04\/Anexo-II-a-Modelo-de-solicitud.-BIP-estudiantado.docx\" target=\"_blank\" rel=\"noopener\">Annex II-a (245Kb .docx)<\/a><\/li>\n<li>Acreditaci\u00f3 de matr\u00edcula.<\/li>\n<li>Extracte de l&#8217;expedient acad\u00e8mic.<\/li>\n<li>Si \u00e9s el cas, acreditaci\u00f3 de gaudir de contractes competitius per a la formaci\u00f3 de professorat o personal investigador.<\/li>\n<\/ol>\n<p><strong>En el cas del personal<\/strong>:<\/p>\n<ol>\n<li>Sol\u00b7licitud signada (<a title=\"Ho veur\u00e0s en una nova finestra\" href=\"https:\/\/internacional.umh.es\/files\/2023\/04\/Anexo-II-b-Modelo-de-solicitud.-BIP-personal.docx\" target=\"_blank\" rel=\"noopener\">Annex II-b (245Kb .docx)<\/a><\/li>\n<li>Breu descripci\u00f3 de la contribuci\u00f3 de l&#8217;activitat formativa per a millorar la seua activitat professional (<a title=\"Ho veur\u00e0s en una nova finestra\" href=\"https:\/\/internacional.umh.es\/files\/2023\/04\/Anexo-III-Descripcion-puesto-de-trabajo.docx\" target=\"_blank\" rel=\"noopener\">Annex III (247Kb .docx)<\/a><\/li>\n<\/ol>\n<p><strong>Passos a seguir per a presentar la sol\u00b7licitud a trav\u00e9s de la Seu Electr\u00f2nica:<\/strong><\/p>\n<ol>\n<li>Clicar a \u201c<strong>Tramitar<\/strong>\u201d.<\/li>\n<li>Introduir <strong>usuari<\/strong> i <strong>contrasenya<\/strong> de l&#8217;estudiantat\/personal UMH.<\/li>\n<li>Emplenar les <strong>dades personals<\/strong> en cas de faltar alguna dada.<\/li>\n<li>Quan es carregue la \u00abInst\u00e0ncia general\u00bb, en l&#8217;apartat \u201cSol\u00b7licitud\u201d triar:<\/li>\n<\/ol>\n<p>\u2013 En el camp <strong>\u201cDirigit a\u201d: el Servei de Relacions Internacionals, Cooperaci\u00f3 al Desenvolupament i Voluntariat.<\/strong><br \/>\n\u2013 En el camp \u201cExposa-Sol\u00b7licita\u201d: indicar Presente sol\u00b7licitud per a participar en la convocat\u00f2ria del Programa Intensiu Combianados (BIP) per a l&#8217;any 2023\u201d.<\/p>\n<p>5. Adjuntar documentaci\u00f3 requerida.<\/p>\n<p>6. Clicar a &#8220;<strong>Presentar en Registre&#8221;.<\/strong><\/p>\n<hr>\n<h4><strong>Convocat\u00f2ries anteriors<\/strong><\/h4>\n<ul>\n<li><a title=\"Accedeix a m\u00e9s informaci\u00f3 sobre convocat\u00f2ries anteriors dels Programes Intensius combinats (BIPs)\" href=\"https:\/\/internacional.umh.es\/ca\/internacionalizacion\/convocatorias-anteriores-programas-intensivos-combinados-bips\/\"><span style=\"text-decoration: underline\"><strong>Programes Intensius combinats (BIPs) 2021\/2022<\/strong><\/span><\/a><\/li>\n<\/ul>\n<p>&nbsp;<\/p>","protected":false},"excerpt":{"rendered":"<p>El Vicerectorat d&#8217;Internacionalitzaci\u00f3 i Cooperaci\u00f3 convoca el Programa Intensiu Combinat (BIP per les seues sigles en angl\u00e9s) destinat a estudiants i a personal de la Universitat Miguel Hern\u00e1ndez (UMH) d&#8217;Elx i els seus centres mixtos. Aquest programa s&#8217;engloba en una nova acci\u00f3 de mobilitat del Programa ERASMUS+, Programes Intensius Combinats, el prop\u00f2sit dels quals \u00e9s [&#8230;]<\/p>\n","protected":false},"author":4886,"featured_media":0,"parent":2740,"menu_order":2,"comment_status":"closed","ping_status":"closed","template":"","meta":{"ngg_post_thumbnail":0,"_links_to":"","_links_to_target":""},"yoast_head":"<!-- This site is optimized with the Yoast SEO plugin v17.5 - https:\/\/yoast.com\/wordpress\/plugins\/seo\/ -->\n<meta name=\"description\" content=\"El Vicerrectorado de RRII ha lanzado la primera convocatoria de PROGRAMAS INTENSIVOS COMBINADOS (BIPs) para el curso acad\u00e9mico 2021\/2022.\" \/>\n<meta name=\"robots\" content=\"index, follow, max-snippet:-1, max-image-preview:large, max-video-preview:-1\" \/>\n<link rel=\"canonical\" href=\"https:\/\/internacional.umh.es\/ca\/internacionalizacion\/programas-intensivos-combinados-bips\/\" \/>\n<meta property=\"og:locale\" content=\"ca_ES\" \/>\n<meta property=\"og:type\" content=\"article\" \/>\n<meta property=\"og:title\" content=\"Programas Intensivos combinados (BIPs) | Relaciones Internacionales\" \/>\n<meta property=\"og:description\" content=\"El Vicerrectorado de RRII ha lanzado la primera convocatoria de PROGRAMAS INTENSIVOS COMBINADOS (BIPs) para el curso acad\u00e9mico 2021\/2022.\" \/>\n<meta property=\"og:url\" content=\"https:\/\/internacional.umh.es\/internacionalizacion\/programas-intensivos-combinados-bips\/\" \/>\n<meta property=\"og:site_name\" content=\"Internacionalitzaci\u00f3 i Cooperaci\u00f3\" \/>\n<meta property=\"article:modified_time\" content=\"2026-03-11T12:18:56+00:00\" \/>\n<meta property=\"og:image\" content=\"https:\/\/internacional.umh.es\/files\/2024\/01\/31-300x171.png\" \/>\n<meta name=\"twitter:card\" content=\"summary_large_image\" \/>\n<meta name=\"twitter:label1\" content=\"Est. reading time\" \/>\n\t<meta name=\"twitter:data1\" content=\"3 minuts\" \/>\n<script type=\"application\/ld+json\" class=\"yoast-schema-graph\">{\"@context\":\"https:\/\/schema.org\",\"@graph\":[{\"@type\":\"WebSite\",\"@id\":\"https:\/\/internacional.umh.es\/en\/#website\",\"url\":\"https:\/\/internacional.umh.es\/en\/\",\"name\":\"Internacionalitzaci\\u00f3 i Cooperaci\\u00f3\",\"description\":\"Universitat Miguel Hern\\u00e1ndez d&#039;Elx\",\"potentialAction\":[{\"@type\":\"SearchAction\",\"target\":{\"@type\":\"EntryPoint\",\"urlTemplate\":\"https:\/\/internacional.umh.es\/en\/?s={search_term_string}\"},\"query-input\":\"required name=search_term_string\"}],\"inLanguage\":\"ca\"},{\"@type\":\"ImageObject\",\"@id\":\"https:\/\/internacional.umh.es\/internacionalizacion\/programas-intensivos-combinados-bips\/#primaryimage\",\"inLanguage\":\"ca\",\"url\":\"https:\/\/internacional.umh.es\/files\/2024\/01\/31.png\",\"contentUrl\":\"https:\/\/internacional.umh.es\/files\/2024\/01\/31.png\",\"width\":413,\"height\":236},{\"@type\":\"WebPage\",\"@id\":\"https:\/\/internacional.umh.es\/internacionalizacion\/programas-intensivos-combinados-bips\/#webpage\",\"url\":\"https:\/\/internacional.umh.es\/internacionalizacion\/programas-intensivos-combinados-bips\/\",\"name\":\"Programas Intensivos combinados (BIPs) | Relaciones Internacionales\",\"isPartOf\":{\"@id\":\"https:\/\/internacional.umh.es\/en\/#website\"},\"primaryImageOfPage\":{\"@id\":\"https:\/\/internacional.umh.es\/internacionalizacion\/programas-intensivos-combinados-bips\/#primaryimage\"},\"datePublished\":\"2022-06-01T07:18:34+00:00\",\"dateModified\":\"2026-03-11T12:18:56+00:00\",\"description\":\"El Vicerrectorado de RRII ha lanzado la primera convocatoria de PROGRAMAS INTENSIVOS COMBINADOS (BIPs) para el curso acad\\u00e9mico 2021\/2022.\",\"breadcrumb\":{\"@id\":\"https:\/\/internacional.umh.es\/internacionalizacion\/programas-intensivos-combinados-bips\/#breadcrumb\"},\"inLanguage\":\"ca\",\"potentialAction\":[{\"@type\":\"ReadAction\",\"target\":[\"https:\/\/internacional.umh.es\/internacionalizacion\/programas-intensivos-combinados-bips\/\"]}]},{\"@type\":\"BreadcrumbList\",\"@id\":\"https:\/\/internacional.umh.es\/internacionalizacion\/programas-intensivos-combinados-bips\/#breadcrumb\",\"itemListElement\":[{\"@type\":\"ListItem\",\"position\":1,\"name\":\"Home\",\"item\":\"https:\/\/internacional.umh.es\/en\/\"},{\"@type\":\"ListItem\",\"position\":2,\"name\":\"INTERNATIONALIZATION\",\"item\":\"https:\/\/internacional.umh.es\/en\/internacionalizacion\/\"},{\"@type\":\"ListItem\",\"position\":3,\"name\":\"Programas Intensivos Combinados (BIPs)\"}]}]}<\/script>\n<!-- \/ Yoast SEO plugin. -->","yoast_head_json":{"description":"El Vicerrectorado de RRII ha lanzado la primera convocatoria de PROGRAMAS INTENSIVOS COMBINADOS (BIPs) para el curso acad\u00e9mico 2021\/2022.","robots":{"index":"index","follow":"follow","max-snippet":"max-snippet:-1","max-image-preview":"max-image-preview:large","max-video-preview":"max-video-preview:-1"},"canonical":"https:\/\/internacional.umh.es\/ca\/internacionalizacion\/programas-intensivos-combinados-bips\/","og_locale":"ca_ES","og_type":"article","og_title":"Programas Intensivos combinados (BIPs) | Relaciones Internacionales","og_description":"El Vicerrectorado de RRII ha lanzado la primera convocatoria de PROGRAMAS INTENSIVOS COMBINADOS (BIPs) para el curso acad\u00e9mico 2021\/2022.","og_url":"https:\/\/internacional.umh.es\/internacionalizacion\/programas-intensivos-combinados-bips\/","og_site_name":"Internacionalitzaci\u00f3 i Cooperaci\u00f3","article_modified_time":"2026-03-11T12:18:56+00:00","og_image":[{"url":"https:\/\/internacional.umh.es\/files\/2024\/01\/31-300x171.png"}],"twitter_card":"summary_large_image","twitter_misc":{"Est. reading time":"3 minuts"},"schema":{"@context":"https:\/\/schema.org","@graph":[{"@type":"WebSite","@id":"https:\/\/internacional.umh.es\/en\/#website","url":"https:\/\/internacional.umh.es\/en\/","name":"Internacionalitzaci\u00f3 i Cooperaci\u00f3","description":"Universitat Miguel Hern\u00e1ndez d&#039;Elx","potentialAction":[{"@type":"SearchAction","target":{"@type":"EntryPoint","urlTemplate":"https:\/\/internacional.umh.es\/en\/?s={search_term_string}"},"query-input":"required name=search_term_string"}],"inLanguage":"ca"},{"@type":"ImageObject","@id":"https:\/\/internacional.umh.es\/internacionalizacion\/programas-intensivos-combinados-bips\/#primaryimage","inLanguage":"ca","url":"https:\/\/internacional.umh.es\/files\/2024\/01\/31.png","contentUrl":"https:\/\/internacional.umh.es\/files\/2024\/01\/31.png","width":413,"height":236},{"@type":"WebPage","@id":"https:\/\/internacional.umh.es\/internacionalizacion\/programas-intensivos-combinados-bips\/#webpage","url":"https:\/\/internacional.umh.es\/internacionalizacion\/programas-intensivos-combinados-bips\/","name":"Programas Intensivos combinados (BIPs) | Relaciones Internacionales","isPartOf":{"@id":"https:\/\/internacional.umh.es\/en\/#website"},"primaryImageOfPage":{"@id":"https:\/\/internacional.umh.es\/internacionalizacion\/programas-intensivos-combinados-bips\/#primaryimage"},"datePublished":"2022-06-01T07:18:34+00:00","dateModified":"2026-03-11T12:18:56+00:00","description":"El Vicerrectorado de RRII ha lanzado la primera convocatoria de PROGRAMAS INTENSIVOS COMBINADOS (BIPs) para el curso acad\u00e9mico 2021\/2022.","breadcrumb":{"@id":"https:\/\/internacional.umh.es\/internacionalizacion\/programas-intensivos-combinados-bips\/#breadcrumb"},"inLanguage":"ca","potentialAction":[{"@type":"ReadAction","target":["https:\/\/internacional.umh.es\/internacionalizacion\/programas-intensivos-combinados-bips\/"]}]},{"@type":"BreadcrumbList","@id":"https:\/\/internacional.umh.es\/internacionalizacion\/programas-intensivos-combinados-bips\/#breadcrumb","itemListElement":[{"@type":"ListItem","position":1,"name":"Home","item":"https:\/\/internacional.umh.es\/en\/"},{"@type":"ListItem","position":2,"name":"INTERNATIONALIZATION","item":"https:\/\/internacional.umh.es\/en\/internacionalizacion\/"},{"@type":"ListItem","position":3,"name":"Programas Intensivos Combinados (BIPs)"}]}]}},"_links":{"self":[{"href":"https:\/\/internacional.umh.es\/ca\/wp-json\/wp\/v2\/pages\/26654"}],"collection":[{"href":"https:\/\/internacional.umh.es\/ca\/wp-json\/wp\/v2\/pages"}],"about":[{"href":"https:\/\/internacional.umh.es\/ca\/wp-json\/wp\/v2\/types\/page"}],"author":[{"embeddable":true,"href":"https:\/\/internacional.umh.es\/ca\/wp-json\/wp\/v2\/users\/4886"}],"replies":[{"embeddable":true,"href":"https:\/\/internacional.umh.es\/ca\/wp-json\/wp\/v2\/comments?post=26654"}],"version-history":[{"count":0,"href":"https:\/\/internacional.umh.es\/ca\/wp-json\/wp\/v2\/pages\/26654\/revisions"}],"up":[{"embeddable":true,"href":"https:\/\/internacional.umh.es\/ca\/wp-json\/wp\/v2\/pages\/2740"}],"wp:attachment":[{"href":"https:\/\/internacional.umh.es\/ca\/wp-json\/wp\/v2\/media?parent=26654"}],"curies":[{"name":"wp","href":"https:\/\/api.w.org\/{rel}","templated":true}]}}