{"id":26705,"date":"2022-06-02T10:43:37","date_gmt":"2022-06-02T08:43:37","guid":{"rendered":"https:\/\/internacional.umh.es\/?page_id=26705"},"modified":"2023-10-23T11:57:15","modified_gmt":"2023-10-23T09:57:15","slug":"website-en-chino","status":"publish","type":"page","link":"https:\/\/internacional.umh.es\/ca\/incoming\/website-en-chino\/","title":{"rendered":"Website en xin\u00e8s"},"content":{"rendered":"<p><\/p>\n<p style=\"text-align: justify\">El <a title=\"Amplia m\u00e9s informaci\u00f3 sobre el Vicerector de Relacions Internacionals\" href=\"https:\/\/internacional.umh.es\/ca\/conocenos\/vicerrector\/\" rel=\"noopener\">Vicerectorat de Relacions Internacionals de la Universitat Miguel Hern\u00e1ndez (UMH) d&#8217;Elx<\/a> i el Servei de Comunicaci\u00f3, dependent del Vicerectorat de Relacions Institucionals de la UMH, van llan\u00e7ar una versi\u00f3 website en xin\u00e9s: <a title=\"Ho veur\u00e0s en una nova finestra\" href=\"http:\/\/chinese.edu.umh.es\" target=\"_blank\" rel=\"noopener\">chinese.edu.umh.es<\/a>, com a part de les activitats de projecci\u00f3 i expansi\u00f3 de la universitat en el continent asi\u00e0tic. En l&#8217;impuls d&#8217;aqueixa acci\u00f3 van col\u00b7laborar, tamb\u00e9, el Servei de Suport T\u00e8cnic a la Doc\u00e8ncia i a la Investigaci\u00f3 (SATDI), dependent del Vicerectorat de Tecnologies de la Informaci\u00f3.<\/p>\n\n\t\t<style type=\"text\/css\">\n\t\t\t#gallery-2 {\n\t\t\t\tmargin: auto;\n\t\t\t}\n\t\t\t#gallery-2 .gallery-item {\n\t\t\t\tfloat: left;\n\t\t\t\tmargin-top: 10px;\n\t\t\t\ttext-align: center;\n\t\t\t\twidth: 100%;\n\t\t\t}\n\t\t\t#gallery-2 img {\n\t\t\t\tborder: 2px solid #cfcfcf;\n\t\t\t}\n\t\t\t#gallery-2 .gallery-caption {\n\t\t\t\tmargin-left: 0;\n\t\t\t}\n\t\t\t\/* see gallery_shortcode() in wp-includes\/media.php *\/\n\t\t<\/style>\n\t\t<div id='gallery-2' class='gallery galleryid-26705 gallery-columns-1 gallery-size-large'><dl class='gallery-item'>\n\t\t\t<dt class='gallery-icon landscape'>\n\t\t\t\t<img width=\"1024\" height=\"420\" src=\"https:\/\/internacional.umh.es\/files\/2022\/06\/UMH-Website-en-chino-1024x420.png\" class=\"attachment-large size-large\" alt=\"UMH Website en chino\" loading=\"lazy\" aria-describedby=\"gallery-2-26708\" srcset=\"https:\/\/internacional.umh.es\/files\/2022\/06\/UMH-Website-en-chino-1024x420.png 1024w, https:\/\/internacional.umh.es\/files\/2022\/06\/UMH-Website-en-chino-300x123.png 300w, https:\/\/internacional.umh.es\/files\/2022\/06\/UMH-Website-en-chino-768x315.png 768w, https:\/\/internacional.umh.es\/files\/2022\/06\/UMH-Website-en-chino.png 1342w\" sizes=\"(max-width: 1024px) 100vw, 1024px\" \/>\n\t\t\t<\/dt>\n\t\t\t\t<dd class='wp-caption-text gallery-caption' id='gallery-2-26708'>\n\t\t\t\t<a href=\"http:\/\/chinese.edu.umh.es\/\" title=\"Accede a la web en chino de la UMH en una nueva ventana\" target=\"_blank\" rel=\"noopener noreferrer\">chinese.edu.umh.es<\/a>\n\t\t\t\t<\/dd><\/dl><br style=\"clear: both\" \/>\n\t\t<\/div>\n\n<h3><strong>PROJECCI\u00d3 INTERNACIONAL WEBSITE EN XIN\u00c9S<\/strong><\/h3>\n<p style=\"text-align: justify\">Aquesta website en xin\u00e9s recull continguts docents, acad\u00e8mics i organitzatius de la UMH com la presentaci\u00f3, les xifres i les dades representatives, els r\u00e0nquings, l&#8217;oferta acad\u00e8mica de graus i postgraus o els instituts i centres d&#8217;investigaci\u00f3. Durant aquells anys, la UMH va fer un important esfor\u00e7 d&#8217;internacionalitzaci\u00f3 i projecci\u00f3 en el continent asi\u00e0tic. En concret, representants de la universitat van assistir a diverses trobades i han subscrit convenis amb:<\/p>\n<ul>\n<li>la Universitat de Shenzhen (Guangdong),<\/li>\n<li>la Universitat Normal de Anhui (Wuhu),<\/li>\n<li>la de Zhengzhou (Henan),<\/li>\n<li>i el Polit\u00e8cnic de l&#8217;Esport de Guangzhou (Guangdong),<\/li>\n<\/ul>\n<p>aix\u00ed com amb diferents centres, clubs i associacions esportives d&#8217;aquestes ciutats.<\/p>\n<p style=\"text-align: justify\">A pesar que la cooperaci\u00f3 de la UMH s&#8217;impulsa en \u00e0rees com les belles arts, l&#8217;enginyeria, les humanitats i esport, \u00e9s en aquesta \u00faltima en la qual se centren els esfor\u00e7os, donat l&#8217;inter\u00e9s suscitat en aquestes universitats pels estudis i investigacions de la UMH en aquesta \u00e0rea. En relaci\u00f3 amb aquestes activitats, la universitat va rebre a una delegaci\u00f3 de la Universitat de Shenzhen a la fi de juny de 2018 i una delegaci\u00f3 del Polit\u00e8cnic de l&#8217;Esport de Guangzhou a mitjan octubre d&#8217;aqueix mateix any, visita en la qual, tamb\u00e9, va participar l&#8217;Ajuntament d&#8217;Elx, a trav\u00e9s de la seua Regidoria d&#8217;Esports.<\/p>\n<h4><strong>MILLORAR L&#8217;ACCESSIBILITAT D&#8217;ESTUDIANTS ASI\u00c0TICS A la UMH<\/strong><\/h4>\n<p style=\"text-align: justify\">En l\u00ednia amb aquesta estrat\u00e8gia, la UMH, tamb\u00e9, va realitzar activitats encaminades a visibilitzar-se en les xarxes socials xineses com <a title=\"Accedeix a una de les xarxes socials m\u00e9s important de la Xina en una nova finestra\" href=\"https:\/\/us.weibo.com\/index\" target=\"_blank\" rel=\"noopener\"><strong>Weibo<\/strong><\/a>, introduint en elles l&#8217;abundant material audiovisual ja disponible en les xarxes sobre la UMH.<\/p>\n<p>&nbsp;<\/p>","protected":false},"excerpt":{"rendered":"<p>El Vicerectorat de Relacions Internacionals de la Universitat Miguel Hern\u00e1ndez (UMH) d&#8217;Elx i el Servei de Comunicaci\u00f3, dependent del Vicerectorat de Relacions Institucionals de la UMH, van llan\u00e7ar una versi\u00f3 website en xin\u00e9s: chinese.edu.umh.es, com a part de les activitats de projecci\u00f3 i expansi\u00f3 de la universitat en el continent asi\u00e0tic. En l&#8217;impuls d&#8217;aqueixa acci\u00f3 [&#8230;]<\/p>\n","protected":false},"author":3107,"featured_media":0,"parent":8,"menu_order":18,"comment_status":"closed","ping_status":"closed","template":"","meta":{"ngg_post_thumbnail":0,"_links_to":"","_links_to_target":""},"yoast_head":"<!-- This site is optimized with the Yoast SEO plugin v17.5 - https:\/\/yoast.com\/wordpress\/plugins\/seo\/ -->\n<meta name=\"description\" content=\"El Vicerrectorado de RR.II. UMH y el Servicio de Comunicaci\u00f3n lanza una nueva website en chino para la proyecci\u00f3n en el continente asi\u00e1tico.\" \/>\n<meta name=\"robots\" content=\"index, follow, max-snippet:-1, max-image-preview:large, max-video-preview:-1\" \/>\n<link rel=\"canonical\" href=\"https:\/\/internacional.umh.es\/ca\/incoming\/website-en-chino\/\" \/>\n<meta property=\"og:locale\" content=\"ca_ES\" \/>\n<meta property=\"og:type\" content=\"article\" \/>\n<meta property=\"og:title\" content=\"Website en xin\u00e8s - Internacionalitzaci\u00f3 i Cooperaci\u00f3\" \/>\n<meta property=\"og:description\" content=\"El Vicerrectorado de RR.II. UMH y el Servicio de Comunicaci\u00f3n lanza una nueva website en chino para la proyecci\u00f3n en el continente asi\u00e1tico.\" \/>\n<meta property=\"og:url\" content=\"https:\/\/internacional.umh.es\/incoming\/website-en-chino\/\" \/>\n<meta property=\"og:site_name\" content=\"Internacionalitzaci\u00f3 i Cooperaci\u00f3\" \/>\n<meta property=\"article:modified_time\" content=\"2023-10-23T09:57:15+00:00\" \/>\n<meta property=\"og:image\" content=\"https:\/\/internacional.umh.es\/files\/2022\/06\/UMH-Website-en-chino-1024x420.png\" \/>\n<meta name=\"twitter:card\" content=\"summary_large_image\" \/>\n<meta name=\"twitter:label1\" content=\"Est. reading time\" \/>\n\t<meta name=\"twitter:data1\" content=\"2 minuts\" \/>\n<script type=\"application\/ld+json\" class=\"yoast-schema-graph\">{\"@context\":\"https:\/\/schema.org\",\"@graph\":[{\"@type\":\"WebSite\",\"@id\":\"https:\/\/internacional.umh.es\/en\/#website\",\"url\":\"https:\/\/internacional.umh.es\/en\/\",\"name\":\"Internacionalitzaci\\u00f3 i Cooperaci\\u00f3\",\"description\":\"Universitat Miguel Hern\\u00e1ndez d&#039;Elx\",\"potentialAction\":[{\"@type\":\"SearchAction\",\"target\":{\"@type\":\"EntryPoint\",\"urlTemplate\":\"https:\/\/internacional.umh.es\/en\/?s={search_term_string}\"},\"query-input\":\"required name=search_term_string\"}],\"inLanguage\":\"ca\"},{\"@type\":\"WebPage\",\"@id\":\"https:\/\/internacional.umh.es\/incoming\/website-en-chino\/#webpage\",\"url\":\"https:\/\/internacional.umh.es\/incoming\/website-en-chino\/\",\"name\":\"Website en xin\\u00e8s - Internacionalitzaci\\u00f3 i Cooperaci\\u00f3\",\"isPartOf\":{\"@id\":\"https:\/\/internacional.umh.es\/en\/#website\"},\"datePublished\":\"2022-06-02T08:43:37+00:00\",\"dateModified\":\"2023-10-23T09:57:15+00:00\",\"description\":\"El Vicerrectorado de RR.II. UMH y el Servicio de Comunicaci\\u00f3n lanza una nueva website en chino para la proyecci\\u00f3n en el continente asi\\u00e1tico.\",\"breadcrumb\":{\"@id\":\"https:\/\/internacional.umh.es\/incoming\/website-en-chino\/#breadcrumb\"},\"inLanguage\":\"ca\",\"potentialAction\":[{\"@type\":\"ReadAction\",\"target\":[\"https:\/\/internacional.umh.es\/incoming\/website-en-chino\/\"]}]},{\"@type\":\"BreadcrumbList\",\"@id\":\"https:\/\/internacional.umh.es\/incoming\/website-en-chino\/#breadcrumb\",\"itemListElement\":[{\"@type\":\"ListItem\",\"position\":1,\"name\":\"Home\",\"item\":\"https:\/\/internacional.umh.es\/en\/\"},{\"@type\":\"ListItem\",\"position\":2,\"name\":\"INCOMING\",\"item\":\"https:\/\/internacional.umh.es\/incoming\/\"},{\"@type\":\"ListItem\",\"position\":3,\"name\":\"Website en chino\"}]}]}<\/script>\n<!-- \/ Yoast SEO plugin. -->","yoast_head_json":{"description":"El Vicerrectorado de RR.II. UMH y el Servicio de Comunicaci\u00f3n lanza una nueva website en chino para la proyecci\u00f3n en el continente asi\u00e1tico.","robots":{"index":"index","follow":"follow","max-snippet":"max-snippet:-1","max-image-preview":"max-image-preview:large","max-video-preview":"max-video-preview:-1"},"canonical":"https:\/\/internacional.umh.es\/ca\/incoming\/website-en-chino\/","og_locale":"ca_ES","og_type":"article","og_title":"Website en xin\u00e8s - Internacionalitzaci\u00f3 i Cooperaci\u00f3","og_description":"El Vicerrectorado de RR.II. UMH y el Servicio de Comunicaci\u00f3n lanza una nueva website en chino para la proyecci\u00f3n en el continente asi\u00e1tico.","og_url":"https:\/\/internacional.umh.es\/incoming\/website-en-chino\/","og_site_name":"Internacionalitzaci\u00f3 i Cooperaci\u00f3","article_modified_time":"2023-10-23T09:57:15+00:00","og_image":[{"url":"https:\/\/internacional.umh.es\/files\/2022\/06\/UMH-Website-en-chino-1024x420.png"}],"twitter_card":"summary_large_image","twitter_misc":{"Est. reading time":"2 minuts"},"schema":{"@context":"https:\/\/schema.org","@graph":[{"@type":"WebSite","@id":"https:\/\/internacional.umh.es\/en\/#website","url":"https:\/\/internacional.umh.es\/en\/","name":"Internacionalitzaci\u00f3 i Cooperaci\u00f3","description":"Universitat Miguel Hern\u00e1ndez d&#039;Elx","potentialAction":[{"@type":"SearchAction","target":{"@type":"EntryPoint","urlTemplate":"https:\/\/internacional.umh.es\/en\/?s={search_term_string}"},"query-input":"required name=search_term_string"}],"inLanguage":"ca"},{"@type":"WebPage","@id":"https:\/\/internacional.umh.es\/incoming\/website-en-chino\/#webpage","url":"https:\/\/internacional.umh.es\/incoming\/website-en-chino\/","name":"Website en xin\u00e8s - Internacionalitzaci\u00f3 i Cooperaci\u00f3","isPartOf":{"@id":"https:\/\/internacional.umh.es\/en\/#website"},"datePublished":"2022-06-02T08:43:37+00:00","dateModified":"2023-10-23T09:57:15+00:00","description":"El Vicerrectorado de RR.II. UMH y el Servicio de Comunicaci\u00f3n lanza una nueva website en chino para la proyecci\u00f3n en el continente asi\u00e1tico.","breadcrumb":{"@id":"https:\/\/internacional.umh.es\/incoming\/website-en-chino\/#breadcrumb"},"inLanguage":"ca","potentialAction":[{"@type":"ReadAction","target":["https:\/\/internacional.umh.es\/incoming\/website-en-chino\/"]}]},{"@type":"BreadcrumbList","@id":"https:\/\/internacional.umh.es\/incoming\/website-en-chino\/#breadcrumb","itemListElement":[{"@type":"ListItem","position":1,"name":"Home","item":"https:\/\/internacional.umh.es\/en\/"},{"@type":"ListItem","position":2,"name":"INCOMING","item":"https:\/\/internacional.umh.es\/incoming\/"},{"@type":"ListItem","position":3,"name":"Website en chino"}]}]}},"_links":{"self":[{"href":"https:\/\/internacional.umh.es\/ca\/wp-json\/wp\/v2\/pages\/26705"}],"collection":[{"href":"https:\/\/internacional.umh.es\/ca\/wp-json\/wp\/v2\/pages"}],"about":[{"href":"https:\/\/internacional.umh.es\/ca\/wp-json\/wp\/v2\/types\/page"}],"author":[{"embeddable":true,"href":"https:\/\/internacional.umh.es\/ca\/wp-json\/wp\/v2\/users\/3107"}],"replies":[{"embeddable":true,"href":"https:\/\/internacional.umh.es\/ca\/wp-json\/wp\/v2\/comments?post=26705"}],"version-history":[{"count":0,"href":"https:\/\/internacional.umh.es\/ca\/wp-json\/wp\/v2\/pages\/26705\/revisions"}],"up":[{"embeddable":true,"href":"https:\/\/internacional.umh.es\/ca\/wp-json\/wp\/v2\/pages\/8"}],"wp:attachment":[{"href":"https:\/\/internacional.umh.es\/ca\/wp-json\/wp\/v2\/media?parent=26705"}],"curies":[{"name":"wp","href":"https:\/\/api.w.org\/{rel}","templated":true}]}}