{"id":268,"date":"2011-11-10T14:21:54","date_gmt":"2011-11-10T12:21:54","guid":{"rendered":"http:\/\/internacional.umh.es\/pas\/erasmus-para-pas\/"},"modified":"2026-04-01T11:19:25","modified_gmt":"2026-04-01T09:19:25","slug":"erasmus","status":"publish","type":"page","link":"https:\/\/internacional.umh.es\/ca\/movilidad\/pas\/erasmus\/","title":{"rendered":"ERASMUS PAS \u2013 Estades formatives"},"content":{"rendered":"<p><img loading=\"lazy\" class=\" wp-image-17289\" title=\"Consulta les convocat\u00f2ries Erasmus+ per a PAS de la UMH\" src=\"https:\/\/internacional.umh.es\/files\/2020\/11\/logo-erasmus-plus-300x61.png\" alt=\"Erasmus PAS logo\" width=\"285\" height=\"58\" srcset=\"https:\/\/internacional.umh.es\/files\/2020\/11\/logo-erasmus-plus-300x61.png 300w, https:\/\/internacional.umh.es\/files\/2020\/11\/logo-erasmus-plus-768x156.png 768w, https:\/\/internacional.umh.es\/files\/2020\/11\/logo-erasmus-plus-1024x209.png 1024w, https:\/\/internacional.umh.es\/files\/2020\/11\/logo-erasmus-plus.png 1758w\" sizes=\"(max-width: 285px) 100vw, 285px\" \/><img loading=\"lazy\" class=\"wp-image-17766 alignnone\" title=\"El Programa Erasmus+ de la UE cofinan\u00e7a les seg\u00fcents convocat\u00f2ries Erasmus+ PAS per a la UMH\" src=\"https:\/\/internacional.umh.es\/files\/2021\/01\/logo-cofinanciado-ue.png\" alt=\"Logo Cofinan\u00e7at pel Programa Erasmus PAS Uni\u00f3 Europea\" width=\"285\" height=\"65\" srcset=\"https:\/\/internacional.umh.es\/files\/2021\/01\/logo-cofinanciado-ue.png 512w, https:\/\/internacional.umh.es\/files\/2021\/01\/logo-cofinanciado-ue-300x69.png 300w\" sizes=\"(max-width: 285px) 100vw, 285px\" \/><\/p>\n<hr>\n<h4>Enlla\u00e7os d&#8217;inter\u00e9s:<\/h4>\n<ul>\n<li><a title=\"Ho veur\u00e0s en una nova finestra\" href=\"https:\/\/internacional.umh.es\/files\/2021\/05\/Erasmus-Charter-for-Higher-Education.pdf\" target=\"_blank\" rel=\"noopener\">Carta Erasmus 2021-2027 (710Kb Angl\u00e9s .pdf)<\/a><\/li>\n<\/ul>\n<hr>\n<h4><strong>Convocat\u00f2ria 2023\/2024<\/strong><\/h4>\n<p style=\"text-align: justify\"><span style=\"color: #ff0000\"><strong>NOU (7\/11\/2023): <\/strong><\/span>El Vicerectorat d&#8217;Internacionalitzaci\u00f3 i Cooperaci\u00f3 de la Universitat Miguel Hern\u00e1ndez (UMH) d&#8217;Elx publica <a href=\"https:\/\/internacional.umh.es\/files\/2023\/11\/Publicado-Listado-provi-ayudas-concedidas-Erasmus-PAS-23-24.pdf\" target=\"_blank\" title=\"Ho veur\u00e0s en una nova finestra\" rel=\"noopener\">el llistat provisional d&#8217;ajudes concedides de la convocat\u00f2ria del programa ERASMUS+ (605Kb .pdf)<\/a> modalitat formaci\u00f3 (STT) per a Personal T\u00e8cnic, de Gesti\u00f3 i d&#8217;Administraci\u00f3 i Serveis del curs 2023\/2024.<\/p>\n<hr>\n<p style=\"text-align: justify\"><strong>(6\/11\/2023):<\/strong> El Vicerectorat d&#8217;Internacionalitzaci\u00f3 i Cooperaci\u00f3 de la Universitat Miguel Hern\u00e1ndez (UMH) d&#8217;Elx publica el <a href=\"https:\/\/internacional.umh.es\/files\/2023\/11\/Publicado-BOUMH.-Listado-definitiv.-Erasmus-PAS-23-24.pdf\">llistat definitiu de sol\u00b7licituds admeses i excloses a tr\u00e0mit (470Kb .pdf)<\/a> de la convocat\u00f2ria del programa ERASMUS+ modalitat formaci\u00f3 (STT) per a Personal d&#8217;Administraci\u00f3 i Serveis del curs 2023\/2024.<\/p>\n<hr>\n<p style=\"text-align: justify\"><strong>(11\/10\/23):<\/strong> El Vicerectorat d&#8217;Internacionalitzaci\u00f3 i Cooperaci\u00f3 de la Universitat Miguel Hern\u00e1ndez (UMH) d&#8217;Elx publica el <b>llistat provisional de sol\u00b7licituds admeses i excloses a tr\u00e0mit<\/b> de la convocat\u00f2ria del programa ERASMUS+ modalitat formaci\u00f3 (STT) per a Personal d&#8217;Administraci\u00f3 i Serveis del curs 2023\/2024.<\/p>\n<ul>\n<li><a title=\"Ho veur\u00e0s en una nova finestra\" href=\"https:\/\/internacional.umh.es\/files\/2023\/10\/Publicado-BOUMH.-listado-provis.-solicitds-Eras-PAS-23-24.pdf\" target=\"_blank\" rel=\"noopener\">Llistat provisional de sol\u00b7licituds admeses i excloses a tr\u00e0mit tal com consta en l&#8217;annex I (605Kb .pdf)<\/a><\/li>\n<\/ul>\n<p>Els interessats podran esmenar errors en la documentaci\u00f3 requerida <strong> del 13 al 26 d&#8217;octubre de 2023<\/strong><\/p>\n<p style=\"text-align: justify\">Les persones excloses provisionalment que hagueren realitzat la seua sol\u00b7licitud d&#8217;admissi\u00f3 en aquest procediment mitjan\u00e7ant la Seu Electr\u00f2nica, hauran d&#8217;esmenar els errors o formular les reclamacions a trav\u00e9s del propi expedient electr\u00f2nic que es troba en \u00abEls meus tr\u00e0mits\/ Els meus expedients\u00bb. Punxant en \u00abDetall\u00bb de l&#8217;expedient, opci\u00f3 \u00abEsmenar\/altres tr\u00e0mits\u00bb. La resta de persones excloses hauran d&#8217;esmenar per escrit a trav\u00e9s de les oficines de Registre de la UMH o mitjan\u00e7ant els llits establits en l&#8217;article 16 de la Llei 39\/2015, d&#8217;1 d&#8217;octubre, del Procediment Administratiu Com\u00fa de les Administracions P\u00fabliques.<\/p>\n<hr>\n<p style=\"text-align: justify\"><strong>(08\/09\/23):<\/strong> El <a href=\"https:\/\/vdo.relinter.umh.es\/\" rel=\"noopener\" target=\"_blank\" title=\"Ho veur\u00e0s en una nova finestra\">Vicerectorat d&#8217;Internacionalitzaci\u00f3 i Cooperaci\u00f3 de la Universitat Miguel Hern\u00e1ndez (UMH) d&#8217;Elx<\/a> convoca el <strong>Programa de Mobilitat ERASMUS+, modalitat formaci\u00f3 (STT) per a personal d&#8217;administraci\u00f3 i serveis (PAS)<\/strong> per al curs 2023-2024 . Les persones interessades a sol\u00b7licitar les ajudes poden fer-ho a trav\u00e9s de la Seu Electr\u00f2nica de la UMH (<a title=\"Ho veur\u00e0s en una nova finestra\" href=\"https:\/\/seu.umh.\u00e9s\/\" target=\"_blank\" rel=\"noopener\" data-saferedirecturl=\"https:\/\/www.google.com\/url?q=https:\/\/sede.umh.es\/&amp;source=gmail&amp;ust=1694242508731000&amp;usg=AOvVaw1w5Bapx0PJ3GBt20WPT1r8\"><strong>https:\/\/sede.umh.es)<\/strong><\/a>, en el Registre General o Auxiliars. Pots consultar el text complet de la convocat\u00f2ria a continuaci\u00f3:<\/p>\n<ul>\n<li><a title=\"Ho veur\u00e0s en una nova finestra\" href=\"https:\/\/internacional.umh.es\/files\/2023\/09\/Publicada-en-el-BOUMH_RR_02033_2023.pdf\" target=\"_blank\" rel=\"noopener\">Text complet de la convocat\u00f2ria (445Kb .pdf)<\/a><\/li>\n<li><a title=\"Ho veur\u00e0s en una nova finestra\" href=\"https:\/\/internacional.umh.es\/files\/2023\/09\/Publicado-Dogv.2023_9154.pdf\" target=\"_blank\" rel=\"noopener\">Extracte del DOGV (170Kb .pdf)<\/a><\/li>\n<\/ul>\n<p>El termini de presentaci\u00f3 de sol\u00b7licituds ser\u00e0 <strong>del 8 al 21 de setembre de 2023.<\/strong><\/p>\n<p>Les estades d&#8217;aquesta convocat\u00f2ria hauran de realitzar-se <strong>fins al 31 de juliol de 2024.<\/strong><\/p>\n<ul>\n<li><strong>Annex II: <a title=\"Ho veur\u00e0s en una nova finestra\" href=\"https:\/\/internacional.umh.es\/files\/2023\/09\/Anexo-II.-Solicitud-para-Formacion-STT-PAS2.docx\" target=\"_blank\" rel=\"noopener\">Model de sol\u00b7licitud per a formaci\u00f3 (42Kb .docx)<\/a><\/strong><\/li>\n<li><strong>Annex III: <a title=\"Ho veur\u00e0s en una nova finestra\" href=\"https:\/\/internacional.umh.es\/files\/2023\/09\/ANEXO-III.-Paises-Elegibles.pdf\" target=\"_blank\" rel=\"noopener\">Llistat de pa\u00efsos participants (166Kb .pdf)<\/a><\/strong><\/li>\n<li><strong>Annex IV: <a title=\"Ho veur\u00e0s en una nova finestra\" href=\"https:\/\/internacional.umh.es\/files\/2023\/09\/3.b-HE-Mobility-agreement-for-training-2022_EN.docx\" target=\"_blank\" rel=\"noopener\">Staff Mobility for Training (71Kb .docx)<\/a><\/strong><\/li>\n<\/ul>\n<p>&nbsp;<br \/>\nLa documentaci\u00f3 a aportar ser\u00e0 la seg\u00fcent:<\/p>\n<ol>\n<li>Sol\u00b7licitud emplenada i signada<\/li>\n<li>Documents <strong>acreditatius<\/strong> dels m\u00e8rits al\u00b7legats.<\/li>\n<li><strong>Carta d&#8217;invitaci\u00f3<\/strong> de la instituci\u00f3 de dest\u00ed. Es podr\u00e0 aportar qualsevol document, tant en suport f\u00edsic com electr\u00f2nic, sempre que vengen subscrits per la persona autoritzada i <strong>es fa\u00e7a expressa refer\u00e8ncia al sol\u00b7licitant i a l&#8217;activitat docent o formaci\u00f3 proposada<\/strong><\/li>\n<li><strong>Acord de<\/strong> <strong>Mobilitat de l&#8217;Annex IV<\/strong>, emplenat i signat pel sol\u00b7licitant (no es requereix la signatura de l&#8217;organitzaci\u00f3 de dest\u00ed en el moment de presentar la sol\u00b7licitud)<\/li>\n<\/ol>\n<p><strong>Passos a seguir per a presentar la sol\u00b7licitud a trav\u00e9s de la Seu Electr\u00f2nica:<\/strong><\/p>\n<ol>\n<li style=\"list-style-type: none\">\n<ol>\n<li>Clicar a \u201c<strong>Tramitar<\/strong>\u201d.<\/li>\n<li>Introduir <strong>usuari<\/strong> i <strong>contrasenya<\/strong> de personal UMH.<\/li>\n<li>Emplenar les <strong>dades personals<\/strong> en cas de faltar alguna dada.<\/li>\n<li>Quan es carregue la \u00abInst\u00e0ncia general\u00bb, en l&#8217;apartat \u201cSol\u00b7licitud\u201d triar:<\/li>\n<\/ol>\n<\/li>\n<\/ol>\n<p>\u2013 En el camp <strong>\u201cDirigit a\u201d: el Servei de Relacions Internacionals, Cooperaci\u00f3 al Desenvolupament i Voluntariat.<\/strong><br \/>\n\u2013 En el camp \u201cExposa-Sol\u00b7licita\u201d: indicar Presente sol\u00b7licitud per a participar en la convocat\u00f2ria del Programa de Mobilitat Erasmus+ modalitat\u2026(indicar la modalitat que s&#8217;est\u00e0 sol\u00b7licitant)\u201d.<\/p>\n<ol>\n<li>Adjuntar documentaci\u00f3 requerida.<\/li>\n<li>Clicar a \u201c<strong>Presentar en Registre\u201d.<\/strong><\/li>\n<\/ol>\n<hr>\n<h4><strong>Convocat\u00f2ries anteriors<\/strong><\/h4>\n<ul>\n<li><strong><a href=\"https:\/\/internacional.umh.es\/erasmus-pas-2022-2023\/\">ERASMUS PAS 2022\/2023<\/a><\/strong><\/li>\n<li><a href=\"https:\/\/internacional.umh.es\/erasmus-pas-2021-2022\/\"><span style=\"text-decoration: underline\"><strong>ERASMUS PAS 2021\/2022<\/strong><\/span><\/a><\/li>\n<li><strong><a title=\"Accedeix ara a la convocat\u00f2ria Erasmus+ PAS 2020-21\" href=\"https:\/\/internacional.umh.es\/ca\/movilidad\/pas\/erasmus\/erasmus-pas-2020-2021\/\">ERASMUS PAS 2020\/2021<\/a><\/strong><\/li>\n<li><strong><a title=\"Accedeix ara a la convocat\u00f2ria Erasmus+ PAS 2019-20\" href=\"https:\/\/internacional.umh.es\/ca\/erasmus-*pas-2019-2020\/\">ERASMUS PAS 2019\/2020<\/a><\/strong><\/li>\n<li><strong><a title=\"Accedeix ara a la convocat\u00f2ria Erasmus+ PAS 2018-19\" href=\"https:\/\/internacional.umh.es\/ca\/erasmus-pas-2018-2019\/\">ERASMUS PAS 2018\/2019<\/a><\/strong><\/li>\n<li><strong><a title=\"Accedeix ara a la convocat\u00f2ria Erasmus+ PAS 2017-18\" href=\"https:\/\/internacional.umh.es\/ca\/erasmus-pas-2017-2018\/\">ERASMUS PAS 2017\/2018<\/a><\/strong><\/li>\n<\/ul>\n<p>&nbsp;<\/p>","protected":false},"excerpt":{"rendered":"<p>Enlla\u00e7os d&#8217;inter\u00e9s:<\/p>\n<p>Carta Erasmus 2021-2027 (710Kb Angl\u00e9s .pdf)<\/p>\n<p>Convocat\u00f2ria 2023\/2024<br \/>\nNOU (7\/11\/2023): El Vicerectorat d&#8217;Internacionalitzaci\u00f3 i Cooperaci\u00f3 de la Universitat Miguel Hern\u00e1ndez (UMH) d&#8217;Elx publica el llistat provisional d&#8217;ajudes concedides de la convocat\u00f2ria del programa ERASMUS+ (605Kb .pdf) modalitat formaci\u00f3 (STT) per a Personal T\u00e8cnic, de Gesti\u00f3 i d&#8217;Administraci\u00f3 i Serveis del curs 2023\/2024.<\/p>\n<p>(6\/11\/2023): El Vicerectorat d&#8217;Internacionalitzaci\u00f3 i [&#8230;]<\/p>\n","protected":false},"author":30,"featured_media":0,"parent":171,"menu_order":1,"comment_status":"closed","ping_status":"closed","template":"","meta":{"ngg_post_thumbnail":0,"_links_to":"","_links_to_target":""},"yoast_head":"<!-- This site is optimized with the Yoast SEO plugin v17.5 - https:\/\/yoast.com\/wordpress\/plugins\/seo\/ -->\n<meta name=\"description\" content=\"El Vicerrectorado de RR.II. de la UMH publica las convocatorias del Programa de Movilidad ERASMUS+ para PAS formaci\u00f3n (STT) curso 2022-2023\" \/>\n<meta name=\"robots\" content=\"index, follow, max-snippet:-1, max-image-preview:large, max-video-preview:-1\" \/>\n<link rel=\"canonical\" href=\"https:\/\/internacional.umh.es\/ca\/movilidad\/pas\/erasmus\/\" \/>\n<meta property=\"og:locale\" content=\"ca_ES\" \/>\n<meta property=\"og:type\" content=\"article\" \/>\n<meta property=\"og:title\" content=\"ERASMUS PAS \u2013 Estades formatives - Internacionalitzaci\u00f3 i Cooperaci\u00f3\" \/>\n<meta property=\"og:description\" content=\"El Vicerrectorado de RR.II. de la UMH publica las convocatorias del Programa de Movilidad ERASMUS+ para PAS formaci\u00f3n (STT) curso 2022-2023\" \/>\n<meta property=\"og:url\" content=\"https:\/\/internacional.umh.es\/movilidad\/pas\/erasmus\/\" \/>\n<meta property=\"og:site_name\" content=\"Internacionalitzaci\u00f3 i Cooperaci\u00f3\" \/>\n<meta property=\"article:modified_time\" content=\"2026-04-01T09:19:25+00:00\" \/>\n<meta property=\"og:image\" content=\"https:\/\/internacional.umh.es\/files\/2021\/01\/logo-cofinanciado-ue.png\" \/>\n<meta name=\"twitter:card\" content=\"summary_large_image\" \/>\n<meta name=\"twitter:label1\" content=\"Est. reading time\" \/>\n\t<meta name=\"twitter:data1\" content=\"5 minuts\" \/>\n<script type=\"application\/ld+json\" class=\"yoast-schema-graph\">{\"@context\":\"https:\/\/schema.org\",\"@graph\":[{\"@type\":\"WebSite\",\"@id\":\"https:\/\/internacional.umh.es\/en\/#website\",\"url\":\"https:\/\/internacional.umh.es\/en\/\",\"name\":\"Internacionalitzaci\\u00f3 i Cooperaci\\u00f3\",\"description\":\"Universitat Miguel Hern\\u00e1ndez d&#039;Elx\",\"potentialAction\":[{\"@type\":\"SearchAction\",\"target\":{\"@type\":\"EntryPoint\",\"urlTemplate\":\"https:\/\/internacional.umh.es\/en\/?s={search_term_string}\"},\"query-input\":\"required name=search_term_string\"}],\"inLanguage\":\"ca\"},{\"@type\":\"ImageObject\",\"@id\":\"https:\/\/internacional.umh.es\/movilidad\/pas\/erasmus\/#primaryimage\",\"inLanguage\":\"ca\",\"url\":\"https:\/\/internacional.umh.es\/files\/2021\/01\/logo-cofinanciado-ue.png\",\"contentUrl\":\"https:\/\/internacional.umh.es\/files\/2021\/01\/logo-cofinanciado-ue.png\",\"width\":512,\"height\":117,\"caption\":\"Cofinanciado por el programa Erasmus+ de la Uni\\u00f3n Europea programa bot\\u00f3n\"},{\"@type\":\"WebPage\",\"@id\":\"https:\/\/internacional.umh.es\/movilidad\/pas\/erasmus\/#webpage\",\"url\":\"https:\/\/internacional.umh.es\/movilidad\/pas\/erasmus\/\",\"name\":\"ERASMUS PAS \\u2013 Estades formatives - Internacionalitzaci\\u00f3 i Cooperaci\\u00f3\",\"isPartOf\":{\"@id\":\"https:\/\/internacional.umh.es\/en\/#website\"},\"primaryImageOfPage\":{\"@id\":\"https:\/\/internacional.umh.es\/movilidad\/pas\/erasmus\/#primaryimage\"},\"datePublished\":\"2011-11-10T12:21:54+00:00\",\"dateModified\":\"2026-04-01T09:19:25+00:00\",\"description\":\"El Vicerrectorado de RR.II. de la UMH publica las convocatorias del Programa de Movilidad ERASMUS+ para PAS formaci\\u00f3n (STT) curso 2022-2023\",\"breadcrumb\":{\"@id\":\"https:\/\/internacional.umh.es\/movilidad\/pas\/erasmus\/#breadcrumb\"},\"inLanguage\":\"ca\",\"potentialAction\":[{\"@type\":\"ReadAction\",\"target\":[\"https:\/\/internacional.umh.es\/movilidad\/pas\/erasmus\/\"]}]},{\"@type\":\"BreadcrumbList\",\"@id\":\"https:\/\/internacional.umh.es\/movilidad\/pas\/erasmus\/#breadcrumb\",\"itemListElement\":[{\"@type\":\"ListItem\",\"position\":1,\"name\":\"Home\",\"item\":\"https:\/\/internacional.umh.es\/en\/\"},{\"@type\":\"ListItem\",\"position\":2,\"name\":\"MOBILITY\",\"item\":\"https:\/\/internacional.umh.es\/en\/movilidad\/\"},{\"@type\":\"ListItem\",\"position\":3,\"name\":\"PTGAS\",\"item\":\"https:\/\/internacional.umh.es\/movilidad\/pas\/\"},{\"@type\":\"ListItem\",\"position\":4,\"name\":\"ERASMUS PTGAS &#8211; Estancias formativas\"}]}]}<\/script>\n<!-- \/ Yoast SEO plugin. -->","yoast_head_json":{"description":"El Vicerrectorado de RR.II. de la UMH publica las convocatorias del Programa de Movilidad ERASMUS+ para PAS formaci\u00f3n (STT) curso 2022-2023","robots":{"index":"index","follow":"follow","max-snippet":"max-snippet:-1","max-image-preview":"max-image-preview:large","max-video-preview":"max-video-preview:-1"},"canonical":"https:\/\/internacional.umh.es\/ca\/movilidad\/pas\/erasmus\/","og_locale":"ca_ES","og_type":"article","og_title":"ERASMUS PAS \u2013 Estades formatives - Internacionalitzaci\u00f3 i Cooperaci\u00f3","og_description":"El Vicerrectorado de RR.II. de la UMH publica las convocatorias del Programa de Movilidad ERASMUS+ para PAS formaci\u00f3n (STT) curso 2022-2023","og_url":"https:\/\/internacional.umh.es\/movilidad\/pas\/erasmus\/","og_site_name":"Internacionalitzaci\u00f3 i Cooperaci\u00f3","article_modified_time":"2026-04-01T09:19:25+00:00","og_image":[{"url":"https:\/\/internacional.umh.es\/files\/2021\/01\/logo-cofinanciado-ue.png"}],"twitter_card":"summary_large_image","twitter_misc":{"Est. reading time":"5 minuts"},"schema":{"@context":"https:\/\/schema.org","@graph":[{"@type":"WebSite","@id":"https:\/\/internacional.umh.es\/en\/#website","url":"https:\/\/internacional.umh.es\/en\/","name":"Internacionalitzaci\u00f3 i Cooperaci\u00f3","description":"Universitat Miguel Hern\u00e1ndez d&#039;Elx","potentialAction":[{"@type":"SearchAction","target":{"@type":"EntryPoint","urlTemplate":"https:\/\/internacional.umh.es\/en\/?s={search_term_string}"},"query-input":"required name=search_term_string"}],"inLanguage":"ca"},{"@type":"ImageObject","@id":"https:\/\/internacional.umh.es\/movilidad\/pas\/erasmus\/#primaryimage","inLanguage":"ca","url":"https:\/\/internacional.umh.es\/files\/2021\/01\/logo-cofinanciado-ue.png","contentUrl":"https:\/\/internacional.umh.es\/files\/2021\/01\/logo-cofinanciado-ue.png","width":512,"height":117,"caption":"Cofinanciado por el programa Erasmus+ de la Uni\u00f3n Europea programa bot\u00f3n"},{"@type":"WebPage","@id":"https:\/\/internacional.umh.es\/movilidad\/pas\/erasmus\/#webpage","url":"https:\/\/internacional.umh.es\/movilidad\/pas\/erasmus\/","name":"ERASMUS PAS \u2013 Estades formatives - Internacionalitzaci\u00f3 i Cooperaci\u00f3","isPartOf":{"@id":"https:\/\/internacional.umh.es\/en\/#website"},"primaryImageOfPage":{"@id":"https:\/\/internacional.umh.es\/movilidad\/pas\/erasmus\/#primaryimage"},"datePublished":"2011-11-10T12:21:54+00:00","dateModified":"2026-04-01T09:19:25+00:00","description":"El Vicerrectorado de RR.II. de la UMH publica las convocatorias del Programa de Movilidad ERASMUS+ para PAS formaci\u00f3n (STT) curso 2022-2023","breadcrumb":{"@id":"https:\/\/internacional.umh.es\/movilidad\/pas\/erasmus\/#breadcrumb"},"inLanguage":"ca","potentialAction":[{"@type":"ReadAction","target":["https:\/\/internacional.umh.es\/movilidad\/pas\/erasmus\/"]}]},{"@type":"BreadcrumbList","@id":"https:\/\/internacional.umh.es\/movilidad\/pas\/erasmus\/#breadcrumb","itemListElement":[{"@type":"ListItem","position":1,"name":"Home","item":"https:\/\/internacional.umh.es\/en\/"},{"@type":"ListItem","position":2,"name":"MOBILITY","item":"https:\/\/internacional.umh.es\/en\/movilidad\/"},{"@type":"ListItem","position":3,"name":"PTGAS","item":"https:\/\/internacional.umh.es\/movilidad\/pas\/"},{"@type":"ListItem","position":4,"name":"ERASMUS PTGAS &#8211; Estancias formativas"}]}]}},"_links":{"self":[{"href":"https:\/\/internacional.umh.es\/ca\/wp-json\/wp\/v2\/pages\/268"}],"collection":[{"href":"https:\/\/internacional.umh.es\/ca\/wp-json\/wp\/v2\/pages"}],"about":[{"href":"https:\/\/internacional.umh.es\/ca\/wp-json\/wp\/v2\/types\/page"}],"author":[{"embeddable":true,"href":"https:\/\/internacional.umh.es\/ca\/wp-json\/wp\/v2\/users\/30"}],"replies":[{"embeddable":true,"href":"https:\/\/internacional.umh.es\/ca\/wp-json\/wp\/v2\/comments?post=268"}],"version-history":[{"count":0,"href":"https:\/\/internacional.umh.es\/ca\/wp-json\/wp\/v2\/pages\/268\/revisions"}],"up":[{"embeddable":true,"href":"https:\/\/internacional.umh.es\/ca\/wp-json\/wp\/v2\/pages\/171"}],"wp:attachment":[{"href":"https:\/\/internacional.umh.es\/ca\/wp-json\/wp\/v2\/media?parent=268"}],"curies":[{"name":"wp","href":"https:\/\/api.w.org\/{rel}","templated":true}]}}